{"id":34489,"date":"2021-02-24T12:27:02","date_gmt":"2021-02-24T12:27:02","guid":{"rendered":"https:\/\/inti.hr\/product\/zidna-polica-u-kompletu-2-vintage\/"},"modified":"2021-02-24T12:27:02","modified_gmt":"2021-02-24T12:27:02","slug":"zidna-polica-u-kompletu-2-vintage","status":"publish","type":"product","link":"https:\/\/inti.hr\/bs\/proizvod\/zidna-polica-u-kompletu-2-vintage\/","title":{"rendered":"Zidna polica u kompletu 2 vintage"},"content":{"rendered":"<p>Opis proizvoda:<\/p>\n<p>2 metalna nosa\u010da osiguravaju stabilno i sigurno dr\u017eanje; pobolj\u0161ani tiple i vijci za ve\u0107u sigurnost i dugi vijek trajanja; svaka polica mo\u017ee se utovariti do 15 kg.<\/p>\n<p>Zahvaljuju\u0107i jednostavnom dizajnu, zidna\u00a0 polica stane u svaku sobu. Ove dvije zidne police mogu se slobodno kombinirati na zidu, sjajna DIY ideja za va\u0161 dom.<\/p>\n<p>Detalji o proizvodu:<br \/>\n&#8211; Boja: vintage sme\u0111a, crna<br \/>\n&#8211; Materijal: \u017eeljezni nosa\u010d, MDF plo\u010de.<br \/>\n&#8211; Dimenzije: 60 x 32 x 20 cm (\u0160 x V x D).<br \/>\n&#8211; Te\u017eina: 4 kg.<br \/>\n&#8211; Maksimalna nosivost po polici: 15 kg.<\/p>\n","protected":false},"excerpt":{"rendered":"<p>Pomo\u0107u ovih zidnih polica svoj prazni zid mo\u017eete pretvoriti u fantasti\u010dno &#8230; <\/p>\n","protected":false},"featured_media":34490,"template":"","meta":[],"product_cat":[2436],"product_tag":[4212,3945,4213],"yoast_head":"<!-- This site is optimized with the Yoast SEO plugin v23.7 - https:\/\/yoast.com\/wordpress\/plugins\/seo\/ -->\n<title>Zidna polica u kompletu 2 vintage - Inti<\/title>\n<meta name=\"robots\" content=\"index, follow, max-snippet:-1, max-image-preview:large, max-video-preview:-1\" \/>\n<link rel=\"canonical\" href=\"https:\/\/inti.hr\/bs\/proizvod\/zidna-polica-u-kompletu-2-vintage\/\" \/>\n<meta property=\"og:locale\" content=\"bs_BA\" \/>\n<meta property=\"og:type\" content=\"article\" \/>\n<meta property=\"og:title\" content=\"Zidna polica u kompletu 2 vintage - Inti\" \/>\n<meta property=\"og:description\" content=\"Pomo\u0107u ovih zidnih polica svoj prazni zid mo\u017eete pretvoriti u fantasti\u010dno ...\" \/>\n<meta property=\"og:url\" content=\"https:\/\/inti.hr\/bs\/proizvod\/zidna-polica-u-kompletu-2-vintage\/\" \/>\n<meta property=\"og:site_name\" content=\"Inti\" \/>\n<meta property=\"og:image\" content=\"https:\/\/i0.wp.com\/inti.hr\/wp-content\/uploads\/2021\/02\/71YhZfSIiIL._AC_SL1500_.jpg?fit=1500%2C1500&ssl=1\" \/>\n\t<meta property=\"og:image:width\" content=\"1500\" \/>\n\t<meta property=\"og:image:height\" content=\"1500\" \/>\n\t<meta property=\"og:image:type\" content=\"image\/jpeg\" \/>\n<meta name=\"twitter:card\" content=\"summary_large_image\" \/>\n<script type=\"application\/ld+json\" class=\"yoast-schema-graph\">{\"@context\":\"https:\/\/schema.org\",\"@graph\":[{\"@type\":\"WebPage\",\"@id\":\"https:\/\/inti.hr\/bs\/proizvod\/zidna-polica-u-kompletu-2-vintage\/\",\"url\":\"https:\/\/inti.hr\/bs\/proizvod\/zidna-polica-u-kompletu-2-vintage\/\",\"name\":\"Zidna polica u kompletu 2 vintage - Inti\",\"isPartOf\":{\"@id\":\"https:\/\/inti.hr\/bs\/#website\"},\"primaryImageOfPage\":{\"@id\":\"https:\/\/inti.hr\/bs\/proizvod\/zidna-polica-u-kompletu-2-vintage\/#primaryimage\"},\"image\":{\"@id\":\"https:\/\/inti.hr\/bs\/proizvod\/zidna-polica-u-kompletu-2-vintage\/#primaryimage\"},\"thumbnailUrl\":\"https:\/\/i0.wp.com\/inti.hr\/wp-content\/uploads\/2021\/02\/71YhZfSIiIL._AC_SL1500_.jpg?fit=1500%2C1500&ssl=1\",\"datePublished\":\"2021-02-24T12:27:02+00:00\",\"dateModified\":\"2021-02-24T12:27:02+00:00\",\"breadcrumb\":{\"@id\":\"https:\/\/inti.hr\/bs\/proizvod\/zidna-polica-u-kompletu-2-vintage\/#breadcrumb\"},\"inLanguage\":\"bs-BA\",\"potentialAction\":[{\"@type\":\"ReadAction\",\"target\":[\"https:\/\/inti.hr\/bs\/proizvod\/zidna-polica-u-kompletu-2-vintage\/\"]}]},{\"@type\":\"ImageObject\",\"inLanguage\":\"bs-BA\",\"@id\":\"https:\/\/inti.hr\/bs\/proizvod\/zidna-polica-u-kompletu-2-vintage\/#primaryimage\",\"url\":\"https:\/\/i0.wp.com\/inti.hr\/wp-content\/uploads\/2021\/02\/71YhZfSIiIL._AC_SL1500_.jpg?fit=1500%2C1500&ssl=1\",\"contentUrl\":\"https:\/\/i0.wp.com\/inti.hr\/wp-content\/uploads\/2021\/02\/71YhZfSIiIL._AC_SL1500_.jpg?fit=1500%2C1500&ssl=1\",\"width\":1500,\"height\":1500},{\"@type\":\"BreadcrumbList\",\"@id\":\"https:\/\/inti.hr\/bs\/proizvod\/zidna-polica-u-kompletu-2-vintage\/#breadcrumb\",\"itemListElement\":[{\"@type\":\"ListItem\",\"position\":1,\"name\":\"Po\u010detna stranica\",\"item\":\"https:\/\/inti.hr\/bs\/\"},{\"@type\":\"ListItem\",\"position\":2,\"name\":\"Trgovina\",\"item\":\"https:\/\/inti.hr\/bs\/trgovina\/\"},{\"@type\":\"ListItem\",\"position\":3,\"name\":\"Zidna polica u kompletu 2 vintage\"}]},{\"@type\":\"WebSite\",\"@id\":\"https:\/\/inti.hr\/bs\/#website\",\"url\":\"https:\/\/inti.hr\/bs\/\",\"name\":\"Inti\",\"description\":\"trgovina\",\"potentialAction\":[{\"@type\":\"SearchAction\",\"target\":{\"@type\":\"EntryPoint\",\"urlTemplate\":\"https:\/\/inti.hr\/bs\/?s={search_term_string}\"},\"query-input\":{\"@type\":\"PropertyValueSpecification\",\"valueRequired\":true,\"valueName\":\"search_term_string\"}}],\"inLanguage\":\"bs-BA\"}]}<\/script>\n<!-- \/ Yoast SEO plugin. -->","yoast_head_json":{"title":"Zidna polica u kompletu 2 vintage - Inti","robots":{"index":"index","follow":"follow","max-snippet":"max-snippet:-1","max-image-preview":"max-image-preview:large","max-video-preview":"max-video-preview:-1"},"canonical":"https:\/\/inti.hr\/bs\/proizvod\/zidna-polica-u-kompletu-2-vintage\/","og_locale":"bs_BA","og_type":"article","og_title":"Zidna polica u kompletu 2 vintage - Inti","og_description":"Pomo\u0107u ovih zidnih polica svoj prazni zid mo\u017eete pretvoriti u fantasti\u010dno ...","og_url":"https:\/\/inti.hr\/bs\/proizvod\/zidna-polica-u-kompletu-2-vintage\/","og_site_name":"Inti","og_image":[{"width":1500,"height":1500,"url":"https:\/\/i0.wp.com\/inti.hr\/wp-content\/uploads\/2021\/02\/71YhZfSIiIL._AC_SL1500_.jpg?fit=1500%2C1500&ssl=1","type":"image\/jpeg"}],"twitter_card":"summary_large_image","schema":{"@context":"https:\/\/schema.org","@graph":[{"@type":"WebPage","@id":"https:\/\/inti.hr\/bs\/proizvod\/zidna-polica-u-kompletu-2-vintage\/","url":"https:\/\/inti.hr\/bs\/proizvod\/zidna-polica-u-kompletu-2-vintage\/","name":"Zidna polica u kompletu 2 vintage - Inti","isPartOf":{"@id":"https:\/\/inti.hr\/bs\/#website"},"primaryImageOfPage":{"@id":"https:\/\/inti.hr\/bs\/proizvod\/zidna-polica-u-kompletu-2-vintage\/#primaryimage"},"image":{"@id":"https:\/\/inti.hr\/bs\/proizvod\/zidna-polica-u-kompletu-2-vintage\/#primaryimage"},"thumbnailUrl":"https:\/\/i0.wp.com\/inti.hr\/wp-content\/uploads\/2021\/02\/71YhZfSIiIL._AC_SL1500_.jpg?fit=1500%2C1500&ssl=1","datePublished":"2021-02-24T12:27:02+00:00","dateModified":"2021-02-24T12:27:02+00:00","breadcrumb":{"@id":"https:\/\/inti.hr\/bs\/proizvod\/zidna-polica-u-kompletu-2-vintage\/#breadcrumb"},"inLanguage":"bs-BA","potentialAction":[{"@type":"ReadAction","target":["https:\/\/inti.hr\/bs\/proizvod\/zidna-polica-u-kompletu-2-vintage\/"]}]},{"@type":"ImageObject","inLanguage":"bs-BA","@id":"https:\/\/inti.hr\/bs\/proizvod\/zidna-polica-u-kompletu-2-vintage\/#primaryimage","url":"https:\/\/i0.wp.com\/inti.hr\/wp-content\/uploads\/2021\/02\/71YhZfSIiIL._AC_SL1500_.jpg?fit=1500%2C1500&ssl=1","contentUrl":"https:\/\/i0.wp.com\/inti.hr\/wp-content\/uploads\/2021\/02\/71YhZfSIiIL._AC_SL1500_.jpg?fit=1500%2C1500&ssl=1","width":1500,"height":1500},{"@type":"BreadcrumbList","@id":"https:\/\/inti.hr\/bs\/proizvod\/zidna-polica-u-kompletu-2-vintage\/#breadcrumb","itemListElement":[{"@type":"ListItem","position":1,"name":"Po\u010detna stranica","item":"https:\/\/inti.hr\/bs\/"},{"@type":"ListItem","position":2,"name":"Trgovina","item":"https:\/\/inti.hr\/bs\/trgovina\/"},{"@type":"ListItem","position":3,"name":"Zidna polica u kompletu 2 vintage"}]},{"@type":"WebSite","@id":"https:\/\/inti.hr\/bs\/#website","url":"https:\/\/inti.hr\/bs\/","name":"Inti","description":"trgovina","potentialAction":[{"@type":"SearchAction","target":{"@type":"EntryPoint","urlTemplate":"https:\/\/inti.hr\/bs\/?s={search_term_string}"},"query-input":{"@type":"PropertyValueSpecification","valueRequired":true,"valueName":"search_term_string"}}],"inLanguage":"bs-BA"}]}},"jetpack_sharing_enabled":true,"jetpack-related-posts":[],"_links":{"self":[{"href":"https:\/\/inti.hr\/bs\/wp-json\/wp\/v2\/product\/34489"}],"collection":[{"href":"https:\/\/inti.hr\/bs\/wp-json\/wp\/v2\/product"}],"about":[{"href":"https:\/\/inti.hr\/bs\/wp-json\/wp\/v2\/types\/product"}],"wp:featuredmedia":[{"embeddable":true,"href":"https:\/\/inti.hr\/bs\/wp-json\/wp\/v2\/media\/34490"}],"wp:attachment":[{"href":"https:\/\/inti.hr\/bs\/wp-json\/wp\/v2\/media?parent=34489"}],"wp:term":[{"taxonomy":"product_cat","embeddable":true,"href":"https:\/\/inti.hr\/bs\/wp-json\/wp\/v2\/product_cat?post=34489"},{"taxonomy":"product_tag","embeddable":true,"href":"https:\/\/inti.hr\/bs\/wp-json\/wp\/v2\/product_tag?post=34489"}],"curies":[{"name":"wp","href":"https:\/\/api.w.org\/{rel}","templated":true}]}}