{"id":34531,"date":"2021-02-14T13:46:31","date_gmt":"2021-02-14T13:46:31","guid":{"rendered":"https:\/\/inti.hr\/product\/ograda-za-pse-s-8-ploca-od-celika\/"},"modified":"2021-02-14T13:46:31","modified_gmt":"2021-02-14T13:46:31","slug":"ograda-za-pse-s-8-ploca-od-celika","status":"publish","type":"product","link":"https:\/\/inti.hr\/bs\/proizvod\/ograda-za-pse-s-8-ploca-od-celika\/","title":{"rendered":"Ograda za pse s 8 plo\u010da od \u010delika"},"content":{"rendered":"<p>Sastoji od 8 mre\u017eastih zidova, u razli\u010ditim oblicima po potrebi. Ovo pse\u0107e igrali\u0161te nudi dovoljno prostora za postavljanje igra\u010daka i pse\u0107ih jastuka, pa je stoga jako zabavno za va\u0161eg psa. Zahvaljuju\u0107i prakti\u010dnom dizajnu, mo\u017ee se brzo i bez alata montirati i rastaviti. Tako\u0111er se mo\u017ee preklopiti radi u\u0161tede prostora.<\/p>\n<p>Savjeti:<br \/>\nProizvod nije ure\u0111aj za igru, ne dopustite djeci da se igraju s njim.<br \/>\nProizvod koristite samo na ravnoj povr\u0161ini.<br \/>\nPrije kupnje pa\u017eljivo izmjerite veli\u010dinu, poprsje i struk va\u0161eg ljubimca.<\/p>\n<p>Detalji o proizvodu:<br \/>\n&#8211; Materijal: \u010delik<br \/>\n&#8211; Boja: siva ili crna (ovisno o dostupnosti)<br \/>\n&#8211; Dimenzije svakog mre\u017enog zida: 80 x 60 cm, 80 x 80 cm, 80 x 100 cm.<\/p>\n","protected":false},"excerpt":{"rendered":"<p>Na\u0161a univerzalna ograda idealna je za igranje, vje\u017ebanje, treniranje ili samo &#8230; <\/p>\n","protected":false},"featured_media":34533,"template":"","meta":[],"product_cat":[2400],"product_tag":[2644,4256],"yoast_head":"<!-- This site is optimized with the Yoast SEO plugin v23.7 - https:\/\/yoast.com\/wordpress\/plugins\/seo\/ -->\n<title>Ograda za pse s 8 plo\u010da od \u010delika - Inti<\/title>\n<meta name=\"description\" content=\"Na\u0161a univerzalna ograda idealna je za igranje, vje\u017ebanje, treniranje ili samo sigurno \u010duvanje va\u0161ih pasa. Bit \u0107e savr\u0161en raj za igru va\u0161im krznenim prijateljima! Ova ku\u0107ica za pse mo\u017ee se jednostavno postaviti ili rastaviti. Sastoji se od 8 izdr\u017eljivih plo\u010da, a svaka se plo\u010da mo\u017ee lako pri\u010dvrstiti na sljede\u0107u, \u0161to vam omogu\u0107uje postavljanje ograde u razli\u010ditim oblicima. Ograda za pse ima krilna vrata sa sigurnosnim zasunima za lak pristup. Ova izdr\u017eljiva ograda za pse otporna na vremenske uvjete, napravljena je od nehr\u0111aju\u0107eg \u010delika oblo\u017eenog prahom, \u0161to je \u010dini prikladnom za vanjsku i unutarnju upotrebu. Uklju\u010deni kolci za tlo poma\u017eu u\u010dvrstiti ogradu na otvorenom radi dodatne stabilnosti i sigurnosti.\" \/>\n<meta name=\"robots\" content=\"index, follow, max-snippet:-1, max-image-preview:large, max-video-preview:-1\" \/>\n<link rel=\"canonical\" href=\"https:\/\/inti.hr\/bs\/proizvod\/ograda-za-pse-s-8-ploca-od-celika\/\" \/>\n<meta property=\"og:locale\" content=\"bs_BA\" \/>\n<meta property=\"og:type\" content=\"article\" \/>\n<meta property=\"og:title\" content=\"Ograda za pse s 8 plo\u010da od \u010delika - Inti\" \/>\n<meta property=\"og:description\" content=\"Na\u0161a univerzalna ograda idealna je za igranje, vje\u017ebanje, treniranje ili samo sigurno \u010duvanje va\u0161ih pasa. Bit \u0107e savr\u0161en raj za igru va\u0161im krznenim prijateljima! Ova ku\u0107ica za pse mo\u017ee se jednostavno postaviti ili rastaviti. Sastoji se od 8 izdr\u017eljivih plo\u010da, a svaka se plo\u010da mo\u017ee lako pri\u010dvrstiti na sljede\u0107u, \u0161to vam omogu\u0107uje postavljanje ograde u razli\u010ditim oblicima. Ograda za pse ima krilna vrata sa sigurnosnim zasunima za lak pristup. Ova izdr\u017eljiva ograda za pse otporna na vremenske uvjete, napravljena je od nehr\u0111aju\u0107eg \u010delika oblo\u017eenog prahom, \u0161to je \u010dini prikladnom za vanjsku i unutarnju upotrebu. Uklju\u010deni kolci za tlo poma\u017eu u\u010dvrstiti ogradu na otvorenom radi dodatne stabilnosti i sigurnosti.\" \/>\n<meta property=\"og:url\" content=\"https:\/\/inti.hr\/bs\/proizvod\/ograda-za-pse-s-8-ploca-od-celika\/\" \/>\n<meta property=\"og:site_name\" content=\"Inti\" \/>\n<meta property=\"og:image\" content=\"https:\/\/i0.wp.com\/inti.hr\/wp-content\/uploads\/2021\/02\/91mrYeISGrL._AC_SL1500_.jpg?fit=1500%2C1500&ssl=1\" \/>\n\t<meta property=\"og:image:width\" content=\"1500\" \/>\n\t<meta property=\"og:image:height\" content=\"1500\" \/>\n\t<meta property=\"og:image:type\" content=\"image\/jpeg\" \/>\n<meta name=\"twitter:card\" content=\"summary_large_image\" \/>\n<meta name=\"twitter:label1\" content=\"Est. reading time\" \/>\n\t<meta name=\"twitter:data1\" content=\"1 minuta\" \/>\n<script type=\"application\/ld+json\" class=\"yoast-schema-graph\">{\"@context\":\"https:\/\/schema.org\",\"@graph\":[{\"@type\":\"WebPage\",\"@id\":\"https:\/\/inti.hr\/bs\/proizvod\/ograda-za-pse-s-8-ploca-od-celika\/\",\"url\":\"https:\/\/inti.hr\/bs\/proizvod\/ograda-za-pse-s-8-ploca-od-celika\/\",\"name\":\"Ograda za pse s 8 plo\u010da od \u010delika - Inti\",\"isPartOf\":{\"@id\":\"https:\/\/inti.hr\/bs\/#website\"},\"primaryImageOfPage\":{\"@id\":\"https:\/\/inti.hr\/bs\/proizvod\/ograda-za-pse-s-8-ploca-od-celika\/#primaryimage\"},\"image\":{\"@id\":\"https:\/\/inti.hr\/bs\/proizvod\/ograda-za-pse-s-8-ploca-od-celika\/#primaryimage\"},\"thumbnailUrl\":\"https:\/\/i0.wp.com\/inti.hr\/wp-content\/uploads\/2021\/02\/91mrYeISGrL._AC_SL1500_.jpg?fit=1500%2C1500&ssl=1\",\"datePublished\":\"2021-02-14T13:46:31+00:00\",\"dateModified\":\"2021-02-14T13:46:31+00:00\",\"description\":\"Na\u0161a univerzalna ograda idealna je za igranje, vje\u017ebanje, treniranje ili samo sigurno \u010duvanje va\u0161ih pasa. Bit \u0107e savr\u0161en raj za igru va\u0161im krznenim prijateljima! Ova ku\u0107ica za pse mo\u017ee se jednostavno postaviti ili rastaviti. Sastoji se od 8 izdr\u017eljivih plo\u010da, a svaka se plo\u010da mo\u017ee lako pri\u010dvrstiti na sljede\u0107u, \u0161to vam omogu\u0107uje postavljanje ograde u razli\u010ditim oblicima. Ograda za pse ima krilna vrata sa sigurnosnim zasunima za lak pristup. Ova izdr\u017eljiva ograda za pse otporna na vremenske uvjete, napravljena je od nehr\u0111aju\u0107eg \u010delika oblo\u017eenog prahom, \u0161to je \u010dini prikladnom za vanjsku i unutarnju upotrebu. Uklju\u010deni kolci za tlo poma\u017eu u\u010dvrstiti ogradu na otvorenom radi dodatne stabilnosti i sigurnosti.\",\"breadcrumb\":{\"@id\":\"https:\/\/inti.hr\/bs\/proizvod\/ograda-za-pse-s-8-ploca-od-celika\/#breadcrumb\"},\"inLanguage\":\"bs-BA\",\"potentialAction\":[{\"@type\":\"ReadAction\",\"target\":[\"https:\/\/inti.hr\/bs\/proizvod\/ograda-za-pse-s-8-ploca-od-celika\/\"]}]},{\"@type\":\"ImageObject\",\"inLanguage\":\"bs-BA\",\"@id\":\"https:\/\/inti.hr\/bs\/proizvod\/ograda-za-pse-s-8-ploca-od-celika\/#primaryimage\",\"url\":\"https:\/\/i0.wp.com\/inti.hr\/wp-content\/uploads\/2021\/02\/91mrYeISGrL._AC_SL1500_.jpg?fit=1500%2C1500&ssl=1\",\"contentUrl\":\"https:\/\/i0.wp.com\/inti.hr\/wp-content\/uploads\/2021\/02\/91mrYeISGrL._AC_SL1500_.jpg?fit=1500%2C1500&ssl=1\",\"width\":1500,\"height\":1500},{\"@type\":\"BreadcrumbList\",\"@id\":\"https:\/\/inti.hr\/bs\/proizvod\/ograda-za-pse-s-8-ploca-od-celika\/#breadcrumb\",\"itemListElement\":[{\"@type\":\"ListItem\",\"position\":1,\"name\":\"Po\u010detna stranica\",\"item\":\"https:\/\/inti.hr\/bs\/\"},{\"@type\":\"ListItem\",\"position\":2,\"name\":\"Trgovina\",\"item\":\"https:\/\/inti.hr\/bs\/trgovina\/\"},{\"@type\":\"ListItem\",\"position\":3,\"name\":\"Ograda za pse s 8 plo\u010da od \u010delika\"}]},{\"@type\":\"WebSite\",\"@id\":\"https:\/\/inti.hr\/bs\/#website\",\"url\":\"https:\/\/inti.hr\/bs\/\",\"name\":\"Inti\",\"description\":\"trgovina\",\"potentialAction\":[{\"@type\":\"SearchAction\",\"target\":{\"@type\":\"EntryPoint\",\"urlTemplate\":\"https:\/\/inti.hr\/bs\/?s={search_term_string}\"},\"query-input\":{\"@type\":\"PropertyValueSpecification\",\"valueRequired\":true,\"valueName\":\"search_term_string\"}}],\"inLanguage\":\"bs-BA\"}]}<\/script>\n<!-- \/ Yoast SEO plugin. -->","yoast_head_json":{"title":"Ograda za pse s 8 plo\u010da od \u010delika - Inti","description":"Na\u0161a univerzalna ograda idealna je za igranje, vje\u017ebanje, treniranje ili samo sigurno \u010duvanje va\u0161ih pasa. Bit \u0107e savr\u0161en raj za igru va\u0161im krznenim prijateljima! Ova ku\u0107ica za pse mo\u017ee se jednostavno postaviti ili rastaviti. Sastoji se od 8 izdr\u017eljivih plo\u010da, a svaka se plo\u010da mo\u017ee lako pri\u010dvrstiti na sljede\u0107u, \u0161to vam omogu\u0107uje postavljanje ograde u razli\u010ditim oblicima. Ograda za pse ima krilna vrata sa sigurnosnim zasunima za lak pristup. Ova izdr\u017eljiva ograda za pse otporna na vremenske uvjete, napravljena je od nehr\u0111aju\u0107eg \u010delika oblo\u017eenog prahom, \u0161to je \u010dini prikladnom za vanjsku i unutarnju upotrebu. Uklju\u010deni kolci za tlo poma\u017eu u\u010dvrstiti ogradu na otvorenom radi dodatne stabilnosti i sigurnosti.","robots":{"index":"index","follow":"follow","max-snippet":"max-snippet:-1","max-image-preview":"max-image-preview:large","max-video-preview":"max-video-preview:-1"},"canonical":"https:\/\/inti.hr\/bs\/proizvod\/ograda-za-pse-s-8-ploca-od-celika\/","og_locale":"bs_BA","og_type":"article","og_title":"Ograda za pse s 8 plo\u010da od \u010delika - Inti","og_description":"Na\u0161a univerzalna ograda idealna je za igranje, vje\u017ebanje, treniranje ili samo sigurno \u010duvanje va\u0161ih pasa. Bit \u0107e savr\u0161en raj za igru va\u0161im krznenim prijateljima! Ova ku\u0107ica za pse mo\u017ee se jednostavno postaviti ili rastaviti. Sastoji se od 8 izdr\u017eljivih plo\u010da, a svaka se plo\u010da mo\u017ee lako pri\u010dvrstiti na sljede\u0107u, \u0161to vam omogu\u0107uje postavljanje ograde u razli\u010ditim oblicima. Ograda za pse ima krilna vrata sa sigurnosnim zasunima za lak pristup. Ova izdr\u017eljiva ograda za pse otporna na vremenske uvjete, napravljena je od nehr\u0111aju\u0107eg \u010delika oblo\u017eenog prahom, \u0161to je \u010dini prikladnom za vanjsku i unutarnju upotrebu. Uklju\u010deni kolci za tlo poma\u017eu u\u010dvrstiti ogradu na otvorenom radi dodatne stabilnosti i sigurnosti.","og_url":"https:\/\/inti.hr\/bs\/proizvod\/ograda-za-pse-s-8-ploca-od-celika\/","og_site_name":"Inti","og_image":[{"width":1500,"height":1500,"url":"https:\/\/i0.wp.com\/inti.hr\/wp-content\/uploads\/2021\/02\/91mrYeISGrL._AC_SL1500_.jpg?fit=1500%2C1500&ssl=1","type":"image\/jpeg"}],"twitter_card":"summary_large_image","twitter_misc":{"Est. reading time":"1 minuta"},"schema":{"@context":"https:\/\/schema.org","@graph":[{"@type":"WebPage","@id":"https:\/\/inti.hr\/bs\/proizvod\/ograda-za-pse-s-8-ploca-od-celika\/","url":"https:\/\/inti.hr\/bs\/proizvod\/ograda-za-pse-s-8-ploca-od-celika\/","name":"Ograda za pse s 8 plo\u010da od \u010delika - Inti","isPartOf":{"@id":"https:\/\/inti.hr\/bs\/#website"},"primaryImageOfPage":{"@id":"https:\/\/inti.hr\/bs\/proizvod\/ograda-za-pse-s-8-ploca-od-celika\/#primaryimage"},"image":{"@id":"https:\/\/inti.hr\/bs\/proizvod\/ograda-za-pse-s-8-ploca-od-celika\/#primaryimage"},"thumbnailUrl":"https:\/\/i0.wp.com\/inti.hr\/wp-content\/uploads\/2021\/02\/91mrYeISGrL._AC_SL1500_.jpg?fit=1500%2C1500&ssl=1","datePublished":"2021-02-14T13:46:31+00:00","dateModified":"2021-02-14T13:46:31+00:00","description":"Na\u0161a univerzalna ograda idealna je za igranje, vje\u017ebanje, treniranje ili samo sigurno \u010duvanje va\u0161ih pasa. Bit \u0107e savr\u0161en raj za igru va\u0161im krznenim prijateljima! Ova ku\u0107ica za pse mo\u017ee se jednostavno postaviti ili rastaviti. Sastoji se od 8 izdr\u017eljivih plo\u010da, a svaka se plo\u010da mo\u017ee lako pri\u010dvrstiti na sljede\u0107u, \u0161to vam omogu\u0107uje postavljanje ograde u razli\u010ditim oblicima. Ograda za pse ima krilna vrata sa sigurnosnim zasunima za lak pristup. Ova izdr\u017eljiva ograda za pse otporna na vremenske uvjete, napravljena je od nehr\u0111aju\u0107eg \u010delika oblo\u017eenog prahom, \u0161to je \u010dini prikladnom za vanjsku i unutarnju upotrebu. Uklju\u010deni kolci za tlo poma\u017eu u\u010dvrstiti ogradu na otvorenom radi dodatne stabilnosti i sigurnosti.","breadcrumb":{"@id":"https:\/\/inti.hr\/bs\/proizvod\/ograda-za-pse-s-8-ploca-od-celika\/#breadcrumb"},"inLanguage":"bs-BA","potentialAction":[{"@type":"ReadAction","target":["https:\/\/inti.hr\/bs\/proizvod\/ograda-za-pse-s-8-ploca-od-celika\/"]}]},{"@type":"ImageObject","inLanguage":"bs-BA","@id":"https:\/\/inti.hr\/bs\/proizvod\/ograda-za-pse-s-8-ploca-od-celika\/#primaryimage","url":"https:\/\/i0.wp.com\/inti.hr\/wp-content\/uploads\/2021\/02\/91mrYeISGrL._AC_SL1500_.jpg?fit=1500%2C1500&ssl=1","contentUrl":"https:\/\/i0.wp.com\/inti.hr\/wp-content\/uploads\/2021\/02\/91mrYeISGrL._AC_SL1500_.jpg?fit=1500%2C1500&ssl=1","width":1500,"height":1500},{"@type":"BreadcrumbList","@id":"https:\/\/inti.hr\/bs\/proizvod\/ograda-za-pse-s-8-ploca-od-celika\/#breadcrumb","itemListElement":[{"@type":"ListItem","position":1,"name":"Po\u010detna stranica","item":"https:\/\/inti.hr\/bs\/"},{"@type":"ListItem","position":2,"name":"Trgovina","item":"https:\/\/inti.hr\/bs\/trgovina\/"},{"@type":"ListItem","position":3,"name":"Ograda za pse s 8 plo\u010da od \u010delika"}]},{"@type":"WebSite","@id":"https:\/\/inti.hr\/bs\/#website","url":"https:\/\/inti.hr\/bs\/","name":"Inti","description":"trgovina","potentialAction":[{"@type":"SearchAction","target":{"@type":"EntryPoint","urlTemplate":"https:\/\/inti.hr\/bs\/?s={search_term_string}"},"query-input":{"@type":"PropertyValueSpecification","valueRequired":true,"valueName":"search_term_string"}}],"inLanguage":"bs-BA"}]}},"jetpack_sharing_enabled":true,"jetpack-related-posts":[],"_links":{"self":[{"href":"https:\/\/inti.hr\/bs\/wp-json\/wp\/v2\/product\/34531"}],"collection":[{"href":"https:\/\/inti.hr\/bs\/wp-json\/wp\/v2\/product"}],"about":[{"href":"https:\/\/inti.hr\/bs\/wp-json\/wp\/v2\/types\/product"}],"wp:featuredmedia":[{"embeddable":true,"href":"https:\/\/inti.hr\/bs\/wp-json\/wp\/v2\/media\/34533"}],"wp:attachment":[{"href":"https:\/\/inti.hr\/bs\/wp-json\/wp\/v2\/media?parent=34531"}],"wp:term":[{"taxonomy":"product_cat","embeddable":true,"href":"https:\/\/inti.hr\/bs\/wp-json\/wp\/v2\/product_cat?post=34531"},{"taxonomy":"product_tag","embeddable":true,"href":"https:\/\/inti.hr\/bs\/wp-json\/wp\/v2\/product_tag?post=34531"}],"curies":[{"name":"wp","href":"https:\/\/api.w.org\/{rel}","templated":true}]}}