{"id":34565,"date":"2021-01-18T10:46:50","date_gmt":"2021-01-18T10:46:50","guid":{"rendered":"https:\/\/inti.hr\/product\/podna-svjetiljka-19-401-20\/"},"modified":"2021-01-18T10:46:50","modified_gmt":"2021-01-18T10:46:50","slug":"podna-svjetiljka-19-401-20","status":"publish","type":"product","link":"https:\/\/inti.hr\/bs\/proizvod\/podna-svjetiljka-19-401-20\/","title":{"rendered":"PODNA SVJETILJKA 19-401\/20"},"content":{"rendered":"<p><span class=\"tehnicki-podaci-naslov\">TEHNI\u010cKI PODACI<\/span><\/p>\n<ul>\n<li><b>Grlo:<\/b>\u00a0E27<\/li>\n<li><b>Broj izvora:<\/b>\u00a01<\/li>\n<li><b>Max.snaga \u017earulje:<\/b>\u00a040W<\/li>\n<li><b>\u017darulje uklju\u010dene:<\/b>\u00a0Ne<\/li>\n<li><b>Promjer \/ \u0161irina (u mm):<\/b>\u00a0270<\/li>\n<li><b>Visina (u mm):<\/b>\u00a01420<\/li>\n<li><b>Napon \/ Frekvencija:<\/b>\u00a0220-240V~50\/60Hz<\/li>\n<li><b>Materijal:<\/b>\u00a0Metal + tkanina<\/li>\n<li><b>IP za\u0161tita:<\/b>\u00a0IP20<\/li>\n<\/ul>\n","protected":false},"excerpt":{"rendered":"<p>Ova staja\u0107a svjetiljka svojim jednostavnim dizajnom uklopit \u0107e se u svaki &#8230; <\/p>\n","protected":false},"featured_media":34566,"template":"","meta":[],"product_cat":[2620],"product_tag":[],"yoast_head":"<!-- This site is optimized with the Yoast SEO plugin v23.7 - https:\/\/yoast.com\/wordpress\/plugins\/seo\/ -->\n<title>PODNA SVJETILJKA 19-401\/20 - Inti<\/title>\n<meta name=\"description\" content=\"Ova staja\u0107a svjetiljka svojim jednostavnim dizajnom uklopit \u0107e se u svaki dnevni boravak ili spava\u0107u sobu.Staja\u0107a svjetiljka ima prekida\u010d za lak\u0161e uklju\u010divanje i isklju\u010divanje.Za ovu staja\u0107u svjetiljku pogodna je \u017earulja od 40W a mogu se koristiti i LED \u017earulje.Staja\u0107a svjetiljka plijenit \u0107e poglede Va\u0161ih gostiju i u\u010dinit \u0107e Va\u0161 prostor posebnim.\" \/>\n<meta name=\"robots\" content=\"index, follow, max-snippet:-1, max-image-preview:large, max-video-preview:-1\" \/>\n<link rel=\"canonical\" href=\"https:\/\/inti.hr\/bs\/proizvod\/podna-svjetiljka-19-401-20\/\" \/>\n<meta property=\"og:locale\" content=\"bs_BA\" \/>\n<meta property=\"og:type\" content=\"article\" \/>\n<meta property=\"og:title\" content=\"PODNA SVJETILJKA 19-401\/20 - Inti\" \/>\n<meta property=\"og:description\" content=\"Ova staja\u0107a svjetiljka svojim jednostavnim dizajnom uklopit \u0107e se u svaki dnevni boravak ili spava\u0107u sobu.Staja\u0107a svjetiljka ima prekida\u010d za lak\u0161e uklju\u010divanje i isklju\u010divanje.Za ovu staja\u0107u svjetiljku pogodna je \u017earulja od 40W a mogu se koristiti i LED \u017earulje.Staja\u0107a svjetiljka plijenit \u0107e poglede Va\u0161ih gostiju i u\u010dinit \u0107e Va\u0161 prostor posebnim.\" \/>\n<meta property=\"og:url\" content=\"https:\/\/inti.hr\/bs\/proizvod\/podna-svjetiljka-19-401-20\/\" \/>\n<meta property=\"og:site_name\" content=\"Inti\" \/>\n<meta property=\"og:image\" content=\"https:\/\/i0.wp.com\/inti.hr\/wp-content\/uploads\/2021\/01\/19401-scaled.jpg?fit=2560%2C2546&ssl=1\" \/>\n\t<meta property=\"og:image:width\" content=\"2560\" \/>\n\t<meta property=\"og:image:height\" content=\"2546\" \/>\n\t<meta property=\"og:image:type\" content=\"image\/jpeg\" \/>\n<meta name=\"twitter:card\" content=\"summary_large_image\" \/>\n<script type=\"application\/ld+json\" class=\"yoast-schema-graph\">{\"@context\":\"https:\/\/schema.org\",\"@graph\":[{\"@type\":\"WebPage\",\"@id\":\"https:\/\/inti.hr\/bs\/proizvod\/podna-svjetiljka-19-401-20\/\",\"url\":\"https:\/\/inti.hr\/bs\/proizvod\/podna-svjetiljka-19-401-20\/\",\"name\":\"PODNA SVJETILJKA 19-401\/20 - Inti\",\"isPartOf\":{\"@id\":\"https:\/\/inti.hr\/bs\/#website\"},\"primaryImageOfPage\":{\"@id\":\"https:\/\/inti.hr\/bs\/proizvod\/podna-svjetiljka-19-401-20\/#primaryimage\"},\"image\":{\"@id\":\"https:\/\/inti.hr\/bs\/proizvod\/podna-svjetiljka-19-401-20\/#primaryimage\"},\"thumbnailUrl\":\"https:\/\/i0.wp.com\/inti.hr\/wp-content\/uploads\/2021\/01\/19401-scaled.jpg?fit=2560%2C2546&ssl=1\",\"datePublished\":\"2021-01-18T10:46:50+00:00\",\"dateModified\":\"2021-01-18T10:46:50+00:00\",\"description\":\"Ova staja\u0107a svjetiljka svojim jednostavnim dizajnom uklopit \u0107e se u svaki dnevni boravak ili spava\u0107u sobu.Staja\u0107a svjetiljka ima prekida\u010d za lak\u0161e uklju\u010divanje i isklju\u010divanje.Za ovu staja\u0107u svjetiljku pogodna je \u017earulja od 40W a mogu se koristiti i LED \u017earulje.Staja\u0107a svjetiljka plijenit \u0107e poglede Va\u0161ih gostiju i u\u010dinit \u0107e Va\u0161 prostor posebnim.\",\"breadcrumb\":{\"@id\":\"https:\/\/inti.hr\/bs\/proizvod\/podna-svjetiljka-19-401-20\/#breadcrumb\"},\"inLanguage\":\"bs-BA\",\"potentialAction\":[{\"@type\":\"ReadAction\",\"target\":[\"https:\/\/inti.hr\/bs\/proizvod\/podna-svjetiljka-19-401-20\/\"]}]},{\"@type\":\"ImageObject\",\"inLanguage\":\"bs-BA\",\"@id\":\"https:\/\/inti.hr\/bs\/proizvod\/podna-svjetiljka-19-401-20\/#primaryimage\",\"url\":\"https:\/\/i0.wp.com\/inti.hr\/wp-content\/uploads\/2021\/01\/19401-scaled.jpg?fit=2560%2C2546&ssl=1\",\"contentUrl\":\"https:\/\/i0.wp.com\/inti.hr\/wp-content\/uploads\/2021\/01\/19401-scaled.jpg?fit=2560%2C2546&ssl=1\",\"width\":2560,\"height\":2546},{\"@type\":\"BreadcrumbList\",\"@id\":\"https:\/\/inti.hr\/bs\/proizvod\/podna-svjetiljka-19-401-20\/#breadcrumb\",\"itemListElement\":[{\"@type\":\"ListItem\",\"position\":1,\"name\":\"Po\u010detna stranica\",\"item\":\"https:\/\/inti.hr\/bs\/\"},{\"@type\":\"ListItem\",\"position\":2,\"name\":\"Trgovina\",\"item\":\"https:\/\/inti.hr\/bs\/trgovina\/\"},{\"@type\":\"ListItem\",\"position\":3,\"name\":\"PODNA SVJETILJKA 19-401\/20\"}]},{\"@type\":\"WebSite\",\"@id\":\"https:\/\/inti.hr\/bs\/#website\",\"url\":\"https:\/\/inti.hr\/bs\/\",\"name\":\"Inti\",\"description\":\"trgovina\",\"potentialAction\":[{\"@type\":\"SearchAction\",\"target\":{\"@type\":\"EntryPoint\",\"urlTemplate\":\"https:\/\/inti.hr\/bs\/?s={search_term_string}\"},\"query-input\":{\"@type\":\"PropertyValueSpecification\",\"valueRequired\":true,\"valueName\":\"search_term_string\"}}],\"inLanguage\":\"bs-BA\"}]}<\/script>\n<!-- \/ Yoast SEO plugin. -->","yoast_head_json":{"title":"PODNA SVJETILJKA 19-401\/20 - Inti","description":"Ova staja\u0107a svjetiljka svojim jednostavnim dizajnom uklopit \u0107e se u svaki dnevni boravak ili spava\u0107u sobu.Staja\u0107a svjetiljka ima prekida\u010d za lak\u0161e uklju\u010divanje i isklju\u010divanje.Za ovu staja\u0107u svjetiljku pogodna je \u017earulja od 40W a mogu se koristiti i LED \u017earulje.Staja\u0107a svjetiljka plijenit \u0107e poglede Va\u0161ih gostiju i u\u010dinit \u0107e Va\u0161 prostor posebnim.","robots":{"index":"index","follow":"follow","max-snippet":"max-snippet:-1","max-image-preview":"max-image-preview:large","max-video-preview":"max-video-preview:-1"},"canonical":"https:\/\/inti.hr\/bs\/proizvod\/podna-svjetiljka-19-401-20\/","og_locale":"bs_BA","og_type":"article","og_title":"PODNA SVJETILJKA 19-401\/20 - Inti","og_description":"Ova staja\u0107a svjetiljka svojim jednostavnim dizajnom uklopit \u0107e se u svaki dnevni boravak ili spava\u0107u sobu.Staja\u0107a svjetiljka ima prekida\u010d za lak\u0161e uklju\u010divanje i isklju\u010divanje.Za ovu staja\u0107u svjetiljku pogodna je \u017earulja od 40W a mogu se koristiti i LED \u017earulje.Staja\u0107a svjetiljka plijenit \u0107e poglede Va\u0161ih gostiju i u\u010dinit \u0107e Va\u0161 prostor posebnim.","og_url":"https:\/\/inti.hr\/bs\/proizvod\/podna-svjetiljka-19-401-20\/","og_site_name":"Inti","og_image":[{"width":2560,"height":2546,"url":"https:\/\/i0.wp.com\/inti.hr\/wp-content\/uploads\/2021\/01\/19401-scaled.jpg?fit=2560%2C2546&ssl=1","type":"image\/jpeg"}],"twitter_card":"summary_large_image","schema":{"@context":"https:\/\/schema.org","@graph":[{"@type":"WebPage","@id":"https:\/\/inti.hr\/bs\/proizvod\/podna-svjetiljka-19-401-20\/","url":"https:\/\/inti.hr\/bs\/proizvod\/podna-svjetiljka-19-401-20\/","name":"PODNA SVJETILJKA 19-401\/20 - Inti","isPartOf":{"@id":"https:\/\/inti.hr\/bs\/#website"},"primaryImageOfPage":{"@id":"https:\/\/inti.hr\/bs\/proizvod\/podna-svjetiljka-19-401-20\/#primaryimage"},"image":{"@id":"https:\/\/inti.hr\/bs\/proizvod\/podna-svjetiljka-19-401-20\/#primaryimage"},"thumbnailUrl":"https:\/\/i0.wp.com\/inti.hr\/wp-content\/uploads\/2021\/01\/19401-scaled.jpg?fit=2560%2C2546&ssl=1","datePublished":"2021-01-18T10:46:50+00:00","dateModified":"2021-01-18T10:46:50+00:00","description":"Ova staja\u0107a svjetiljka svojim jednostavnim dizajnom uklopit \u0107e se u svaki dnevni boravak ili spava\u0107u sobu.Staja\u0107a svjetiljka ima prekida\u010d za lak\u0161e uklju\u010divanje i isklju\u010divanje.Za ovu staja\u0107u svjetiljku pogodna je \u017earulja od 40W a mogu se koristiti i LED \u017earulje.Staja\u0107a svjetiljka plijenit \u0107e poglede Va\u0161ih gostiju i u\u010dinit \u0107e Va\u0161 prostor posebnim.","breadcrumb":{"@id":"https:\/\/inti.hr\/bs\/proizvod\/podna-svjetiljka-19-401-20\/#breadcrumb"},"inLanguage":"bs-BA","potentialAction":[{"@type":"ReadAction","target":["https:\/\/inti.hr\/bs\/proizvod\/podna-svjetiljka-19-401-20\/"]}]},{"@type":"ImageObject","inLanguage":"bs-BA","@id":"https:\/\/inti.hr\/bs\/proizvod\/podna-svjetiljka-19-401-20\/#primaryimage","url":"https:\/\/i0.wp.com\/inti.hr\/wp-content\/uploads\/2021\/01\/19401-scaled.jpg?fit=2560%2C2546&ssl=1","contentUrl":"https:\/\/i0.wp.com\/inti.hr\/wp-content\/uploads\/2021\/01\/19401-scaled.jpg?fit=2560%2C2546&ssl=1","width":2560,"height":2546},{"@type":"BreadcrumbList","@id":"https:\/\/inti.hr\/bs\/proizvod\/podna-svjetiljka-19-401-20\/#breadcrumb","itemListElement":[{"@type":"ListItem","position":1,"name":"Po\u010detna stranica","item":"https:\/\/inti.hr\/bs\/"},{"@type":"ListItem","position":2,"name":"Trgovina","item":"https:\/\/inti.hr\/bs\/trgovina\/"},{"@type":"ListItem","position":3,"name":"PODNA SVJETILJKA 19-401\/20"}]},{"@type":"WebSite","@id":"https:\/\/inti.hr\/bs\/#website","url":"https:\/\/inti.hr\/bs\/","name":"Inti","description":"trgovina","potentialAction":[{"@type":"SearchAction","target":{"@type":"EntryPoint","urlTemplate":"https:\/\/inti.hr\/bs\/?s={search_term_string}"},"query-input":{"@type":"PropertyValueSpecification","valueRequired":true,"valueName":"search_term_string"}}],"inLanguage":"bs-BA"}]}},"jetpack_sharing_enabled":true,"jetpack-related-posts":[],"_links":{"self":[{"href":"https:\/\/inti.hr\/bs\/wp-json\/wp\/v2\/product\/34565"}],"collection":[{"href":"https:\/\/inti.hr\/bs\/wp-json\/wp\/v2\/product"}],"about":[{"href":"https:\/\/inti.hr\/bs\/wp-json\/wp\/v2\/types\/product"}],"wp:featuredmedia":[{"embeddable":true,"href":"https:\/\/inti.hr\/bs\/wp-json\/wp\/v2\/media\/34566"}],"wp:attachment":[{"href":"https:\/\/inti.hr\/bs\/wp-json\/wp\/v2\/media?parent=34565"}],"wp:term":[{"taxonomy":"product_cat","embeddable":true,"href":"https:\/\/inti.hr\/bs\/wp-json\/wp\/v2\/product_cat?post=34565"},{"taxonomy":"product_tag","embeddable":true,"href":"https:\/\/inti.hr\/bs\/wp-json\/wp\/v2\/product_tag?post=34565"}],"curies":[{"name":"wp","href":"https:\/\/api.w.org\/{rel}","templated":true}]}}