{"id":34575,"date":"2021-01-18T10:05:07","date_gmt":"2021-01-18T10:05:07","guid":{"rendered":"https:\/\/inti.hr\/product\/stolna-svjetiljka-20-304-20\/"},"modified":"2021-01-18T10:05:07","modified_gmt":"2021-01-18T10:05:07","slug":"stolna-svjetiljka-20-304-20","status":"publish","type":"product","link":"https:\/\/inti.hr\/bs\/proizvod\/stolna-svjetiljka-20-304-20\/","title":{"rendered":"STOLNA SVJETILJKA 20-304\/20"},"content":{"rendered":"<p><span class=\"tehnicki-podaci-naslov\">TEHNI\u010cKI PODACI<\/span><\/p>\n<ul>\n<li><b>Grlo:<\/b>\u00a0E27<\/li>\n<li><b>Broj izvora:<\/b>\u00a01<\/li>\n<li><b>Max.snaga \u017earulje:<\/b>\u00a040W<\/li>\n<li><b>\u017darulje uklju\u010dene:<\/b>\u00a0Ne<\/li>\n<li><b>Promjer \/ \u0161irina (u mm):<\/b>\u00a0160<\/li>\n<li><b>Visina (u mm):<\/b>\u00a0185<\/li>\n<li><b>Napon \/ Frekvencija:<\/b>\u00a0220-240V~50\/60Hz<\/li>\n<li><b>Materijal:<\/b>\u00a0Staklo + metal<\/li>\n<li><b>IP za\u0161tita:<\/b>\u00a0IP20<\/li>\n<\/ul>\n","protected":false},"excerpt":{"rendered":"<p>Elegantna stolna svjetiljka sa okruglim metalnim postoljem u kombinaciji mlije\u010dnog bijelog &#8230; <\/p>\n","protected":false},"featured_media":34576,"template":"","meta":[],"product_cat":[2620],"product_tag":[4287,4292],"yoast_head":"<!-- This site is optimized with the Yoast SEO plugin v23.7 - https:\/\/yoast.com\/wordpress\/plugins\/seo\/ -->\n<title>STOLNA SVJETILJKA 20-304\/20 - Inti<\/title>\n<meta name=\"description\" content=\"Elegantna stolna svjetiljka sa okruglim metalnim postoljem u kombinaciji mlije\u010dnog bijelog stakla, osvje\u017eit \u0107e Va\u0161 stol ili no\u0107ni ormari\u0107.Ukrasite svoj dom ovakvim dekoracijama i u\u010dinite ga ljep\u0161im.Stolna svjetiljka modernog je dizajna i pru\u017eit \u0107e dodatno osvjetljenje u va\u0161em domu.Stolna svjetiljka se uklju\u010duje i isklju\u010duje pomo\u0107u prekida\u010da.\" \/>\n<meta name=\"robots\" content=\"index, follow, max-snippet:-1, max-image-preview:large, max-video-preview:-1\" \/>\n<link rel=\"canonical\" href=\"https:\/\/inti.hr\/bs\/proizvod\/stolna-svjetiljka-20-304-20\/\" \/>\n<meta property=\"og:locale\" content=\"bs_BA\" \/>\n<meta property=\"og:type\" content=\"article\" \/>\n<meta property=\"og:title\" content=\"STOLNA SVJETILJKA 20-304\/20 - Inti\" \/>\n<meta property=\"og:description\" content=\"Elegantna stolna svjetiljka sa okruglim metalnim postoljem u kombinaciji mlije\u010dnog bijelog stakla, osvje\u017eit \u0107e Va\u0161 stol ili no\u0107ni ormari\u0107.Ukrasite svoj dom ovakvim dekoracijama i u\u010dinite ga ljep\u0161im.Stolna svjetiljka modernog je dizajna i pru\u017eit \u0107e dodatno osvjetljenje u va\u0161em domu.Stolna svjetiljka se uklju\u010duje i isklju\u010duje pomo\u0107u prekida\u010da.\" \/>\n<meta property=\"og:url\" content=\"https:\/\/inti.hr\/bs\/proizvod\/stolna-svjetiljka-20-304-20\/\" \/>\n<meta property=\"og:site_name\" content=\"Inti\" \/>\n<meta property=\"og:image\" content=\"https:\/\/i0.wp.com\/inti.hr\/wp-content\/uploads\/2021\/01\/20304-scaled.jpg?fit=1810%2C2560&ssl=1\" \/>\n\t<meta property=\"og:image:width\" content=\"1810\" \/>\n\t<meta property=\"og:image:height\" content=\"2560\" \/>\n\t<meta property=\"og:image:type\" content=\"image\/jpeg\" \/>\n<meta name=\"twitter:card\" content=\"summary_large_image\" \/>\n<script type=\"application\/ld+json\" class=\"yoast-schema-graph\">{\"@context\":\"https:\/\/schema.org\",\"@graph\":[{\"@type\":\"WebPage\",\"@id\":\"https:\/\/inti.hr\/bs\/proizvod\/stolna-svjetiljka-20-304-20\/\",\"url\":\"https:\/\/inti.hr\/bs\/proizvod\/stolna-svjetiljka-20-304-20\/\",\"name\":\"STOLNA SVJETILJKA 20-304\/20 - Inti\",\"isPartOf\":{\"@id\":\"https:\/\/inti.hr\/bs\/#website\"},\"primaryImageOfPage\":{\"@id\":\"https:\/\/inti.hr\/bs\/proizvod\/stolna-svjetiljka-20-304-20\/#primaryimage\"},\"image\":{\"@id\":\"https:\/\/inti.hr\/bs\/proizvod\/stolna-svjetiljka-20-304-20\/#primaryimage\"},\"thumbnailUrl\":\"https:\/\/i0.wp.com\/inti.hr\/wp-content\/uploads\/2021\/01\/20304-scaled.jpg?fit=1810%2C2560&ssl=1\",\"datePublished\":\"2021-01-18T10:05:07+00:00\",\"dateModified\":\"2021-01-18T10:05:07+00:00\",\"description\":\"Elegantna stolna svjetiljka sa okruglim metalnim postoljem u kombinaciji mlije\u010dnog bijelog stakla, osvje\u017eit \u0107e Va\u0161 stol ili no\u0107ni ormari\u0107.Ukrasite svoj dom ovakvim dekoracijama i u\u010dinite ga ljep\u0161im.Stolna svjetiljka modernog je dizajna i pru\u017eit \u0107e dodatno osvjetljenje u va\u0161em domu.Stolna svjetiljka se uklju\u010duje i isklju\u010duje pomo\u0107u prekida\u010da.\",\"breadcrumb\":{\"@id\":\"https:\/\/inti.hr\/bs\/proizvod\/stolna-svjetiljka-20-304-20\/#breadcrumb\"},\"inLanguage\":\"bs-BA\",\"potentialAction\":[{\"@type\":\"ReadAction\",\"target\":[\"https:\/\/inti.hr\/bs\/proizvod\/stolna-svjetiljka-20-304-20\/\"]}]},{\"@type\":\"ImageObject\",\"inLanguage\":\"bs-BA\",\"@id\":\"https:\/\/inti.hr\/bs\/proizvod\/stolna-svjetiljka-20-304-20\/#primaryimage\",\"url\":\"https:\/\/i0.wp.com\/inti.hr\/wp-content\/uploads\/2021\/01\/20304-scaled.jpg?fit=1810%2C2560&ssl=1\",\"contentUrl\":\"https:\/\/i0.wp.com\/inti.hr\/wp-content\/uploads\/2021\/01\/20304-scaled.jpg?fit=1810%2C2560&ssl=1\",\"width\":1810,\"height\":2560},{\"@type\":\"BreadcrumbList\",\"@id\":\"https:\/\/inti.hr\/bs\/proizvod\/stolna-svjetiljka-20-304-20\/#breadcrumb\",\"itemListElement\":[{\"@type\":\"ListItem\",\"position\":1,\"name\":\"Po\u010detna stranica\",\"item\":\"https:\/\/inti.hr\/bs\/\"},{\"@type\":\"ListItem\",\"position\":2,\"name\":\"Trgovina\",\"item\":\"https:\/\/inti.hr\/bs\/trgovina\/\"},{\"@type\":\"ListItem\",\"position\":3,\"name\":\"STOLNA SVJETILJKA 20-304\/20\"}]},{\"@type\":\"WebSite\",\"@id\":\"https:\/\/inti.hr\/bs\/#website\",\"url\":\"https:\/\/inti.hr\/bs\/\",\"name\":\"Inti\",\"description\":\"trgovina\",\"potentialAction\":[{\"@type\":\"SearchAction\",\"target\":{\"@type\":\"EntryPoint\",\"urlTemplate\":\"https:\/\/inti.hr\/bs\/?s={search_term_string}\"},\"query-input\":{\"@type\":\"PropertyValueSpecification\",\"valueRequired\":true,\"valueName\":\"search_term_string\"}}],\"inLanguage\":\"bs-BA\"}]}<\/script>\n<!-- \/ Yoast SEO plugin. -->","yoast_head_json":{"title":"STOLNA SVJETILJKA 20-304\/20 - Inti","description":"Elegantna stolna svjetiljka sa okruglim metalnim postoljem u kombinaciji mlije\u010dnog bijelog stakla, osvje\u017eit \u0107e Va\u0161 stol ili no\u0107ni ormari\u0107.Ukrasite svoj dom ovakvim dekoracijama i u\u010dinite ga ljep\u0161im.Stolna svjetiljka modernog je dizajna i pru\u017eit \u0107e dodatno osvjetljenje u va\u0161em domu.Stolna svjetiljka se uklju\u010duje i isklju\u010duje pomo\u0107u prekida\u010da.","robots":{"index":"index","follow":"follow","max-snippet":"max-snippet:-1","max-image-preview":"max-image-preview:large","max-video-preview":"max-video-preview:-1"},"canonical":"https:\/\/inti.hr\/bs\/proizvod\/stolna-svjetiljka-20-304-20\/","og_locale":"bs_BA","og_type":"article","og_title":"STOLNA SVJETILJKA 20-304\/20 - Inti","og_description":"Elegantna stolna svjetiljka sa okruglim metalnim postoljem u kombinaciji mlije\u010dnog bijelog stakla, osvje\u017eit \u0107e Va\u0161 stol ili no\u0107ni ormari\u0107.Ukrasite svoj dom ovakvim dekoracijama i u\u010dinite ga ljep\u0161im.Stolna svjetiljka modernog je dizajna i pru\u017eit \u0107e dodatno osvjetljenje u va\u0161em domu.Stolna svjetiljka se uklju\u010duje i isklju\u010duje pomo\u0107u prekida\u010da.","og_url":"https:\/\/inti.hr\/bs\/proizvod\/stolna-svjetiljka-20-304-20\/","og_site_name":"Inti","og_image":[{"width":1810,"height":2560,"url":"https:\/\/i0.wp.com\/inti.hr\/wp-content\/uploads\/2021\/01\/20304-scaled.jpg?fit=1810%2C2560&ssl=1","type":"image\/jpeg"}],"twitter_card":"summary_large_image","schema":{"@context":"https:\/\/schema.org","@graph":[{"@type":"WebPage","@id":"https:\/\/inti.hr\/bs\/proizvod\/stolna-svjetiljka-20-304-20\/","url":"https:\/\/inti.hr\/bs\/proizvod\/stolna-svjetiljka-20-304-20\/","name":"STOLNA SVJETILJKA 20-304\/20 - Inti","isPartOf":{"@id":"https:\/\/inti.hr\/bs\/#website"},"primaryImageOfPage":{"@id":"https:\/\/inti.hr\/bs\/proizvod\/stolna-svjetiljka-20-304-20\/#primaryimage"},"image":{"@id":"https:\/\/inti.hr\/bs\/proizvod\/stolna-svjetiljka-20-304-20\/#primaryimage"},"thumbnailUrl":"https:\/\/i0.wp.com\/inti.hr\/wp-content\/uploads\/2021\/01\/20304-scaled.jpg?fit=1810%2C2560&ssl=1","datePublished":"2021-01-18T10:05:07+00:00","dateModified":"2021-01-18T10:05:07+00:00","description":"Elegantna stolna svjetiljka sa okruglim metalnim postoljem u kombinaciji mlije\u010dnog bijelog stakla, osvje\u017eit \u0107e Va\u0161 stol ili no\u0107ni ormari\u0107.Ukrasite svoj dom ovakvim dekoracijama i u\u010dinite ga ljep\u0161im.Stolna svjetiljka modernog je dizajna i pru\u017eit \u0107e dodatno osvjetljenje u va\u0161em domu.Stolna svjetiljka se uklju\u010duje i isklju\u010duje pomo\u0107u prekida\u010da.","breadcrumb":{"@id":"https:\/\/inti.hr\/bs\/proizvod\/stolna-svjetiljka-20-304-20\/#breadcrumb"},"inLanguage":"bs-BA","potentialAction":[{"@type":"ReadAction","target":["https:\/\/inti.hr\/bs\/proizvod\/stolna-svjetiljka-20-304-20\/"]}]},{"@type":"ImageObject","inLanguage":"bs-BA","@id":"https:\/\/inti.hr\/bs\/proizvod\/stolna-svjetiljka-20-304-20\/#primaryimage","url":"https:\/\/i0.wp.com\/inti.hr\/wp-content\/uploads\/2021\/01\/20304-scaled.jpg?fit=1810%2C2560&ssl=1","contentUrl":"https:\/\/i0.wp.com\/inti.hr\/wp-content\/uploads\/2021\/01\/20304-scaled.jpg?fit=1810%2C2560&ssl=1","width":1810,"height":2560},{"@type":"BreadcrumbList","@id":"https:\/\/inti.hr\/bs\/proizvod\/stolna-svjetiljka-20-304-20\/#breadcrumb","itemListElement":[{"@type":"ListItem","position":1,"name":"Po\u010detna stranica","item":"https:\/\/inti.hr\/bs\/"},{"@type":"ListItem","position":2,"name":"Trgovina","item":"https:\/\/inti.hr\/bs\/trgovina\/"},{"@type":"ListItem","position":3,"name":"STOLNA SVJETILJKA 20-304\/20"}]},{"@type":"WebSite","@id":"https:\/\/inti.hr\/bs\/#website","url":"https:\/\/inti.hr\/bs\/","name":"Inti","description":"trgovina","potentialAction":[{"@type":"SearchAction","target":{"@type":"EntryPoint","urlTemplate":"https:\/\/inti.hr\/bs\/?s={search_term_string}"},"query-input":{"@type":"PropertyValueSpecification","valueRequired":true,"valueName":"search_term_string"}}],"inLanguage":"bs-BA"}]}},"jetpack_sharing_enabled":true,"jetpack-related-posts":[],"_links":{"self":[{"href":"https:\/\/inti.hr\/bs\/wp-json\/wp\/v2\/product\/34575"}],"collection":[{"href":"https:\/\/inti.hr\/bs\/wp-json\/wp\/v2\/product"}],"about":[{"href":"https:\/\/inti.hr\/bs\/wp-json\/wp\/v2\/types\/product"}],"wp:featuredmedia":[{"embeddable":true,"href":"https:\/\/inti.hr\/bs\/wp-json\/wp\/v2\/media\/34576"}],"wp:attachment":[{"href":"https:\/\/inti.hr\/bs\/wp-json\/wp\/v2\/media?parent=34575"}],"wp:term":[{"taxonomy":"product_cat","embeddable":true,"href":"https:\/\/inti.hr\/bs\/wp-json\/wp\/v2\/product_cat?post=34575"},{"taxonomy":"product_tag","embeddable":true,"href":"https:\/\/inti.hr\/bs\/wp-json\/wp\/v2\/product_tag?post=34575"}],"curies":[{"name":"wp","href":"https:\/\/api.w.org\/{rel}","templated":true}]}}