{"id":34583,"date":"2021-01-12T09:52:37","date_gmt":"2021-01-12T09:52:37","guid":{"rendered":"https:\/\/inti.hr\/product\/zidna-svjetiljka-11-836-20\/"},"modified":"2021-01-12T09:52:37","modified_gmt":"2021-01-12T09:52:37","slug":"zidna-svjetiljka-11-836-20","status":"publish","type":"product","link":"https:\/\/inti.hr\/bs\/proizvod\/zidna-svjetiljka-11-836-20\/","title":{"rendered":"Zidna svjetiljka 11-836\/20"},"content":{"rendered":"<p><span class=\"tehnicki-podaci-naslov\">TEHNI\u010cKI PODACI<\/span><\/p>\n<ul>\n<li><b>Grlo:<\/b>\u00a0E27<\/li>\n<li><b>Broj izvora:<\/b>\u00a01<\/li>\n<li><b>Max.snaga \u017earulje:<\/b>\u00a060<\/li>\n<li><b>\u017darulje uklju\u010dene:<\/b>\u00a0Ne<\/li>\n<li><b>Promjer \/ \u0161irina (u mm):<\/b>\u00a0200<\/li>\n<li><b>Visina (u mm):<\/b>\u00a0270<\/li>\n<li><b>Napon \/ Frekvencija:<\/b>\u00a0220-240V~50\/60Hz<\/li>\n<li><b>Materijal:<\/b>\u00a0Plastika + opal (kugla)<\/li>\n<li><b>IP za\u0161tita:<\/b>\u00a0IP44<\/li>\n<\/ul>\n","protected":false},"excerpt":{"rendered":"<p>Vanjska zidna svjetiljka prilago\u0111ena je svim vremenskim utjecajima.<\/p>\n<p>Vanjska zidna svjetiljka svojim &#8230; <\/p>\n","protected":false},"featured_media":34584,"template":"","meta":[],"product_cat":[3148],"product_tag":[4287,3180,4296],"yoast_head":"<!-- This site is optimized with the Yoast SEO plugin v23.7 - https:\/\/yoast.com\/wordpress\/plugins\/seo\/ -->\n<title>Zidna svjetiljka 11-836\/20 - Inti<\/title>\n<meta name=\"description\" content=\"Vanjska zidna svjetiljka prilago\u0111ena je svim vremenskim utjecajima.Vanjska zidna svjetiljka svojim klasi\u010dnim dizajnom odli\u010dno \u0107e se uklopiti u prostore terasa, balkona ili ulaznih prostora.Vanjska zidna svjetiljka je klasi\u010dnog grla u koje pristaje ve\u0107ina LED ili halogenih \u017earulja.\" \/>\n<meta name=\"robots\" content=\"index, follow, max-snippet:-1, max-image-preview:large, max-video-preview:-1\" \/>\n<link rel=\"canonical\" href=\"https:\/\/inti.hr\/bs\/proizvod\/zidna-svjetiljka-11-836-20\/\" \/>\n<meta property=\"og:locale\" content=\"bs_BA\" \/>\n<meta property=\"og:type\" content=\"article\" \/>\n<meta property=\"og:title\" content=\"Zidna svjetiljka 11-836\/20 - Inti\" \/>\n<meta property=\"og:description\" content=\"Vanjska zidna svjetiljka prilago\u0111ena je svim vremenskim utjecajima.Vanjska zidna svjetiljka svojim klasi\u010dnim dizajnom odli\u010dno \u0107e se uklopiti u prostore terasa, balkona ili ulaznih prostora.Vanjska zidna svjetiljka je klasi\u010dnog grla u koje pristaje ve\u0107ina LED ili halogenih \u017earulja.\" \/>\n<meta property=\"og:url\" content=\"https:\/\/inti.hr\/bs\/proizvod\/zidna-svjetiljka-11-836-20\/\" \/>\n<meta property=\"og:site_name\" content=\"Inti\" \/>\n<meta property=\"og:image\" content=\"https:\/\/i0.wp.com\/inti.hr\/wp-content\/uploads\/2021\/01\/white_space_400_400_80_imagesmadeekupi11836_366_400.jpg_0_0_100_c_c_s_c1.jpg?fit=400%2C400&ssl=1\" \/>\n\t<meta property=\"og:image:width\" content=\"400\" \/>\n\t<meta property=\"og:image:height\" content=\"400\" \/>\n\t<meta property=\"og:image:type\" content=\"image\/jpeg\" \/>\n<meta name=\"twitter:card\" content=\"summary_large_image\" \/>\n<script type=\"application\/ld+json\" class=\"yoast-schema-graph\">{\"@context\":\"https:\/\/schema.org\",\"@graph\":[{\"@type\":\"WebPage\",\"@id\":\"https:\/\/inti.hr\/bs\/proizvod\/zidna-svjetiljka-11-836-20\/\",\"url\":\"https:\/\/inti.hr\/bs\/proizvod\/zidna-svjetiljka-11-836-20\/\",\"name\":\"Zidna svjetiljka 11-836\/20 - Inti\",\"isPartOf\":{\"@id\":\"https:\/\/inti.hr\/bs\/#website\"},\"primaryImageOfPage\":{\"@id\":\"https:\/\/inti.hr\/bs\/proizvod\/zidna-svjetiljka-11-836-20\/#primaryimage\"},\"image\":{\"@id\":\"https:\/\/inti.hr\/bs\/proizvod\/zidna-svjetiljka-11-836-20\/#primaryimage\"},\"thumbnailUrl\":\"https:\/\/i0.wp.com\/inti.hr\/wp-content\/uploads\/2021\/01\/white_space_400_400_80_imagesmadeekupi11836_366_400.jpg_0_0_100_c_c_s_c1.jpg?fit=400%2C400&ssl=1\",\"datePublished\":\"2021-01-12T09:52:37+00:00\",\"dateModified\":\"2021-01-12T09:52:37+00:00\",\"description\":\"Vanjska zidna svjetiljka prilago\u0111ena je svim vremenskim utjecajima.Vanjska zidna svjetiljka svojim klasi\u010dnim dizajnom odli\u010dno \u0107e se uklopiti u prostore terasa, balkona ili ulaznih prostora.Vanjska zidna svjetiljka je klasi\u010dnog grla u koje pristaje ve\u0107ina LED ili halogenih \u017earulja.\",\"breadcrumb\":{\"@id\":\"https:\/\/inti.hr\/bs\/proizvod\/zidna-svjetiljka-11-836-20\/#breadcrumb\"},\"inLanguage\":\"bs-BA\",\"potentialAction\":[{\"@type\":\"ReadAction\",\"target\":[\"https:\/\/inti.hr\/bs\/proizvod\/zidna-svjetiljka-11-836-20\/\"]}]},{\"@type\":\"ImageObject\",\"inLanguage\":\"bs-BA\",\"@id\":\"https:\/\/inti.hr\/bs\/proizvod\/zidna-svjetiljka-11-836-20\/#primaryimage\",\"url\":\"https:\/\/i0.wp.com\/inti.hr\/wp-content\/uploads\/2021\/01\/white_space_400_400_80_imagesmadeekupi11836_366_400.jpg_0_0_100_c_c_s_c1.jpg?fit=400%2C400&ssl=1\",\"contentUrl\":\"https:\/\/i0.wp.com\/inti.hr\/wp-content\/uploads\/2021\/01\/white_space_400_400_80_imagesmadeekupi11836_366_400.jpg_0_0_100_c_c_s_c1.jpg?fit=400%2C400&ssl=1\",\"width\":400,\"height\":400},{\"@type\":\"BreadcrumbList\",\"@id\":\"https:\/\/inti.hr\/bs\/proizvod\/zidna-svjetiljka-11-836-20\/#breadcrumb\",\"itemListElement\":[{\"@type\":\"ListItem\",\"position\":1,\"name\":\"Po\u010detna stranica\",\"item\":\"https:\/\/inti.hr\/bs\/\"},{\"@type\":\"ListItem\",\"position\":2,\"name\":\"Trgovina\",\"item\":\"https:\/\/inti.hr\/bs\/trgovina\/\"},{\"@type\":\"ListItem\",\"position\":3,\"name\":\"Zidna svjetiljka 11-836\/20\"}]},{\"@type\":\"WebSite\",\"@id\":\"https:\/\/inti.hr\/bs\/#website\",\"url\":\"https:\/\/inti.hr\/bs\/\",\"name\":\"Inti\",\"description\":\"trgovina\",\"potentialAction\":[{\"@type\":\"SearchAction\",\"target\":{\"@type\":\"EntryPoint\",\"urlTemplate\":\"https:\/\/inti.hr\/bs\/?s={search_term_string}\"},\"query-input\":{\"@type\":\"PropertyValueSpecification\",\"valueRequired\":true,\"valueName\":\"search_term_string\"}}],\"inLanguage\":\"bs-BA\"}]}<\/script>\n<!-- \/ Yoast SEO plugin. -->","yoast_head_json":{"title":"Zidna svjetiljka 11-836\/20 - Inti","description":"Vanjska zidna svjetiljka prilago\u0111ena je svim vremenskim utjecajima.Vanjska zidna svjetiljka svojim klasi\u010dnim dizajnom odli\u010dno \u0107e se uklopiti u prostore terasa, balkona ili ulaznih prostora.Vanjska zidna svjetiljka je klasi\u010dnog grla u koje pristaje ve\u0107ina LED ili halogenih \u017earulja.","robots":{"index":"index","follow":"follow","max-snippet":"max-snippet:-1","max-image-preview":"max-image-preview:large","max-video-preview":"max-video-preview:-1"},"canonical":"https:\/\/inti.hr\/bs\/proizvod\/zidna-svjetiljka-11-836-20\/","og_locale":"bs_BA","og_type":"article","og_title":"Zidna svjetiljka 11-836\/20 - Inti","og_description":"Vanjska zidna svjetiljka prilago\u0111ena je svim vremenskim utjecajima.Vanjska zidna svjetiljka svojim klasi\u010dnim dizajnom odli\u010dno \u0107e se uklopiti u prostore terasa, balkona ili ulaznih prostora.Vanjska zidna svjetiljka je klasi\u010dnog grla u koje pristaje ve\u0107ina LED ili halogenih \u017earulja.","og_url":"https:\/\/inti.hr\/bs\/proizvod\/zidna-svjetiljka-11-836-20\/","og_site_name":"Inti","og_image":[{"width":400,"height":400,"url":"https:\/\/i0.wp.com\/inti.hr\/wp-content\/uploads\/2021\/01\/white_space_400_400_80_imagesmadeekupi11836_366_400.jpg_0_0_100_c_c_s_c1.jpg?fit=400%2C400&ssl=1","type":"image\/jpeg"}],"twitter_card":"summary_large_image","schema":{"@context":"https:\/\/schema.org","@graph":[{"@type":"WebPage","@id":"https:\/\/inti.hr\/bs\/proizvod\/zidna-svjetiljka-11-836-20\/","url":"https:\/\/inti.hr\/bs\/proizvod\/zidna-svjetiljka-11-836-20\/","name":"Zidna svjetiljka 11-836\/20 - Inti","isPartOf":{"@id":"https:\/\/inti.hr\/bs\/#website"},"primaryImageOfPage":{"@id":"https:\/\/inti.hr\/bs\/proizvod\/zidna-svjetiljka-11-836-20\/#primaryimage"},"image":{"@id":"https:\/\/inti.hr\/bs\/proizvod\/zidna-svjetiljka-11-836-20\/#primaryimage"},"thumbnailUrl":"https:\/\/i0.wp.com\/inti.hr\/wp-content\/uploads\/2021\/01\/white_space_400_400_80_imagesmadeekupi11836_366_400.jpg_0_0_100_c_c_s_c1.jpg?fit=400%2C400&ssl=1","datePublished":"2021-01-12T09:52:37+00:00","dateModified":"2021-01-12T09:52:37+00:00","description":"Vanjska zidna svjetiljka prilago\u0111ena je svim vremenskim utjecajima.Vanjska zidna svjetiljka svojim klasi\u010dnim dizajnom odli\u010dno \u0107e se uklopiti u prostore terasa, balkona ili ulaznih prostora.Vanjska zidna svjetiljka je klasi\u010dnog grla u koje pristaje ve\u0107ina LED ili halogenih \u017earulja.","breadcrumb":{"@id":"https:\/\/inti.hr\/bs\/proizvod\/zidna-svjetiljka-11-836-20\/#breadcrumb"},"inLanguage":"bs-BA","potentialAction":[{"@type":"ReadAction","target":["https:\/\/inti.hr\/bs\/proizvod\/zidna-svjetiljka-11-836-20\/"]}]},{"@type":"ImageObject","inLanguage":"bs-BA","@id":"https:\/\/inti.hr\/bs\/proizvod\/zidna-svjetiljka-11-836-20\/#primaryimage","url":"https:\/\/i0.wp.com\/inti.hr\/wp-content\/uploads\/2021\/01\/white_space_400_400_80_imagesmadeekupi11836_366_400.jpg_0_0_100_c_c_s_c1.jpg?fit=400%2C400&ssl=1","contentUrl":"https:\/\/i0.wp.com\/inti.hr\/wp-content\/uploads\/2021\/01\/white_space_400_400_80_imagesmadeekupi11836_366_400.jpg_0_0_100_c_c_s_c1.jpg?fit=400%2C400&ssl=1","width":400,"height":400},{"@type":"BreadcrumbList","@id":"https:\/\/inti.hr\/bs\/proizvod\/zidna-svjetiljka-11-836-20\/#breadcrumb","itemListElement":[{"@type":"ListItem","position":1,"name":"Po\u010detna stranica","item":"https:\/\/inti.hr\/bs\/"},{"@type":"ListItem","position":2,"name":"Trgovina","item":"https:\/\/inti.hr\/bs\/trgovina\/"},{"@type":"ListItem","position":3,"name":"Zidna svjetiljka 11-836\/20"}]},{"@type":"WebSite","@id":"https:\/\/inti.hr\/bs\/#website","url":"https:\/\/inti.hr\/bs\/","name":"Inti","description":"trgovina","potentialAction":[{"@type":"SearchAction","target":{"@type":"EntryPoint","urlTemplate":"https:\/\/inti.hr\/bs\/?s={search_term_string}"},"query-input":{"@type":"PropertyValueSpecification","valueRequired":true,"valueName":"search_term_string"}}],"inLanguage":"bs-BA"}]}},"jetpack_sharing_enabled":true,"jetpack-related-posts":[],"_links":{"self":[{"href":"https:\/\/inti.hr\/bs\/wp-json\/wp\/v2\/product\/34583"}],"collection":[{"href":"https:\/\/inti.hr\/bs\/wp-json\/wp\/v2\/product"}],"about":[{"href":"https:\/\/inti.hr\/bs\/wp-json\/wp\/v2\/types\/product"}],"wp:featuredmedia":[{"embeddable":true,"href":"https:\/\/inti.hr\/bs\/wp-json\/wp\/v2\/media\/34584"}],"wp:attachment":[{"href":"https:\/\/inti.hr\/bs\/wp-json\/wp\/v2\/media?parent=34583"}],"wp:term":[{"taxonomy":"product_cat","embeddable":true,"href":"https:\/\/inti.hr\/bs\/wp-json\/wp\/v2\/product_cat?post=34583"},{"taxonomy":"product_tag","embeddable":true,"href":"https:\/\/inti.hr\/bs\/wp-json\/wp\/v2\/product_tag?post=34583"}],"curies":[{"name":"wp","href":"https:\/\/api.w.org\/{rel}","templated":true}]}}