{"id":34607,"date":"2020-12-28T10:27:32","date_gmt":"2020-12-28T10:27:32","guid":{"rendered":"https:\/\/inti.hr\/product\/podna-svjetiljka-19-137-20\/"},"modified":"2020-12-28T10:27:32","modified_gmt":"2020-12-28T10:27:32","slug":"podna-svjetiljka-19-137-20","status":"publish","type":"product","link":"https:\/\/inti.hr\/bs\/proizvod\/podna-svjetiljka-19-137-20\/","title":{"rendered":"Podna svjetiljka 19-137\/20"},"content":{"rendered":"<p>TEHNI\u010cKI PODACI<br \/>\nGrlo: E27<br \/>\nBroj izvora: 1<br \/>\nMax.snaga \u017earulje: 40W<br \/>\n\u017darulje uklju\u010dene: Ne<br \/>\nPromjer \/ \u0161irina (u mm): 280<br \/>\nVisina (u mm): 1200<br \/>\nNapon \/ Frekvencija: 220-240V~50\/60Hz<br \/>\nMaterijal: Staklo + metal<br \/>\nIP za\u0161tita: IP20<\/p>\n","protected":false},"excerpt":{"rendered":"<p>Elegantan i bezvremenski dizajn, ugodna svjetiljka kutne zlatne baze s pri\u010dvr\u0161\u0107enom &#8230; <\/p>\n","protected":false},"featured_media":34609,"template":"","meta":[],"product_cat":[2610],"product_tag":[4314,4315,2616],"yoast_head":"<!-- This site is optimized with the Yoast SEO plugin v23.7 - https:\/\/yoast.com\/wordpress\/plugins\/seo\/ -->\n<title>Podna svjetiljka 19-137\/20 - Inti<\/title>\n<meta name=\"description\" content=\"Elegantan i bezvremenski dizajn, ugodna svjetiljka kutne zlatne baze s pri\u010dvr\u0161\u0107enom mlije\u010dnom&quot;loptom&quot; koja naizgled prkosi zakonima gravitacije.Ova podna svjetiljka posti\u017ee osje\u0107aj ravnote\u017ee i podi\u017ee dojam svake prostorije.Savr\u0161ena je za prostore dnevnih boravaka, blagovaona, spava\u0107ih soba ali i za ostale prostorije u va\u0161em domu.\" \/>\n<meta name=\"robots\" content=\"index, follow, max-snippet:-1, max-image-preview:large, max-video-preview:-1\" \/>\n<link rel=\"canonical\" href=\"https:\/\/inti.hr\/bs\/proizvod\/podna-svjetiljka-19-137-20\/\" \/>\n<meta property=\"og:locale\" content=\"bs_BA\" \/>\n<meta property=\"og:type\" content=\"article\" \/>\n<meta property=\"og:title\" content=\"Podna svjetiljka 19-137\/20 - Inti\" \/>\n<meta property=\"og:description\" content=\"Elegantan i bezvremenski dizajn, ugodna svjetiljka kutne zlatne baze s pri\u010dvr\u0161\u0107enom mlije\u010dnom&quot;loptom&quot; koja naizgled prkosi zakonima gravitacije.Ova podna svjetiljka posti\u017ee osje\u0107aj ravnote\u017ee i podi\u017ee dojam svake prostorije.Savr\u0161ena je za prostore dnevnih boravaka, blagovaona, spava\u0107ih soba ali i za ostale prostorije u va\u0161em domu.\" \/>\n<meta property=\"og:url\" content=\"https:\/\/inti.hr\/bs\/proizvod\/podna-svjetiljka-19-137-20\/\" \/>\n<meta property=\"og:site_name\" content=\"Inti\" \/>\n<meta property=\"og:image\" content=\"https:\/\/i0.wp.com\/inti.hr\/wp-content\/uploads\/2020\/12\/podna-svjetiljka-19137-slika-141548472-1.jpg?fit=400%2C400&ssl=1\" \/>\n\t<meta property=\"og:image:width\" content=\"400\" \/>\n\t<meta property=\"og:image:height\" content=\"400\" \/>\n\t<meta property=\"og:image:type\" content=\"image\/jpeg\" \/>\n<meta name=\"twitter:card\" content=\"summary_large_image\" \/>\n<script type=\"application\/ld+json\" class=\"yoast-schema-graph\">{\"@context\":\"https:\/\/schema.org\",\"@graph\":[{\"@type\":\"WebPage\",\"@id\":\"https:\/\/inti.hr\/bs\/proizvod\/podna-svjetiljka-19-137-20\/\",\"url\":\"https:\/\/inti.hr\/bs\/proizvod\/podna-svjetiljka-19-137-20\/\",\"name\":\"Podna svjetiljka 19-137\/20 - Inti\",\"isPartOf\":{\"@id\":\"https:\/\/inti.hr\/bs\/#website\"},\"primaryImageOfPage\":{\"@id\":\"https:\/\/inti.hr\/bs\/proizvod\/podna-svjetiljka-19-137-20\/#primaryimage\"},\"image\":{\"@id\":\"https:\/\/inti.hr\/bs\/proizvod\/podna-svjetiljka-19-137-20\/#primaryimage\"},\"thumbnailUrl\":\"https:\/\/i0.wp.com\/inti.hr\/wp-content\/uploads\/2020\/12\/podna-svjetiljka-19137-slika-141548472-1.jpg?fit=400%2C400&ssl=1\",\"datePublished\":\"2020-12-28T10:27:32+00:00\",\"dateModified\":\"2020-12-28T10:27:32+00:00\",\"description\":\"Elegantan i bezvremenski dizajn, ugodna svjetiljka kutne zlatne baze s pri\u010dvr\u0161\u0107enom mlije\u010dnom\\\"loptom\\\" koja naizgled prkosi zakonima gravitacije.Ova podna svjetiljka posti\u017ee osje\u0107aj ravnote\u017ee i podi\u017ee dojam svake prostorije.Savr\u0161ena je za prostore dnevnih boravaka, blagovaona, spava\u0107ih soba ali i za ostale prostorije u va\u0161em domu.\",\"breadcrumb\":{\"@id\":\"https:\/\/inti.hr\/bs\/proizvod\/podna-svjetiljka-19-137-20\/#breadcrumb\"},\"inLanguage\":\"bs-BA\",\"potentialAction\":[{\"@type\":\"ReadAction\",\"target\":[\"https:\/\/inti.hr\/bs\/proizvod\/podna-svjetiljka-19-137-20\/\"]}]},{\"@type\":\"ImageObject\",\"inLanguage\":\"bs-BA\",\"@id\":\"https:\/\/inti.hr\/bs\/proizvod\/podna-svjetiljka-19-137-20\/#primaryimage\",\"url\":\"https:\/\/i0.wp.com\/inti.hr\/wp-content\/uploads\/2020\/12\/podna-svjetiljka-19137-slika-141548472-1.jpg?fit=400%2C400&ssl=1\",\"contentUrl\":\"https:\/\/i0.wp.com\/inti.hr\/wp-content\/uploads\/2020\/12\/podna-svjetiljka-19137-slika-141548472-1.jpg?fit=400%2C400&ssl=1\",\"width\":400,\"height\":400},{\"@type\":\"BreadcrumbList\",\"@id\":\"https:\/\/inti.hr\/bs\/proizvod\/podna-svjetiljka-19-137-20\/#breadcrumb\",\"itemListElement\":[{\"@type\":\"ListItem\",\"position\":1,\"name\":\"Po\u010detna stranica\",\"item\":\"https:\/\/inti.hr\/bs\/\"},{\"@type\":\"ListItem\",\"position\":2,\"name\":\"Trgovina\",\"item\":\"https:\/\/inti.hr\/bs\/trgovina\/\"},{\"@type\":\"ListItem\",\"position\":3,\"name\":\"Podna svjetiljka 19-137\/20\"}]},{\"@type\":\"WebSite\",\"@id\":\"https:\/\/inti.hr\/bs\/#website\",\"url\":\"https:\/\/inti.hr\/bs\/\",\"name\":\"Inti\",\"description\":\"trgovina\",\"potentialAction\":[{\"@type\":\"SearchAction\",\"target\":{\"@type\":\"EntryPoint\",\"urlTemplate\":\"https:\/\/inti.hr\/bs\/?s={search_term_string}\"},\"query-input\":{\"@type\":\"PropertyValueSpecification\",\"valueRequired\":true,\"valueName\":\"search_term_string\"}}],\"inLanguage\":\"bs-BA\"}]}<\/script>\n<!-- \/ Yoast SEO plugin. -->","yoast_head_json":{"title":"Podna svjetiljka 19-137\/20 - Inti","description":"Elegantan i bezvremenski dizajn, ugodna svjetiljka kutne zlatne baze s pri\u010dvr\u0161\u0107enom mlije\u010dnom\"loptom\" koja naizgled prkosi zakonima gravitacije.Ova podna svjetiljka posti\u017ee osje\u0107aj ravnote\u017ee i podi\u017ee dojam svake prostorije.Savr\u0161ena je za prostore dnevnih boravaka, blagovaona, spava\u0107ih soba ali i za ostale prostorije u va\u0161em domu.","robots":{"index":"index","follow":"follow","max-snippet":"max-snippet:-1","max-image-preview":"max-image-preview:large","max-video-preview":"max-video-preview:-1"},"canonical":"https:\/\/inti.hr\/bs\/proizvod\/podna-svjetiljka-19-137-20\/","og_locale":"bs_BA","og_type":"article","og_title":"Podna svjetiljka 19-137\/20 - Inti","og_description":"Elegantan i bezvremenski dizajn, ugodna svjetiljka kutne zlatne baze s pri\u010dvr\u0161\u0107enom mlije\u010dnom\"loptom\" koja naizgled prkosi zakonima gravitacije.Ova podna svjetiljka posti\u017ee osje\u0107aj ravnote\u017ee i podi\u017ee dojam svake prostorije.Savr\u0161ena je za prostore dnevnih boravaka, blagovaona, spava\u0107ih soba ali i za ostale prostorije u va\u0161em domu.","og_url":"https:\/\/inti.hr\/bs\/proizvod\/podna-svjetiljka-19-137-20\/","og_site_name":"Inti","og_image":[{"width":400,"height":400,"url":"https:\/\/i0.wp.com\/inti.hr\/wp-content\/uploads\/2020\/12\/podna-svjetiljka-19137-slika-141548472-1.jpg?fit=400%2C400&ssl=1","type":"image\/jpeg"}],"twitter_card":"summary_large_image","schema":{"@context":"https:\/\/schema.org","@graph":[{"@type":"WebPage","@id":"https:\/\/inti.hr\/bs\/proizvod\/podna-svjetiljka-19-137-20\/","url":"https:\/\/inti.hr\/bs\/proizvod\/podna-svjetiljka-19-137-20\/","name":"Podna svjetiljka 19-137\/20 - Inti","isPartOf":{"@id":"https:\/\/inti.hr\/bs\/#website"},"primaryImageOfPage":{"@id":"https:\/\/inti.hr\/bs\/proizvod\/podna-svjetiljka-19-137-20\/#primaryimage"},"image":{"@id":"https:\/\/inti.hr\/bs\/proizvod\/podna-svjetiljka-19-137-20\/#primaryimage"},"thumbnailUrl":"https:\/\/i0.wp.com\/inti.hr\/wp-content\/uploads\/2020\/12\/podna-svjetiljka-19137-slika-141548472-1.jpg?fit=400%2C400&ssl=1","datePublished":"2020-12-28T10:27:32+00:00","dateModified":"2020-12-28T10:27:32+00:00","description":"Elegantan i bezvremenski dizajn, ugodna svjetiljka kutne zlatne baze s pri\u010dvr\u0161\u0107enom mlije\u010dnom\"loptom\" koja naizgled prkosi zakonima gravitacije.Ova podna svjetiljka posti\u017ee osje\u0107aj ravnote\u017ee i podi\u017ee dojam svake prostorije.Savr\u0161ena je za prostore dnevnih boravaka, blagovaona, spava\u0107ih soba ali i za ostale prostorije u va\u0161em domu.","breadcrumb":{"@id":"https:\/\/inti.hr\/bs\/proizvod\/podna-svjetiljka-19-137-20\/#breadcrumb"},"inLanguage":"bs-BA","potentialAction":[{"@type":"ReadAction","target":["https:\/\/inti.hr\/bs\/proizvod\/podna-svjetiljka-19-137-20\/"]}]},{"@type":"ImageObject","inLanguage":"bs-BA","@id":"https:\/\/inti.hr\/bs\/proizvod\/podna-svjetiljka-19-137-20\/#primaryimage","url":"https:\/\/i0.wp.com\/inti.hr\/wp-content\/uploads\/2020\/12\/podna-svjetiljka-19137-slika-141548472-1.jpg?fit=400%2C400&ssl=1","contentUrl":"https:\/\/i0.wp.com\/inti.hr\/wp-content\/uploads\/2020\/12\/podna-svjetiljka-19137-slika-141548472-1.jpg?fit=400%2C400&ssl=1","width":400,"height":400},{"@type":"BreadcrumbList","@id":"https:\/\/inti.hr\/bs\/proizvod\/podna-svjetiljka-19-137-20\/#breadcrumb","itemListElement":[{"@type":"ListItem","position":1,"name":"Po\u010detna stranica","item":"https:\/\/inti.hr\/bs\/"},{"@type":"ListItem","position":2,"name":"Trgovina","item":"https:\/\/inti.hr\/bs\/trgovina\/"},{"@type":"ListItem","position":3,"name":"Podna svjetiljka 19-137\/20"}]},{"@type":"WebSite","@id":"https:\/\/inti.hr\/bs\/#website","url":"https:\/\/inti.hr\/bs\/","name":"Inti","description":"trgovina","potentialAction":[{"@type":"SearchAction","target":{"@type":"EntryPoint","urlTemplate":"https:\/\/inti.hr\/bs\/?s={search_term_string}"},"query-input":{"@type":"PropertyValueSpecification","valueRequired":true,"valueName":"search_term_string"}}],"inLanguage":"bs-BA"}]}},"jetpack_sharing_enabled":true,"jetpack-related-posts":[],"_links":{"self":[{"href":"https:\/\/inti.hr\/bs\/wp-json\/wp\/v2\/product\/34607"}],"collection":[{"href":"https:\/\/inti.hr\/bs\/wp-json\/wp\/v2\/product"}],"about":[{"href":"https:\/\/inti.hr\/bs\/wp-json\/wp\/v2\/types\/product"}],"wp:featuredmedia":[{"embeddable":true,"href":"https:\/\/inti.hr\/bs\/wp-json\/wp\/v2\/media\/34609"}],"wp:attachment":[{"href":"https:\/\/inti.hr\/bs\/wp-json\/wp\/v2\/media?parent=34607"}],"wp:term":[{"taxonomy":"product_cat","embeddable":true,"href":"https:\/\/inti.hr\/bs\/wp-json\/wp\/v2\/product_cat?post=34607"},{"taxonomy":"product_tag","embeddable":true,"href":"https:\/\/inti.hr\/bs\/wp-json\/wp\/v2\/product_tag?post=34607"}],"curies":[{"name":"wp","href":"https:\/\/api.w.org\/{rel}","templated":true}]}}