{"id":34691,"date":"2025-11-11T08:14:55","date_gmt":"2025-11-11T07:14:55","guid":{"rendered":"https:\/\/inti.hr\/product\/kosara-za-rublje-s-dva-odjeljka-od-oxford-tkanine\/"},"modified":"2025-11-11T08:14:55","modified_gmt":"2025-11-11T07:14:55","slug":"kosara-za-rublje-s-dva-odjeljka-od-oxford-tkanine","status":"publish","type":"product","link":"https:\/\/inti.hr\/bs\/proizvod\/kosara-za-rublje-s-dva-odjeljka-od-oxford-tkanine\/","title":{"rendered":"Ko\u0161ara za rublje s dva odjeljka od Oxford tkanine"},"content":{"rendered":"<ul>\n<li><b><span dir=\"auto\">Detalji o proizvodu:<\/span><\/b><\/li>\n<li><span dir=\"auto\">Boja: Devil sme\u0111a<\/span><\/li>\n<li><span dir=\"auto\">Materijal: 600D Oxford tkanina, bambus, \u0161tapi\u0107i od fiberglasa, karton<\/span><\/li>\n<li><span dir=\"auto\">Veli\u010dina: 52 x 38,5 x 70,5 cm (D x \u0160 x V)<\/span><\/li>\n<li><span dir=\"auto\">Te\u017eina: 2,1 kg<\/span><\/li>\n<li><span dir=\"auto\">Maksimalna stati\u010dka nosivost: 15 kg<\/span><\/li>\n<\/ul>\n","protected":false},"excerpt":{"rendered":"<div id=\"shopify-section-template--24859260977476__df93b25a-87c1-472b-a64c-99e1d4012875\" class=\"shopify-section p_Description preview-tabbar-item\">\n<div id=\"pr_des_warp\" class=\"container\">\n<div class=\"des_datail\">\n<div id=\"fedc5fb3-13e6-4fbd-b21f-4f05ee4a84a7\" class=\"des_item key_features\">\n<ul ...  \n\n","protected":false},"featured_media":34692,"template":"","meta":[],"product_cat":[2392],"product_tag":[2424,4350],"yoast_head":"<!-- This site is optimized with the Yoast SEO plugin v23.7 - https:\/\/yoast.com\/wordpress\/plugins\/seo\/ -->\n<title>Ko\u0161ara za rublje s dva odjeljka od Oxford tkanine - Inti<\/title>\n<meta name=\"description\" content=\"[2 prostrana odjeljka] Ova ko\u0161ara za rublje od 130 l, dimenzija 52 x 38,5 x 70,5 cm i s 2 odjeljka, savr\u0161ena je za sortiranje rublja u ku\u0107anstvu od 3 osobe i pojednostavljenje rutine pranja rublja.[Prakti\u010dni poklopac s ru\u010dkom] Poklopac sprje\u010dava ulazak pra\u0161ine i \u0161titi va\u0161u privatnost. Logotip od umjetne ko\u017ee na poklopcu slu\u017ei kao ru\u010dka za jednostavno otvaranje i dodaje da\u0161ak elegancije.[Uklonjive i svestrane vre\u0107ice] Vre\u0107ice, pri\u010dvr\u0161\u0107ene \u010di\u010dak trakama, lako se skidaju. Vezice slu\u017ee kao ru\u010dke za lak\u0161e no\u0161enje. Zahvaljuju\u0107i mre\u017eastom dizajnu, prikladne su i kao vre\u0107e za rublje za pranje u perilici rublja.[Izdr\u017eljiva i robusna] Ko\u0161ara za rublje izra\u0111ena je od 600D debele Oxford tkanine, koja je vodoodbojna, otporna na kidanje i jednostavna za \u010di\u0161\u0107enje. Unutarnju strukturu podupiru \u0161ipke od stakloplastike za dodatnu stabilnost.[Jednostavna monta\u017ea] Jasne upute i bez potrebe za alatima \u2013 ovu ko\u0161aru za rublje mo\u017eete sastaviti za samo 5 minuta.\" \/>\n<meta name=\"robots\" content=\"index, follow, max-snippet:-1, max-image-preview:large, max-video-preview:-1\" \/>\n<link rel=\"canonical\" href=\"https:\/\/inti.hr\/bs\/proizvod\/kosara-za-rublje-s-dva-odjeljka-od-oxford-tkanine\/\" \/>\n<meta property=\"og:locale\" content=\"bs_BA\" \/>\n<meta property=\"og:type\" content=\"article\" \/>\n<meta property=\"og:title\" content=\"Ko\u0161ara za rublje s dva odjeljka od Oxford tkanine - Inti\" \/>\n<meta property=\"og:description\" content=\"[2 prostrana odjeljka] Ova ko\u0161ara za rublje od 130 l, dimenzija 52 x 38,5 x 70,5 cm i s 2 odjeljka, savr\u0161ena je za sortiranje rublja u ku\u0107anstvu od 3 osobe i pojednostavljenje rutine pranja rublja.[Prakti\u010dni poklopac s ru\u010dkom] Poklopac sprje\u010dava ulazak pra\u0161ine i \u0161titi va\u0161u privatnost. Logotip od umjetne ko\u017ee na poklopcu slu\u017ei kao ru\u010dka za jednostavno otvaranje i dodaje da\u0161ak elegancije.[Uklonjive i svestrane vre\u0107ice] Vre\u0107ice, pri\u010dvr\u0161\u0107ene \u010di\u010dak trakama, lako se skidaju. Vezice slu\u017ee kao ru\u010dke za lak\u0161e no\u0161enje. Zahvaljuju\u0107i mre\u017eastom dizajnu, prikladne su i kao vre\u0107e za rublje za pranje u perilici rublja.[Izdr\u017eljiva i robusna] Ko\u0161ara za rublje izra\u0111ena je od 600D debele Oxford tkanine, koja je vodoodbojna, otporna na kidanje i jednostavna za \u010di\u0161\u0107enje. Unutarnju strukturu podupiru \u0161ipke od stakloplastike za dodatnu stabilnost.[Jednostavna monta\u017ea] Jasne upute i bez potrebe za alatima \u2013 ovu ko\u0161aru za rublje mo\u017eete sastaviti za samo 5 minuta.\" \/>\n<meta property=\"og:url\" content=\"https:\/\/inti.hr\/bs\/proizvod\/kosara-za-rublje-s-dva-odjeljka-od-oxford-tkanine\/\" \/>\n<meta property=\"og:site_name\" content=\"Inti\" \/>\n<meta property=\"og:image\" content=\"https:\/\/i0.wp.com\/inti.hr\/wp-content\/uploads\/2025\/11\/LCB513LJ01-1.jpg?fit=1000%2C1000&ssl=1\" \/>\n\t<meta property=\"og:image:width\" content=\"1000\" \/>\n\t<meta property=\"og:image:height\" content=\"1000\" \/>\n\t<meta property=\"og:image:type\" content=\"image\/jpeg\" \/>\n<meta name=\"twitter:card\" content=\"summary_large_image\" \/>\n<script type=\"application\/ld+json\" class=\"yoast-schema-graph\">{\"@context\":\"https:\/\/schema.org\",\"@graph\":[{\"@type\":\"WebPage\",\"@id\":\"https:\/\/inti.hr\/bs\/proizvod\/kosara-za-rublje-s-dva-odjeljka-od-oxford-tkanine\/\",\"url\":\"https:\/\/inti.hr\/bs\/proizvod\/kosara-za-rublje-s-dva-odjeljka-od-oxford-tkanine\/\",\"name\":\"Ko\u0161ara za rublje s dva odjeljka od Oxford tkanine - Inti\",\"isPartOf\":{\"@id\":\"https:\/\/inti.hr\/bs\/#website\"},\"primaryImageOfPage\":{\"@id\":\"https:\/\/inti.hr\/bs\/proizvod\/kosara-za-rublje-s-dva-odjeljka-od-oxford-tkanine\/#primaryimage\"},\"image\":{\"@id\":\"https:\/\/inti.hr\/bs\/proizvod\/kosara-za-rublje-s-dva-odjeljka-od-oxford-tkanine\/#primaryimage\"},\"thumbnailUrl\":\"https:\/\/i0.wp.com\/inti.hr\/wp-content\/uploads\/2025\/11\/LCB513LJ01-1.jpg?fit=1000%2C1000&ssl=1\",\"datePublished\":\"2025-11-11T07:14:55+00:00\",\"dateModified\":\"2025-11-11T07:14:55+00:00\",\"description\":\"[2 prostrana odjeljka] Ova ko\u0161ara za rublje od 130 l, dimenzija 52 x 38,5 x 70,5 cm i s 2 odjeljka, savr\u0161ena je za sortiranje rublja u ku\u0107anstvu od 3 osobe i pojednostavljenje rutine pranja rublja.[Prakti\u010dni poklopac s ru\u010dkom] Poklopac sprje\u010dava ulazak pra\u0161ine i \u0161titi va\u0161u privatnost. Logotip od umjetne ko\u017ee na poklopcu slu\u017ei kao ru\u010dka za jednostavno otvaranje i dodaje da\u0161ak elegancije.[Uklonjive i svestrane vre\u0107ice] Vre\u0107ice, pri\u010dvr\u0161\u0107ene \u010di\u010dak trakama, lako se skidaju. Vezice slu\u017ee kao ru\u010dke za lak\u0161e no\u0161enje. Zahvaljuju\u0107i mre\u017eastom dizajnu, prikladne su i kao vre\u0107e za rublje za pranje u perilici rublja.[Izdr\u017eljiva i robusna] Ko\u0161ara za rublje izra\u0111ena je od 600D debele Oxford tkanine, koja je vodoodbojna, otporna na kidanje i jednostavna za \u010di\u0161\u0107enje. Unutarnju strukturu podupiru \u0161ipke od stakloplastike za dodatnu stabilnost.[Jednostavna monta\u017ea] Jasne upute i bez potrebe za alatima \u2013 ovu ko\u0161aru za rublje mo\u017eete sastaviti za samo 5 minuta.\",\"breadcrumb\":{\"@id\":\"https:\/\/inti.hr\/bs\/proizvod\/kosara-za-rublje-s-dva-odjeljka-od-oxford-tkanine\/#breadcrumb\"},\"inLanguage\":\"bs-BA\",\"potentialAction\":[{\"@type\":\"ReadAction\",\"target\":[\"https:\/\/inti.hr\/bs\/proizvod\/kosara-za-rublje-s-dva-odjeljka-od-oxford-tkanine\/\"]}]},{\"@type\":\"ImageObject\",\"inLanguage\":\"bs-BA\",\"@id\":\"https:\/\/inti.hr\/bs\/proizvod\/kosara-za-rublje-s-dva-odjeljka-od-oxford-tkanine\/#primaryimage\",\"url\":\"https:\/\/i0.wp.com\/inti.hr\/wp-content\/uploads\/2025\/11\/LCB513LJ01-1.jpg?fit=1000%2C1000&ssl=1\",\"contentUrl\":\"https:\/\/i0.wp.com\/inti.hr\/wp-content\/uploads\/2025\/11\/LCB513LJ01-1.jpg?fit=1000%2C1000&ssl=1\",\"width\":1000,\"height\":1000,\"caption\":\"SONGMICS Ko\u0161ara za rublje s dva odjeljka od Oxford tkanine\"},{\"@type\":\"BreadcrumbList\",\"@id\":\"https:\/\/inti.hr\/bs\/proizvod\/kosara-za-rublje-s-dva-odjeljka-od-oxford-tkanine\/#breadcrumb\",\"itemListElement\":[{\"@type\":\"ListItem\",\"position\":1,\"name\":\"Po\u010detna stranica\",\"item\":\"https:\/\/inti.hr\/bs\/\"},{\"@type\":\"ListItem\",\"position\":2,\"name\":\"Trgovina\",\"item\":\"https:\/\/inti.hr\/bs\/trgovina\/\"},{\"@type\":\"ListItem\",\"position\":3,\"name\":\"Ko\u0161ara za rublje s dva odjeljka od Oxford tkanine\"}]},{\"@type\":\"WebSite\",\"@id\":\"https:\/\/inti.hr\/bs\/#website\",\"url\":\"https:\/\/inti.hr\/bs\/\",\"name\":\"Inti\",\"description\":\"trgovina\",\"potentialAction\":[{\"@type\":\"SearchAction\",\"target\":{\"@type\":\"EntryPoint\",\"urlTemplate\":\"https:\/\/inti.hr\/bs\/?s={search_term_string}\"},\"query-input\":{\"@type\":\"PropertyValueSpecification\",\"valueRequired\":true,\"valueName\":\"search_term_string\"}}],\"inLanguage\":\"bs-BA\"}]}<\/script>\n<!-- \/ Yoast SEO plugin. -->","yoast_head_json":{"title":"Ko\u0161ara za rublje s dva odjeljka od Oxford tkanine - Inti","description":"[2 prostrana odjeljka] Ova ko\u0161ara za rublje od 130 l, dimenzija 52 x 38,5 x 70,5 cm i s 2 odjeljka, savr\u0161ena je za sortiranje rublja u ku\u0107anstvu od 3 osobe i pojednostavljenje rutine pranja rublja.[Prakti\u010dni poklopac s ru\u010dkom] Poklopac sprje\u010dava ulazak pra\u0161ine i \u0161titi va\u0161u privatnost. Logotip od umjetne ko\u017ee na poklopcu slu\u017ei kao ru\u010dka za jednostavno otvaranje i dodaje da\u0161ak elegancije.[Uklonjive i svestrane vre\u0107ice] Vre\u0107ice, pri\u010dvr\u0161\u0107ene \u010di\u010dak trakama, lako se skidaju. Vezice slu\u017ee kao ru\u010dke za lak\u0161e no\u0161enje. Zahvaljuju\u0107i mre\u017eastom dizajnu, prikladne su i kao vre\u0107e za rublje za pranje u perilici rublja.[Izdr\u017eljiva i robusna] Ko\u0161ara za rublje izra\u0111ena je od 600D debele Oxford tkanine, koja je vodoodbojna, otporna na kidanje i jednostavna za \u010di\u0161\u0107enje. Unutarnju strukturu podupiru \u0161ipke od stakloplastike za dodatnu stabilnost.[Jednostavna monta\u017ea] Jasne upute i bez potrebe za alatima \u2013 ovu ko\u0161aru za rublje mo\u017eete sastaviti za samo 5 minuta.","robots":{"index":"index","follow":"follow","max-snippet":"max-snippet:-1","max-image-preview":"max-image-preview:large","max-video-preview":"max-video-preview:-1"},"canonical":"https:\/\/inti.hr\/bs\/proizvod\/kosara-za-rublje-s-dva-odjeljka-od-oxford-tkanine\/","og_locale":"bs_BA","og_type":"article","og_title":"Ko\u0161ara za rublje s dva odjeljka od Oxford tkanine - Inti","og_description":"[2 prostrana odjeljka] Ova ko\u0161ara za rublje od 130 l, dimenzija 52 x 38,5 x 70,5 cm i s 2 odjeljka, savr\u0161ena je za sortiranje rublja u ku\u0107anstvu od 3 osobe i pojednostavljenje rutine pranja rublja.[Prakti\u010dni poklopac s ru\u010dkom] Poklopac sprje\u010dava ulazak pra\u0161ine i \u0161titi va\u0161u privatnost. Logotip od umjetne ko\u017ee na poklopcu slu\u017ei kao ru\u010dka za jednostavno otvaranje i dodaje da\u0161ak elegancije.[Uklonjive i svestrane vre\u0107ice] Vre\u0107ice, pri\u010dvr\u0161\u0107ene \u010di\u010dak trakama, lako se skidaju. Vezice slu\u017ee kao ru\u010dke za lak\u0161e no\u0161enje. Zahvaljuju\u0107i mre\u017eastom dizajnu, prikladne su i kao vre\u0107e za rublje za pranje u perilici rublja.[Izdr\u017eljiva i robusna] Ko\u0161ara za rublje izra\u0111ena je od 600D debele Oxford tkanine, koja je vodoodbojna, otporna na kidanje i jednostavna za \u010di\u0161\u0107enje. Unutarnju strukturu podupiru \u0161ipke od stakloplastike za dodatnu stabilnost.[Jednostavna monta\u017ea] Jasne upute i bez potrebe za alatima \u2013 ovu ko\u0161aru za rublje mo\u017eete sastaviti za samo 5 minuta.","og_url":"https:\/\/inti.hr\/bs\/proizvod\/kosara-za-rublje-s-dva-odjeljka-od-oxford-tkanine\/","og_site_name":"Inti","og_image":[{"width":1000,"height":1000,"url":"https:\/\/i0.wp.com\/inti.hr\/wp-content\/uploads\/2025\/11\/LCB513LJ01-1.jpg?fit=1000%2C1000&ssl=1","type":"image\/jpeg"}],"twitter_card":"summary_large_image","schema":{"@context":"https:\/\/schema.org","@graph":[{"@type":"WebPage","@id":"https:\/\/inti.hr\/bs\/proizvod\/kosara-za-rublje-s-dva-odjeljka-od-oxford-tkanine\/","url":"https:\/\/inti.hr\/bs\/proizvod\/kosara-za-rublje-s-dva-odjeljka-od-oxford-tkanine\/","name":"Ko\u0161ara za rublje s dva odjeljka od Oxford tkanine - Inti","isPartOf":{"@id":"https:\/\/inti.hr\/bs\/#website"},"primaryImageOfPage":{"@id":"https:\/\/inti.hr\/bs\/proizvod\/kosara-za-rublje-s-dva-odjeljka-od-oxford-tkanine\/#primaryimage"},"image":{"@id":"https:\/\/inti.hr\/bs\/proizvod\/kosara-za-rublje-s-dva-odjeljka-od-oxford-tkanine\/#primaryimage"},"thumbnailUrl":"https:\/\/i0.wp.com\/inti.hr\/wp-content\/uploads\/2025\/11\/LCB513LJ01-1.jpg?fit=1000%2C1000&ssl=1","datePublished":"2025-11-11T07:14:55+00:00","dateModified":"2025-11-11T07:14:55+00:00","description":"[2 prostrana odjeljka] Ova ko\u0161ara za rublje od 130 l, dimenzija 52 x 38,5 x 70,5 cm i s 2 odjeljka, savr\u0161ena je za sortiranje rublja u ku\u0107anstvu od 3 osobe i pojednostavljenje rutine pranja rublja.[Prakti\u010dni poklopac s ru\u010dkom] Poklopac sprje\u010dava ulazak pra\u0161ine i \u0161titi va\u0161u privatnost. Logotip od umjetne ko\u017ee na poklopcu slu\u017ei kao ru\u010dka za jednostavno otvaranje i dodaje da\u0161ak elegancije.[Uklonjive i svestrane vre\u0107ice] Vre\u0107ice, pri\u010dvr\u0161\u0107ene \u010di\u010dak trakama, lako se skidaju. Vezice slu\u017ee kao ru\u010dke za lak\u0161e no\u0161enje. Zahvaljuju\u0107i mre\u017eastom dizajnu, prikladne su i kao vre\u0107e za rublje za pranje u perilici rublja.[Izdr\u017eljiva i robusna] Ko\u0161ara za rublje izra\u0111ena je od 600D debele Oxford tkanine, koja je vodoodbojna, otporna na kidanje i jednostavna za \u010di\u0161\u0107enje. Unutarnju strukturu podupiru \u0161ipke od stakloplastike za dodatnu stabilnost.[Jednostavna monta\u017ea] Jasne upute i bez potrebe za alatima \u2013 ovu ko\u0161aru za rublje mo\u017eete sastaviti za samo 5 minuta.","breadcrumb":{"@id":"https:\/\/inti.hr\/bs\/proizvod\/kosara-za-rublje-s-dva-odjeljka-od-oxford-tkanine\/#breadcrumb"},"inLanguage":"bs-BA","potentialAction":[{"@type":"ReadAction","target":["https:\/\/inti.hr\/bs\/proizvod\/kosara-za-rublje-s-dva-odjeljka-od-oxford-tkanine\/"]}]},{"@type":"ImageObject","inLanguage":"bs-BA","@id":"https:\/\/inti.hr\/bs\/proizvod\/kosara-za-rublje-s-dva-odjeljka-od-oxford-tkanine\/#primaryimage","url":"https:\/\/i0.wp.com\/inti.hr\/wp-content\/uploads\/2025\/11\/LCB513LJ01-1.jpg?fit=1000%2C1000&ssl=1","contentUrl":"https:\/\/i0.wp.com\/inti.hr\/wp-content\/uploads\/2025\/11\/LCB513LJ01-1.jpg?fit=1000%2C1000&ssl=1","width":1000,"height":1000,"caption":"SONGMICS Ko\u0161ara za rublje s dva odjeljka od Oxford tkanine"},{"@type":"BreadcrumbList","@id":"https:\/\/inti.hr\/bs\/proizvod\/kosara-za-rublje-s-dva-odjeljka-od-oxford-tkanine\/#breadcrumb","itemListElement":[{"@type":"ListItem","position":1,"name":"Po\u010detna stranica","item":"https:\/\/inti.hr\/bs\/"},{"@type":"ListItem","position":2,"name":"Trgovina","item":"https:\/\/inti.hr\/bs\/trgovina\/"},{"@type":"ListItem","position":3,"name":"Ko\u0161ara za rublje s dva odjeljka od Oxford tkanine"}]},{"@type":"WebSite","@id":"https:\/\/inti.hr\/bs\/#website","url":"https:\/\/inti.hr\/bs\/","name":"Inti","description":"trgovina","potentialAction":[{"@type":"SearchAction","target":{"@type":"EntryPoint","urlTemplate":"https:\/\/inti.hr\/bs\/?s={search_term_string}"},"query-input":{"@type":"PropertyValueSpecification","valueRequired":true,"valueName":"search_term_string"}}],"inLanguage":"bs-BA"}]}},"jetpack_sharing_enabled":true,"jetpack-related-posts":[],"_links":{"self":[{"href":"https:\/\/inti.hr\/bs\/wp-json\/wp\/v2\/product\/34691"}],"collection":[{"href":"https:\/\/inti.hr\/bs\/wp-json\/wp\/v2\/product"}],"about":[{"href":"https:\/\/inti.hr\/bs\/wp-json\/wp\/v2\/types\/product"}],"wp:featuredmedia":[{"embeddable":true,"href":"https:\/\/inti.hr\/bs\/wp-json\/wp\/v2\/media\/34692"}],"wp:attachment":[{"href":"https:\/\/inti.hr\/bs\/wp-json\/wp\/v2\/media?parent=34691"}],"wp:term":[{"taxonomy":"product_cat","embeddable":true,"href":"https:\/\/inti.hr\/bs\/wp-json\/wp\/v2\/product_cat?post=34691"},{"taxonomy":"product_tag","embeddable":true,"href":"https:\/\/inti.hr\/bs\/wp-json\/wp\/v2\/product_tag?post=34691"}],"curies":[{"name":"wp","href":"https:\/\/api.w.org\/{rel}","templated":true}]}}