{"id":34707,"date":"2025-11-06T14:14:02","date_gmt":"2025-11-06T13:14:02","guid":{"rendered":"https:\/\/inti.hr\/product\/uski-nocni-ormaric-20-x-35-x-60-cm\/"},"modified":"2025-11-06T14:14:02","modified_gmt":"2025-11-06T13:14:02","slug":"uski-nocni-ormaric-20-x-35-x-60-cm","status":"publish","type":"product","link":"https:\/\/inti.hr\/bs\/proizvod\/uski-nocni-ormaric-20-x-35-x-60-cm\/","title":{"rendered":"Uski no\u0107ni ormari\u0107 20 x 35 x 60 cm"},"content":{"rendered":"<p>Detalji proizvoda:<br \/>\nMaterijal: Iverica (PB), MDF (E1). Dimenzije: D20 \u00d7 \u016035 \u00d7 V60 cm. Te\u017eina: 5,5 kg. Maksimalno optere\u0107enje: 20 kg. Dimenzije pakiranja: D49 \u00d7 \u016040 \u00d7 V11 cm.<\/p>\n<p>Izra\u0111en od MDF-a i PB-a E1 klase, stoli\u0107 za kavu je stabilan i mo\u017ee podnijeti do 20 kg. Idealan za lampe, knjige i svakodnevne dodatke.<\/p>\n","protected":false},"excerpt":{"rendered":"<p>Ovaj uski no\u0107ni ormari\u0107 ima prakti\u010dnu ladicu koja se mo\u017ee postaviti &#8230; <\/p>\n","protected":false},"featured_media":34708,"template":"","meta":[],"product_cat":[2414],"product_tag":[2672,2673],"yoast_head":"<!-- This site is optimized with the Yoast SEO plugin v23.7 - https:\/\/yoast.com\/wordpress\/plugins\/seo\/ -->\n<title>Uski no\u0107ni ormari\u0107 20 x 35 x 60 cm - Inti<\/title>\n<meta name=\"description\" content=\"Ovaj uski no\u0107ni ormari\u0107 ima prakti\u010dnu ladicu koja se mo\u017ee postaviti lijevo ili desno. Otvorena donja polica omogu\u0107uje vam pohranu knjiga, daljinskih upravlja\u010da ili ukrasnih predmeta. Gornja polica ima podignute rubove kako bi se sprije\u010dilo ispadanje predmeta. Sa \u0161irinom od samo 20 cm, ovaj stoli\u0107 za kavu savr\u0161eno se uklapa u male prostore poput spava\u0107ih soba, dnevnih soba ili hodnika. Utor u podno\u017eju omogu\u0107uje mu savr\u0161eno pristajanje uza zid.\u00a0\" \/>\n<meta name=\"robots\" content=\"index, follow, max-snippet:-1, max-image-preview:large, max-video-preview:-1\" \/>\n<link rel=\"canonical\" href=\"https:\/\/inti.hr\/bs\/proizvod\/uski-nocni-ormaric-20-x-35-x-60-cm\/\" \/>\n<meta property=\"og:locale\" content=\"bs_BA\" \/>\n<meta property=\"og:type\" content=\"article\" \/>\n<meta property=\"og:title\" content=\"Uski no\u0107ni ormari\u0107 20 x 35 x 60 cm - Inti\" \/>\n<meta property=\"og:description\" content=\"Ovaj uski no\u0107ni ormari\u0107 ima prakti\u010dnu ladicu koja se mo\u017ee postaviti lijevo ili desno. Otvorena donja polica omogu\u0107uje vam pohranu knjiga, daljinskih upravlja\u010da ili ukrasnih predmeta. Gornja polica ima podignute rubove kako bi se sprije\u010dilo ispadanje predmeta. Sa \u0161irinom od samo 20 cm, ovaj stoli\u0107 za kavu savr\u0161eno se uklapa u male prostore poput spava\u0107ih soba, dnevnih soba ili hodnika. Utor u podno\u017eju omogu\u0107uje mu savr\u0161eno pristajanje uza zid.\u00a0\" \/>\n<meta property=\"og:url\" content=\"https:\/\/inti.hr\/bs\/proizvod\/uski-nocni-ormaric-20-x-35-x-60-cm\/\" \/>\n<meta property=\"og:site_name\" content=\"Inti\" \/>\n<meta property=\"og:image\" content=\"https:\/\/i0.wp.com\/inti.hr\/wp-content\/uploads\/2025\/11\/FBT171-WN-S008_1800x1800.webp?fit=1600%2C1600&ssl=1\" \/>\n\t<meta property=\"og:image:width\" content=\"1600\" \/>\n\t<meta property=\"og:image:height\" content=\"1600\" \/>\n\t<meta property=\"og:image:type\" content=\"image\/webp\" \/>\n<meta name=\"twitter:card\" content=\"summary_large_image\" \/>\n<script type=\"application\/ld+json\" class=\"yoast-schema-graph\">{\"@context\":\"https:\/\/schema.org\",\"@graph\":[{\"@type\":\"WebPage\",\"@id\":\"https:\/\/inti.hr\/bs\/proizvod\/uski-nocni-ormaric-20-x-35-x-60-cm\/\",\"url\":\"https:\/\/inti.hr\/bs\/proizvod\/uski-nocni-ormaric-20-x-35-x-60-cm\/\",\"name\":\"Uski no\u0107ni ormari\u0107 20 x 35 x 60 cm - Inti\",\"isPartOf\":{\"@id\":\"https:\/\/inti.hr\/bs\/#website\"},\"primaryImageOfPage\":{\"@id\":\"https:\/\/inti.hr\/bs\/proizvod\/uski-nocni-ormaric-20-x-35-x-60-cm\/#primaryimage\"},\"image\":{\"@id\":\"https:\/\/inti.hr\/bs\/proizvod\/uski-nocni-ormaric-20-x-35-x-60-cm\/#primaryimage\"},\"thumbnailUrl\":\"https:\/\/i0.wp.com\/inti.hr\/wp-content\/uploads\/2025\/11\/FBT171-WN-S008_1800x1800.webp?fit=1600%2C1600&ssl=1\",\"datePublished\":\"2025-11-06T13:14:02+00:00\",\"dateModified\":\"2025-11-06T13:14:02+00:00\",\"description\":\"Ovaj uski no\u0107ni ormari\u0107 ima prakti\u010dnu ladicu koja se mo\u017ee postaviti lijevo ili desno. Otvorena donja polica omogu\u0107uje vam pohranu knjiga, daljinskih upravlja\u010da ili ukrasnih predmeta. Gornja polica ima podignute rubove kako bi se sprije\u010dilo ispadanje predmeta. Sa \u0161irinom od samo 20 cm, ovaj stoli\u0107 za kavu savr\u0161eno se uklapa u male prostore poput spava\u0107ih soba, dnevnih soba ili hodnika. Utor u podno\u017eju omogu\u0107uje mu savr\u0161eno pristajanje uza zid.\u00a0\",\"breadcrumb\":{\"@id\":\"https:\/\/inti.hr\/bs\/proizvod\/uski-nocni-ormaric-20-x-35-x-60-cm\/#breadcrumb\"},\"inLanguage\":\"bs-BA\",\"potentialAction\":[{\"@type\":\"ReadAction\",\"target\":[\"https:\/\/inti.hr\/bs\/proizvod\/uski-nocni-ormaric-20-x-35-x-60-cm\/\"]}]},{\"@type\":\"ImageObject\",\"inLanguage\":\"bs-BA\",\"@id\":\"https:\/\/inti.hr\/bs\/proizvod\/uski-nocni-ormaric-20-x-35-x-60-cm\/#primaryimage\",\"url\":\"https:\/\/i0.wp.com\/inti.hr\/wp-content\/uploads\/2025\/11\/FBT171-WN-S008_1800x1800.webp?fit=1600%2C1600&ssl=1\",\"contentUrl\":\"https:\/\/i0.wp.com\/inti.hr\/wp-content\/uploads\/2025\/11\/FBT171-WN-S008_1800x1800.webp?fit=1600%2C1600&ssl=1\",\"width\":1600,\"height\":1600,\"caption\":\"SoBuy FBT171-WN Uski no\u0107ni ormari\u0107, bo\u010dni stoli\u0107 s ladicom i policom, moderni no\u0107ni ormari\u0107 za spava\u0107u sobu i dnevni boravak, bijeli, 20 x 35 x 60 cm\"},{\"@type\":\"BreadcrumbList\",\"@id\":\"https:\/\/inti.hr\/bs\/proizvod\/uski-nocni-ormaric-20-x-35-x-60-cm\/#breadcrumb\",\"itemListElement\":[{\"@type\":\"ListItem\",\"position\":1,\"name\":\"Po\u010detna stranica\",\"item\":\"https:\/\/inti.hr\/bs\/\"},{\"@type\":\"ListItem\",\"position\":2,\"name\":\"Trgovina\",\"item\":\"https:\/\/inti.hr\/bs\/trgovina\/\"},{\"@type\":\"ListItem\",\"position\":3,\"name\":\"Uski no\u0107ni ormari\u0107 20 x 35 x 60 cm\"}]},{\"@type\":\"WebSite\",\"@id\":\"https:\/\/inti.hr\/bs\/#website\",\"url\":\"https:\/\/inti.hr\/bs\/\",\"name\":\"Inti\",\"description\":\"trgovina\",\"potentialAction\":[{\"@type\":\"SearchAction\",\"target\":{\"@type\":\"EntryPoint\",\"urlTemplate\":\"https:\/\/inti.hr\/bs\/?s={search_term_string}\"},\"query-input\":{\"@type\":\"PropertyValueSpecification\",\"valueRequired\":true,\"valueName\":\"search_term_string\"}}],\"inLanguage\":\"bs-BA\"}]}<\/script>\n<!-- \/ Yoast SEO plugin. -->","yoast_head_json":{"title":"Uski no\u0107ni ormari\u0107 20 x 35 x 60 cm - Inti","description":"Ovaj uski no\u0107ni ormari\u0107 ima prakti\u010dnu ladicu koja se mo\u017ee postaviti lijevo ili desno. Otvorena donja polica omogu\u0107uje vam pohranu knjiga, daljinskih upravlja\u010da ili ukrasnih predmeta. Gornja polica ima podignute rubove kako bi se sprije\u010dilo ispadanje predmeta. Sa \u0161irinom od samo 20 cm, ovaj stoli\u0107 za kavu savr\u0161eno se uklapa u male prostore poput spava\u0107ih soba, dnevnih soba ili hodnika. Utor u podno\u017eju omogu\u0107uje mu savr\u0161eno pristajanje uza zid.\u00a0","robots":{"index":"index","follow":"follow","max-snippet":"max-snippet:-1","max-image-preview":"max-image-preview:large","max-video-preview":"max-video-preview:-1"},"canonical":"https:\/\/inti.hr\/bs\/proizvod\/uski-nocni-ormaric-20-x-35-x-60-cm\/","og_locale":"bs_BA","og_type":"article","og_title":"Uski no\u0107ni ormari\u0107 20 x 35 x 60 cm - Inti","og_description":"Ovaj uski no\u0107ni ormari\u0107 ima prakti\u010dnu ladicu koja se mo\u017ee postaviti lijevo ili desno. Otvorena donja polica omogu\u0107uje vam pohranu knjiga, daljinskih upravlja\u010da ili ukrasnih predmeta. Gornja polica ima podignute rubove kako bi se sprije\u010dilo ispadanje predmeta. Sa \u0161irinom od samo 20 cm, ovaj stoli\u0107 za kavu savr\u0161eno se uklapa u male prostore poput spava\u0107ih soba, dnevnih soba ili hodnika. Utor u podno\u017eju omogu\u0107uje mu savr\u0161eno pristajanje uza zid.\u00a0","og_url":"https:\/\/inti.hr\/bs\/proizvod\/uski-nocni-ormaric-20-x-35-x-60-cm\/","og_site_name":"Inti","og_image":[{"width":1600,"height":1600,"url":"https:\/\/i0.wp.com\/inti.hr\/wp-content\/uploads\/2025\/11\/FBT171-WN-S008_1800x1800.webp?fit=1600%2C1600&ssl=1","type":"image\/webp"}],"twitter_card":"summary_large_image","schema":{"@context":"https:\/\/schema.org","@graph":[{"@type":"WebPage","@id":"https:\/\/inti.hr\/bs\/proizvod\/uski-nocni-ormaric-20-x-35-x-60-cm\/","url":"https:\/\/inti.hr\/bs\/proizvod\/uski-nocni-ormaric-20-x-35-x-60-cm\/","name":"Uski no\u0107ni ormari\u0107 20 x 35 x 60 cm - Inti","isPartOf":{"@id":"https:\/\/inti.hr\/bs\/#website"},"primaryImageOfPage":{"@id":"https:\/\/inti.hr\/bs\/proizvod\/uski-nocni-ormaric-20-x-35-x-60-cm\/#primaryimage"},"image":{"@id":"https:\/\/inti.hr\/bs\/proizvod\/uski-nocni-ormaric-20-x-35-x-60-cm\/#primaryimage"},"thumbnailUrl":"https:\/\/i0.wp.com\/inti.hr\/wp-content\/uploads\/2025\/11\/FBT171-WN-S008_1800x1800.webp?fit=1600%2C1600&ssl=1","datePublished":"2025-11-06T13:14:02+00:00","dateModified":"2025-11-06T13:14:02+00:00","description":"Ovaj uski no\u0107ni ormari\u0107 ima prakti\u010dnu ladicu koja se mo\u017ee postaviti lijevo ili desno. Otvorena donja polica omogu\u0107uje vam pohranu knjiga, daljinskih upravlja\u010da ili ukrasnih predmeta. Gornja polica ima podignute rubove kako bi se sprije\u010dilo ispadanje predmeta. Sa \u0161irinom od samo 20 cm, ovaj stoli\u0107 za kavu savr\u0161eno se uklapa u male prostore poput spava\u0107ih soba, dnevnih soba ili hodnika. Utor u podno\u017eju omogu\u0107uje mu savr\u0161eno pristajanje uza zid.\u00a0","breadcrumb":{"@id":"https:\/\/inti.hr\/bs\/proizvod\/uski-nocni-ormaric-20-x-35-x-60-cm\/#breadcrumb"},"inLanguage":"bs-BA","potentialAction":[{"@type":"ReadAction","target":["https:\/\/inti.hr\/bs\/proizvod\/uski-nocni-ormaric-20-x-35-x-60-cm\/"]}]},{"@type":"ImageObject","inLanguage":"bs-BA","@id":"https:\/\/inti.hr\/bs\/proizvod\/uski-nocni-ormaric-20-x-35-x-60-cm\/#primaryimage","url":"https:\/\/i0.wp.com\/inti.hr\/wp-content\/uploads\/2025\/11\/FBT171-WN-S008_1800x1800.webp?fit=1600%2C1600&ssl=1","contentUrl":"https:\/\/i0.wp.com\/inti.hr\/wp-content\/uploads\/2025\/11\/FBT171-WN-S008_1800x1800.webp?fit=1600%2C1600&ssl=1","width":1600,"height":1600,"caption":"SoBuy FBT171-WN Uski no\u0107ni ormari\u0107, bo\u010dni stoli\u0107 s ladicom i policom, moderni no\u0107ni ormari\u0107 za spava\u0107u sobu i dnevni boravak, bijeli, 20 x 35 x 60 cm"},{"@type":"BreadcrumbList","@id":"https:\/\/inti.hr\/bs\/proizvod\/uski-nocni-ormaric-20-x-35-x-60-cm\/#breadcrumb","itemListElement":[{"@type":"ListItem","position":1,"name":"Po\u010detna stranica","item":"https:\/\/inti.hr\/bs\/"},{"@type":"ListItem","position":2,"name":"Trgovina","item":"https:\/\/inti.hr\/bs\/trgovina\/"},{"@type":"ListItem","position":3,"name":"Uski no\u0107ni ormari\u0107 20 x 35 x 60 cm"}]},{"@type":"WebSite","@id":"https:\/\/inti.hr\/bs\/#website","url":"https:\/\/inti.hr\/bs\/","name":"Inti","description":"trgovina","potentialAction":[{"@type":"SearchAction","target":{"@type":"EntryPoint","urlTemplate":"https:\/\/inti.hr\/bs\/?s={search_term_string}"},"query-input":{"@type":"PropertyValueSpecification","valueRequired":true,"valueName":"search_term_string"}}],"inLanguage":"bs-BA"}]}},"jetpack_sharing_enabled":true,"jetpack-related-posts":[],"_links":{"self":[{"href":"https:\/\/inti.hr\/bs\/wp-json\/wp\/v2\/product\/34707"}],"collection":[{"href":"https:\/\/inti.hr\/bs\/wp-json\/wp\/v2\/product"}],"about":[{"href":"https:\/\/inti.hr\/bs\/wp-json\/wp\/v2\/types\/product"}],"wp:featuredmedia":[{"embeddable":true,"href":"https:\/\/inti.hr\/bs\/wp-json\/wp\/v2\/media\/34708"}],"wp:attachment":[{"href":"https:\/\/inti.hr\/bs\/wp-json\/wp\/v2\/media?parent=34707"}],"wp:term":[{"taxonomy":"product_cat","embeddable":true,"href":"https:\/\/inti.hr\/bs\/wp-json\/wp\/v2\/product_cat?post=34707"},{"taxonomy":"product_tag","embeddable":true,"href":"https:\/\/inti.hr\/bs\/wp-json\/wp\/v2\/product_tag?post=34707"}],"curies":[{"name":"wp","href":"https:\/\/api.w.org\/{rel}","templated":true}]}}