{"id":34711,"date":"2025-11-06T13:57:35","date_gmt":"2025-11-06T12:57:35","guid":{"rendered":"https:\/\/inti.hr\/product\/kuhinjski-otok-na-kotacima-s-izvlacnom-radnom-plocom\/"},"modified":"2025-11-06T13:57:35","modified_gmt":"2025-11-06T12:57:35","slug":"kuhinjski-otok-na-kotacima-s-izvlacnom-radnom-plocom","status":"publish","type":"product","link":"https:\/\/inti.hr\/bs\/proizvod\/kuhinjski-otok-na-kotacima-s-izvlacnom-radnom-plocom\/","title":{"rendered":"Kuhinjski otok na kota\u010dima s izvla\u010dnom radnom plo\u010dom"},"content":{"rendered":"<p>Detalji proizvoda:<\/p>\n<p>Izra\u0111en od karboniziranog bambusa, PB (E1), MDF-a (E1) i nehr\u0111aju\u0107eg \u010delika, ovaj kuhinjski otok podr\u017eava te\u017einu do 103 kg. Dimenzije: 107 x (46-71) x 92,5 cm. Isporu\u010duje se u dvije kutije s jednostavnim uputama za brzu monta\u017eu.<\/p>\n","protected":false},"excerpt":{"rendered":"<p>Ova kolica za kuhinju na kota\u010di\u0107e nude 2 ladice i 2 &#8230; <\/p>\n","protected":false},"featured_media":34712,"template":"","meta":[],"product_cat":[2536],"product_tag":[2537,3744],"yoast_head":"<!-- This site is optimized with the Yoast SEO plugin v23.7 - https:\/\/yoast.com\/wordpress\/plugins\/seo\/ -->\n<title>Kuhinjski otok na kota\u010dima s izvla\u010dnom radnom plo\u010dom - Inti<\/title>\n<meta name=\"description\" content=\"Ova kolica za kuhinju na kota\u010di\u0107e nude 2 ladice i 2 ormari\u0107a s podesivim policama, savr\u0161ena za pohranu pribora i pribora. Ru\u010dke europskog stila osiguravaju jednostavan pristup. S 4 skrivena kota\u010di\u0107a, kuhinjska kolica se lako pomi\u010du, idealna kao kuhinjski ormari\u0107 koji \u0161tedi prostor za male prostore. Radna plo\u010da od nehr\u0111aju\u0107eg \u010delika pro\u0161iruje se s 46 cm na 71 cm, pru\u017eaju\u0107i vi\u0161e prostora za pripremu i poslu\u017eivanje. Idealno za kompaktne kuhinje, poput kuhinje s poluotokom. Perforirana plo\u010da od nehr\u0111aju\u0107eg \u010delika s 5 kuka omogu\u0107uje vje\u0161anje pribora za jelo, dok bo\u010dne police i dr\u017ea\u010d za ru\u010dnike pru\u017eaju dodatni prostor za pohranu. Podno\u017eje i okvir vrata izra\u0111eni su od bambusa, tako da mogu postojati male razlike u boji.\u00a0\" \/>\n<meta name=\"robots\" content=\"index, follow, max-snippet:-1, max-image-preview:large, max-video-preview:-1\" \/>\n<link rel=\"canonical\" href=\"https:\/\/inti.hr\/bs\/proizvod\/kuhinjski-otok-na-kotacima-s-izvlacnom-radnom-plocom\/\" \/>\n<meta property=\"og:locale\" content=\"bs_BA\" \/>\n<meta property=\"og:type\" content=\"article\" \/>\n<meta property=\"og:title\" content=\"Kuhinjski otok na kota\u010dima s izvla\u010dnom radnom plo\u010dom - Inti\" \/>\n<meta property=\"og:description\" content=\"Ova kolica za kuhinju na kota\u010di\u0107e nude 2 ladice i 2 ormari\u0107a s podesivim policama, savr\u0161ena za pohranu pribora i pribora. Ru\u010dke europskog stila osiguravaju jednostavan pristup. S 4 skrivena kota\u010di\u0107a, kuhinjska kolica se lako pomi\u010du, idealna kao kuhinjski ormari\u0107 koji \u0161tedi prostor za male prostore. Radna plo\u010da od nehr\u0111aju\u0107eg \u010delika pro\u0161iruje se s 46 cm na 71 cm, pru\u017eaju\u0107i vi\u0161e prostora za pripremu i poslu\u017eivanje. Idealno za kompaktne kuhinje, poput kuhinje s poluotokom. Perforirana plo\u010da od nehr\u0111aju\u0107eg \u010delika s 5 kuka omogu\u0107uje vje\u0161anje pribora za jelo, dok bo\u010dne police i dr\u017ea\u010d za ru\u010dnike pru\u017eaju dodatni prostor za pohranu. Podno\u017eje i okvir vrata izra\u0111eni su od bambusa, tako da mogu postojati male razlike u boji.\u00a0\" \/>\n<meta property=\"og:url\" content=\"https:\/\/inti.hr\/bs\/proizvod\/kuhinjski-otok-na-kotacima-s-izvlacnom-radnom-plocom\/\" \/>\n<meta property=\"og:site_name\" content=\"Inti\" \/>\n<meta property=\"og:image\" content=\"https:\/\/i0.wp.com\/inti.hr\/wp-content\/uploads\/2025\/11\/FKW130-N-S011_1800x1800.webp?fit=1600%2C1600&ssl=1\" \/>\n\t<meta property=\"og:image:width\" content=\"1600\" \/>\n\t<meta property=\"og:image:height\" content=\"1600\" \/>\n\t<meta property=\"og:image:type\" content=\"image\/webp\" \/>\n<meta name=\"twitter:card\" content=\"summary_large_image\" \/>\n<script type=\"application\/ld+json\" class=\"yoast-schema-graph\">{\"@context\":\"https:\/\/schema.org\",\"@graph\":[{\"@type\":\"WebPage\",\"@id\":\"https:\/\/inti.hr\/bs\/proizvod\/kuhinjski-otok-na-kotacima-s-izvlacnom-radnom-plocom\/\",\"url\":\"https:\/\/inti.hr\/bs\/proizvod\/kuhinjski-otok-na-kotacima-s-izvlacnom-radnom-plocom\/\",\"name\":\"Kuhinjski otok na kota\u010dima s izvla\u010dnom radnom plo\u010dom - Inti\",\"isPartOf\":{\"@id\":\"https:\/\/inti.hr\/bs\/#website\"},\"primaryImageOfPage\":{\"@id\":\"https:\/\/inti.hr\/bs\/proizvod\/kuhinjski-otok-na-kotacima-s-izvlacnom-radnom-plocom\/#primaryimage\"},\"image\":{\"@id\":\"https:\/\/inti.hr\/bs\/proizvod\/kuhinjski-otok-na-kotacima-s-izvlacnom-radnom-plocom\/#primaryimage\"},\"thumbnailUrl\":\"https:\/\/i0.wp.com\/inti.hr\/wp-content\/uploads\/2025\/11\/FKW130-N-S011_1800x1800.webp?fit=1600%2C1600&ssl=1\",\"datePublished\":\"2025-11-06T12:57:35+00:00\",\"dateModified\":\"2025-11-06T12:57:35+00:00\",\"description\":\"Ova kolica za kuhinju na kota\u010di\u0107e nude 2 ladice i 2 ormari\u0107a s podesivim policama, savr\u0161ena za pohranu pribora i pribora. Ru\u010dke europskog stila osiguravaju jednostavan pristup. S 4 skrivena kota\u010di\u0107a, kuhinjska kolica se lako pomi\u010du, idealna kao kuhinjski ormari\u0107 koji \u0161tedi prostor za male prostore. Radna plo\u010da od nehr\u0111aju\u0107eg \u010delika pro\u0161iruje se s 46 cm na 71 cm, pru\u017eaju\u0107i vi\u0161e prostora za pripremu i poslu\u017eivanje. Idealno za kompaktne kuhinje, poput kuhinje s poluotokom. Perforirana plo\u010da od nehr\u0111aju\u0107eg \u010delika s 5 kuka omogu\u0107uje vje\u0161anje pribora za jelo, dok bo\u010dne police i dr\u017ea\u010d za ru\u010dnike pru\u017eaju dodatni prostor za pohranu. Podno\u017eje i okvir vrata izra\u0111eni su od bambusa, tako da mogu postojati male razlike u boji.\u00a0\",\"breadcrumb\":{\"@id\":\"https:\/\/inti.hr\/bs\/proizvod\/kuhinjski-otok-na-kotacima-s-izvlacnom-radnom-plocom\/#breadcrumb\"},\"inLanguage\":\"bs-BA\",\"potentialAction\":[{\"@type\":\"ReadAction\",\"target\":[\"https:\/\/inti.hr\/bs\/proizvod\/kuhinjski-otok-na-kotacima-s-izvlacnom-radnom-plocom\/\"]}]},{\"@type\":\"ImageObject\",\"inLanguage\":\"bs-BA\",\"@id\":\"https:\/\/inti.hr\/bs\/proizvod\/kuhinjski-otok-na-kotacima-s-izvlacnom-radnom-plocom\/#primaryimage\",\"url\":\"https:\/\/i0.wp.com\/inti.hr\/wp-content\/uploads\/2025\/11\/FKW130-N-S011_1800x1800.webp?fit=1600%2C1600&ssl=1\",\"contentUrl\":\"https:\/\/i0.wp.com\/inti.hr\/wp-content\/uploads\/2025\/11\/FKW130-N-S011_1800x1800.webp?fit=1600%2C1600&ssl=1\",\"width\":1600,\"height\":1600,\"caption\":\"SoBuy FKW130-N Kuhinjski otok na kota\u010dima s izvla\u010dnom radnom plo\u010dom, Kuhinjska kolica koja \u0161tede prostor, Kuhinjski otok s kota\u010dima, s dvije ladice i podesivom policom, Prirodna boja 107x(46\u201371) x92,5 cm\"},{\"@type\":\"BreadcrumbList\",\"@id\":\"https:\/\/inti.hr\/bs\/proizvod\/kuhinjski-otok-na-kotacima-s-izvlacnom-radnom-plocom\/#breadcrumb\",\"itemListElement\":[{\"@type\":\"ListItem\",\"position\":1,\"name\":\"Po\u010detna stranica\",\"item\":\"https:\/\/inti.hr\/bs\/\"},{\"@type\":\"ListItem\",\"position\":2,\"name\":\"Trgovina\",\"item\":\"https:\/\/inti.hr\/bs\/trgovina\/\"},{\"@type\":\"ListItem\",\"position\":3,\"name\":\"Kuhinjski otok na kota\u010dima s izvla\u010dnom radnom plo\u010dom\"}]},{\"@type\":\"WebSite\",\"@id\":\"https:\/\/inti.hr\/bs\/#website\",\"url\":\"https:\/\/inti.hr\/bs\/\",\"name\":\"Inti\",\"description\":\"trgovina\",\"potentialAction\":[{\"@type\":\"SearchAction\",\"target\":{\"@type\":\"EntryPoint\",\"urlTemplate\":\"https:\/\/inti.hr\/bs\/?s={search_term_string}\"},\"query-input\":{\"@type\":\"PropertyValueSpecification\",\"valueRequired\":true,\"valueName\":\"search_term_string\"}}],\"inLanguage\":\"bs-BA\"}]}<\/script>\n<!-- \/ Yoast SEO plugin. -->","yoast_head_json":{"title":"Kuhinjski otok na kota\u010dima s izvla\u010dnom radnom plo\u010dom - Inti","description":"Ova kolica za kuhinju na kota\u010di\u0107e nude 2 ladice i 2 ormari\u0107a s podesivim policama, savr\u0161ena za pohranu pribora i pribora. Ru\u010dke europskog stila osiguravaju jednostavan pristup. S 4 skrivena kota\u010di\u0107a, kuhinjska kolica se lako pomi\u010du, idealna kao kuhinjski ormari\u0107 koji \u0161tedi prostor za male prostore. Radna plo\u010da od nehr\u0111aju\u0107eg \u010delika pro\u0161iruje se s 46 cm na 71 cm, pru\u017eaju\u0107i vi\u0161e prostora za pripremu i poslu\u017eivanje. Idealno za kompaktne kuhinje, poput kuhinje s poluotokom. Perforirana plo\u010da od nehr\u0111aju\u0107eg \u010delika s 5 kuka omogu\u0107uje vje\u0161anje pribora za jelo, dok bo\u010dne police i dr\u017ea\u010d za ru\u010dnike pru\u017eaju dodatni prostor za pohranu. Podno\u017eje i okvir vrata izra\u0111eni su od bambusa, tako da mogu postojati male razlike u boji.\u00a0","robots":{"index":"index","follow":"follow","max-snippet":"max-snippet:-1","max-image-preview":"max-image-preview:large","max-video-preview":"max-video-preview:-1"},"canonical":"https:\/\/inti.hr\/bs\/proizvod\/kuhinjski-otok-na-kotacima-s-izvlacnom-radnom-plocom\/","og_locale":"bs_BA","og_type":"article","og_title":"Kuhinjski otok na kota\u010dima s izvla\u010dnom radnom plo\u010dom - Inti","og_description":"Ova kolica za kuhinju na kota\u010di\u0107e nude 2 ladice i 2 ormari\u0107a s podesivim policama, savr\u0161ena za pohranu pribora i pribora. Ru\u010dke europskog stila osiguravaju jednostavan pristup. S 4 skrivena kota\u010di\u0107a, kuhinjska kolica se lako pomi\u010du, idealna kao kuhinjski ormari\u0107 koji \u0161tedi prostor za male prostore. Radna plo\u010da od nehr\u0111aju\u0107eg \u010delika pro\u0161iruje se s 46 cm na 71 cm, pru\u017eaju\u0107i vi\u0161e prostora za pripremu i poslu\u017eivanje. Idealno za kompaktne kuhinje, poput kuhinje s poluotokom. Perforirana plo\u010da od nehr\u0111aju\u0107eg \u010delika s 5 kuka omogu\u0107uje vje\u0161anje pribora za jelo, dok bo\u010dne police i dr\u017ea\u010d za ru\u010dnike pru\u017eaju dodatni prostor za pohranu. Podno\u017eje i okvir vrata izra\u0111eni su od bambusa, tako da mogu postojati male razlike u boji.\u00a0","og_url":"https:\/\/inti.hr\/bs\/proizvod\/kuhinjski-otok-na-kotacima-s-izvlacnom-radnom-plocom\/","og_site_name":"Inti","og_image":[{"width":1600,"height":1600,"url":"https:\/\/i0.wp.com\/inti.hr\/wp-content\/uploads\/2025\/11\/FKW130-N-S011_1800x1800.webp?fit=1600%2C1600&ssl=1","type":"image\/webp"}],"twitter_card":"summary_large_image","schema":{"@context":"https:\/\/schema.org","@graph":[{"@type":"WebPage","@id":"https:\/\/inti.hr\/bs\/proizvod\/kuhinjski-otok-na-kotacima-s-izvlacnom-radnom-plocom\/","url":"https:\/\/inti.hr\/bs\/proizvod\/kuhinjski-otok-na-kotacima-s-izvlacnom-radnom-plocom\/","name":"Kuhinjski otok na kota\u010dima s izvla\u010dnom radnom plo\u010dom - Inti","isPartOf":{"@id":"https:\/\/inti.hr\/bs\/#website"},"primaryImageOfPage":{"@id":"https:\/\/inti.hr\/bs\/proizvod\/kuhinjski-otok-na-kotacima-s-izvlacnom-radnom-plocom\/#primaryimage"},"image":{"@id":"https:\/\/inti.hr\/bs\/proizvod\/kuhinjski-otok-na-kotacima-s-izvlacnom-radnom-plocom\/#primaryimage"},"thumbnailUrl":"https:\/\/i0.wp.com\/inti.hr\/wp-content\/uploads\/2025\/11\/FKW130-N-S011_1800x1800.webp?fit=1600%2C1600&ssl=1","datePublished":"2025-11-06T12:57:35+00:00","dateModified":"2025-11-06T12:57:35+00:00","description":"Ova kolica za kuhinju na kota\u010di\u0107e nude 2 ladice i 2 ormari\u0107a s podesivim policama, savr\u0161ena za pohranu pribora i pribora. Ru\u010dke europskog stila osiguravaju jednostavan pristup. S 4 skrivena kota\u010di\u0107a, kuhinjska kolica se lako pomi\u010du, idealna kao kuhinjski ormari\u0107 koji \u0161tedi prostor za male prostore. Radna plo\u010da od nehr\u0111aju\u0107eg \u010delika pro\u0161iruje se s 46 cm na 71 cm, pru\u017eaju\u0107i vi\u0161e prostora za pripremu i poslu\u017eivanje. Idealno za kompaktne kuhinje, poput kuhinje s poluotokom. Perforirana plo\u010da od nehr\u0111aju\u0107eg \u010delika s 5 kuka omogu\u0107uje vje\u0161anje pribora za jelo, dok bo\u010dne police i dr\u017ea\u010d za ru\u010dnike pru\u017eaju dodatni prostor za pohranu. Podno\u017eje i okvir vrata izra\u0111eni su od bambusa, tako da mogu postojati male razlike u boji.\u00a0","breadcrumb":{"@id":"https:\/\/inti.hr\/bs\/proizvod\/kuhinjski-otok-na-kotacima-s-izvlacnom-radnom-plocom\/#breadcrumb"},"inLanguage":"bs-BA","potentialAction":[{"@type":"ReadAction","target":["https:\/\/inti.hr\/bs\/proizvod\/kuhinjski-otok-na-kotacima-s-izvlacnom-radnom-plocom\/"]}]},{"@type":"ImageObject","inLanguage":"bs-BA","@id":"https:\/\/inti.hr\/bs\/proizvod\/kuhinjski-otok-na-kotacima-s-izvlacnom-radnom-plocom\/#primaryimage","url":"https:\/\/i0.wp.com\/inti.hr\/wp-content\/uploads\/2025\/11\/FKW130-N-S011_1800x1800.webp?fit=1600%2C1600&ssl=1","contentUrl":"https:\/\/i0.wp.com\/inti.hr\/wp-content\/uploads\/2025\/11\/FKW130-N-S011_1800x1800.webp?fit=1600%2C1600&ssl=1","width":1600,"height":1600,"caption":"SoBuy FKW130-N Kuhinjski otok na kota\u010dima s izvla\u010dnom radnom plo\u010dom, Kuhinjska kolica koja \u0161tede prostor, Kuhinjski otok s kota\u010dima, s dvije ladice i podesivom policom, Prirodna boja 107x(46\u201371) x92,5 cm"},{"@type":"BreadcrumbList","@id":"https:\/\/inti.hr\/bs\/proizvod\/kuhinjski-otok-na-kotacima-s-izvlacnom-radnom-plocom\/#breadcrumb","itemListElement":[{"@type":"ListItem","position":1,"name":"Po\u010detna stranica","item":"https:\/\/inti.hr\/bs\/"},{"@type":"ListItem","position":2,"name":"Trgovina","item":"https:\/\/inti.hr\/bs\/trgovina\/"},{"@type":"ListItem","position":3,"name":"Kuhinjski otok na kota\u010dima s izvla\u010dnom radnom plo\u010dom"}]},{"@type":"WebSite","@id":"https:\/\/inti.hr\/bs\/#website","url":"https:\/\/inti.hr\/bs\/","name":"Inti","description":"trgovina","potentialAction":[{"@type":"SearchAction","target":{"@type":"EntryPoint","urlTemplate":"https:\/\/inti.hr\/bs\/?s={search_term_string}"},"query-input":{"@type":"PropertyValueSpecification","valueRequired":true,"valueName":"search_term_string"}}],"inLanguage":"bs-BA"}]}},"jetpack_sharing_enabled":true,"jetpack-related-posts":[],"_links":{"self":[{"href":"https:\/\/inti.hr\/bs\/wp-json\/wp\/v2\/product\/34711"}],"collection":[{"href":"https:\/\/inti.hr\/bs\/wp-json\/wp\/v2\/product"}],"about":[{"href":"https:\/\/inti.hr\/bs\/wp-json\/wp\/v2\/types\/product"}],"wp:featuredmedia":[{"embeddable":true,"href":"https:\/\/inti.hr\/bs\/wp-json\/wp\/v2\/media\/34712"}],"wp:attachment":[{"href":"https:\/\/inti.hr\/bs\/wp-json\/wp\/v2\/media?parent=34711"}],"wp:term":[{"taxonomy":"product_cat","embeddable":true,"href":"https:\/\/inti.hr\/bs\/wp-json\/wp\/v2\/product_cat?post=34711"},{"taxonomy":"product_tag","embeddable":true,"href":"https:\/\/inti.hr\/bs\/wp-json\/wp\/v2\/product_tag?post=34711"}],"curies":[{"name":"wp","href":"https:\/\/api.w.org\/{rel}","templated":true}]}}