{"id":34719,"date":"2025-11-05T19:01:31","date_gmt":"2025-11-05T18:01:31","guid":{"rendered":"https:\/\/inti.hr\/product\/toaletni-stolic-s-velikim-ogledalom-90x40-cm\/"},"modified":"2025-11-05T19:01:31","modified_gmt":"2025-11-05T18:01:31","slug":"toaletni-stolic-s-velikim-ogledalom-90x40-cm","status":"publish","type":"product","link":"https:\/\/inti.hr\/bs\/proizvod\/toaletni-stolic-s-velikim-ogledalom-90x40-cm\/","title":{"rendered":"Toaletni stoli\u0107 s velikim ogledalom 90&#215;40 cm"},"content":{"rendered":"<p>Tehni\u010dki podaci<br \/>\nMaterijali: iverica E1 klase + staklo<br \/>\nBoja: Bijela<br \/>\nDimenzije toaletnog stoli\u0107a: 90 x 135 x 40 cm (\u0160 x V x D)<br \/>\nVeli\u010dina ogledala: 90 x 49 cm (kada su 3 strane sastavljene)<br \/>\nNosivost stola: 50 kg<br \/>\nUkupna te\u017eina: cca. 36,6 kg<\/p>\n","protected":false},"excerpt":{"rendered":"<ul>\n<li><span dir=\"auto\">OGLEDALO OD 3 IN\u010cA S PODESIVOM LED RASVJETOM: Toaletni &#8230;<br \/>\n","protected":false},"featured_media":34720,"template":"","meta":[],"product_cat":[2414],"product_tag":[2673,4364],"yoast_head":"<!-- This site is optimized with the Yoast SEO plugin v23.7 - https:\/\/yoast.com\/wordpress\/plugins\/seo\/ -->\n<title>Toaletni stoli\u0107 s velikim ogledalom 90x40 cm - Inti<\/title>\n<meta name=\"description\" content=\"OGLEDALO OD 3 IN\u010cA S PODESIVOM LED RASVJETOM: Toaletni stoli\u0107 ima veliko trostruko ogledalo (90 x 49 cm) i LED rasvjetu s tri temperature boja koje se mogu pode\u0161avati po svjetlini kako bi se uvijek osigurala idealna rasvjeta.SVESTRANE MOGU\u0106NOSTI POHRANE: Toaletni stoli\u0107 nudi plo\u010du od 90 x 40 cm, veliku ladicu, 3 ormari\u0107a za pohranu, 3 police na plo\u010di i bo\u010dnu policu na 3 razine. Ormari\u0107 za nakit iza ogledala posebno je prakti\u010dan i omogu\u0107uje uredno pohranjivanje nakita i kozmetike.STABILAN I SIGURAN: Ovaj toaletni stoli\u0107 s rasvjetom izra\u0111en je od iverice E1 kvalitete s melaminskom folijom. Ima glatku povr\u0161inu otpornu na vodu i ogrebotine te robusnu strukturu, a istovremeno se lako \u010disti nje\u017enim brisanjem. Donja potporna greda i ure\u0111aj protiv prevrtanja pove\u0107avaju ukupnu stabilnost za dodatnu sigurnost tijekom upotrebe. Maksimalna nosivost: 50 kg.SVESTRAAN I STILIZIRAN: Ovaj kompaktni toaletni stoli\u0107 savr\u0161eno se uklapa u velike i male prostorije, stvaraju\u0107i ugodan kutak za \u0161minkanje bez zauzimanja puno prostora. Njegova bezvremenska estetika lako se uklapa u razli\u010dite stilove ure\u0111enja interijera. Idealan kao poklon - prakti\u010dan i elegantan dodatak svakom domu.JEDNOSTAVNO SASTAVLJANJE: Zahvaljuju\u0107i ilustriranim uputama i prilo\u017eenom alatu, sastavljanje toaletnog stoli\u0107a s ogledalom i rasvjetom jednostavno je i korisno iskustvo. Imajte na umu da se ovaj proizvod isporu\u010duje u 2 odvojena pakiranja.\" \/>\n<meta name=\"robots\" content=\"index, follow, max-snippet:-1, max-image-preview:large, max-video-preview:-1\" \/>\n<link rel=\"canonical\" href=\"https:\/\/inti.hr\/bs\/proizvod\/toaletni-stolic-s-velikim-ogledalom-90x40-cm\/\" \/>\n<meta property=\"og:locale\" content=\"bs_BA\" \/>\n<meta property=\"og:type\" content=\"article\" \/>\n<meta property=\"og:title\" content=\"Toaletni stoli\u0107 s velikim ogledalom 90x40 cm - Inti\" \/>\n<meta property=\"og:description\" content=\"OGLEDALO OD 3 IN\u010cA S PODESIVOM LED RASVJETOM: Toaletni stoli\u0107 ima veliko trostruko ogledalo (90 x 49 cm) i LED rasvjetu s tri temperature boja koje se mogu pode\u0161avati po svjetlini kako bi se uvijek osigurala idealna rasvjeta.SVESTRANE MOGU\u0106NOSTI POHRANE: Toaletni stoli\u0107 nudi plo\u010du od 90 x 40 cm, veliku ladicu, 3 ormari\u0107a za pohranu, 3 police na plo\u010di i bo\u010dnu policu na 3 razine. Ormari\u0107 za nakit iza ogledala posebno je prakti\u010dan i omogu\u0107uje uredno pohranjivanje nakita i kozmetike.STABILAN I SIGURAN: Ovaj toaletni stoli\u0107 s rasvjetom izra\u0111en je od iverice E1 kvalitete s melaminskom folijom. Ima glatku povr\u0161inu otpornu na vodu i ogrebotine te robusnu strukturu, a istovremeno se lako \u010disti nje\u017enim brisanjem. Donja potporna greda i ure\u0111aj protiv prevrtanja pove\u0107avaju ukupnu stabilnost za dodatnu sigurnost tijekom upotrebe. Maksimalna nosivost: 50 kg.SVESTRAAN I STILIZIRAN: Ovaj kompaktni toaletni stoli\u0107 savr\u0161eno se uklapa u velike i male prostorije, stvaraju\u0107i ugodan kutak za \u0161minkanje bez zauzimanja puno prostora. Njegova bezvremenska estetika lako se uklapa u razli\u010dite stilove ure\u0111enja interijera. Idealan kao poklon - prakti\u010dan i elegantan dodatak svakom domu.JEDNOSTAVNO SASTAVLJANJE: Zahvaljuju\u0107i ilustriranim uputama i prilo\u017eenom alatu, sastavljanje toaletnog stoli\u0107a s ogledalom i rasvjetom jednostavno je i korisno iskustvo. Imajte na umu da se ovaj proizvod isporu\u010duje u 2 odvojena pakiranja.\" \/>\n<meta property=\"og:url\" content=\"https:\/\/inti.hr\/bs\/proizvod\/toaletni-stolic-s-velikim-ogledalom-90x40-cm\/\" \/>\n<meta property=\"og:site_name\" content=\"Inti\" \/>\n<meta property=\"og:image\" content=\"https:\/\/i0.wp.com\/inti.hr\/wp-content\/uploads\/2025\/11\/Schminktisch-mit-grossem-Spiegel-LED-Beleuchtung-Ablage-90x40-cm-W0ITT7124-Weiss2_600x600-e1762365615305.jpg?fit=600%2C540&ssl=1\" \/>\n\t<meta property=\"og:image:width\" content=\"600\" \/>\n\t<meta property=\"og:image:height\" content=\"540\" \/>\n\t<meta property=\"og:image:type\" content=\"image\/jpeg\" \/>\n<meta name=\"twitter:card\" content=\"summary_large_image\" \/>\n<script type=\"application\/ld+json\" class=\"yoast-schema-graph\">{\"@context\":\"https:\/\/schema.org\",\"@graph\":[{\"@type\":\"WebPage\",\"@id\":\"https:\/\/inti.hr\/bs\/proizvod\/toaletni-stolic-s-velikim-ogledalom-90x40-cm\/\",\"url\":\"https:\/\/inti.hr\/bs\/proizvod\/toaletni-stolic-s-velikim-ogledalom-90x40-cm\/\",\"name\":\"Toaletni stoli\u0107 s velikim ogledalom 90x40 cm - Inti\",\"isPartOf\":{\"@id\":\"https:\/\/inti.hr\/bs\/#website\"},\"primaryImageOfPage\":{\"@id\":\"https:\/\/inti.hr\/bs\/proizvod\/toaletni-stolic-s-velikim-ogledalom-90x40-cm\/#primaryimage\"},\"image\":{\"@id\":\"https:\/\/inti.hr\/bs\/proizvod\/toaletni-stolic-s-velikim-ogledalom-90x40-cm\/#primaryimage\"},\"thumbnailUrl\":\"https:\/\/i0.wp.com\/inti.hr\/wp-content\/uploads\/2025\/11\/Schminktisch-mit-grossem-Spiegel-LED-Beleuchtung-Ablage-90x40-cm-W0ITT7124-Weiss2_600x600-e1762365615305.jpg?fit=600%2C540&ssl=1\",\"datePublished\":\"2025-11-05T18:01:31+00:00\",\"dateModified\":\"2025-11-05T18:01:31+00:00\",\"description\":\"OGLEDALO OD 3 IN\u010cA S PODESIVOM LED RASVJETOM: Toaletni stoli\u0107 ima veliko trostruko ogledalo (90 x 49 cm) i LED rasvjetu s tri temperature boja koje se mogu pode\u0161avati po svjetlini kako bi se uvijek osigurala idealna rasvjeta.SVESTRANE MOGU\u0106NOSTI POHRANE: Toaletni stoli\u0107 nudi plo\u010du od 90 x 40 cm, veliku ladicu, 3 ormari\u0107a za pohranu, 3 police na plo\u010di i bo\u010dnu policu na 3 razine. Ormari\u0107 za nakit iza ogledala posebno je prakti\u010dan i omogu\u0107uje uredno pohranjivanje nakita i kozmetike.STABILAN I SIGURAN: Ovaj toaletni stoli\u0107 s rasvjetom izra\u0111en je od iverice E1 kvalitete s melaminskom folijom. Ima glatku povr\u0161inu otpornu na vodu i ogrebotine te robusnu strukturu, a istovremeno se lako \u010disti nje\u017enim brisanjem. Donja potporna greda i ure\u0111aj protiv prevrtanja pove\u0107avaju ukupnu stabilnost za dodatnu sigurnost tijekom upotrebe. Maksimalna nosivost: 50 kg.SVESTRAAN I STILIZIRAN: Ovaj kompaktni toaletni stoli\u0107 savr\u0161eno se uklapa u velike i male prostorije, stvaraju\u0107i ugodan kutak za \u0161minkanje bez zauzimanja puno prostora. Njegova bezvremenska estetika lako se uklapa u razli\u010dite stilove ure\u0111enja interijera. Idealan kao poklon - prakti\u010dan i elegantan dodatak svakom domu.JEDNOSTAVNO SASTAVLJANJE: Zahvaljuju\u0107i ilustriranim uputama i prilo\u017eenom alatu, sastavljanje toaletnog stoli\u0107a s ogledalom i rasvjetom jednostavno je i korisno iskustvo. Imajte na umu da se ovaj proizvod isporu\u010duje u 2 odvojena pakiranja.\",\"breadcrumb\":{\"@id\":\"https:\/\/inti.hr\/bs\/proizvod\/toaletni-stolic-s-velikim-ogledalom-90x40-cm\/#breadcrumb\"},\"inLanguage\":\"bs-BA\",\"potentialAction\":[{\"@type\":\"ReadAction\",\"target\":[\"https:\/\/inti.hr\/bs\/proizvod\/toaletni-stolic-s-velikim-ogledalom-90x40-cm\/\"]}]},{\"@type\":\"ImageObject\",\"inLanguage\":\"bs-BA\",\"@id\":\"https:\/\/inti.hr\/bs\/proizvod\/toaletni-stolic-s-velikim-ogledalom-90x40-cm\/#primaryimage\",\"url\":\"https:\/\/i0.wp.com\/inti.hr\/wp-content\/uploads\/2025\/11\/Schminktisch-mit-grossem-Spiegel-LED-Beleuchtung-Ablage-90x40-cm-W0ITT7124-Weiss2_600x600-e1762365615305.jpg?fit=600%2C540&ssl=1\",\"contentUrl\":\"https:\/\/i0.wp.com\/inti.hr\/wp-content\/uploads\/2025\/11\/Schminktisch-mit-grossem-Spiegel-LED-Beleuchtung-Ablage-90x40-cm-W0ITT7124-Weiss2_600x600-e1762365615305.jpg?fit=600%2C540&ssl=1\",\"width\":600,\"height\":540,\"caption\":\"WOLTU toaletni stoli\u0107 s velikim ogledalom, LED rasvjeta, polica, 90x40 cm bijela\"},{\"@type\":\"BreadcrumbList\",\"@id\":\"https:\/\/inti.hr\/bs\/proizvod\/toaletni-stolic-s-velikim-ogledalom-90x40-cm\/#breadcrumb\",\"itemListElement\":[{\"@type\":\"ListItem\",\"position\":1,\"name\":\"Po\u010detna stranica\",\"item\":\"https:\/\/inti.hr\/bs\/\"},{\"@type\":\"ListItem\",\"position\":2,\"name\":\"Trgovina\",\"item\":\"https:\/\/inti.hr\/bs\/trgovina\/\"},{\"@type\":\"ListItem\",\"position\":3,\"name\":\"Toaletni stoli\u0107 s velikim ogledalom 90&#215;40 cm\"}]},{\"@type\":\"WebSite\",\"@id\":\"https:\/\/inti.hr\/bs\/#website\",\"url\":\"https:\/\/inti.hr\/bs\/\",\"name\":\"Inti\",\"description\":\"trgovina\",\"potentialAction\":[{\"@type\":\"SearchAction\",\"target\":{\"@type\":\"EntryPoint\",\"urlTemplate\":\"https:\/\/inti.hr\/bs\/?s={search_term_string}\"},\"query-input\":{\"@type\":\"PropertyValueSpecification\",\"valueRequired\":true,\"valueName\":\"search_term_string\"}}],\"inLanguage\":\"bs-BA\"}]}<\/script>\n<!-- \/ Yoast SEO plugin. -->","yoast_head_json":{"title":"Toaletni stoli\u0107 s velikim ogledalom 90x40 cm - Inti","description":"OGLEDALO OD 3 IN\u010cA S PODESIVOM LED RASVJETOM: Toaletni stoli\u0107 ima veliko trostruko ogledalo (90 x 49 cm) i LED rasvjetu s tri temperature boja koje se mogu pode\u0161avati po svjetlini kako bi se uvijek osigurala idealna rasvjeta.SVESTRANE MOGU\u0106NOSTI POHRANE: Toaletni stoli\u0107 nudi plo\u010du od 90 x 40 cm, veliku ladicu, 3 ormari\u0107a za pohranu, 3 police na plo\u010di i bo\u010dnu policu na 3 razine. Ormari\u0107 za nakit iza ogledala posebno je prakti\u010dan i omogu\u0107uje uredno pohranjivanje nakita i kozmetike.STABILAN I SIGURAN: Ovaj toaletni stoli\u0107 s rasvjetom izra\u0111en je od iverice E1 kvalitete s melaminskom folijom. Ima glatku povr\u0161inu otpornu na vodu i ogrebotine te robusnu strukturu, a istovremeno se lako \u010disti nje\u017enim brisanjem. Donja potporna greda i ure\u0111aj protiv prevrtanja pove\u0107avaju ukupnu stabilnost za dodatnu sigurnost tijekom upotrebe. Maksimalna nosivost: 50 kg.SVESTRAAN I STILIZIRAN: Ovaj kompaktni toaletni stoli\u0107 savr\u0161eno se uklapa u velike i male prostorije, stvaraju\u0107i ugodan kutak za \u0161minkanje bez zauzimanja puno prostora. Njegova bezvremenska estetika lako se uklapa u razli\u010dite stilove ure\u0111enja interijera. Idealan kao poklon - prakti\u010dan i elegantan dodatak svakom domu.JEDNOSTAVNO SASTAVLJANJE: Zahvaljuju\u0107i ilustriranim uputama i prilo\u017eenom alatu, sastavljanje toaletnog stoli\u0107a s ogledalom i rasvjetom jednostavno je i korisno iskustvo. Imajte na umu da se ovaj proizvod isporu\u010duje u 2 odvojena pakiranja.","robots":{"index":"index","follow":"follow","max-snippet":"max-snippet:-1","max-image-preview":"max-image-preview:large","max-video-preview":"max-video-preview:-1"},"canonical":"https:\/\/inti.hr\/bs\/proizvod\/toaletni-stolic-s-velikim-ogledalom-90x40-cm\/","og_locale":"bs_BA","og_type":"article","og_title":"Toaletni stoli\u0107 s velikim ogledalom 90x40 cm - Inti","og_description":"OGLEDALO OD 3 IN\u010cA S PODESIVOM LED RASVJETOM: Toaletni stoli\u0107 ima veliko trostruko ogledalo (90 x 49 cm) i LED rasvjetu s tri temperature boja koje se mogu pode\u0161avati po svjetlini kako bi se uvijek osigurala idealna rasvjeta.SVESTRANE MOGU\u0106NOSTI POHRANE: Toaletni stoli\u0107 nudi plo\u010du od 90 x 40 cm, veliku ladicu, 3 ormari\u0107a za pohranu, 3 police na plo\u010di i bo\u010dnu policu na 3 razine. Ormari\u0107 za nakit iza ogledala posebno je prakti\u010dan i omogu\u0107uje uredno pohranjivanje nakita i kozmetike.STABILAN I SIGURAN: Ovaj toaletni stoli\u0107 s rasvjetom izra\u0111en je od iverice E1 kvalitete s melaminskom folijom. Ima glatku povr\u0161inu otpornu na vodu i ogrebotine te robusnu strukturu, a istovremeno se lako \u010disti nje\u017enim brisanjem. Donja potporna greda i ure\u0111aj protiv prevrtanja pove\u0107avaju ukupnu stabilnost za dodatnu sigurnost tijekom upotrebe. Maksimalna nosivost: 50 kg.SVESTRAAN I STILIZIRAN: Ovaj kompaktni toaletni stoli\u0107 savr\u0161eno se uklapa u velike i male prostorije, stvaraju\u0107i ugodan kutak za \u0161minkanje bez zauzimanja puno prostora. Njegova bezvremenska estetika lako se uklapa u razli\u010dite stilove ure\u0111enja interijera. Idealan kao poklon - prakti\u010dan i elegantan dodatak svakom domu.JEDNOSTAVNO SASTAVLJANJE: Zahvaljuju\u0107i ilustriranim uputama i prilo\u017eenom alatu, sastavljanje toaletnog stoli\u0107a s ogledalom i rasvjetom jednostavno je i korisno iskustvo. Imajte na umu da se ovaj proizvod isporu\u010duje u 2 odvojena pakiranja.","og_url":"https:\/\/inti.hr\/bs\/proizvod\/toaletni-stolic-s-velikim-ogledalom-90x40-cm\/","og_site_name":"Inti","og_image":[{"width":600,"height":540,"url":"https:\/\/i0.wp.com\/inti.hr\/wp-content\/uploads\/2025\/11\/Schminktisch-mit-grossem-Spiegel-LED-Beleuchtung-Ablage-90x40-cm-W0ITT7124-Weiss2_600x600-e1762365615305.jpg?fit=600%2C540&ssl=1","type":"image\/jpeg"}],"twitter_card":"summary_large_image","schema":{"@context":"https:\/\/schema.org","@graph":[{"@type":"WebPage","@id":"https:\/\/inti.hr\/bs\/proizvod\/toaletni-stolic-s-velikim-ogledalom-90x40-cm\/","url":"https:\/\/inti.hr\/bs\/proizvod\/toaletni-stolic-s-velikim-ogledalom-90x40-cm\/","name":"Toaletni stoli\u0107 s velikim ogledalom 90x40 cm - Inti","isPartOf":{"@id":"https:\/\/inti.hr\/bs\/#website"},"primaryImageOfPage":{"@id":"https:\/\/inti.hr\/bs\/proizvod\/toaletni-stolic-s-velikim-ogledalom-90x40-cm\/#primaryimage"},"image":{"@id":"https:\/\/inti.hr\/bs\/proizvod\/toaletni-stolic-s-velikim-ogledalom-90x40-cm\/#primaryimage"},"thumbnailUrl":"https:\/\/i0.wp.com\/inti.hr\/wp-content\/uploads\/2025\/11\/Schminktisch-mit-grossem-Spiegel-LED-Beleuchtung-Ablage-90x40-cm-W0ITT7124-Weiss2_600x600-e1762365615305.jpg?fit=600%2C540&ssl=1","datePublished":"2025-11-05T18:01:31+00:00","dateModified":"2025-11-05T18:01:31+00:00","description":"OGLEDALO OD 3 IN\u010cA S PODESIVOM LED RASVJETOM: Toaletni stoli\u0107 ima veliko trostruko ogledalo (90 x 49 cm) i LED rasvjetu s tri temperature boja koje se mogu pode\u0161avati po svjetlini kako bi se uvijek osigurala idealna rasvjeta.SVESTRANE MOGU\u0106NOSTI POHRANE: Toaletni stoli\u0107 nudi plo\u010du od 90 x 40 cm, veliku ladicu, 3 ormari\u0107a za pohranu, 3 police na plo\u010di i bo\u010dnu policu na 3 razine. Ormari\u0107 za nakit iza ogledala posebno je prakti\u010dan i omogu\u0107uje uredno pohranjivanje nakita i kozmetike.STABILAN I SIGURAN: Ovaj toaletni stoli\u0107 s rasvjetom izra\u0111en je od iverice E1 kvalitete s melaminskom folijom. Ima glatku povr\u0161inu otpornu na vodu i ogrebotine te robusnu strukturu, a istovremeno se lako \u010disti nje\u017enim brisanjem. Donja potporna greda i ure\u0111aj protiv prevrtanja pove\u0107avaju ukupnu stabilnost za dodatnu sigurnost tijekom upotrebe. Maksimalna nosivost: 50 kg.SVESTRAAN I STILIZIRAN: Ovaj kompaktni toaletni stoli\u0107 savr\u0161eno se uklapa u velike i male prostorije, stvaraju\u0107i ugodan kutak za \u0161minkanje bez zauzimanja puno prostora. Njegova bezvremenska estetika lako se uklapa u razli\u010dite stilove ure\u0111enja interijera. Idealan kao poklon - prakti\u010dan i elegantan dodatak svakom domu.JEDNOSTAVNO SASTAVLJANJE: Zahvaljuju\u0107i ilustriranim uputama i prilo\u017eenom alatu, sastavljanje toaletnog stoli\u0107a s ogledalom i rasvjetom jednostavno je i korisno iskustvo. Imajte na umu da se ovaj proizvod isporu\u010duje u 2 odvojena pakiranja.","breadcrumb":{"@id":"https:\/\/inti.hr\/bs\/proizvod\/toaletni-stolic-s-velikim-ogledalom-90x40-cm\/#breadcrumb"},"inLanguage":"bs-BA","potentialAction":[{"@type":"ReadAction","target":["https:\/\/inti.hr\/bs\/proizvod\/toaletni-stolic-s-velikim-ogledalom-90x40-cm\/"]}]},{"@type":"ImageObject","inLanguage":"bs-BA","@id":"https:\/\/inti.hr\/bs\/proizvod\/toaletni-stolic-s-velikim-ogledalom-90x40-cm\/#primaryimage","url":"https:\/\/i0.wp.com\/inti.hr\/wp-content\/uploads\/2025\/11\/Schminktisch-mit-grossem-Spiegel-LED-Beleuchtung-Ablage-90x40-cm-W0ITT7124-Weiss2_600x600-e1762365615305.jpg?fit=600%2C540&ssl=1","contentUrl":"https:\/\/i0.wp.com\/inti.hr\/wp-content\/uploads\/2025\/11\/Schminktisch-mit-grossem-Spiegel-LED-Beleuchtung-Ablage-90x40-cm-W0ITT7124-Weiss2_600x600-e1762365615305.jpg?fit=600%2C540&ssl=1","width":600,"height":540,"caption":"WOLTU toaletni stoli\u0107 s velikim ogledalom, LED rasvjeta, polica, 90x40 cm bijela"},{"@type":"BreadcrumbList","@id":"https:\/\/inti.hr\/bs\/proizvod\/toaletni-stolic-s-velikim-ogledalom-90x40-cm\/#breadcrumb","itemListElement":[{"@type":"ListItem","position":1,"name":"Po\u010detna stranica","item":"https:\/\/inti.hr\/bs\/"},{"@type":"ListItem","position":2,"name":"Trgovina","item":"https:\/\/inti.hr\/bs\/trgovina\/"},{"@type":"ListItem","position":3,"name":"Toaletni stoli\u0107 s velikim ogledalom 90&#215;40 cm"}]},{"@type":"WebSite","@id":"https:\/\/inti.hr\/bs\/#website","url":"https:\/\/inti.hr\/bs\/","name":"Inti","description":"trgovina","potentialAction":[{"@type":"SearchAction","target":{"@type":"EntryPoint","urlTemplate":"https:\/\/inti.hr\/bs\/?s={search_term_string}"},"query-input":{"@type":"PropertyValueSpecification","valueRequired":true,"valueName":"search_term_string"}}],"inLanguage":"bs-BA"}]}},"jetpack_sharing_enabled":true,"jetpack-related-posts":[],"_links":{"self":[{"href":"https:\/\/inti.hr\/bs\/wp-json\/wp\/v2\/product\/34719"}],"collection":[{"href":"https:\/\/inti.hr\/bs\/wp-json\/wp\/v2\/product"}],"about":[{"href":"https:\/\/inti.hr\/bs\/wp-json\/wp\/v2\/types\/product"}],"wp:featuredmedia":[{"embeddable":true,"href":"https:\/\/inti.hr\/bs\/wp-json\/wp\/v2\/media\/34720"}],"wp:attachment":[{"href":"https:\/\/inti.hr\/bs\/wp-json\/wp\/v2\/media?parent=34719"}],"wp:term":[{"taxonomy":"product_cat","embeddable":true,"href":"https:\/\/inti.hr\/bs\/wp-json\/wp\/v2\/product_cat?post=34719"},{"taxonomy":"product_tag","embeddable":true,"href":"https:\/\/inti.hr\/bs\/wp-json\/wp\/v2\/product_tag?post=34719"}],"curies":[{"name":"wp","href":"https:\/\/api.w.org\/{rel}","templated":true}]}}