{"id":34747,"date":"2025-10-30T11:53:08","date_gmt":"2025-10-30T10:53:08","guid":{"rendered":"https:\/\/inti.hr\/product\/komoda-s-podesivom-policom-i-vratima-s-utorima\/"},"modified":"2025-10-30T11:53:08","modified_gmt":"2025-10-30T10:53:08","slug":"komoda-s-podesivom-policom-i-vratima-s-utorima","status":"publish","type":"product","link":"https:\/\/inti.hr\/bs\/proizvod\/komoda-s-podesivom-policom-i-vratima-s-utorima\/","title":{"rendered":"Komoda s podesivom policom i vratima s utorima"},"content":{"rendered":"<p>Detalji o proizvodu:<br \/>\nBoja: Hrast be\u017e<br \/>\nMaterijal: iverica, MDF (vlaknasta plo\u010da srednje gusto\u0107e)<br \/>\nVeli\u010dina: 40 x 76 x 80 cm (D x \u0160 x V)<br \/>\nTe\u017eina: 24 kg<br \/>\nMaks. stati\u010dka ukupna nosivost: 180 kg<br \/>\nMaks. stati\u010dka nosivost pokrovne plo\u010de: 70 kg<br \/>\nMaks. stati\u010dka nosivost police: 55 kg<\/p>\n","protected":false},"excerpt":{"rendered":"<ul class=\"left\">\n<li><span dir=\"auto\">Stil je va\u017ean: Kolekcija MAXE kombinira robusnu, \u010dvrstu &#8230;<br \/>\n","protected":false},"featured_media":34748,"template":"","meta":[],"product_cat":[2418],"product_tag":[2444,3062],"yoast_head":"<!-- This site is optimized with the Yoast SEO plugin v23.7 - https:\/\/yoast.com\/wordpress\/plugins\/seo\/ -->\n<title>Komoda s podesivom policom i vratima s utorima - Inti<\/title>\n<meta name=\"description\" content=\"Stil je va\u017ean: Kolekcija MAXE kombinira robusnu, \u010dvrstu bazu s umjetni\u010dkim, utorima na vratima i jednostavnim ru\u010dkama, stvaraju\u0107i seriju namje\u0161taja koju karakteriziraju snaga, elegancija i bezvremenska sofisticiranost.Prostran i svestran: prostor za pohranu dimenzija 40 x 76 x 80 cm, polica podesiva po visini u 5 smjerova (podesiva u koracima od 5 cm) i otvor za kabel straga \u2013 ovaj funkcionalni ormari\u0107 savr\u0161en je za va\u0161u kuhinju, blagovaonicu, dnevni boravak itd.Izdr\u017eljiv i jednostavan za odr\u017eavanje: Visokokvalitetni materijali i pa\u017eljiva izrada \u010dine ovaj kuhinjski ormari\u0107 izdr\u017eljivim i jednostavnim za odr\u017eavanje. To osigurava da ostane lijep i funkcionalan \u010dak i nakon dulje upotrebe.Pove\u0107ana sigurnost: Sigurnosne \u0161arke s mekim zatvaranjem sprje\u010davaju zalupljivanje i priklje\u0161tenje prstiju, dok ure\u0111aj protiv prevrtanja osigurava stabilnost. Ova komoda tako stvara sigurno i ugodno okru\u017eenje za vas!Pojednostavljena i bezbri\u017ena monta\u017ea: Zahvaljuju\u0107i jasnim uputama, ozna\u010denim dijelovima i rezervnim okovima, monta\u017ea ormari\u0107a je glatka, bez napora i brza.Napomena: Stvarna boja primljenog proizvoda mo\u017ee se razlikovati zbog razlika u osvjetljenju i postavkama va\u0161eg monitora.\" \/>\n<meta name=\"robots\" content=\"index, follow, max-snippet:-1, max-image-preview:large, max-video-preview:-1\" \/>\n<link rel=\"canonical\" href=\"https:\/\/inti.hr\/bs\/proizvod\/komoda-s-podesivom-policom-i-vratima-s-utorima\/\" \/>\n<meta property=\"og:locale\" content=\"bs_BA\" \/>\n<meta property=\"og:type\" content=\"article\" \/>\n<meta property=\"og:title\" content=\"Komoda s podesivom policom i vratima s utorima - Inti\" \/>\n<meta property=\"og:description\" content=\"Stil je va\u017ean: Kolekcija MAXE kombinira robusnu, \u010dvrstu bazu s umjetni\u010dkim, utorima na vratima i jednostavnim ru\u010dkama, stvaraju\u0107i seriju namje\u0161taja koju karakteriziraju snaga, elegancija i bezvremenska sofisticiranost.Prostran i svestran: prostor za pohranu dimenzija 40 x 76 x 80 cm, polica podesiva po visini u 5 smjerova (podesiva u koracima od 5 cm) i otvor za kabel straga \u2013 ovaj funkcionalni ormari\u0107 savr\u0161en je za va\u0161u kuhinju, blagovaonicu, dnevni boravak itd.Izdr\u017eljiv i jednostavan za odr\u017eavanje: Visokokvalitetni materijali i pa\u017eljiva izrada \u010dine ovaj kuhinjski ormari\u0107 izdr\u017eljivim i jednostavnim za odr\u017eavanje. To osigurava da ostane lijep i funkcionalan \u010dak i nakon dulje upotrebe.Pove\u0107ana sigurnost: Sigurnosne \u0161arke s mekim zatvaranjem sprje\u010davaju zalupljivanje i priklje\u0161tenje prstiju, dok ure\u0111aj protiv prevrtanja osigurava stabilnost. Ova komoda tako stvara sigurno i ugodno okru\u017eenje za vas!Pojednostavljena i bezbri\u017ena monta\u017ea: Zahvaljuju\u0107i jasnim uputama, ozna\u010denim dijelovima i rezervnim okovima, monta\u017ea ormari\u0107a je glatka, bez napora i brza.Napomena: Stvarna boja primljenog proizvoda mo\u017ee se razlikovati zbog razlika u osvjetljenju i postavkama va\u0161eg monitora.\" \/>\n<meta property=\"og:url\" content=\"https:\/\/inti.hr\/bs\/proizvod\/komoda-s-podesivom-policom-i-vratima-s-utorima\/\" \/>\n<meta property=\"og:site_name\" content=\"Inti\" \/>\n<meta property=\"og:image\" content=\"https:\/\/i0.wp.com\/inti.hr\/wp-content\/uploads\/2025\/10\/BBK344Y01-1.jpg?fit=1000%2C1000&ssl=1\" \/>\n\t<meta property=\"og:image:width\" content=\"1000\" \/>\n\t<meta property=\"og:image:height\" content=\"1000\" \/>\n\t<meta property=\"og:image:type\" content=\"image\/jpeg\" \/>\n<meta name=\"twitter:card\" content=\"summary_large_image\" \/>\n<script type=\"application\/ld+json\" class=\"yoast-schema-graph\">{\"@context\":\"https:\/\/schema.org\",\"@graph\":[{\"@type\":\"WebPage\",\"@id\":\"https:\/\/inti.hr\/bs\/proizvod\/komoda-s-podesivom-policom-i-vratima-s-utorima\/\",\"url\":\"https:\/\/inti.hr\/bs\/proizvod\/komoda-s-podesivom-policom-i-vratima-s-utorima\/\",\"name\":\"Komoda s podesivom policom i vratima s utorima - Inti\",\"isPartOf\":{\"@id\":\"https:\/\/inti.hr\/bs\/#website\"},\"primaryImageOfPage\":{\"@id\":\"https:\/\/inti.hr\/bs\/proizvod\/komoda-s-podesivom-policom-i-vratima-s-utorima\/#primaryimage\"},\"image\":{\"@id\":\"https:\/\/inti.hr\/bs\/proizvod\/komoda-s-podesivom-policom-i-vratima-s-utorima\/#primaryimage\"},\"thumbnailUrl\":\"https:\/\/i0.wp.com\/inti.hr\/wp-content\/uploads\/2025\/10\/BBK344Y01-1.jpg?fit=1000%2C1000&ssl=1\",\"datePublished\":\"2025-10-30T10:53:08+00:00\",\"dateModified\":\"2025-10-30T10:53:08+00:00\",\"description\":\"Stil je va\u017ean: Kolekcija MAXE kombinira robusnu, \u010dvrstu bazu s umjetni\u010dkim, utorima na vratima i jednostavnim ru\u010dkama, stvaraju\u0107i seriju namje\u0161taja koju karakteriziraju snaga, elegancija i bezvremenska sofisticiranost.Prostran i svestran: prostor za pohranu dimenzija 40 x 76 x 80 cm, polica podesiva po visini u 5 smjerova (podesiva u koracima od 5 cm) i otvor za kabel straga \u2013 ovaj funkcionalni ormari\u0107 savr\u0161en je za va\u0161u kuhinju, blagovaonicu, dnevni boravak itd.Izdr\u017eljiv i jednostavan za odr\u017eavanje: Visokokvalitetni materijali i pa\u017eljiva izrada \u010dine ovaj kuhinjski ormari\u0107 izdr\u017eljivim i jednostavnim za odr\u017eavanje. To osigurava da ostane lijep i funkcionalan \u010dak i nakon dulje upotrebe.Pove\u0107ana sigurnost: Sigurnosne \u0161arke s mekim zatvaranjem sprje\u010davaju zalupljivanje i priklje\u0161tenje prstiju, dok ure\u0111aj protiv prevrtanja osigurava stabilnost. Ova komoda tako stvara sigurno i ugodno okru\u017eenje za vas!Pojednostavljena i bezbri\u017ena monta\u017ea: Zahvaljuju\u0107i jasnim uputama, ozna\u010denim dijelovima i rezervnim okovima, monta\u017ea ormari\u0107a je glatka, bez napora i brza.Napomena: Stvarna boja primljenog proizvoda mo\u017ee se razlikovati zbog razlika u osvjetljenju i postavkama va\u0161eg monitora.\",\"breadcrumb\":{\"@id\":\"https:\/\/inti.hr\/bs\/proizvod\/komoda-s-podesivom-policom-i-vratima-s-utorima\/#breadcrumb\"},\"inLanguage\":\"bs-BA\",\"potentialAction\":[{\"@type\":\"ReadAction\",\"target\":[\"https:\/\/inti.hr\/bs\/proizvod\/komoda-s-podesivom-policom-i-vratima-s-utorima\/\"]}]},{\"@type\":\"ImageObject\",\"inLanguage\":\"bs-BA\",\"@id\":\"https:\/\/inti.hr\/bs\/proizvod\/komoda-s-podesivom-policom-i-vratima-s-utorima\/#primaryimage\",\"url\":\"https:\/\/i0.wp.com\/inti.hr\/wp-content\/uploads\/2025\/10\/BBK344Y01-1.jpg?fit=1000%2C1000&ssl=1\",\"contentUrl\":\"https:\/\/i0.wp.com\/inti.hr\/wp-content\/uploads\/2025\/10\/BBK344Y01-1.jpg?fit=1000%2C1000&ssl=1\",\"width\":1000,\"height\":1000,\"caption\":\"VASAGLE komoda s podesivom policom i vratima s utorima\"},{\"@type\":\"BreadcrumbList\",\"@id\":\"https:\/\/inti.hr\/bs\/proizvod\/komoda-s-podesivom-policom-i-vratima-s-utorima\/#breadcrumb\",\"itemListElement\":[{\"@type\":\"ListItem\",\"position\":1,\"name\":\"Po\u010detna stranica\",\"item\":\"https:\/\/inti.hr\/bs\/\"},{\"@type\":\"ListItem\",\"position\":2,\"name\":\"Trgovina\",\"item\":\"https:\/\/inti.hr\/bs\/trgovina\/\"},{\"@type\":\"ListItem\",\"position\":3,\"name\":\"Komoda s podesivom policom i vratima s utorima\"}]},{\"@type\":\"WebSite\",\"@id\":\"https:\/\/inti.hr\/bs\/#website\",\"url\":\"https:\/\/inti.hr\/bs\/\",\"name\":\"Inti\",\"description\":\"trgovina\",\"potentialAction\":[{\"@type\":\"SearchAction\",\"target\":{\"@type\":\"EntryPoint\",\"urlTemplate\":\"https:\/\/inti.hr\/bs\/?s={search_term_string}\"},\"query-input\":{\"@type\":\"PropertyValueSpecification\",\"valueRequired\":true,\"valueName\":\"search_term_string\"}}],\"inLanguage\":\"bs-BA\"}]}<\/script>\n<!-- \/ Yoast SEO plugin. -->","yoast_head_json":{"title":"Komoda s podesivom policom i vratima s utorima - Inti","description":"Stil je va\u017ean: Kolekcija MAXE kombinira robusnu, \u010dvrstu bazu s umjetni\u010dkim, utorima na vratima i jednostavnim ru\u010dkama, stvaraju\u0107i seriju namje\u0161taja koju karakteriziraju snaga, elegancija i bezvremenska sofisticiranost.Prostran i svestran: prostor za pohranu dimenzija 40 x 76 x 80 cm, polica podesiva po visini u 5 smjerova (podesiva u koracima od 5 cm) i otvor za kabel straga \u2013 ovaj funkcionalni ormari\u0107 savr\u0161en je za va\u0161u kuhinju, blagovaonicu, dnevni boravak itd.Izdr\u017eljiv i jednostavan za odr\u017eavanje: Visokokvalitetni materijali i pa\u017eljiva izrada \u010dine ovaj kuhinjski ormari\u0107 izdr\u017eljivim i jednostavnim za odr\u017eavanje. To osigurava da ostane lijep i funkcionalan \u010dak i nakon dulje upotrebe.Pove\u0107ana sigurnost: Sigurnosne \u0161arke s mekim zatvaranjem sprje\u010davaju zalupljivanje i priklje\u0161tenje prstiju, dok ure\u0111aj protiv prevrtanja osigurava stabilnost. Ova komoda tako stvara sigurno i ugodno okru\u017eenje za vas!Pojednostavljena i bezbri\u017ena monta\u017ea: Zahvaljuju\u0107i jasnim uputama, ozna\u010denim dijelovima i rezervnim okovima, monta\u017ea ormari\u0107a je glatka, bez napora i brza.Napomena: Stvarna boja primljenog proizvoda mo\u017ee se razlikovati zbog razlika u osvjetljenju i postavkama va\u0161eg monitora.","robots":{"index":"index","follow":"follow","max-snippet":"max-snippet:-1","max-image-preview":"max-image-preview:large","max-video-preview":"max-video-preview:-1"},"canonical":"https:\/\/inti.hr\/bs\/proizvod\/komoda-s-podesivom-policom-i-vratima-s-utorima\/","og_locale":"bs_BA","og_type":"article","og_title":"Komoda s podesivom policom i vratima s utorima - Inti","og_description":"Stil je va\u017ean: Kolekcija MAXE kombinira robusnu, \u010dvrstu bazu s umjetni\u010dkim, utorima na vratima i jednostavnim ru\u010dkama, stvaraju\u0107i seriju namje\u0161taja koju karakteriziraju snaga, elegancija i bezvremenska sofisticiranost.Prostran i svestran: prostor za pohranu dimenzija 40 x 76 x 80 cm, polica podesiva po visini u 5 smjerova (podesiva u koracima od 5 cm) i otvor za kabel straga \u2013 ovaj funkcionalni ormari\u0107 savr\u0161en je za va\u0161u kuhinju, blagovaonicu, dnevni boravak itd.Izdr\u017eljiv i jednostavan za odr\u017eavanje: Visokokvalitetni materijali i pa\u017eljiva izrada \u010dine ovaj kuhinjski ormari\u0107 izdr\u017eljivim i jednostavnim za odr\u017eavanje. To osigurava da ostane lijep i funkcionalan \u010dak i nakon dulje upotrebe.Pove\u0107ana sigurnost: Sigurnosne \u0161arke s mekim zatvaranjem sprje\u010davaju zalupljivanje i priklje\u0161tenje prstiju, dok ure\u0111aj protiv prevrtanja osigurava stabilnost. Ova komoda tako stvara sigurno i ugodno okru\u017eenje za vas!Pojednostavljena i bezbri\u017ena monta\u017ea: Zahvaljuju\u0107i jasnim uputama, ozna\u010denim dijelovima i rezervnim okovima, monta\u017ea ormari\u0107a je glatka, bez napora i brza.Napomena: Stvarna boja primljenog proizvoda mo\u017ee se razlikovati zbog razlika u osvjetljenju i postavkama va\u0161eg monitora.","og_url":"https:\/\/inti.hr\/bs\/proizvod\/komoda-s-podesivom-policom-i-vratima-s-utorima\/","og_site_name":"Inti","og_image":[{"width":1000,"height":1000,"url":"https:\/\/i0.wp.com\/inti.hr\/wp-content\/uploads\/2025\/10\/BBK344Y01-1.jpg?fit=1000%2C1000&ssl=1","type":"image\/jpeg"}],"twitter_card":"summary_large_image","schema":{"@context":"https:\/\/schema.org","@graph":[{"@type":"WebPage","@id":"https:\/\/inti.hr\/bs\/proizvod\/komoda-s-podesivom-policom-i-vratima-s-utorima\/","url":"https:\/\/inti.hr\/bs\/proizvod\/komoda-s-podesivom-policom-i-vratima-s-utorima\/","name":"Komoda s podesivom policom i vratima s utorima - Inti","isPartOf":{"@id":"https:\/\/inti.hr\/bs\/#website"},"primaryImageOfPage":{"@id":"https:\/\/inti.hr\/bs\/proizvod\/komoda-s-podesivom-policom-i-vratima-s-utorima\/#primaryimage"},"image":{"@id":"https:\/\/inti.hr\/bs\/proizvod\/komoda-s-podesivom-policom-i-vratima-s-utorima\/#primaryimage"},"thumbnailUrl":"https:\/\/i0.wp.com\/inti.hr\/wp-content\/uploads\/2025\/10\/BBK344Y01-1.jpg?fit=1000%2C1000&ssl=1","datePublished":"2025-10-30T10:53:08+00:00","dateModified":"2025-10-30T10:53:08+00:00","description":"Stil je va\u017ean: Kolekcija MAXE kombinira robusnu, \u010dvrstu bazu s umjetni\u010dkim, utorima na vratima i jednostavnim ru\u010dkama, stvaraju\u0107i seriju namje\u0161taja koju karakteriziraju snaga, elegancija i bezvremenska sofisticiranost.Prostran i svestran: prostor za pohranu dimenzija 40 x 76 x 80 cm, polica podesiva po visini u 5 smjerova (podesiva u koracima od 5 cm) i otvor za kabel straga \u2013 ovaj funkcionalni ormari\u0107 savr\u0161en je za va\u0161u kuhinju, blagovaonicu, dnevni boravak itd.Izdr\u017eljiv i jednostavan za odr\u017eavanje: Visokokvalitetni materijali i pa\u017eljiva izrada \u010dine ovaj kuhinjski ormari\u0107 izdr\u017eljivim i jednostavnim za odr\u017eavanje. To osigurava da ostane lijep i funkcionalan \u010dak i nakon dulje upotrebe.Pove\u0107ana sigurnost: Sigurnosne \u0161arke s mekim zatvaranjem sprje\u010davaju zalupljivanje i priklje\u0161tenje prstiju, dok ure\u0111aj protiv prevrtanja osigurava stabilnost. Ova komoda tako stvara sigurno i ugodno okru\u017eenje za vas!Pojednostavljena i bezbri\u017ena monta\u017ea: Zahvaljuju\u0107i jasnim uputama, ozna\u010denim dijelovima i rezervnim okovima, monta\u017ea ormari\u0107a je glatka, bez napora i brza.Napomena: Stvarna boja primljenog proizvoda mo\u017ee se razlikovati zbog razlika u osvjetljenju i postavkama va\u0161eg monitora.","breadcrumb":{"@id":"https:\/\/inti.hr\/bs\/proizvod\/komoda-s-podesivom-policom-i-vratima-s-utorima\/#breadcrumb"},"inLanguage":"bs-BA","potentialAction":[{"@type":"ReadAction","target":["https:\/\/inti.hr\/bs\/proizvod\/komoda-s-podesivom-policom-i-vratima-s-utorima\/"]}]},{"@type":"ImageObject","inLanguage":"bs-BA","@id":"https:\/\/inti.hr\/bs\/proizvod\/komoda-s-podesivom-policom-i-vratima-s-utorima\/#primaryimage","url":"https:\/\/i0.wp.com\/inti.hr\/wp-content\/uploads\/2025\/10\/BBK344Y01-1.jpg?fit=1000%2C1000&ssl=1","contentUrl":"https:\/\/i0.wp.com\/inti.hr\/wp-content\/uploads\/2025\/10\/BBK344Y01-1.jpg?fit=1000%2C1000&ssl=1","width":1000,"height":1000,"caption":"VASAGLE komoda s podesivom policom i vratima s utorima"},{"@type":"BreadcrumbList","@id":"https:\/\/inti.hr\/bs\/proizvod\/komoda-s-podesivom-policom-i-vratima-s-utorima\/#breadcrumb","itemListElement":[{"@type":"ListItem","position":1,"name":"Po\u010detna stranica","item":"https:\/\/inti.hr\/bs\/"},{"@type":"ListItem","position":2,"name":"Trgovina","item":"https:\/\/inti.hr\/bs\/trgovina\/"},{"@type":"ListItem","position":3,"name":"Komoda s podesivom policom i vratima s utorima"}]},{"@type":"WebSite","@id":"https:\/\/inti.hr\/bs\/#website","url":"https:\/\/inti.hr\/bs\/","name":"Inti","description":"trgovina","potentialAction":[{"@type":"SearchAction","target":{"@type":"EntryPoint","urlTemplate":"https:\/\/inti.hr\/bs\/?s={search_term_string}"},"query-input":{"@type":"PropertyValueSpecification","valueRequired":true,"valueName":"search_term_string"}}],"inLanguage":"bs-BA"}]}},"jetpack_sharing_enabled":true,"jetpack-related-posts":[],"_links":{"self":[{"href":"https:\/\/inti.hr\/bs\/wp-json\/wp\/v2\/product\/34747"}],"collection":[{"href":"https:\/\/inti.hr\/bs\/wp-json\/wp\/v2\/product"}],"about":[{"href":"https:\/\/inti.hr\/bs\/wp-json\/wp\/v2\/types\/product"}],"wp:featuredmedia":[{"embeddable":true,"href":"https:\/\/inti.hr\/bs\/wp-json\/wp\/v2\/media\/34748"}],"wp:attachment":[{"href":"https:\/\/inti.hr\/bs\/wp-json\/wp\/v2\/media?parent=34747"}],"wp:term":[{"taxonomy":"product_cat","embeddable":true,"href":"https:\/\/inti.hr\/bs\/wp-json\/wp\/v2\/product_cat?post=34747"},{"taxonomy":"product_tag","embeddable":true,"href":"https:\/\/inti.hr\/bs\/wp-json\/wp\/v2\/product_tag?post=34747"}],"curies":[{"name":"wp","href":"https:\/\/api.w.org\/{rel}","templated":true}]}}