{"id":34761,"date":"2025-10-22T10:57:54","date_gmt":"2025-10-22T09:57:54","guid":{"rendered":"https:\/\/inti.hr\/product\/kupaonski-ormaric-78x38x90cm-s-2-kosare\/"},"modified":"2025-10-22T10:57:54","modified_gmt":"2025-10-22T09:57:54","slug":"kupaonski-ormaric-78x38x90cm-s-2-kosare","status":"publish","type":"product","link":"https:\/\/inti.hr\/bs\/proizvod\/kupaonski-ormaric-78x38x90cm-s-2-kosare\/","title":{"rendered":"Kupaonski ormari\u0107 78x38x90cm s 2 ko\u0161are"},"content":{"rendered":"<p>Detalji proizvoda:<\/p>\n<p>Unato\u010d kompaktnoj veli\u010dini (78 x 38 x 90 cm), ormari\u0107 podr\u017eava do 44 kg: gornja polica 20 kg, ladica 5 kg, svaka ko\u0161ara 5 kg, izvla\u010dna polica 3 kg po razini (x3).<\/p>\n<p>Ovaj visoki i uski kupaonski ormari\u0107 skladno se integrira sa SoBuy umivaonicima, ormari\u0107ima s ogledalom, kupaonskim policama ili ormari\u0107ima na postolju, tvore\u0107i uskla\u0111eno i moderno rje\u0161enje za opremanje \u010dak i najmanjih kupaonica na funkcionalan i elegantan na\u010din.<\/p>\n","protected":false},"excerpt":{"rendered":"<p>Opremljen s 1 gornjom ladicom, 2 prostrane ko\u0161are od netkane tkanine &#8230; <\/p>\n","protected":false},"featured_media":34762,"template":"","meta":[],"product_cat":[2392],"product_tag":[2520,4376],"yoast_head":"<!-- This site is optimized with the Yoast SEO plugin v23.7 - https:\/\/yoast.com\/wordpress\/plugins\/seo\/ -->\n<title>Kupaonski ormari\u0107 78x38x90cm s 2 ko\u0161are - Inti<\/title>\n<meta name=\"description\" content=\"Opremljen s 1 gornjom ladicom, 2 prostrane ko\u0161are od netkane tkanine (svaka po 36 litara) s metalnim ru\u010dkama i 1 izvla\u010dnim bo\u010dnim odjeljkom s tri unutarnje police, ovaj kupaonski stupni ormari\u0107 omogu\u0107uje vam odvajanje rublja, pohranu deterd\u017eenata, toaletnog papira, ru\u010dnika i ostalog pribora na uredan i lako dostupan na\u010din. Izra\u0111en od E1 MDF i E1 PB plo\u010da, jam\u010di otpornost na vlagu, trajnost i ekolo\u0161ku prihvatljivost. Idealan za svakodnevnu upotrebu, \u010dak i u prostorima sklonim kondenzaciji ili pari, poput kupaonica ili praonica. Nagnuta vrata olak\u0161avaju va\u0111enje i stavljanje rublja. Gornja ladica idealna je za male kupaonske predmete. Izvla\u010dni bo\u010dni pretinac s metalnim kliza\u010dima omogu\u0107uje nesmetan i siguran pristup svim trima policama.\" \/>\n<meta name=\"robots\" content=\"index, follow, max-snippet:-1, max-image-preview:large, max-video-preview:-1\" \/>\n<link rel=\"canonical\" href=\"https:\/\/inti.hr\/bs\/proizvod\/kupaonski-ormaric-78x38x90cm-s-2-kosare\/\" \/>\n<meta property=\"og:locale\" content=\"bs_BA\" \/>\n<meta property=\"og:type\" content=\"article\" \/>\n<meta property=\"og:title\" content=\"Kupaonski ormari\u0107 78x38x90cm s 2 ko\u0161are - Inti\" \/>\n<meta property=\"og:description\" content=\"Opremljen s 1 gornjom ladicom, 2 prostrane ko\u0161are od netkane tkanine (svaka po 36 litara) s metalnim ru\u010dkama i 1 izvla\u010dnim bo\u010dnim odjeljkom s tri unutarnje police, ovaj kupaonski stupni ormari\u0107 omogu\u0107uje vam odvajanje rublja, pohranu deterd\u017eenata, toaletnog papira, ru\u010dnika i ostalog pribora na uredan i lako dostupan na\u010din. Izra\u0111en od E1 MDF i E1 PB plo\u010da, jam\u010di otpornost na vlagu, trajnost i ekolo\u0161ku prihvatljivost. Idealan za svakodnevnu upotrebu, \u010dak i u prostorima sklonim kondenzaciji ili pari, poput kupaonica ili praonica. Nagnuta vrata olak\u0161avaju va\u0111enje i stavljanje rublja. Gornja ladica idealna je za male kupaonske predmete. Izvla\u010dni bo\u010dni pretinac s metalnim kliza\u010dima omogu\u0107uje nesmetan i siguran pristup svim trima policama.\" \/>\n<meta property=\"og:url\" content=\"https:\/\/inti.hr\/bs\/proizvod\/kupaonski-ormaric-78x38x90cm-s-2-kosare\/\" \/>\n<meta property=\"og:site_name\" content=\"Inti\" \/>\n<meta property=\"og:image\" content=\"https:\/\/i0.wp.com\/inti.hr\/wp-content\/uploads\/2025\/10\/BZR214-W-Y001_fd301537-3d8a-40aa-90c9-202fd5068a62_860x.webp?fit=860%2C860&ssl=1\" \/>\n\t<meta property=\"og:image:width\" content=\"860\" \/>\n\t<meta property=\"og:image:height\" content=\"860\" \/>\n\t<meta property=\"og:image:type\" content=\"image\/webp\" \/>\n<meta name=\"twitter:card\" content=\"summary_large_image\" \/>\n<script type=\"application\/ld+json\" class=\"yoast-schema-graph\">{\"@context\":\"https:\/\/schema.org\",\"@graph\":[{\"@type\":\"WebPage\",\"@id\":\"https:\/\/inti.hr\/bs\/proizvod\/kupaonski-ormaric-78x38x90cm-s-2-kosare\/\",\"url\":\"https:\/\/inti.hr\/bs\/proizvod\/kupaonski-ormaric-78x38x90cm-s-2-kosare\/\",\"name\":\"Kupaonski ormari\u0107 78x38x90cm s 2 ko\u0161are - Inti\",\"isPartOf\":{\"@id\":\"https:\/\/inti.hr\/bs\/#website\"},\"primaryImageOfPage\":{\"@id\":\"https:\/\/inti.hr\/bs\/proizvod\/kupaonski-ormaric-78x38x90cm-s-2-kosare\/#primaryimage\"},\"image\":{\"@id\":\"https:\/\/inti.hr\/bs\/proizvod\/kupaonski-ormaric-78x38x90cm-s-2-kosare\/#primaryimage\"},\"thumbnailUrl\":\"https:\/\/i0.wp.com\/inti.hr\/wp-content\/uploads\/2025\/10\/BZR214-W-Y001_fd301537-3d8a-40aa-90c9-202fd5068a62_860x.webp?fit=860%2C860&ssl=1\",\"datePublished\":\"2025-10-22T09:57:54+00:00\",\"dateModified\":\"2025-10-22T09:57:54+00:00\",\"description\":\"Opremljen s 1 gornjom ladicom, 2 prostrane ko\u0161are od netkane tkanine (svaka po 36 litara) s metalnim ru\u010dkama i 1 izvla\u010dnim bo\u010dnim odjeljkom s tri unutarnje police, ovaj kupaonski stupni ormari\u0107 omogu\u0107uje vam odvajanje rublja, pohranu deterd\u017eenata, toaletnog papira, ru\u010dnika i ostalog pribora na uredan i lako dostupan na\u010din. Izra\u0111en od E1 MDF i E1 PB plo\u010da, jam\u010di otpornost na vlagu, trajnost i ekolo\u0161ku prihvatljivost. Idealan za svakodnevnu upotrebu, \u010dak i u prostorima sklonim kondenzaciji ili pari, poput kupaonica ili praonica. Nagnuta vrata olak\u0161avaju va\u0111enje i stavljanje rublja. Gornja ladica idealna je za male kupaonske predmete. Izvla\u010dni bo\u010dni pretinac s metalnim kliza\u010dima omogu\u0107uje nesmetan i siguran pristup svim trima policama.\",\"breadcrumb\":{\"@id\":\"https:\/\/inti.hr\/bs\/proizvod\/kupaonski-ormaric-78x38x90cm-s-2-kosare\/#breadcrumb\"},\"inLanguage\":\"bs-BA\",\"potentialAction\":[{\"@type\":\"ReadAction\",\"target\":[\"https:\/\/inti.hr\/bs\/proizvod\/kupaonski-ormaric-78x38x90cm-s-2-kosare\/\"]}]},{\"@type\":\"ImageObject\",\"inLanguage\":\"bs-BA\",\"@id\":\"https:\/\/inti.hr\/bs\/proizvod\/kupaonski-ormaric-78x38x90cm-s-2-kosare\/#primaryimage\",\"url\":\"https:\/\/i0.wp.com\/inti.hr\/wp-content\/uploads\/2025\/10\/BZR214-W-Y001_fd301537-3d8a-40aa-90c9-202fd5068a62_860x.webp?fit=860%2C860&ssl=1\",\"contentUrl\":\"https:\/\/i0.wp.com\/inti.hr\/wp-content\/uploads\/2025\/10\/BZR214-W-Y001_fd301537-3d8a-40aa-90c9-202fd5068a62_860x.webp?fit=860%2C860&ssl=1\",\"width\":860,\"height\":860,\"caption\":\"SoBuy BZR214-W Kupaonski ormari\u0107, Visoki i uski, \u0160tedi prostor, Visoki element s 1 ladicom, 2 ko\u0161are za rublje i izvla\u010dnom policom, Vi\u0161enamjenski kupaonski ormari\u0107, 78x38x90cm\"},{\"@type\":\"BreadcrumbList\",\"@id\":\"https:\/\/inti.hr\/bs\/proizvod\/kupaonski-ormaric-78x38x90cm-s-2-kosare\/#breadcrumb\",\"itemListElement\":[{\"@type\":\"ListItem\",\"position\":1,\"name\":\"Po\u010detna stranica\",\"item\":\"https:\/\/inti.hr\/bs\/\"},{\"@type\":\"ListItem\",\"position\":2,\"name\":\"Trgovina\",\"item\":\"https:\/\/inti.hr\/bs\/trgovina\/\"},{\"@type\":\"ListItem\",\"position\":3,\"name\":\"Kupaonski ormari\u0107 78x38x90cm s 2 ko\u0161are\"}]},{\"@type\":\"WebSite\",\"@id\":\"https:\/\/inti.hr\/bs\/#website\",\"url\":\"https:\/\/inti.hr\/bs\/\",\"name\":\"Inti\",\"description\":\"trgovina\",\"potentialAction\":[{\"@type\":\"SearchAction\",\"target\":{\"@type\":\"EntryPoint\",\"urlTemplate\":\"https:\/\/inti.hr\/bs\/?s={search_term_string}\"},\"query-input\":{\"@type\":\"PropertyValueSpecification\",\"valueRequired\":true,\"valueName\":\"search_term_string\"}}],\"inLanguage\":\"bs-BA\"}]}<\/script>\n<!-- \/ Yoast SEO plugin. -->","yoast_head_json":{"title":"Kupaonski ormari\u0107 78x38x90cm s 2 ko\u0161are - Inti","description":"Opremljen s 1 gornjom ladicom, 2 prostrane ko\u0161are od netkane tkanine (svaka po 36 litara) s metalnim ru\u010dkama i 1 izvla\u010dnim bo\u010dnim odjeljkom s tri unutarnje police, ovaj kupaonski stupni ormari\u0107 omogu\u0107uje vam odvajanje rublja, pohranu deterd\u017eenata, toaletnog papira, ru\u010dnika i ostalog pribora na uredan i lako dostupan na\u010din. Izra\u0111en od E1 MDF i E1 PB plo\u010da, jam\u010di otpornost na vlagu, trajnost i ekolo\u0161ku prihvatljivost. Idealan za svakodnevnu upotrebu, \u010dak i u prostorima sklonim kondenzaciji ili pari, poput kupaonica ili praonica. Nagnuta vrata olak\u0161avaju va\u0111enje i stavljanje rublja. Gornja ladica idealna je za male kupaonske predmete. Izvla\u010dni bo\u010dni pretinac s metalnim kliza\u010dima omogu\u0107uje nesmetan i siguran pristup svim trima policama.","robots":{"index":"index","follow":"follow","max-snippet":"max-snippet:-1","max-image-preview":"max-image-preview:large","max-video-preview":"max-video-preview:-1"},"canonical":"https:\/\/inti.hr\/bs\/proizvod\/kupaonski-ormaric-78x38x90cm-s-2-kosare\/","og_locale":"bs_BA","og_type":"article","og_title":"Kupaonski ormari\u0107 78x38x90cm s 2 ko\u0161are - Inti","og_description":"Opremljen s 1 gornjom ladicom, 2 prostrane ko\u0161are od netkane tkanine (svaka po 36 litara) s metalnim ru\u010dkama i 1 izvla\u010dnim bo\u010dnim odjeljkom s tri unutarnje police, ovaj kupaonski stupni ormari\u0107 omogu\u0107uje vam odvajanje rublja, pohranu deterd\u017eenata, toaletnog papira, ru\u010dnika i ostalog pribora na uredan i lako dostupan na\u010din. Izra\u0111en od E1 MDF i E1 PB plo\u010da, jam\u010di otpornost na vlagu, trajnost i ekolo\u0161ku prihvatljivost. Idealan za svakodnevnu upotrebu, \u010dak i u prostorima sklonim kondenzaciji ili pari, poput kupaonica ili praonica. Nagnuta vrata olak\u0161avaju va\u0111enje i stavljanje rublja. Gornja ladica idealna je za male kupaonske predmete. Izvla\u010dni bo\u010dni pretinac s metalnim kliza\u010dima omogu\u0107uje nesmetan i siguran pristup svim trima policama.","og_url":"https:\/\/inti.hr\/bs\/proizvod\/kupaonski-ormaric-78x38x90cm-s-2-kosare\/","og_site_name":"Inti","og_image":[{"width":860,"height":860,"url":"https:\/\/i0.wp.com\/inti.hr\/wp-content\/uploads\/2025\/10\/BZR214-W-Y001_fd301537-3d8a-40aa-90c9-202fd5068a62_860x.webp?fit=860%2C860&ssl=1","type":"image\/webp"}],"twitter_card":"summary_large_image","schema":{"@context":"https:\/\/schema.org","@graph":[{"@type":"WebPage","@id":"https:\/\/inti.hr\/bs\/proizvod\/kupaonski-ormaric-78x38x90cm-s-2-kosare\/","url":"https:\/\/inti.hr\/bs\/proizvod\/kupaonski-ormaric-78x38x90cm-s-2-kosare\/","name":"Kupaonski ormari\u0107 78x38x90cm s 2 ko\u0161are - Inti","isPartOf":{"@id":"https:\/\/inti.hr\/bs\/#website"},"primaryImageOfPage":{"@id":"https:\/\/inti.hr\/bs\/proizvod\/kupaonski-ormaric-78x38x90cm-s-2-kosare\/#primaryimage"},"image":{"@id":"https:\/\/inti.hr\/bs\/proizvod\/kupaonski-ormaric-78x38x90cm-s-2-kosare\/#primaryimage"},"thumbnailUrl":"https:\/\/i0.wp.com\/inti.hr\/wp-content\/uploads\/2025\/10\/BZR214-W-Y001_fd301537-3d8a-40aa-90c9-202fd5068a62_860x.webp?fit=860%2C860&ssl=1","datePublished":"2025-10-22T09:57:54+00:00","dateModified":"2025-10-22T09:57:54+00:00","description":"Opremljen s 1 gornjom ladicom, 2 prostrane ko\u0161are od netkane tkanine (svaka po 36 litara) s metalnim ru\u010dkama i 1 izvla\u010dnim bo\u010dnim odjeljkom s tri unutarnje police, ovaj kupaonski stupni ormari\u0107 omogu\u0107uje vam odvajanje rublja, pohranu deterd\u017eenata, toaletnog papira, ru\u010dnika i ostalog pribora na uredan i lako dostupan na\u010din. Izra\u0111en od E1 MDF i E1 PB plo\u010da, jam\u010di otpornost na vlagu, trajnost i ekolo\u0161ku prihvatljivost. Idealan za svakodnevnu upotrebu, \u010dak i u prostorima sklonim kondenzaciji ili pari, poput kupaonica ili praonica. Nagnuta vrata olak\u0161avaju va\u0111enje i stavljanje rublja. Gornja ladica idealna je za male kupaonske predmete. Izvla\u010dni bo\u010dni pretinac s metalnim kliza\u010dima omogu\u0107uje nesmetan i siguran pristup svim trima policama.","breadcrumb":{"@id":"https:\/\/inti.hr\/bs\/proizvod\/kupaonski-ormaric-78x38x90cm-s-2-kosare\/#breadcrumb"},"inLanguage":"bs-BA","potentialAction":[{"@type":"ReadAction","target":["https:\/\/inti.hr\/bs\/proizvod\/kupaonski-ormaric-78x38x90cm-s-2-kosare\/"]}]},{"@type":"ImageObject","inLanguage":"bs-BA","@id":"https:\/\/inti.hr\/bs\/proizvod\/kupaonski-ormaric-78x38x90cm-s-2-kosare\/#primaryimage","url":"https:\/\/i0.wp.com\/inti.hr\/wp-content\/uploads\/2025\/10\/BZR214-W-Y001_fd301537-3d8a-40aa-90c9-202fd5068a62_860x.webp?fit=860%2C860&ssl=1","contentUrl":"https:\/\/i0.wp.com\/inti.hr\/wp-content\/uploads\/2025\/10\/BZR214-W-Y001_fd301537-3d8a-40aa-90c9-202fd5068a62_860x.webp?fit=860%2C860&ssl=1","width":860,"height":860,"caption":"SoBuy BZR214-W Kupaonski ormari\u0107, Visoki i uski, \u0160tedi prostor, Visoki element s 1 ladicom, 2 ko\u0161are za rublje i izvla\u010dnom policom, Vi\u0161enamjenski kupaonski ormari\u0107, 78x38x90cm"},{"@type":"BreadcrumbList","@id":"https:\/\/inti.hr\/bs\/proizvod\/kupaonski-ormaric-78x38x90cm-s-2-kosare\/#breadcrumb","itemListElement":[{"@type":"ListItem","position":1,"name":"Po\u010detna stranica","item":"https:\/\/inti.hr\/bs\/"},{"@type":"ListItem","position":2,"name":"Trgovina","item":"https:\/\/inti.hr\/bs\/trgovina\/"},{"@type":"ListItem","position":3,"name":"Kupaonski ormari\u0107 78x38x90cm s 2 ko\u0161are"}]},{"@type":"WebSite","@id":"https:\/\/inti.hr\/bs\/#website","url":"https:\/\/inti.hr\/bs\/","name":"Inti","description":"trgovina","potentialAction":[{"@type":"SearchAction","target":{"@type":"EntryPoint","urlTemplate":"https:\/\/inti.hr\/bs\/?s={search_term_string}"},"query-input":{"@type":"PropertyValueSpecification","valueRequired":true,"valueName":"search_term_string"}}],"inLanguage":"bs-BA"}]}},"jetpack_sharing_enabled":true,"jetpack-related-posts":[],"_links":{"self":[{"href":"https:\/\/inti.hr\/bs\/wp-json\/wp\/v2\/product\/34761"}],"collection":[{"href":"https:\/\/inti.hr\/bs\/wp-json\/wp\/v2\/product"}],"about":[{"href":"https:\/\/inti.hr\/bs\/wp-json\/wp\/v2\/types\/product"}],"wp:featuredmedia":[{"embeddable":true,"href":"https:\/\/inti.hr\/bs\/wp-json\/wp\/v2\/media\/34762"}],"wp:attachment":[{"href":"https:\/\/inti.hr\/bs\/wp-json\/wp\/v2\/media?parent=34761"}],"wp:term":[{"taxonomy":"product_cat","embeddable":true,"href":"https:\/\/inti.hr\/bs\/wp-json\/wp\/v2\/product_cat?post=34761"},{"taxonomy":"product_tag","embeddable":true,"href":"https:\/\/inti.hr\/bs\/wp-json\/wp\/v2\/product_tag?post=34761"}],"curies":[{"name":"wp","href":"https:\/\/api.w.org\/{rel}","templated":true}]}}