{"id":34765,"date":"2025-10-22T10:50:33","date_gmt":"2025-10-22T09:50:33","guid":{"rendered":"https:\/\/inti.hr\/product\/kupaonski-ormaric-78x38x90cm\/"},"modified":"2025-10-22T10:50:33","modified_gmt":"2025-10-22T09:50:33","slug":"kupaonski-ormaric-78x38x90cm","status":"publish","type":"product","link":"https:\/\/inti.hr\/bs\/proizvod\/kupaonski-ormaric-78x38x90cm\/","title":{"rendered":"Kupaonski ormari\u0107 78x38x90cm"},"content":{"rendered":"<p>Detalji proizvoda:<\/p>\n<p>Izra\u0111en od MDF-a i PB-a E1 klase, nosivost mu je do 35 kg: 20 kg na gornjoj polici i 5 kg po ko\u0161ari. Ko\u0161are su izra\u0111ene od izdr\u017eljive netkane tkanine, idealne za svakodnevnu upotrebu. Bijela boja, \u010diste linije i minimalisti\u010dke ru\u010dke dodaju moderan i skladan dodir va\u0161oj kupaonici. Savr\u0161en kao visoki umivaonik koji \u0161tedi prostor ili kao dodatni ormari\u0107 u kupaonskom aran\u017emanu. vaj kupaonski stalak poma\u017ee u odr\u017eavanju urednosti va\u0161e kupaonice, olak\u0161avaju\u0107i prethodno sortiranje rublja i njegovo diskretno pohranjivanje. Savr\u0161en je izbor za one koji tra\u017ee funkcionalnost i stil u malom prostoru.<\/p>\n","protected":false},"excerpt":{"rendered":"<p>Ovaj kupaonski ormari\u0107 koji \u0161tedi prostor uklju\u010duje 1 veliku ko\u0161aru za &#8230; <\/p>\n","protected":false},"featured_media":34766,"template":"","meta":[],"product_cat":[2392],"product_tag":[2520,4378],"yoast_head":"<!-- This site is optimized with the Yoast SEO plugin v23.7 - https:\/\/yoast.com\/wordpress\/plugins\/seo\/ -->\n<title>Kupaonski ormari\u0107 78x38x90cm - Inti<\/title>\n<meta name=\"description\" content=\"Ovaj kupaonski ormari\u0107 koji \u0161tedi prostor uklju\u010duje 1 veliku ko\u0161aru za rublje i 2 uklonjive ko\u0161are od tkanine, idealne za odvajanje rublja prema boji, vrsti ili \u010dlanu obitelji. Izvrsno rje\u0161enje za obitelji, parove ili dijeljene stanove.Dvije uklonjive ko\u0161are mogu se koristiti i za pohranu deterd\u017eenta, toaletnog papira, ru\u010dnika ili sredstava za \u010di\u0161\u0107enje. Dizajn \u010dini ovaj vi\u0161enamjenski kupaonski ormari\u0107 korisnim u svakom kutku ku\u0107e.Zahvaljuju\u0107i kompaktnim dimenzijama od 78 x 38 x 90 cm, ovaj uski kupaonski ormari\u0107 savr\u0161eno se uklapa u male kupaonice, praonice rublja ili nekori\u0161tene prostore. Lako se uklapa s drugim kupaonskim namje\u0161tajem SoBuy, poput ormari\u0107a za umivaonik ili ogledala.\" \/>\n<meta name=\"robots\" content=\"index, follow, max-snippet:-1, max-image-preview:large, max-video-preview:-1\" \/>\n<link rel=\"canonical\" href=\"https:\/\/inti.hr\/bs\/proizvod\/kupaonski-ormaric-78x38x90cm\/\" \/>\n<meta property=\"og:locale\" content=\"bs_BA\" \/>\n<meta property=\"og:type\" content=\"article\" \/>\n<meta property=\"og:title\" content=\"Kupaonski ormari\u0107 78x38x90cm - Inti\" \/>\n<meta property=\"og:description\" content=\"Ovaj kupaonski ormari\u0107 koji \u0161tedi prostor uklju\u010duje 1 veliku ko\u0161aru za rublje i 2 uklonjive ko\u0161are od tkanine, idealne za odvajanje rublja prema boji, vrsti ili \u010dlanu obitelji. Izvrsno rje\u0161enje za obitelji, parove ili dijeljene stanove.Dvije uklonjive ko\u0161are mogu se koristiti i za pohranu deterd\u017eenta, toaletnog papira, ru\u010dnika ili sredstava za \u010di\u0161\u0107enje. Dizajn \u010dini ovaj vi\u0161enamjenski kupaonski ormari\u0107 korisnim u svakom kutku ku\u0107e.Zahvaljuju\u0107i kompaktnim dimenzijama od 78 x 38 x 90 cm, ovaj uski kupaonski ormari\u0107 savr\u0161eno se uklapa u male kupaonice, praonice rublja ili nekori\u0161tene prostore. Lako se uklapa s drugim kupaonskim namje\u0161tajem SoBuy, poput ormari\u0107a za umivaonik ili ogledala.\" \/>\n<meta property=\"og:url\" content=\"https:\/\/inti.hr\/bs\/proizvod\/kupaonski-ormaric-78x38x90cm\/\" \/>\n<meta property=\"og:site_name\" content=\"Inti\" \/>\n<meta property=\"og:image\" content=\"https:\/\/i0.wp.com\/inti.hr\/wp-content\/uploads\/2025\/10\/BZR213-W-S004_1800x1800.webp?fit=1600%2C1600&ssl=1\" \/>\n\t<meta property=\"og:image:width\" content=\"1600\" \/>\n\t<meta property=\"og:image:height\" content=\"1600\" \/>\n\t<meta property=\"og:image:type\" content=\"image\/webp\" \/>\n<meta name=\"twitter:card\" content=\"summary_large_image\" \/>\n<meta name=\"twitter:label1\" content=\"Est. reading time\" \/>\n\t<meta name=\"twitter:data1\" content=\"1 minuta\" \/>\n<script type=\"application\/ld+json\" class=\"yoast-schema-graph\">{\"@context\":\"https:\/\/schema.org\",\"@graph\":[{\"@type\":\"WebPage\",\"@id\":\"https:\/\/inti.hr\/bs\/proizvod\/kupaonski-ormaric-78x38x90cm\/\",\"url\":\"https:\/\/inti.hr\/bs\/proizvod\/kupaonski-ormaric-78x38x90cm\/\",\"name\":\"Kupaonski ormari\u0107 78x38x90cm - Inti\",\"isPartOf\":{\"@id\":\"https:\/\/inti.hr\/bs\/#website\"},\"primaryImageOfPage\":{\"@id\":\"https:\/\/inti.hr\/bs\/proizvod\/kupaonski-ormaric-78x38x90cm\/#primaryimage\"},\"image\":{\"@id\":\"https:\/\/inti.hr\/bs\/proizvod\/kupaonski-ormaric-78x38x90cm\/#primaryimage\"},\"thumbnailUrl\":\"https:\/\/i0.wp.com\/inti.hr\/wp-content\/uploads\/2025\/10\/BZR213-W-S004_1800x1800.webp?fit=1600%2C1600&ssl=1\",\"datePublished\":\"2025-10-22T09:50:33+00:00\",\"dateModified\":\"2025-10-22T09:50:33+00:00\",\"description\":\"Ovaj kupaonski ormari\u0107 koji \u0161tedi prostor uklju\u010duje 1 veliku ko\u0161aru za rublje i 2 uklonjive ko\u0161are od tkanine, idealne za odvajanje rublja prema boji, vrsti ili \u010dlanu obitelji. Izvrsno rje\u0161enje za obitelji, parove ili dijeljene stanove.Dvije uklonjive ko\u0161are mogu se koristiti i za pohranu deterd\u017eenta, toaletnog papira, ru\u010dnika ili sredstava za \u010di\u0161\u0107enje. Dizajn \u010dini ovaj vi\u0161enamjenski kupaonski ormari\u0107 korisnim u svakom kutku ku\u0107e.Zahvaljuju\u0107i kompaktnim dimenzijama od 78 x 38 x 90 cm, ovaj uski kupaonski ormari\u0107 savr\u0161eno se uklapa u male kupaonice, praonice rublja ili nekori\u0161tene prostore. Lako se uklapa s drugim kupaonskim namje\u0161tajem SoBuy, poput ormari\u0107a za umivaonik ili ogledala.\",\"breadcrumb\":{\"@id\":\"https:\/\/inti.hr\/bs\/proizvod\/kupaonski-ormaric-78x38x90cm\/#breadcrumb\"},\"inLanguage\":\"bs-BA\",\"potentialAction\":[{\"@type\":\"ReadAction\",\"target\":[\"https:\/\/inti.hr\/bs\/proizvod\/kupaonski-ormaric-78x38x90cm\/\"]}]},{\"@type\":\"ImageObject\",\"inLanguage\":\"bs-BA\",\"@id\":\"https:\/\/inti.hr\/bs\/proizvod\/kupaonski-ormaric-78x38x90cm\/#primaryimage\",\"url\":\"https:\/\/i0.wp.com\/inti.hr\/wp-content\/uploads\/2025\/10\/BZR213-W-S004_1800x1800.webp?fit=1600%2C1600&ssl=1\",\"contentUrl\":\"https:\/\/i0.wp.com\/inti.hr\/wp-content\/uploads\/2025\/10\/BZR213-W-S004_1800x1800.webp?fit=1600%2C1600&ssl=1\",\"width\":1600,\"height\":1600,\"caption\":\"SoBuy BZR213-W Kupaonski ormari\u0107, Uski kupaonski ormari\u0107, 78x38x90cm, s 1 velikom ugra\u0111enom ko\u0161arom i 2 izvla\u010dne ko\u0161are od tkanine - Mobilni ormari\u0107 koji \u0161tedi prostor\"},{\"@type\":\"BreadcrumbList\",\"@id\":\"https:\/\/inti.hr\/bs\/proizvod\/kupaonski-ormaric-78x38x90cm\/#breadcrumb\",\"itemListElement\":[{\"@type\":\"ListItem\",\"position\":1,\"name\":\"Po\u010detna stranica\",\"item\":\"https:\/\/inti.hr\/bs\/\"},{\"@type\":\"ListItem\",\"position\":2,\"name\":\"Trgovina\",\"item\":\"https:\/\/inti.hr\/bs\/trgovina\/\"},{\"@type\":\"ListItem\",\"position\":3,\"name\":\"Kupaonski ormari\u0107 78x38x90cm\"}]},{\"@type\":\"WebSite\",\"@id\":\"https:\/\/inti.hr\/bs\/#website\",\"url\":\"https:\/\/inti.hr\/bs\/\",\"name\":\"Inti\",\"description\":\"trgovina\",\"potentialAction\":[{\"@type\":\"SearchAction\",\"target\":{\"@type\":\"EntryPoint\",\"urlTemplate\":\"https:\/\/inti.hr\/bs\/?s={search_term_string}\"},\"query-input\":{\"@type\":\"PropertyValueSpecification\",\"valueRequired\":true,\"valueName\":\"search_term_string\"}}],\"inLanguage\":\"bs-BA\"}]}<\/script>\n<!-- \/ Yoast SEO plugin. -->","yoast_head_json":{"title":"Kupaonski ormari\u0107 78x38x90cm - Inti","description":"Ovaj kupaonski ormari\u0107 koji \u0161tedi prostor uklju\u010duje 1 veliku ko\u0161aru za rublje i 2 uklonjive ko\u0161are od tkanine, idealne za odvajanje rublja prema boji, vrsti ili \u010dlanu obitelji. Izvrsno rje\u0161enje za obitelji, parove ili dijeljene stanove.Dvije uklonjive ko\u0161are mogu se koristiti i za pohranu deterd\u017eenta, toaletnog papira, ru\u010dnika ili sredstava za \u010di\u0161\u0107enje. Dizajn \u010dini ovaj vi\u0161enamjenski kupaonski ormari\u0107 korisnim u svakom kutku ku\u0107e.Zahvaljuju\u0107i kompaktnim dimenzijama od 78 x 38 x 90 cm, ovaj uski kupaonski ormari\u0107 savr\u0161eno se uklapa u male kupaonice, praonice rublja ili nekori\u0161tene prostore. Lako se uklapa s drugim kupaonskim namje\u0161tajem SoBuy, poput ormari\u0107a za umivaonik ili ogledala.","robots":{"index":"index","follow":"follow","max-snippet":"max-snippet:-1","max-image-preview":"max-image-preview:large","max-video-preview":"max-video-preview:-1"},"canonical":"https:\/\/inti.hr\/bs\/proizvod\/kupaonski-ormaric-78x38x90cm\/","og_locale":"bs_BA","og_type":"article","og_title":"Kupaonski ormari\u0107 78x38x90cm - Inti","og_description":"Ovaj kupaonski ormari\u0107 koji \u0161tedi prostor uklju\u010duje 1 veliku ko\u0161aru za rublje i 2 uklonjive ko\u0161are od tkanine, idealne za odvajanje rublja prema boji, vrsti ili \u010dlanu obitelji. Izvrsno rje\u0161enje za obitelji, parove ili dijeljene stanove.Dvije uklonjive ko\u0161are mogu se koristiti i za pohranu deterd\u017eenta, toaletnog papira, ru\u010dnika ili sredstava za \u010di\u0161\u0107enje. Dizajn \u010dini ovaj vi\u0161enamjenski kupaonski ormari\u0107 korisnim u svakom kutku ku\u0107e.Zahvaljuju\u0107i kompaktnim dimenzijama od 78 x 38 x 90 cm, ovaj uski kupaonski ormari\u0107 savr\u0161eno se uklapa u male kupaonice, praonice rublja ili nekori\u0161tene prostore. Lako se uklapa s drugim kupaonskim namje\u0161tajem SoBuy, poput ormari\u0107a za umivaonik ili ogledala.","og_url":"https:\/\/inti.hr\/bs\/proizvod\/kupaonski-ormaric-78x38x90cm\/","og_site_name":"Inti","og_image":[{"width":1600,"height":1600,"url":"https:\/\/i0.wp.com\/inti.hr\/wp-content\/uploads\/2025\/10\/BZR213-W-S004_1800x1800.webp?fit=1600%2C1600&ssl=1","type":"image\/webp"}],"twitter_card":"summary_large_image","twitter_misc":{"Est. reading time":"1 minuta"},"schema":{"@context":"https:\/\/schema.org","@graph":[{"@type":"WebPage","@id":"https:\/\/inti.hr\/bs\/proizvod\/kupaonski-ormaric-78x38x90cm\/","url":"https:\/\/inti.hr\/bs\/proizvod\/kupaonski-ormaric-78x38x90cm\/","name":"Kupaonski ormari\u0107 78x38x90cm - Inti","isPartOf":{"@id":"https:\/\/inti.hr\/bs\/#website"},"primaryImageOfPage":{"@id":"https:\/\/inti.hr\/bs\/proizvod\/kupaonski-ormaric-78x38x90cm\/#primaryimage"},"image":{"@id":"https:\/\/inti.hr\/bs\/proizvod\/kupaonski-ormaric-78x38x90cm\/#primaryimage"},"thumbnailUrl":"https:\/\/i0.wp.com\/inti.hr\/wp-content\/uploads\/2025\/10\/BZR213-W-S004_1800x1800.webp?fit=1600%2C1600&ssl=1","datePublished":"2025-10-22T09:50:33+00:00","dateModified":"2025-10-22T09:50:33+00:00","description":"Ovaj kupaonski ormari\u0107 koji \u0161tedi prostor uklju\u010duje 1 veliku ko\u0161aru za rublje i 2 uklonjive ko\u0161are od tkanine, idealne za odvajanje rublja prema boji, vrsti ili \u010dlanu obitelji. Izvrsno rje\u0161enje za obitelji, parove ili dijeljene stanove.Dvije uklonjive ko\u0161are mogu se koristiti i za pohranu deterd\u017eenta, toaletnog papira, ru\u010dnika ili sredstava za \u010di\u0161\u0107enje. Dizajn \u010dini ovaj vi\u0161enamjenski kupaonski ormari\u0107 korisnim u svakom kutku ku\u0107e.Zahvaljuju\u0107i kompaktnim dimenzijama od 78 x 38 x 90 cm, ovaj uski kupaonski ormari\u0107 savr\u0161eno se uklapa u male kupaonice, praonice rublja ili nekori\u0161tene prostore. Lako se uklapa s drugim kupaonskim namje\u0161tajem SoBuy, poput ormari\u0107a za umivaonik ili ogledala.","breadcrumb":{"@id":"https:\/\/inti.hr\/bs\/proizvod\/kupaonski-ormaric-78x38x90cm\/#breadcrumb"},"inLanguage":"bs-BA","potentialAction":[{"@type":"ReadAction","target":["https:\/\/inti.hr\/bs\/proizvod\/kupaonski-ormaric-78x38x90cm\/"]}]},{"@type":"ImageObject","inLanguage":"bs-BA","@id":"https:\/\/inti.hr\/bs\/proizvod\/kupaonski-ormaric-78x38x90cm\/#primaryimage","url":"https:\/\/i0.wp.com\/inti.hr\/wp-content\/uploads\/2025\/10\/BZR213-W-S004_1800x1800.webp?fit=1600%2C1600&ssl=1","contentUrl":"https:\/\/i0.wp.com\/inti.hr\/wp-content\/uploads\/2025\/10\/BZR213-W-S004_1800x1800.webp?fit=1600%2C1600&ssl=1","width":1600,"height":1600,"caption":"SoBuy BZR213-W Kupaonski ormari\u0107, Uski kupaonski ormari\u0107, 78x38x90cm, s 1 velikom ugra\u0111enom ko\u0161arom i 2 izvla\u010dne ko\u0161are od tkanine - Mobilni ormari\u0107 koji \u0161tedi prostor"},{"@type":"BreadcrumbList","@id":"https:\/\/inti.hr\/bs\/proizvod\/kupaonski-ormaric-78x38x90cm\/#breadcrumb","itemListElement":[{"@type":"ListItem","position":1,"name":"Po\u010detna stranica","item":"https:\/\/inti.hr\/bs\/"},{"@type":"ListItem","position":2,"name":"Trgovina","item":"https:\/\/inti.hr\/bs\/trgovina\/"},{"@type":"ListItem","position":3,"name":"Kupaonski ormari\u0107 78x38x90cm"}]},{"@type":"WebSite","@id":"https:\/\/inti.hr\/bs\/#website","url":"https:\/\/inti.hr\/bs\/","name":"Inti","description":"trgovina","potentialAction":[{"@type":"SearchAction","target":{"@type":"EntryPoint","urlTemplate":"https:\/\/inti.hr\/bs\/?s={search_term_string}"},"query-input":{"@type":"PropertyValueSpecification","valueRequired":true,"valueName":"search_term_string"}}],"inLanguage":"bs-BA"}]}},"jetpack_sharing_enabled":true,"jetpack-related-posts":[],"_links":{"self":[{"href":"https:\/\/inti.hr\/bs\/wp-json\/wp\/v2\/product\/34765"}],"collection":[{"href":"https:\/\/inti.hr\/bs\/wp-json\/wp\/v2\/product"}],"about":[{"href":"https:\/\/inti.hr\/bs\/wp-json\/wp\/v2\/types\/product"}],"wp:featuredmedia":[{"embeddable":true,"href":"https:\/\/inti.hr\/bs\/wp-json\/wp\/v2\/media\/34766"}],"wp:attachment":[{"href":"https:\/\/inti.hr\/bs\/wp-json\/wp\/v2\/media?parent=34765"}],"wp:term":[{"taxonomy":"product_cat","embeddable":true,"href":"https:\/\/inti.hr\/bs\/wp-json\/wp\/v2\/product_cat?post=34765"},{"taxonomy":"product_tag","embeddable":true,"href":"https:\/\/inti.hr\/bs\/wp-json\/wp\/v2\/product_tag?post=34765"}],"curies":[{"name":"wp","href":"https:\/\/api.w.org\/{rel}","templated":true}]}}