{"id":34781,"date":"2025-09-24T14:04:59","date_gmt":"2025-09-24T13:04:59","guid":{"rendered":"https:\/\/inti.hr\/product\/ormaric-za-cipele-78x24x108-cm\/"},"modified":"2025-09-24T14:04:59","modified_gmt":"2025-09-24T13:04:59","slug":"ormaric-za-cipele-78x24x108-cm","status":"publish","type":"product","link":"https:\/\/inti.hr\/bs\/proizvod\/ormaric-za-cipele-78x24x108-cm\/","title":{"rendered":"Ormari\u0107 za cipele 78x24x108 cm"},"content":{"rendered":"<p>Detalji proizvoda:<\/p>\n<p>Izra\u0111en od E1 MDF-a + E1 PB-a, ovaj stalak za cipele koji \u0161tedi prostor podr\u017eava te\u017einu do 45 kg. \u010cvrst i izdr\u017eljiv, izvrstan je ormari\u0107 za cipele za va\u0161 dom. Izvrsna alternativa svijetu pristupa\u010dnih stalaka za cipele. Uklju\u010duje jasne upute za jednostavno sastavljanje. Ambala\u017ea od 100% reciklabilnog kartona u obliku sa\u0107a \u0161titi namje\u0161taj tijekom transporta.<\/p>\n","protected":false},"excerpt":{"rendered":"<p>Ovaj tanki stalak za cipele koji \u0161tedi prostor savr\u0161en je za &#8230; <\/p>\n","protected":false},"featured_media":34782,"template":"","meta":[],"product_cat":[2632],"product_tag":[2717,2638],"yoast_head":"<!-- This site is optimized with the Yoast SEO plugin v23.7 - https:\/\/yoast.com\/wordpress\/plugins\/seo\/ -->\n<title>Ormari\u0107 za cipele 78x24x108 cm - Inti<\/title>\n<meta name=\"description\" content=\"Ovaj tanki stalak za cipele koji \u0161tedi prostor savr\u0161en je za uske hodnike i ulaze zahvaljuju\u0107i dubini od samo 24 cm. Kombinira stil i funkcionalnost u prostorno \u0161tedljivoj jedinici za ulaz, idealnoj kao tanki stalak za cipele koji \u0161tedi prostor. S gornjom ladicom i 2 vrata koja se spu\u0161taju, ovaj zatvoreni stalak za cipele mo\u017ee dr\u017eati do 12 pari cipela. Savr\u0161en stalak za cipele za ulaz za organizaciju svega. Sa svijetlom i sme\u0111om zavr\u0161nom obradom, okruglim srebrnim ru\u010dicama i \u010distim linijama, ovaj drveni stalak za cipele lako se uklapa u minimalisti\u010dke ili moderne ulaze. Elegantni bijeli stalak za cipele koji oboga\u0107uje prostor.\u00a0\" \/>\n<meta name=\"robots\" content=\"index, follow, max-snippet:-1, max-image-preview:large, max-video-preview:-1\" \/>\n<link rel=\"canonical\" href=\"https:\/\/inti.hr\/bs\/proizvod\/ormaric-za-cipele-78x24x108-cm\/\" \/>\n<meta property=\"og:locale\" content=\"bs_BA\" \/>\n<meta property=\"og:type\" content=\"article\" \/>\n<meta property=\"og:title\" content=\"Ormari\u0107 za cipele 78x24x108 cm - Inti\" \/>\n<meta property=\"og:description\" content=\"Ovaj tanki stalak za cipele koji \u0161tedi prostor savr\u0161en je za uske hodnike i ulaze zahvaljuju\u0107i dubini od samo 24 cm. Kombinira stil i funkcionalnost u prostorno \u0161tedljivoj jedinici za ulaz, idealnoj kao tanki stalak za cipele koji \u0161tedi prostor. S gornjom ladicom i 2 vrata koja se spu\u0161taju, ovaj zatvoreni stalak za cipele mo\u017ee dr\u017eati do 12 pari cipela. Savr\u0161en stalak za cipele za ulaz za organizaciju svega. Sa svijetlom i sme\u0111om zavr\u0161nom obradom, okruglim srebrnim ru\u010dicama i \u010distim linijama, ovaj drveni stalak za cipele lako se uklapa u minimalisti\u010dke ili moderne ulaze. Elegantni bijeli stalak za cipele koji oboga\u0107uje prostor.\u00a0\" \/>\n<meta property=\"og:url\" content=\"https:\/\/inti.hr\/bs\/proizvod\/ormaric-za-cipele-78x24x108-cm\/\" \/>\n<meta property=\"og:site_name\" content=\"Inti\" \/>\n<meta property=\"og:image\" content=\"https:\/\/i0.wp.com\/inti.hr\/wp-content\/uploads\/2025\/09\/FSR89-KA-S005_1800x1800.webp?fit=1600%2C1600&ssl=1\" \/>\n\t<meta property=\"og:image:width\" content=\"1600\" \/>\n\t<meta property=\"og:image:height\" content=\"1600\" \/>\n\t<meta property=\"og:image:type\" content=\"image\/webp\" \/>\n<meta name=\"twitter:card\" content=\"summary_large_image\" \/>\n<script type=\"application\/ld+json\" class=\"yoast-schema-graph\">{\"@context\":\"https:\/\/schema.org\",\"@graph\":[{\"@type\":\"WebPage\",\"@id\":\"https:\/\/inti.hr\/bs\/proizvod\/ormaric-za-cipele-78x24x108-cm\/\",\"url\":\"https:\/\/inti.hr\/bs\/proizvod\/ormaric-za-cipele-78x24x108-cm\/\",\"name\":\"Ormari\u0107 za cipele 78x24x108 cm - Inti\",\"isPartOf\":{\"@id\":\"https:\/\/inti.hr\/bs\/#website\"},\"primaryImageOfPage\":{\"@id\":\"https:\/\/inti.hr\/bs\/proizvod\/ormaric-za-cipele-78x24x108-cm\/#primaryimage\"},\"image\":{\"@id\":\"https:\/\/inti.hr\/bs\/proizvod\/ormaric-za-cipele-78x24x108-cm\/#primaryimage\"},\"thumbnailUrl\":\"https:\/\/i0.wp.com\/inti.hr\/wp-content\/uploads\/2025\/09\/FSR89-KA-S005_1800x1800.webp?fit=1600%2C1600&ssl=1\",\"datePublished\":\"2025-09-24T13:04:59+00:00\",\"dateModified\":\"2025-09-24T13:04:59+00:00\",\"description\":\"Ovaj tanki stalak za cipele koji \u0161tedi prostor savr\u0161en je za uske hodnike i ulaze zahvaljuju\u0107i dubini od samo 24 cm. Kombinira stil i funkcionalnost u prostorno \u0161tedljivoj jedinici za ulaz, idealnoj kao tanki stalak za cipele koji \u0161tedi prostor. S gornjom ladicom i 2 vrata koja se spu\u0161taju, ovaj zatvoreni stalak za cipele mo\u017ee dr\u017eati do 12 pari cipela. Savr\u0161en stalak za cipele za ulaz za organizaciju svega. Sa svijetlom i sme\u0111om zavr\u0161nom obradom, okruglim srebrnim ru\u010dicama i \u010distim linijama, ovaj drveni stalak za cipele lako se uklapa u minimalisti\u010dke ili moderne ulaze. Elegantni bijeli stalak za cipele koji oboga\u0107uje prostor.\u00a0\",\"breadcrumb\":{\"@id\":\"https:\/\/inti.hr\/bs\/proizvod\/ormaric-za-cipele-78x24x108-cm\/#breadcrumb\"},\"inLanguage\":\"bs-BA\",\"potentialAction\":[{\"@type\":\"ReadAction\",\"target\":[\"https:\/\/inti.hr\/bs\/proizvod\/ormaric-za-cipele-78x24x108-cm\/\"]}]},{\"@type\":\"ImageObject\",\"inLanguage\":\"bs-BA\",\"@id\":\"https:\/\/inti.hr\/bs\/proizvod\/ormaric-za-cipele-78x24x108-cm\/#primaryimage\",\"url\":\"https:\/\/i0.wp.com\/inti.hr\/wp-content\/uploads\/2025\/09\/FSR89-KA-S005_1800x1800.webp?fit=1600%2C1600&ssl=1\",\"contentUrl\":\"https:\/\/i0.wp.com\/inti.hr\/wp-content\/uploads\/2025\/09\/FSR89-KA-S005_1800x1800.webp?fit=1600%2C1600&ssl=1\",\"width\":1600,\"height\":1600,\"caption\":\"SoBuy FSR89-KA U\u0161teda prostora u tankom stalku za cipele - Ormari\u0107 za cipele s ladicom i 2 preklopna vrata za 12 pari - Drveni stalak za cipele nordijski dizajn, jednostavna monta\u017ea, 78x24x108 cm, svijetlosme\u0111a\"},{\"@type\":\"BreadcrumbList\",\"@id\":\"https:\/\/inti.hr\/bs\/proizvod\/ormaric-za-cipele-78x24x108-cm\/#breadcrumb\",\"itemListElement\":[{\"@type\":\"ListItem\",\"position\":1,\"name\":\"Po\u010detna stranica\",\"item\":\"https:\/\/inti.hr\/bs\/\"},{\"@type\":\"ListItem\",\"position\":2,\"name\":\"Trgovina\",\"item\":\"https:\/\/inti.hr\/bs\/trgovina\/\"},{\"@type\":\"ListItem\",\"position\":3,\"name\":\"Ormari\u0107 za cipele 78x24x108 cm\"}]},{\"@type\":\"WebSite\",\"@id\":\"https:\/\/inti.hr\/bs\/#website\",\"url\":\"https:\/\/inti.hr\/bs\/\",\"name\":\"Inti\",\"description\":\"trgovina\",\"potentialAction\":[{\"@type\":\"SearchAction\",\"target\":{\"@type\":\"EntryPoint\",\"urlTemplate\":\"https:\/\/inti.hr\/bs\/?s={search_term_string}\"},\"query-input\":{\"@type\":\"PropertyValueSpecification\",\"valueRequired\":true,\"valueName\":\"search_term_string\"}}],\"inLanguage\":\"bs-BA\"}]}<\/script>\n<!-- \/ Yoast SEO plugin. -->","yoast_head_json":{"title":"Ormari\u0107 za cipele 78x24x108 cm - Inti","description":"Ovaj tanki stalak za cipele koji \u0161tedi prostor savr\u0161en je za uske hodnike i ulaze zahvaljuju\u0107i dubini od samo 24 cm. Kombinira stil i funkcionalnost u prostorno \u0161tedljivoj jedinici za ulaz, idealnoj kao tanki stalak za cipele koji \u0161tedi prostor. S gornjom ladicom i 2 vrata koja se spu\u0161taju, ovaj zatvoreni stalak za cipele mo\u017ee dr\u017eati do 12 pari cipela. Savr\u0161en stalak za cipele za ulaz za organizaciju svega. Sa svijetlom i sme\u0111om zavr\u0161nom obradom, okruglim srebrnim ru\u010dicama i \u010distim linijama, ovaj drveni stalak za cipele lako se uklapa u minimalisti\u010dke ili moderne ulaze. Elegantni bijeli stalak za cipele koji oboga\u0107uje prostor.\u00a0","robots":{"index":"index","follow":"follow","max-snippet":"max-snippet:-1","max-image-preview":"max-image-preview:large","max-video-preview":"max-video-preview:-1"},"canonical":"https:\/\/inti.hr\/bs\/proizvod\/ormaric-za-cipele-78x24x108-cm\/","og_locale":"bs_BA","og_type":"article","og_title":"Ormari\u0107 za cipele 78x24x108 cm - Inti","og_description":"Ovaj tanki stalak za cipele koji \u0161tedi prostor savr\u0161en je za uske hodnike i ulaze zahvaljuju\u0107i dubini od samo 24 cm. Kombinira stil i funkcionalnost u prostorno \u0161tedljivoj jedinici za ulaz, idealnoj kao tanki stalak za cipele koji \u0161tedi prostor. S gornjom ladicom i 2 vrata koja se spu\u0161taju, ovaj zatvoreni stalak za cipele mo\u017ee dr\u017eati do 12 pari cipela. Savr\u0161en stalak za cipele za ulaz za organizaciju svega. Sa svijetlom i sme\u0111om zavr\u0161nom obradom, okruglim srebrnim ru\u010dicama i \u010distim linijama, ovaj drveni stalak za cipele lako se uklapa u minimalisti\u010dke ili moderne ulaze. Elegantni bijeli stalak za cipele koji oboga\u0107uje prostor.\u00a0","og_url":"https:\/\/inti.hr\/bs\/proizvod\/ormaric-za-cipele-78x24x108-cm\/","og_site_name":"Inti","og_image":[{"width":1600,"height":1600,"url":"https:\/\/i0.wp.com\/inti.hr\/wp-content\/uploads\/2025\/09\/FSR89-KA-S005_1800x1800.webp?fit=1600%2C1600&ssl=1","type":"image\/webp"}],"twitter_card":"summary_large_image","schema":{"@context":"https:\/\/schema.org","@graph":[{"@type":"WebPage","@id":"https:\/\/inti.hr\/bs\/proizvod\/ormaric-za-cipele-78x24x108-cm\/","url":"https:\/\/inti.hr\/bs\/proizvod\/ormaric-za-cipele-78x24x108-cm\/","name":"Ormari\u0107 za cipele 78x24x108 cm - Inti","isPartOf":{"@id":"https:\/\/inti.hr\/bs\/#website"},"primaryImageOfPage":{"@id":"https:\/\/inti.hr\/bs\/proizvod\/ormaric-za-cipele-78x24x108-cm\/#primaryimage"},"image":{"@id":"https:\/\/inti.hr\/bs\/proizvod\/ormaric-za-cipele-78x24x108-cm\/#primaryimage"},"thumbnailUrl":"https:\/\/i0.wp.com\/inti.hr\/wp-content\/uploads\/2025\/09\/FSR89-KA-S005_1800x1800.webp?fit=1600%2C1600&ssl=1","datePublished":"2025-09-24T13:04:59+00:00","dateModified":"2025-09-24T13:04:59+00:00","description":"Ovaj tanki stalak za cipele koji \u0161tedi prostor savr\u0161en je za uske hodnike i ulaze zahvaljuju\u0107i dubini od samo 24 cm. Kombinira stil i funkcionalnost u prostorno \u0161tedljivoj jedinici za ulaz, idealnoj kao tanki stalak za cipele koji \u0161tedi prostor. S gornjom ladicom i 2 vrata koja se spu\u0161taju, ovaj zatvoreni stalak za cipele mo\u017ee dr\u017eati do 12 pari cipela. Savr\u0161en stalak za cipele za ulaz za organizaciju svega. Sa svijetlom i sme\u0111om zavr\u0161nom obradom, okruglim srebrnim ru\u010dicama i \u010distim linijama, ovaj drveni stalak za cipele lako se uklapa u minimalisti\u010dke ili moderne ulaze. Elegantni bijeli stalak za cipele koji oboga\u0107uje prostor.\u00a0","breadcrumb":{"@id":"https:\/\/inti.hr\/bs\/proizvod\/ormaric-za-cipele-78x24x108-cm\/#breadcrumb"},"inLanguage":"bs-BA","potentialAction":[{"@type":"ReadAction","target":["https:\/\/inti.hr\/bs\/proizvod\/ormaric-za-cipele-78x24x108-cm\/"]}]},{"@type":"ImageObject","inLanguage":"bs-BA","@id":"https:\/\/inti.hr\/bs\/proizvod\/ormaric-za-cipele-78x24x108-cm\/#primaryimage","url":"https:\/\/i0.wp.com\/inti.hr\/wp-content\/uploads\/2025\/09\/FSR89-KA-S005_1800x1800.webp?fit=1600%2C1600&ssl=1","contentUrl":"https:\/\/i0.wp.com\/inti.hr\/wp-content\/uploads\/2025\/09\/FSR89-KA-S005_1800x1800.webp?fit=1600%2C1600&ssl=1","width":1600,"height":1600,"caption":"SoBuy FSR89-KA U\u0161teda prostora u tankom stalku za cipele - Ormari\u0107 za cipele s ladicom i 2 preklopna vrata za 12 pari - Drveni stalak za cipele nordijski dizajn, jednostavna monta\u017ea, 78x24x108 cm, svijetlosme\u0111a"},{"@type":"BreadcrumbList","@id":"https:\/\/inti.hr\/bs\/proizvod\/ormaric-za-cipele-78x24x108-cm\/#breadcrumb","itemListElement":[{"@type":"ListItem","position":1,"name":"Po\u010detna stranica","item":"https:\/\/inti.hr\/bs\/"},{"@type":"ListItem","position":2,"name":"Trgovina","item":"https:\/\/inti.hr\/bs\/trgovina\/"},{"@type":"ListItem","position":3,"name":"Ormari\u0107 za cipele 78x24x108 cm"}]},{"@type":"WebSite","@id":"https:\/\/inti.hr\/bs\/#website","url":"https:\/\/inti.hr\/bs\/","name":"Inti","description":"trgovina","potentialAction":[{"@type":"SearchAction","target":{"@type":"EntryPoint","urlTemplate":"https:\/\/inti.hr\/bs\/?s={search_term_string}"},"query-input":{"@type":"PropertyValueSpecification","valueRequired":true,"valueName":"search_term_string"}}],"inLanguage":"bs-BA"}]}},"jetpack_sharing_enabled":true,"jetpack-related-posts":[],"_links":{"self":[{"href":"https:\/\/inti.hr\/bs\/wp-json\/wp\/v2\/product\/34781"}],"collection":[{"href":"https:\/\/inti.hr\/bs\/wp-json\/wp\/v2\/product"}],"about":[{"href":"https:\/\/inti.hr\/bs\/wp-json\/wp\/v2\/types\/product"}],"wp:featuredmedia":[{"embeddable":true,"href":"https:\/\/inti.hr\/bs\/wp-json\/wp\/v2\/media\/34782"}],"wp:attachment":[{"href":"https:\/\/inti.hr\/bs\/wp-json\/wp\/v2\/media?parent=34781"}],"wp:term":[{"taxonomy":"product_cat","embeddable":true,"href":"https:\/\/inti.hr\/bs\/wp-json\/wp\/v2\/product_cat?post=34781"},{"taxonomy":"product_tag","embeddable":true,"href":"https:\/\/inti.hr\/bs\/wp-json\/wp\/v2\/product_tag?post=34781"}],"curies":[{"name":"wp","href":"https:\/\/api.w.org\/{rel}","templated":true}]}}