{"id":34845,"date":"2025-08-30T08:37:54","date_gmt":"2025-08-30T07:37:54","guid":{"rendered":"https:\/\/inti.hr\/product\/viseslojno-macje-drvo-sa-spiljama-i-platformama\/"},"modified":"2025-08-30T08:37:54","modified_gmt":"2025-08-30T07:37:54","slug":"viseslojno-macje-drvo-sa-spiljama-i-platformama","status":"publish","type":"product","link":"https:\/\/inti.hr\/bs\/proizvod\/viseslojno-macje-drvo-sa-spiljama-i-platformama\/","title":{"rendered":"Vi\u0161eslojno ma\u010dje Drvo sa \u0161piljama i platformama"},"content":{"rendered":"<p>Detalji o proizvodu:<br \/>\nBoja: Golublje siva<br \/>\nMaterijal: iverica, pli\u0161, sisal<br \/>\nVeli\u010dina: 53 x 46 x 152 cm (D x \u0160 x V)<br \/>\nTe\u017eina: 15,7 kg<\/p>\n","protected":false},"excerpt":{"rendered":"<p>Dvokatne ma\u010dje \u0161pilje: Donja \u0161pilja lako je dostupna ma\u010di\u0107ima i starijim &#8230; <\/p>\n","protected":false},"featured_media":34846,"template":"","meta":[],"product_cat":[2400],"product_tag":[2644,4384],"yoast_head":"<!-- This site is optimized with the Yoast SEO plugin v23.7 - https:\/\/yoast.com\/wordpress\/plugins\/seo\/ -->\n<title>Vi\u0161eslojno ma\u010dje Drvo sa \u0161piljama i platformama - Inti<\/title>\n<meta name=\"description\" content=\"Dvokatne ma\u010dje \u0161pilje: Donja \u0161pilja lako je dostupna ma\u010di\u0107ima i starijim ma\u010dkama, dok je gornja posebno dizajnirana za profesionalce u penjanju \u2013 idealno za ku\u0107anstva s vi\u0161e ma\u010daka i razli\u010dite potrebe va\u0161ih ma\u010daka.Beskrajna zabava: Razine nalik stepenicama zadovoljavaju prirodni instinkt va\u0161eg krznenog prijatelja za penjanjem; velika gornja platforma savr\u0161ena je za u\u017eivanje u pogledu s prozora; mogu o\u0161triti kand\u017ee na grebalicama.Sigurno na svakom koraku: Robusna iverica i uklju\u010dena za\u0161tita od prevrtanja daju ovom ma\u010djem drvetu visoku stabilnost i sigurnost, tako da va\u0161 krzneni prijatelj mo\u017ee skakati okolo bez brige!Jednostavno \u010di\u0161\u0107enje: Kosa, prljav\u0161tina i mrvice... ne brinite. Lako se \u010diste valjkom za dla\u010dice ili usisava\u010dem.3 pli\u0161ane loptice, vi\u0161e zabave: S 2 vise\u0107e pli\u0161ane loptice i pli\u0161anom lopticom na opruzi, va\u0161a ku\u0107na ma\u010dka mo\u017ee se zabaviti\" \/>\n<meta name=\"robots\" content=\"index, follow, max-snippet:-1, max-image-preview:large, max-video-preview:-1\" \/>\n<link rel=\"canonical\" href=\"https:\/\/inti.hr\/bs\/proizvod\/viseslojno-macje-drvo-sa-spiljama-i-platformama\/\" \/>\n<meta property=\"og:locale\" content=\"bs_BA\" \/>\n<meta property=\"og:type\" content=\"article\" \/>\n<meta property=\"og:title\" content=\"Vi\u0161eslojno ma\u010dje Drvo sa \u0161piljama i platformama - Inti\" \/>\n<meta property=\"og:description\" content=\"Dvokatne ma\u010dje \u0161pilje: Donja \u0161pilja lako je dostupna ma\u010di\u0107ima i starijim ma\u010dkama, dok je gornja posebno dizajnirana za profesionalce u penjanju \u2013 idealno za ku\u0107anstva s vi\u0161e ma\u010daka i razli\u010dite potrebe va\u0161ih ma\u010daka.Beskrajna zabava: Razine nalik stepenicama zadovoljavaju prirodni instinkt va\u0161eg krznenog prijatelja za penjanjem; velika gornja platforma savr\u0161ena je za u\u017eivanje u pogledu s prozora; mogu o\u0161triti kand\u017ee na grebalicama.Sigurno na svakom koraku: Robusna iverica i uklju\u010dena za\u0161tita od prevrtanja daju ovom ma\u010djem drvetu visoku stabilnost i sigurnost, tako da va\u0161 krzneni prijatelj mo\u017ee skakati okolo bez brige!Jednostavno \u010di\u0161\u0107enje: Kosa, prljav\u0161tina i mrvice... ne brinite. Lako se \u010diste valjkom za dla\u010dice ili usisava\u010dem.3 pli\u0161ane loptice, vi\u0161e zabave: S 2 vise\u0107e pli\u0161ane loptice i pli\u0161anom lopticom na opruzi, va\u0161a ku\u0107na ma\u010dka mo\u017ee se zabaviti\" \/>\n<meta property=\"og:url\" content=\"https:\/\/inti.hr\/bs\/proizvod\/viseslojno-macje-drvo-sa-spiljama-i-platformama\/\" \/>\n<meta property=\"og:site_name\" content=\"Inti\" \/>\n<meta property=\"og:image\" content=\"https:\/\/i0.wp.com\/inti.hr\/wp-content\/uploads\/2025\/08\/PCT007G01-1.jpg?fit=1000%2C1000&ssl=1\" \/>\n\t<meta property=\"og:image:width\" content=\"1000\" \/>\n\t<meta property=\"og:image:height\" content=\"1000\" \/>\n\t<meta property=\"og:image:type\" content=\"image\/jpeg\" \/>\n<meta name=\"twitter:card\" content=\"summary_large_image\" \/>\n<script type=\"application\/ld+json\" class=\"yoast-schema-graph\">{\"@context\":\"https:\/\/schema.org\",\"@graph\":[{\"@type\":\"WebPage\",\"@id\":\"https:\/\/inti.hr\/bs\/proizvod\/viseslojno-macje-drvo-sa-spiljama-i-platformama\/\",\"url\":\"https:\/\/inti.hr\/bs\/proizvod\/viseslojno-macje-drvo-sa-spiljama-i-platformama\/\",\"name\":\"Vi\u0161eslojno ma\u010dje Drvo sa \u0161piljama i platformama - Inti\",\"isPartOf\":{\"@id\":\"https:\/\/inti.hr\/bs\/#website\"},\"primaryImageOfPage\":{\"@id\":\"https:\/\/inti.hr\/bs\/proizvod\/viseslojno-macje-drvo-sa-spiljama-i-platformama\/#primaryimage\"},\"image\":{\"@id\":\"https:\/\/inti.hr\/bs\/proizvod\/viseslojno-macje-drvo-sa-spiljama-i-platformama\/#primaryimage\"},\"thumbnailUrl\":\"https:\/\/i0.wp.com\/inti.hr\/wp-content\/uploads\/2025\/08\/PCT007G01-1.jpg?fit=1000%2C1000&ssl=1\",\"datePublished\":\"2025-08-30T07:37:54+00:00\",\"dateModified\":\"2025-08-30T07:37:54+00:00\",\"description\":\"Dvokatne ma\u010dje \u0161pilje: Donja \u0161pilja lako je dostupna ma\u010di\u0107ima i starijim ma\u010dkama, dok je gornja posebno dizajnirana za profesionalce u penjanju \u2013 idealno za ku\u0107anstva s vi\u0161e ma\u010daka i razli\u010dite potrebe va\u0161ih ma\u010daka.Beskrajna zabava: Razine nalik stepenicama zadovoljavaju prirodni instinkt va\u0161eg krznenog prijatelja za penjanjem; velika gornja platforma savr\u0161ena je za u\u017eivanje u pogledu s prozora; mogu o\u0161triti kand\u017ee na grebalicama.Sigurno na svakom koraku: Robusna iverica i uklju\u010dena za\u0161tita od prevrtanja daju ovom ma\u010djem drvetu visoku stabilnost i sigurnost, tako da va\u0161 krzneni prijatelj mo\u017ee skakati okolo bez brige!Jednostavno \u010di\u0161\u0107enje: Kosa, prljav\u0161tina i mrvice... ne brinite. Lako se \u010diste valjkom za dla\u010dice ili usisava\u010dem.3 pli\u0161ane loptice, vi\u0161e zabave: S 2 vise\u0107e pli\u0161ane loptice i pli\u0161anom lopticom na opruzi, va\u0161a ku\u0107na ma\u010dka mo\u017ee se zabaviti\",\"breadcrumb\":{\"@id\":\"https:\/\/inti.hr\/bs\/proizvod\/viseslojno-macje-drvo-sa-spiljama-i-platformama\/#breadcrumb\"},\"inLanguage\":\"bs-BA\",\"potentialAction\":[{\"@type\":\"ReadAction\",\"target\":[\"https:\/\/inti.hr\/bs\/proizvod\/viseslojno-macje-drvo-sa-spiljama-i-platformama\/\"]}]},{\"@type\":\"ImageObject\",\"inLanguage\":\"bs-BA\",\"@id\":\"https:\/\/inti.hr\/bs\/proizvod\/viseslojno-macje-drvo-sa-spiljama-i-platformama\/#primaryimage\",\"url\":\"https:\/\/i0.wp.com\/inti.hr\/wp-content\/uploads\/2025\/08\/PCT007G01-1.jpg?fit=1000%2C1000&ssl=1\",\"contentUrl\":\"https:\/\/i0.wp.com\/inti.hr\/wp-content\/uploads\/2025\/08\/PCT007G01-1.jpg?fit=1000%2C1000&ssl=1\",\"width\":1000,\"height\":1000,\"caption\":\"Feandrea Vi\u0161eslojno Ma\u010dje Drvo sa \u0160piljama i Platformama za Ma\u010dke\"},{\"@type\":\"BreadcrumbList\",\"@id\":\"https:\/\/inti.hr\/bs\/proizvod\/viseslojno-macje-drvo-sa-spiljama-i-platformama\/#breadcrumb\",\"itemListElement\":[{\"@type\":\"ListItem\",\"position\":1,\"name\":\"Po\u010detna stranica\",\"item\":\"https:\/\/inti.hr\/bs\/\"},{\"@type\":\"ListItem\",\"position\":2,\"name\":\"Trgovina\",\"item\":\"https:\/\/inti.hr\/bs\/trgovina\/\"},{\"@type\":\"ListItem\",\"position\":3,\"name\":\"Vi\u0161eslojno ma\u010dje Drvo sa \u0161piljama i platformama\"}]},{\"@type\":\"WebSite\",\"@id\":\"https:\/\/inti.hr\/bs\/#website\",\"url\":\"https:\/\/inti.hr\/bs\/\",\"name\":\"Inti\",\"description\":\"trgovina\",\"potentialAction\":[{\"@type\":\"SearchAction\",\"target\":{\"@type\":\"EntryPoint\",\"urlTemplate\":\"https:\/\/inti.hr\/bs\/?s={search_term_string}\"},\"query-input\":{\"@type\":\"PropertyValueSpecification\",\"valueRequired\":true,\"valueName\":\"search_term_string\"}}],\"inLanguage\":\"bs-BA\"}]}<\/script>\n<!-- \/ Yoast SEO plugin. -->","yoast_head_json":{"title":"Vi\u0161eslojno ma\u010dje Drvo sa \u0161piljama i platformama - Inti","description":"Dvokatne ma\u010dje \u0161pilje: Donja \u0161pilja lako je dostupna ma\u010di\u0107ima i starijim ma\u010dkama, dok je gornja posebno dizajnirana za profesionalce u penjanju \u2013 idealno za ku\u0107anstva s vi\u0161e ma\u010daka i razli\u010dite potrebe va\u0161ih ma\u010daka.Beskrajna zabava: Razine nalik stepenicama zadovoljavaju prirodni instinkt va\u0161eg krznenog prijatelja za penjanjem; velika gornja platforma savr\u0161ena je za u\u017eivanje u pogledu s prozora; mogu o\u0161triti kand\u017ee na grebalicama.Sigurno na svakom koraku: Robusna iverica i uklju\u010dena za\u0161tita od prevrtanja daju ovom ma\u010djem drvetu visoku stabilnost i sigurnost, tako da va\u0161 krzneni prijatelj mo\u017ee skakati okolo bez brige!Jednostavno \u010di\u0161\u0107enje: Kosa, prljav\u0161tina i mrvice... ne brinite. Lako se \u010diste valjkom za dla\u010dice ili usisava\u010dem.3 pli\u0161ane loptice, vi\u0161e zabave: S 2 vise\u0107e pli\u0161ane loptice i pli\u0161anom lopticom na opruzi, va\u0161a ku\u0107na ma\u010dka mo\u017ee se zabaviti","robots":{"index":"index","follow":"follow","max-snippet":"max-snippet:-1","max-image-preview":"max-image-preview:large","max-video-preview":"max-video-preview:-1"},"canonical":"https:\/\/inti.hr\/bs\/proizvod\/viseslojno-macje-drvo-sa-spiljama-i-platformama\/","og_locale":"bs_BA","og_type":"article","og_title":"Vi\u0161eslojno ma\u010dje Drvo sa \u0161piljama i platformama - Inti","og_description":"Dvokatne ma\u010dje \u0161pilje: Donja \u0161pilja lako je dostupna ma\u010di\u0107ima i starijim ma\u010dkama, dok je gornja posebno dizajnirana za profesionalce u penjanju \u2013 idealno za ku\u0107anstva s vi\u0161e ma\u010daka i razli\u010dite potrebe va\u0161ih ma\u010daka.Beskrajna zabava: Razine nalik stepenicama zadovoljavaju prirodni instinkt va\u0161eg krznenog prijatelja za penjanjem; velika gornja platforma savr\u0161ena je za u\u017eivanje u pogledu s prozora; mogu o\u0161triti kand\u017ee na grebalicama.Sigurno na svakom koraku: Robusna iverica i uklju\u010dena za\u0161tita od prevrtanja daju ovom ma\u010djem drvetu visoku stabilnost i sigurnost, tako da va\u0161 krzneni prijatelj mo\u017ee skakati okolo bez brige!Jednostavno \u010di\u0161\u0107enje: Kosa, prljav\u0161tina i mrvice... ne brinite. Lako se \u010diste valjkom za dla\u010dice ili usisava\u010dem.3 pli\u0161ane loptice, vi\u0161e zabave: S 2 vise\u0107e pli\u0161ane loptice i pli\u0161anom lopticom na opruzi, va\u0161a ku\u0107na ma\u010dka mo\u017ee se zabaviti","og_url":"https:\/\/inti.hr\/bs\/proizvod\/viseslojno-macje-drvo-sa-spiljama-i-platformama\/","og_site_name":"Inti","og_image":[{"width":1000,"height":1000,"url":"https:\/\/i0.wp.com\/inti.hr\/wp-content\/uploads\/2025\/08\/PCT007G01-1.jpg?fit=1000%2C1000&ssl=1","type":"image\/jpeg"}],"twitter_card":"summary_large_image","schema":{"@context":"https:\/\/schema.org","@graph":[{"@type":"WebPage","@id":"https:\/\/inti.hr\/bs\/proizvod\/viseslojno-macje-drvo-sa-spiljama-i-platformama\/","url":"https:\/\/inti.hr\/bs\/proizvod\/viseslojno-macje-drvo-sa-spiljama-i-platformama\/","name":"Vi\u0161eslojno ma\u010dje Drvo sa \u0161piljama i platformama - Inti","isPartOf":{"@id":"https:\/\/inti.hr\/bs\/#website"},"primaryImageOfPage":{"@id":"https:\/\/inti.hr\/bs\/proizvod\/viseslojno-macje-drvo-sa-spiljama-i-platformama\/#primaryimage"},"image":{"@id":"https:\/\/inti.hr\/bs\/proizvod\/viseslojno-macje-drvo-sa-spiljama-i-platformama\/#primaryimage"},"thumbnailUrl":"https:\/\/i0.wp.com\/inti.hr\/wp-content\/uploads\/2025\/08\/PCT007G01-1.jpg?fit=1000%2C1000&ssl=1","datePublished":"2025-08-30T07:37:54+00:00","dateModified":"2025-08-30T07:37:54+00:00","description":"Dvokatne ma\u010dje \u0161pilje: Donja \u0161pilja lako je dostupna ma\u010di\u0107ima i starijim ma\u010dkama, dok je gornja posebno dizajnirana za profesionalce u penjanju \u2013 idealno za ku\u0107anstva s vi\u0161e ma\u010daka i razli\u010dite potrebe va\u0161ih ma\u010daka.Beskrajna zabava: Razine nalik stepenicama zadovoljavaju prirodni instinkt va\u0161eg krznenog prijatelja za penjanjem; velika gornja platforma savr\u0161ena je za u\u017eivanje u pogledu s prozora; mogu o\u0161triti kand\u017ee na grebalicama.Sigurno na svakom koraku: Robusna iverica i uklju\u010dena za\u0161tita od prevrtanja daju ovom ma\u010djem drvetu visoku stabilnost i sigurnost, tako da va\u0161 krzneni prijatelj mo\u017ee skakati okolo bez brige!Jednostavno \u010di\u0161\u0107enje: Kosa, prljav\u0161tina i mrvice... ne brinite. Lako se \u010diste valjkom za dla\u010dice ili usisava\u010dem.3 pli\u0161ane loptice, vi\u0161e zabave: S 2 vise\u0107e pli\u0161ane loptice i pli\u0161anom lopticom na opruzi, va\u0161a ku\u0107na ma\u010dka mo\u017ee se zabaviti","breadcrumb":{"@id":"https:\/\/inti.hr\/bs\/proizvod\/viseslojno-macje-drvo-sa-spiljama-i-platformama\/#breadcrumb"},"inLanguage":"bs-BA","potentialAction":[{"@type":"ReadAction","target":["https:\/\/inti.hr\/bs\/proizvod\/viseslojno-macje-drvo-sa-spiljama-i-platformama\/"]}]},{"@type":"ImageObject","inLanguage":"bs-BA","@id":"https:\/\/inti.hr\/bs\/proizvod\/viseslojno-macje-drvo-sa-spiljama-i-platformama\/#primaryimage","url":"https:\/\/i0.wp.com\/inti.hr\/wp-content\/uploads\/2025\/08\/PCT007G01-1.jpg?fit=1000%2C1000&ssl=1","contentUrl":"https:\/\/i0.wp.com\/inti.hr\/wp-content\/uploads\/2025\/08\/PCT007G01-1.jpg?fit=1000%2C1000&ssl=1","width":1000,"height":1000,"caption":"Feandrea Vi\u0161eslojno Ma\u010dje Drvo sa \u0160piljama i Platformama za Ma\u010dke"},{"@type":"BreadcrumbList","@id":"https:\/\/inti.hr\/bs\/proizvod\/viseslojno-macje-drvo-sa-spiljama-i-platformama\/#breadcrumb","itemListElement":[{"@type":"ListItem","position":1,"name":"Po\u010detna stranica","item":"https:\/\/inti.hr\/bs\/"},{"@type":"ListItem","position":2,"name":"Trgovina","item":"https:\/\/inti.hr\/bs\/trgovina\/"},{"@type":"ListItem","position":3,"name":"Vi\u0161eslojno ma\u010dje Drvo sa \u0161piljama i platformama"}]},{"@type":"WebSite","@id":"https:\/\/inti.hr\/bs\/#website","url":"https:\/\/inti.hr\/bs\/","name":"Inti","description":"trgovina","potentialAction":[{"@type":"SearchAction","target":{"@type":"EntryPoint","urlTemplate":"https:\/\/inti.hr\/bs\/?s={search_term_string}"},"query-input":{"@type":"PropertyValueSpecification","valueRequired":true,"valueName":"search_term_string"}}],"inLanguage":"bs-BA"}]}},"jetpack_sharing_enabled":true,"jetpack-related-posts":[],"_links":{"self":[{"href":"https:\/\/inti.hr\/bs\/wp-json\/wp\/v2\/product\/34845"}],"collection":[{"href":"https:\/\/inti.hr\/bs\/wp-json\/wp\/v2\/product"}],"about":[{"href":"https:\/\/inti.hr\/bs\/wp-json\/wp\/v2\/types\/product"}],"wp:featuredmedia":[{"embeddable":true,"href":"https:\/\/inti.hr\/bs\/wp-json\/wp\/v2\/media\/34846"}],"wp:attachment":[{"href":"https:\/\/inti.hr\/bs\/wp-json\/wp\/v2\/media?parent=34845"}],"wp:term":[{"taxonomy":"product_cat","embeddable":true,"href":"https:\/\/inti.hr\/bs\/wp-json\/wp\/v2\/product_cat?post=34845"},{"taxonomy":"product_tag","embeddable":true,"href":"https:\/\/inti.hr\/bs\/wp-json\/wp\/v2\/product_tag?post=34845"}],"curies":[{"name":"wp","href":"https:\/\/api.w.org\/{rel}","templated":true}]}}