{"id":34849,"date":"2025-08-26T10:13:17","date_gmt":"2025-08-26T09:13:17","guid":{"rendered":"https:\/\/inti.hr\/product\/toaletni-stolic-s-led-ogledalom-ladicom-i-otvorenim-policama\/"},"modified":"2025-08-26T10:13:17","modified_gmt":"2025-08-26T09:13:17","slug":"toaletni-stolic-s-led-ogledalom-ladicom-i-otvorenim-policama","status":"publish","type":"product","link":"https:\/\/inti.hr\/bs\/proizvod\/toaletni-stolic-s-led-ogledalom-ladicom-i-otvorenim-policama\/","title":{"rendered":"Toaletni stoli\u0107 s LED ogledalom, ladicom i otvorenim policama"},"content":{"rendered":"<p>Detalji o proizvodu:<br \/>\nBoja: Bijela<br \/>\nMaterijal: iverica<br \/>\nVeli\u010dina: 40 x 80 x 132 cm (D x \u0160 x V)<br \/>\nTe\u017eina: 26,8 kg<\/p>\n","protected":false},"excerpt":{"rendered":"<ul class=\"left\">\n<li><span dir=\"auto\">Moderno i minimalisti\u010dko: Otkrijte kolekciju KAILYN! Savr\u0161ena kombinacija &#8230;<br \/>\n","protected":false},"featured_media":34850,"template":"","meta":[],"product_cat":[2414],"product_tag":[2768],"yoast_head":"<!-- This site is optimized with the Yoast SEO plugin v23.7 - https:\/\/yoast.com\/wordpress\/plugins\/seo\/ -->\n<title>Toaletni stoli\u0107 s LED ogledalom, ladicom i otvorenim policama - Inti<\/title>\n<meta name=\"description\" content=\"Moderno i minimalisti\u010dko: Otkrijte kolekciju KAILYN! Savr\u0161ena kombinacija jarko bijele boje, glatkih povr\u0161ina i ladica bez ru\u010dki. Uz \u0161irok izbor modela, mo\u017eete stvoriti idealan dizajn interijera koji odgovara va\u0161em ukusu.Puno prostora: parfemi i kreme na dvije police, pegla za kosu u ladici, sredstvo za skidanje \u0161minke u donjem ormari\u0107u. Svi va\u0161i kozmeti\u010dki proizvodi imaju svoje mjesto.S LED ogledalom i produ\u017enom uti\u010dnicom: Ogledalo ima LED svjetla s tri boje koje mo\u017eete uklju\u010diti i podesiti pomo\u0107u dodirnih kontrola. Produ\u017ena uti\u010dnica s dvije AC uti\u010dnice, jednim USB-A priklju\u010dkom i jednim USB-C priklju\u010dkom prakti\u010dno napaja va\u0161e ure\u0111aje.Ure\u0111aj protiv prevrtanja za dodatnu sigurnost: Pri\u010dvrstite toaletni stoli\u0107 na zid pomo\u0107u prilo\u017eenog ure\u0111aja protiv prevrtanja kako biste stvorili sigurnije okru\u017eenje za kori\u0161tenje.Robustan i jednostavan za \u010di\u0161\u0107enje: Ovaj toaletni stoli\u0107 izra\u0111en od kvalitetne iverice robustan je i izdr\u017eljiv; njegova povr\u0161ina je otporna na habanje i jednostavna za \u010di\u0161\u0107enje, \u0161to omogu\u0107uje dugotrajnu upotrebu.\" \/>\n<meta name=\"robots\" content=\"index, follow, max-snippet:-1, max-image-preview:large, max-video-preview:-1\" \/>\n<link rel=\"canonical\" href=\"https:\/\/inti.hr\/bs\/proizvod\/toaletni-stolic-s-led-ogledalom-ladicom-i-otvorenim-policama\/\" \/>\n<meta property=\"og:locale\" content=\"bs_BA\" \/>\n<meta property=\"og:type\" content=\"article\" \/>\n<meta property=\"og:title\" content=\"Toaletni stoli\u0107 s LED ogledalom, ladicom i otvorenim policama - Inti\" \/>\n<meta property=\"og:description\" content=\"Moderno i minimalisti\u010dko: Otkrijte kolekciju KAILYN! Savr\u0161ena kombinacija jarko bijele boje, glatkih povr\u0161ina i ladica bez ru\u010dki. Uz \u0161irok izbor modela, mo\u017eete stvoriti idealan dizajn interijera koji odgovara va\u0161em ukusu.Puno prostora: parfemi i kreme na dvije police, pegla za kosu u ladici, sredstvo za skidanje \u0161minke u donjem ormari\u0107u. Svi va\u0161i kozmeti\u010dki proizvodi imaju svoje mjesto.S LED ogledalom i produ\u017enom uti\u010dnicom: Ogledalo ima LED svjetla s tri boje koje mo\u017eete uklju\u010diti i podesiti pomo\u0107u dodirnih kontrola. Produ\u017ena uti\u010dnica s dvije AC uti\u010dnice, jednim USB-A priklju\u010dkom i jednim USB-C priklju\u010dkom prakti\u010dno napaja va\u0161e ure\u0111aje.Ure\u0111aj protiv prevrtanja za dodatnu sigurnost: Pri\u010dvrstite toaletni stoli\u0107 na zid pomo\u0107u prilo\u017eenog ure\u0111aja protiv prevrtanja kako biste stvorili sigurnije okru\u017eenje za kori\u0161tenje.Robustan i jednostavan za \u010di\u0161\u0107enje: Ovaj toaletni stoli\u0107 izra\u0111en od kvalitetne iverice robustan je i izdr\u017eljiv; njegova povr\u0161ina je otporna na habanje i jednostavna za \u010di\u0161\u0107enje, \u0161to omogu\u0107uje dugotrajnu upotrebu.\" \/>\n<meta property=\"og:url\" content=\"https:\/\/inti.hr\/bs\/proizvod\/toaletni-stolic-s-led-ogledalom-ladicom-i-otvorenim-policama\/\" \/>\n<meta property=\"og:site_name\" content=\"Inti\" \/>\n<meta property=\"og:image\" content=\"https:\/\/i0.wp.com\/inti.hr\/wp-content\/uploads\/2025\/08\/RDT138W01-1.jpg?fit=1000%2C1000&ssl=1\" \/>\n\t<meta property=\"og:image:width\" content=\"1000\" \/>\n\t<meta property=\"og:image:height\" content=\"1000\" \/>\n\t<meta property=\"og:image:type\" content=\"image\/jpeg\" \/>\n<meta name=\"twitter:card\" content=\"summary_large_image\" \/>\n<script type=\"application\/ld+json\" class=\"yoast-schema-graph\">{\"@context\":\"https:\/\/schema.org\",\"@graph\":[{\"@type\":\"WebPage\",\"@id\":\"https:\/\/inti.hr\/bs\/proizvod\/toaletni-stolic-s-led-ogledalom-ladicom-i-otvorenim-policama\/\",\"url\":\"https:\/\/inti.hr\/bs\/proizvod\/toaletni-stolic-s-led-ogledalom-ladicom-i-otvorenim-policama\/\",\"name\":\"Toaletni stoli\u0107 s LED ogledalom, ladicom i otvorenim policama - Inti\",\"isPartOf\":{\"@id\":\"https:\/\/inti.hr\/bs\/#website\"},\"primaryImageOfPage\":{\"@id\":\"https:\/\/inti.hr\/bs\/proizvod\/toaletni-stolic-s-led-ogledalom-ladicom-i-otvorenim-policama\/#primaryimage\"},\"image\":{\"@id\":\"https:\/\/inti.hr\/bs\/proizvod\/toaletni-stolic-s-led-ogledalom-ladicom-i-otvorenim-policama\/#primaryimage\"},\"thumbnailUrl\":\"https:\/\/i0.wp.com\/inti.hr\/wp-content\/uploads\/2025\/08\/RDT138W01-1.jpg?fit=1000%2C1000&ssl=1\",\"datePublished\":\"2025-08-26T09:13:17+00:00\",\"dateModified\":\"2025-08-26T09:13:17+00:00\",\"description\":\"Moderno i minimalisti\u010dko: Otkrijte kolekciju KAILYN! Savr\u0161ena kombinacija jarko bijele boje, glatkih povr\u0161ina i ladica bez ru\u010dki. Uz \u0161irok izbor modela, mo\u017eete stvoriti idealan dizajn interijera koji odgovara va\u0161em ukusu.Puno prostora: parfemi i kreme na dvije police, pegla za kosu u ladici, sredstvo za skidanje \u0161minke u donjem ormari\u0107u. Svi va\u0161i kozmeti\u010dki proizvodi imaju svoje mjesto.S LED ogledalom i produ\u017enom uti\u010dnicom: Ogledalo ima LED svjetla s tri boje koje mo\u017eete uklju\u010diti i podesiti pomo\u0107u dodirnih kontrola. Produ\u017ena uti\u010dnica s dvije AC uti\u010dnice, jednim USB-A priklju\u010dkom i jednim USB-C priklju\u010dkom prakti\u010dno napaja va\u0161e ure\u0111aje.Ure\u0111aj protiv prevrtanja za dodatnu sigurnost: Pri\u010dvrstite toaletni stoli\u0107 na zid pomo\u0107u prilo\u017eenog ure\u0111aja protiv prevrtanja kako biste stvorili sigurnije okru\u017eenje za kori\u0161tenje.Robustan i jednostavan za \u010di\u0161\u0107enje: Ovaj toaletni stoli\u0107 izra\u0111en od kvalitetne iverice robustan je i izdr\u017eljiv; njegova povr\u0161ina je otporna na habanje i jednostavna za \u010di\u0161\u0107enje, \u0161to omogu\u0107uje dugotrajnu upotrebu.\",\"breadcrumb\":{\"@id\":\"https:\/\/inti.hr\/bs\/proizvod\/toaletni-stolic-s-led-ogledalom-ladicom-i-otvorenim-policama\/#breadcrumb\"},\"inLanguage\":\"bs-BA\",\"potentialAction\":[{\"@type\":\"ReadAction\",\"target\":[\"https:\/\/inti.hr\/bs\/proizvod\/toaletni-stolic-s-led-ogledalom-ladicom-i-otvorenim-policama\/\"]}]},{\"@type\":\"ImageObject\",\"inLanguage\":\"bs-BA\",\"@id\":\"https:\/\/inti.hr\/bs\/proizvod\/toaletni-stolic-s-led-ogledalom-ladicom-i-otvorenim-policama\/#primaryimage\",\"url\":\"https:\/\/i0.wp.com\/inti.hr\/wp-content\/uploads\/2025\/08\/RDT138W01-1.jpg?fit=1000%2C1000&ssl=1\",\"contentUrl\":\"https:\/\/i0.wp.com\/inti.hr\/wp-content\/uploads\/2025\/08\/RDT138W01-1.jpg?fit=1000%2C1000&ssl=1\",\"width\":1000,\"height\":1000,\"caption\":\"VASAGLE Kailyn kolekcija - Toaletni stoli\u0107 s LED ogledalom, ladicom i otvorenim policama\"},{\"@type\":\"BreadcrumbList\",\"@id\":\"https:\/\/inti.hr\/bs\/proizvod\/toaletni-stolic-s-led-ogledalom-ladicom-i-otvorenim-policama\/#breadcrumb\",\"itemListElement\":[{\"@type\":\"ListItem\",\"position\":1,\"name\":\"Po\u010detna stranica\",\"item\":\"https:\/\/inti.hr\/bs\/\"},{\"@type\":\"ListItem\",\"position\":2,\"name\":\"Trgovina\",\"item\":\"https:\/\/inti.hr\/bs\/trgovina\/\"},{\"@type\":\"ListItem\",\"position\":3,\"name\":\"Toaletni stoli\u0107 s LED ogledalom, ladicom i otvorenim policama\"}]},{\"@type\":\"WebSite\",\"@id\":\"https:\/\/inti.hr\/bs\/#website\",\"url\":\"https:\/\/inti.hr\/bs\/\",\"name\":\"Inti\",\"description\":\"trgovina\",\"potentialAction\":[{\"@type\":\"SearchAction\",\"target\":{\"@type\":\"EntryPoint\",\"urlTemplate\":\"https:\/\/inti.hr\/bs\/?s={search_term_string}\"},\"query-input\":{\"@type\":\"PropertyValueSpecification\",\"valueRequired\":true,\"valueName\":\"search_term_string\"}}],\"inLanguage\":\"bs-BA\"}]}<\/script>\n<!-- \/ Yoast SEO plugin. -->","yoast_head_json":{"title":"Toaletni stoli\u0107 s LED ogledalom, ladicom i otvorenim policama - Inti","description":"Moderno i minimalisti\u010dko: Otkrijte kolekciju KAILYN! Savr\u0161ena kombinacija jarko bijele boje, glatkih povr\u0161ina i ladica bez ru\u010dki. Uz \u0161irok izbor modela, mo\u017eete stvoriti idealan dizajn interijera koji odgovara va\u0161em ukusu.Puno prostora: parfemi i kreme na dvije police, pegla za kosu u ladici, sredstvo za skidanje \u0161minke u donjem ormari\u0107u. Svi va\u0161i kozmeti\u010dki proizvodi imaju svoje mjesto.S LED ogledalom i produ\u017enom uti\u010dnicom: Ogledalo ima LED svjetla s tri boje koje mo\u017eete uklju\u010diti i podesiti pomo\u0107u dodirnih kontrola. Produ\u017ena uti\u010dnica s dvije AC uti\u010dnice, jednim USB-A priklju\u010dkom i jednim USB-C priklju\u010dkom prakti\u010dno napaja va\u0161e ure\u0111aje.Ure\u0111aj protiv prevrtanja za dodatnu sigurnost: Pri\u010dvrstite toaletni stoli\u0107 na zid pomo\u0107u prilo\u017eenog ure\u0111aja protiv prevrtanja kako biste stvorili sigurnije okru\u017eenje za kori\u0161tenje.Robustan i jednostavan za \u010di\u0161\u0107enje: Ovaj toaletni stoli\u0107 izra\u0111en od kvalitetne iverice robustan je i izdr\u017eljiv; njegova povr\u0161ina je otporna na habanje i jednostavna za \u010di\u0161\u0107enje, \u0161to omogu\u0107uje dugotrajnu upotrebu.","robots":{"index":"index","follow":"follow","max-snippet":"max-snippet:-1","max-image-preview":"max-image-preview:large","max-video-preview":"max-video-preview:-1"},"canonical":"https:\/\/inti.hr\/bs\/proizvod\/toaletni-stolic-s-led-ogledalom-ladicom-i-otvorenim-policama\/","og_locale":"bs_BA","og_type":"article","og_title":"Toaletni stoli\u0107 s LED ogledalom, ladicom i otvorenim policama - Inti","og_description":"Moderno i minimalisti\u010dko: Otkrijte kolekciju KAILYN! Savr\u0161ena kombinacija jarko bijele boje, glatkih povr\u0161ina i ladica bez ru\u010dki. Uz \u0161irok izbor modela, mo\u017eete stvoriti idealan dizajn interijera koji odgovara va\u0161em ukusu.Puno prostora: parfemi i kreme na dvije police, pegla za kosu u ladici, sredstvo za skidanje \u0161minke u donjem ormari\u0107u. Svi va\u0161i kozmeti\u010dki proizvodi imaju svoje mjesto.S LED ogledalom i produ\u017enom uti\u010dnicom: Ogledalo ima LED svjetla s tri boje koje mo\u017eete uklju\u010diti i podesiti pomo\u0107u dodirnih kontrola. Produ\u017ena uti\u010dnica s dvije AC uti\u010dnice, jednim USB-A priklju\u010dkom i jednim USB-C priklju\u010dkom prakti\u010dno napaja va\u0161e ure\u0111aje.Ure\u0111aj protiv prevrtanja za dodatnu sigurnost: Pri\u010dvrstite toaletni stoli\u0107 na zid pomo\u0107u prilo\u017eenog ure\u0111aja protiv prevrtanja kako biste stvorili sigurnije okru\u017eenje za kori\u0161tenje.Robustan i jednostavan za \u010di\u0161\u0107enje: Ovaj toaletni stoli\u0107 izra\u0111en od kvalitetne iverice robustan je i izdr\u017eljiv; njegova povr\u0161ina je otporna na habanje i jednostavna za \u010di\u0161\u0107enje, \u0161to omogu\u0107uje dugotrajnu upotrebu.","og_url":"https:\/\/inti.hr\/bs\/proizvod\/toaletni-stolic-s-led-ogledalom-ladicom-i-otvorenim-policama\/","og_site_name":"Inti","og_image":[{"width":1000,"height":1000,"url":"https:\/\/i0.wp.com\/inti.hr\/wp-content\/uploads\/2025\/08\/RDT138W01-1.jpg?fit=1000%2C1000&ssl=1","type":"image\/jpeg"}],"twitter_card":"summary_large_image","schema":{"@context":"https:\/\/schema.org","@graph":[{"@type":"WebPage","@id":"https:\/\/inti.hr\/bs\/proizvod\/toaletni-stolic-s-led-ogledalom-ladicom-i-otvorenim-policama\/","url":"https:\/\/inti.hr\/bs\/proizvod\/toaletni-stolic-s-led-ogledalom-ladicom-i-otvorenim-policama\/","name":"Toaletni stoli\u0107 s LED ogledalom, ladicom i otvorenim policama - Inti","isPartOf":{"@id":"https:\/\/inti.hr\/bs\/#website"},"primaryImageOfPage":{"@id":"https:\/\/inti.hr\/bs\/proizvod\/toaletni-stolic-s-led-ogledalom-ladicom-i-otvorenim-policama\/#primaryimage"},"image":{"@id":"https:\/\/inti.hr\/bs\/proizvod\/toaletni-stolic-s-led-ogledalom-ladicom-i-otvorenim-policama\/#primaryimage"},"thumbnailUrl":"https:\/\/i0.wp.com\/inti.hr\/wp-content\/uploads\/2025\/08\/RDT138W01-1.jpg?fit=1000%2C1000&ssl=1","datePublished":"2025-08-26T09:13:17+00:00","dateModified":"2025-08-26T09:13:17+00:00","description":"Moderno i minimalisti\u010dko: Otkrijte kolekciju KAILYN! Savr\u0161ena kombinacija jarko bijele boje, glatkih povr\u0161ina i ladica bez ru\u010dki. Uz \u0161irok izbor modela, mo\u017eete stvoriti idealan dizajn interijera koji odgovara va\u0161em ukusu.Puno prostora: parfemi i kreme na dvije police, pegla za kosu u ladici, sredstvo za skidanje \u0161minke u donjem ormari\u0107u. Svi va\u0161i kozmeti\u010dki proizvodi imaju svoje mjesto.S LED ogledalom i produ\u017enom uti\u010dnicom: Ogledalo ima LED svjetla s tri boje koje mo\u017eete uklju\u010diti i podesiti pomo\u0107u dodirnih kontrola. Produ\u017ena uti\u010dnica s dvije AC uti\u010dnice, jednim USB-A priklju\u010dkom i jednim USB-C priklju\u010dkom prakti\u010dno napaja va\u0161e ure\u0111aje.Ure\u0111aj protiv prevrtanja za dodatnu sigurnost: Pri\u010dvrstite toaletni stoli\u0107 na zid pomo\u0107u prilo\u017eenog ure\u0111aja protiv prevrtanja kako biste stvorili sigurnije okru\u017eenje za kori\u0161tenje.Robustan i jednostavan za \u010di\u0161\u0107enje: Ovaj toaletni stoli\u0107 izra\u0111en od kvalitetne iverice robustan je i izdr\u017eljiv; njegova povr\u0161ina je otporna na habanje i jednostavna za \u010di\u0161\u0107enje, \u0161to omogu\u0107uje dugotrajnu upotrebu.","breadcrumb":{"@id":"https:\/\/inti.hr\/bs\/proizvod\/toaletni-stolic-s-led-ogledalom-ladicom-i-otvorenim-policama\/#breadcrumb"},"inLanguage":"bs-BA","potentialAction":[{"@type":"ReadAction","target":["https:\/\/inti.hr\/bs\/proizvod\/toaletni-stolic-s-led-ogledalom-ladicom-i-otvorenim-policama\/"]}]},{"@type":"ImageObject","inLanguage":"bs-BA","@id":"https:\/\/inti.hr\/bs\/proizvod\/toaletni-stolic-s-led-ogledalom-ladicom-i-otvorenim-policama\/#primaryimage","url":"https:\/\/i0.wp.com\/inti.hr\/wp-content\/uploads\/2025\/08\/RDT138W01-1.jpg?fit=1000%2C1000&ssl=1","contentUrl":"https:\/\/i0.wp.com\/inti.hr\/wp-content\/uploads\/2025\/08\/RDT138W01-1.jpg?fit=1000%2C1000&ssl=1","width":1000,"height":1000,"caption":"VASAGLE Kailyn kolekcija - Toaletni stoli\u0107 s LED ogledalom, ladicom i otvorenim policama"},{"@type":"BreadcrumbList","@id":"https:\/\/inti.hr\/bs\/proizvod\/toaletni-stolic-s-led-ogledalom-ladicom-i-otvorenim-policama\/#breadcrumb","itemListElement":[{"@type":"ListItem","position":1,"name":"Po\u010detna stranica","item":"https:\/\/inti.hr\/bs\/"},{"@type":"ListItem","position":2,"name":"Trgovina","item":"https:\/\/inti.hr\/bs\/trgovina\/"},{"@type":"ListItem","position":3,"name":"Toaletni stoli\u0107 s LED ogledalom, ladicom i otvorenim policama"}]},{"@type":"WebSite","@id":"https:\/\/inti.hr\/bs\/#website","url":"https:\/\/inti.hr\/bs\/","name":"Inti","description":"trgovina","potentialAction":[{"@type":"SearchAction","target":{"@type":"EntryPoint","urlTemplate":"https:\/\/inti.hr\/bs\/?s={search_term_string}"},"query-input":{"@type":"PropertyValueSpecification","valueRequired":true,"valueName":"search_term_string"}}],"inLanguage":"bs-BA"}]}},"jetpack_sharing_enabled":true,"jetpack-related-posts":[],"_links":{"self":[{"href":"https:\/\/inti.hr\/bs\/wp-json\/wp\/v2\/product\/34849"}],"collection":[{"href":"https:\/\/inti.hr\/bs\/wp-json\/wp\/v2\/product"}],"about":[{"href":"https:\/\/inti.hr\/bs\/wp-json\/wp\/v2\/types\/product"}],"wp:featuredmedia":[{"embeddable":true,"href":"https:\/\/inti.hr\/bs\/wp-json\/wp\/v2\/media\/34850"}],"wp:attachment":[{"href":"https:\/\/inti.hr\/bs\/wp-json\/wp\/v2\/media?parent=34849"}],"wp:term":[{"taxonomy":"product_cat","embeddable":true,"href":"https:\/\/inti.hr\/bs\/wp-json\/wp\/v2\/product_cat?post=34849"},{"taxonomy":"product_tag","embeddable":true,"href":"https:\/\/inti.hr\/bs\/wp-json\/wp\/v2\/product_tag?post=34849"}],"curies":[{"name":"wp","href":"https:\/\/api.w.org\/{rel}","templated":true}]}}