{"id":34865,"date":"2025-08-06T09:41:36","date_gmt":"2025-08-06T08:41:36","guid":{"rendered":"https:\/\/inti.hr\/product\/nocni-ormaric-s-led-rasvjetom-usb-prikljuccima-i-ladicom\/"},"modified":"2025-08-06T09:41:36","modified_gmt":"2025-08-06T08:41:36","slug":"nocni-ormaric-s-led-rasvjetom-usb-prikljuccima-i-ladicom","status":"publish","type":"product","link":"https:\/\/inti.hr\/bs\/proizvod\/nocni-ormaric-s-led-rasvjetom-usb-prikljuccima-i-ladicom\/","title":{"rendered":"No\u0107ni ormari\u0107 s LED rasvjetom, USB priklju\u010dcima i ladicom"},"content":{"rendered":"<p>Detalji o proizvodu:<br \/>\nBoja: Obla\u010dno bijela<br \/>\nMaterijal: iverica, MDF (vlaknasta plo\u010da srednje gusto\u0107e)<br \/>\nVeli\u010dina: 30 x 25 x 59,5 cm (D x \u0160 x V)<br \/>\nTe\u017eina: 6 kg<br \/>\nMaks. stati\u010dka nosivost plo\u010de stola: 45,4 kg<br \/>\nMaks. stati\u010dka nosivost ladice: 4,5 kg<\/p>\n","protected":false},"excerpt":{"rendered":"<p>LED rasvjeta: S dodirnim upravljanjem mo\u017eete uklju\u010diti i isklju\u010diti svjetlo dodirom, &#8230; <\/p>\n","protected":false},"featured_media":34866,"template":"","meta":[],"product_cat":[2414],"product_tag":[2672,2673],"yoast_head":"<!-- This site is optimized with the Yoast SEO plugin v23.7 - https:\/\/yoast.com\/wordpress\/plugins\/seo\/ -->\n<title>No\u0107ni ormari\u0107 s LED rasvjetom, USB priklju\u010dcima i ladicom - Inti<\/title>\n<meta name=\"description\" content=\"LED rasvjeta: S dodirnim upravljanjem mo\u017eete uklju\u010diti i isklju\u010diti svjetlo dodirom, a svjetlinu podesiti dugim pritiskom. Toplo svjetlo zadovoljava no\u0107ne potrebe i stvara ugodnu atmosferu.Za male prostore: S dimenzijama 30 x 25 x 59,5 cm, ovaj tanki no\u0107ni ormari\u0107 zauzima malo prostora na podu i idealan je za male kutke u spava\u0107oj sobi, dnevnoj sobi ili drugim sobama.Punjenje i pohrana: 1 USB-A priklju\u010dak i 1 USB-C priklju\u010dak napajaju va\u0161e ure\u0111aje. 1 otvoreni pretinac dr\u017ei va\u0161e \u010desto kori\u0161tene predmete nadohvat ruke, dok ladica skriva va\u0161e osobne stvari.Robustan i izdr\u017eljiv: Ovaj bo\u010dni stoli\u0107 izra\u0111en od visokokvalitetne iverice i MDF plo\u010da nosi do 45,4 kg na plo\u010di stola i 4,5 kg u ladici, pru\u017eaju\u0107i pouzdanu potporu za va\u0161e predmete.Jednostavno sastavljanje: Zahvaljuju\u0107i jasno ozna\u010denim dijelovima i lako razumljivim uputama, ovaj tanki no\u0107ni ormari\u0107 mo\u017ee se sastaviti u tren oka\" \/>\n<meta name=\"robots\" content=\"index, follow, max-snippet:-1, max-image-preview:large, max-video-preview:-1\" \/>\n<link rel=\"canonical\" href=\"https:\/\/inti.hr\/bs\/proizvod\/nocni-ormaric-s-led-rasvjetom-usb-prikljuccima-i-ladicom\/\" \/>\n<meta property=\"og:locale\" content=\"bs_BA\" \/>\n<meta property=\"og:type\" content=\"article\" \/>\n<meta property=\"og:title\" content=\"No\u0107ni ormari\u0107 s LED rasvjetom, USB priklju\u010dcima i ladicom - Inti\" \/>\n<meta property=\"og:description\" content=\"LED rasvjeta: S dodirnim upravljanjem mo\u017eete uklju\u010diti i isklju\u010diti svjetlo dodirom, a svjetlinu podesiti dugim pritiskom. Toplo svjetlo zadovoljava no\u0107ne potrebe i stvara ugodnu atmosferu.Za male prostore: S dimenzijama 30 x 25 x 59,5 cm, ovaj tanki no\u0107ni ormari\u0107 zauzima malo prostora na podu i idealan je za male kutke u spava\u0107oj sobi, dnevnoj sobi ili drugim sobama.Punjenje i pohrana: 1 USB-A priklju\u010dak i 1 USB-C priklju\u010dak napajaju va\u0161e ure\u0111aje. 1 otvoreni pretinac dr\u017ei va\u0161e \u010desto kori\u0161tene predmete nadohvat ruke, dok ladica skriva va\u0161e osobne stvari.Robustan i izdr\u017eljiv: Ovaj bo\u010dni stoli\u0107 izra\u0111en od visokokvalitetne iverice i MDF plo\u010da nosi do 45,4 kg na plo\u010di stola i 4,5 kg u ladici, pru\u017eaju\u0107i pouzdanu potporu za va\u0161e predmete.Jednostavno sastavljanje: Zahvaljuju\u0107i jasno ozna\u010denim dijelovima i lako razumljivim uputama, ovaj tanki no\u0107ni ormari\u0107 mo\u017ee se sastaviti u tren oka\" \/>\n<meta property=\"og:url\" content=\"https:\/\/inti.hr\/bs\/proizvod\/nocni-ormaric-s-led-rasvjetom-usb-prikljuccima-i-ladicom\/\" \/>\n<meta property=\"og:site_name\" content=\"Inti\" \/>\n<meta property=\"og:image\" content=\"https:\/\/i0.wp.com\/inti.hr\/wp-content\/uploads\/2025\/08\/LET610W01-1.jpg?fit=1000%2C1000&ssl=1\" \/>\n\t<meta property=\"og:image:width\" content=\"1000\" \/>\n\t<meta property=\"og:image:height\" content=\"1000\" \/>\n\t<meta property=\"og:image:type\" content=\"image\/jpeg\" \/>\n<meta name=\"twitter:card\" content=\"summary_large_image\" \/>\n<meta name=\"twitter:label1\" content=\"Est. reading time\" \/>\n\t<meta name=\"twitter:data1\" content=\"1 minuta\" \/>\n<script type=\"application\/ld+json\" class=\"yoast-schema-graph\">{\"@context\":\"https:\/\/schema.org\",\"@graph\":[{\"@type\":\"WebPage\",\"@id\":\"https:\/\/inti.hr\/bs\/proizvod\/nocni-ormaric-s-led-rasvjetom-usb-prikljuccima-i-ladicom\/\",\"url\":\"https:\/\/inti.hr\/bs\/proizvod\/nocni-ormaric-s-led-rasvjetom-usb-prikljuccima-i-ladicom\/\",\"name\":\"No\u0107ni ormari\u0107 s LED rasvjetom, USB priklju\u010dcima i ladicom - Inti\",\"isPartOf\":{\"@id\":\"https:\/\/inti.hr\/bs\/#website\"},\"primaryImageOfPage\":{\"@id\":\"https:\/\/inti.hr\/bs\/proizvod\/nocni-ormaric-s-led-rasvjetom-usb-prikljuccima-i-ladicom\/#primaryimage\"},\"image\":{\"@id\":\"https:\/\/inti.hr\/bs\/proizvod\/nocni-ormaric-s-led-rasvjetom-usb-prikljuccima-i-ladicom\/#primaryimage\"},\"thumbnailUrl\":\"https:\/\/i0.wp.com\/inti.hr\/wp-content\/uploads\/2025\/08\/LET610W01-1.jpg?fit=1000%2C1000&ssl=1\",\"datePublished\":\"2025-08-06T08:41:36+00:00\",\"dateModified\":\"2025-08-06T08:41:36+00:00\",\"description\":\"LED rasvjeta: S dodirnim upravljanjem mo\u017eete uklju\u010diti i isklju\u010diti svjetlo dodirom, a svjetlinu podesiti dugim pritiskom. Toplo svjetlo zadovoljava no\u0107ne potrebe i stvara ugodnu atmosferu.Za male prostore: S dimenzijama 30 x 25 x 59,5 cm, ovaj tanki no\u0107ni ormari\u0107 zauzima malo prostora na podu i idealan je za male kutke u spava\u0107oj sobi, dnevnoj sobi ili drugim sobama.Punjenje i pohrana: 1 USB-A priklju\u010dak i 1 USB-C priklju\u010dak napajaju va\u0161e ure\u0111aje. 1 otvoreni pretinac dr\u017ei va\u0161e \u010desto kori\u0161tene predmete nadohvat ruke, dok ladica skriva va\u0161e osobne stvari.Robustan i izdr\u017eljiv: Ovaj bo\u010dni stoli\u0107 izra\u0111en od visokokvalitetne iverice i MDF plo\u010da nosi do 45,4 kg na plo\u010di stola i 4,5 kg u ladici, pru\u017eaju\u0107i pouzdanu potporu za va\u0161e predmete.Jednostavno sastavljanje: Zahvaljuju\u0107i jasno ozna\u010denim dijelovima i lako razumljivim uputama, ovaj tanki no\u0107ni ormari\u0107 mo\u017ee se sastaviti u tren oka\",\"breadcrumb\":{\"@id\":\"https:\/\/inti.hr\/bs\/proizvod\/nocni-ormaric-s-led-rasvjetom-usb-prikljuccima-i-ladicom\/#breadcrumb\"},\"inLanguage\":\"bs-BA\",\"potentialAction\":[{\"@type\":\"ReadAction\",\"target\":[\"https:\/\/inti.hr\/bs\/proizvod\/nocni-ormaric-s-led-rasvjetom-usb-prikljuccima-i-ladicom\/\"]}]},{\"@type\":\"ImageObject\",\"inLanguage\":\"bs-BA\",\"@id\":\"https:\/\/inti.hr\/bs\/proizvod\/nocni-ormaric-s-led-rasvjetom-usb-prikljuccima-i-ladicom\/#primaryimage\",\"url\":\"https:\/\/i0.wp.com\/inti.hr\/wp-content\/uploads\/2025\/08\/LET610W01-1.jpg?fit=1000%2C1000&ssl=1\",\"contentUrl\":\"https:\/\/i0.wp.com\/inti.hr\/wp-content\/uploads\/2025\/08\/LET610W01-1.jpg?fit=1000%2C1000&ssl=1\",\"width\":1000,\"height\":1000,\"caption\":\"VASAGLE no\u0107ni ormari\u0107 s LED rasvjetom, USB priklju\u010dcima i ladicom\"},{\"@type\":\"BreadcrumbList\",\"@id\":\"https:\/\/inti.hr\/bs\/proizvod\/nocni-ormaric-s-led-rasvjetom-usb-prikljuccima-i-ladicom\/#breadcrumb\",\"itemListElement\":[{\"@type\":\"ListItem\",\"position\":1,\"name\":\"Po\u010detna stranica\",\"item\":\"https:\/\/inti.hr\/bs\/\"},{\"@type\":\"ListItem\",\"position\":2,\"name\":\"Trgovina\",\"item\":\"https:\/\/inti.hr\/bs\/trgovina\/\"},{\"@type\":\"ListItem\",\"position\":3,\"name\":\"No\u0107ni ormari\u0107 s LED rasvjetom, USB priklju\u010dcima i ladicom\"}]},{\"@type\":\"WebSite\",\"@id\":\"https:\/\/inti.hr\/bs\/#website\",\"url\":\"https:\/\/inti.hr\/bs\/\",\"name\":\"Inti\",\"description\":\"trgovina\",\"potentialAction\":[{\"@type\":\"SearchAction\",\"target\":{\"@type\":\"EntryPoint\",\"urlTemplate\":\"https:\/\/inti.hr\/bs\/?s={search_term_string}\"},\"query-input\":{\"@type\":\"PropertyValueSpecification\",\"valueRequired\":true,\"valueName\":\"search_term_string\"}}],\"inLanguage\":\"bs-BA\"}]}<\/script>\n<!-- \/ Yoast SEO plugin. -->","yoast_head_json":{"title":"No\u0107ni ormari\u0107 s LED rasvjetom, USB priklju\u010dcima i ladicom - Inti","description":"LED rasvjeta: S dodirnim upravljanjem mo\u017eete uklju\u010diti i isklju\u010diti svjetlo dodirom, a svjetlinu podesiti dugim pritiskom. Toplo svjetlo zadovoljava no\u0107ne potrebe i stvara ugodnu atmosferu.Za male prostore: S dimenzijama 30 x 25 x 59,5 cm, ovaj tanki no\u0107ni ormari\u0107 zauzima malo prostora na podu i idealan je za male kutke u spava\u0107oj sobi, dnevnoj sobi ili drugim sobama.Punjenje i pohrana: 1 USB-A priklju\u010dak i 1 USB-C priklju\u010dak napajaju va\u0161e ure\u0111aje. 1 otvoreni pretinac dr\u017ei va\u0161e \u010desto kori\u0161tene predmete nadohvat ruke, dok ladica skriva va\u0161e osobne stvari.Robustan i izdr\u017eljiv: Ovaj bo\u010dni stoli\u0107 izra\u0111en od visokokvalitetne iverice i MDF plo\u010da nosi do 45,4 kg na plo\u010di stola i 4,5 kg u ladici, pru\u017eaju\u0107i pouzdanu potporu za va\u0161e predmete.Jednostavno sastavljanje: Zahvaljuju\u0107i jasno ozna\u010denim dijelovima i lako razumljivim uputama, ovaj tanki no\u0107ni ormari\u0107 mo\u017ee se sastaviti u tren oka","robots":{"index":"index","follow":"follow","max-snippet":"max-snippet:-1","max-image-preview":"max-image-preview:large","max-video-preview":"max-video-preview:-1"},"canonical":"https:\/\/inti.hr\/bs\/proizvod\/nocni-ormaric-s-led-rasvjetom-usb-prikljuccima-i-ladicom\/","og_locale":"bs_BA","og_type":"article","og_title":"No\u0107ni ormari\u0107 s LED rasvjetom, USB priklju\u010dcima i ladicom - Inti","og_description":"LED rasvjeta: S dodirnim upravljanjem mo\u017eete uklju\u010diti i isklju\u010diti svjetlo dodirom, a svjetlinu podesiti dugim pritiskom. Toplo svjetlo zadovoljava no\u0107ne potrebe i stvara ugodnu atmosferu.Za male prostore: S dimenzijama 30 x 25 x 59,5 cm, ovaj tanki no\u0107ni ormari\u0107 zauzima malo prostora na podu i idealan je za male kutke u spava\u0107oj sobi, dnevnoj sobi ili drugim sobama.Punjenje i pohrana: 1 USB-A priklju\u010dak i 1 USB-C priklju\u010dak napajaju va\u0161e ure\u0111aje. 1 otvoreni pretinac dr\u017ei va\u0161e \u010desto kori\u0161tene predmete nadohvat ruke, dok ladica skriva va\u0161e osobne stvari.Robustan i izdr\u017eljiv: Ovaj bo\u010dni stoli\u0107 izra\u0111en od visokokvalitetne iverice i MDF plo\u010da nosi do 45,4 kg na plo\u010di stola i 4,5 kg u ladici, pru\u017eaju\u0107i pouzdanu potporu za va\u0161e predmete.Jednostavno sastavljanje: Zahvaljuju\u0107i jasno ozna\u010denim dijelovima i lako razumljivim uputama, ovaj tanki no\u0107ni ormari\u0107 mo\u017ee se sastaviti u tren oka","og_url":"https:\/\/inti.hr\/bs\/proizvod\/nocni-ormaric-s-led-rasvjetom-usb-prikljuccima-i-ladicom\/","og_site_name":"Inti","og_image":[{"width":1000,"height":1000,"url":"https:\/\/i0.wp.com\/inti.hr\/wp-content\/uploads\/2025\/08\/LET610W01-1.jpg?fit=1000%2C1000&ssl=1","type":"image\/jpeg"}],"twitter_card":"summary_large_image","twitter_misc":{"Est. reading time":"1 minuta"},"schema":{"@context":"https:\/\/schema.org","@graph":[{"@type":"WebPage","@id":"https:\/\/inti.hr\/bs\/proizvod\/nocni-ormaric-s-led-rasvjetom-usb-prikljuccima-i-ladicom\/","url":"https:\/\/inti.hr\/bs\/proizvod\/nocni-ormaric-s-led-rasvjetom-usb-prikljuccima-i-ladicom\/","name":"No\u0107ni ormari\u0107 s LED rasvjetom, USB priklju\u010dcima i ladicom - Inti","isPartOf":{"@id":"https:\/\/inti.hr\/bs\/#website"},"primaryImageOfPage":{"@id":"https:\/\/inti.hr\/bs\/proizvod\/nocni-ormaric-s-led-rasvjetom-usb-prikljuccima-i-ladicom\/#primaryimage"},"image":{"@id":"https:\/\/inti.hr\/bs\/proizvod\/nocni-ormaric-s-led-rasvjetom-usb-prikljuccima-i-ladicom\/#primaryimage"},"thumbnailUrl":"https:\/\/i0.wp.com\/inti.hr\/wp-content\/uploads\/2025\/08\/LET610W01-1.jpg?fit=1000%2C1000&ssl=1","datePublished":"2025-08-06T08:41:36+00:00","dateModified":"2025-08-06T08:41:36+00:00","description":"LED rasvjeta: S dodirnim upravljanjem mo\u017eete uklju\u010diti i isklju\u010diti svjetlo dodirom, a svjetlinu podesiti dugim pritiskom. Toplo svjetlo zadovoljava no\u0107ne potrebe i stvara ugodnu atmosferu.Za male prostore: S dimenzijama 30 x 25 x 59,5 cm, ovaj tanki no\u0107ni ormari\u0107 zauzima malo prostora na podu i idealan je za male kutke u spava\u0107oj sobi, dnevnoj sobi ili drugim sobama.Punjenje i pohrana: 1 USB-A priklju\u010dak i 1 USB-C priklju\u010dak napajaju va\u0161e ure\u0111aje. 1 otvoreni pretinac dr\u017ei va\u0161e \u010desto kori\u0161tene predmete nadohvat ruke, dok ladica skriva va\u0161e osobne stvari.Robustan i izdr\u017eljiv: Ovaj bo\u010dni stoli\u0107 izra\u0111en od visokokvalitetne iverice i MDF plo\u010da nosi do 45,4 kg na plo\u010di stola i 4,5 kg u ladici, pru\u017eaju\u0107i pouzdanu potporu za va\u0161e predmete.Jednostavno sastavljanje: Zahvaljuju\u0107i jasno ozna\u010denim dijelovima i lako razumljivim uputama, ovaj tanki no\u0107ni ormari\u0107 mo\u017ee se sastaviti u tren oka","breadcrumb":{"@id":"https:\/\/inti.hr\/bs\/proizvod\/nocni-ormaric-s-led-rasvjetom-usb-prikljuccima-i-ladicom\/#breadcrumb"},"inLanguage":"bs-BA","potentialAction":[{"@type":"ReadAction","target":["https:\/\/inti.hr\/bs\/proizvod\/nocni-ormaric-s-led-rasvjetom-usb-prikljuccima-i-ladicom\/"]}]},{"@type":"ImageObject","inLanguage":"bs-BA","@id":"https:\/\/inti.hr\/bs\/proizvod\/nocni-ormaric-s-led-rasvjetom-usb-prikljuccima-i-ladicom\/#primaryimage","url":"https:\/\/i0.wp.com\/inti.hr\/wp-content\/uploads\/2025\/08\/LET610W01-1.jpg?fit=1000%2C1000&ssl=1","contentUrl":"https:\/\/i0.wp.com\/inti.hr\/wp-content\/uploads\/2025\/08\/LET610W01-1.jpg?fit=1000%2C1000&ssl=1","width":1000,"height":1000,"caption":"VASAGLE no\u0107ni ormari\u0107 s LED rasvjetom, USB priklju\u010dcima i ladicom"},{"@type":"BreadcrumbList","@id":"https:\/\/inti.hr\/bs\/proizvod\/nocni-ormaric-s-led-rasvjetom-usb-prikljuccima-i-ladicom\/#breadcrumb","itemListElement":[{"@type":"ListItem","position":1,"name":"Po\u010detna stranica","item":"https:\/\/inti.hr\/bs\/"},{"@type":"ListItem","position":2,"name":"Trgovina","item":"https:\/\/inti.hr\/bs\/trgovina\/"},{"@type":"ListItem","position":3,"name":"No\u0107ni ormari\u0107 s LED rasvjetom, USB priklju\u010dcima i ladicom"}]},{"@type":"WebSite","@id":"https:\/\/inti.hr\/bs\/#website","url":"https:\/\/inti.hr\/bs\/","name":"Inti","description":"trgovina","potentialAction":[{"@type":"SearchAction","target":{"@type":"EntryPoint","urlTemplate":"https:\/\/inti.hr\/bs\/?s={search_term_string}"},"query-input":{"@type":"PropertyValueSpecification","valueRequired":true,"valueName":"search_term_string"}}],"inLanguage":"bs-BA"}]}},"jetpack_sharing_enabled":true,"jetpack-related-posts":[],"_links":{"self":[{"href":"https:\/\/inti.hr\/bs\/wp-json\/wp\/v2\/product\/34865"}],"collection":[{"href":"https:\/\/inti.hr\/bs\/wp-json\/wp\/v2\/product"}],"about":[{"href":"https:\/\/inti.hr\/bs\/wp-json\/wp\/v2\/types\/product"}],"wp:featuredmedia":[{"embeddable":true,"href":"https:\/\/inti.hr\/bs\/wp-json\/wp\/v2\/media\/34866"}],"wp:attachment":[{"href":"https:\/\/inti.hr\/bs\/wp-json\/wp\/v2\/media?parent=34865"}],"wp:term":[{"taxonomy":"product_cat","embeddable":true,"href":"https:\/\/inti.hr\/bs\/wp-json\/wp\/v2\/product_cat?post=34865"},{"taxonomy":"product_tag","embeddable":true,"href":"https:\/\/inti.hr\/bs\/wp-json\/wp\/v2\/product_tag?post=34865"}],"curies":[{"name":"wp","href":"https:\/\/api.w.org\/{rel}","templated":true}]}}