{"id":34899,"date":"2025-06-12T10:59:26","date_gmt":"2025-06-12T09:59:26","guid":{"rendered":"https:\/\/inti.hr\/product\/nocni-ormaric-set-od-2-s-ladicama-i-punjacem\/"},"modified":"2025-06-12T10:59:26","modified_gmt":"2025-06-12T09:59:26","slug":"nocni-ormaric-set-od-2-s-ladicama-i-punjacem","status":"publish","type":"product","link":"https:\/\/inti.hr\/bs\/proizvod\/nocni-ormaric-set-od-2-s-ladicama-i-punjacem\/","title":{"rendered":"No\u0107ni ormari\u0107 set od 2 s ladicama i punja\u010dem"},"content":{"rendered":"<ul>\n<li><b><span>Detalji o proizvodu:<\/span><\/b><\/li>\n<li><span>Boja: \u0160kriljevac sivo-prirodno sme\u0111a<\/span><\/li>\n<li><span>Materijal: iverica<\/span><\/li>\n<li><span>Veli\u010dina po stolu: 35 x 40 x 59 cm (D x \u0160 x V)<\/span><\/li>\n<li><span>Te\u017eina po stolu: 13 kg<\/span><\/li>\n<li><span>Maks. ukupna stati\u010dka nosivost po stolu: 62 kg<\/span><\/li>\n<\/ul>\n","protected":false},"excerpt":{"rendered":"<p>Ugra\u0111eni produ\u017eni kabel s 2 AC uti\u010dnice i 2 USB-A priklju\u010dka &#8230; <\/p>\n","protected":false},"featured_media":34900,"template":"","meta":[],"product_cat":[2414],"product_tag":[3344,2673],"yoast_head":"<!-- This site is optimized with the Yoast SEO plugin v23.7 - https:\/\/yoast.com\/wordpress\/plugins\/seo\/ -->\n<title>No\u0107ni ormari\u0107 set od 2 s ladicama i punja\u010dem - Inti<\/title>\n<meta name=\"description\" content=\"Ugra\u0111eni produ\u017eni kabel s 2 AC uti\u010dnice i 2 USB-A priklju\u010dka te kabelom duljine 2 m omogu\u0107uje vam napajanje svih ure\u0111aja, poput mobitela, tableta, svjetiljki i prijenosnih ra\u010dunala, izravno iz kreveta. \u00a0Svojim minimalisti\u010dkim dizajnom, kombinacijom sive i sme\u0111e boje i nevidljivim ru\u010dkama, ovaj elegantni no\u0107ni ormari\u0107 savr\u0161eno se uklapa u va\u0161 dekor. Njegov suvremeni \u0161arm uljep\u0161ava i spava\u0107u sobu i dnevni boravak. Zahvaljuju\u0107i jasno ozna\u010denim dijelovima i lako razumljivim uputama, monta\u017ea ovog stoli\u0107a s ladicama je jednostavna, \u0161to vam omogu\u0107uje da uz minimalan napor pobolj\u0161ate svoj \u017eivotni prostor. \u017delite li sakriti svoje \u0161tivo za spavanje ili imati nao\u010dale pri ruci, ovaj no\u0107ni ormari\u0107 nudi vam dovoljno prostora sa svojom prostranom plo\u010dom i 3 lako otvaraju\u0107e ladice sa zako\u0161enim rubovima. Ovaj bo\u010dni stoli\u0107 s produ\u017enom razdjelnom uti\u010dnicom izra\u0111en je od visokokvalitetne iverice debljine 15 mm. Svaki stoli\u0107 je dovoljno \u010dvrst i stabilan da podnese do 62 kg i vjerno \u0107e vam slu\u017eiti dugi niz godina.\" \/>\n<meta name=\"robots\" content=\"index, follow, max-snippet:-1, max-image-preview:large, max-video-preview:-1\" \/>\n<link rel=\"canonical\" href=\"https:\/\/inti.hr\/bs\/proizvod\/nocni-ormaric-set-od-2-s-ladicama-i-punjacem\/\" \/>\n<meta property=\"og:locale\" content=\"bs_BA\" \/>\n<meta property=\"og:type\" content=\"article\" \/>\n<meta property=\"og:title\" content=\"No\u0107ni ormari\u0107 set od 2 s ladicama i punja\u010dem - Inti\" \/>\n<meta property=\"og:description\" content=\"Ugra\u0111eni produ\u017eni kabel s 2 AC uti\u010dnice i 2 USB-A priklju\u010dka te kabelom duljine 2 m omogu\u0107uje vam napajanje svih ure\u0111aja, poput mobitela, tableta, svjetiljki i prijenosnih ra\u010dunala, izravno iz kreveta. \u00a0Svojim minimalisti\u010dkim dizajnom, kombinacijom sive i sme\u0111e boje i nevidljivim ru\u010dkama, ovaj elegantni no\u0107ni ormari\u0107 savr\u0161eno se uklapa u va\u0161 dekor. Njegov suvremeni \u0161arm uljep\u0161ava i spava\u0107u sobu i dnevni boravak. Zahvaljuju\u0107i jasno ozna\u010denim dijelovima i lako razumljivim uputama, monta\u017ea ovog stoli\u0107a s ladicama je jednostavna, \u0161to vam omogu\u0107uje da uz minimalan napor pobolj\u0161ate svoj \u017eivotni prostor. \u017delite li sakriti svoje \u0161tivo za spavanje ili imati nao\u010dale pri ruci, ovaj no\u0107ni ormari\u0107 nudi vam dovoljno prostora sa svojom prostranom plo\u010dom i 3 lako otvaraju\u0107e ladice sa zako\u0161enim rubovima. Ovaj bo\u010dni stoli\u0107 s produ\u017enom razdjelnom uti\u010dnicom izra\u0111en je od visokokvalitetne iverice debljine 15 mm. Svaki stoli\u0107 je dovoljno \u010dvrst i stabilan da podnese do 62 kg i vjerno \u0107e vam slu\u017eiti dugi niz godina.\" \/>\n<meta property=\"og:url\" content=\"https:\/\/inti.hr\/bs\/proizvod\/nocni-ormaric-set-od-2-s-ladicama-i-punjacem\/\" \/>\n<meta property=\"og:site_name\" content=\"Inti\" \/>\n<meta property=\"og:image\" content=\"https:\/\/i0.wp.com\/inti.hr\/wp-content\/uploads\/2025\/06\/LET831W14-1-1.jpg?fit=1000%2C1000&ssl=1\" \/>\n\t<meta property=\"og:image:width\" content=\"1000\" \/>\n\t<meta property=\"og:image:height\" content=\"1000\" \/>\n\t<meta property=\"og:image:type\" content=\"image\/jpeg\" \/>\n<meta name=\"twitter:card\" content=\"summary_large_image\" \/>\n<script type=\"application\/ld+json\" class=\"yoast-schema-graph\">{\"@context\":\"https:\/\/schema.org\",\"@graph\":[{\"@type\":\"WebPage\",\"@id\":\"https:\/\/inti.hr\/bs\/proizvod\/nocni-ormaric-set-od-2-s-ladicama-i-punjacem\/\",\"url\":\"https:\/\/inti.hr\/bs\/proizvod\/nocni-ormaric-set-od-2-s-ladicama-i-punjacem\/\",\"name\":\"No\u0107ni ormari\u0107 set od 2 s ladicama i punja\u010dem - Inti\",\"isPartOf\":{\"@id\":\"https:\/\/inti.hr\/bs\/#website\"},\"primaryImageOfPage\":{\"@id\":\"https:\/\/inti.hr\/bs\/proizvod\/nocni-ormaric-set-od-2-s-ladicama-i-punjacem\/#primaryimage\"},\"image\":{\"@id\":\"https:\/\/inti.hr\/bs\/proizvod\/nocni-ormaric-set-od-2-s-ladicama-i-punjacem\/#primaryimage\"},\"thumbnailUrl\":\"https:\/\/i0.wp.com\/inti.hr\/wp-content\/uploads\/2025\/06\/LET831W14-1-1.jpg?fit=1000%2C1000&ssl=1\",\"datePublished\":\"2025-06-12T09:59:26+00:00\",\"dateModified\":\"2025-06-12T09:59:26+00:00\",\"description\":\"Ugra\u0111eni produ\u017eni kabel s 2 AC uti\u010dnice i 2 USB-A priklju\u010dka te kabelom duljine 2 m omogu\u0107uje vam napajanje svih ure\u0111aja, poput mobitela, tableta, svjetiljki i prijenosnih ra\u010dunala, izravno iz kreveta. \u00a0Svojim minimalisti\u010dkim dizajnom, kombinacijom sive i sme\u0111e boje i nevidljivim ru\u010dkama, ovaj elegantni no\u0107ni ormari\u0107 savr\u0161eno se uklapa u va\u0161 dekor. Njegov suvremeni \u0161arm uljep\u0161ava i spava\u0107u sobu i dnevni boravak. Zahvaljuju\u0107i jasno ozna\u010denim dijelovima i lako razumljivim uputama, monta\u017ea ovog stoli\u0107a s ladicama je jednostavna, \u0161to vam omogu\u0107uje da uz minimalan napor pobolj\u0161ate svoj \u017eivotni prostor. \u017delite li sakriti svoje \u0161tivo za spavanje ili imati nao\u010dale pri ruci, ovaj no\u0107ni ormari\u0107 nudi vam dovoljno prostora sa svojom prostranom plo\u010dom i 3 lako otvaraju\u0107e ladice sa zako\u0161enim rubovima. Ovaj bo\u010dni stoli\u0107 s produ\u017enom razdjelnom uti\u010dnicom izra\u0111en je od visokokvalitetne iverice debljine 15 mm. Svaki stoli\u0107 je dovoljno \u010dvrst i stabilan da podnese do 62 kg i vjerno \u0107e vam slu\u017eiti dugi niz godina.\",\"breadcrumb\":{\"@id\":\"https:\/\/inti.hr\/bs\/proizvod\/nocni-ormaric-set-od-2-s-ladicama-i-punjacem\/#breadcrumb\"},\"inLanguage\":\"bs-BA\",\"potentialAction\":[{\"@type\":\"ReadAction\",\"target\":[\"https:\/\/inti.hr\/bs\/proizvod\/nocni-ormaric-set-od-2-s-ladicama-i-punjacem\/\"]}]},{\"@type\":\"ImageObject\",\"inLanguage\":\"bs-BA\",\"@id\":\"https:\/\/inti.hr\/bs\/proizvod\/nocni-ormaric-set-od-2-s-ladicama-i-punjacem\/#primaryimage\",\"url\":\"https:\/\/i0.wp.com\/inti.hr\/wp-content\/uploads\/2025\/06\/LET831W14-1-1.jpg?fit=1000%2C1000&ssl=1\",\"contentUrl\":\"https:\/\/i0.wp.com\/inti.hr\/wp-content\/uploads\/2025\/06\/LET831W14-1-1.jpg?fit=1000%2C1000&ssl=1\",\"width\":1000,\"height\":1000,\"caption\":\"VASAGLE No\u0107ni ormari\u0107 set od 2 s 2 AC uti\u010dnice, moderni, oblak bijela\"},{\"@type\":\"BreadcrumbList\",\"@id\":\"https:\/\/inti.hr\/bs\/proizvod\/nocni-ormaric-set-od-2-s-ladicama-i-punjacem\/#breadcrumb\",\"itemListElement\":[{\"@type\":\"ListItem\",\"position\":1,\"name\":\"Po\u010detna stranica\",\"item\":\"https:\/\/inti.hr\/bs\/\"},{\"@type\":\"ListItem\",\"position\":2,\"name\":\"Trgovina\",\"item\":\"https:\/\/inti.hr\/bs\/trgovina\/\"},{\"@type\":\"ListItem\",\"position\":3,\"name\":\"No\u0107ni ormari\u0107 set od 2 s ladicama i punja\u010dem\"}]},{\"@type\":\"WebSite\",\"@id\":\"https:\/\/inti.hr\/bs\/#website\",\"url\":\"https:\/\/inti.hr\/bs\/\",\"name\":\"Inti\",\"description\":\"trgovina\",\"potentialAction\":[{\"@type\":\"SearchAction\",\"target\":{\"@type\":\"EntryPoint\",\"urlTemplate\":\"https:\/\/inti.hr\/bs\/?s={search_term_string}\"},\"query-input\":{\"@type\":\"PropertyValueSpecification\",\"valueRequired\":true,\"valueName\":\"search_term_string\"}}],\"inLanguage\":\"bs-BA\"}]}<\/script>\n<!-- \/ Yoast SEO plugin. -->","yoast_head_json":{"title":"No\u0107ni ormari\u0107 set od 2 s ladicama i punja\u010dem - Inti","description":"Ugra\u0111eni produ\u017eni kabel s 2 AC uti\u010dnice i 2 USB-A priklju\u010dka te kabelom duljine 2 m omogu\u0107uje vam napajanje svih ure\u0111aja, poput mobitela, tableta, svjetiljki i prijenosnih ra\u010dunala, izravno iz kreveta. \u00a0Svojim minimalisti\u010dkim dizajnom, kombinacijom sive i sme\u0111e boje i nevidljivim ru\u010dkama, ovaj elegantni no\u0107ni ormari\u0107 savr\u0161eno se uklapa u va\u0161 dekor. Njegov suvremeni \u0161arm uljep\u0161ava i spava\u0107u sobu i dnevni boravak. Zahvaljuju\u0107i jasno ozna\u010denim dijelovima i lako razumljivim uputama, monta\u017ea ovog stoli\u0107a s ladicama je jednostavna, \u0161to vam omogu\u0107uje da uz minimalan napor pobolj\u0161ate svoj \u017eivotni prostor. \u017delite li sakriti svoje \u0161tivo za spavanje ili imati nao\u010dale pri ruci, ovaj no\u0107ni ormari\u0107 nudi vam dovoljno prostora sa svojom prostranom plo\u010dom i 3 lako otvaraju\u0107e ladice sa zako\u0161enim rubovima. Ovaj bo\u010dni stoli\u0107 s produ\u017enom razdjelnom uti\u010dnicom izra\u0111en je od visokokvalitetne iverice debljine 15 mm. Svaki stoli\u0107 je dovoljno \u010dvrst i stabilan da podnese do 62 kg i vjerno \u0107e vam slu\u017eiti dugi niz godina.","robots":{"index":"index","follow":"follow","max-snippet":"max-snippet:-1","max-image-preview":"max-image-preview:large","max-video-preview":"max-video-preview:-1"},"canonical":"https:\/\/inti.hr\/bs\/proizvod\/nocni-ormaric-set-od-2-s-ladicama-i-punjacem\/","og_locale":"bs_BA","og_type":"article","og_title":"No\u0107ni ormari\u0107 set od 2 s ladicama i punja\u010dem - Inti","og_description":"Ugra\u0111eni produ\u017eni kabel s 2 AC uti\u010dnice i 2 USB-A priklju\u010dka te kabelom duljine 2 m omogu\u0107uje vam napajanje svih ure\u0111aja, poput mobitela, tableta, svjetiljki i prijenosnih ra\u010dunala, izravno iz kreveta. \u00a0Svojim minimalisti\u010dkim dizajnom, kombinacijom sive i sme\u0111e boje i nevidljivim ru\u010dkama, ovaj elegantni no\u0107ni ormari\u0107 savr\u0161eno se uklapa u va\u0161 dekor. Njegov suvremeni \u0161arm uljep\u0161ava i spava\u0107u sobu i dnevni boravak. Zahvaljuju\u0107i jasno ozna\u010denim dijelovima i lako razumljivim uputama, monta\u017ea ovog stoli\u0107a s ladicama je jednostavna, \u0161to vam omogu\u0107uje da uz minimalan napor pobolj\u0161ate svoj \u017eivotni prostor. \u017delite li sakriti svoje \u0161tivo za spavanje ili imati nao\u010dale pri ruci, ovaj no\u0107ni ormari\u0107 nudi vam dovoljno prostora sa svojom prostranom plo\u010dom i 3 lako otvaraju\u0107e ladice sa zako\u0161enim rubovima. Ovaj bo\u010dni stoli\u0107 s produ\u017enom razdjelnom uti\u010dnicom izra\u0111en je od visokokvalitetne iverice debljine 15 mm. Svaki stoli\u0107 je dovoljno \u010dvrst i stabilan da podnese do 62 kg i vjerno \u0107e vam slu\u017eiti dugi niz godina.","og_url":"https:\/\/inti.hr\/bs\/proizvod\/nocni-ormaric-set-od-2-s-ladicama-i-punjacem\/","og_site_name":"Inti","og_image":[{"width":1000,"height":1000,"url":"https:\/\/i0.wp.com\/inti.hr\/wp-content\/uploads\/2025\/06\/LET831W14-1-1.jpg?fit=1000%2C1000&ssl=1","type":"image\/jpeg"}],"twitter_card":"summary_large_image","schema":{"@context":"https:\/\/schema.org","@graph":[{"@type":"WebPage","@id":"https:\/\/inti.hr\/bs\/proizvod\/nocni-ormaric-set-od-2-s-ladicama-i-punjacem\/","url":"https:\/\/inti.hr\/bs\/proizvod\/nocni-ormaric-set-od-2-s-ladicama-i-punjacem\/","name":"No\u0107ni ormari\u0107 set od 2 s ladicama i punja\u010dem - Inti","isPartOf":{"@id":"https:\/\/inti.hr\/bs\/#website"},"primaryImageOfPage":{"@id":"https:\/\/inti.hr\/bs\/proizvod\/nocni-ormaric-set-od-2-s-ladicama-i-punjacem\/#primaryimage"},"image":{"@id":"https:\/\/inti.hr\/bs\/proizvod\/nocni-ormaric-set-od-2-s-ladicama-i-punjacem\/#primaryimage"},"thumbnailUrl":"https:\/\/i0.wp.com\/inti.hr\/wp-content\/uploads\/2025\/06\/LET831W14-1-1.jpg?fit=1000%2C1000&ssl=1","datePublished":"2025-06-12T09:59:26+00:00","dateModified":"2025-06-12T09:59:26+00:00","description":"Ugra\u0111eni produ\u017eni kabel s 2 AC uti\u010dnice i 2 USB-A priklju\u010dka te kabelom duljine 2 m omogu\u0107uje vam napajanje svih ure\u0111aja, poput mobitela, tableta, svjetiljki i prijenosnih ra\u010dunala, izravno iz kreveta. \u00a0Svojim minimalisti\u010dkim dizajnom, kombinacijom sive i sme\u0111e boje i nevidljivim ru\u010dkama, ovaj elegantni no\u0107ni ormari\u0107 savr\u0161eno se uklapa u va\u0161 dekor. Njegov suvremeni \u0161arm uljep\u0161ava i spava\u0107u sobu i dnevni boravak. Zahvaljuju\u0107i jasno ozna\u010denim dijelovima i lako razumljivim uputama, monta\u017ea ovog stoli\u0107a s ladicama je jednostavna, \u0161to vam omogu\u0107uje da uz minimalan napor pobolj\u0161ate svoj \u017eivotni prostor. \u017delite li sakriti svoje \u0161tivo za spavanje ili imati nao\u010dale pri ruci, ovaj no\u0107ni ormari\u0107 nudi vam dovoljno prostora sa svojom prostranom plo\u010dom i 3 lako otvaraju\u0107e ladice sa zako\u0161enim rubovima. Ovaj bo\u010dni stoli\u0107 s produ\u017enom razdjelnom uti\u010dnicom izra\u0111en je od visokokvalitetne iverice debljine 15 mm. Svaki stoli\u0107 je dovoljno \u010dvrst i stabilan da podnese do 62 kg i vjerno \u0107e vam slu\u017eiti dugi niz godina.","breadcrumb":{"@id":"https:\/\/inti.hr\/bs\/proizvod\/nocni-ormaric-set-od-2-s-ladicama-i-punjacem\/#breadcrumb"},"inLanguage":"bs-BA","potentialAction":[{"@type":"ReadAction","target":["https:\/\/inti.hr\/bs\/proizvod\/nocni-ormaric-set-od-2-s-ladicama-i-punjacem\/"]}]},{"@type":"ImageObject","inLanguage":"bs-BA","@id":"https:\/\/inti.hr\/bs\/proizvod\/nocni-ormaric-set-od-2-s-ladicama-i-punjacem\/#primaryimage","url":"https:\/\/i0.wp.com\/inti.hr\/wp-content\/uploads\/2025\/06\/LET831W14-1-1.jpg?fit=1000%2C1000&ssl=1","contentUrl":"https:\/\/i0.wp.com\/inti.hr\/wp-content\/uploads\/2025\/06\/LET831W14-1-1.jpg?fit=1000%2C1000&ssl=1","width":1000,"height":1000,"caption":"VASAGLE No\u0107ni ormari\u0107 set od 2 s 2 AC uti\u010dnice, moderni, oblak bijela"},{"@type":"BreadcrumbList","@id":"https:\/\/inti.hr\/bs\/proizvod\/nocni-ormaric-set-od-2-s-ladicama-i-punjacem\/#breadcrumb","itemListElement":[{"@type":"ListItem","position":1,"name":"Po\u010detna stranica","item":"https:\/\/inti.hr\/bs\/"},{"@type":"ListItem","position":2,"name":"Trgovina","item":"https:\/\/inti.hr\/bs\/trgovina\/"},{"@type":"ListItem","position":3,"name":"No\u0107ni ormari\u0107 set od 2 s ladicama i punja\u010dem"}]},{"@type":"WebSite","@id":"https:\/\/inti.hr\/bs\/#website","url":"https:\/\/inti.hr\/bs\/","name":"Inti","description":"trgovina","potentialAction":[{"@type":"SearchAction","target":{"@type":"EntryPoint","urlTemplate":"https:\/\/inti.hr\/bs\/?s={search_term_string}"},"query-input":{"@type":"PropertyValueSpecification","valueRequired":true,"valueName":"search_term_string"}}],"inLanguage":"bs-BA"}]}},"jetpack_sharing_enabled":true,"jetpack-related-posts":[],"_links":{"self":[{"href":"https:\/\/inti.hr\/bs\/wp-json\/wp\/v2\/product\/34899"}],"collection":[{"href":"https:\/\/inti.hr\/bs\/wp-json\/wp\/v2\/product"}],"about":[{"href":"https:\/\/inti.hr\/bs\/wp-json\/wp\/v2\/types\/product"}],"wp:featuredmedia":[{"embeddable":true,"href":"https:\/\/inti.hr\/bs\/wp-json\/wp\/v2\/media\/34900"}],"wp:attachment":[{"href":"https:\/\/inti.hr\/bs\/wp-json\/wp\/v2\/media?parent=34899"}],"wp:term":[{"taxonomy":"product_cat","embeddable":true,"href":"https:\/\/inti.hr\/bs\/wp-json\/wp\/v2\/product_cat?post=34899"},{"taxonomy":"product_tag","embeddable":true,"href":"https:\/\/inti.hr\/bs\/wp-json\/wp\/v2\/product_tag?post=34899"}],"curies":[{"name":"wp","href":"https:\/\/api.w.org\/{rel}","templated":true}]}}