{"id":34955,"date":"2025-06-02T20:17:15","date_gmt":"2025-06-02T19:17:15","guid":{"rendered":"https:\/\/inti.hr\/product\/barska-stolica-podesiva-visina-okretna-s-naslonom\/"},"modified":"2025-06-02T20:17:15","modified_gmt":"2025-06-02T19:17:15","slug":"barska-stolica-podesiva-visina-okretna-s-naslonom","status":"publish","type":"product","link":"https:\/\/inti.hr\/bs\/proizvod\/barska-stolica-podesiva-visina-okretna-s-naslonom\/","title":{"rendered":"Barska stolica, podesiva visina, okretna s naslonom"},"content":{"rendered":"<p>Tehni\u010dki detalji<br \/>\nMaterijali: Bar\u0161un + Metal<br \/>\nBoja: Crna, Tamno siva, Be\u017e, Ru\u017ei\u010dasta<br \/>\nUkupne dimenzije: 55 x (83,5-103,5) x 50 cm (\u0160 x V x D)<br \/>\nVisina naslona: 21,5 cm<br \/>\nVisina sjedala: 62-82 cm<br \/>\nPromjer baze: 41 cm<br \/>\nNeto te\u017eina: cca. 6,6 kg po stolici<br \/>\nNosivost: 150 kg<\/p>\n<p>&nbsp;<\/p>\n<p>Cijena je za komad stolice.<\/p>\n","protected":false},"excerpt":{"rendered":"<p>ERGONOMSKA STOLICA: Ergonomska barska stolica u obliku \u0161koljke presvu\u010dena je bar\u0161unom &#8230; <\/p>\n","protected":false},"featured_media":34957,"template":"","meta":[],"product_cat":[2536],"product_tag":[2918,2571],"yoast_head":"<!-- This site is optimized with the Yoast SEO plugin v23.7 - https:\/\/yoast.com\/wordpress\/plugins\/seo\/ -->\n<title>Barska stolica, podesiva visina, okretna s naslonom - Inti<\/title>\n<meta name=\"description\" content=\"ERGONOMSKA STOLICA: Ergonomska barska stolica u obliku \u0161koljke presvu\u010dena je bar\u0161unom ugodnim za ko\u017eu i podstavljena mekom, otpornom pjenom visoke gusto\u0107e. Tako\u0111er ima ergonomski naslon koji pru\u017ea dobru potporu le\u0111ima i oslonac za noge za bolje opu\u0161tanje.PODESIVA VISINA I ROTIRAJU\u0106A ZA 360\u00b0: Zahvaljuju\u0107i visokokvalitetnoj plinskoj opruzi, barska stolica se slobodno okre\u0107e, omogu\u0107uju\u0107i vam jednostavno okretanje u svim smjerovima za razgovor s razli\u010ditim ljudima ili dohvat predmeta u blizini. Visina sjedala je kontinuirano podesiva od 62 do 82 cm kako bi se prilagodila stolovima i ljudima razli\u010ditih visina.ROBUSTNO I \u010cVRSTO: Sna\u017ean metalni okvir barske stolice pru\u017ea izvrsnu potporu i izdr\u017eljivost, dok velika metalna baza osigurava stabilnost i stabilnost. Protuklizni prsten ispod baze pru\u017ea dodatnu stabilnost i \u0161titi pod od ogrebotina. Nosivost: 150 kg.MODERNA I SVESTRANA: S jedinstvenim dizajnom \u0161koljke, ova okretna stolica je elegantna, moderna i estetski ugodna, savr\u0161ena za svaki dekor. Mo\u017ee se koristiti kao barska stolica, barska stolica za doru\u010dak, kuhinjska stolica, blagovaonska stolica ili stolica za toaletni stoli\u0107 u barovima, kuhinjskim otocima, kafi\u0107ima, bistroima, dnevnim boravcima, blagovaonicama, uredima i jo\u0161 mnogo toga.JEDNOSTAVNO SASTAVLJANJE: Ilustrirane upute za sastavljanje i pribor uklju\u010deni su u pakiranje kako bi vam pomogli da brzo i jednostavno sastavite barsku stolicu s naslonom. Imajte na umu da se za\u0161titni poklopac plinskog podiza\u010da mora ukloniti prije sastavljanja.\" \/>\n<meta name=\"robots\" content=\"index, follow, max-snippet:-1, max-image-preview:large, max-video-preview:-1\" \/>\n<link rel=\"canonical\" href=\"https:\/\/inti.hr\/bs\/proizvod\/barska-stolica-podesiva-visina-okretna-s-naslonom\/\" \/>\n<meta property=\"og:locale\" content=\"bs_BA\" \/>\n<meta property=\"og:type\" content=\"article\" \/>\n<meta property=\"og:title\" content=\"Barska stolica, podesiva visina, okretna s naslonom - Inti\" \/>\n<meta property=\"og:description\" content=\"ERGONOMSKA STOLICA: Ergonomska barska stolica u obliku \u0161koljke presvu\u010dena je bar\u0161unom ugodnim za ko\u017eu i podstavljena mekom, otpornom pjenom visoke gusto\u0107e. Tako\u0111er ima ergonomski naslon koji pru\u017ea dobru potporu le\u0111ima i oslonac za noge za bolje opu\u0161tanje.PODESIVA VISINA I ROTIRAJU\u0106A ZA 360\u00b0: Zahvaljuju\u0107i visokokvalitetnoj plinskoj opruzi, barska stolica se slobodno okre\u0107e, omogu\u0107uju\u0107i vam jednostavno okretanje u svim smjerovima za razgovor s razli\u010ditim ljudima ili dohvat predmeta u blizini. Visina sjedala je kontinuirano podesiva od 62 do 82 cm kako bi se prilagodila stolovima i ljudima razli\u010ditih visina.ROBUSTNO I \u010cVRSTO: Sna\u017ean metalni okvir barske stolice pru\u017ea izvrsnu potporu i izdr\u017eljivost, dok velika metalna baza osigurava stabilnost i stabilnost. Protuklizni prsten ispod baze pru\u017ea dodatnu stabilnost i \u0161titi pod od ogrebotina. Nosivost: 150 kg.MODERNA I SVESTRANA: S jedinstvenim dizajnom \u0161koljke, ova okretna stolica je elegantna, moderna i estetski ugodna, savr\u0161ena za svaki dekor. Mo\u017ee se koristiti kao barska stolica, barska stolica za doru\u010dak, kuhinjska stolica, blagovaonska stolica ili stolica za toaletni stoli\u0107 u barovima, kuhinjskim otocima, kafi\u0107ima, bistroima, dnevnim boravcima, blagovaonicama, uredima i jo\u0161 mnogo toga.JEDNOSTAVNO SASTAVLJANJE: Ilustrirane upute za sastavljanje i pribor uklju\u010deni su u pakiranje kako bi vam pomogli da brzo i jednostavno sastavite barsku stolicu s naslonom. Imajte na umu da se za\u0161titni poklopac plinskog podiza\u010da mora ukloniti prije sastavljanja.\" \/>\n<meta property=\"og:url\" content=\"https:\/\/inti.hr\/bs\/proizvod\/barska-stolica-podesiva-visina-okretna-s-naslonom\/\" \/>\n<meta property=\"og:site_name\" content=\"Inti\" \/>\n<meta property=\"og:image\" content=\"https:\/\/i0.wp.com\/inti.hr\/wp-content\/uploads\/2025\/06\/Barhocker-hoehenverstellbar-drehbar-mit-Rueckenlehne-Samt-Metall-W0ATT0870-Rosa6_600x600.jpg?fit=600%2C600&ssl=1\" \/>\n\t<meta property=\"og:image:width\" content=\"600\" \/>\n\t<meta property=\"og:image:height\" content=\"600\" \/>\n\t<meta property=\"og:image:type\" content=\"image\/jpeg\" \/>\n<meta name=\"twitter:card\" content=\"summary_large_image\" \/>\n<script type=\"application\/ld+json\" class=\"yoast-schema-graph\">{\"@context\":\"https:\/\/schema.org\",\"@graph\":[{\"@type\":\"WebPage\",\"@id\":\"https:\/\/inti.hr\/bs\/proizvod\/barska-stolica-podesiva-visina-okretna-s-naslonom\/\",\"url\":\"https:\/\/inti.hr\/bs\/proizvod\/barska-stolica-podesiva-visina-okretna-s-naslonom\/\",\"name\":\"Barska stolica, podesiva visina, okretna s naslonom - Inti\",\"isPartOf\":{\"@id\":\"https:\/\/inti.hr\/bs\/#website\"},\"primaryImageOfPage\":{\"@id\":\"https:\/\/inti.hr\/bs\/proizvod\/barska-stolica-podesiva-visina-okretna-s-naslonom\/#primaryimage\"},\"image\":{\"@id\":\"https:\/\/inti.hr\/bs\/proizvod\/barska-stolica-podesiva-visina-okretna-s-naslonom\/#primaryimage\"},\"thumbnailUrl\":\"https:\/\/i0.wp.com\/inti.hr\/wp-content\/uploads\/2025\/06\/Barhocker-hoehenverstellbar-drehbar-mit-Rueckenlehne-Samt-Metall-W0ATT0870-Rosa6_600x600.jpg?fit=600%2C600&ssl=1\",\"datePublished\":\"2025-06-02T19:17:15+00:00\",\"dateModified\":\"2025-06-02T19:17:15+00:00\",\"description\":\"ERGONOMSKA STOLICA: Ergonomska barska stolica u obliku \u0161koljke presvu\u010dena je bar\u0161unom ugodnim za ko\u017eu i podstavljena mekom, otpornom pjenom visoke gusto\u0107e. Tako\u0111er ima ergonomski naslon koji pru\u017ea dobru potporu le\u0111ima i oslonac za noge za bolje opu\u0161tanje.PODESIVA VISINA I ROTIRAJU\u0106A ZA 360\u00b0: Zahvaljuju\u0107i visokokvalitetnoj plinskoj opruzi, barska stolica se slobodno okre\u0107e, omogu\u0107uju\u0107i vam jednostavno okretanje u svim smjerovima za razgovor s razli\u010ditim ljudima ili dohvat predmeta u blizini. Visina sjedala je kontinuirano podesiva od 62 do 82 cm kako bi se prilagodila stolovima i ljudima razli\u010ditih visina.ROBUSTNO I \u010cVRSTO: Sna\u017ean metalni okvir barske stolice pru\u017ea izvrsnu potporu i izdr\u017eljivost, dok velika metalna baza osigurava stabilnost i stabilnost. Protuklizni prsten ispod baze pru\u017ea dodatnu stabilnost i \u0161titi pod od ogrebotina. Nosivost: 150 kg.MODERNA I SVESTRANA: S jedinstvenim dizajnom \u0161koljke, ova okretna stolica je elegantna, moderna i estetski ugodna, savr\u0161ena za svaki dekor. Mo\u017ee se koristiti kao barska stolica, barska stolica za doru\u010dak, kuhinjska stolica, blagovaonska stolica ili stolica za toaletni stoli\u0107 u barovima, kuhinjskim otocima, kafi\u0107ima, bistroima, dnevnim boravcima, blagovaonicama, uredima i jo\u0161 mnogo toga.JEDNOSTAVNO SASTAVLJANJE: Ilustrirane upute za sastavljanje i pribor uklju\u010deni su u pakiranje kako bi vam pomogli da brzo i jednostavno sastavite barsku stolicu s naslonom. Imajte na umu da se za\u0161titni poklopac plinskog podiza\u010da mora ukloniti prije sastavljanja.\",\"breadcrumb\":{\"@id\":\"https:\/\/inti.hr\/bs\/proizvod\/barska-stolica-podesiva-visina-okretna-s-naslonom\/#breadcrumb\"},\"inLanguage\":\"bs-BA\",\"potentialAction\":[{\"@type\":\"ReadAction\",\"target\":[\"https:\/\/inti.hr\/bs\/proizvod\/barska-stolica-podesiva-visina-okretna-s-naslonom\/\"]}]},{\"@type\":\"ImageObject\",\"inLanguage\":\"bs-BA\",\"@id\":\"https:\/\/inti.hr\/bs\/proizvod\/barska-stolica-podesiva-visina-okretna-s-naslonom\/#primaryimage\",\"url\":\"https:\/\/i0.wp.com\/inti.hr\/wp-content\/uploads\/2025\/06\/Barhocker-hoehenverstellbar-drehbar-mit-Rueckenlehne-Samt-Metall-W0ATT0870-Rosa6_600x600.jpg?fit=600%2C600&ssl=1\",\"contentUrl\":\"https:\/\/i0.wp.com\/inti.hr\/wp-content\/uploads\/2025\/06\/Barhocker-hoehenverstellbar-drehbar-mit-Rueckenlehne-Samt-Metall-W0ATT0870-Rosa6_600x600.jpg?fit=600%2C600&ssl=1\",\"width\":600,\"height\":600,\"caption\":\"WOLTU barska stolica, podesiva visina, okretna s naslonom, bar\u0161unasta metalna ru\u017ei\u010dasta\"},{\"@type\":\"BreadcrumbList\",\"@id\":\"https:\/\/inti.hr\/bs\/proizvod\/barska-stolica-podesiva-visina-okretna-s-naslonom\/#breadcrumb\",\"itemListElement\":[{\"@type\":\"ListItem\",\"position\":1,\"name\":\"Po\u010detna stranica\",\"item\":\"https:\/\/inti.hr\/bs\/\"},{\"@type\":\"ListItem\",\"position\":2,\"name\":\"Trgovina\",\"item\":\"https:\/\/inti.hr\/bs\/trgovina\/\"},{\"@type\":\"ListItem\",\"position\":3,\"name\":\"Barska stolica, podesiva visina, okretna s naslonom\"}]},{\"@type\":\"WebSite\",\"@id\":\"https:\/\/inti.hr\/bs\/#website\",\"url\":\"https:\/\/inti.hr\/bs\/\",\"name\":\"Inti\",\"description\":\"trgovina\",\"potentialAction\":[{\"@type\":\"SearchAction\",\"target\":{\"@type\":\"EntryPoint\",\"urlTemplate\":\"https:\/\/inti.hr\/bs\/?s={search_term_string}\"},\"query-input\":{\"@type\":\"PropertyValueSpecification\",\"valueRequired\":true,\"valueName\":\"search_term_string\"}}],\"inLanguage\":\"bs-BA\"}]}<\/script>\n<!-- \/ Yoast SEO plugin. -->","yoast_head_json":{"title":"Barska stolica, podesiva visina, okretna s naslonom - Inti","description":"ERGONOMSKA STOLICA: Ergonomska barska stolica u obliku \u0161koljke presvu\u010dena je bar\u0161unom ugodnim za ko\u017eu i podstavljena mekom, otpornom pjenom visoke gusto\u0107e. Tako\u0111er ima ergonomski naslon koji pru\u017ea dobru potporu le\u0111ima i oslonac za noge za bolje opu\u0161tanje.PODESIVA VISINA I ROTIRAJU\u0106A ZA 360\u00b0: Zahvaljuju\u0107i visokokvalitetnoj plinskoj opruzi, barska stolica se slobodno okre\u0107e, omogu\u0107uju\u0107i vam jednostavno okretanje u svim smjerovima za razgovor s razli\u010ditim ljudima ili dohvat predmeta u blizini. Visina sjedala je kontinuirano podesiva od 62 do 82 cm kako bi se prilagodila stolovima i ljudima razli\u010ditih visina.ROBUSTNO I \u010cVRSTO: Sna\u017ean metalni okvir barske stolice pru\u017ea izvrsnu potporu i izdr\u017eljivost, dok velika metalna baza osigurava stabilnost i stabilnost. Protuklizni prsten ispod baze pru\u017ea dodatnu stabilnost i \u0161titi pod od ogrebotina. Nosivost: 150 kg.MODERNA I SVESTRANA: S jedinstvenim dizajnom \u0161koljke, ova okretna stolica je elegantna, moderna i estetski ugodna, savr\u0161ena za svaki dekor. Mo\u017ee se koristiti kao barska stolica, barska stolica za doru\u010dak, kuhinjska stolica, blagovaonska stolica ili stolica za toaletni stoli\u0107 u barovima, kuhinjskim otocima, kafi\u0107ima, bistroima, dnevnim boravcima, blagovaonicama, uredima i jo\u0161 mnogo toga.JEDNOSTAVNO SASTAVLJANJE: Ilustrirane upute za sastavljanje i pribor uklju\u010deni su u pakiranje kako bi vam pomogli da brzo i jednostavno sastavite barsku stolicu s naslonom. Imajte na umu da se za\u0161titni poklopac plinskog podiza\u010da mora ukloniti prije sastavljanja.","robots":{"index":"index","follow":"follow","max-snippet":"max-snippet:-1","max-image-preview":"max-image-preview:large","max-video-preview":"max-video-preview:-1"},"canonical":"https:\/\/inti.hr\/bs\/proizvod\/barska-stolica-podesiva-visina-okretna-s-naslonom\/","og_locale":"bs_BA","og_type":"article","og_title":"Barska stolica, podesiva visina, okretna s naslonom - Inti","og_description":"ERGONOMSKA STOLICA: Ergonomska barska stolica u obliku \u0161koljke presvu\u010dena je bar\u0161unom ugodnim za ko\u017eu i podstavljena mekom, otpornom pjenom visoke gusto\u0107e. Tako\u0111er ima ergonomski naslon koji pru\u017ea dobru potporu le\u0111ima i oslonac za noge za bolje opu\u0161tanje.PODESIVA VISINA I ROTIRAJU\u0106A ZA 360\u00b0: Zahvaljuju\u0107i visokokvalitetnoj plinskoj opruzi, barska stolica se slobodno okre\u0107e, omogu\u0107uju\u0107i vam jednostavno okretanje u svim smjerovima za razgovor s razli\u010ditim ljudima ili dohvat predmeta u blizini. Visina sjedala je kontinuirano podesiva od 62 do 82 cm kako bi se prilagodila stolovima i ljudima razli\u010ditih visina.ROBUSTNO I \u010cVRSTO: Sna\u017ean metalni okvir barske stolice pru\u017ea izvrsnu potporu i izdr\u017eljivost, dok velika metalna baza osigurava stabilnost i stabilnost. Protuklizni prsten ispod baze pru\u017ea dodatnu stabilnost i \u0161titi pod od ogrebotina. Nosivost: 150 kg.MODERNA I SVESTRANA: S jedinstvenim dizajnom \u0161koljke, ova okretna stolica je elegantna, moderna i estetski ugodna, savr\u0161ena za svaki dekor. Mo\u017ee se koristiti kao barska stolica, barska stolica za doru\u010dak, kuhinjska stolica, blagovaonska stolica ili stolica za toaletni stoli\u0107 u barovima, kuhinjskim otocima, kafi\u0107ima, bistroima, dnevnim boravcima, blagovaonicama, uredima i jo\u0161 mnogo toga.JEDNOSTAVNO SASTAVLJANJE: Ilustrirane upute za sastavljanje i pribor uklju\u010deni su u pakiranje kako bi vam pomogli da brzo i jednostavno sastavite barsku stolicu s naslonom. Imajte na umu da se za\u0161titni poklopac plinskog podiza\u010da mora ukloniti prije sastavljanja.","og_url":"https:\/\/inti.hr\/bs\/proizvod\/barska-stolica-podesiva-visina-okretna-s-naslonom\/","og_site_name":"Inti","og_image":[{"width":600,"height":600,"url":"https:\/\/i0.wp.com\/inti.hr\/wp-content\/uploads\/2025\/06\/Barhocker-hoehenverstellbar-drehbar-mit-Rueckenlehne-Samt-Metall-W0ATT0870-Rosa6_600x600.jpg?fit=600%2C600&ssl=1","type":"image\/jpeg"}],"twitter_card":"summary_large_image","schema":{"@context":"https:\/\/schema.org","@graph":[{"@type":"WebPage","@id":"https:\/\/inti.hr\/bs\/proizvod\/barska-stolica-podesiva-visina-okretna-s-naslonom\/","url":"https:\/\/inti.hr\/bs\/proizvod\/barska-stolica-podesiva-visina-okretna-s-naslonom\/","name":"Barska stolica, podesiva visina, okretna s naslonom - Inti","isPartOf":{"@id":"https:\/\/inti.hr\/bs\/#website"},"primaryImageOfPage":{"@id":"https:\/\/inti.hr\/bs\/proizvod\/barska-stolica-podesiva-visina-okretna-s-naslonom\/#primaryimage"},"image":{"@id":"https:\/\/inti.hr\/bs\/proizvod\/barska-stolica-podesiva-visina-okretna-s-naslonom\/#primaryimage"},"thumbnailUrl":"https:\/\/i0.wp.com\/inti.hr\/wp-content\/uploads\/2025\/06\/Barhocker-hoehenverstellbar-drehbar-mit-Rueckenlehne-Samt-Metall-W0ATT0870-Rosa6_600x600.jpg?fit=600%2C600&ssl=1","datePublished":"2025-06-02T19:17:15+00:00","dateModified":"2025-06-02T19:17:15+00:00","description":"ERGONOMSKA STOLICA: Ergonomska barska stolica u obliku \u0161koljke presvu\u010dena je bar\u0161unom ugodnim za ko\u017eu i podstavljena mekom, otpornom pjenom visoke gusto\u0107e. Tako\u0111er ima ergonomski naslon koji pru\u017ea dobru potporu le\u0111ima i oslonac za noge za bolje opu\u0161tanje.PODESIVA VISINA I ROTIRAJU\u0106A ZA 360\u00b0: Zahvaljuju\u0107i visokokvalitetnoj plinskoj opruzi, barska stolica se slobodno okre\u0107e, omogu\u0107uju\u0107i vam jednostavno okretanje u svim smjerovima za razgovor s razli\u010ditim ljudima ili dohvat predmeta u blizini. Visina sjedala je kontinuirano podesiva od 62 do 82 cm kako bi se prilagodila stolovima i ljudima razli\u010ditih visina.ROBUSTNO I \u010cVRSTO: Sna\u017ean metalni okvir barske stolice pru\u017ea izvrsnu potporu i izdr\u017eljivost, dok velika metalna baza osigurava stabilnost i stabilnost. Protuklizni prsten ispod baze pru\u017ea dodatnu stabilnost i \u0161titi pod od ogrebotina. Nosivost: 150 kg.MODERNA I SVESTRANA: S jedinstvenim dizajnom \u0161koljke, ova okretna stolica je elegantna, moderna i estetski ugodna, savr\u0161ena za svaki dekor. Mo\u017ee se koristiti kao barska stolica, barska stolica za doru\u010dak, kuhinjska stolica, blagovaonska stolica ili stolica za toaletni stoli\u0107 u barovima, kuhinjskim otocima, kafi\u0107ima, bistroima, dnevnim boravcima, blagovaonicama, uredima i jo\u0161 mnogo toga.JEDNOSTAVNO SASTAVLJANJE: Ilustrirane upute za sastavljanje i pribor uklju\u010deni su u pakiranje kako bi vam pomogli da brzo i jednostavno sastavite barsku stolicu s naslonom. Imajte na umu da se za\u0161titni poklopac plinskog podiza\u010da mora ukloniti prije sastavljanja.","breadcrumb":{"@id":"https:\/\/inti.hr\/bs\/proizvod\/barska-stolica-podesiva-visina-okretna-s-naslonom\/#breadcrumb"},"inLanguage":"bs-BA","potentialAction":[{"@type":"ReadAction","target":["https:\/\/inti.hr\/bs\/proizvod\/barska-stolica-podesiva-visina-okretna-s-naslonom\/"]}]},{"@type":"ImageObject","inLanguage":"bs-BA","@id":"https:\/\/inti.hr\/bs\/proizvod\/barska-stolica-podesiva-visina-okretna-s-naslonom\/#primaryimage","url":"https:\/\/i0.wp.com\/inti.hr\/wp-content\/uploads\/2025\/06\/Barhocker-hoehenverstellbar-drehbar-mit-Rueckenlehne-Samt-Metall-W0ATT0870-Rosa6_600x600.jpg?fit=600%2C600&ssl=1","contentUrl":"https:\/\/i0.wp.com\/inti.hr\/wp-content\/uploads\/2025\/06\/Barhocker-hoehenverstellbar-drehbar-mit-Rueckenlehne-Samt-Metall-W0ATT0870-Rosa6_600x600.jpg?fit=600%2C600&ssl=1","width":600,"height":600,"caption":"WOLTU barska stolica, podesiva visina, okretna s naslonom, bar\u0161unasta metalna ru\u017ei\u010dasta"},{"@type":"BreadcrumbList","@id":"https:\/\/inti.hr\/bs\/proizvod\/barska-stolica-podesiva-visina-okretna-s-naslonom\/#breadcrumb","itemListElement":[{"@type":"ListItem","position":1,"name":"Po\u010detna stranica","item":"https:\/\/inti.hr\/bs\/"},{"@type":"ListItem","position":2,"name":"Trgovina","item":"https:\/\/inti.hr\/bs\/trgovina\/"},{"@type":"ListItem","position":3,"name":"Barska stolica, podesiva visina, okretna s naslonom"}]},{"@type":"WebSite","@id":"https:\/\/inti.hr\/bs\/#website","url":"https:\/\/inti.hr\/bs\/","name":"Inti","description":"trgovina","potentialAction":[{"@type":"SearchAction","target":{"@type":"EntryPoint","urlTemplate":"https:\/\/inti.hr\/bs\/?s={search_term_string}"},"query-input":{"@type":"PropertyValueSpecification","valueRequired":true,"valueName":"search_term_string"}}],"inLanguage":"bs-BA"}]}},"jetpack_sharing_enabled":true,"jetpack-related-posts":[],"_links":{"self":[{"href":"https:\/\/inti.hr\/bs\/wp-json\/wp\/v2\/product\/34955"}],"collection":[{"href":"https:\/\/inti.hr\/bs\/wp-json\/wp\/v2\/product"}],"about":[{"href":"https:\/\/inti.hr\/bs\/wp-json\/wp\/v2\/types\/product"}],"wp:featuredmedia":[{"embeddable":true,"href":"https:\/\/inti.hr\/bs\/wp-json\/wp\/v2\/media\/34957"}],"wp:attachment":[{"href":"https:\/\/inti.hr\/bs\/wp-json\/wp\/v2\/media?parent=34955"}],"wp:term":[{"taxonomy":"product_cat","embeddable":true,"href":"https:\/\/inti.hr\/bs\/wp-json\/wp\/v2\/product_cat?post=34955"},{"taxonomy":"product_tag","embeddable":true,"href":"https:\/\/inti.hr\/bs\/wp-json\/wp\/v2\/product_tag?post=34955"}],"curies":[{"name":"wp","href":"https:\/\/api.w.org\/{rel}","templated":true}]}}