{"id":35065,"date":"2025-04-25T08:35:31","date_gmt":"2025-04-25T07:35:31","guid":{"rendered":"https:\/\/inti.hr\/product\/set-vrtnog-namjestaja-s-vrtnom-klupom-i-2-stolice-za-ljuljanje-sa-stolom\/"},"modified":"2025-04-25T08:35:31","modified_gmt":"2025-04-25T07:35:31","slug":"set-vrtnog-namjestaja-s-vrtnom-klupom-i-2-stolice-za-ljuljanje-sa-stolom","status":"publish","type":"product","link":"https:\/\/inti.hr\/bs\/proizvod\/set-vrtnog-namjestaja-s-vrtnom-klupom-i-2-stolice-za-ljuljanje-sa-stolom\/","title":{"rendered":"Set vrtnog namje\u0161taja s vrtnom klupom i 2 stolice za ljuljanje sa stolom"},"content":{"rendered":"<p>Detalji proizvoda:<br \/>\nBoja: crna tinta<br \/>\nMaterijal: tkanina od sinteti\u010dkih vlakana, \u010delik premazan prahom<br \/>\nVeli\u010dina stola: 47,1 x 69,6 x 41,8 cm (D x \u0160 x V)<br \/>\nVeli\u010dina po stolcu: 73 x 60,8 x 76 cm (D x \u0160 x V)<br \/>\nVeli\u010dina balkonske klupe (s podesivim nogama): 73 x 113,4 x 74 cm (D x \u0160 x V)<br \/>\nUkupna te\u017eina: 23,6 kg<br \/>\nMaks. stati\u010dka nosivost po sjedalu: 110 kg<\/p>\n","protected":false},"excerpt":{"rendered":"<p>Ravni nasloni za ruke izra\u0111eni od kompozita drvo-plastika otporni su na &#8230; <\/p>\n","protected":false},"featured_media":35066,"template":"","meta":[],"product_cat":[2482],"product_tag":[2483,2455],"yoast_head":"<!-- This site is optimized with the Yoast SEO plugin v23.7 - https:\/\/yoast.com\/wordpress\/plugins\/seo\/ -->\n<title>Set vrtnog namje\u0161taja s vrtnom klupom i 2 stolice za ljuljanje sa stolom - Inti<\/title>\n<meta name=\"description\" content=\"Ravni nasloni za ruke izra\u0111eni od kompozita drvo-plastika otporni su na sunce i estetski su; Daju vrtnoj stolici moderan izgled i stvaraju elegantnu atmosferu. Zahvaljuju\u0107i prozra\u010dnoj tkanini od sinteti\u010dkih vlakana, crni balkonski namje\u0161taj ostaje hladan \u010dak i u vru\u0107im ljetnim danima, dopu\u0161taju\u0107i va\u0161em tijelu da &quot;di\u0161e&quot; \u010dak i kada dugo sjedite. \u010cep vas \u0161titi od prevrtanja tijekom ljuljanja, podesive no\u017eice kompenziraju neravnine na podu, a jastu\u010di\u0107i protiv klizanja pru\u017eaju dodatnu sigurnost i stabilnost. U\u017eivajte u svom odmoru bez brige! Dvije stolice s funkcijom ljuljanja stvaraju opu\u0161tenu i ugodnu vanjsku oazu. Savr\u0161eno za opu\u0161tanje nakon napornog dana i u\u017eivanje na svje\u017eem zraku. Tkanina od sinteti\u010dkih vlakana visoke kvalitete otporna je na trganje, \u010deli\u010dni okvir vrtnog namje\u0161taja premazan prahom je vodoodbojan i otporan na hr\u0111u. Staklena plo\u010da stola je robusna i otporna na toplinu \u2013 sve za dug \u017eivotni vijek.\" \/>\n<meta name=\"robots\" content=\"index, follow, max-snippet:-1, max-image-preview:large, max-video-preview:-1\" \/>\n<link rel=\"canonical\" href=\"https:\/\/inti.hr\/bs\/proizvod\/set-vrtnog-namjestaja-s-vrtnom-klupom-i-2-stolice-za-ljuljanje-sa-stolom\/\" \/>\n<meta property=\"og:locale\" content=\"bs_BA\" \/>\n<meta property=\"og:type\" content=\"article\" \/>\n<meta property=\"og:title\" content=\"Set vrtnog namje\u0161taja s vrtnom klupom i 2 stolice za ljuljanje sa stolom - Inti\" \/>\n<meta property=\"og:description\" content=\"Ravni nasloni za ruke izra\u0111eni od kompozita drvo-plastika otporni su na sunce i estetski su; Daju vrtnoj stolici moderan izgled i stvaraju elegantnu atmosferu. Zahvaljuju\u0107i prozra\u010dnoj tkanini od sinteti\u010dkih vlakana, crni balkonski namje\u0161taj ostaje hladan \u010dak i u vru\u0107im ljetnim danima, dopu\u0161taju\u0107i va\u0161em tijelu da &quot;di\u0161e&quot; \u010dak i kada dugo sjedite. \u010cep vas \u0161titi od prevrtanja tijekom ljuljanja, podesive no\u017eice kompenziraju neravnine na podu, a jastu\u010di\u0107i protiv klizanja pru\u017eaju dodatnu sigurnost i stabilnost. U\u017eivajte u svom odmoru bez brige! Dvije stolice s funkcijom ljuljanja stvaraju opu\u0161tenu i ugodnu vanjsku oazu. Savr\u0161eno za opu\u0161tanje nakon napornog dana i u\u017eivanje na svje\u017eem zraku. Tkanina od sinteti\u010dkih vlakana visoke kvalitete otporna je na trganje, \u010deli\u010dni okvir vrtnog namje\u0161taja premazan prahom je vodoodbojan i otporan na hr\u0111u. Staklena plo\u010da stola je robusna i otporna na toplinu \u2013 sve za dug \u017eivotni vijek.\" \/>\n<meta property=\"og:url\" content=\"https:\/\/inti.hr\/bs\/proizvod\/set-vrtnog-namjestaja-s-vrtnom-klupom-i-2-stolice-za-ljuljanje-sa-stolom\/\" \/>\n<meta property=\"og:site_name\" content=\"Inti\" \/>\n<meta property=\"og:image\" content=\"https:\/\/i0.wp.com\/inti.hr\/wp-content\/uploads\/2025\/04\/GGF0028B01-1.jpg?fit=1000%2C1000&ssl=1\" \/>\n\t<meta property=\"og:image:width\" content=\"1000\" \/>\n\t<meta property=\"og:image:height\" content=\"1000\" \/>\n\t<meta property=\"og:image:type\" content=\"image\/jpeg\" \/>\n<meta name=\"twitter:card\" content=\"summary_large_image\" \/>\n<script type=\"application\/ld+json\" class=\"yoast-schema-graph\">{\"@context\":\"https:\/\/schema.org\",\"@graph\":[{\"@type\":\"WebPage\",\"@id\":\"https:\/\/inti.hr\/bs\/proizvod\/set-vrtnog-namjestaja-s-vrtnom-klupom-i-2-stolice-za-ljuljanje-sa-stolom\/\",\"url\":\"https:\/\/inti.hr\/bs\/proizvod\/set-vrtnog-namjestaja-s-vrtnom-klupom-i-2-stolice-za-ljuljanje-sa-stolom\/\",\"name\":\"Set vrtnog namje\u0161taja s vrtnom klupom i 2 stolice za ljuljanje sa stolom - Inti\",\"isPartOf\":{\"@id\":\"https:\/\/inti.hr\/bs\/#website\"},\"primaryImageOfPage\":{\"@id\":\"https:\/\/inti.hr\/bs\/proizvod\/set-vrtnog-namjestaja-s-vrtnom-klupom-i-2-stolice-za-ljuljanje-sa-stolom\/#primaryimage\"},\"image\":{\"@id\":\"https:\/\/inti.hr\/bs\/proizvod\/set-vrtnog-namjestaja-s-vrtnom-klupom-i-2-stolice-za-ljuljanje-sa-stolom\/#primaryimage\"},\"thumbnailUrl\":\"https:\/\/i0.wp.com\/inti.hr\/wp-content\/uploads\/2025\/04\/GGF0028B01-1.jpg?fit=1000%2C1000&ssl=1\",\"datePublished\":\"2025-04-25T07:35:31+00:00\",\"dateModified\":\"2025-04-25T07:35:31+00:00\",\"description\":\"Ravni nasloni za ruke izra\u0111eni od kompozita drvo-plastika otporni su na sunce i estetski su; Daju vrtnoj stolici moderan izgled i stvaraju elegantnu atmosferu. Zahvaljuju\u0107i prozra\u010dnoj tkanini od sinteti\u010dkih vlakana, crni balkonski namje\u0161taj ostaje hladan \u010dak i u vru\u0107im ljetnim danima, dopu\u0161taju\u0107i va\u0161em tijelu da \\\"di\u0161e\\\" \u010dak i kada dugo sjedite. \u010cep vas \u0161titi od prevrtanja tijekom ljuljanja, podesive no\u017eice kompenziraju neravnine na podu, a jastu\u010di\u0107i protiv klizanja pru\u017eaju dodatnu sigurnost i stabilnost. U\u017eivajte u svom odmoru bez brige! Dvije stolice s funkcijom ljuljanja stvaraju opu\u0161tenu i ugodnu vanjsku oazu. Savr\u0161eno za opu\u0161tanje nakon napornog dana i u\u017eivanje na svje\u017eem zraku. Tkanina od sinteti\u010dkih vlakana visoke kvalitete otporna je na trganje, \u010deli\u010dni okvir vrtnog namje\u0161taja premazan prahom je vodoodbojan i otporan na hr\u0111u. Staklena plo\u010da stola je robusna i otporna na toplinu \u2013 sve za dug \u017eivotni vijek.\",\"breadcrumb\":{\"@id\":\"https:\/\/inti.hr\/bs\/proizvod\/set-vrtnog-namjestaja-s-vrtnom-klupom-i-2-stolice-za-ljuljanje-sa-stolom\/#breadcrumb\"},\"inLanguage\":\"bs-BA\",\"potentialAction\":[{\"@type\":\"ReadAction\",\"target\":[\"https:\/\/inti.hr\/bs\/proizvod\/set-vrtnog-namjestaja-s-vrtnom-klupom-i-2-stolice-za-ljuljanje-sa-stolom\/\"]}]},{\"@type\":\"ImageObject\",\"inLanguage\":\"bs-BA\",\"@id\":\"https:\/\/inti.hr\/bs\/proizvod\/set-vrtnog-namjestaja-s-vrtnom-klupom-i-2-stolice-za-ljuljanje-sa-stolom\/#primaryimage\",\"url\":\"https:\/\/i0.wp.com\/inti.hr\/wp-content\/uploads\/2025\/04\/GGF0028B01-1.jpg?fit=1000%2C1000&ssl=1\",\"contentUrl\":\"https:\/\/i0.wp.com\/inti.hr\/wp-content\/uploads\/2025\/04\/GGF0028B01-1.jpg?fit=1000%2C1000&ssl=1\",\"width\":1000,\"height\":1000,\"caption\":\"SONGMICS set vrtnog namje\u0161taja s vrtnom klupom i 2 stolice za ljuljanje sa stolom, crna boja\"},{\"@type\":\"BreadcrumbList\",\"@id\":\"https:\/\/inti.hr\/bs\/proizvod\/set-vrtnog-namjestaja-s-vrtnom-klupom-i-2-stolice-za-ljuljanje-sa-stolom\/#breadcrumb\",\"itemListElement\":[{\"@type\":\"ListItem\",\"position\":1,\"name\":\"Po\u010detna stranica\",\"item\":\"https:\/\/inti.hr\/bs\/\"},{\"@type\":\"ListItem\",\"position\":2,\"name\":\"Trgovina\",\"item\":\"https:\/\/inti.hr\/bs\/trgovina\/\"},{\"@type\":\"ListItem\",\"position\":3,\"name\":\"Set vrtnog namje\u0161taja s vrtnom klupom i 2 stolice za ljuljanje sa stolom\"}]},{\"@type\":\"WebSite\",\"@id\":\"https:\/\/inti.hr\/bs\/#website\",\"url\":\"https:\/\/inti.hr\/bs\/\",\"name\":\"Inti\",\"description\":\"trgovina\",\"potentialAction\":[{\"@type\":\"SearchAction\",\"target\":{\"@type\":\"EntryPoint\",\"urlTemplate\":\"https:\/\/inti.hr\/bs\/?s={search_term_string}\"},\"query-input\":{\"@type\":\"PropertyValueSpecification\",\"valueRequired\":true,\"valueName\":\"search_term_string\"}}],\"inLanguage\":\"bs-BA\"}]}<\/script>\n<!-- \/ Yoast SEO plugin. -->","yoast_head_json":{"title":"Set vrtnog namje\u0161taja s vrtnom klupom i 2 stolice za ljuljanje sa stolom - Inti","description":"Ravni nasloni za ruke izra\u0111eni od kompozita drvo-plastika otporni su na sunce i estetski su; Daju vrtnoj stolici moderan izgled i stvaraju elegantnu atmosferu. Zahvaljuju\u0107i prozra\u010dnoj tkanini od sinteti\u010dkih vlakana, crni balkonski namje\u0161taj ostaje hladan \u010dak i u vru\u0107im ljetnim danima, dopu\u0161taju\u0107i va\u0161em tijelu da \"di\u0161e\" \u010dak i kada dugo sjedite. \u010cep vas \u0161titi od prevrtanja tijekom ljuljanja, podesive no\u017eice kompenziraju neravnine na podu, a jastu\u010di\u0107i protiv klizanja pru\u017eaju dodatnu sigurnost i stabilnost. U\u017eivajte u svom odmoru bez brige! Dvije stolice s funkcijom ljuljanja stvaraju opu\u0161tenu i ugodnu vanjsku oazu. Savr\u0161eno za opu\u0161tanje nakon napornog dana i u\u017eivanje na svje\u017eem zraku. Tkanina od sinteti\u010dkih vlakana visoke kvalitete otporna je na trganje, \u010deli\u010dni okvir vrtnog namje\u0161taja premazan prahom je vodoodbojan i otporan na hr\u0111u. Staklena plo\u010da stola je robusna i otporna na toplinu \u2013 sve za dug \u017eivotni vijek.","robots":{"index":"index","follow":"follow","max-snippet":"max-snippet:-1","max-image-preview":"max-image-preview:large","max-video-preview":"max-video-preview:-1"},"canonical":"https:\/\/inti.hr\/bs\/proizvod\/set-vrtnog-namjestaja-s-vrtnom-klupom-i-2-stolice-za-ljuljanje-sa-stolom\/","og_locale":"bs_BA","og_type":"article","og_title":"Set vrtnog namje\u0161taja s vrtnom klupom i 2 stolice za ljuljanje sa stolom - Inti","og_description":"Ravni nasloni za ruke izra\u0111eni od kompozita drvo-plastika otporni su na sunce i estetski su; Daju vrtnoj stolici moderan izgled i stvaraju elegantnu atmosferu. Zahvaljuju\u0107i prozra\u010dnoj tkanini od sinteti\u010dkih vlakana, crni balkonski namje\u0161taj ostaje hladan \u010dak i u vru\u0107im ljetnim danima, dopu\u0161taju\u0107i va\u0161em tijelu da \"di\u0161e\" \u010dak i kada dugo sjedite. \u010cep vas \u0161titi od prevrtanja tijekom ljuljanja, podesive no\u017eice kompenziraju neravnine na podu, a jastu\u010di\u0107i protiv klizanja pru\u017eaju dodatnu sigurnost i stabilnost. U\u017eivajte u svom odmoru bez brige! Dvije stolice s funkcijom ljuljanja stvaraju opu\u0161tenu i ugodnu vanjsku oazu. Savr\u0161eno za opu\u0161tanje nakon napornog dana i u\u017eivanje na svje\u017eem zraku. Tkanina od sinteti\u010dkih vlakana visoke kvalitete otporna je na trganje, \u010deli\u010dni okvir vrtnog namje\u0161taja premazan prahom je vodoodbojan i otporan na hr\u0111u. Staklena plo\u010da stola je robusna i otporna na toplinu \u2013 sve za dug \u017eivotni vijek.","og_url":"https:\/\/inti.hr\/bs\/proizvod\/set-vrtnog-namjestaja-s-vrtnom-klupom-i-2-stolice-za-ljuljanje-sa-stolom\/","og_site_name":"Inti","og_image":[{"width":1000,"height":1000,"url":"https:\/\/i0.wp.com\/inti.hr\/wp-content\/uploads\/2025\/04\/GGF0028B01-1.jpg?fit=1000%2C1000&ssl=1","type":"image\/jpeg"}],"twitter_card":"summary_large_image","schema":{"@context":"https:\/\/schema.org","@graph":[{"@type":"WebPage","@id":"https:\/\/inti.hr\/bs\/proizvod\/set-vrtnog-namjestaja-s-vrtnom-klupom-i-2-stolice-za-ljuljanje-sa-stolom\/","url":"https:\/\/inti.hr\/bs\/proizvod\/set-vrtnog-namjestaja-s-vrtnom-klupom-i-2-stolice-za-ljuljanje-sa-stolom\/","name":"Set vrtnog namje\u0161taja s vrtnom klupom i 2 stolice za ljuljanje sa stolom - Inti","isPartOf":{"@id":"https:\/\/inti.hr\/bs\/#website"},"primaryImageOfPage":{"@id":"https:\/\/inti.hr\/bs\/proizvod\/set-vrtnog-namjestaja-s-vrtnom-klupom-i-2-stolice-za-ljuljanje-sa-stolom\/#primaryimage"},"image":{"@id":"https:\/\/inti.hr\/bs\/proizvod\/set-vrtnog-namjestaja-s-vrtnom-klupom-i-2-stolice-za-ljuljanje-sa-stolom\/#primaryimage"},"thumbnailUrl":"https:\/\/i0.wp.com\/inti.hr\/wp-content\/uploads\/2025\/04\/GGF0028B01-1.jpg?fit=1000%2C1000&ssl=1","datePublished":"2025-04-25T07:35:31+00:00","dateModified":"2025-04-25T07:35:31+00:00","description":"Ravni nasloni za ruke izra\u0111eni od kompozita drvo-plastika otporni su na sunce i estetski su; Daju vrtnoj stolici moderan izgled i stvaraju elegantnu atmosferu. Zahvaljuju\u0107i prozra\u010dnoj tkanini od sinteti\u010dkih vlakana, crni balkonski namje\u0161taj ostaje hladan \u010dak i u vru\u0107im ljetnim danima, dopu\u0161taju\u0107i va\u0161em tijelu da \"di\u0161e\" \u010dak i kada dugo sjedite. \u010cep vas \u0161titi od prevrtanja tijekom ljuljanja, podesive no\u017eice kompenziraju neravnine na podu, a jastu\u010di\u0107i protiv klizanja pru\u017eaju dodatnu sigurnost i stabilnost. U\u017eivajte u svom odmoru bez brige! Dvije stolice s funkcijom ljuljanja stvaraju opu\u0161tenu i ugodnu vanjsku oazu. Savr\u0161eno za opu\u0161tanje nakon napornog dana i u\u017eivanje na svje\u017eem zraku. Tkanina od sinteti\u010dkih vlakana visoke kvalitete otporna je na trganje, \u010deli\u010dni okvir vrtnog namje\u0161taja premazan prahom je vodoodbojan i otporan na hr\u0111u. Staklena plo\u010da stola je robusna i otporna na toplinu \u2013 sve za dug \u017eivotni vijek.","breadcrumb":{"@id":"https:\/\/inti.hr\/bs\/proizvod\/set-vrtnog-namjestaja-s-vrtnom-klupom-i-2-stolice-za-ljuljanje-sa-stolom\/#breadcrumb"},"inLanguage":"bs-BA","potentialAction":[{"@type":"ReadAction","target":["https:\/\/inti.hr\/bs\/proizvod\/set-vrtnog-namjestaja-s-vrtnom-klupom-i-2-stolice-za-ljuljanje-sa-stolom\/"]}]},{"@type":"ImageObject","inLanguage":"bs-BA","@id":"https:\/\/inti.hr\/bs\/proizvod\/set-vrtnog-namjestaja-s-vrtnom-klupom-i-2-stolice-za-ljuljanje-sa-stolom\/#primaryimage","url":"https:\/\/i0.wp.com\/inti.hr\/wp-content\/uploads\/2025\/04\/GGF0028B01-1.jpg?fit=1000%2C1000&ssl=1","contentUrl":"https:\/\/i0.wp.com\/inti.hr\/wp-content\/uploads\/2025\/04\/GGF0028B01-1.jpg?fit=1000%2C1000&ssl=1","width":1000,"height":1000,"caption":"SONGMICS set vrtnog namje\u0161taja s vrtnom klupom i 2 stolice za ljuljanje sa stolom, crna boja"},{"@type":"BreadcrumbList","@id":"https:\/\/inti.hr\/bs\/proizvod\/set-vrtnog-namjestaja-s-vrtnom-klupom-i-2-stolice-za-ljuljanje-sa-stolom\/#breadcrumb","itemListElement":[{"@type":"ListItem","position":1,"name":"Po\u010detna stranica","item":"https:\/\/inti.hr\/bs\/"},{"@type":"ListItem","position":2,"name":"Trgovina","item":"https:\/\/inti.hr\/bs\/trgovina\/"},{"@type":"ListItem","position":3,"name":"Set vrtnog namje\u0161taja s vrtnom klupom i 2 stolice za ljuljanje sa stolom"}]},{"@type":"WebSite","@id":"https:\/\/inti.hr\/bs\/#website","url":"https:\/\/inti.hr\/bs\/","name":"Inti","description":"trgovina","potentialAction":[{"@type":"SearchAction","target":{"@type":"EntryPoint","urlTemplate":"https:\/\/inti.hr\/bs\/?s={search_term_string}"},"query-input":{"@type":"PropertyValueSpecification","valueRequired":true,"valueName":"search_term_string"}}],"inLanguage":"bs-BA"}]}},"jetpack_sharing_enabled":true,"jetpack-related-posts":[],"_links":{"self":[{"href":"https:\/\/inti.hr\/bs\/wp-json\/wp\/v2\/product\/35065"}],"collection":[{"href":"https:\/\/inti.hr\/bs\/wp-json\/wp\/v2\/product"}],"about":[{"href":"https:\/\/inti.hr\/bs\/wp-json\/wp\/v2\/types\/product"}],"wp:featuredmedia":[{"embeddable":true,"href":"https:\/\/inti.hr\/bs\/wp-json\/wp\/v2\/media\/35066"}],"wp:attachment":[{"href":"https:\/\/inti.hr\/bs\/wp-json\/wp\/v2\/media?parent=35065"}],"wp:term":[{"taxonomy":"product_cat","embeddable":true,"href":"https:\/\/inti.hr\/bs\/wp-json\/wp\/v2\/product_cat?post=35065"},{"taxonomy":"product_tag","embeddable":true,"href":"https:\/\/inti.hr\/bs\/wp-json\/wp\/v2\/product_tag?post=35065"}],"curies":[{"name":"wp","href":"https:\/\/api.w.org\/{rel}","templated":true}]}}