{"id":35109,"date":"2025-02-14T08:52:10","date_gmt":"2025-02-14T07:52:10","guid":{"rendered":"https:\/\/inti.hr\/product\/sklopiva-rucna-kolica-do-150-kg\/"},"modified":"2025-02-14T08:52:10","modified_gmt":"2025-02-14T07:52:10","slug":"sklopiva-rucna-kolica-do-150-kg","status":"publish","type":"product","link":"https:\/\/inti.hr\/bs\/proizvod\/sklopiva-rucna-kolica-do-150-kg\/","title":{"rendered":"Sklopiva ru\u010dna kolica do 150 kg"},"content":{"rendered":"<p>Detalji proizvoda:<br \/>\nBoja: crna tinta<br \/>\nMaterijal: \u010delik, 600D Oxford tkanina<br \/>\nVeli\u010dina: 42 x 67 x 90,5 cm (D x \u0160 x V)<br \/>\nZapremina: 90 litara<br \/>\nSklopljena veli\u010dina: 42 x 21 x 68 cm (D x \u0160 x V)<br \/>\nTe\u017eina: 5 kg<br \/>\nMaksimalna stati\u010dka nosivost: 150 kg<\/p>\n","protected":false},"excerpt":{"rendered":"<p>\u010cvrsti spoj zakovica, oja\u010dane grede na dnu, visokokvalitetni \u010delik i 600D &#8230; <\/p>\n","protected":false},"featured_media":35110,"template":"","meta":[],"product_cat":[2536],"product_tag":[2537,4462],"yoast_head":"<!-- This site is optimized with the Yoast SEO plugin v23.7 - https:\/\/yoast.com\/wordpress\/plugins\/seo\/ -->\n<title>Sklopiva ru\u010dna kolica do 150 kg - Inti<\/title>\n<meta name=\"description\" content=\"\u010cvrsti spoj zakovica, oja\u010dane grede na dnu, visokokvalitetni \u010delik i 600D Oxford tkanina - svi ti elementi daju ovim ru\u010dnim kolicima visoku razinu robusnosti i dobru nosivost do 150 kg. Te\u0161ka samo 5 kg, ova su kolica lagana i prakti\u010dna. Ru\u010dka se mo\u017ee pri\u010dvrstiti prilo\u017eenim \u010di\u010dak kop\u010dom \u2013 nema neugodnog ljuljanja ru\u010dke prilikom transporta sklopljenih kolica. S 4 kota\u010da, od kojih se 2 mogu okretati za 360\u00b0, mo\u017eete gurati ova crna kolica gdje god vam zatrebaju. Osim toga, svi valjci su uklonjivi i zamjenjivi. Jednostavnim povla\u010denjem vezice vrtna se kolica mogu lako sklopiti i spremiti radi u\u0161tede prostora. Zahvaljuju\u0107i kompaktnoj veli\u010dini od 42 x 21 x 68 cm, idealan je za male prostore ili prtlja\u017enik. Bilo da vrtlarite kao profesionalac, prevozite svoje nove stvari ku\u0107i ili nosite grickalice i pribor sa sobom na piknik ili kampiranje - koristite ova kolica kako god \u017eelite!\" \/>\n<meta name=\"robots\" content=\"index, follow, max-snippet:-1, max-image-preview:large, max-video-preview:-1\" \/>\n<link rel=\"canonical\" href=\"https:\/\/inti.hr\/bs\/proizvod\/sklopiva-rucna-kolica-do-150-kg\/\" \/>\n<meta property=\"og:locale\" content=\"bs_BA\" \/>\n<meta property=\"og:type\" content=\"article\" \/>\n<meta property=\"og:title\" content=\"Sklopiva ru\u010dna kolica do 150 kg - Inti\" \/>\n<meta property=\"og:description\" content=\"\u010cvrsti spoj zakovica, oja\u010dane grede na dnu, visokokvalitetni \u010delik i 600D Oxford tkanina - svi ti elementi daju ovim ru\u010dnim kolicima visoku razinu robusnosti i dobru nosivost do 150 kg. Te\u0161ka samo 5 kg, ova su kolica lagana i prakti\u010dna. Ru\u010dka se mo\u017ee pri\u010dvrstiti prilo\u017eenim \u010di\u010dak kop\u010dom \u2013 nema neugodnog ljuljanja ru\u010dke prilikom transporta sklopljenih kolica. S 4 kota\u010da, od kojih se 2 mogu okretati za 360\u00b0, mo\u017eete gurati ova crna kolica gdje god vam zatrebaju. Osim toga, svi valjci su uklonjivi i zamjenjivi. Jednostavnim povla\u010denjem vezice vrtna se kolica mogu lako sklopiti i spremiti radi u\u0161tede prostora. Zahvaljuju\u0107i kompaktnoj veli\u010dini od 42 x 21 x 68 cm, idealan je za male prostore ili prtlja\u017enik. Bilo da vrtlarite kao profesionalac, prevozite svoje nove stvari ku\u0107i ili nosite grickalice i pribor sa sobom na piknik ili kampiranje - koristite ova kolica kako god \u017eelite!\" \/>\n<meta property=\"og:url\" content=\"https:\/\/inti.hr\/bs\/proizvod\/sklopiva-rucna-kolica-do-150-kg\/\" \/>\n<meta property=\"og:site_name\" content=\"Inti\" \/>\n<meta property=\"og:image\" content=\"https:\/\/i0.wp.com\/inti.hr\/wp-content\/uploads\/2025\/02\/GFW909B01-1-1-1.jpg?fit=1000%2C1000&ssl=1\" \/>\n\t<meta property=\"og:image:width\" content=\"1000\" \/>\n\t<meta property=\"og:image:height\" content=\"1000\" \/>\n\t<meta property=\"og:image:type\" content=\"image\/jpeg\" \/>\n<meta name=\"twitter:card\" content=\"summary_large_image\" \/>\n<script type=\"application\/ld+json\" class=\"yoast-schema-graph\">{\"@context\":\"https:\/\/schema.org\",\"@graph\":[{\"@type\":\"WebPage\",\"@id\":\"https:\/\/inti.hr\/bs\/proizvod\/sklopiva-rucna-kolica-do-150-kg\/\",\"url\":\"https:\/\/inti.hr\/bs\/proizvod\/sklopiva-rucna-kolica-do-150-kg\/\",\"name\":\"Sklopiva ru\u010dna kolica do 150 kg - Inti\",\"isPartOf\":{\"@id\":\"https:\/\/inti.hr\/bs\/#website\"},\"primaryImageOfPage\":{\"@id\":\"https:\/\/inti.hr\/bs\/proizvod\/sklopiva-rucna-kolica-do-150-kg\/#primaryimage\"},\"image\":{\"@id\":\"https:\/\/inti.hr\/bs\/proizvod\/sklopiva-rucna-kolica-do-150-kg\/#primaryimage\"},\"thumbnailUrl\":\"https:\/\/i0.wp.com\/inti.hr\/wp-content\/uploads\/2025\/02\/GFW909B01-1-1-1.jpg?fit=1000%2C1000&ssl=1\",\"datePublished\":\"2025-02-14T07:52:10+00:00\",\"dateModified\":\"2025-02-14T07:52:10+00:00\",\"description\":\"\u010cvrsti spoj zakovica, oja\u010dane grede na dnu, visokokvalitetni \u010delik i 600D Oxford tkanina - svi ti elementi daju ovim ru\u010dnim kolicima visoku razinu robusnosti i dobru nosivost do 150 kg. Te\u0161ka samo 5 kg, ova su kolica lagana i prakti\u010dna. Ru\u010dka se mo\u017ee pri\u010dvrstiti prilo\u017eenim \u010di\u010dak kop\u010dom \u2013 nema neugodnog ljuljanja ru\u010dke prilikom transporta sklopljenih kolica. S 4 kota\u010da, od kojih se 2 mogu okretati za 360\u00b0, mo\u017eete gurati ova crna kolica gdje god vam zatrebaju. Osim toga, svi valjci su uklonjivi i zamjenjivi. Jednostavnim povla\u010denjem vezice vrtna se kolica mogu lako sklopiti i spremiti radi u\u0161tede prostora. Zahvaljuju\u0107i kompaktnoj veli\u010dini od 42 x 21 x 68 cm, idealan je za male prostore ili prtlja\u017enik. Bilo da vrtlarite kao profesionalac, prevozite svoje nove stvari ku\u0107i ili nosite grickalice i pribor sa sobom na piknik ili kampiranje - koristite ova kolica kako god \u017eelite!\",\"breadcrumb\":{\"@id\":\"https:\/\/inti.hr\/bs\/proizvod\/sklopiva-rucna-kolica-do-150-kg\/#breadcrumb\"},\"inLanguage\":\"bs-BA\",\"potentialAction\":[{\"@type\":\"ReadAction\",\"target\":[\"https:\/\/inti.hr\/bs\/proizvod\/sklopiva-rucna-kolica-do-150-kg\/\"]}]},{\"@type\":\"ImageObject\",\"inLanguage\":\"bs-BA\",\"@id\":\"https:\/\/inti.hr\/bs\/proizvod\/sklopiva-rucna-kolica-do-150-kg\/#primaryimage\",\"url\":\"https:\/\/i0.wp.com\/inti.hr\/wp-content\/uploads\/2025\/02\/GFW909B01-1-1-1.jpg?fit=1000%2C1000&ssl=1\",\"contentUrl\":\"https:\/\/i0.wp.com\/inti.hr\/wp-content\/uploads\/2025\/02\/GFW909B01-1-1-1.jpg?fit=1000%2C1000&ssl=1\",\"width\":1000,\"height\":1000,\"caption\":\"SONGMICS Sklopiva ru\u010dna kolica do 150 kg crna tinta\"},{\"@type\":\"BreadcrumbList\",\"@id\":\"https:\/\/inti.hr\/bs\/proizvod\/sklopiva-rucna-kolica-do-150-kg\/#breadcrumb\",\"itemListElement\":[{\"@type\":\"ListItem\",\"position\":1,\"name\":\"Po\u010detna stranica\",\"item\":\"https:\/\/inti.hr\/bs\/\"},{\"@type\":\"ListItem\",\"position\":2,\"name\":\"Trgovina\",\"item\":\"https:\/\/inti.hr\/bs\/trgovina\/\"},{\"@type\":\"ListItem\",\"position\":3,\"name\":\"Sklopiva ru\u010dna kolica do 150 kg\"}]},{\"@type\":\"WebSite\",\"@id\":\"https:\/\/inti.hr\/bs\/#website\",\"url\":\"https:\/\/inti.hr\/bs\/\",\"name\":\"Inti\",\"description\":\"trgovina\",\"potentialAction\":[{\"@type\":\"SearchAction\",\"target\":{\"@type\":\"EntryPoint\",\"urlTemplate\":\"https:\/\/inti.hr\/bs\/?s={search_term_string}\"},\"query-input\":{\"@type\":\"PropertyValueSpecification\",\"valueRequired\":true,\"valueName\":\"search_term_string\"}}],\"inLanguage\":\"bs-BA\"}]}<\/script>\n<!-- \/ Yoast SEO plugin. -->","yoast_head_json":{"title":"Sklopiva ru\u010dna kolica do 150 kg - Inti","description":"\u010cvrsti spoj zakovica, oja\u010dane grede na dnu, visokokvalitetni \u010delik i 600D Oxford tkanina - svi ti elementi daju ovim ru\u010dnim kolicima visoku razinu robusnosti i dobru nosivost do 150 kg. Te\u0161ka samo 5 kg, ova su kolica lagana i prakti\u010dna. Ru\u010dka se mo\u017ee pri\u010dvrstiti prilo\u017eenim \u010di\u010dak kop\u010dom \u2013 nema neugodnog ljuljanja ru\u010dke prilikom transporta sklopljenih kolica. S 4 kota\u010da, od kojih se 2 mogu okretati za 360\u00b0, mo\u017eete gurati ova crna kolica gdje god vam zatrebaju. Osim toga, svi valjci su uklonjivi i zamjenjivi. Jednostavnim povla\u010denjem vezice vrtna se kolica mogu lako sklopiti i spremiti radi u\u0161tede prostora. Zahvaljuju\u0107i kompaktnoj veli\u010dini od 42 x 21 x 68 cm, idealan je za male prostore ili prtlja\u017enik. Bilo da vrtlarite kao profesionalac, prevozite svoje nove stvari ku\u0107i ili nosite grickalice i pribor sa sobom na piknik ili kampiranje - koristite ova kolica kako god \u017eelite!","robots":{"index":"index","follow":"follow","max-snippet":"max-snippet:-1","max-image-preview":"max-image-preview:large","max-video-preview":"max-video-preview:-1"},"canonical":"https:\/\/inti.hr\/bs\/proizvod\/sklopiva-rucna-kolica-do-150-kg\/","og_locale":"bs_BA","og_type":"article","og_title":"Sklopiva ru\u010dna kolica do 150 kg - Inti","og_description":"\u010cvrsti spoj zakovica, oja\u010dane grede na dnu, visokokvalitetni \u010delik i 600D Oxford tkanina - svi ti elementi daju ovim ru\u010dnim kolicima visoku razinu robusnosti i dobru nosivost do 150 kg. Te\u0161ka samo 5 kg, ova su kolica lagana i prakti\u010dna. Ru\u010dka se mo\u017ee pri\u010dvrstiti prilo\u017eenim \u010di\u010dak kop\u010dom \u2013 nema neugodnog ljuljanja ru\u010dke prilikom transporta sklopljenih kolica. S 4 kota\u010da, od kojih se 2 mogu okretati za 360\u00b0, mo\u017eete gurati ova crna kolica gdje god vam zatrebaju. Osim toga, svi valjci su uklonjivi i zamjenjivi. Jednostavnim povla\u010denjem vezice vrtna se kolica mogu lako sklopiti i spremiti radi u\u0161tede prostora. Zahvaljuju\u0107i kompaktnoj veli\u010dini od 42 x 21 x 68 cm, idealan je za male prostore ili prtlja\u017enik. Bilo da vrtlarite kao profesionalac, prevozite svoje nove stvari ku\u0107i ili nosite grickalice i pribor sa sobom na piknik ili kampiranje - koristite ova kolica kako god \u017eelite!","og_url":"https:\/\/inti.hr\/bs\/proizvod\/sklopiva-rucna-kolica-do-150-kg\/","og_site_name":"Inti","og_image":[{"width":1000,"height":1000,"url":"https:\/\/i0.wp.com\/inti.hr\/wp-content\/uploads\/2025\/02\/GFW909B01-1-1-1.jpg?fit=1000%2C1000&ssl=1","type":"image\/jpeg"}],"twitter_card":"summary_large_image","schema":{"@context":"https:\/\/schema.org","@graph":[{"@type":"WebPage","@id":"https:\/\/inti.hr\/bs\/proizvod\/sklopiva-rucna-kolica-do-150-kg\/","url":"https:\/\/inti.hr\/bs\/proizvod\/sklopiva-rucna-kolica-do-150-kg\/","name":"Sklopiva ru\u010dna kolica do 150 kg - Inti","isPartOf":{"@id":"https:\/\/inti.hr\/bs\/#website"},"primaryImageOfPage":{"@id":"https:\/\/inti.hr\/bs\/proizvod\/sklopiva-rucna-kolica-do-150-kg\/#primaryimage"},"image":{"@id":"https:\/\/inti.hr\/bs\/proizvod\/sklopiva-rucna-kolica-do-150-kg\/#primaryimage"},"thumbnailUrl":"https:\/\/i0.wp.com\/inti.hr\/wp-content\/uploads\/2025\/02\/GFW909B01-1-1-1.jpg?fit=1000%2C1000&ssl=1","datePublished":"2025-02-14T07:52:10+00:00","dateModified":"2025-02-14T07:52:10+00:00","description":"\u010cvrsti spoj zakovica, oja\u010dane grede na dnu, visokokvalitetni \u010delik i 600D Oxford tkanina - svi ti elementi daju ovim ru\u010dnim kolicima visoku razinu robusnosti i dobru nosivost do 150 kg. Te\u0161ka samo 5 kg, ova su kolica lagana i prakti\u010dna. Ru\u010dka se mo\u017ee pri\u010dvrstiti prilo\u017eenim \u010di\u010dak kop\u010dom \u2013 nema neugodnog ljuljanja ru\u010dke prilikom transporta sklopljenih kolica. S 4 kota\u010da, od kojih se 2 mogu okretati za 360\u00b0, mo\u017eete gurati ova crna kolica gdje god vam zatrebaju. Osim toga, svi valjci su uklonjivi i zamjenjivi. Jednostavnim povla\u010denjem vezice vrtna se kolica mogu lako sklopiti i spremiti radi u\u0161tede prostora. Zahvaljuju\u0107i kompaktnoj veli\u010dini od 42 x 21 x 68 cm, idealan je za male prostore ili prtlja\u017enik. Bilo da vrtlarite kao profesionalac, prevozite svoje nove stvari ku\u0107i ili nosite grickalice i pribor sa sobom na piknik ili kampiranje - koristite ova kolica kako god \u017eelite!","breadcrumb":{"@id":"https:\/\/inti.hr\/bs\/proizvod\/sklopiva-rucna-kolica-do-150-kg\/#breadcrumb"},"inLanguage":"bs-BA","potentialAction":[{"@type":"ReadAction","target":["https:\/\/inti.hr\/bs\/proizvod\/sklopiva-rucna-kolica-do-150-kg\/"]}]},{"@type":"ImageObject","inLanguage":"bs-BA","@id":"https:\/\/inti.hr\/bs\/proizvod\/sklopiva-rucna-kolica-do-150-kg\/#primaryimage","url":"https:\/\/i0.wp.com\/inti.hr\/wp-content\/uploads\/2025\/02\/GFW909B01-1-1-1.jpg?fit=1000%2C1000&ssl=1","contentUrl":"https:\/\/i0.wp.com\/inti.hr\/wp-content\/uploads\/2025\/02\/GFW909B01-1-1-1.jpg?fit=1000%2C1000&ssl=1","width":1000,"height":1000,"caption":"SONGMICS Sklopiva ru\u010dna kolica do 150 kg crna tinta"},{"@type":"BreadcrumbList","@id":"https:\/\/inti.hr\/bs\/proizvod\/sklopiva-rucna-kolica-do-150-kg\/#breadcrumb","itemListElement":[{"@type":"ListItem","position":1,"name":"Po\u010detna stranica","item":"https:\/\/inti.hr\/bs\/"},{"@type":"ListItem","position":2,"name":"Trgovina","item":"https:\/\/inti.hr\/bs\/trgovina\/"},{"@type":"ListItem","position":3,"name":"Sklopiva ru\u010dna kolica do 150 kg"}]},{"@type":"WebSite","@id":"https:\/\/inti.hr\/bs\/#website","url":"https:\/\/inti.hr\/bs\/","name":"Inti","description":"trgovina","potentialAction":[{"@type":"SearchAction","target":{"@type":"EntryPoint","urlTemplate":"https:\/\/inti.hr\/bs\/?s={search_term_string}"},"query-input":{"@type":"PropertyValueSpecification","valueRequired":true,"valueName":"search_term_string"}}],"inLanguage":"bs-BA"}]}},"jetpack_sharing_enabled":true,"jetpack-related-posts":[],"_links":{"self":[{"href":"https:\/\/inti.hr\/bs\/wp-json\/wp\/v2\/product\/35109"}],"collection":[{"href":"https:\/\/inti.hr\/bs\/wp-json\/wp\/v2\/product"}],"about":[{"href":"https:\/\/inti.hr\/bs\/wp-json\/wp\/v2\/types\/product"}],"wp:featuredmedia":[{"embeddable":true,"href":"https:\/\/inti.hr\/bs\/wp-json\/wp\/v2\/media\/35110"}],"wp:attachment":[{"href":"https:\/\/inti.hr\/bs\/wp-json\/wp\/v2\/media?parent=35109"}],"wp:term":[{"taxonomy":"product_cat","embeddable":true,"href":"https:\/\/inti.hr\/bs\/wp-json\/wp\/v2\/product_cat?post=35109"},{"taxonomy":"product_tag","embeddable":true,"href":"https:\/\/inti.hr\/bs\/wp-json\/wp\/v2\/product_tag?post=35109"}],"curies":[{"name":"wp","href":"https:\/\/api.w.org\/{rel}","templated":true}]}}