{"id":35117,"date":"2025-02-14T08:45:24","date_gmt":"2025-02-14T07:45:24","guid":{"rendered":"https:\/\/inti.hr\/product\/komoda-s-rasvjetom-cloud-white\/"},"modified":"2025-02-14T08:45:24","modified_gmt":"2025-02-14T07:45:24","slug":"komoda-s-rasvjetom-cloud-white","status":"publish","type":"product","link":"https:\/\/inti.hr\/bs\/proizvod\/komoda-s-rasvjetom-cloud-white\/","title":{"rendered":"Komoda s rasvjetom Cloud White"},"content":{"rendered":"<p>Detalji proizvoda:<br \/>\nBoja: Obla\u010dno bijela<br \/>\nVeli\u010dina: 39,7 x 80,4 x 180,3 cm (D x \u0160 x V)<br \/>\nTe\u017eina: 42,5 kg<\/p>\n","protected":false},"excerpt":{"rendered":"<p>Osvijetlite svoju sobu podesivim ugra\u0111enim svjetlom. Pomo\u0107u prekida\u010da na dodir mo\u017eete &#8230; <\/p>\n","protected":false},"featured_media":35118,"template":"","meta":[],"product_cat":[2536],"product_tag":[4464,2537],"yoast_head":"<!-- This site is optimized with the Yoast SEO plugin v23.7 - https:\/\/yoast.com\/wordpress\/plugins\/seo\/ -->\n<title>Komoda s rasvjetom Cloud White - Inti<\/title>\n<meta name=\"description\" content=\"Osvijetlite svoju sobu podesivim ugra\u0111enim svjetlom. Pomo\u0107u prekida\u010da na dodir mo\u017eete jednostavno odabrati izme\u0111u 3 nijanse i prilagoditi svjetlinu kako biste stvorili savr\u0161eno osvjetljenje. Ovaj ormari\u0107 unosi da\u0161ak modernog seoskog stila u va\u0161u kuhinju, kafi\u0107 ili blagovaonicu. Njegova boja poput oblaka, \u010diste linije i rustikalna vrata \u010dine ga prekrasnim dodatkom va\u0161em domu. S 3 podesive police, 2 u gornjim odjeljcima i 1 u donjem ormari\u0107u, mo\u017eete po potrebi prilagoditi prostor za odlaganje ove komode i smjestiti sve, od velikih lonaca i tava do malih \u0161alica za kavu. Ovaj kuhinjski ormari\u0107 ima razvodnik s 2 AC uti\u010dnice koje vam omogu\u0107uju napajanje kuhinjskih ure\u0111aja. On-off prekida\u010d pru\u017ea dodatnu sigurnost i omogu\u0107uje isklju\u010divanje struje ako je potrebno. Ovaj ormari\u0107 s otvorenim odjeljcima iznad prozirnih kliznih vrata, prostranom radnom plo\u010dom, velikom ladicom i donjim ormari\u0107em nudi dovoljno prostora za razne kuhinjske potrep\u0161tine i pribor za kavu.\" \/>\n<meta name=\"robots\" content=\"index, follow, max-snippet:-1, max-image-preview:large, max-video-preview:-1\" \/>\n<link rel=\"canonical\" href=\"https:\/\/inti.hr\/bs\/proizvod\/komoda-s-rasvjetom-cloud-white\/\" \/>\n<meta property=\"og:locale\" content=\"bs_BA\" \/>\n<meta property=\"og:type\" content=\"article\" \/>\n<meta property=\"og:title\" content=\"Komoda s rasvjetom Cloud White - Inti\" \/>\n<meta property=\"og:description\" content=\"Osvijetlite svoju sobu podesivim ugra\u0111enim svjetlom. Pomo\u0107u prekida\u010da na dodir mo\u017eete jednostavno odabrati izme\u0111u 3 nijanse i prilagoditi svjetlinu kako biste stvorili savr\u0161eno osvjetljenje. Ovaj ormari\u0107 unosi da\u0161ak modernog seoskog stila u va\u0161u kuhinju, kafi\u0107 ili blagovaonicu. Njegova boja poput oblaka, \u010diste linije i rustikalna vrata \u010dine ga prekrasnim dodatkom va\u0161em domu. S 3 podesive police, 2 u gornjim odjeljcima i 1 u donjem ormari\u0107u, mo\u017eete po potrebi prilagoditi prostor za odlaganje ove komode i smjestiti sve, od velikih lonaca i tava do malih \u0161alica za kavu. Ovaj kuhinjski ormari\u0107 ima razvodnik s 2 AC uti\u010dnice koje vam omogu\u0107uju napajanje kuhinjskih ure\u0111aja. On-off prekida\u010d pru\u017ea dodatnu sigurnost i omogu\u0107uje isklju\u010divanje struje ako je potrebno. Ovaj ormari\u0107 s otvorenim odjeljcima iznad prozirnih kliznih vrata, prostranom radnom plo\u010dom, velikom ladicom i donjim ormari\u0107em nudi dovoljno prostora za razne kuhinjske potrep\u0161tine i pribor za kavu.\" \/>\n<meta property=\"og:url\" content=\"https:\/\/inti.hr\/bs\/proizvod\/komoda-s-rasvjetom-cloud-white\/\" \/>\n<meta property=\"og:site_name\" content=\"Inti\" \/>\n<meta property=\"og:image\" content=\"https:\/\/i0.wp.com\/inti.hr\/wp-content\/uploads\/2025\/02\/BBK363W21V1-1.jpg?fit=1000%2C1000&ssl=1\" \/>\n\t<meta property=\"og:image:width\" content=\"1000\" \/>\n\t<meta property=\"og:image:height\" content=\"1000\" \/>\n\t<meta property=\"og:image:type\" content=\"image\/jpeg\" \/>\n<meta name=\"twitter:card\" content=\"summary_large_image\" \/>\n<script type=\"application\/ld+json\" class=\"yoast-schema-graph\">{\"@context\":\"https:\/\/schema.org\",\"@graph\":[{\"@type\":\"WebPage\",\"@id\":\"https:\/\/inti.hr\/bs\/proizvod\/komoda-s-rasvjetom-cloud-white\/\",\"url\":\"https:\/\/inti.hr\/bs\/proizvod\/komoda-s-rasvjetom-cloud-white\/\",\"name\":\"Komoda s rasvjetom Cloud White - Inti\",\"isPartOf\":{\"@id\":\"https:\/\/inti.hr\/bs\/#website\"},\"primaryImageOfPage\":{\"@id\":\"https:\/\/inti.hr\/bs\/proizvod\/komoda-s-rasvjetom-cloud-white\/#primaryimage\"},\"image\":{\"@id\":\"https:\/\/inti.hr\/bs\/proizvod\/komoda-s-rasvjetom-cloud-white\/#primaryimage\"},\"thumbnailUrl\":\"https:\/\/i0.wp.com\/inti.hr\/wp-content\/uploads\/2025\/02\/BBK363W21V1-1.jpg?fit=1000%2C1000&ssl=1\",\"datePublished\":\"2025-02-14T07:45:24+00:00\",\"dateModified\":\"2025-02-14T07:45:24+00:00\",\"description\":\"Osvijetlite svoju sobu podesivim ugra\u0111enim svjetlom. Pomo\u0107u prekida\u010da na dodir mo\u017eete jednostavno odabrati izme\u0111u 3 nijanse i prilagoditi svjetlinu kako biste stvorili savr\u0161eno osvjetljenje. Ovaj ormari\u0107 unosi da\u0161ak modernog seoskog stila u va\u0161u kuhinju, kafi\u0107 ili blagovaonicu. Njegova boja poput oblaka, \u010diste linije i rustikalna vrata \u010dine ga prekrasnim dodatkom va\u0161em domu. S 3 podesive police, 2 u gornjim odjeljcima i 1 u donjem ormari\u0107u, mo\u017eete po potrebi prilagoditi prostor za odlaganje ove komode i smjestiti sve, od velikih lonaca i tava do malih \u0161alica za kavu. Ovaj kuhinjski ormari\u0107 ima razvodnik s 2 AC uti\u010dnice koje vam omogu\u0107uju napajanje kuhinjskih ure\u0111aja. On-off prekida\u010d pru\u017ea dodatnu sigurnost i omogu\u0107uje isklju\u010divanje struje ako je potrebno. Ovaj ormari\u0107 s otvorenim odjeljcima iznad prozirnih kliznih vrata, prostranom radnom plo\u010dom, velikom ladicom i donjim ormari\u0107em nudi dovoljno prostora za razne kuhinjske potrep\u0161tine i pribor za kavu.\",\"breadcrumb\":{\"@id\":\"https:\/\/inti.hr\/bs\/proizvod\/komoda-s-rasvjetom-cloud-white\/#breadcrumb\"},\"inLanguage\":\"bs-BA\",\"potentialAction\":[{\"@type\":\"ReadAction\",\"target\":[\"https:\/\/inti.hr\/bs\/proizvod\/komoda-s-rasvjetom-cloud-white\/\"]}]},{\"@type\":\"ImageObject\",\"inLanguage\":\"bs-BA\",\"@id\":\"https:\/\/inti.hr\/bs\/proizvod\/komoda-s-rasvjetom-cloud-white\/#primaryimage\",\"url\":\"https:\/\/i0.wp.com\/inti.hr\/wp-content\/uploads\/2025\/02\/BBK363W21V1-1.jpg?fit=1000%2C1000&ssl=1\",\"contentUrl\":\"https:\/\/i0.wp.com\/inti.hr\/wp-content\/uploads\/2025\/02\/BBK363W21V1-1.jpg?fit=1000%2C1000&ssl=1\",\"width\":1000,\"height\":1000,\"caption\":\"VASAGLE Komoda s rasvjetom Cloud White\"},{\"@type\":\"BreadcrumbList\",\"@id\":\"https:\/\/inti.hr\/bs\/proizvod\/komoda-s-rasvjetom-cloud-white\/#breadcrumb\",\"itemListElement\":[{\"@type\":\"ListItem\",\"position\":1,\"name\":\"Po\u010detna stranica\",\"item\":\"https:\/\/inti.hr\/bs\/\"},{\"@type\":\"ListItem\",\"position\":2,\"name\":\"Trgovina\",\"item\":\"https:\/\/inti.hr\/bs\/trgovina\/\"},{\"@type\":\"ListItem\",\"position\":3,\"name\":\"Komoda s rasvjetom Cloud White\"}]},{\"@type\":\"WebSite\",\"@id\":\"https:\/\/inti.hr\/bs\/#website\",\"url\":\"https:\/\/inti.hr\/bs\/\",\"name\":\"Inti\",\"description\":\"trgovina\",\"potentialAction\":[{\"@type\":\"SearchAction\",\"target\":{\"@type\":\"EntryPoint\",\"urlTemplate\":\"https:\/\/inti.hr\/bs\/?s={search_term_string}\"},\"query-input\":{\"@type\":\"PropertyValueSpecification\",\"valueRequired\":true,\"valueName\":\"search_term_string\"}}],\"inLanguage\":\"bs-BA\"}]}<\/script>\n<!-- \/ Yoast SEO plugin. -->","yoast_head_json":{"title":"Komoda s rasvjetom Cloud White - Inti","description":"Osvijetlite svoju sobu podesivim ugra\u0111enim svjetlom. Pomo\u0107u prekida\u010da na dodir mo\u017eete jednostavno odabrati izme\u0111u 3 nijanse i prilagoditi svjetlinu kako biste stvorili savr\u0161eno osvjetljenje. Ovaj ormari\u0107 unosi da\u0161ak modernog seoskog stila u va\u0161u kuhinju, kafi\u0107 ili blagovaonicu. Njegova boja poput oblaka, \u010diste linije i rustikalna vrata \u010dine ga prekrasnim dodatkom va\u0161em domu. S 3 podesive police, 2 u gornjim odjeljcima i 1 u donjem ormari\u0107u, mo\u017eete po potrebi prilagoditi prostor za odlaganje ove komode i smjestiti sve, od velikih lonaca i tava do malih \u0161alica za kavu. Ovaj kuhinjski ormari\u0107 ima razvodnik s 2 AC uti\u010dnice koje vam omogu\u0107uju napajanje kuhinjskih ure\u0111aja. On-off prekida\u010d pru\u017ea dodatnu sigurnost i omogu\u0107uje isklju\u010divanje struje ako je potrebno. Ovaj ormari\u0107 s otvorenim odjeljcima iznad prozirnih kliznih vrata, prostranom radnom plo\u010dom, velikom ladicom i donjim ormari\u0107em nudi dovoljno prostora za razne kuhinjske potrep\u0161tine i pribor za kavu.","robots":{"index":"index","follow":"follow","max-snippet":"max-snippet:-1","max-image-preview":"max-image-preview:large","max-video-preview":"max-video-preview:-1"},"canonical":"https:\/\/inti.hr\/bs\/proizvod\/komoda-s-rasvjetom-cloud-white\/","og_locale":"bs_BA","og_type":"article","og_title":"Komoda s rasvjetom Cloud White - Inti","og_description":"Osvijetlite svoju sobu podesivim ugra\u0111enim svjetlom. Pomo\u0107u prekida\u010da na dodir mo\u017eete jednostavno odabrati izme\u0111u 3 nijanse i prilagoditi svjetlinu kako biste stvorili savr\u0161eno osvjetljenje. Ovaj ormari\u0107 unosi da\u0161ak modernog seoskog stila u va\u0161u kuhinju, kafi\u0107 ili blagovaonicu. Njegova boja poput oblaka, \u010diste linije i rustikalna vrata \u010dine ga prekrasnim dodatkom va\u0161em domu. S 3 podesive police, 2 u gornjim odjeljcima i 1 u donjem ormari\u0107u, mo\u017eete po potrebi prilagoditi prostor za odlaganje ove komode i smjestiti sve, od velikih lonaca i tava do malih \u0161alica za kavu. Ovaj kuhinjski ormari\u0107 ima razvodnik s 2 AC uti\u010dnice koje vam omogu\u0107uju napajanje kuhinjskih ure\u0111aja. On-off prekida\u010d pru\u017ea dodatnu sigurnost i omogu\u0107uje isklju\u010divanje struje ako je potrebno. Ovaj ormari\u0107 s otvorenim odjeljcima iznad prozirnih kliznih vrata, prostranom radnom plo\u010dom, velikom ladicom i donjim ormari\u0107em nudi dovoljno prostora za razne kuhinjske potrep\u0161tine i pribor za kavu.","og_url":"https:\/\/inti.hr\/bs\/proizvod\/komoda-s-rasvjetom-cloud-white\/","og_site_name":"Inti","og_image":[{"width":1000,"height":1000,"url":"https:\/\/i0.wp.com\/inti.hr\/wp-content\/uploads\/2025\/02\/BBK363W21V1-1.jpg?fit=1000%2C1000&ssl=1","type":"image\/jpeg"}],"twitter_card":"summary_large_image","schema":{"@context":"https:\/\/schema.org","@graph":[{"@type":"WebPage","@id":"https:\/\/inti.hr\/bs\/proizvod\/komoda-s-rasvjetom-cloud-white\/","url":"https:\/\/inti.hr\/bs\/proizvod\/komoda-s-rasvjetom-cloud-white\/","name":"Komoda s rasvjetom Cloud White - Inti","isPartOf":{"@id":"https:\/\/inti.hr\/bs\/#website"},"primaryImageOfPage":{"@id":"https:\/\/inti.hr\/bs\/proizvod\/komoda-s-rasvjetom-cloud-white\/#primaryimage"},"image":{"@id":"https:\/\/inti.hr\/bs\/proizvod\/komoda-s-rasvjetom-cloud-white\/#primaryimage"},"thumbnailUrl":"https:\/\/i0.wp.com\/inti.hr\/wp-content\/uploads\/2025\/02\/BBK363W21V1-1.jpg?fit=1000%2C1000&ssl=1","datePublished":"2025-02-14T07:45:24+00:00","dateModified":"2025-02-14T07:45:24+00:00","description":"Osvijetlite svoju sobu podesivim ugra\u0111enim svjetlom. Pomo\u0107u prekida\u010da na dodir mo\u017eete jednostavno odabrati izme\u0111u 3 nijanse i prilagoditi svjetlinu kako biste stvorili savr\u0161eno osvjetljenje. Ovaj ormari\u0107 unosi da\u0161ak modernog seoskog stila u va\u0161u kuhinju, kafi\u0107 ili blagovaonicu. Njegova boja poput oblaka, \u010diste linije i rustikalna vrata \u010dine ga prekrasnim dodatkom va\u0161em domu. S 3 podesive police, 2 u gornjim odjeljcima i 1 u donjem ormari\u0107u, mo\u017eete po potrebi prilagoditi prostor za odlaganje ove komode i smjestiti sve, od velikih lonaca i tava do malih \u0161alica za kavu. Ovaj kuhinjski ormari\u0107 ima razvodnik s 2 AC uti\u010dnice koje vam omogu\u0107uju napajanje kuhinjskih ure\u0111aja. On-off prekida\u010d pru\u017ea dodatnu sigurnost i omogu\u0107uje isklju\u010divanje struje ako je potrebno. Ovaj ormari\u0107 s otvorenim odjeljcima iznad prozirnih kliznih vrata, prostranom radnom plo\u010dom, velikom ladicom i donjim ormari\u0107em nudi dovoljno prostora za razne kuhinjske potrep\u0161tine i pribor za kavu.","breadcrumb":{"@id":"https:\/\/inti.hr\/bs\/proizvod\/komoda-s-rasvjetom-cloud-white\/#breadcrumb"},"inLanguage":"bs-BA","potentialAction":[{"@type":"ReadAction","target":["https:\/\/inti.hr\/bs\/proizvod\/komoda-s-rasvjetom-cloud-white\/"]}]},{"@type":"ImageObject","inLanguage":"bs-BA","@id":"https:\/\/inti.hr\/bs\/proizvod\/komoda-s-rasvjetom-cloud-white\/#primaryimage","url":"https:\/\/i0.wp.com\/inti.hr\/wp-content\/uploads\/2025\/02\/BBK363W21V1-1.jpg?fit=1000%2C1000&ssl=1","contentUrl":"https:\/\/i0.wp.com\/inti.hr\/wp-content\/uploads\/2025\/02\/BBK363W21V1-1.jpg?fit=1000%2C1000&ssl=1","width":1000,"height":1000,"caption":"VASAGLE Komoda s rasvjetom Cloud White"},{"@type":"BreadcrumbList","@id":"https:\/\/inti.hr\/bs\/proizvod\/komoda-s-rasvjetom-cloud-white\/#breadcrumb","itemListElement":[{"@type":"ListItem","position":1,"name":"Po\u010detna stranica","item":"https:\/\/inti.hr\/bs\/"},{"@type":"ListItem","position":2,"name":"Trgovina","item":"https:\/\/inti.hr\/bs\/trgovina\/"},{"@type":"ListItem","position":3,"name":"Komoda s rasvjetom Cloud White"}]},{"@type":"WebSite","@id":"https:\/\/inti.hr\/bs\/#website","url":"https:\/\/inti.hr\/bs\/","name":"Inti","description":"trgovina","potentialAction":[{"@type":"SearchAction","target":{"@type":"EntryPoint","urlTemplate":"https:\/\/inti.hr\/bs\/?s={search_term_string}"},"query-input":{"@type":"PropertyValueSpecification","valueRequired":true,"valueName":"search_term_string"}}],"inLanguage":"bs-BA"}]}},"jetpack_sharing_enabled":true,"jetpack-related-posts":[],"_links":{"self":[{"href":"https:\/\/inti.hr\/bs\/wp-json\/wp\/v2\/product\/35117"}],"collection":[{"href":"https:\/\/inti.hr\/bs\/wp-json\/wp\/v2\/product"}],"about":[{"href":"https:\/\/inti.hr\/bs\/wp-json\/wp\/v2\/types\/product"}],"wp:featuredmedia":[{"embeddable":true,"href":"https:\/\/inti.hr\/bs\/wp-json\/wp\/v2\/media\/35118"}],"wp:attachment":[{"href":"https:\/\/inti.hr\/bs\/wp-json\/wp\/v2\/media?parent=35117"}],"wp:term":[{"taxonomy":"product_cat","embeddable":true,"href":"https:\/\/inti.hr\/bs\/wp-json\/wp\/v2\/product_cat?post=35117"},{"taxonomy":"product_tag","embeddable":true,"href":"https:\/\/inti.hr\/bs\/wp-json\/wp\/v2\/product_tag?post=35117"}],"curies":[{"name":"wp","href":"https:\/\/api.w.org\/{rel}","templated":true}]}}