{"id":35125,"date":"2025-02-13T12:35:40","date_gmt":"2025-02-13T11:35:40","guid":{"rendered":"https:\/\/inti.hr\/product\/stalak-za-cipele-od-bambusa\/"},"modified":"2025-02-13T12:35:40","modified_gmt":"2025-02-13T11:35:40","slug":"stalak-za-cipele-od-bambusa","status":"publish","type":"product","link":"https:\/\/inti.hr\/bs\/proizvod\/stalak-za-cipele-od-bambusa\/","title":{"rendered":"Stalak za cipele od bambusa"},"content":{"rendered":"<p>Detalji proizvoda:<br \/>\n&#8211; Boja: prirodna<br \/>\n&#8211; Materijal: bambus<br \/>\n&#8211; Dimenzije: 70 x 45 x 28 cm (\u0160 x V x D)<br \/>\n&#8211; Te\u017eina: 4,26 kg<\/p>\n","protected":false},"excerpt":{"rendered":"<p>Bambusovo sjedalo ove klupe sastoji se od samo jednog dijela, osiguravaju\u0107i &#8230; <\/p>\n","protected":false},"featured_media":35126,"template":"","meta":[],"product_cat":[2632],"product_tag":[2633,4466],"yoast_head":"<!-- This site is optimized with the Yoast SEO plugin v23.7 - https:\/\/yoast.com\/wordpress\/plugins\/seo\/ -->\n<title>Stalak za cipele od bambusa - Inti<\/title>\n<meta name=\"description\" content=\"Bambusovo sjedalo ove klupe sastoji se od samo jednog dijela, osiguravaju\u0107i visoku stabilnost i nosivost do 120 kg. Ovaj komad namje\u0161taja nudi optimalnu kombinaciju ormari\u0107a za cipele i klupe. Zahvaljuju\u0107i svojim kompaktnim dimenzijama od 70 x 45 x 28 cm, polica je idealna za hodnike, spava\u0107e sobe, kupaonice, balkone, kuhinje itd. Visokokvalitetni stalak za cipele od bambusa koji mo\u017ee dr\u017eati do 4 para cipela po polici, jasne upute, kompletan pribor za sastavljanje i ljubazna korisni\u010dka slu\u017eba. Bambus nije jak samo kao drvo bukve ili javora. Zahvaljuju\u0107i laku, materijal je tako\u0111er otporan na vlagu i lako se \u010disti. Zaobljeni rubovi i upu\u0161tene glave vijaka tako\u0111er sprje\u010davaju ozljede. \u00a0Za sastavljanje ove klupe potrebno je samo nekoliko koraka. Zahvaljuju\u0107i visokokvalitetnim, pocin\u010danim spojnicama otpornim na hr\u0111u, ostaje stabilan \u010dak i nakon ponovljene monta\u017ee i demonta\u017ee.\" \/>\n<meta name=\"robots\" content=\"index, follow, max-snippet:-1, max-image-preview:large, max-video-preview:-1\" \/>\n<link rel=\"canonical\" href=\"https:\/\/inti.hr\/bs\/proizvod\/stalak-za-cipele-od-bambusa\/\" \/>\n<meta property=\"og:locale\" content=\"bs_BA\" \/>\n<meta property=\"og:type\" content=\"article\" \/>\n<meta property=\"og:title\" content=\"Stalak za cipele od bambusa - Inti\" \/>\n<meta property=\"og:description\" content=\"Bambusovo sjedalo ove klupe sastoji se od samo jednog dijela, osiguravaju\u0107i visoku stabilnost i nosivost do 120 kg. Ovaj komad namje\u0161taja nudi optimalnu kombinaciju ormari\u0107a za cipele i klupe. Zahvaljuju\u0107i svojim kompaktnim dimenzijama od 70 x 45 x 28 cm, polica je idealna za hodnike, spava\u0107e sobe, kupaonice, balkone, kuhinje itd. Visokokvalitetni stalak za cipele od bambusa koji mo\u017ee dr\u017eati do 4 para cipela po polici, jasne upute, kompletan pribor za sastavljanje i ljubazna korisni\u010dka slu\u017eba. Bambus nije jak samo kao drvo bukve ili javora. Zahvaljuju\u0107i laku, materijal je tako\u0111er otporan na vlagu i lako se \u010disti. Zaobljeni rubovi i upu\u0161tene glave vijaka tako\u0111er sprje\u010davaju ozljede. \u00a0Za sastavljanje ove klupe potrebno je samo nekoliko koraka. Zahvaljuju\u0107i visokokvalitetnim, pocin\u010danim spojnicama otpornim na hr\u0111u, ostaje stabilan \u010dak i nakon ponovljene monta\u017ee i demonta\u017ee.\" \/>\n<meta property=\"og:url\" content=\"https:\/\/inti.hr\/bs\/proizvod\/stalak-za-cipele-od-bambusa\/\" \/>\n<meta property=\"og:site_name\" content=\"Inti\" \/>\n<meta property=\"og:image\" content=\"https:\/\/i0.wp.com\/inti.hr\/wp-content\/uploads\/2025\/02\/Schuhregal-Bambus-LBS04N-1.jpg?fit=1000%2C1000&ssl=1\" \/>\n\t<meta property=\"og:image:width\" content=\"1000\" \/>\n\t<meta property=\"og:image:height\" content=\"1000\" \/>\n\t<meta property=\"og:image:type\" content=\"image\/jpeg\" \/>\n<meta name=\"twitter:card\" content=\"summary_large_image\" \/>\n<script type=\"application\/ld+json\" class=\"yoast-schema-graph\">{\"@context\":\"https:\/\/schema.org\",\"@graph\":[{\"@type\":\"WebPage\",\"@id\":\"https:\/\/inti.hr\/bs\/proizvod\/stalak-za-cipele-od-bambusa\/\",\"url\":\"https:\/\/inti.hr\/bs\/proizvod\/stalak-za-cipele-od-bambusa\/\",\"name\":\"Stalak za cipele od bambusa - Inti\",\"isPartOf\":{\"@id\":\"https:\/\/inti.hr\/bs\/#website\"},\"primaryImageOfPage\":{\"@id\":\"https:\/\/inti.hr\/bs\/proizvod\/stalak-za-cipele-od-bambusa\/#primaryimage\"},\"image\":{\"@id\":\"https:\/\/inti.hr\/bs\/proizvod\/stalak-za-cipele-od-bambusa\/#primaryimage\"},\"thumbnailUrl\":\"https:\/\/i0.wp.com\/inti.hr\/wp-content\/uploads\/2025\/02\/Schuhregal-Bambus-LBS04N-1.jpg?fit=1000%2C1000&ssl=1\",\"datePublished\":\"2025-02-13T11:35:40+00:00\",\"dateModified\":\"2025-02-13T11:35:40+00:00\",\"description\":\"Bambusovo sjedalo ove klupe sastoji se od samo jednog dijela, osiguravaju\u0107i visoku stabilnost i nosivost do 120 kg. Ovaj komad namje\u0161taja nudi optimalnu kombinaciju ormari\u0107a za cipele i klupe. Zahvaljuju\u0107i svojim kompaktnim dimenzijama od 70 x 45 x 28 cm, polica je idealna za hodnike, spava\u0107e sobe, kupaonice, balkone, kuhinje itd. Visokokvalitetni stalak za cipele od bambusa koji mo\u017ee dr\u017eati do 4 para cipela po polici, jasne upute, kompletan pribor za sastavljanje i ljubazna korisni\u010dka slu\u017eba. Bambus nije jak samo kao drvo bukve ili javora. Zahvaljuju\u0107i laku, materijal je tako\u0111er otporan na vlagu i lako se \u010disti. Zaobljeni rubovi i upu\u0161tene glave vijaka tako\u0111er sprje\u010davaju ozljede. \u00a0Za sastavljanje ove klupe potrebno je samo nekoliko koraka. Zahvaljuju\u0107i visokokvalitetnim, pocin\u010danim spojnicama otpornim na hr\u0111u, ostaje stabilan \u010dak i nakon ponovljene monta\u017ee i demonta\u017ee.\",\"breadcrumb\":{\"@id\":\"https:\/\/inti.hr\/bs\/proizvod\/stalak-za-cipele-od-bambusa\/#breadcrumb\"},\"inLanguage\":\"bs-BA\",\"potentialAction\":[{\"@type\":\"ReadAction\",\"target\":[\"https:\/\/inti.hr\/bs\/proizvod\/stalak-za-cipele-od-bambusa\/\"]}]},{\"@type\":\"ImageObject\",\"inLanguage\":\"bs-BA\",\"@id\":\"https:\/\/inti.hr\/bs\/proizvod\/stalak-za-cipele-od-bambusa\/#primaryimage\",\"url\":\"https:\/\/i0.wp.com\/inti.hr\/wp-content\/uploads\/2025\/02\/Schuhregal-Bambus-LBS04N-1.jpg?fit=1000%2C1000&ssl=1\",\"contentUrl\":\"https:\/\/i0.wp.com\/inti.hr\/wp-content\/uploads\/2025\/02\/Schuhregal-Bambus-LBS04N-1.jpg?fit=1000%2C1000&ssl=1\",\"width\":1000,\"height\":1000,\"caption\":\"SONGMICS Stalak za cipele od bambusa\"},{\"@type\":\"BreadcrumbList\",\"@id\":\"https:\/\/inti.hr\/bs\/proizvod\/stalak-za-cipele-od-bambusa\/#breadcrumb\",\"itemListElement\":[{\"@type\":\"ListItem\",\"position\":1,\"name\":\"Po\u010detna stranica\",\"item\":\"https:\/\/inti.hr\/bs\/\"},{\"@type\":\"ListItem\",\"position\":2,\"name\":\"Trgovina\",\"item\":\"https:\/\/inti.hr\/bs\/trgovina\/\"},{\"@type\":\"ListItem\",\"position\":3,\"name\":\"Stalak za cipele od bambusa\"}]},{\"@type\":\"WebSite\",\"@id\":\"https:\/\/inti.hr\/bs\/#website\",\"url\":\"https:\/\/inti.hr\/bs\/\",\"name\":\"Inti\",\"description\":\"trgovina\",\"potentialAction\":[{\"@type\":\"SearchAction\",\"target\":{\"@type\":\"EntryPoint\",\"urlTemplate\":\"https:\/\/inti.hr\/bs\/?s={search_term_string}\"},\"query-input\":{\"@type\":\"PropertyValueSpecification\",\"valueRequired\":true,\"valueName\":\"search_term_string\"}}],\"inLanguage\":\"bs-BA\"}]}<\/script>\n<!-- \/ Yoast SEO plugin. -->","yoast_head_json":{"title":"Stalak za cipele od bambusa - Inti","description":"Bambusovo sjedalo ove klupe sastoji se od samo jednog dijela, osiguravaju\u0107i visoku stabilnost i nosivost do 120 kg. Ovaj komad namje\u0161taja nudi optimalnu kombinaciju ormari\u0107a za cipele i klupe. Zahvaljuju\u0107i svojim kompaktnim dimenzijama od 70 x 45 x 28 cm, polica je idealna za hodnike, spava\u0107e sobe, kupaonice, balkone, kuhinje itd. Visokokvalitetni stalak za cipele od bambusa koji mo\u017ee dr\u017eati do 4 para cipela po polici, jasne upute, kompletan pribor za sastavljanje i ljubazna korisni\u010dka slu\u017eba. Bambus nije jak samo kao drvo bukve ili javora. Zahvaljuju\u0107i laku, materijal je tako\u0111er otporan na vlagu i lako se \u010disti. Zaobljeni rubovi i upu\u0161tene glave vijaka tako\u0111er sprje\u010davaju ozljede. \u00a0Za sastavljanje ove klupe potrebno je samo nekoliko koraka. Zahvaljuju\u0107i visokokvalitetnim, pocin\u010danim spojnicama otpornim na hr\u0111u, ostaje stabilan \u010dak i nakon ponovljene monta\u017ee i demonta\u017ee.","robots":{"index":"index","follow":"follow","max-snippet":"max-snippet:-1","max-image-preview":"max-image-preview:large","max-video-preview":"max-video-preview:-1"},"canonical":"https:\/\/inti.hr\/bs\/proizvod\/stalak-za-cipele-od-bambusa\/","og_locale":"bs_BA","og_type":"article","og_title":"Stalak za cipele od bambusa - Inti","og_description":"Bambusovo sjedalo ove klupe sastoji se od samo jednog dijela, osiguravaju\u0107i visoku stabilnost i nosivost do 120 kg. Ovaj komad namje\u0161taja nudi optimalnu kombinaciju ormari\u0107a za cipele i klupe. Zahvaljuju\u0107i svojim kompaktnim dimenzijama od 70 x 45 x 28 cm, polica je idealna za hodnike, spava\u0107e sobe, kupaonice, balkone, kuhinje itd. Visokokvalitetni stalak za cipele od bambusa koji mo\u017ee dr\u017eati do 4 para cipela po polici, jasne upute, kompletan pribor za sastavljanje i ljubazna korisni\u010dka slu\u017eba. Bambus nije jak samo kao drvo bukve ili javora. Zahvaljuju\u0107i laku, materijal je tako\u0111er otporan na vlagu i lako se \u010disti. Zaobljeni rubovi i upu\u0161tene glave vijaka tako\u0111er sprje\u010davaju ozljede. \u00a0Za sastavljanje ove klupe potrebno je samo nekoliko koraka. Zahvaljuju\u0107i visokokvalitetnim, pocin\u010danim spojnicama otpornim na hr\u0111u, ostaje stabilan \u010dak i nakon ponovljene monta\u017ee i demonta\u017ee.","og_url":"https:\/\/inti.hr\/bs\/proizvod\/stalak-za-cipele-od-bambusa\/","og_site_name":"Inti","og_image":[{"width":1000,"height":1000,"url":"https:\/\/i0.wp.com\/inti.hr\/wp-content\/uploads\/2025\/02\/Schuhregal-Bambus-LBS04N-1.jpg?fit=1000%2C1000&ssl=1","type":"image\/jpeg"}],"twitter_card":"summary_large_image","schema":{"@context":"https:\/\/schema.org","@graph":[{"@type":"WebPage","@id":"https:\/\/inti.hr\/bs\/proizvod\/stalak-za-cipele-od-bambusa\/","url":"https:\/\/inti.hr\/bs\/proizvod\/stalak-za-cipele-od-bambusa\/","name":"Stalak za cipele od bambusa - Inti","isPartOf":{"@id":"https:\/\/inti.hr\/bs\/#website"},"primaryImageOfPage":{"@id":"https:\/\/inti.hr\/bs\/proizvod\/stalak-za-cipele-od-bambusa\/#primaryimage"},"image":{"@id":"https:\/\/inti.hr\/bs\/proizvod\/stalak-za-cipele-od-bambusa\/#primaryimage"},"thumbnailUrl":"https:\/\/i0.wp.com\/inti.hr\/wp-content\/uploads\/2025\/02\/Schuhregal-Bambus-LBS04N-1.jpg?fit=1000%2C1000&ssl=1","datePublished":"2025-02-13T11:35:40+00:00","dateModified":"2025-02-13T11:35:40+00:00","description":"Bambusovo sjedalo ove klupe sastoji se od samo jednog dijela, osiguravaju\u0107i visoku stabilnost i nosivost do 120 kg. Ovaj komad namje\u0161taja nudi optimalnu kombinaciju ormari\u0107a za cipele i klupe. Zahvaljuju\u0107i svojim kompaktnim dimenzijama od 70 x 45 x 28 cm, polica je idealna za hodnike, spava\u0107e sobe, kupaonice, balkone, kuhinje itd. Visokokvalitetni stalak za cipele od bambusa koji mo\u017ee dr\u017eati do 4 para cipela po polici, jasne upute, kompletan pribor za sastavljanje i ljubazna korisni\u010dka slu\u017eba. Bambus nije jak samo kao drvo bukve ili javora. Zahvaljuju\u0107i laku, materijal je tako\u0111er otporan na vlagu i lako se \u010disti. Zaobljeni rubovi i upu\u0161tene glave vijaka tako\u0111er sprje\u010davaju ozljede. \u00a0Za sastavljanje ove klupe potrebno je samo nekoliko koraka. Zahvaljuju\u0107i visokokvalitetnim, pocin\u010danim spojnicama otpornim na hr\u0111u, ostaje stabilan \u010dak i nakon ponovljene monta\u017ee i demonta\u017ee.","breadcrumb":{"@id":"https:\/\/inti.hr\/bs\/proizvod\/stalak-za-cipele-od-bambusa\/#breadcrumb"},"inLanguage":"bs-BA","potentialAction":[{"@type":"ReadAction","target":["https:\/\/inti.hr\/bs\/proizvod\/stalak-za-cipele-od-bambusa\/"]}]},{"@type":"ImageObject","inLanguage":"bs-BA","@id":"https:\/\/inti.hr\/bs\/proizvod\/stalak-za-cipele-od-bambusa\/#primaryimage","url":"https:\/\/i0.wp.com\/inti.hr\/wp-content\/uploads\/2025\/02\/Schuhregal-Bambus-LBS04N-1.jpg?fit=1000%2C1000&ssl=1","contentUrl":"https:\/\/i0.wp.com\/inti.hr\/wp-content\/uploads\/2025\/02\/Schuhregal-Bambus-LBS04N-1.jpg?fit=1000%2C1000&ssl=1","width":1000,"height":1000,"caption":"SONGMICS Stalak za cipele od bambusa"},{"@type":"BreadcrumbList","@id":"https:\/\/inti.hr\/bs\/proizvod\/stalak-za-cipele-od-bambusa\/#breadcrumb","itemListElement":[{"@type":"ListItem","position":1,"name":"Po\u010detna stranica","item":"https:\/\/inti.hr\/bs\/"},{"@type":"ListItem","position":2,"name":"Trgovina","item":"https:\/\/inti.hr\/bs\/trgovina\/"},{"@type":"ListItem","position":3,"name":"Stalak za cipele od bambusa"}]},{"@type":"WebSite","@id":"https:\/\/inti.hr\/bs\/#website","url":"https:\/\/inti.hr\/bs\/","name":"Inti","description":"trgovina","potentialAction":[{"@type":"SearchAction","target":{"@type":"EntryPoint","urlTemplate":"https:\/\/inti.hr\/bs\/?s={search_term_string}"},"query-input":{"@type":"PropertyValueSpecification","valueRequired":true,"valueName":"search_term_string"}}],"inLanguage":"bs-BA"}]}},"jetpack_sharing_enabled":true,"jetpack-related-posts":[],"_links":{"self":[{"href":"https:\/\/inti.hr\/bs\/wp-json\/wp\/v2\/product\/35125"}],"collection":[{"href":"https:\/\/inti.hr\/bs\/wp-json\/wp\/v2\/product"}],"about":[{"href":"https:\/\/inti.hr\/bs\/wp-json\/wp\/v2\/types\/product"}],"wp:featuredmedia":[{"embeddable":true,"href":"https:\/\/inti.hr\/bs\/wp-json\/wp\/v2\/media\/35126"}],"wp:attachment":[{"href":"https:\/\/inti.hr\/bs\/wp-json\/wp\/v2\/media?parent=35125"}],"wp:term":[{"taxonomy":"product_cat","embeddable":true,"href":"https:\/\/inti.hr\/bs\/wp-json\/wp\/v2\/product_cat?post=35125"},{"taxonomy":"product_tag","embeddable":true,"href":"https:\/\/inti.hr\/bs\/wp-json\/wp\/v2\/product_tag?post=35125"}],"curies":[{"name":"wp","href":"https:\/\/api.w.org\/{rel}","templated":true}]}}