{"id":35201,"date":"2025-01-24T12:04:12","date_gmt":"2025-01-24T11:04:12","guid":{"rendered":"https:\/\/inti.hr\/product\/ormaric-za-igracke\/"},"modified":"2025-01-24T12:04:12","modified_gmt":"2025-01-24T11:04:12","slug":"ormaric-za-igracke","status":"publish","type":"product","link":"https:\/\/inti.hr\/bs\/proizvod\/ormaric-za-igracke\/","title":{"rendered":"Ormari\u0107 za igra\u010dke"},"content":{"rendered":"<p>Detalji proizvoda:<\/p>\n<p>Materijal: MDF (vlaknasta plo\u010da srednje gusto\u0107e)<\/p>\n<p>Dimenzije: 102 x 30 x 60 cm (D x \u0160 x V)<\/p>\n<p>Te\u017eina: 24,5 kg<\/p>\n<p>Maksimalna stati\u010dka nosivost po razini: 45,4 kg<\/p>\n<p>Maksimalna stati\u010dka nosivost po ormari\u0107u: 18,1 kg<\/p>\n","protected":false},"excerpt":{"rendered":"<p>S ovom policom za djecu mo\u017eete sve pospremiti. Zahvaljuju\u0107i bijeloj povr\u0161ini &#8230; <\/p>\n","protected":false},"featured_media":35202,"template":"","meta":[],"product_cat":[2602],"product_tag":[2410,4478],"yoast_head":"<!-- This site is optimized with the Yoast SEO plugin v23.7 - https:\/\/yoast.com\/wordpress\/plugins\/seo\/ -->\n<title>Ormari\u0107 za igra\u010dke - Inti<\/title>\n<meta name=\"description\" content=\"S ovom policom za djecu mo\u017eete sve pospremiti. Zahvaljuju\u0107i bijeloj povr\u0161ini i jednostavnom izgledu uklapa se u Va\u0161 dnevni boravak, spava\u0107u ili dje\u010dju sobu. Pametno dizajniran: jedna polica na vrhu, jedan otvoreni pretinac, 3 kutije (30 x 30 x 29,5 cm) na dnu. Ovaj ormar za igra\u010dke nudi dovoljno mjesta za sve: lopte, lutke, kocke za gradnju i slikovnice mogu se lijepo razvrstati i pohraniti na prakti\u010dan na\u010din. Dizajn prilago\u0111en djeci: Va\u0161e dijete mo\u017ee lako ukloniti 3 kutije - svaka s 4 kota\u010da; izrezi poma\u017eu u izbjegavanju zapinjanja ruku; Dje\u010dja polica je visoka 60 cm i va\u0161e dijete mo\u017ee lako do\u0107i do svojih igra\u010daka. Materijali? Visoka kvaliteta! Izra\u0111ena od robusnih MDF plo\u010da i metala, ova polica za igra\u010dke osigurava stabilno dr\u017eanje i pratit \u0107e vas ili va\u0161u djecu dugi niz godina.\" \/>\n<meta name=\"robots\" content=\"index, follow, max-snippet:-1, max-image-preview:large, max-video-preview:-1\" \/>\n<link rel=\"canonical\" href=\"https:\/\/inti.hr\/bs\/proizvod\/ormaric-za-igracke\/\" \/>\n<meta property=\"og:locale\" content=\"bs_BA\" \/>\n<meta property=\"og:type\" content=\"article\" \/>\n<meta property=\"og:title\" content=\"Ormari\u0107 za igra\u010dke - Inti\" \/>\n<meta property=\"og:description\" content=\"S ovom policom za djecu mo\u017eete sve pospremiti. Zahvaljuju\u0107i bijeloj povr\u0161ini i jednostavnom izgledu uklapa se u Va\u0161 dnevni boravak, spava\u0107u ili dje\u010dju sobu. Pametno dizajniran: jedna polica na vrhu, jedan otvoreni pretinac, 3 kutije (30 x 30 x 29,5 cm) na dnu. Ovaj ormar za igra\u010dke nudi dovoljno mjesta za sve: lopte, lutke, kocke za gradnju i slikovnice mogu se lijepo razvrstati i pohraniti na prakti\u010dan na\u010din. Dizajn prilago\u0111en djeci: Va\u0161e dijete mo\u017ee lako ukloniti 3 kutije - svaka s 4 kota\u010da; izrezi poma\u017eu u izbjegavanju zapinjanja ruku; Dje\u010dja polica je visoka 60 cm i va\u0161e dijete mo\u017ee lako do\u0107i do svojih igra\u010daka. Materijali? Visoka kvaliteta! Izra\u0111ena od robusnih MDF plo\u010da i metala, ova polica za igra\u010dke osigurava stabilno dr\u017eanje i pratit \u0107e vas ili va\u0161u djecu dugi niz godina.\" \/>\n<meta property=\"og:url\" content=\"https:\/\/inti.hr\/bs\/proizvod\/ormaric-za-igracke\/\" \/>\n<meta property=\"og:site_name\" content=\"Inti\" \/>\n<meta property=\"og:image\" content=\"https:\/\/i0.wp.com\/inti.hr\/wp-content\/uploads\/2025\/01\/LHS380K01-2.jpg?fit=800%2C1000&ssl=1\" \/>\n\t<meta property=\"og:image:width\" content=\"800\" \/>\n\t<meta property=\"og:image:height\" content=\"1000\" \/>\n\t<meta property=\"og:image:type\" content=\"image\/jpeg\" \/>\n<meta name=\"twitter:card\" content=\"summary_large_image\" \/>\n<script type=\"application\/ld+json\" class=\"yoast-schema-graph\">{\"@context\":\"https:\/\/schema.org\",\"@graph\":[{\"@type\":\"WebPage\",\"@id\":\"https:\/\/inti.hr\/bs\/proizvod\/ormaric-za-igracke\/\",\"url\":\"https:\/\/inti.hr\/bs\/proizvod\/ormaric-za-igracke\/\",\"name\":\"Ormari\u0107 za igra\u010dke - Inti\",\"isPartOf\":{\"@id\":\"https:\/\/inti.hr\/bs\/#website\"},\"primaryImageOfPage\":{\"@id\":\"https:\/\/inti.hr\/bs\/proizvod\/ormaric-za-igracke\/#primaryimage\"},\"image\":{\"@id\":\"https:\/\/inti.hr\/bs\/proizvod\/ormaric-za-igracke\/#primaryimage\"},\"thumbnailUrl\":\"https:\/\/i0.wp.com\/inti.hr\/wp-content\/uploads\/2025\/01\/LHS380K01-2.jpg?fit=800%2C1000&ssl=1\",\"datePublished\":\"2025-01-24T11:04:12+00:00\",\"dateModified\":\"2025-01-24T11:04:12+00:00\",\"description\":\"S ovom policom za djecu mo\u017eete sve pospremiti. Zahvaljuju\u0107i bijeloj povr\u0161ini i jednostavnom izgledu uklapa se u Va\u0161 dnevni boravak, spava\u0107u ili dje\u010dju sobu. Pametno dizajniran: jedna polica na vrhu, jedan otvoreni pretinac, 3 kutije (30 x 30 x 29,5 cm) na dnu. Ovaj ormar za igra\u010dke nudi dovoljno mjesta za sve: lopte, lutke, kocke za gradnju i slikovnice mogu se lijepo razvrstati i pohraniti na prakti\u010dan na\u010din. Dizajn prilago\u0111en djeci: Va\u0161e dijete mo\u017ee lako ukloniti 3 kutije - svaka s 4 kota\u010da; izrezi poma\u017eu u izbjegavanju zapinjanja ruku; Dje\u010dja polica je visoka 60 cm i va\u0161e dijete mo\u017ee lako do\u0107i do svojih igra\u010daka. Materijali? Visoka kvaliteta! Izra\u0111ena od robusnih MDF plo\u010da i metala, ova polica za igra\u010dke osigurava stabilno dr\u017eanje i pratit \u0107e vas ili va\u0161u djecu dugi niz godina.\",\"breadcrumb\":{\"@id\":\"https:\/\/inti.hr\/bs\/proizvod\/ormaric-za-igracke\/#breadcrumb\"},\"inLanguage\":\"bs-BA\",\"potentialAction\":[{\"@type\":\"ReadAction\",\"target\":[\"https:\/\/inti.hr\/bs\/proizvod\/ormaric-za-igracke\/\"]}]},{\"@type\":\"ImageObject\",\"inLanguage\":\"bs-BA\",\"@id\":\"https:\/\/inti.hr\/bs\/proizvod\/ormaric-za-igracke\/#primaryimage\",\"url\":\"https:\/\/i0.wp.com\/inti.hr\/wp-content\/uploads\/2025\/01\/LHS380K01-2.jpg?fit=800%2C1000&ssl=1\",\"contentUrl\":\"https:\/\/i0.wp.com\/inti.hr\/wp-content\/uploads\/2025\/01\/LHS380K01-2.jpg?fit=800%2C1000&ssl=1\",\"width\":800,\"height\":1000,\"caption\":\"VASAGLE dje\u010dja polica s kota\u010dima 30 x 102 x 60 cm pje\u0161\u010dano be\u017e\"},{\"@type\":\"BreadcrumbList\",\"@id\":\"https:\/\/inti.hr\/bs\/proizvod\/ormaric-za-igracke\/#breadcrumb\",\"itemListElement\":[{\"@type\":\"ListItem\",\"position\":1,\"name\":\"Po\u010detna stranica\",\"item\":\"https:\/\/inti.hr\/bs\/\"},{\"@type\":\"ListItem\",\"position\":2,\"name\":\"Trgovina\",\"item\":\"https:\/\/inti.hr\/bs\/trgovina\/\"},{\"@type\":\"ListItem\",\"position\":3,\"name\":\"Ormari\u0107 za igra\u010dke\"}]},{\"@type\":\"WebSite\",\"@id\":\"https:\/\/inti.hr\/bs\/#website\",\"url\":\"https:\/\/inti.hr\/bs\/\",\"name\":\"Inti\",\"description\":\"trgovina\",\"potentialAction\":[{\"@type\":\"SearchAction\",\"target\":{\"@type\":\"EntryPoint\",\"urlTemplate\":\"https:\/\/inti.hr\/bs\/?s={search_term_string}\"},\"query-input\":{\"@type\":\"PropertyValueSpecification\",\"valueRequired\":true,\"valueName\":\"search_term_string\"}}],\"inLanguage\":\"bs-BA\"}]}<\/script>\n<!-- \/ Yoast SEO plugin. -->","yoast_head_json":{"title":"Ormari\u0107 za igra\u010dke - Inti","description":"S ovom policom za djecu mo\u017eete sve pospremiti. Zahvaljuju\u0107i bijeloj povr\u0161ini i jednostavnom izgledu uklapa se u Va\u0161 dnevni boravak, spava\u0107u ili dje\u010dju sobu. Pametno dizajniran: jedna polica na vrhu, jedan otvoreni pretinac, 3 kutije (30 x 30 x 29,5 cm) na dnu. Ovaj ormar za igra\u010dke nudi dovoljno mjesta za sve: lopte, lutke, kocke za gradnju i slikovnice mogu se lijepo razvrstati i pohraniti na prakti\u010dan na\u010din. Dizajn prilago\u0111en djeci: Va\u0161e dijete mo\u017ee lako ukloniti 3 kutije - svaka s 4 kota\u010da; izrezi poma\u017eu u izbjegavanju zapinjanja ruku; Dje\u010dja polica je visoka 60 cm i va\u0161e dijete mo\u017ee lako do\u0107i do svojih igra\u010daka. Materijali? Visoka kvaliteta! Izra\u0111ena od robusnih MDF plo\u010da i metala, ova polica za igra\u010dke osigurava stabilno dr\u017eanje i pratit \u0107e vas ili va\u0161u djecu dugi niz godina.","robots":{"index":"index","follow":"follow","max-snippet":"max-snippet:-1","max-image-preview":"max-image-preview:large","max-video-preview":"max-video-preview:-1"},"canonical":"https:\/\/inti.hr\/bs\/proizvod\/ormaric-za-igracke\/","og_locale":"bs_BA","og_type":"article","og_title":"Ormari\u0107 za igra\u010dke - Inti","og_description":"S ovom policom za djecu mo\u017eete sve pospremiti. Zahvaljuju\u0107i bijeloj povr\u0161ini i jednostavnom izgledu uklapa se u Va\u0161 dnevni boravak, spava\u0107u ili dje\u010dju sobu. Pametno dizajniran: jedna polica na vrhu, jedan otvoreni pretinac, 3 kutije (30 x 30 x 29,5 cm) na dnu. Ovaj ormar za igra\u010dke nudi dovoljno mjesta za sve: lopte, lutke, kocke za gradnju i slikovnice mogu se lijepo razvrstati i pohraniti na prakti\u010dan na\u010din. Dizajn prilago\u0111en djeci: Va\u0161e dijete mo\u017ee lako ukloniti 3 kutije - svaka s 4 kota\u010da; izrezi poma\u017eu u izbjegavanju zapinjanja ruku; Dje\u010dja polica je visoka 60 cm i va\u0161e dijete mo\u017ee lako do\u0107i do svojih igra\u010daka. Materijali? Visoka kvaliteta! Izra\u0111ena od robusnih MDF plo\u010da i metala, ova polica za igra\u010dke osigurava stabilno dr\u017eanje i pratit \u0107e vas ili va\u0161u djecu dugi niz godina.","og_url":"https:\/\/inti.hr\/bs\/proizvod\/ormaric-za-igracke\/","og_site_name":"Inti","og_image":[{"width":800,"height":1000,"url":"https:\/\/i0.wp.com\/inti.hr\/wp-content\/uploads\/2025\/01\/LHS380K01-2.jpg?fit=800%2C1000&ssl=1","type":"image\/jpeg"}],"twitter_card":"summary_large_image","schema":{"@context":"https:\/\/schema.org","@graph":[{"@type":"WebPage","@id":"https:\/\/inti.hr\/bs\/proizvod\/ormaric-za-igracke\/","url":"https:\/\/inti.hr\/bs\/proizvod\/ormaric-za-igracke\/","name":"Ormari\u0107 za igra\u010dke - Inti","isPartOf":{"@id":"https:\/\/inti.hr\/bs\/#website"},"primaryImageOfPage":{"@id":"https:\/\/inti.hr\/bs\/proizvod\/ormaric-za-igracke\/#primaryimage"},"image":{"@id":"https:\/\/inti.hr\/bs\/proizvod\/ormaric-za-igracke\/#primaryimage"},"thumbnailUrl":"https:\/\/i0.wp.com\/inti.hr\/wp-content\/uploads\/2025\/01\/LHS380K01-2.jpg?fit=800%2C1000&ssl=1","datePublished":"2025-01-24T11:04:12+00:00","dateModified":"2025-01-24T11:04:12+00:00","description":"S ovom policom za djecu mo\u017eete sve pospremiti. Zahvaljuju\u0107i bijeloj povr\u0161ini i jednostavnom izgledu uklapa se u Va\u0161 dnevni boravak, spava\u0107u ili dje\u010dju sobu. Pametno dizajniran: jedna polica na vrhu, jedan otvoreni pretinac, 3 kutije (30 x 30 x 29,5 cm) na dnu. Ovaj ormar za igra\u010dke nudi dovoljno mjesta za sve: lopte, lutke, kocke za gradnju i slikovnice mogu se lijepo razvrstati i pohraniti na prakti\u010dan na\u010din. Dizajn prilago\u0111en djeci: Va\u0161e dijete mo\u017ee lako ukloniti 3 kutije - svaka s 4 kota\u010da; izrezi poma\u017eu u izbjegavanju zapinjanja ruku; Dje\u010dja polica je visoka 60 cm i va\u0161e dijete mo\u017ee lako do\u0107i do svojih igra\u010daka. Materijali? Visoka kvaliteta! Izra\u0111ena od robusnih MDF plo\u010da i metala, ova polica za igra\u010dke osigurava stabilno dr\u017eanje i pratit \u0107e vas ili va\u0161u djecu dugi niz godina.","breadcrumb":{"@id":"https:\/\/inti.hr\/bs\/proizvod\/ormaric-za-igracke\/#breadcrumb"},"inLanguage":"bs-BA","potentialAction":[{"@type":"ReadAction","target":["https:\/\/inti.hr\/bs\/proizvod\/ormaric-za-igracke\/"]}]},{"@type":"ImageObject","inLanguage":"bs-BA","@id":"https:\/\/inti.hr\/bs\/proizvod\/ormaric-za-igracke\/#primaryimage","url":"https:\/\/i0.wp.com\/inti.hr\/wp-content\/uploads\/2025\/01\/LHS380K01-2.jpg?fit=800%2C1000&ssl=1","contentUrl":"https:\/\/i0.wp.com\/inti.hr\/wp-content\/uploads\/2025\/01\/LHS380K01-2.jpg?fit=800%2C1000&ssl=1","width":800,"height":1000,"caption":"VASAGLE dje\u010dja polica s kota\u010dima 30 x 102 x 60 cm pje\u0161\u010dano be\u017e"},{"@type":"BreadcrumbList","@id":"https:\/\/inti.hr\/bs\/proizvod\/ormaric-za-igracke\/#breadcrumb","itemListElement":[{"@type":"ListItem","position":1,"name":"Po\u010detna stranica","item":"https:\/\/inti.hr\/bs\/"},{"@type":"ListItem","position":2,"name":"Trgovina","item":"https:\/\/inti.hr\/bs\/trgovina\/"},{"@type":"ListItem","position":3,"name":"Ormari\u0107 za igra\u010dke"}]},{"@type":"WebSite","@id":"https:\/\/inti.hr\/bs\/#website","url":"https:\/\/inti.hr\/bs\/","name":"Inti","description":"trgovina","potentialAction":[{"@type":"SearchAction","target":{"@type":"EntryPoint","urlTemplate":"https:\/\/inti.hr\/bs\/?s={search_term_string}"},"query-input":{"@type":"PropertyValueSpecification","valueRequired":true,"valueName":"search_term_string"}}],"inLanguage":"bs-BA"}]}},"jetpack_sharing_enabled":true,"jetpack-related-posts":[],"_links":{"self":[{"href":"https:\/\/inti.hr\/bs\/wp-json\/wp\/v2\/product\/35201"}],"collection":[{"href":"https:\/\/inti.hr\/bs\/wp-json\/wp\/v2\/product"}],"about":[{"href":"https:\/\/inti.hr\/bs\/wp-json\/wp\/v2\/types\/product"}],"wp:featuredmedia":[{"embeddable":true,"href":"https:\/\/inti.hr\/bs\/wp-json\/wp\/v2\/media\/35202"}],"wp:attachment":[{"href":"https:\/\/inti.hr\/bs\/wp-json\/wp\/v2\/media?parent=35201"}],"wp:term":[{"taxonomy":"product_cat","embeddable":true,"href":"https:\/\/inti.hr\/bs\/wp-json\/wp\/v2\/product_cat?post=35201"},{"taxonomy":"product_tag","embeddable":true,"href":"https:\/\/inti.hr\/bs\/wp-json\/wp\/v2\/product_tag?post=35201"}],"curies":[{"name":"wp","href":"https:\/\/api.w.org\/{rel}","templated":true}]}}