{"id":35229,"date":"2025-01-21T16:29:42","date_gmt":"2025-01-21T15:29:42","guid":{"rendered":"https:\/\/inti.hr\/product\/tabure-s-prostorom-za-odlaganje-38-x-38-x-38-cm\/"},"modified":"2025-01-21T16:29:42","modified_gmt":"2025-01-21T15:29:42","slug":"tabure-s-prostorom-za-odlaganje-38-x-38-x-38-cm","status":"publish","type":"product","link":"https:\/\/inti.hr\/bs\/proizvod\/tabure-s-prostorom-za-odlaganje-38-x-38-x-38-cm\/","title":{"rendered":"Tabure s prostorom za odlaganje 38 x 38 x 38 cm"},"content":{"rendered":"<p>Detalji proizvoda:<br \/>\nBoja: krem \u200b\u200bbijela, sme\u0111a<br \/>\nMaterijal: MDF (vlaknasta plo\u010da srednje gusto\u0107e), flis, 25D pjena visoke otpornosti<br \/>\nVeli\u010dina: 38 x 38 x 38 cm (D x \u0160 x V)<br \/>\nTe\u017eina: 3,2 kg<br \/>\nMaksimalna stati\u010dka nosivost: 300 kg<br \/>\nKapacitet: 43 litre<\/p>\n","protected":false},"excerpt":{"rendered":"<p>Taburet ima \u0161ik povr\u0161inu od flisa i poklopac sa osmijehom, koji &#8230; <\/p>\n","protected":false},"featured_media":35230,"template":"","meta":[],"product_cat":[2414],"product_tag":[2419,3216],"yoast_head":"<!-- This site is optimized with the Yoast SEO plugin v23.7 - https:\/\/yoast.com\/wordpress\/plugins\/seo\/ -->\n<title>Tabure s prostorom za odlaganje 38 x 38 x 38 cm - Inti<\/title>\n<meta name=\"description\" content=\"Taburet ima \u0161ik povr\u0161inu od flisa i poklopac sa osmijehom, koji unosi stil u va\u0161u sobu. Kompozitni sloj i visokoelasti\u010dna pjena osiguravaju dugotrajnu udobnost sjedenja. Ispod poklopca ovog taburea 38 x 38 x 38 cm nalazi se 43L prostora za pohranu va\u0161ih deka i posteljine. Ovaj je stolac pravi svestrani! Bilo da se nalazi u dnevnoj sobi kao tabure za noge ili pomo\u0107ni stoli\u0107, u spava\u0107oj sobi kao stolac za \u0161minkanje ili kao kutija za pohranu u hodniku, staje svugdje. Zahvaljuju\u0107i \u010dvrstim plo\u010dama od MDF-a, ova \u0161krinja za sjedalo mo\u017ee lako izdr\u017eati do 300 kg - izdr\u017eljivo i pouzdano rje\u0161enje za sjedenje ili pohranu za vas. Zahvaljuju\u0107i jednostavnoj strukturi, stolac mo\u017eete postaviti u tren oka. Kada se ne koristi, stolica za noge se mo\u017ee sklopiti i spremiti radi u\u0161tede prostora.\" \/>\n<meta name=\"robots\" content=\"index, follow, max-snippet:-1, max-image-preview:large, max-video-preview:-1\" \/>\n<link rel=\"canonical\" href=\"https:\/\/inti.hr\/bs\/proizvod\/tabure-s-prostorom-za-odlaganje-38-x-38-x-38-cm\/\" \/>\n<meta property=\"og:locale\" content=\"bs_BA\" \/>\n<meta property=\"og:type\" content=\"article\" \/>\n<meta property=\"og:title\" content=\"Tabure s prostorom za odlaganje 38 x 38 x 38 cm - Inti\" \/>\n<meta property=\"og:description\" content=\"Taburet ima \u0161ik povr\u0161inu od flisa i poklopac sa osmijehom, koji unosi stil u va\u0161u sobu. Kompozitni sloj i visokoelasti\u010dna pjena osiguravaju dugotrajnu udobnost sjedenja. Ispod poklopca ovog taburea 38 x 38 x 38 cm nalazi se 43L prostora za pohranu va\u0161ih deka i posteljine. Ovaj je stolac pravi svestrani! Bilo da se nalazi u dnevnoj sobi kao tabure za noge ili pomo\u0107ni stoli\u0107, u spava\u0107oj sobi kao stolac za \u0161minkanje ili kao kutija za pohranu u hodniku, staje svugdje. Zahvaljuju\u0107i \u010dvrstim plo\u010dama od MDF-a, ova \u0161krinja za sjedalo mo\u017ee lako izdr\u017eati do 300 kg - izdr\u017eljivo i pouzdano rje\u0161enje za sjedenje ili pohranu za vas. Zahvaljuju\u0107i jednostavnoj strukturi, stolac mo\u017eete postaviti u tren oka. Kada se ne koristi, stolica za noge se mo\u017ee sklopiti i spremiti radi u\u0161tede prostora.\" \/>\n<meta property=\"og:url\" content=\"https:\/\/inti.hr\/bs\/proizvod\/tabure-s-prostorom-za-odlaganje-38-x-38-x-38-cm\/\" \/>\n<meta property=\"og:site_name\" content=\"Inti\" \/>\n<meta property=\"og:image\" content=\"https:\/\/i0.wp.com\/inti.hr\/wp-content\/uploads\/2025\/01\/LSF095W01-1.jpg?fit=1000%2C1000&ssl=1\" \/>\n\t<meta property=\"og:image:width\" content=\"1000\" \/>\n\t<meta property=\"og:image:height\" content=\"1000\" \/>\n\t<meta property=\"og:image:type\" content=\"image\/jpeg\" \/>\n<meta name=\"twitter:card\" content=\"summary_large_image\" \/>\n<meta name=\"twitter:label1\" content=\"Est. reading time\" \/>\n\t<meta name=\"twitter:data1\" content=\"1 minuta\" \/>\n<script type=\"application\/ld+json\" class=\"yoast-schema-graph\">{\"@context\":\"https:\/\/schema.org\",\"@graph\":[{\"@type\":\"WebPage\",\"@id\":\"https:\/\/inti.hr\/bs\/proizvod\/tabure-s-prostorom-za-odlaganje-38-x-38-x-38-cm\/\",\"url\":\"https:\/\/inti.hr\/bs\/proizvod\/tabure-s-prostorom-za-odlaganje-38-x-38-x-38-cm\/\",\"name\":\"Tabure s prostorom za odlaganje 38 x 38 x 38 cm - Inti\",\"isPartOf\":{\"@id\":\"https:\/\/inti.hr\/bs\/#website\"},\"primaryImageOfPage\":{\"@id\":\"https:\/\/inti.hr\/bs\/proizvod\/tabure-s-prostorom-za-odlaganje-38-x-38-x-38-cm\/#primaryimage\"},\"image\":{\"@id\":\"https:\/\/inti.hr\/bs\/proizvod\/tabure-s-prostorom-za-odlaganje-38-x-38-x-38-cm\/#primaryimage\"},\"thumbnailUrl\":\"https:\/\/i0.wp.com\/inti.hr\/wp-content\/uploads\/2025\/01\/LSF095W01-1.jpg?fit=1000%2C1000&ssl=1\",\"datePublished\":\"2025-01-21T15:29:42+00:00\",\"dateModified\":\"2025-01-21T15:29:42+00:00\",\"description\":\"Taburet ima \u0161ik povr\u0161inu od flisa i poklopac sa osmijehom, koji unosi stil u va\u0161u sobu. Kompozitni sloj i visokoelasti\u010dna pjena osiguravaju dugotrajnu udobnost sjedenja. Ispod poklopca ovog taburea 38 x 38 x 38 cm nalazi se 43L prostora za pohranu va\u0161ih deka i posteljine. Ovaj je stolac pravi svestrani! Bilo da se nalazi u dnevnoj sobi kao tabure za noge ili pomo\u0107ni stoli\u0107, u spava\u0107oj sobi kao stolac za \u0161minkanje ili kao kutija za pohranu u hodniku, staje svugdje. Zahvaljuju\u0107i \u010dvrstim plo\u010dama od MDF-a, ova \u0161krinja za sjedalo mo\u017ee lako izdr\u017eati do 300 kg - izdr\u017eljivo i pouzdano rje\u0161enje za sjedenje ili pohranu za vas. Zahvaljuju\u0107i jednostavnoj strukturi, stolac mo\u017eete postaviti u tren oka. Kada se ne koristi, stolica za noge se mo\u017ee sklopiti i spremiti radi u\u0161tede prostora.\",\"breadcrumb\":{\"@id\":\"https:\/\/inti.hr\/bs\/proizvod\/tabure-s-prostorom-za-odlaganje-38-x-38-x-38-cm\/#breadcrumb\"},\"inLanguage\":\"bs-BA\",\"potentialAction\":[{\"@type\":\"ReadAction\",\"target\":[\"https:\/\/inti.hr\/bs\/proizvod\/tabure-s-prostorom-za-odlaganje-38-x-38-x-38-cm\/\"]}]},{\"@type\":\"ImageObject\",\"inLanguage\":\"bs-BA\",\"@id\":\"https:\/\/inti.hr\/bs\/proizvod\/tabure-s-prostorom-za-odlaganje-38-x-38-x-38-cm\/#primaryimage\",\"url\":\"https:\/\/i0.wp.com\/inti.hr\/wp-content\/uploads\/2025\/01\/LSF095W01-1.jpg?fit=1000%2C1000&ssl=1\",\"contentUrl\":\"https:\/\/i0.wp.com\/inti.hr\/wp-content\/uploads\/2025\/01\/LSF095W01-1.jpg?fit=1000%2C1000&ssl=1\",\"width\":1000,\"height\":1000,\"caption\":\"SONGMICS tabure s prostorom za odlaganje 38 x 38 x 38 cm devine sme\u0111e boje\"},{\"@type\":\"BreadcrumbList\",\"@id\":\"https:\/\/inti.hr\/bs\/proizvod\/tabure-s-prostorom-za-odlaganje-38-x-38-x-38-cm\/#breadcrumb\",\"itemListElement\":[{\"@type\":\"ListItem\",\"position\":1,\"name\":\"Po\u010detna stranica\",\"item\":\"https:\/\/inti.hr\/bs\/\"},{\"@type\":\"ListItem\",\"position\":2,\"name\":\"Trgovina\",\"item\":\"https:\/\/inti.hr\/bs\/trgovina\/\"},{\"@type\":\"ListItem\",\"position\":3,\"name\":\"Tabure s prostorom za odlaganje 38 x 38 x 38 cm\"}]},{\"@type\":\"WebSite\",\"@id\":\"https:\/\/inti.hr\/bs\/#website\",\"url\":\"https:\/\/inti.hr\/bs\/\",\"name\":\"Inti\",\"description\":\"trgovina\",\"potentialAction\":[{\"@type\":\"SearchAction\",\"target\":{\"@type\":\"EntryPoint\",\"urlTemplate\":\"https:\/\/inti.hr\/bs\/?s={search_term_string}\"},\"query-input\":{\"@type\":\"PropertyValueSpecification\",\"valueRequired\":true,\"valueName\":\"search_term_string\"}}],\"inLanguage\":\"bs-BA\"}]}<\/script>\n<!-- \/ Yoast SEO plugin. -->","yoast_head_json":{"title":"Tabure s prostorom za odlaganje 38 x 38 x 38 cm - Inti","description":"Taburet ima \u0161ik povr\u0161inu od flisa i poklopac sa osmijehom, koji unosi stil u va\u0161u sobu. Kompozitni sloj i visokoelasti\u010dna pjena osiguravaju dugotrajnu udobnost sjedenja. Ispod poklopca ovog taburea 38 x 38 x 38 cm nalazi se 43L prostora za pohranu va\u0161ih deka i posteljine. Ovaj je stolac pravi svestrani! Bilo da se nalazi u dnevnoj sobi kao tabure za noge ili pomo\u0107ni stoli\u0107, u spava\u0107oj sobi kao stolac za \u0161minkanje ili kao kutija za pohranu u hodniku, staje svugdje. Zahvaljuju\u0107i \u010dvrstim plo\u010dama od MDF-a, ova \u0161krinja za sjedalo mo\u017ee lako izdr\u017eati do 300 kg - izdr\u017eljivo i pouzdano rje\u0161enje za sjedenje ili pohranu za vas. Zahvaljuju\u0107i jednostavnoj strukturi, stolac mo\u017eete postaviti u tren oka. Kada se ne koristi, stolica za noge se mo\u017ee sklopiti i spremiti radi u\u0161tede prostora.","robots":{"index":"index","follow":"follow","max-snippet":"max-snippet:-1","max-image-preview":"max-image-preview:large","max-video-preview":"max-video-preview:-1"},"canonical":"https:\/\/inti.hr\/bs\/proizvod\/tabure-s-prostorom-za-odlaganje-38-x-38-x-38-cm\/","og_locale":"bs_BA","og_type":"article","og_title":"Tabure s prostorom za odlaganje 38 x 38 x 38 cm - Inti","og_description":"Taburet ima \u0161ik povr\u0161inu od flisa i poklopac sa osmijehom, koji unosi stil u va\u0161u sobu. Kompozitni sloj i visokoelasti\u010dna pjena osiguravaju dugotrajnu udobnost sjedenja. Ispod poklopca ovog taburea 38 x 38 x 38 cm nalazi se 43L prostora za pohranu va\u0161ih deka i posteljine. Ovaj je stolac pravi svestrani! Bilo da se nalazi u dnevnoj sobi kao tabure za noge ili pomo\u0107ni stoli\u0107, u spava\u0107oj sobi kao stolac za \u0161minkanje ili kao kutija za pohranu u hodniku, staje svugdje. Zahvaljuju\u0107i \u010dvrstim plo\u010dama od MDF-a, ova \u0161krinja za sjedalo mo\u017ee lako izdr\u017eati do 300 kg - izdr\u017eljivo i pouzdano rje\u0161enje za sjedenje ili pohranu za vas. Zahvaljuju\u0107i jednostavnoj strukturi, stolac mo\u017eete postaviti u tren oka. Kada se ne koristi, stolica za noge se mo\u017ee sklopiti i spremiti radi u\u0161tede prostora.","og_url":"https:\/\/inti.hr\/bs\/proizvod\/tabure-s-prostorom-za-odlaganje-38-x-38-x-38-cm\/","og_site_name":"Inti","og_image":[{"width":1000,"height":1000,"url":"https:\/\/i0.wp.com\/inti.hr\/wp-content\/uploads\/2025\/01\/LSF095W01-1.jpg?fit=1000%2C1000&ssl=1","type":"image\/jpeg"}],"twitter_card":"summary_large_image","twitter_misc":{"Est. reading time":"1 minuta"},"schema":{"@context":"https:\/\/schema.org","@graph":[{"@type":"WebPage","@id":"https:\/\/inti.hr\/bs\/proizvod\/tabure-s-prostorom-za-odlaganje-38-x-38-x-38-cm\/","url":"https:\/\/inti.hr\/bs\/proizvod\/tabure-s-prostorom-za-odlaganje-38-x-38-x-38-cm\/","name":"Tabure s prostorom za odlaganje 38 x 38 x 38 cm - Inti","isPartOf":{"@id":"https:\/\/inti.hr\/bs\/#website"},"primaryImageOfPage":{"@id":"https:\/\/inti.hr\/bs\/proizvod\/tabure-s-prostorom-za-odlaganje-38-x-38-x-38-cm\/#primaryimage"},"image":{"@id":"https:\/\/inti.hr\/bs\/proizvod\/tabure-s-prostorom-za-odlaganje-38-x-38-x-38-cm\/#primaryimage"},"thumbnailUrl":"https:\/\/i0.wp.com\/inti.hr\/wp-content\/uploads\/2025\/01\/LSF095W01-1.jpg?fit=1000%2C1000&ssl=1","datePublished":"2025-01-21T15:29:42+00:00","dateModified":"2025-01-21T15:29:42+00:00","description":"Taburet ima \u0161ik povr\u0161inu od flisa i poklopac sa osmijehom, koji unosi stil u va\u0161u sobu. Kompozitni sloj i visokoelasti\u010dna pjena osiguravaju dugotrajnu udobnost sjedenja. Ispod poklopca ovog taburea 38 x 38 x 38 cm nalazi se 43L prostora za pohranu va\u0161ih deka i posteljine. Ovaj je stolac pravi svestrani! Bilo da se nalazi u dnevnoj sobi kao tabure za noge ili pomo\u0107ni stoli\u0107, u spava\u0107oj sobi kao stolac za \u0161minkanje ili kao kutija za pohranu u hodniku, staje svugdje. Zahvaljuju\u0107i \u010dvrstim plo\u010dama od MDF-a, ova \u0161krinja za sjedalo mo\u017ee lako izdr\u017eati do 300 kg - izdr\u017eljivo i pouzdano rje\u0161enje za sjedenje ili pohranu za vas. Zahvaljuju\u0107i jednostavnoj strukturi, stolac mo\u017eete postaviti u tren oka. Kada se ne koristi, stolica za noge se mo\u017ee sklopiti i spremiti radi u\u0161tede prostora.","breadcrumb":{"@id":"https:\/\/inti.hr\/bs\/proizvod\/tabure-s-prostorom-za-odlaganje-38-x-38-x-38-cm\/#breadcrumb"},"inLanguage":"bs-BA","potentialAction":[{"@type":"ReadAction","target":["https:\/\/inti.hr\/bs\/proizvod\/tabure-s-prostorom-za-odlaganje-38-x-38-x-38-cm\/"]}]},{"@type":"ImageObject","inLanguage":"bs-BA","@id":"https:\/\/inti.hr\/bs\/proizvod\/tabure-s-prostorom-za-odlaganje-38-x-38-x-38-cm\/#primaryimage","url":"https:\/\/i0.wp.com\/inti.hr\/wp-content\/uploads\/2025\/01\/LSF095W01-1.jpg?fit=1000%2C1000&ssl=1","contentUrl":"https:\/\/i0.wp.com\/inti.hr\/wp-content\/uploads\/2025\/01\/LSF095W01-1.jpg?fit=1000%2C1000&ssl=1","width":1000,"height":1000,"caption":"SONGMICS tabure s prostorom za odlaganje 38 x 38 x 38 cm devine sme\u0111e boje"},{"@type":"BreadcrumbList","@id":"https:\/\/inti.hr\/bs\/proizvod\/tabure-s-prostorom-za-odlaganje-38-x-38-x-38-cm\/#breadcrumb","itemListElement":[{"@type":"ListItem","position":1,"name":"Po\u010detna stranica","item":"https:\/\/inti.hr\/bs\/"},{"@type":"ListItem","position":2,"name":"Trgovina","item":"https:\/\/inti.hr\/bs\/trgovina\/"},{"@type":"ListItem","position":3,"name":"Tabure s prostorom za odlaganje 38 x 38 x 38 cm"}]},{"@type":"WebSite","@id":"https:\/\/inti.hr\/bs\/#website","url":"https:\/\/inti.hr\/bs\/","name":"Inti","description":"trgovina","potentialAction":[{"@type":"SearchAction","target":{"@type":"EntryPoint","urlTemplate":"https:\/\/inti.hr\/bs\/?s={search_term_string}"},"query-input":{"@type":"PropertyValueSpecification","valueRequired":true,"valueName":"search_term_string"}}],"inLanguage":"bs-BA"}]}},"jetpack_sharing_enabled":true,"jetpack-related-posts":[],"_links":{"self":[{"href":"https:\/\/inti.hr\/bs\/wp-json\/wp\/v2\/product\/35229"}],"collection":[{"href":"https:\/\/inti.hr\/bs\/wp-json\/wp\/v2\/product"}],"about":[{"href":"https:\/\/inti.hr\/bs\/wp-json\/wp\/v2\/types\/product"}],"wp:featuredmedia":[{"embeddable":true,"href":"https:\/\/inti.hr\/bs\/wp-json\/wp\/v2\/media\/35230"}],"wp:attachment":[{"href":"https:\/\/inti.hr\/bs\/wp-json\/wp\/v2\/media?parent=35229"}],"wp:term":[{"taxonomy":"product_cat","embeddable":true,"href":"https:\/\/inti.hr\/bs\/wp-json\/wp\/v2\/product_cat?post=35229"},{"taxonomy":"product_tag","embeddable":true,"href":"https:\/\/inti.hr\/bs\/wp-json\/wp\/v2\/product_tag?post=35229"}],"curies":[{"name":"wp","href":"https:\/\/api.w.org\/{rel}","templated":true}]}}