{"id":35271,"date":"2024-11-16T10:35:57","date_gmt":"2024-11-16T09:35:57","guid":{"rendered":"https:\/\/inti.hr\/product\/komoda-s-kotacima-105x46x92-cm\/"},"modified":"2024-11-16T10:35:57","modified_gmt":"2024-11-16T09:35:57","slug":"komoda-s-kotacima-105x46x92-cm","status":"publish","type":"product","link":"https:\/\/inti.hr\/bs\/proizvod\/komoda-s-kotacima-105x46x92-cm\/","title":{"rendered":"Komoda s kota\u010dima 105x46x92 cm"},"content":{"rendered":"<p><strong>Tehni\u010dke specifikacije:<\/strong><\/p>\n<ul>\n<li>Te\u017eina: oko 48 kg.<\/li>\n<li>Testirano za: 92 kg. Materijal: MDF, \u017eeljezo.<\/li>\n<li>Mjere proizvoda: 105 x 46 x 92 cm (vidi sliku).<\/li>\n<li>Dimenzije paketa A: 105x53x17 cm.<\/li>\n<li>Mjere paketa B: 87,5x51x17 cm.<\/li>\n<li>Brza monta\u017ea: Isporuka: u 2 paketa.<\/li>\n<\/ul>\n","protected":false},"excerpt":{"rendered":"<p>Veliki prostor za pohranu: Opremljen s 2 ladice, lijevim pretincem s &#8230; <\/p>\n","protected":false},"featured_media":35272,"template":"","meta":[],"product_cat":[2536],"product_tag":[2537,3744],"yoast_head":"<!-- This site is optimized with the Yoast SEO plugin v23.7 - https:\/\/yoast.com\/wordpress\/plugins\/seo\/ -->\n<title>Komoda s kota\u010dima 105x46x92 cm - Inti<\/title>\n<meta name=\"description\" content=\"Veliki prostor za pohranu: Opremljen s 2 ladice, lijevim pretincem s tri police i 2 vrata, nudi dovoljno prostora za alate i pribor. Uklju\u010duje dr\u017ea\u010d kuhinjskih ru\u010dnika koji tako\u0111er slu\u017ei kao prakti\u010dna ru\u010dka za pomicanje kolica.Fleksibilno i stabilno kretanje: zahvaljuju\u0107i 4 kota\u010da, od kojih su 2 s ko\u010dnicama, lako se kre\u0107e i ostaje stabilan kada je to potrebno. Jednostavno \u010di\u0161\u0107enje: Gornja plo\u010da od iverice je izdr\u017eljiva i laka za \u010di\u0161\u0107enje, osiguravaju\u0107i dugotrajnu upotrebu.\" \/>\n<meta name=\"robots\" content=\"index, follow, max-snippet:-1, max-image-preview:large, max-video-preview:-1\" \/>\n<link rel=\"canonical\" href=\"https:\/\/inti.hr\/bs\/proizvod\/komoda-s-kotacima-105x46x92-cm\/\" \/>\n<meta property=\"og:locale\" content=\"bs_BA\" \/>\n<meta property=\"og:type\" content=\"article\" \/>\n<meta property=\"og:title\" content=\"Komoda s kota\u010dima 105x46x92 cm - Inti\" \/>\n<meta property=\"og:description\" content=\"Veliki prostor za pohranu: Opremljen s 2 ladice, lijevim pretincem s tri police i 2 vrata, nudi dovoljno prostora za alate i pribor. Uklju\u010duje dr\u017ea\u010d kuhinjskih ru\u010dnika koji tako\u0111er slu\u017ei kao prakti\u010dna ru\u010dka za pomicanje kolica.Fleksibilno i stabilno kretanje: zahvaljuju\u0107i 4 kota\u010da, od kojih su 2 s ko\u010dnicama, lako se kre\u0107e i ostaje stabilan kada je to potrebno. Jednostavno \u010di\u0161\u0107enje: Gornja plo\u010da od iverice je izdr\u017eljiva i laka za \u010di\u0161\u0107enje, osiguravaju\u0107i dugotrajnu upotrebu.\" \/>\n<meta property=\"og:url\" content=\"https:\/\/inti.hr\/bs\/proizvod\/komoda-s-kotacima-105x46x92-cm\/\" \/>\n<meta property=\"og:site_name\" content=\"Inti\" \/>\n<meta property=\"og:image\" content=\"https:\/\/i0.wp.com\/inti.hr\/wp-content\/uploads\/2024\/11\/FKW126-WN-Y001.webp?fit=1600%2C1600&ssl=1\" \/>\n\t<meta property=\"og:image:width\" content=\"1600\" \/>\n\t<meta property=\"og:image:height\" content=\"1600\" \/>\n\t<meta property=\"og:image:type\" content=\"image\/webp\" \/>\n<meta name=\"twitter:card\" content=\"summary_large_image\" \/>\n<script type=\"application\/ld+json\" class=\"yoast-schema-graph\">{\"@context\":\"https:\/\/schema.org\",\"@graph\":[{\"@type\":\"WebPage\",\"@id\":\"https:\/\/inti.hr\/bs\/proizvod\/komoda-s-kotacima-105x46x92-cm\/\",\"url\":\"https:\/\/inti.hr\/bs\/proizvod\/komoda-s-kotacima-105x46x92-cm\/\",\"name\":\"Komoda s kota\u010dima 105x46x92 cm - Inti\",\"isPartOf\":{\"@id\":\"https:\/\/inti.hr\/bs\/#website\"},\"primaryImageOfPage\":{\"@id\":\"https:\/\/inti.hr\/bs\/proizvod\/komoda-s-kotacima-105x46x92-cm\/#primaryimage\"},\"image\":{\"@id\":\"https:\/\/inti.hr\/bs\/proizvod\/komoda-s-kotacima-105x46x92-cm\/#primaryimage\"},\"thumbnailUrl\":\"https:\/\/i0.wp.com\/inti.hr\/wp-content\/uploads\/2024\/11\/FKW126-WN-Y001.webp?fit=1600%2C1600&ssl=1\",\"datePublished\":\"2024-11-16T09:35:57+00:00\",\"dateModified\":\"2024-11-16T09:35:57+00:00\",\"description\":\"Veliki prostor za pohranu: Opremljen s 2 ladice, lijevim pretincem s tri police i 2 vrata, nudi dovoljno prostora za alate i pribor. Uklju\u010duje dr\u017ea\u010d kuhinjskih ru\u010dnika koji tako\u0111er slu\u017ei kao prakti\u010dna ru\u010dka za pomicanje kolica.Fleksibilno i stabilno kretanje: zahvaljuju\u0107i 4 kota\u010da, od kojih su 2 s ko\u010dnicama, lako se kre\u0107e i ostaje stabilan kada je to potrebno. Jednostavno \u010di\u0161\u0107enje: Gornja plo\u010da od iverice je izdr\u017eljiva i laka za \u010di\u0161\u0107enje, osiguravaju\u0107i dugotrajnu upotrebu.\",\"breadcrumb\":{\"@id\":\"https:\/\/inti.hr\/bs\/proizvod\/komoda-s-kotacima-105x46x92-cm\/#breadcrumb\"},\"inLanguage\":\"bs-BA\",\"potentialAction\":[{\"@type\":\"ReadAction\",\"target\":[\"https:\/\/inti.hr\/bs\/proizvod\/komoda-s-kotacima-105x46x92-cm\/\"]}]},{\"@type\":\"ImageObject\",\"inLanguage\":\"bs-BA\",\"@id\":\"https:\/\/inti.hr\/bs\/proizvod\/komoda-s-kotacima-105x46x92-cm\/#primaryimage\",\"url\":\"https:\/\/i0.wp.com\/inti.hr\/wp-content\/uploads\/2024\/11\/FKW126-WN-Y001.webp?fit=1600%2C1600&ssl=1\",\"contentUrl\":\"https:\/\/i0.wp.com\/inti.hr\/wp-content\/uploads\/2024\/11\/FKW126-WN-Y001.webp?fit=1600%2C1600&ssl=1\",\"width\":1600,\"height\":1600,\"caption\":\"SoBuy Komoda s kota\u010dima 105x46x92 cm FKW126-WN\"},{\"@type\":\"BreadcrumbList\",\"@id\":\"https:\/\/inti.hr\/bs\/proizvod\/komoda-s-kotacima-105x46x92-cm\/#breadcrumb\",\"itemListElement\":[{\"@type\":\"ListItem\",\"position\":1,\"name\":\"Po\u010detna stranica\",\"item\":\"https:\/\/inti.hr\/bs\/\"},{\"@type\":\"ListItem\",\"position\":2,\"name\":\"Trgovina\",\"item\":\"https:\/\/inti.hr\/bs\/trgovina\/\"},{\"@type\":\"ListItem\",\"position\":3,\"name\":\"Komoda s kota\u010dima 105x46x92 cm\"}]},{\"@type\":\"WebSite\",\"@id\":\"https:\/\/inti.hr\/bs\/#website\",\"url\":\"https:\/\/inti.hr\/bs\/\",\"name\":\"Inti\",\"description\":\"trgovina\",\"potentialAction\":[{\"@type\":\"SearchAction\",\"target\":{\"@type\":\"EntryPoint\",\"urlTemplate\":\"https:\/\/inti.hr\/bs\/?s={search_term_string}\"},\"query-input\":{\"@type\":\"PropertyValueSpecification\",\"valueRequired\":true,\"valueName\":\"search_term_string\"}}],\"inLanguage\":\"bs-BA\"}]}<\/script>\n<!-- \/ Yoast SEO plugin. -->","yoast_head_json":{"title":"Komoda s kota\u010dima 105x46x92 cm - Inti","description":"Veliki prostor za pohranu: Opremljen s 2 ladice, lijevim pretincem s tri police i 2 vrata, nudi dovoljno prostora za alate i pribor. Uklju\u010duje dr\u017ea\u010d kuhinjskih ru\u010dnika koji tako\u0111er slu\u017ei kao prakti\u010dna ru\u010dka za pomicanje kolica.Fleksibilno i stabilno kretanje: zahvaljuju\u0107i 4 kota\u010da, od kojih su 2 s ko\u010dnicama, lako se kre\u0107e i ostaje stabilan kada je to potrebno. Jednostavno \u010di\u0161\u0107enje: Gornja plo\u010da od iverice je izdr\u017eljiva i laka za \u010di\u0161\u0107enje, osiguravaju\u0107i dugotrajnu upotrebu.","robots":{"index":"index","follow":"follow","max-snippet":"max-snippet:-1","max-image-preview":"max-image-preview:large","max-video-preview":"max-video-preview:-1"},"canonical":"https:\/\/inti.hr\/bs\/proizvod\/komoda-s-kotacima-105x46x92-cm\/","og_locale":"bs_BA","og_type":"article","og_title":"Komoda s kota\u010dima 105x46x92 cm - Inti","og_description":"Veliki prostor za pohranu: Opremljen s 2 ladice, lijevim pretincem s tri police i 2 vrata, nudi dovoljno prostora za alate i pribor. Uklju\u010duje dr\u017ea\u010d kuhinjskih ru\u010dnika koji tako\u0111er slu\u017ei kao prakti\u010dna ru\u010dka za pomicanje kolica.Fleksibilno i stabilno kretanje: zahvaljuju\u0107i 4 kota\u010da, od kojih su 2 s ko\u010dnicama, lako se kre\u0107e i ostaje stabilan kada je to potrebno. Jednostavno \u010di\u0161\u0107enje: Gornja plo\u010da od iverice je izdr\u017eljiva i laka za \u010di\u0161\u0107enje, osiguravaju\u0107i dugotrajnu upotrebu.","og_url":"https:\/\/inti.hr\/bs\/proizvod\/komoda-s-kotacima-105x46x92-cm\/","og_site_name":"Inti","og_image":[{"width":1600,"height":1600,"url":"https:\/\/i0.wp.com\/inti.hr\/wp-content\/uploads\/2024\/11\/FKW126-WN-Y001.webp?fit=1600%2C1600&ssl=1","type":"image\/webp"}],"twitter_card":"summary_large_image","schema":{"@context":"https:\/\/schema.org","@graph":[{"@type":"WebPage","@id":"https:\/\/inti.hr\/bs\/proizvod\/komoda-s-kotacima-105x46x92-cm\/","url":"https:\/\/inti.hr\/bs\/proizvod\/komoda-s-kotacima-105x46x92-cm\/","name":"Komoda s kota\u010dima 105x46x92 cm - Inti","isPartOf":{"@id":"https:\/\/inti.hr\/bs\/#website"},"primaryImageOfPage":{"@id":"https:\/\/inti.hr\/bs\/proizvod\/komoda-s-kotacima-105x46x92-cm\/#primaryimage"},"image":{"@id":"https:\/\/inti.hr\/bs\/proizvod\/komoda-s-kotacima-105x46x92-cm\/#primaryimage"},"thumbnailUrl":"https:\/\/i0.wp.com\/inti.hr\/wp-content\/uploads\/2024\/11\/FKW126-WN-Y001.webp?fit=1600%2C1600&ssl=1","datePublished":"2024-11-16T09:35:57+00:00","dateModified":"2024-11-16T09:35:57+00:00","description":"Veliki prostor za pohranu: Opremljen s 2 ladice, lijevim pretincem s tri police i 2 vrata, nudi dovoljno prostora za alate i pribor. Uklju\u010duje dr\u017ea\u010d kuhinjskih ru\u010dnika koji tako\u0111er slu\u017ei kao prakti\u010dna ru\u010dka za pomicanje kolica.Fleksibilno i stabilno kretanje: zahvaljuju\u0107i 4 kota\u010da, od kojih su 2 s ko\u010dnicama, lako se kre\u0107e i ostaje stabilan kada je to potrebno. Jednostavno \u010di\u0161\u0107enje: Gornja plo\u010da od iverice je izdr\u017eljiva i laka za \u010di\u0161\u0107enje, osiguravaju\u0107i dugotrajnu upotrebu.","breadcrumb":{"@id":"https:\/\/inti.hr\/bs\/proizvod\/komoda-s-kotacima-105x46x92-cm\/#breadcrumb"},"inLanguage":"bs-BA","potentialAction":[{"@type":"ReadAction","target":["https:\/\/inti.hr\/bs\/proizvod\/komoda-s-kotacima-105x46x92-cm\/"]}]},{"@type":"ImageObject","inLanguage":"bs-BA","@id":"https:\/\/inti.hr\/bs\/proizvod\/komoda-s-kotacima-105x46x92-cm\/#primaryimage","url":"https:\/\/i0.wp.com\/inti.hr\/wp-content\/uploads\/2024\/11\/FKW126-WN-Y001.webp?fit=1600%2C1600&ssl=1","contentUrl":"https:\/\/i0.wp.com\/inti.hr\/wp-content\/uploads\/2024\/11\/FKW126-WN-Y001.webp?fit=1600%2C1600&ssl=1","width":1600,"height":1600,"caption":"SoBuy Komoda s kota\u010dima 105x46x92 cm FKW126-WN"},{"@type":"BreadcrumbList","@id":"https:\/\/inti.hr\/bs\/proizvod\/komoda-s-kotacima-105x46x92-cm\/#breadcrumb","itemListElement":[{"@type":"ListItem","position":1,"name":"Po\u010detna stranica","item":"https:\/\/inti.hr\/bs\/"},{"@type":"ListItem","position":2,"name":"Trgovina","item":"https:\/\/inti.hr\/bs\/trgovina\/"},{"@type":"ListItem","position":3,"name":"Komoda s kota\u010dima 105x46x92 cm"}]},{"@type":"WebSite","@id":"https:\/\/inti.hr\/bs\/#website","url":"https:\/\/inti.hr\/bs\/","name":"Inti","description":"trgovina","potentialAction":[{"@type":"SearchAction","target":{"@type":"EntryPoint","urlTemplate":"https:\/\/inti.hr\/bs\/?s={search_term_string}"},"query-input":{"@type":"PropertyValueSpecification","valueRequired":true,"valueName":"search_term_string"}}],"inLanguage":"bs-BA"}]}},"jetpack_sharing_enabled":true,"jetpack-related-posts":[],"_links":{"self":[{"href":"https:\/\/inti.hr\/bs\/wp-json\/wp\/v2\/product\/35271"}],"collection":[{"href":"https:\/\/inti.hr\/bs\/wp-json\/wp\/v2\/product"}],"about":[{"href":"https:\/\/inti.hr\/bs\/wp-json\/wp\/v2\/types\/product"}],"wp:featuredmedia":[{"embeddable":true,"href":"https:\/\/inti.hr\/bs\/wp-json\/wp\/v2\/media\/35272"}],"wp:attachment":[{"href":"https:\/\/inti.hr\/bs\/wp-json\/wp\/v2\/media?parent=35271"}],"wp:term":[{"taxonomy":"product_cat","embeddable":true,"href":"https:\/\/inti.hr\/bs\/wp-json\/wp\/v2\/product_cat?post=35271"},{"taxonomy":"product_tag","embeddable":true,"href":"https:\/\/inti.hr\/bs\/wp-json\/wp\/v2\/product_tag?post=35271"}],"curies":[{"name":"wp","href":"https:\/\/api.w.org\/{rel}","templated":true}]}}