{"id":35355,"date":"2024-11-05T15:44:59","date_gmt":"2024-11-05T14:44:59","guid":{"rendered":"https:\/\/inti.hr\/product\/toaletni-stol-s-osvjetljenjem-5-ladica-od-punog-drva\/"},"modified":"2024-11-05T15:44:59","modified_gmt":"2024-11-05T14:44:59","slug":"toaletni-stol-s-osvjetljenjem-5-ladica-od-punog-drva","status":"publish","type":"product","link":"https:\/\/inti.hr\/bs\/proizvod\/toaletni-stol-s-osvjetljenjem-5-ladica-od-punog-drva\/","title":{"rendered":"Toaletni stol s osvjetljenjem 5 ladica od punog drva"},"content":{"rendered":"<p>Tehni\u010dki detalji :<br \/>\nMaterijali: MDF s dvostranim melaminskim furnirom + ogledalo u obliku oblaka s LED svjetlom + metalni okvir za noge stola + bo\u010dne noge ormari\u0107a od punog drva<br \/>\nBoja: Bijela<br \/>\nDimenzije (\u0160 x V x D): Stol: 90 x 130 x 38 cm (visina uklju\u010duju\u0107i ogledalo)<br \/>\n&#8211; Ogledalo: 43 x 53,5 cm<br \/>\n&#8211; Bo\u010dni ormari\u0107: 36 x 54 x 38 cm<br \/>\nNeto\/bruto te\u017eina: cca 26,2\/28,9 kg<br \/>\nNosivost: plo\u010da stola 30 kg, svaka ladica 10 kg<\/p>\n","protected":false},"excerpt":{"rendered":"<p>Ovaj\u00a0 toaletni stoli\u0107 ima uklonjivo ogledalo u obliku oblaka veli\u010dine 43&#215;53,5 &#8230; <\/p>\n","protected":false},"featured_media":35356,"template":"","meta":[],"product_cat":[2414],"product_tag":[2673,4522],"yoast_head":"<!-- This site is optimized with the Yoast SEO plugin v23.7 - https:\/\/yoast.com\/wordpress\/plugins\/seo\/ -->\n<title>Toaletni stol s osvjetljenjem 5 ladica od punog drva - Inti<\/title>\n<meta name=\"description\" content=\"Ovaj\u00a0 toaletni stoli\u0107 ima uklonjivo ogledalo u obliku oblaka veli\u010dine 43x53,5 cm s LED svjetlom (USB priklju\u010dak). Temperatura boje svjetla mo\u017ee se podesiti na 3 razine (hladna, topla i prirodna), a svjetlina se mo\u017ee podesiti tako da imate optimalno osvjetljenje prilikom \u0161minkanja ili njege ko\u017ee. \u00a0Plo\u010da stola 90x38 cm i 5 ladica od punog drva pru\u017eaju mnogo prostora za pohranu toaletnih potrep\u0161tina, kozmetike, nakita, pribora itd., \u0161to vam omogu\u0107uje da ih pohranite po kategorijama i na dohvat ruke. Ladice s tihim trodijelnim metalnim vodilicama i elegantnim crnim aluminijskim ru\u010dkama lako se otvaraju i zatvaraju. Korpus ovog toaletnog stoli\u0107a s ogledalom izra\u0111en je od visokokvalitetnih plo\u010da te je otporan na abraziju, vodoodbojan i jednostavan za \u010di\u0161\u0107enje. Uklju\u010deni ure\u0111aj protiv prevrtanja mo\u017ee pove\u0107ati stabilnost. Sve noge imaju neklizaju\u0107e podloge za za\u0161titu poda od ogrebotina. Bo\u010dna polica mo\u017ee se prema potrebi pri\u010dvrstiti lijevo ili desno i paralelno pomicati te stoga fleksibilno pozicionirati. Jednostavna i moderna plo\u010da stola u bijeloj boji visokog sjaja i fronte ladica s jedinstvenim okomitim utorima dodaju da\u0161ak mode i elegancije va\u0161em interijeru. Nakon uklanjanja ogledala u obliku oblaka, ovaj prekrasan toaletni stoli\u0107 s osvjetljenjem pretvara se u prakti\u010dan radni stol. Bilo za njegu ko\u017ee, \u0161minkanje ili svakodnevni posao, ovaj komad namje\u0161taja ima sve! Klasi\u010dne boje i moderan dizajn zra\u010de jednostavno\u0161\u0107u i estetikom te pristaju svakom stilu interijera.\" \/>\n<meta name=\"robots\" content=\"index, follow, max-snippet:-1, max-image-preview:large, max-video-preview:-1\" \/>\n<link rel=\"canonical\" href=\"https:\/\/inti.hr\/bs\/proizvod\/toaletni-stol-s-osvjetljenjem-5-ladica-od-punog-drva\/\" \/>\n<meta property=\"og:locale\" content=\"bs_BA\" \/>\n<meta property=\"og:type\" content=\"article\" \/>\n<meta property=\"og:title\" content=\"Toaletni stol s osvjetljenjem 5 ladica od punog drva - Inti\" \/>\n<meta property=\"og:description\" content=\"Ovaj\u00a0 toaletni stoli\u0107 ima uklonjivo ogledalo u obliku oblaka veli\u010dine 43x53,5 cm s LED svjetlom (USB priklju\u010dak). Temperatura boje svjetla mo\u017ee se podesiti na 3 razine (hladna, topla i prirodna), a svjetlina se mo\u017ee podesiti tako da imate optimalno osvjetljenje prilikom \u0161minkanja ili njege ko\u017ee. \u00a0Plo\u010da stola 90x38 cm i 5 ladica od punog drva pru\u017eaju mnogo prostora za pohranu toaletnih potrep\u0161tina, kozmetike, nakita, pribora itd., \u0161to vam omogu\u0107uje da ih pohranite po kategorijama i na dohvat ruke. Ladice s tihim trodijelnim metalnim vodilicama i elegantnim crnim aluminijskim ru\u010dkama lako se otvaraju i zatvaraju. Korpus ovog toaletnog stoli\u0107a s ogledalom izra\u0111en je od visokokvalitetnih plo\u010da te je otporan na abraziju, vodoodbojan i jednostavan za \u010di\u0161\u0107enje. Uklju\u010deni ure\u0111aj protiv prevrtanja mo\u017ee pove\u0107ati stabilnost. Sve noge imaju neklizaju\u0107e podloge za za\u0161titu poda od ogrebotina. Bo\u010dna polica mo\u017ee se prema potrebi pri\u010dvrstiti lijevo ili desno i paralelno pomicati te stoga fleksibilno pozicionirati. Jednostavna i moderna plo\u010da stola u bijeloj boji visokog sjaja i fronte ladica s jedinstvenim okomitim utorima dodaju da\u0161ak mode i elegancije va\u0161em interijeru. Nakon uklanjanja ogledala u obliku oblaka, ovaj prekrasan toaletni stoli\u0107 s osvjetljenjem pretvara se u prakti\u010dan radni stol. Bilo za njegu ko\u017ee, \u0161minkanje ili svakodnevni posao, ovaj komad namje\u0161taja ima sve! Klasi\u010dne boje i moderan dizajn zra\u010de jednostavno\u0161\u0107u i estetikom te pristaju svakom stilu interijera.\" \/>\n<meta property=\"og:url\" content=\"https:\/\/inti.hr\/bs\/proizvod\/toaletni-stol-s-osvjetljenjem-5-ladica-od-punog-drva\/\" \/>\n<meta property=\"og:site_name\" content=\"Inti\" \/>\n<meta property=\"og:image\" content=\"https:\/\/i0.wp.com\/inti.hr\/wp-content\/uploads\/2024\/10\/Schminktisch-mit-Beleuchtung-Spiegel-5-Massivholz-Schubladen-W0ETT0265-Weiss-Schwarz2_600x600.jpg?fit=600%2C600&ssl=1\" \/>\n\t<meta property=\"og:image:width\" content=\"600\" \/>\n\t<meta property=\"og:image:height\" content=\"600\" \/>\n\t<meta property=\"og:image:type\" content=\"image\/jpeg\" \/>\n<meta name=\"twitter:card\" content=\"summary_large_image\" \/>\n<script type=\"application\/ld+json\" class=\"yoast-schema-graph\">{\"@context\":\"https:\/\/schema.org\",\"@graph\":[{\"@type\":\"WebPage\",\"@id\":\"https:\/\/inti.hr\/bs\/proizvod\/toaletni-stol-s-osvjetljenjem-5-ladica-od-punog-drva\/\",\"url\":\"https:\/\/inti.hr\/bs\/proizvod\/toaletni-stol-s-osvjetljenjem-5-ladica-od-punog-drva\/\",\"name\":\"Toaletni stol s osvjetljenjem 5 ladica od punog drva - Inti\",\"isPartOf\":{\"@id\":\"https:\/\/inti.hr\/bs\/#website\"},\"primaryImageOfPage\":{\"@id\":\"https:\/\/inti.hr\/bs\/proizvod\/toaletni-stol-s-osvjetljenjem-5-ladica-od-punog-drva\/#primaryimage\"},\"image\":{\"@id\":\"https:\/\/inti.hr\/bs\/proizvod\/toaletni-stol-s-osvjetljenjem-5-ladica-od-punog-drva\/#primaryimage\"},\"thumbnailUrl\":\"https:\/\/i0.wp.com\/inti.hr\/wp-content\/uploads\/2024\/10\/Schminktisch-mit-Beleuchtung-Spiegel-5-Massivholz-Schubladen-W0ETT0265-Weiss-Schwarz2_600x600.jpg?fit=600%2C600&ssl=1\",\"datePublished\":\"2024-11-05T14:44:59+00:00\",\"dateModified\":\"2024-11-05T14:44:59+00:00\",\"description\":\"Ovaj\u00a0 toaletni stoli\u0107 ima uklonjivo ogledalo u obliku oblaka veli\u010dine 43x53,5 cm s LED svjetlom (USB priklju\u010dak). Temperatura boje svjetla mo\u017ee se podesiti na 3 razine (hladna, topla i prirodna), a svjetlina se mo\u017ee podesiti tako da imate optimalno osvjetljenje prilikom \u0161minkanja ili njege ko\u017ee. \u00a0Plo\u010da stola 90x38 cm i 5 ladica od punog drva pru\u017eaju mnogo prostora za pohranu toaletnih potrep\u0161tina, kozmetike, nakita, pribora itd., \u0161to vam omogu\u0107uje da ih pohranite po kategorijama i na dohvat ruke. Ladice s tihim trodijelnim metalnim vodilicama i elegantnim crnim aluminijskim ru\u010dkama lako se otvaraju i zatvaraju. Korpus ovog toaletnog stoli\u0107a s ogledalom izra\u0111en je od visokokvalitetnih plo\u010da te je otporan na abraziju, vodoodbojan i jednostavan za \u010di\u0161\u0107enje. Uklju\u010deni ure\u0111aj protiv prevrtanja mo\u017ee pove\u0107ati stabilnost. Sve noge imaju neklizaju\u0107e podloge za za\u0161titu poda od ogrebotina. Bo\u010dna polica mo\u017ee se prema potrebi pri\u010dvrstiti lijevo ili desno i paralelno pomicati te stoga fleksibilno pozicionirati. Jednostavna i moderna plo\u010da stola u bijeloj boji visokog sjaja i fronte ladica s jedinstvenim okomitim utorima dodaju da\u0161ak mode i elegancije va\u0161em interijeru. Nakon uklanjanja ogledala u obliku oblaka, ovaj prekrasan toaletni stoli\u0107 s osvjetljenjem pretvara se u prakti\u010dan radni stol. Bilo za njegu ko\u017ee, \u0161minkanje ili svakodnevni posao, ovaj komad namje\u0161taja ima sve! Klasi\u010dne boje i moderan dizajn zra\u010de jednostavno\u0161\u0107u i estetikom te pristaju svakom stilu interijera.\",\"breadcrumb\":{\"@id\":\"https:\/\/inti.hr\/bs\/proizvod\/toaletni-stol-s-osvjetljenjem-5-ladica-od-punog-drva\/#breadcrumb\"},\"inLanguage\":\"bs-BA\",\"potentialAction\":[{\"@type\":\"ReadAction\",\"target\":[\"https:\/\/inti.hr\/bs\/proizvod\/toaletni-stol-s-osvjetljenjem-5-ladica-od-punog-drva\/\"]}]},{\"@type\":\"ImageObject\",\"inLanguage\":\"bs-BA\",\"@id\":\"https:\/\/inti.hr\/bs\/proizvod\/toaletni-stol-s-osvjetljenjem-5-ladica-od-punog-drva\/#primaryimage\",\"url\":\"https:\/\/i0.wp.com\/inti.hr\/wp-content\/uploads\/2024\/10\/Schminktisch-mit-Beleuchtung-Spiegel-5-Massivholz-Schubladen-W0ETT0265-Weiss-Schwarz2_600x600.jpg?fit=600%2C600&ssl=1\",\"contentUrl\":\"https:\/\/i0.wp.com\/inti.hr\/wp-content\/uploads\/2024\/10\/Schminktisch-mit-Beleuchtung-Spiegel-5-Massivholz-Schubladen-W0ETT0265-Weiss-Schwarz2_600x600.jpg?fit=600%2C600&ssl=1\",\"width\":600,\"height\":600,\"caption\":\"WOLTU toaletni stol s osvjetljenjem, ogledalo, 5 ladica od punog drva, bijelo crna\"},{\"@type\":\"BreadcrumbList\",\"@id\":\"https:\/\/inti.hr\/bs\/proizvod\/toaletni-stol-s-osvjetljenjem-5-ladica-od-punog-drva\/#breadcrumb\",\"itemListElement\":[{\"@type\":\"ListItem\",\"position\":1,\"name\":\"Po\u010detna stranica\",\"item\":\"https:\/\/inti.hr\/bs\/\"},{\"@type\":\"ListItem\",\"position\":2,\"name\":\"Trgovina\",\"item\":\"https:\/\/inti.hr\/bs\/trgovina\/\"},{\"@type\":\"ListItem\",\"position\":3,\"name\":\"Toaletni stol s osvjetljenjem 5 ladica od punog drva\"}]},{\"@type\":\"WebSite\",\"@id\":\"https:\/\/inti.hr\/bs\/#website\",\"url\":\"https:\/\/inti.hr\/bs\/\",\"name\":\"Inti\",\"description\":\"trgovina\",\"potentialAction\":[{\"@type\":\"SearchAction\",\"target\":{\"@type\":\"EntryPoint\",\"urlTemplate\":\"https:\/\/inti.hr\/bs\/?s={search_term_string}\"},\"query-input\":{\"@type\":\"PropertyValueSpecification\",\"valueRequired\":true,\"valueName\":\"search_term_string\"}}],\"inLanguage\":\"bs-BA\"}]}<\/script>\n<!-- \/ Yoast SEO plugin. -->","yoast_head_json":{"title":"Toaletni stol s osvjetljenjem 5 ladica od punog drva - Inti","description":"Ovaj\u00a0 toaletni stoli\u0107 ima uklonjivo ogledalo u obliku oblaka veli\u010dine 43x53,5 cm s LED svjetlom (USB priklju\u010dak). Temperatura boje svjetla mo\u017ee se podesiti na 3 razine (hladna, topla i prirodna), a svjetlina se mo\u017ee podesiti tako da imate optimalno osvjetljenje prilikom \u0161minkanja ili njege ko\u017ee. \u00a0Plo\u010da stola 90x38 cm i 5 ladica od punog drva pru\u017eaju mnogo prostora za pohranu toaletnih potrep\u0161tina, kozmetike, nakita, pribora itd., \u0161to vam omogu\u0107uje da ih pohranite po kategorijama i na dohvat ruke. Ladice s tihim trodijelnim metalnim vodilicama i elegantnim crnim aluminijskim ru\u010dkama lako se otvaraju i zatvaraju. Korpus ovog toaletnog stoli\u0107a s ogledalom izra\u0111en je od visokokvalitetnih plo\u010da te je otporan na abraziju, vodoodbojan i jednostavan za \u010di\u0161\u0107enje. Uklju\u010deni ure\u0111aj protiv prevrtanja mo\u017ee pove\u0107ati stabilnost. Sve noge imaju neklizaju\u0107e podloge za za\u0161titu poda od ogrebotina. Bo\u010dna polica mo\u017ee se prema potrebi pri\u010dvrstiti lijevo ili desno i paralelno pomicati te stoga fleksibilno pozicionirati. Jednostavna i moderna plo\u010da stola u bijeloj boji visokog sjaja i fronte ladica s jedinstvenim okomitim utorima dodaju da\u0161ak mode i elegancije va\u0161em interijeru. Nakon uklanjanja ogledala u obliku oblaka, ovaj prekrasan toaletni stoli\u0107 s osvjetljenjem pretvara se u prakti\u010dan radni stol. Bilo za njegu ko\u017ee, \u0161minkanje ili svakodnevni posao, ovaj komad namje\u0161taja ima sve! Klasi\u010dne boje i moderan dizajn zra\u010de jednostavno\u0161\u0107u i estetikom te pristaju svakom stilu interijera.","robots":{"index":"index","follow":"follow","max-snippet":"max-snippet:-1","max-image-preview":"max-image-preview:large","max-video-preview":"max-video-preview:-1"},"canonical":"https:\/\/inti.hr\/bs\/proizvod\/toaletni-stol-s-osvjetljenjem-5-ladica-od-punog-drva\/","og_locale":"bs_BA","og_type":"article","og_title":"Toaletni stol s osvjetljenjem 5 ladica od punog drva - Inti","og_description":"Ovaj\u00a0 toaletni stoli\u0107 ima uklonjivo ogledalo u obliku oblaka veli\u010dine 43x53,5 cm s LED svjetlom (USB priklju\u010dak). Temperatura boje svjetla mo\u017ee se podesiti na 3 razine (hladna, topla i prirodna), a svjetlina se mo\u017ee podesiti tako da imate optimalno osvjetljenje prilikom \u0161minkanja ili njege ko\u017ee. \u00a0Plo\u010da stola 90x38 cm i 5 ladica od punog drva pru\u017eaju mnogo prostora za pohranu toaletnih potrep\u0161tina, kozmetike, nakita, pribora itd., \u0161to vam omogu\u0107uje da ih pohranite po kategorijama i na dohvat ruke. Ladice s tihim trodijelnim metalnim vodilicama i elegantnim crnim aluminijskim ru\u010dkama lako se otvaraju i zatvaraju. Korpus ovog toaletnog stoli\u0107a s ogledalom izra\u0111en je od visokokvalitetnih plo\u010da te je otporan na abraziju, vodoodbojan i jednostavan za \u010di\u0161\u0107enje. Uklju\u010deni ure\u0111aj protiv prevrtanja mo\u017ee pove\u0107ati stabilnost. Sve noge imaju neklizaju\u0107e podloge za za\u0161titu poda od ogrebotina. Bo\u010dna polica mo\u017ee se prema potrebi pri\u010dvrstiti lijevo ili desno i paralelno pomicati te stoga fleksibilno pozicionirati. Jednostavna i moderna plo\u010da stola u bijeloj boji visokog sjaja i fronte ladica s jedinstvenim okomitim utorima dodaju da\u0161ak mode i elegancije va\u0161em interijeru. Nakon uklanjanja ogledala u obliku oblaka, ovaj prekrasan toaletni stoli\u0107 s osvjetljenjem pretvara se u prakti\u010dan radni stol. Bilo za njegu ko\u017ee, \u0161minkanje ili svakodnevni posao, ovaj komad namje\u0161taja ima sve! Klasi\u010dne boje i moderan dizajn zra\u010de jednostavno\u0161\u0107u i estetikom te pristaju svakom stilu interijera.","og_url":"https:\/\/inti.hr\/bs\/proizvod\/toaletni-stol-s-osvjetljenjem-5-ladica-od-punog-drva\/","og_site_name":"Inti","og_image":[{"width":600,"height":600,"url":"https:\/\/i0.wp.com\/inti.hr\/wp-content\/uploads\/2024\/10\/Schminktisch-mit-Beleuchtung-Spiegel-5-Massivholz-Schubladen-W0ETT0265-Weiss-Schwarz2_600x600.jpg?fit=600%2C600&ssl=1","type":"image\/jpeg"}],"twitter_card":"summary_large_image","schema":{"@context":"https:\/\/schema.org","@graph":[{"@type":"WebPage","@id":"https:\/\/inti.hr\/bs\/proizvod\/toaletni-stol-s-osvjetljenjem-5-ladica-od-punog-drva\/","url":"https:\/\/inti.hr\/bs\/proizvod\/toaletni-stol-s-osvjetljenjem-5-ladica-od-punog-drva\/","name":"Toaletni stol s osvjetljenjem 5 ladica od punog drva - Inti","isPartOf":{"@id":"https:\/\/inti.hr\/bs\/#website"},"primaryImageOfPage":{"@id":"https:\/\/inti.hr\/bs\/proizvod\/toaletni-stol-s-osvjetljenjem-5-ladica-od-punog-drva\/#primaryimage"},"image":{"@id":"https:\/\/inti.hr\/bs\/proizvod\/toaletni-stol-s-osvjetljenjem-5-ladica-od-punog-drva\/#primaryimage"},"thumbnailUrl":"https:\/\/i0.wp.com\/inti.hr\/wp-content\/uploads\/2024\/10\/Schminktisch-mit-Beleuchtung-Spiegel-5-Massivholz-Schubladen-W0ETT0265-Weiss-Schwarz2_600x600.jpg?fit=600%2C600&ssl=1","datePublished":"2024-11-05T14:44:59+00:00","dateModified":"2024-11-05T14:44:59+00:00","description":"Ovaj\u00a0 toaletni stoli\u0107 ima uklonjivo ogledalo u obliku oblaka veli\u010dine 43x53,5 cm s LED svjetlom (USB priklju\u010dak). Temperatura boje svjetla mo\u017ee se podesiti na 3 razine (hladna, topla i prirodna), a svjetlina se mo\u017ee podesiti tako da imate optimalno osvjetljenje prilikom \u0161minkanja ili njege ko\u017ee. \u00a0Plo\u010da stola 90x38 cm i 5 ladica od punog drva pru\u017eaju mnogo prostora za pohranu toaletnih potrep\u0161tina, kozmetike, nakita, pribora itd., \u0161to vam omogu\u0107uje da ih pohranite po kategorijama i na dohvat ruke. Ladice s tihim trodijelnim metalnim vodilicama i elegantnim crnim aluminijskim ru\u010dkama lako se otvaraju i zatvaraju. Korpus ovog toaletnog stoli\u0107a s ogledalom izra\u0111en je od visokokvalitetnih plo\u010da te je otporan na abraziju, vodoodbojan i jednostavan za \u010di\u0161\u0107enje. Uklju\u010deni ure\u0111aj protiv prevrtanja mo\u017ee pove\u0107ati stabilnost. Sve noge imaju neklizaju\u0107e podloge za za\u0161titu poda od ogrebotina. Bo\u010dna polica mo\u017ee se prema potrebi pri\u010dvrstiti lijevo ili desno i paralelno pomicati te stoga fleksibilno pozicionirati. Jednostavna i moderna plo\u010da stola u bijeloj boji visokog sjaja i fronte ladica s jedinstvenim okomitim utorima dodaju da\u0161ak mode i elegancije va\u0161em interijeru. Nakon uklanjanja ogledala u obliku oblaka, ovaj prekrasan toaletni stoli\u0107 s osvjetljenjem pretvara se u prakti\u010dan radni stol. Bilo za njegu ko\u017ee, \u0161minkanje ili svakodnevni posao, ovaj komad namje\u0161taja ima sve! Klasi\u010dne boje i moderan dizajn zra\u010de jednostavno\u0161\u0107u i estetikom te pristaju svakom stilu interijera.","breadcrumb":{"@id":"https:\/\/inti.hr\/bs\/proizvod\/toaletni-stol-s-osvjetljenjem-5-ladica-od-punog-drva\/#breadcrumb"},"inLanguage":"bs-BA","potentialAction":[{"@type":"ReadAction","target":["https:\/\/inti.hr\/bs\/proizvod\/toaletni-stol-s-osvjetljenjem-5-ladica-od-punog-drva\/"]}]},{"@type":"ImageObject","inLanguage":"bs-BA","@id":"https:\/\/inti.hr\/bs\/proizvod\/toaletni-stol-s-osvjetljenjem-5-ladica-od-punog-drva\/#primaryimage","url":"https:\/\/i0.wp.com\/inti.hr\/wp-content\/uploads\/2024\/10\/Schminktisch-mit-Beleuchtung-Spiegel-5-Massivholz-Schubladen-W0ETT0265-Weiss-Schwarz2_600x600.jpg?fit=600%2C600&ssl=1","contentUrl":"https:\/\/i0.wp.com\/inti.hr\/wp-content\/uploads\/2024\/10\/Schminktisch-mit-Beleuchtung-Spiegel-5-Massivholz-Schubladen-W0ETT0265-Weiss-Schwarz2_600x600.jpg?fit=600%2C600&ssl=1","width":600,"height":600,"caption":"WOLTU toaletni stol s osvjetljenjem, ogledalo, 5 ladica od punog drva, bijelo crna"},{"@type":"BreadcrumbList","@id":"https:\/\/inti.hr\/bs\/proizvod\/toaletni-stol-s-osvjetljenjem-5-ladica-od-punog-drva\/#breadcrumb","itemListElement":[{"@type":"ListItem","position":1,"name":"Po\u010detna stranica","item":"https:\/\/inti.hr\/bs\/"},{"@type":"ListItem","position":2,"name":"Trgovina","item":"https:\/\/inti.hr\/bs\/trgovina\/"},{"@type":"ListItem","position":3,"name":"Toaletni stol s osvjetljenjem 5 ladica od punog drva"}]},{"@type":"WebSite","@id":"https:\/\/inti.hr\/bs\/#website","url":"https:\/\/inti.hr\/bs\/","name":"Inti","description":"trgovina","potentialAction":[{"@type":"SearchAction","target":{"@type":"EntryPoint","urlTemplate":"https:\/\/inti.hr\/bs\/?s={search_term_string}"},"query-input":{"@type":"PropertyValueSpecification","valueRequired":true,"valueName":"search_term_string"}}],"inLanguage":"bs-BA"}]}},"jetpack_sharing_enabled":true,"jetpack-related-posts":[],"_links":{"self":[{"href":"https:\/\/inti.hr\/bs\/wp-json\/wp\/v2\/product\/35355"}],"collection":[{"href":"https:\/\/inti.hr\/bs\/wp-json\/wp\/v2\/product"}],"about":[{"href":"https:\/\/inti.hr\/bs\/wp-json\/wp\/v2\/types\/product"}],"wp:featuredmedia":[{"embeddable":true,"href":"https:\/\/inti.hr\/bs\/wp-json\/wp\/v2\/media\/35356"}],"wp:attachment":[{"href":"https:\/\/inti.hr\/bs\/wp-json\/wp\/v2\/media?parent=35355"}],"wp:term":[{"taxonomy":"product_cat","embeddable":true,"href":"https:\/\/inti.hr\/bs\/wp-json\/wp\/v2\/product_cat?post=35355"},{"taxonomy":"product_tag","embeddable":true,"href":"https:\/\/inti.hr\/bs\/wp-json\/wp\/v2\/product_tag?post=35355"}],"curies":[{"name":"wp","href":"https:\/\/api.w.org\/{rel}","templated":true}]}}