{"id":35369,"date":"2024-10-31T09:11:35","date_gmt":"2024-10-31T08:11:35","guid":{"rendered":"https:\/\/inti.hr\/product\/nocni-ormaric-30x60x60-cm\/"},"modified":"2024-10-31T09:11:35","modified_gmt":"2024-10-31T08:11:35","slug":"nocni-ormaric-30x60x60-cm","status":"publish","type":"product","link":"https:\/\/inti.hr\/bs\/proizvod\/nocni-ormaric-30x60x60-cm\/","title":{"rendered":"No\u0107ni ormari\u0107 30x60x60 cm"},"content":{"rendered":"<p>Pojedinosti o proizvodu:<\/p>\n<p>Te\u017eina: oko 18,9 kg.<br \/>\nTestirano za: 35 kg.<br \/>\nMaterijal: MDF.<br \/>\nMjere proizvoda: 60x30x60 cm (vidi sliku).<br \/>\nMjere pakiranja: 70x67x12,5 cm.<br \/>\nS uputama za sastavljanje i vijcima. Jednostavna instalacija.<\/p>\n","protected":false},"excerpt":{"rendered":"<p>Volite li sjediti na sofi i \u010ditati \u010dasopis? Onda je kau\u010d &#8230; <\/p>\n","protected":false},"featured_media":35370,"template":"","meta":[],"product_cat":[2414],"product_tag":[4526,2673],"yoast_head":"<!-- This site is optimized with the Yoast SEO plugin v23.7 - https:\/\/yoast.com\/wordpress\/plugins\/seo\/ -->\n<title>No\u0107ni ormari\u0107 30x60x60 cm - Inti<\/title>\n<meta name=\"description\" content=\"Volite li sjediti na sofi i \u010ditati \u010dasopis? Onda je kau\u010d no\u0107ni ormari\u0107 za odlaganje \u010dasopisa pravi izbor za vas.Savr\u0161en kao no\u0107ni ormari\u0107 ili komoda, ovaj komad namje\u0161taja pristaje u spava\u0107u sobu s obje strane kreveta ili kao ormar za dnevnu sobu.Stoli\u0107 za kavu je mali, ali nudi dovoljno prostora za pohranu. S tri ladice, u ovaj ormari\u0107 stane gotovo sve \u0161to vam je potrebno dok sjedite na sofi.Poklopac okomitog odjeljka mo\u017ee se podi\u0107i i u\u010dvrstiti tako da okomiti odjeljak uvijek ostane otvoren.\" \/>\n<meta name=\"robots\" content=\"index, follow, max-snippet:-1, max-image-preview:large, max-video-preview:-1\" \/>\n<link rel=\"canonical\" href=\"https:\/\/inti.hr\/bs\/proizvod\/nocni-ormaric-30x60x60-cm\/\" \/>\n<meta property=\"og:locale\" content=\"bs_BA\" \/>\n<meta property=\"og:type\" content=\"article\" \/>\n<meta property=\"og:title\" content=\"No\u0107ni ormari\u0107 30x60x60 cm - Inti\" \/>\n<meta property=\"og:description\" content=\"Volite li sjediti na sofi i \u010ditati \u010dasopis? Onda je kau\u010d no\u0107ni ormari\u0107 za odlaganje \u010dasopisa pravi izbor za vas.Savr\u0161en kao no\u0107ni ormari\u0107 ili komoda, ovaj komad namje\u0161taja pristaje u spava\u0107u sobu s obje strane kreveta ili kao ormar za dnevnu sobu.Stoli\u0107 za kavu je mali, ali nudi dovoljno prostora za pohranu. S tri ladice, u ovaj ormari\u0107 stane gotovo sve \u0161to vam je potrebno dok sjedite na sofi.Poklopac okomitog odjeljka mo\u017ee se podi\u0107i i u\u010dvrstiti tako da okomiti odjeljak uvijek ostane otvoren.\" \/>\n<meta property=\"og:url\" content=\"https:\/\/inti.hr\/bs\/proizvod\/nocni-ormaric-30x60x60-cm\/\" \/>\n<meta property=\"og:site_name\" content=\"Inti\" \/>\n<meta property=\"og:image\" content=\"https:\/\/i0.wp.com\/inti.hr\/wp-content\/uploads\/2024\/10\/FBT144-W-S001_1800x1800.webp?fit=1600%2C1600&ssl=1\" \/>\n\t<meta property=\"og:image:width\" content=\"1600\" \/>\n\t<meta property=\"og:image:height\" content=\"1600\" \/>\n\t<meta property=\"og:image:type\" content=\"image\/webp\" \/>\n<meta name=\"twitter:card\" content=\"summary_large_image\" \/>\n<script type=\"application\/ld+json\" class=\"yoast-schema-graph\">{\"@context\":\"https:\/\/schema.org\",\"@graph\":[{\"@type\":\"WebPage\",\"@id\":\"https:\/\/inti.hr\/bs\/proizvod\/nocni-ormaric-30x60x60-cm\/\",\"url\":\"https:\/\/inti.hr\/bs\/proizvod\/nocni-ormaric-30x60x60-cm\/\",\"name\":\"No\u0107ni ormari\u0107 30x60x60 cm - Inti\",\"isPartOf\":{\"@id\":\"https:\/\/inti.hr\/bs\/#website\"},\"primaryImageOfPage\":{\"@id\":\"https:\/\/inti.hr\/bs\/proizvod\/nocni-ormaric-30x60x60-cm\/#primaryimage\"},\"image\":{\"@id\":\"https:\/\/inti.hr\/bs\/proizvod\/nocni-ormaric-30x60x60-cm\/#primaryimage\"},\"thumbnailUrl\":\"https:\/\/i0.wp.com\/inti.hr\/wp-content\/uploads\/2024\/10\/FBT144-W-S001_1800x1800.webp?fit=1600%2C1600&ssl=1\",\"datePublished\":\"2024-10-31T08:11:35+00:00\",\"dateModified\":\"2024-10-31T08:11:35+00:00\",\"description\":\"Volite li sjediti na sofi i \u010ditati \u010dasopis? Onda je kau\u010d no\u0107ni ormari\u0107 za odlaganje \u010dasopisa pravi izbor za vas.Savr\u0161en kao no\u0107ni ormari\u0107 ili komoda, ovaj komad namje\u0161taja pristaje u spava\u0107u sobu s obje strane kreveta ili kao ormar za dnevnu sobu.Stoli\u0107 za kavu je mali, ali nudi dovoljno prostora za pohranu. S tri ladice, u ovaj ormari\u0107 stane gotovo sve \u0161to vam je potrebno dok sjedite na sofi.Poklopac okomitog odjeljka mo\u017ee se podi\u0107i i u\u010dvrstiti tako da okomiti odjeljak uvijek ostane otvoren.\",\"breadcrumb\":{\"@id\":\"https:\/\/inti.hr\/bs\/proizvod\/nocni-ormaric-30x60x60-cm\/#breadcrumb\"},\"inLanguage\":\"bs-BA\",\"potentialAction\":[{\"@type\":\"ReadAction\",\"target\":[\"https:\/\/inti.hr\/bs\/proizvod\/nocni-ormaric-30x60x60-cm\/\"]}]},{\"@type\":\"ImageObject\",\"inLanguage\":\"bs-BA\",\"@id\":\"https:\/\/inti.hr\/bs\/proizvod\/nocni-ormaric-30x60x60-cm\/#primaryimage\",\"url\":\"https:\/\/i0.wp.com\/inti.hr\/wp-content\/uploads\/2024\/10\/FBT144-W-S001_1800x1800.webp?fit=1600%2C1600&ssl=1\",\"contentUrl\":\"https:\/\/i0.wp.com\/inti.hr\/wp-content\/uploads\/2024\/10\/FBT144-W-S001_1800x1800.webp?fit=1600%2C1600&ssl=1\",\"width\":1600,\"height\":1600,\"caption\":\"SoBuy No\u0107ni ormari\u0107 30x60x60 cm FBT144-W\"},{\"@type\":\"BreadcrumbList\",\"@id\":\"https:\/\/inti.hr\/bs\/proizvod\/nocni-ormaric-30x60x60-cm\/#breadcrumb\",\"itemListElement\":[{\"@type\":\"ListItem\",\"position\":1,\"name\":\"Po\u010detna stranica\",\"item\":\"https:\/\/inti.hr\/bs\/\"},{\"@type\":\"ListItem\",\"position\":2,\"name\":\"Trgovina\",\"item\":\"https:\/\/inti.hr\/bs\/trgovina\/\"},{\"@type\":\"ListItem\",\"position\":3,\"name\":\"No\u0107ni ormari\u0107 30x60x60 cm\"}]},{\"@type\":\"WebSite\",\"@id\":\"https:\/\/inti.hr\/bs\/#website\",\"url\":\"https:\/\/inti.hr\/bs\/\",\"name\":\"Inti\",\"description\":\"trgovina\",\"potentialAction\":[{\"@type\":\"SearchAction\",\"target\":{\"@type\":\"EntryPoint\",\"urlTemplate\":\"https:\/\/inti.hr\/bs\/?s={search_term_string}\"},\"query-input\":{\"@type\":\"PropertyValueSpecification\",\"valueRequired\":true,\"valueName\":\"search_term_string\"}}],\"inLanguage\":\"bs-BA\"}]}<\/script>\n<!-- \/ Yoast SEO plugin. -->","yoast_head_json":{"title":"No\u0107ni ormari\u0107 30x60x60 cm - Inti","description":"Volite li sjediti na sofi i \u010ditati \u010dasopis? Onda je kau\u010d no\u0107ni ormari\u0107 za odlaganje \u010dasopisa pravi izbor za vas.Savr\u0161en kao no\u0107ni ormari\u0107 ili komoda, ovaj komad namje\u0161taja pristaje u spava\u0107u sobu s obje strane kreveta ili kao ormar za dnevnu sobu.Stoli\u0107 za kavu je mali, ali nudi dovoljno prostora za pohranu. S tri ladice, u ovaj ormari\u0107 stane gotovo sve \u0161to vam je potrebno dok sjedite na sofi.Poklopac okomitog odjeljka mo\u017ee se podi\u0107i i u\u010dvrstiti tako da okomiti odjeljak uvijek ostane otvoren.","robots":{"index":"index","follow":"follow","max-snippet":"max-snippet:-1","max-image-preview":"max-image-preview:large","max-video-preview":"max-video-preview:-1"},"canonical":"https:\/\/inti.hr\/bs\/proizvod\/nocni-ormaric-30x60x60-cm\/","og_locale":"bs_BA","og_type":"article","og_title":"No\u0107ni ormari\u0107 30x60x60 cm - Inti","og_description":"Volite li sjediti na sofi i \u010ditati \u010dasopis? Onda je kau\u010d no\u0107ni ormari\u0107 za odlaganje \u010dasopisa pravi izbor za vas.Savr\u0161en kao no\u0107ni ormari\u0107 ili komoda, ovaj komad namje\u0161taja pristaje u spava\u0107u sobu s obje strane kreveta ili kao ormar za dnevnu sobu.Stoli\u0107 za kavu je mali, ali nudi dovoljno prostora za pohranu. S tri ladice, u ovaj ormari\u0107 stane gotovo sve \u0161to vam je potrebno dok sjedite na sofi.Poklopac okomitog odjeljka mo\u017ee se podi\u0107i i u\u010dvrstiti tako da okomiti odjeljak uvijek ostane otvoren.","og_url":"https:\/\/inti.hr\/bs\/proizvod\/nocni-ormaric-30x60x60-cm\/","og_site_name":"Inti","og_image":[{"width":1600,"height":1600,"url":"https:\/\/i0.wp.com\/inti.hr\/wp-content\/uploads\/2024\/10\/FBT144-W-S001_1800x1800.webp?fit=1600%2C1600&ssl=1","type":"image\/webp"}],"twitter_card":"summary_large_image","schema":{"@context":"https:\/\/schema.org","@graph":[{"@type":"WebPage","@id":"https:\/\/inti.hr\/bs\/proizvod\/nocni-ormaric-30x60x60-cm\/","url":"https:\/\/inti.hr\/bs\/proizvod\/nocni-ormaric-30x60x60-cm\/","name":"No\u0107ni ormari\u0107 30x60x60 cm - Inti","isPartOf":{"@id":"https:\/\/inti.hr\/bs\/#website"},"primaryImageOfPage":{"@id":"https:\/\/inti.hr\/bs\/proizvod\/nocni-ormaric-30x60x60-cm\/#primaryimage"},"image":{"@id":"https:\/\/inti.hr\/bs\/proizvod\/nocni-ormaric-30x60x60-cm\/#primaryimage"},"thumbnailUrl":"https:\/\/i0.wp.com\/inti.hr\/wp-content\/uploads\/2024\/10\/FBT144-W-S001_1800x1800.webp?fit=1600%2C1600&ssl=1","datePublished":"2024-10-31T08:11:35+00:00","dateModified":"2024-10-31T08:11:35+00:00","description":"Volite li sjediti na sofi i \u010ditati \u010dasopis? Onda je kau\u010d no\u0107ni ormari\u0107 za odlaganje \u010dasopisa pravi izbor za vas.Savr\u0161en kao no\u0107ni ormari\u0107 ili komoda, ovaj komad namje\u0161taja pristaje u spava\u0107u sobu s obje strane kreveta ili kao ormar za dnevnu sobu.Stoli\u0107 za kavu je mali, ali nudi dovoljno prostora za pohranu. S tri ladice, u ovaj ormari\u0107 stane gotovo sve \u0161to vam je potrebno dok sjedite na sofi.Poklopac okomitog odjeljka mo\u017ee se podi\u0107i i u\u010dvrstiti tako da okomiti odjeljak uvijek ostane otvoren.","breadcrumb":{"@id":"https:\/\/inti.hr\/bs\/proizvod\/nocni-ormaric-30x60x60-cm\/#breadcrumb"},"inLanguage":"bs-BA","potentialAction":[{"@type":"ReadAction","target":["https:\/\/inti.hr\/bs\/proizvod\/nocni-ormaric-30x60x60-cm\/"]}]},{"@type":"ImageObject","inLanguage":"bs-BA","@id":"https:\/\/inti.hr\/bs\/proizvod\/nocni-ormaric-30x60x60-cm\/#primaryimage","url":"https:\/\/i0.wp.com\/inti.hr\/wp-content\/uploads\/2024\/10\/FBT144-W-S001_1800x1800.webp?fit=1600%2C1600&ssl=1","contentUrl":"https:\/\/i0.wp.com\/inti.hr\/wp-content\/uploads\/2024\/10\/FBT144-W-S001_1800x1800.webp?fit=1600%2C1600&ssl=1","width":1600,"height":1600,"caption":"SoBuy No\u0107ni ormari\u0107 30x60x60 cm FBT144-W"},{"@type":"BreadcrumbList","@id":"https:\/\/inti.hr\/bs\/proizvod\/nocni-ormaric-30x60x60-cm\/#breadcrumb","itemListElement":[{"@type":"ListItem","position":1,"name":"Po\u010detna stranica","item":"https:\/\/inti.hr\/bs\/"},{"@type":"ListItem","position":2,"name":"Trgovina","item":"https:\/\/inti.hr\/bs\/trgovina\/"},{"@type":"ListItem","position":3,"name":"No\u0107ni ormari\u0107 30x60x60 cm"}]},{"@type":"WebSite","@id":"https:\/\/inti.hr\/bs\/#website","url":"https:\/\/inti.hr\/bs\/","name":"Inti","description":"trgovina","potentialAction":[{"@type":"SearchAction","target":{"@type":"EntryPoint","urlTemplate":"https:\/\/inti.hr\/bs\/?s={search_term_string}"},"query-input":{"@type":"PropertyValueSpecification","valueRequired":true,"valueName":"search_term_string"}}],"inLanguage":"bs-BA"}]}},"jetpack_sharing_enabled":true,"jetpack-related-posts":[],"_links":{"self":[{"href":"https:\/\/inti.hr\/bs\/wp-json\/wp\/v2\/product\/35369"}],"collection":[{"href":"https:\/\/inti.hr\/bs\/wp-json\/wp\/v2\/product"}],"about":[{"href":"https:\/\/inti.hr\/bs\/wp-json\/wp\/v2\/types\/product"}],"wp:featuredmedia":[{"embeddable":true,"href":"https:\/\/inti.hr\/bs\/wp-json\/wp\/v2\/media\/35370"}],"wp:attachment":[{"href":"https:\/\/inti.hr\/bs\/wp-json\/wp\/v2\/media?parent=35369"}],"wp:term":[{"taxonomy":"product_cat","embeddable":true,"href":"https:\/\/inti.hr\/bs\/wp-json\/wp\/v2\/product_cat?post=35369"},{"taxonomy":"product_tag","embeddable":true,"href":"https:\/\/inti.hr\/bs\/wp-json\/wp\/v2\/product_tag?post=35369"}],"curies":[{"name":"wp","href":"https:\/\/api.w.org\/{rel}","templated":true}]}}