{"id":35401,"date":"2024-08-30T15:38:49","date_gmt":"2024-08-30T14:38:49","guid":{"rendered":"https:\/\/inti.hr\/product\/sklopiva-sjenica-334x334x256-cm\/"},"modified":"2024-08-30T15:38:49","modified_gmt":"2024-08-30T14:38:49","slug":"sklopiva-sjenica-334x334x256-cm","status":"publish","type":"product","link":"https:\/\/inti.hr\/bs\/proizvod\/sklopiva-sjenica-334x334x256-cm\/","title":{"rendered":"Sklopiva sjenica 334x334x256 cm"},"content":{"rendered":"<p>Detalji proizvoda:<\/p>\n<p>Te\u017eina: oko 25 kg;<br \/>\nMaterijal: metal, tkanina (70% PVC, 30% poliester);<br \/>\nDimenzije proizvoda: 334x256x334 cm (vidi sliku);<br \/>\nDimenzije paketa: 138x41x16 cm<br \/>\nS uputama za sastavljanje i vijcima. Jednostavna instalacija.<\/p>\n","protected":false},"excerpt":{"rendered":"<p><span>Bilo da se radi o hladnom pivu, kavi i ro\u0111endanskoj torti &#8230; <\/p>\n","protected":false},"featured_media":35402,"template":"","meta":[],"product_cat":[2482,2452],"product_tag":[4532,2455,2558],"yoast_head":"<!-- This site is optimized with the Yoast SEO plugin v23.7 - https:\/\/yoast.com\/wordpress\/plugins\/seo\/ -->\n<title>Sklopiva sjenica 334x334x256 cm - Inti<\/title>\n<meta name=\"description\" content=\"Bilo da se radi o hladnom pivu, kavi i ro\u0111endanskoj torti pod u\u017earenim suncem ili o grupi ljudi koja udobno slavi praznike u ve\u010dernjim satima, krov je uvijek neophodan.\u0160ator se mo\u017ee savr\u0161eno koristiti na kampiranju, na festivalima ili u vrtu zahvaljuju\u0107i 4 u\u017eeta i 12 klinova.\u0160ator od 10,9 m\u00b2 pogodan je za mala obiteljska okupljanja od 4-6 osoba za u\u017eivanje u slobodnom vremenu s prijateljima i obitelji.70% PVC premaz osigurava ve\u0107u udobnost i izdr\u017eljivost. Vizualno, okrugli oblik \u0161atora je privla\u010dan i moderan u isto vrijeme. Otvoreni dizajn omogu\u0107uje pristup sa svih strana.Imajte na umu da ovaj \u0161ator ne mo\u017ee izdr\u017eati jaku ki\u0161u ili grmljavinsko nevrijeme. U slu\u010daju nevremena, molimo rastavite paviljon.\" \/>\n<meta name=\"robots\" content=\"index, follow, max-snippet:-1, max-image-preview:large, max-video-preview:-1\" \/>\n<link rel=\"canonical\" href=\"https:\/\/inti.hr\/bs\/proizvod\/sklopiva-sjenica-334x334x256-cm\/\" \/>\n<meta property=\"og:locale\" content=\"bs_BA\" \/>\n<meta property=\"og:type\" content=\"article\" \/>\n<meta property=\"og:title\" content=\"Sklopiva sjenica 334x334x256 cm - Inti\" \/>\n<meta property=\"og:description\" content=\"Bilo da se radi o hladnom pivu, kavi i ro\u0111endanskoj torti pod u\u017earenim suncem ili o grupi ljudi koja udobno slavi praznike u ve\u010dernjim satima, krov je uvijek neophodan.\u0160ator se mo\u017ee savr\u0161eno koristiti na kampiranju, na festivalima ili u vrtu zahvaljuju\u0107i 4 u\u017eeta i 12 klinova.\u0160ator od 10,9 m\u00b2 pogodan je za mala obiteljska okupljanja od 4-6 osoba za u\u017eivanje u slobodnom vremenu s prijateljima i obitelji.70% PVC premaz osigurava ve\u0107u udobnost i izdr\u017eljivost. Vizualno, okrugli oblik \u0161atora je privla\u010dan i moderan u isto vrijeme. Otvoreni dizajn omogu\u0107uje pristup sa svih strana.Imajte na umu da ovaj \u0161ator ne mo\u017ee izdr\u017eati jaku ki\u0161u ili grmljavinsko nevrijeme. U slu\u010daju nevremena, molimo rastavite paviljon.\" \/>\n<meta property=\"og:url\" content=\"https:\/\/inti.hr\/bs\/proizvod\/sklopiva-sjenica-334x334x256-cm\/\" \/>\n<meta property=\"og:site_name\" content=\"Inti\" \/>\n<meta property=\"og:image\" content=\"https:\/\/i0.wp.com\/inti.hr\/wp-content\/uploads\/2024\/08\/KLS16-MI-S001_1800x1800.webp?fit=1600%2C1600&ssl=1\" \/>\n\t<meta property=\"og:image:width\" content=\"1600\" \/>\n\t<meta property=\"og:image:height\" content=\"1600\" \/>\n\t<meta property=\"og:image:type\" content=\"image\/webp\" \/>\n<meta name=\"twitter:card\" content=\"summary_large_image\" \/>\n<script type=\"application\/ld+json\" class=\"yoast-schema-graph\">{\"@context\":\"https:\/\/schema.org\",\"@graph\":[{\"@type\":\"WebPage\",\"@id\":\"https:\/\/inti.hr\/bs\/proizvod\/sklopiva-sjenica-334x334x256-cm\/\",\"url\":\"https:\/\/inti.hr\/bs\/proizvod\/sklopiva-sjenica-334x334x256-cm\/\",\"name\":\"Sklopiva sjenica 334x334x256 cm - Inti\",\"isPartOf\":{\"@id\":\"https:\/\/inti.hr\/bs\/#website\"},\"primaryImageOfPage\":{\"@id\":\"https:\/\/inti.hr\/bs\/proizvod\/sklopiva-sjenica-334x334x256-cm\/#primaryimage\"},\"image\":{\"@id\":\"https:\/\/inti.hr\/bs\/proizvod\/sklopiva-sjenica-334x334x256-cm\/#primaryimage\"},\"thumbnailUrl\":\"https:\/\/i0.wp.com\/inti.hr\/wp-content\/uploads\/2024\/08\/KLS16-MI-S001_1800x1800.webp?fit=1600%2C1600&ssl=1\",\"datePublished\":\"2024-08-30T14:38:49+00:00\",\"dateModified\":\"2024-08-30T14:38:49+00:00\",\"description\":\"Bilo da se radi o hladnom pivu, kavi i ro\u0111endanskoj torti pod u\u017earenim suncem ili o grupi ljudi koja udobno slavi praznike u ve\u010dernjim satima, krov je uvijek neophodan.\u0160ator se mo\u017ee savr\u0161eno koristiti na kampiranju, na festivalima ili u vrtu zahvaljuju\u0107i 4 u\u017eeta i 12 klinova.\u0160ator od 10,9 m\u00b2 pogodan je za mala obiteljska okupljanja od 4-6 osoba za u\u017eivanje u slobodnom vremenu s prijateljima i obitelji.70% PVC premaz osigurava ve\u0107u udobnost i izdr\u017eljivost. Vizualno, okrugli oblik \u0161atora je privla\u010dan i moderan u isto vrijeme. Otvoreni dizajn omogu\u0107uje pristup sa svih strana.Imajte na umu da ovaj \u0161ator ne mo\u017ee izdr\u017eati jaku ki\u0161u ili grmljavinsko nevrijeme. U slu\u010daju nevremena, molimo rastavite paviljon.\",\"breadcrumb\":{\"@id\":\"https:\/\/inti.hr\/bs\/proizvod\/sklopiva-sjenica-334x334x256-cm\/#breadcrumb\"},\"inLanguage\":\"bs-BA\",\"potentialAction\":[{\"@type\":\"ReadAction\",\"target\":[\"https:\/\/inti.hr\/bs\/proizvod\/sklopiva-sjenica-334x334x256-cm\/\"]}]},{\"@type\":\"ImageObject\",\"inLanguage\":\"bs-BA\",\"@id\":\"https:\/\/inti.hr\/bs\/proizvod\/sklopiva-sjenica-334x334x256-cm\/#primaryimage\",\"url\":\"https:\/\/i0.wp.com\/inti.hr\/wp-content\/uploads\/2024\/08\/KLS16-MI-S001_1800x1800.webp?fit=1600%2C1600&ssl=1\",\"contentUrl\":\"https:\/\/i0.wp.com\/inti.hr\/wp-content\/uploads\/2024\/08\/KLS16-MI-S001_1800x1800.webp?fit=1600%2C1600&ssl=1\",\"width\":1600,\"height\":1600,\"caption\":\"Sklopiva sjenica 334x334x256 cm\"},{\"@type\":\"BreadcrumbList\",\"@id\":\"https:\/\/inti.hr\/bs\/proizvod\/sklopiva-sjenica-334x334x256-cm\/#breadcrumb\",\"itemListElement\":[{\"@type\":\"ListItem\",\"position\":1,\"name\":\"Po\u010detna stranica\",\"item\":\"https:\/\/inti.hr\/bs\/\"},{\"@type\":\"ListItem\",\"position\":2,\"name\":\"Trgovina\",\"item\":\"https:\/\/inti.hr\/bs\/trgovina\/\"},{\"@type\":\"ListItem\",\"position\":3,\"name\":\"Sklopiva sjenica 334x334x256 cm\"}]},{\"@type\":\"WebSite\",\"@id\":\"https:\/\/inti.hr\/bs\/#website\",\"url\":\"https:\/\/inti.hr\/bs\/\",\"name\":\"Inti\",\"description\":\"trgovina\",\"potentialAction\":[{\"@type\":\"SearchAction\",\"target\":{\"@type\":\"EntryPoint\",\"urlTemplate\":\"https:\/\/inti.hr\/bs\/?s={search_term_string}\"},\"query-input\":{\"@type\":\"PropertyValueSpecification\",\"valueRequired\":true,\"valueName\":\"search_term_string\"}}],\"inLanguage\":\"bs-BA\"}]}<\/script>\n<!-- \/ Yoast SEO plugin. -->","yoast_head_json":{"title":"Sklopiva sjenica 334x334x256 cm - Inti","description":"Bilo da se radi o hladnom pivu, kavi i ro\u0111endanskoj torti pod u\u017earenim suncem ili o grupi ljudi koja udobno slavi praznike u ve\u010dernjim satima, krov je uvijek neophodan.\u0160ator se mo\u017ee savr\u0161eno koristiti na kampiranju, na festivalima ili u vrtu zahvaljuju\u0107i 4 u\u017eeta i 12 klinova.\u0160ator od 10,9 m\u00b2 pogodan je za mala obiteljska okupljanja od 4-6 osoba za u\u017eivanje u slobodnom vremenu s prijateljima i obitelji.70% PVC premaz osigurava ve\u0107u udobnost i izdr\u017eljivost. Vizualno, okrugli oblik \u0161atora je privla\u010dan i moderan u isto vrijeme. Otvoreni dizajn omogu\u0107uje pristup sa svih strana.Imajte na umu da ovaj \u0161ator ne mo\u017ee izdr\u017eati jaku ki\u0161u ili grmljavinsko nevrijeme. U slu\u010daju nevremena, molimo rastavite paviljon.","robots":{"index":"index","follow":"follow","max-snippet":"max-snippet:-1","max-image-preview":"max-image-preview:large","max-video-preview":"max-video-preview:-1"},"canonical":"https:\/\/inti.hr\/bs\/proizvod\/sklopiva-sjenica-334x334x256-cm\/","og_locale":"bs_BA","og_type":"article","og_title":"Sklopiva sjenica 334x334x256 cm - Inti","og_description":"Bilo da se radi o hladnom pivu, kavi i ro\u0111endanskoj torti pod u\u017earenim suncem ili o grupi ljudi koja udobno slavi praznike u ve\u010dernjim satima, krov je uvijek neophodan.\u0160ator se mo\u017ee savr\u0161eno koristiti na kampiranju, na festivalima ili u vrtu zahvaljuju\u0107i 4 u\u017eeta i 12 klinova.\u0160ator od 10,9 m\u00b2 pogodan je za mala obiteljska okupljanja od 4-6 osoba za u\u017eivanje u slobodnom vremenu s prijateljima i obitelji.70% PVC premaz osigurava ve\u0107u udobnost i izdr\u017eljivost. Vizualno, okrugli oblik \u0161atora je privla\u010dan i moderan u isto vrijeme. Otvoreni dizajn omogu\u0107uje pristup sa svih strana.Imajte na umu da ovaj \u0161ator ne mo\u017ee izdr\u017eati jaku ki\u0161u ili grmljavinsko nevrijeme. U slu\u010daju nevremena, molimo rastavite paviljon.","og_url":"https:\/\/inti.hr\/bs\/proizvod\/sklopiva-sjenica-334x334x256-cm\/","og_site_name":"Inti","og_image":[{"width":1600,"height":1600,"url":"https:\/\/i0.wp.com\/inti.hr\/wp-content\/uploads\/2024\/08\/KLS16-MI-S001_1800x1800.webp?fit=1600%2C1600&ssl=1","type":"image\/webp"}],"twitter_card":"summary_large_image","schema":{"@context":"https:\/\/schema.org","@graph":[{"@type":"WebPage","@id":"https:\/\/inti.hr\/bs\/proizvod\/sklopiva-sjenica-334x334x256-cm\/","url":"https:\/\/inti.hr\/bs\/proizvod\/sklopiva-sjenica-334x334x256-cm\/","name":"Sklopiva sjenica 334x334x256 cm - Inti","isPartOf":{"@id":"https:\/\/inti.hr\/bs\/#website"},"primaryImageOfPage":{"@id":"https:\/\/inti.hr\/bs\/proizvod\/sklopiva-sjenica-334x334x256-cm\/#primaryimage"},"image":{"@id":"https:\/\/inti.hr\/bs\/proizvod\/sklopiva-sjenica-334x334x256-cm\/#primaryimage"},"thumbnailUrl":"https:\/\/i0.wp.com\/inti.hr\/wp-content\/uploads\/2024\/08\/KLS16-MI-S001_1800x1800.webp?fit=1600%2C1600&ssl=1","datePublished":"2024-08-30T14:38:49+00:00","dateModified":"2024-08-30T14:38:49+00:00","description":"Bilo da se radi o hladnom pivu, kavi i ro\u0111endanskoj torti pod u\u017earenim suncem ili o grupi ljudi koja udobno slavi praznike u ve\u010dernjim satima, krov je uvijek neophodan.\u0160ator se mo\u017ee savr\u0161eno koristiti na kampiranju, na festivalima ili u vrtu zahvaljuju\u0107i 4 u\u017eeta i 12 klinova.\u0160ator od 10,9 m\u00b2 pogodan je za mala obiteljska okupljanja od 4-6 osoba za u\u017eivanje u slobodnom vremenu s prijateljima i obitelji.70% PVC premaz osigurava ve\u0107u udobnost i izdr\u017eljivost. Vizualno, okrugli oblik \u0161atora je privla\u010dan i moderan u isto vrijeme. Otvoreni dizajn omogu\u0107uje pristup sa svih strana.Imajte na umu da ovaj \u0161ator ne mo\u017ee izdr\u017eati jaku ki\u0161u ili grmljavinsko nevrijeme. U slu\u010daju nevremena, molimo rastavite paviljon.","breadcrumb":{"@id":"https:\/\/inti.hr\/bs\/proizvod\/sklopiva-sjenica-334x334x256-cm\/#breadcrumb"},"inLanguage":"bs-BA","potentialAction":[{"@type":"ReadAction","target":["https:\/\/inti.hr\/bs\/proizvod\/sklopiva-sjenica-334x334x256-cm\/"]}]},{"@type":"ImageObject","inLanguage":"bs-BA","@id":"https:\/\/inti.hr\/bs\/proizvod\/sklopiva-sjenica-334x334x256-cm\/#primaryimage","url":"https:\/\/i0.wp.com\/inti.hr\/wp-content\/uploads\/2024\/08\/KLS16-MI-S001_1800x1800.webp?fit=1600%2C1600&ssl=1","contentUrl":"https:\/\/i0.wp.com\/inti.hr\/wp-content\/uploads\/2024\/08\/KLS16-MI-S001_1800x1800.webp?fit=1600%2C1600&ssl=1","width":1600,"height":1600,"caption":"Sklopiva sjenica 334x334x256 cm"},{"@type":"BreadcrumbList","@id":"https:\/\/inti.hr\/bs\/proizvod\/sklopiva-sjenica-334x334x256-cm\/#breadcrumb","itemListElement":[{"@type":"ListItem","position":1,"name":"Po\u010detna stranica","item":"https:\/\/inti.hr\/bs\/"},{"@type":"ListItem","position":2,"name":"Trgovina","item":"https:\/\/inti.hr\/bs\/trgovina\/"},{"@type":"ListItem","position":3,"name":"Sklopiva sjenica 334x334x256 cm"}]},{"@type":"WebSite","@id":"https:\/\/inti.hr\/bs\/#website","url":"https:\/\/inti.hr\/bs\/","name":"Inti","description":"trgovina","potentialAction":[{"@type":"SearchAction","target":{"@type":"EntryPoint","urlTemplate":"https:\/\/inti.hr\/bs\/?s={search_term_string}"},"query-input":{"@type":"PropertyValueSpecification","valueRequired":true,"valueName":"search_term_string"}}],"inLanguage":"bs-BA"}]}},"jetpack_sharing_enabled":true,"jetpack-related-posts":[],"_links":{"self":[{"href":"https:\/\/inti.hr\/bs\/wp-json\/wp\/v2\/product\/35401"}],"collection":[{"href":"https:\/\/inti.hr\/bs\/wp-json\/wp\/v2\/product"}],"about":[{"href":"https:\/\/inti.hr\/bs\/wp-json\/wp\/v2\/types\/product"}],"wp:featuredmedia":[{"embeddable":true,"href":"https:\/\/inti.hr\/bs\/wp-json\/wp\/v2\/media\/35402"}],"wp:attachment":[{"href":"https:\/\/inti.hr\/bs\/wp-json\/wp\/v2\/media?parent=35401"}],"wp:term":[{"taxonomy":"product_cat","embeddable":true,"href":"https:\/\/inti.hr\/bs\/wp-json\/wp\/v2\/product_cat?post=35401"},{"taxonomy":"product_tag","embeddable":true,"href":"https:\/\/inti.hr\/bs\/wp-json\/wp\/v2\/product_tag?post=35401"}],"curies":[{"name":"wp","href":"https:\/\/api.w.org\/{rel}","templated":true}]}}