{"id":35417,"date":"2024-08-30T15:12:37","date_gmt":"2024-08-30T14:12:37","guid":{"rendered":"https:\/\/inti.hr\/product\/polica-za-pohranu-50x40x53cm\/"},"modified":"2024-08-30T15:12:37","modified_gmt":"2024-08-30T14:12:37","slug":"polica-za-pohranu-50x40x53cm","status":"publish","type":"product","link":"https:\/\/inti.hr\/bs\/proizvod\/polica-za-pohranu-50x40x53cm\/","title":{"rendered":"Polica za pohranu 50x40x53cm"},"content":{"rendered":"<p>Detalji proizvoda:<\/p>\n<ul>\n<li><span>Te\u017eina: oko 6,3 kg.\u00a0<\/span><\/li>\n<li><span>Testirano za: 24 kg.<\/span><\/li>\n<li><span>Materijal: MDF(E1), akrilni lak.<\/span><\/li>\n<li><span>Mjere proizvoda: 50,5x40x52 cm (vidi sliku).\u00a0<\/span><\/li>\n<li><span>Dimenzije paketa: 55x46x10 cm.<\/span><\/li>\n<li><span>S uputama za sastavljanje i vijcima. Jednostavna instalacija.<\/span><\/li>\n<\/ul>\n","protected":false},"excerpt":{"rendered":"<p>Uz ovu policu za dje\u010dju spava\u0107u sobu vi\u0161e ne\u0107ete morati brinuti &#8230; <\/p>\n","protected":false},"featured_media":35418,"template":"","meta":[],"product_cat":[2408],"product_tag":[3006,2410],"yoast_head":"<!-- This site is optimized with the Yoast SEO plugin v23.7 - https:\/\/yoast.com\/wordpress\/plugins\/seo\/ -->\n<title>Polica za pohranu 50x40x53cm - Inti<\/title>\n<meta name=\"description\" content=\"Uz ovu policu za dje\u010dju spava\u0107u sobu vi\u0161e ne\u0107ete morati brinuti o pohranjivanju ilustriranih knjiga i stripova jer \u0107e se va\u0161e dijete rado samo pobrinuti za to.Zaobljeni uglovi osiguravaju sigurnost va\u0161e djece dok urone u svijet knjiga.Opremljena s 4 okretna kota\u010di\u0107a, ova polica se lako pomi\u010de tako da je va\u0161a djeca mogu pomicati kako \u017eele.\" \/>\n<meta name=\"robots\" content=\"index, follow, max-snippet:-1, max-image-preview:large, max-video-preview:-1\" \/>\n<link rel=\"canonical\" href=\"https:\/\/inti.hr\/bs\/proizvod\/polica-za-pohranu-50x40x53cm\/\" \/>\n<meta property=\"og:locale\" content=\"bs_BA\" \/>\n<meta property=\"og:type\" content=\"article\" \/>\n<meta property=\"og:title\" content=\"Polica za pohranu 50x40x53cm - Inti\" \/>\n<meta property=\"og:description\" content=\"Uz ovu policu za dje\u010dju spava\u0107u sobu vi\u0161e ne\u0107ete morati brinuti o pohranjivanju ilustriranih knjiga i stripova jer \u0107e se va\u0161e dijete rado samo pobrinuti za to.Zaobljeni uglovi osiguravaju sigurnost va\u0161e djece dok urone u svijet knjiga.Opremljena s 4 okretna kota\u010di\u0107a, ova polica se lako pomi\u010de tako da je va\u0161a djeca mogu pomicati kako \u017eele.\" \/>\n<meta property=\"og:url\" content=\"https:\/\/inti.hr\/bs\/proizvod\/polica-za-pohranu-50x40x53cm\/\" \/>\n<meta property=\"og:site_name\" content=\"Inti\" \/>\n<meta property=\"og:image\" content=\"https:\/\/i0.wp.com\/inti.hr\/wp-content\/uploads\/2024\/08\/KMB103-WN-S003_1800x1800.webp?fit=1600%2C1600&ssl=1\" \/>\n\t<meta property=\"og:image:width\" content=\"1600\" \/>\n\t<meta property=\"og:image:height\" content=\"1600\" \/>\n\t<meta property=\"og:image:type\" content=\"image\/webp\" \/>\n<meta name=\"twitter:card\" content=\"summary_large_image\" \/>\n<script type=\"application\/ld+json\" class=\"yoast-schema-graph\">{\"@context\":\"https:\/\/schema.org\",\"@graph\":[{\"@type\":\"WebPage\",\"@id\":\"https:\/\/inti.hr\/bs\/proizvod\/polica-za-pohranu-50x40x53cm\/\",\"url\":\"https:\/\/inti.hr\/bs\/proizvod\/polica-za-pohranu-50x40x53cm\/\",\"name\":\"Polica za pohranu 50x40x53cm - Inti\",\"isPartOf\":{\"@id\":\"https:\/\/inti.hr\/bs\/#website\"},\"primaryImageOfPage\":{\"@id\":\"https:\/\/inti.hr\/bs\/proizvod\/polica-za-pohranu-50x40x53cm\/#primaryimage\"},\"image\":{\"@id\":\"https:\/\/inti.hr\/bs\/proizvod\/polica-za-pohranu-50x40x53cm\/#primaryimage\"},\"thumbnailUrl\":\"https:\/\/i0.wp.com\/inti.hr\/wp-content\/uploads\/2024\/08\/KMB103-WN-S003_1800x1800.webp?fit=1600%2C1600&ssl=1\",\"datePublished\":\"2024-08-30T14:12:37+00:00\",\"dateModified\":\"2024-08-30T14:12:37+00:00\",\"description\":\"Uz ovu policu za dje\u010dju spava\u0107u sobu vi\u0161e ne\u0107ete morati brinuti o pohranjivanju ilustriranih knjiga i stripova jer \u0107e se va\u0161e dijete rado samo pobrinuti za to.Zaobljeni uglovi osiguravaju sigurnost va\u0161e djece dok urone u svijet knjiga.Opremljena s 4 okretna kota\u010di\u0107a, ova polica se lako pomi\u010de tako da je va\u0161a djeca mogu pomicati kako \u017eele.\",\"breadcrumb\":{\"@id\":\"https:\/\/inti.hr\/bs\/proizvod\/polica-za-pohranu-50x40x53cm\/#breadcrumb\"},\"inLanguage\":\"bs-BA\",\"potentialAction\":[{\"@type\":\"ReadAction\",\"target\":[\"https:\/\/inti.hr\/bs\/proizvod\/polica-za-pohranu-50x40x53cm\/\"]}]},{\"@type\":\"ImageObject\",\"inLanguage\":\"bs-BA\",\"@id\":\"https:\/\/inti.hr\/bs\/proizvod\/polica-za-pohranu-50x40x53cm\/#primaryimage\",\"url\":\"https:\/\/i0.wp.com\/inti.hr\/wp-content\/uploads\/2024\/08\/KMB103-WN-S003_1800x1800.webp?fit=1600%2C1600&ssl=1\",\"contentUrl\":\"https:\/\/i0.wp.com\/inti.hr\/wp-content\/uploads\/2024\/08\/KMB103-WN-S003_1800x1800.webp?fit=1600%2C1600&ssl=1\",\"width\":1600,\"height\":1600,\"caption\":\"Polica za pohranu 50x40x53cm\"},{\"@type\":\"BreadcrumbList\",\"@id\":\"https:\/\/inti.hr\/bs\/proizvod\/polica-za-pohranu-50x40x53cm\/#breadcrumb\",\"itemListElement\":[{\"@type\":\"ListItem\",\"position\":1,\"name\":\"Po\u010detna stranica\",\"item\":\"https:\/\/inti.hr\/bs\/\"},{\"@type\":\"ListItem\",\"position\":2,\"name\":\"Trgovina\",\"item\":\"https:\/\/inti.hr\/bs\/trgovina\/\"},{\"@type\":\"ListItem\",\"position\":3,\"name\":\"Polica za pohranu 50x40x53cm\"}]},{\"@type\":\"WebSite\",\"@id\":\"https:\/\/inti.hr\/bs\/#website\",\"url\":\"https:\/\/inti.hr\/bs\/\",\"name\":\"Inti\",\"description\":\"trgovina\",\"potentialAction\":[{\"@type\":\"SearchAction\",\"target\":{\"@type\":\"EntryPoint\",\"urlTemplate\":\"https:\/\/inti.hr\/bs\/?s={search_term_string}\"},\"query-input\":{\"@type\":\"PropertyValueSpecification\",\"valueRequired\":true,\"valueName\":\"search_term_string\"}}],\"inLanguage\":\"bs-BA\"}]}<\/script>\n<!-- \/ Yoast SEO plugin. -->","yoast_head_json":{"title":"Polica za pohranu 50x40x53cm - Inti","description":"Uz ovu policu za dje\u010dju spava\u0107u sobu vi\u0161e ne\u0107ete morati brinuti o pohranjivanju ilustriranih knjiga i stripova jer \u0107e se va\u0161e dijete rado samo pobrinuti za to.Zaobljeni uglovi osiguravaju sigurnost va\u0161e djece dok urone u svijet knjiga.Opremljena s 4 okretna kota\u010di\u0107a, ova polica se lako pomi\u010de tako da je va\u0161a djeca mogu pomicati kako \u017eele.","robots":{"index":"index","follow":"follow","max-snippet":"max-snippet:-1","max-image-preview":"max-image-preview:large","max-video-preview":"max-video-preview:-1"},"canonical":"https:\/\/inti.hr\/bs\/proizvod\/polica-za-pohranu-50x40x53cm\/","og_locale":"bs_BA","og_type":"article","og_title":"Polica za pohranu 50x40x53cm - Inti","og_description":"Uz ovu policu za dje\u010dju spava\u0107u sobu vi\u0161e ne\u0107ete morati brinuti o pohranjivanju ilustriranih knjiga i stripova jer \u0107e se va\u0161e dijete rado samo pobrinuti za to.Zaobljeni uglovi osiguravaju sigurnost va\u0161e djece dok urone u svijet knjiga.Opremljena s 4 okretna kota\u010di\u0107a, ova polica se lako pomi\u010de tako da je va\u0161a djeca mogu pomicati kako \u017eele.","og_url":"https:\/\/inti.hr\/bs\/proizvod\/polica-za-pohranu-50x40x53cm\/","og_site_name":"Inti","og_image":[{"width":1600,"height":1600,"url":"https:\/\/i0.wp.com\/inti.hr\/wp-content\/uploads\/2024\/08\/KMB103-WN-S003_1800x1800.webp?fit=1600%2C1600&ssl=1","type":"image\/webp"}],"twitter_card":"summary_large_image","schema":{"@context":"https:\/\/schema.org","@graph":[{"@type":"WebPage","@id":"https:\/\/inti.hr\/bs\/proizvod\/polica-za-pohranu-50x40x53cm\/","url":"https:\/\/inti.hr\/bs\/proizvod\/polica-za-pohranu-50x40x53cm\/","name":"Polica za pohranu 50x40x53cm - Inti","isPartOf":{"@id":"https:\/\/inti.hr\/bs\/#website"},"primaryImageOfPage":{"@id":"https:\/\/inti.hr\/bs\/proizvod\/polica-za-pohranu-50x40x53cm\/#primaryimage"},"image":{"@id":"https:\/\/inti.hr\/bs\/proizvod\/polica-za-pohranu-50x40x53cm\/#primaryimage"},"thumbnailUrl":"https:\/\/i0.wp.com\/inti.hr\/wp-content\/uploads\/2024\/08\/KMB103-WN-S003_1800x1800.webp?fit=1600%2C1600&ssl=1","datePublished":"2024-08-30T14:12:37+00:00","dateModified":"2024-08-30T14:12:37+00:00","description":"Uz ovu policu za dje\u010dju spava\u0107u sobu vi\u0161e ne\u0107ete morati brinuti o pohranjivanju ilustriranih knjiga i stripova jer \u0107e se va\u0161e dijete rado samo pobrinuti za to.Zaobljeni uglovi osiguravaju sigurnost va\u0161e djece dok urone u svijet knjiga.Opremljena s 4 okretna kota\u010di\u0107a, ova polica se lako pomi\u010de tako da je va\u0161a djeca mogu pomicati kako \u017eele.","breadcrumb":{"@id":"https:\/\/inti.hr\/bs\/proizvod\/polica-za-pohranu-50x40x53cm\/#breadcrumb"},"inLanguage":"bs-BA","potentialAction":[{"@type":"ReadAction","target":["https:\/\/inti.hr\/bs\/proizvod\/polica-za-pohranu-50x40x53cm\/"]}]},{"@type":"ImageObject","inLanguage":"bs-BA","@id":"https:\/\/inti.hr\/bs\/proizvod\/polica-za-pohranu-50x40x53cm\/#primaryimage","url":"https:\/\/i0.wp.com\/inti.hr\/wp-content\/uploads\/2024\/08\/KMB103-WN-S003_1800x1800.webp?fit=1600%2C1600&ssl=1","contentUrl":"https:\/\/i0.wp.com\/inti.hr\/wp-content\/uploads\/2024\/08\/KMB103-WN-S003_1800x1800.webp?fit=1600%2C1600&ssl=1","width":1600,"height":1600,"caption":"Polica za pohranu 50x40x53cm"},{"@type":"BreadcrumbList","@id":"https:\/\/inti.hr\/bs\/proizvod\/polica-za-pohranu-50x40x53cm\/#breadcrumb","itemListElement":[{"@type":"ListItem","position":1,"name":"Po\u010detna stranica","item":"https:\/\/inti.hr\/bs\/"},{"@type":"ListItem","position":2,"name":"Trgovina","item":"https:\/\/inti.hr\/bs\/trgovina\/"},{"@type":"ListItem","position":3,"name":"Polica za pohranu 50x40x53cm"}]},{"@type":"WebSite","@id":"https:\/\/inti.hr\/bs\/#website","url":"https:\/\/inti.hr\/bs\/","name":"Inti","description":"trgovina","potentialAction":[{"@type":"SearchAction","target":{"@type":"EntryPoint","urlTemplate":"https:\/\/inti.hr\/bs\/?s={search_term_string}"},"query-input":{"@type":"PropertyValueSpecification","valueRequired":true,"valueName":"search_term_string"}}],"inLanguage":"bs-BA"}]}},"jetpack_sharing_enabled":true,"jetpack-related-posts":[],"_links":{"self":[{"href":"https:\/\/inti.hr\/bs\/wp-json\/wp\/v2\/product\/35417"}],"collection":[{"href":"https:\/\/inti.hr\/bs\/wp-json\/wp\/v2\/product"}],"about":[{"href":"https:\/\/inti.hr\/bs\/wp-json\/wp\/v2\/types\/product"}],"wp:featuredmedia":[{"embeddable":true,"href":"https:\/\/inti.hr\/bs\/wp-json\/wp\/v2\/media\/35418"}],"wp:attachment":[{"href":"https:\/\/inti.hr\/bs\/wp-json\/wp\/v2\/media?parent=35417"}],"wp:term":[{"taxonomy":"product_cat","embeddable":true,"href":"https:\/\/inti.hr\/bs\/wp-json\/wp\/v2\/product_cat?post=35417"},{"taxonomy":"product_tag","embeddable":true,"href":"https:\/\/inti.hr\/bs\/wp-json\/wp\/v2\/product_tag?post=35417"}],"curies":[{"name":"wp","href":"https:\/\/api.w.org\/{rel}","templated":true}]}}