{"id":35437,"date":"2024-08-28T08:43:14","date_gmt":"2024-08-28T07:43:14","guid":{"rendered":"https:\/\/inti.hr\/product\/toaletni-stol-s-ogledalom-i-ladicama-u-boho-stilu\/"},"modified":"2024-08-28T08:43:14","modified_gmt":"2024-08-28T07:43:14","slug":"toaletni-stol-s-ogledalom-i-ladicama-u-boho-stilu","status":"publish","type":"product","link":"https:\/\/inti.hr\/bs\/proizvod\/toaletni-stol-s-ogledalom-i-ladicama-u-boho-stilu\/","title":{"rendered":"Toaletni stol s ogledalom i ladicama u boho stilu"},"content":{"rendered":"<ul>\n<li><b><span>Detalji proizvoda:<\/span><\/b><\/li>\n<li><span>Boja: hrast be\u017e<\/span><\/li>\n<li><span>Materijal: noge od punog drveta, MDF (plo\u010da vlaknatica srednje gusto\u0107e), iverica, staklo<\/span><\/li>\n<li><span>Veli\u010dina: 43 x 90 x 82 cm (D x \u0160 x V)<\/span><\/li>\n<li><span>Te\u017eina: 21,6 kg<\/span><\/li>\n<li><span>Maksimalna stati\u010dka nosivost plo\u010de stola: 100 kg<\/span><\/li>\n<li><span>Maksimalna stati\u010dka nosivost svake ladice: 10 kg<\/span><\/li>\n<\/ul>\n","protected":false},"excerpt":{"rendered":"<p>Ovaj toaletni stol prirodne boje, noge od punog drva, pleterstvo &#8211; &#8230; <\/p>\n","protected":false},"featured_media":35438,"template":"","meta":[],"product_cat":[2414],"product_tag":[2673,4536],"yoast_head":"<!-- This site is optimized with the Yoast SEO plugin v23.7 - https:\/\/yoast.com\/wordpress\/plugins\/seo\/ -->\n<title>Toaletni stol s ogledalom i ladicama u boho stilu - Inti<\/title>\n<meta name=\"description\" content=\"Ovaj toaletni stol prirodne boje, noge od punog drva, pleterstvo - poma\u017ee vam stvoriti svoju oazu mira i opustiti duh i tijelo. Stvorite uredan prostor za \u0161minkanje uz ovaj stoli\u0107 za \u0161minkanje. Njegove 3 prostrane ladice omogu\u0107uju vam da svoju \u0161minku, proizvode za njegu ko\u017ee i pribor dr\u017eite dobro organizirane i lako dostupne. Visokokvalitetne MDF plo\u010de, \u010dvrste noge od punog drva - toaletni stoli\u0107 mo\u017ee zadr\u017eati svoju blistavu ljepotu \u010dak i uz svakodnevnu upotrebu i pratit \u0107e vas dugi niz godina. Pouzdan pomaga\u010d! Okruglo ogledalo ima podesivo osvjetljenje. S kontrolama na dodir mo\u017eete prilagoditi svjetlinu i prebacivati \u200b\u200bse izme\u0111u prirodnog, toplog i hladnog svjetla za besprijekoran make-up. Kozmeti\u010dki stol dizajniran je s podignutim rubovima kako bi sprije\u010dio da vam stvari padnu. Zaobljeni uglovi tako\u0111er dodaju eleganciju stolu i \u0161tite va\u0161u obitelj od sudaranja.\" \/>\n<meta name=\"robots\" content=\"index, follow, max-snippet:-1, max-image-preview:large, max-video-preview:-1\" \/>\n<link rel=\"canonical\" href=\"https:\/\/inti.hr\/bs\/proizvod\/toaletni-stol-s-ogledalom-i-ladicama-u-boho-stilu\/\" \/>\n<meta property=\"og:locale\" content=\"bs_BA\" \/>\n<meta property=\"og:type\" content=\"article\" \/>\n<meta property=\"og:title\" content=\"Toaletni stol s ogledalom i ladicama u boho stilu - Inti\" \/>\n<meta property=\"og:description\" content=\"Ovaj toaletni stol prirodne boje, noge od punog drva, pleterstvo - poma\u017ee vam stvoriti svoju oazu mira i opustiti duh i tijelo. Stvorite uredan prostor za \u0161minkanje uz ovaj stoli\u0107 za \u0161minkanje. Njegove 3 prostrane ladice omogu\u0107uju vam da svoju \u0161minku, proizvode za njegu ko\u017ee i pribor dr\u017eite dobro organizirane i lako dostupne. Visokokvalitetne MDF plo\u010de, \u010dvrste noge od punog drva - toaletni stoli\u0107 mo\u017ee zadr\u017eati svoju blistavu ljepotu \u010dak i uz svakodnevnu upotrebu i pratit \u0107e vas dugi niz godina. Pouzdan pomaga\u010d! Okruglo ogledalo ima podesivo osvjetljenje. S kontrolama na dodir mo\u017eete prilagoditi svjetlinu i prebacivati \u200b\u200bse izme\u0111u prirodnog, toplog i hladnog svjetla za besprijekoran make-up. Kozmeti\u010dki stol dizajniran je s podignutim rubovima kako bi sprije\u010dio da vam stvari padnu. Zaobljeni uglovi tako\u0111er dodaju eleganciju stolu i \u0161tite va\u0161u obitelj od sudaranja.\" \/>\n<meta property=\"og:url\" content=\"https:\/\/inti.hr\/bs\/proizvod\/toaletni-stol-s-ogledalom-i-ladicama-u-boho-stilu\/\" \/>\n<meta property=\"og:site_name\" content=\"Inti\" \/>\n<meta property=\"og:image\" content=\"https:\/\/i0.wp.com\/inti.hr\/wp-content\/uploads\/2024\/08\/RVT007Y01-1.jpg?fit=1000%2C1000&ssl=1\" \/>\n\t<meta property=\"og:image:width\" content=\"1000\" \/>\n\t<meta property=\"og:image:height\" content=\"1000\" \/>\n\t<meta property=\"og:image:type\" content=\"image\/jpeg\" \/>\n<meta name=\"twitter:card\" content=\"summary_large_image\" \/>\n<script type=\"application\/ld+json\" class=\"yoast-schema-graph\">{\"@context\":\"https:\/\/schema.org\",\"@graph\":[{\"@type\":\"WebPage\",\"@id\":\"https:\/\/inti.hr\/bs\/proizvod\/toaletni-stol-s-ogledalom-i-ladicama-u-boho-stilu\/\",\"url\":\"https:\/\/inti.hr\/bs\/proizvod\/toaletni-stol-s-ogledalom-i-ladicama-u-boho-stilu\/\",\"name\":\"Toaletni stol s ogledalom i ladicama u boho stilu - Inti\",\"isPartOf\":{\"@id\":\"https:\/\/inti.hr\/bs\/#website\"},\"primaryImageOfPage\":{\"@id\":\"https:\/\/inti.hr\/bs\/proizvod\/toaletni-stol-s-ogledalom-i-ladicama-u-boho-stilu\/#primaryimage\"},\"image\":{\"@id\":\"https:\/\/inti.hr\/bs\/proizvod\/toaletni-stol-s-ogledalom-i-ladicama-u-boho-stilu\/#primaryimage\"},\"thumbnailUrl\":\"https:\/\/i0.wp.com\/inti.hr\/wp-content\/uploads\/2024\/08\/RVT007Y01-1.jpg?fit=1000%2C1000&ssl=1\",\"datePublished\":\"2024-08-28T07:43:14+00:00\",\"dateModified\":\"2024-08-28T07:43:14+00:00\",\"description\":\"Ovaj toaletni stol prirodne boje, noge od punog drva, pleterstvo - poma\u017ee vam stvoriti svoju oazu mira i opustiti duh i tijelo. Stvorite uredan prostor za \u0161minkanje uz ovaj stoli\u0107 za \u0161minkanje. Njegove 3 prostrane ladice omogu\u0107uju vam da svoju \u0161minku, proizvode za njegu ko\u017ee i pribor dr\u017eite dobro organizirane i lako dostupne. Visokokvalitetne MDF plo\u010de, \u010dvrste noge od punog drva - toaletni stoli\u0107 mo\u017ee zadr\u017eati svoju blistavu ljepotu \u010dak i uz svakodnevnu upotrebu i pratit \u0107e vas dugi niz godina. Pouzdan pomaga\u010d! Okruglo ogledalo ima podesivo osvjetljenje. S kontrolama na dodir mo\u017eete prilagoditi svjetlinu i prebacivati \u200b\u200bse izme\u0111u prirodnog, toplog i hladnog svjetla za besprijekoran make-up. Kozmeti\u010dki stol dizajniran je s podignutim rubovima kako bi sprije\u010dio da vam stvari padnu. Zaobljeni uglovi tako\u0111er dodaju eleganciju stolu i \u0161tite va\u0161u obitelj od sudaranja.\",\"breadcrumb\":{\"@id\":\"https:\/\/inti.hr\/bs\/proizvod\/toaletni-stol-s-ogledalom-i-ladicama-u-boho-stilu\/#breadcrumb\"},\"inLanguage\":\"bs-BA\",\"potentialAction\":[{\"@type\":\"ReadAction\",\"target\":[\"https:\/\/inti.hr\/bs\/proizvod\/toaletni-stol-s-ogledalom-i-ladicama-u-boho-stilu\/\"]}]},{\"@type\":\"ImageObject\",\"inLanguage\":\"bs-BA\",\"@id\":\"https:\/\/inti.hr\/bs\/proizvod\/toaletni-stol-s-ogledalom-i-ladicama-u-boho-stilu\/#primaryimage\",\"url\":\"https:\/\/i0.wp.com\/inti.hr\/wp-content\/uploads\/2024\/08\/RVT007Y01-1.jpg?fit=1000%2C1000&ssl=1\",\"contentUrl\":\"https:\/\/i0.wp.com\/inti.hr\/wp-content\/uploads\/2024\/08\/RVT007Y01-1.jpg?fit=1000%2C1000&ssl=1\",\"width\":1000,\"height\":1000,\"caption\":\"toaletni stol s ogledalom i ladicama u boho stilu\"},{\"@type\":\"BreadcrumbList\",\"@id\":\"https:\/\/inti.hr\/bs\/proizvod\/toaletni-stol-s-ogledalom-i-ladicama-u-boho-stilu\/#breadcrumb\",\"itemListElement\":[{\"@type\":\"ListItem\",\"position\":1,\"name\":\"Po\u010detna stranica\",\"item\":\"https:\/\/inti.hr\/bs\/\"},{\"@type\":\"ListItem\",\"position\":2,\"name\":\"Trgovina\",\"item\":\"https:\/\/inti.hr\/bs\/trgovina\/\"},{\"@type\":\"ListItem\",\"position\":3,\"name\":\"Toaletni stol s ogledalom i ladicama u boho stilu\"}]},{\"@type\":\"WebSite\",\"@id\":\"https:\/\/inti.hr\/bs\/#website\",\"url\":\"https:\/\/inti.hr\/bs\/\",\"name\":\"Inti\",\"description\":\"trgovina\",\"potentialAction\":[{\"@type\":\"SearchAction\",\"target\":{\"@type\":\"EntryPoint\",\"urlTemplate\":\"https:\/\/inti.hr\/bs\/?s={search_term_string}\"},\"query-input\":{\"@type\":\"PropertyValueSpecification\",\"valueRequired\":true,\"valueName\":\"search_term_string\"}}],\"inLanguage\":\"bs-BA\"}]}<\/script>\n<!-- \/ Yoast SEO plugin. -->","yoast_head_json":{"title":"Toaletni stol s ogledalom i ladicama u boho stilu - Inti","description":"Ovaj toaletni stol prirodne boje, noge od punog drva, pleterstvo - poma\u017ee vam stvoriti svoju oazu mira i opustiti duh i tijelo. Stvorite uredan prostor za \u0161minkanje uz ovaj stoli\u0107 za \u0161minkanje. Njegove 3 prostrane ladice omogu\u0107uju vam da svoju \u0161minku, proizvode za njegu ko\u017ee i pribor dr\u017eite dobro organizirane i lako dostupne. Visokokvalitetne MDF plo\u010de, \u010dvrste noge od punog drva - toaletni stoli\u0107 mo\u017ee zadr\u017eati svoju blistavu ljepotu \u010dak i uz svakodnevnu upotrebu i pratit \u0107e vas dugi niz godina. Pouzdan pomaga\u010d! Okruglo ogledalo ima podesivo osvjetljenje. S kontrolama na dodir mo\u017eete prilagoditi svjetlinu i prebacivati \u200b\u200bse izme\u0111u prirodnog, toplog i hladnog svjetla za besprijekoran make-up. Kozmeti\u010dki stol dizajniran je s podignutim rubovima kako bi sprije\u010dio da vam stvari padnu. Zaobljeni uglovi tako\u0111er dodaju eleganciju stolu i \u0161tite va\u0161u obitelj od sudaranja.","robots":{"index":"index","follow":"follow","max-snippet":"max-snippet:-1","max-image-preview":"max-image-preview:large","max-video-preview":"max-video-preview:-1"},"canonical":"https:\/\/inti.hr\/bs\/proizvod\/toaletni-stol-s-ogledalom-i-ladicama-u-boho-stilu\/","og_locale":"bs_BA","og_type":"article","og_title":"Toaletni stol s ogledalom i ladicama u boho stilu - Inti","og_description":"Ovaj toaletni stol prirodne boje, noge od punog drva, pleterstvo - poma\u017ee vam stvoriti svoju oazu mira i opustiti duh i tijelo. Stvorite uredan prostor za \u0161minkanje uz ovaj stoli\u0107 za \u0161minkanje. Njegove 3 prostrane ladice omogu\u0107uju vam da svoju \u0161minku, proizvode za njegu ko\u017ee i pribor dr\u017eite dobro organizirane i lako dostupne. Visokokvalitetne MDF plo\u010de, \u010dvrste noge od punog drva - toaletni stoli\u0107 mo\u017ee zadr\u017eati svoju blistavu ljepotu \u010dak i uz svakodnevnu upotrebu i pratit \u0107e vas dugi niz godina. Pouzdan pomaga\u010d! Okruglo ogledalo ima podesivo osvjetljenje. S kontrolama na dodir mo\u017eete prilagoditi svjetlinu i prebacivati \u200b\u200bse izme\u0111u prirodnog, toplog i hladnog svjetla za besprijekoran make-up. Kozmeti\u010dki stol dizajniran je s podignutim rubovima kako bi sprije\u010dio da vam stvari padnu. Zaobljeni uglovi tako\u0111er dodaju eleganciju stolu i \u0161tite va\u0161u obitelj od sudaranja.","og_url":"https:\/\/inti.hr\/bs\/proizvod\/toaletni-stol-s-ogledalom-i-ladicama-u-boho-stilu\/","og_site_name":"Inti","og_image":[{"width":1000,"height":1000,"url":"https:\/\/i0.wp.com\/inti.hr\/wp-content\/uploads\/2024\/08\/RVT007Y01-1.jpg?fit=1000%2C1000&ssl=1","type":"image\/jpeg"}],"twitter_card":"summary_large_image","schema":{"@context":"https:\/\/schema.org","@graph":[{"@type":"WebPage","@id":"https:\/\/inti.hr\/bs\/proizvod\/toaletni-stol-s-ogledalom-i-ladicama-u-boho-stilu\/","url":"https:\/\/inti.hr\/bs\/proizvod\/toaletni-stol-s-ogledalom-i-ladicama-u-boho-stilu\/","name":"Toaletni stol s ogledalom i ladicama u boho stilu - Inti","isPartOf":{"@id":"https:\/\/inti.hr\/bs\/#website"},"primaryImageOfPage":{"@id":"https:\/\/inti.hr\/bs\/proizvod\/toaletni-stol-s-ogledalom-i-ladicama-u-boho-stilu\/#primaryimage"},"image":{"@id":"https:\/\/inti.hr\/bs\/proizvod\/toaletni-stol-s-ogledalom-i-ladicama-u-boho-stilu\/#primaryimage"},"thumbnailUrl":"https:\/\/i0.wp.com\/inti.hr\/wp-content\/uploads\/2024\/08\/RVT007Y01-1.jpg?fit=1000%2C1000&ssl=1","datePublished":"2024-08-28T07:43:14+00:00","dateModified":"2024-08-28T07:43:14+00:00","description":"Ovaj toaletni stol prirodne boje, noge od punog drva, pleterstvo - poma\u017ee vam stvoriti svoju oazu mira i opustiti duh i tijelo. Stvorite uredan prostor za \u0161minkanje uz ovaj stoli\u0107 za \u0161minkanje. Njegove 3 prostrane ladice omogu\u0107uju vam da svoju \u0161minku, proizvode za njegu ko\u017ee i pribor dr\u017eite dobro organizirane i lako dostupne. Visokokvalitetne MDF plo\u010de, \u010dvrste noge od punog drva - toaletni stoli\u0107 mo\u017ee zadr\u017eati svoju blistavu ljepotu \u010dak i uz svakodnevnu upotrebu i pratit \u0107e vas dugi niz godina. Pouzdan pomaga\u010d! Okruglo ogledalo ima podesivo osvjetljenje. S kontrolama na dodir mo\u017eete prilagoditi svjetlinu i prebacivati \u200b\u200bse izme\u0111u prirodnog, toplog i hladnog svjetla za besprijekoran make-up. Kozmeti\u010dki stol dizajniran je s podignutim rubovima kako bi sprije\u010dio da vam stvari padnu. Zaobljeni uglovi tako\u0111er dodaju eleganciju stolu i \u0161tite va\u0161u obitelj od sudaranja.","breadcrumb":{"@id":"https:\/\/inti.hr\/bs\/proizvod\/toaletni-stol-s-ogledalom-i-ladicama-u-boho-stilu\/#breadcrumb"},"inLanguage":"bs-BA","potentialAction":[{"@type":"ReadAction","target":["https:\/\/inti.hr\/bs\/proizvod\/toaletni-stol-s-ogledalom-i-ladicama-u-boho-stilu\/"]}]},{"@type":"ImageObject","inLanguage":"bs-BA","@id":"https:\/\/inti.hr\/bs\/proizvod\/toaletni-stol-s-ogledalom-i-ladicama-u-boho-stilu\/#primaryimage","url":"https:\/\/i0.wp.com\/inti.hr\/wp-content\/uploads\/2024\/08\/RVT007Y01-1.jpg?fit=1000%2C1000&ssl=1","contentUrl":"https:\/\/i0.wp.com\/inti.hr\/wp-content\/uploads\/2024\/08\/RVT007Y01-1.jpg?fit=1000%2C1000&ssl=1","width":1000,"height":1000,"caption":"toaletni stol s ogledalom i ladicama u boho stilu"},{"@type":"BreadcrumbList","@id":"https:\/\/inti.hr\/bs\/proizvod\/toaletni-stol-s-ogledalom-i-ladicama-u-boho-stilu\/#breadcrumb","itemListElement":[{"@type":"ListItem","position":1,"name":"Po\u010detna stranica","item":"https:\/\/inti.hr\/bs\/"},{"@type":"ListItem","position":2,"name":"Trgovina","item":"https:\/\/inti.hr\/bs\/trgovina\/"},{"@type":"ListItem","position":3,"name":"Toaletni stol s ogledalom i ladicama u boho stilu"}]},{"@type":"WebSite","@id":"https:\/\/inti.hr\/bs\/#website","url":"https:\/\/inti.hr\/bs\/","name":"Inti","description":"trgovina","potentialAction":[{"@type":"SearchAction","target":{"@type":"EntryPoint","urlTemplate":"https:\/\/inti.hr\/bs\/?s={search_term_string}"},"query-input":{"@type":"PropertyValueSpecification","valueRequired":true,"valueName":"search_term_string"}}],"inLanguage":"bs-BA"}]}},"jetpack_sharing_enabled":true,"jetpack-related-posts":[],"_links":{"self":[{"href":"https:\/\/inti.hr\/bs\/wp-json\/wp\/v2\/product\/35437"}],"collection":[{"href":"https:\/\/inti.hr\/bs\/wp-json\/wp\/v2\/product"}],"about":[{"href":"https:\/\/inti.hr\/bs\/wp-json\/wp\/v2\/types\/product"}],"wp:featuredmedia":[{"embeddable":true,"href":"https:\/\/inti.hr\/bs\/wp-json\/wp\/v2\/media\/35438"}],"wp:attachment":[{"href":"https:\/\/inti.hr\/bs\/wp-json\/wp\/v2\/media?parent=35437"}],"wp:term":[{"taxonomy":"product_cat","embeddable":true,"href":"https:\/\/inti.hr\/bs\/wp-json\/wp\/v2\/product_cat?post=35437"},{"taxonomy":"product_tag","embeddable":true,"href":"https:\/\/inti.hr\/bs\/wp-json\/wp\/v2\/product_tag?post=35437"}],"curies":[{"name":"wp","href":"https:\/\/api.w.org\/{rel}","templated":true}]}}