{"id":35451,"date":"2024-08-27T17:31:34","date_gmt":"2024-08-27T16:31:34","guid":{"rendered":"https:\/\/inti.hr\/product\/nocni-ormaric-s-led-rasvjetom-moderna\/"},"modified":"2024-08-27T17:31:34","modified_gmt":"2024-08-27T16:31:34","slug":"nocni-ormaric-s-led-rasvjetom-moderna","status":"publish","type":"product","link":"https:\/\/inti.hr\/bs\/proizvod\/nocni-ormaric-s-led-rasvjetom-moderna\/","title":{"rendered":"No\u0107ni ormari\u0107 s LED rasvjetom moderna"},"content":{"rendered":"<ul>\n<li><b><span>Detalji proizvoda:<\/span><\/b><\/li>\n<li><span>Boja: pepeljasto crna, bijeli<\/span><\/li>\n<li><span>Materijal: MDF (plo\u010da vlaknatica srednje gusto\u0107e), iverica<\/span><\/li>\n<li><span>Veli\u010dina: 35 x 40 x 55 cm (D x \u0160 x V)<\/span><\/li>\n<li><span>Te\u017eina: 11,2 kg<\/span><\/li>\n<li><span>Maksimalna stati\u010dka nosivost plo\u010de stola: 91 kg<\/span><\/li>\n<li><span>Maksimalna stati\u010dka nosivost ladice: 7 kg<\/span><\/li>\n<li><span>Maksimalna stati\u010dka nosivost otvorene police: 23 kg<\/span><\/li>\n<\/ul>\n","protected":false},"excerpt":{"rendered":"<p>Pretvorite atmosferu svoje sobe s dvostrukom LED rasvjetom ugra\u0111enom u ovaj &#8230; <\/p>\n","protected":false},"featured_media":35452,"template":"","meta":[],"product_cat":[2414],"product_tag":[2672,2673],"yoast_head":"<!-- This site is optimized with the Yoast SEO plugin v23.7 - https:\/\/yoast.com\/wordpress\/plugins\/seo\/ -->\n<title>No\u0107ni ormari\u0107 s LED rasvjetom moderna - Inti<\/title>\n<meta name=\"description\" content=\"Pretvorite atmosferu svoje sobe s dvostrukom LED rasvjetom ugra\u0111enom u ovaj no\u0107ni ormari\u0107. Mo\u017eete podesiti svjetla s 25 boja svjetla, 6 razina svjetline, 3 na\u010dina bljeskanja i 6 frekvencija bljeskanja. Stol ima prostranu plo\u010du za izlaganje umjetni\u010dkih djela ili biljaka, ladicu koja se lako otvara sa zaobljenim rubom za spremanje malih predmeta i otvorenu policu za va\u0161e omiljene knjige. Izra\u0111en od visokokvalitetnog MDF-a i iverice, ovaj kau\u010d stoli\u0107 s uti\u010dnicama je robustan i mo\u017ee izdr\u017eati velika optere\u0107enja (plo\u010da stola do 91 kg) i dovoljno izdr\u017eljiv da vas prati godinama. Jednostavno napunite do 4 ure\u0111aja s ugra\u0111enim produ\u017enim kabelom s 2 AC uti\u010dnice, 2 USB priklju\u010dka i kabelom od 2 m. Stra\u017enji odjeljak za kabele skriva va\u0161e kabele za uredan izgled. Sa svojom potpuno crnom bojom, minimalisti\u010dkim dizajnom i zaobljenim uglovima, ovaj elegantni pomo\u0107ni stoli\u0107 lako \u0107e se uklopiti u va\u0161 dekor i dodati moderan \u0161tih va\u0161em domu.\u00a0\" \/>\n<meta name=\"robots\" content=\"index, follow, max-snippet:-1, max-image-preview:large, max-video-preview:-1\" \/>\n<link rel=\"canonical\" href=\"https:\/\/inti.hr\/bs\/proizvod\/nocni-ormaric-s-led-rasvjetom-moderna\/\" \/>\n<meta property=\"og:locale\" content=\"bs_BA\" \/>\n<meta property=\"og:type\" content=\"article\" \/>\n<meta property=\"og:title\" content=\"No\u0107ni ormari\u0107 s LED rasvjetom moderna - Inti\" \/>\n<meta property=\"og:description\" content=\"Pretvorite atmosferu svoje sobe s dvostrukom LED rasvjetom ugra\u0111enom u ovaj no\u0107ni ormari\u0107. Mo\u017eete podesiti svjetla s 25 boja svjetla, 6 razina svjetline, 3 na\u010dina bljeskanja i 6 frekvencija bljeskanja. Stol ima prostranu plo\u010du za izlaganje umjetni\u010dkih djela ili biljaka, ladicu koja se lako otvara sa zaobljenim rubom za spremanje malih predmeta i otvorenu policu za va\u0161e omiljene knjige. Izra\u0111en od visokokvalitetnog MDF-a i iverice, ovaj kau\u010d stoli\u0107 s uti\u010dnicama je robustan i mo\u017ee izdr\u017eati velika optere\u0107enja (plo\u010da stola do 91 kg) i dovoljno izdr\u017eljiv da vas prati godinama. Jednostavno napunite do 4 ure\u0111aja s ugra\u0111enim produ\u017enim kabelom s 2 AC uti\u010dnice, 2 USB priklju\u010dka i kabelom od 2 m. Stra\u017enji odjeljak za kabele skriva va\u0161e kabele za uredan izgled. Sa svojom potpuno crnom bojom, minimalisti\u010dkim dizajnom i zaobljenim uglovima, ovaj elegantni pomo\u0107ni stoli\u0107 lako \u0107e se uklopiti u va\u0161 dekor i dodati moderan \u0161tih va\u0161em domu.\u00a0\" \/>\n<meta property=\"og:url\" content=\"https:\/\/inti.hr\/bs\/proizvod\/nocni-ormaric-s-led-rasvjetom-moderna\/\" \/>\n<meta property=\"og:site_name\" content=\"Inti\" \/>\n<meta property=\"og:image\" content=\"https:\/\/i0.wp.com\/inti.hr\/wp-content\/uploads\/2024\/08\/LET618T22-2.jpg?fit=800%2C1000&ssl=1\" \/>\n\t<meta property=\"og:image:width\" content=\"800\" \/>\n\t<meta property=\"og:image:height\" content=\"1000\" \/>\n\t<meta property=\"og:image:type\" content=\"image\/jpeg\" \/>\n<meta name=\"twitter:card\" content=\"summary_large_image\" \/>\n<script type=\"application\/ld+json\" class=\"yoast-schema-graph\">{\"@context\":\"https:\/\/schema.org\",\"@graph\":[{\"@type\":\"WebPage\",\"@id\":\"https:\/\/inti.hr\/bs\/proizvod\/nocni-ormaric-s-led-rasvjetom-moderna\/\",\"url\":\"https:\/\/inti.hr\/bs\/proizvod\/nocni-ormaric-s-led-rasvjetom-moderna\/\",\"name\":\"No\u0107ni ormari\u0107 s LED rasvjetom moderna - Inti\",\"isPartOf\":{\"@id\":\"https:\/\/inti.hr\/bs\/#website\"},\"primaryImageOfPage\":{\"@id\":\"https:\/\/inti.hr\/bs\/proizvod\/nocni-ormaric-s-led-rasvjetom-moderna\/#primaryimage\"},\"image\":{\"@id\":\"https:\/\/inti.hr\/bs\/proizvod\/nocni-ormaric-s-led-rasvjetom-moderna\/#primaryimage\"},\"thumbnailUrl\":\"https:\/\/i0.wp.com\/inti.hr\/wp-content\/uploads\/2024\/08\/LET618T22-2.jpg?fit=800%2C1000&ssl=1\",\"datePublished\":\"2024-08-27T16:31:34+00:00\",\"dateModified\":\"2024-08-27T16:31:34+00:00\",\"description\":\"Pretvorite atmosferu svoje sobe s dvostrukom LED rasvjetom ugra\u0111enom u ovaj no\u0107ni ormari\u0107. Mo\u017eete podesiti svjetla s 25 boja svjetla, 6 razina svjetline, 3 na\u010dina bljeskanja i 6 frekvencija bljeskanja. Stol ima prostranu plo\u010du za izlaganje umjetni\u010dkih djela ili biljaka, ladicu koja se lako otvara sa zaobljenim rubom za spremanje malih predmeta i otvorenu policu za va\u0161e omiljene knjige. Izra\u0111en od visokokvalitetnog MDF-a i iverice, ovaj kau\u010d stoli\u0107 s uti\u010dnicama je robustan i mo\u017ee izdr\u017eati velika optere\u0107enja (plo\u010da stola do 91 kg) i dovoljno izdr\u017eljiv da vas prati godinama. Jednostavno napunite do 4 ure\u0111aja s ugra\u0111enim produ\u017enim kabelom s 2 AC uti\u010dnice, 2 USB priklju\u010dka i kabelom od 2 m. Stra\u017enji odjeljak za kabele skriva va\u0161e kabele za uredan izgled. Sa svojom potpuno crnom bojom, minimalisti\u010dkim dizajnom i zaobljenim uglovima, ovaj elegantni pomo\u0107ni stoli\u0107 lako \u0107e se uklopiti u va\u0161 dekor i dodati moderan \u0161tih va\u0161em domu.\u00a0\",\"breadcrumb\":{\"@id\":\"https:\/\/inti.hr\/bs\/proizvod\/nocni-ormaric-s-led-rasvjetom-moderna\/#breadcrumb\"},\"inLanguage\":\"bs-BA\",\"potentialAction\":[{\"@type\":\"ReadAction\",\"target\":[\"https:\/\/inti.hr\/bs\/proizvod\/nocni-ormaric-s-led-rasvjetom-moderna\/\"]}]},{\"@type\":\"ImageObject\",\"inLanguage\":\"bs-BA\",\"@id\":\"https:\/\/inti.hr\/bs\/proizvod\/nocni-ormaric-s-led-rasvjetom-moderna\/#primaryimage\",\"url\":\"https:\/\/i0.wp.com\/inti.hr\/wp-content\/uploads\/2024\/08\/LET618T22-2.jpg?fit=800%2C1000&ssl=1\",\"contentUrl\":\"https:\/\/i0.wp.com\/inti.hr\/wp-content\/uploads\/2024\/08\/LET618T22-2.jpg?fit=800%2C1000&ssl=1\",\"width\":800,\"height\":1000,\"caption\":\"no\u0107ni ormari\u0107 s LED rasvjetom moderna\"},{\"@type\":\"BreadcrumbList\",\"@id\":\"https:\/\/inti.hr\/bs\/proizvod\/nocni-ormaric-s-led-rasvjetom-moderna\/#breadcrumb\",\"itemListElement\":[{\"@type\":\"ListItem\",\"position\":1,\"name\":\"Po\u010detna stranica\",\"item\":\"https:\/\/inti.hr\/bs\/\"},{\"@type\":\"ListItem\",\"position\":2,\"name\":\"Trgovina\",\"item\":\"https:\/\/inti.hr\/bs\/trgovina\/\"},{\"@type\":\"ListItem\",\"position\":3,\"name\":\"No\u0107ni ormari\u0107 s LED rasvjetom moderna\"}]},{\"@type\":\"WebSite\",\"@id\":\"https:\/\/inti.hr\/bs\/#website\",\"url\":\"https:\/\/inti.hr\/bs\/\",\"name\":\"Inti\",\"description\":\"trgovina\",\"potentialAction\":[{\"@type\":\"SearchAction\",\"target\":{\"@type\":\"EntryPoint\",\"urlTemplate\":\"https:\/\/inti.hr\/bs\/?s={search_term_string}\"},\"query-input\":{\"@type\":\"PropertyValueSpecification\",\"valueRequired\":true,\"valueName\":\"search_term_string\"}}],\"inLanguage\":\"bs-BA\"}]}<\/script>\n<!-- \/ Yoast SEO plugin. -->","yoast_head_json":{"title":"No\u0107ni ormari\u0107 s LED rasvjetom moderna - Inti","description":"Pretvorite atmosferu svoje sobe s dvostrukom LED rasvjetom ugra\u0111enom u ovaj no\u0107ni ormari\u0107. Mo\u017eete podesiti svjetla s 25 boja svjetla, 6 razina svjetline, 3 na\u010dina bljeskanja i 6 frekvencija bljeskanja. Stol ima prostranu plo\u010du za izlaganje umjetni\u010dkih djela ili biljaka, ladicu koja se lako otvara sa zaobljenim rubom za spremanje malih predmeta i otvorenu policu za va\u0161e omiljene knjige. Izra\u0111en od visokokvalitetnog MDF-a i iverice, ovaj kau\u010d stoli\u0107 s uti\u010dnicama je robustan i mo\u017ee izdr\u017eati velika optere\u0107enja (plo\u010da stola do 91 kg) i dovoljno izdr\u017eljiv da vas prati godinama. Jednostavno napunite do 4 ure\u0111aja s ugra\u0111enim produ\u017enim kabelom s 2 AC uti\u010dnice, 2 USB priklju\u010dka i kabelom od 2 m. Stra\u017enji odjeljak za kabele skriva va\u0161e kabele za uredan izgled. Sa svojom potpuno crnom bojom, minimalisti\u010dkim dizajnom i zaobljenim uglovima, ovaj elegantni pomo\u0107ni stoli\u0107 lako \u0107e se uklopiti u va\u0161 dekor i dodati moderan \u0161tih va\u0161em domu.\u00a0","robots":{"index":"index","follow":"follow","max-snippet":"max-snippet:-1","max-image-preview":"max-image-preview:large","max-video-preview":"max-video-preview:-1"},"canonical":"https:\/\/inti.hr\/bs\/proizvod\/nocni-ormaric-s-led-rasvjetom-moderna\/","og_locale":"bs_BA","og_type":"article","og_title":"No\u0107ni ormari\u0107 s LED rasvjetom moderna - Inti","og_description":"Pretvorite atmosferu svoje sobe s dvostrukom LED rasvjetom ugra\u0111enom u ovaj no\u0107ni ormari\u0107. Mo\u017eete podesiti svjetla s 25 boja svjetla, 6 razina svjetline, 3 na\u010dina bljeskanja i 6 frekvencija bljeskanja. Stol ima prostranu plo\u010du za izlaganje umjetni\u010dkih djela ili biljaka, ladicu koja se lako otvara sa zaobljenim rubom za spremanje malih predmeta i otvorenu policu za va\u0161e omiljene knjige. Izra\u0111en od visokokvalitetnog MDF-a i iverice, ovaj kau\u010d stoli\u0107 s uti\u010dnicama je robustan i mo\u017ee izdr\u017eati velika optere\u0107enja (plo\u010da stola do 91 kg) i dovoljno izdr\u017eljiv da vas prati godinama. Jednostavno napunite do 4 ure\u0111aja s ugra\u0111enim produ\u017enim kabelom s 2 AC uti\u010dnice, 2 USB priklju\u010dka i kabelom od 2 m. Stra\u017enji odjeljak za kabele skriva va\u0161e kabele za uredan izgled. Sa svojom potpuno crnom bojom, minimalisti\u010dkim dizajnom i zaobljenim uglovima, ovaj elegantni pomo\u0107ni stoli\u0107 lako \u0107e se uklopiti u va\u0161 dekor i dodati moderan \u0161tih va\u0161em domu.\u00a0","og_url":"https:\/\/inti.hr\/bs\/proizvod\/nocni-ormaric-s-led-rasvjetom-moderna\/","og_site_name":"Inti","og_image":[{"width":800,"height":1000,"url":"https:\/\/i0.wp.com\/inti.hr\/wp-content\/uploads\/2024\/08\/LET618T22-2.jpg?fit=800%2C1000&ssl=1","type":"image\/jpeg"}],"twitter_card":"summary_large_image","schema":{"@context":"https:\/\/schema.org","@graph":[{"@type":"WebPage","@id":"https:\/\/inti.hr\/bs\/proizvod\/nocni-ormaric-s-led-rasvjetom-moderna\/","url":"https:\/\/inti.hr\/bs\/proizvod\/nocni-ormaric-s-led-rasvjetom-moderna\/","name":"No\u0107ni ormari\u0107 s LED rasvjetom moderna - Inti","isPartOf":{"@id":"https:\/\/inti.hr\/bs\/#website"},"primaryImageOfPage":{"@id":"https:\/\/inti.hr\/bs\/proizvod\/nocni-ormaric-s-led-rasvjetom-moderna\/#primaryimage"},"image":{"@id":"https:\/\/inti.hr\/bs\/proizvod\/nocni-ormaric-s-led-rasvjetom-moderna\/#primaryimage"},"thumbnailUrl":"https:\/\/i0.wp.com\/inti.hr\/wp-content\/uploads\/2024\/08\/LET618T22-2.jpg?fit=800%2C1000&ssl=1","datePublished":"2024-08-27T16:31:34+00:00","dateModified":"2024-08-27T16:31:34+00:00","description":"Pretvorite atmosferu svoje sobe s dvostrukom LED rasvjetom ugra\u0111enom u ovaj no\u0107ni ormari\u0107. Mo\u017eete podesiti svjetla s 25 boja svjetla, 6 razina svjetline, 3 na\u010dina bljeskanja i 6 frekvencija bljeskanja. Stol ima prostranu plo\u010du za izlaganje umjetni\u010dkih djela ili biljaka, ladicu koja se lako otvara sa zaobljenim rubom za spremanje malih predmeta i otvorenu policu za va\u0161e omiljene knjige. Izra\u0111en od visokokvalitetnog MDF-a i iverice, ovaj kau\u010d stoli\u0107 s uti\u010dnicama je robustan i mo\u017ee izdr\u017eati velika optere\u0107enja (plo\u010da stola do 91 kg) i dovoljno izdr\u017eljiv da vas prati godinama. Jednostavno napunite do 4 ure\u0111aja s ugra\u0111enim produ\u017enim kabelom s 2 AC uti\u010dnice, 2 USB priklju\u010dka i kabelom od 2 m. Stra\u017enji odjeljak za kabele skriva va\u0161e kabele za uredan izgled. Sa svojom potpuno crnom bojom, minimalisti\u010dkim dizajnom i zaobljenim uglovima, ovaj elegantni pomo\u0107ni stoli\u0107 lako \u0107e se uklopiti u va\u0161 dekor i dodati moderan \u0161tih va\u0161em domu.\u00a0","breadcrumb":{"@id":"https:\/\/inti.hr\/bs\/proizvod\/nocni-ormaric-s-led-rasvjetom-moderna\/#breadcrumb"},"inLanguage":"bs-BA","potentialAction":[{"@type":"ReadAction","target":["https:\/\/inti.hr\/bs\/proizvod\/nocni-ormaric-s-led-rasvjetom-moderna\/"]}]},{"@type":"ImageObject","inLanguage":"bs-BA","@id":"https:\/\/inti.hr\/bs\/proizvod\/nocni-ormaric-s-led-rasvjetom-moderna\/#primaryimage","url":"https:\/\/i0.wp.com\/inti.hr\/wp-content\/uploads\/2024\/08\/LET618T22-2.jpg?fit=800%2C1000&ssl=1","contentUrl":"https:\/\/i0.wp.com\/inti.hr\/wp-content\/uploads\/2024\/08\/LET618T22-2.jpg?fit=800%2C1000&ssl=1","width":800,"height":1000,"caption":"no\u0107ni ormari\u0107 s LED rasvjetom moderna"},{"@type":"BreadcrumbList","@id":"https:\/\/inti.hr\/bs\/proizvod\/nocni-ormaric-s-led-rasvjetom-moderna\/#breadcrumb","itemListElement":[{"@type":"ListItem","position":1,"name":"Po\u010detna stranica","item":"https:\/\/inti.hr\/bs\/"},{"@type":"ListItem","position":2,"name":"Trgovina","item":"https:\/\/inti.hr\/bs\/trgovina\/"},{"@type":"ListItem","position":3,"name":"No\u0107ni ormari\u0107 s LED rasvjetom moderna"}]},{"@type":"WebSite","@id":"https:\/\/inti.hr\/bs\/#website","url":"https:\/\/inti.hr\/bs\/","name":"Inti","description":"trgovina","potentialAction":[{"@type":"SearchAction","target":{"@type":"EntryPoint","urlTemplate":"https:\/\/inti.hr\/bs\/?s={search_term_string}"},"query-input":{"@type":"PropertyValueSpecification","valueRequired":true,"valueName":"search_term_string"}}],"inLanguage":"bs-BA"}]}},"jetpack_sharing_enabled":true,"jetpack-related-posts":[],"_links":{"self":[{"href":"https:\/\/inti.hr\/bs\/wp-json\/wp\/v2\/product\/35451"}],"collection":[{"href":"https:\/\/inti.hr\/bs\/wp-json\/wp\/v2\/product"}],"about":[{"href":"https:\/\/inti.hr\/bs\/wp-json\/wp\/v2\/types\/product"}],"wp:featuredmedia":[{"embeddable":true,"href":"https:\/\/inti.hr\/bs\/wp-json\/wp\/v2\/media\/35452"}],"wp:attachment":[{"href":"https:\/\/inti.hr\/bs\/wp-json\/wp\/v2\/media?parent=35451"}],"wp:term":[{"taxonomy":"product_cat","embeddable":true,"href":"https:\/\/inti.hr\/bs\/wp-json\/wp\/v2\/product_cat?post=35451"},{"taxonomy":"product_tag","embeddable":true,"href":"https:\/\/inti.hr\/bs\/wp-json\/wp\/v2\/product_tag?post=35451"}],"curies":[{"name":"wp","href":"https:\/\/api.w.org\/{rel}","templated":true}]}}