{"id":35463,"date":"2024-08-27T09:28:27","date_gmt":"2024-08-27T08:28:27","guid":{"rendered":"https:\/\/inti.hr\/product\/ormaric-za-cipele-u-stilu-seoske-kuce-35-x-80-x-70-cm\/"},"modified":"2024-08-27T09:28:27","modified_gmt":"2024-08-27T08:28:27","slug":"ormaric-za-cipele-u-stilu-seoske-kuce-35-x-80-x-70-cm","status":"publish","type":"product","link":"https:\/\/inti.hr\/bs\/proizvod\/ormaric-za-cipele-u-stilu-seoske-kuce-35-x-80-x-70-cm\/","title":{"rendered":"Ormari\u0107 za cipele 35 x 80 x 70 cm"},"content":{"rendered":"<p>Detalji proizvoda:<br \/>\nBoja: \u0161kriljasto siva, bijela<br \/>\nMaterijal: MDF (vlaknasta plo\u010da srednje gusto\u0107e)<br \/>\nVeli\u010dina: 35 x 80 x 70 cm (D x \u0160 x V)<br \/>\nTe\u017eina: 19,4 kg<br \/>\nMaksimalna stati\u010dka nosivost: 75 kg<\/p>\n","protected":false},"excerpt":{"rendered":"<p>Uljep\u0161ajte svoj dom ovim modernim ormari\u0107em za cipele. Sa svojim klasi\u010dnim &#8230; <\/p>\n","protected":false},"featured_media":35464,"template":"","meta":[],"product_cat":[2632],"product_tag":[2633,3646,2638],"yoast_head":"<!-- This site is optimized with the Yoast SEO plugin v23.7 - https:\/\/yoast.com\/wordpress\/plugins\/seo\/ -->\n<title>Ormari\u0107 za cipele 35 x 80 x 70 cm - Inti<\/title>\n<meta name=\"description\" content=\"Uljep\u0161ajte svoj dom ovim modernim ormari\u0107em za cipele. Sa svojim klasi\u010dnim dizajnom i \u0161kriljasto sivom bojom, mo\u017ee se lako integrirati u va\u0161 stil interijera i unosi eleganciju u va\u0161u sobu. S 9 rupa (svaka u razmacima od 3 cm) mo\u017eete podesiti visinu polica iza vrata i smjestiti cipele razli\u010ditih veli\u010dina. Osim toga, udaljenost od poda olak\u0161ava \u010di\u0161\u0107enje. Upotrijebite stalak za cipele u ulaznom prostoru i hodniku za pohranjivanje cipela, u dnevnoj sobi za drangulije ili u radnoj sobi za pohranjivanje knjiga. Ovaj ormari\u0107 za pohranjivanje pravi je svestrani alat. Ovaj ormari\u0107 za cipele ima otvoreni pretinac i ormari\u0107 s ukupno 4 police, pru\u017eaju\u0107i dovoljno prostora za pohranjivanje 9-12 pari cipela i drugih svakodnevnih stvari. Iskoristite svoj prostor maksimalno! Izra\u0111en od \u010dvrstih MDF plo\u010da, ovaj ormari\u0107 za cipele nudi stabilnu strukturu koja mo\u017ee izdr\u017eati do 75 kg i osigurava izdr\u017eljivost. Uklju\u010dena za\u0161tita vrha tako\u0111er nudi dodatnu stabilnost.\u00a0\" \/>\n<meta name=\"robots\" content=\"index, follow, max-snippet:-1, max-image-preview:large, max-video-preview:-1\" \/>\n<link rel=\"canonical\" href=\"https:\/\/inti.hr\/bs\/proizvod\/ormaric-za-cipele-u-stilu-seoske-kuce-35-x-80-x-70-cm\/\" \/>\n<meta property=\"og:locale\" content=\"bs_BA\" \/>\n<meta property=\"og:type\" content=\"article\" \/>\n<meta property=\"og:title\" content=\"Ormari\u0107 za cipele 35 x 80 x 70 cm - Inti\" \/>\n<meta property=\"og:description\" content=\"Uljep\u0161ajte svoj dom ovim modernim ormari\u0107em za cipele. Sa svojim klasi\u010dnim dizajnom i \u0161kriljasto sivom bojom, mo\u017ee se lako integrirati u va\u0161 stil interijera i unosi eleganciju u va\u0161u sobu. S 9 rupa (svaka u razmacima od 3 cm) mo\u017eete podesiti visinu polica iza vrata i smjestiti cipele razli\u010ditih veli\u010dina. Osim toga, udaljenost od poda olak\u0161ava \u010di\u0161\u0107enje. Upotrijebite stalak za cipele u ulaznom prostoru i hodniku za pohranjivanje cipela, u dnevnoj sobi za drangulije ili u radnoj sobi za pohranjivanje knjiga. Ovaj ormari\u0107 za pohranjivanje pravi je svestrani alat. Ovaj ormari\u0107 za cipele ima otvoreni pretinac i ormari\u0107 s ukupno 4 police, pru\u017eaju\u0107i dovoljno prostora za pohranjivanje 9-12 pari cipela i drugih svakodnevnih stvari. Iskoristite svoj prostor maksimalno! Izra\u0111en od \u010dvrstih MDF plo\u010da, ovaj ormari\u0107 za cipele nudi stabilnu strukturu koja mo\u017ee izdr\u017eati do 75 kg i osigurava izdr\u017eljivost. Uklju\u010dena za\u0161tita vrha tako\u0111er nudi dodatnu stabilnost.\u00a0\" \/>\n<meta property=\"og:url\" content=\"https:\/\/inti.hr\/bs\/proizvod\/ormaric-za-cipele-u-stilu-seoske-kuce-35-x-80-x-70-cm\/\" \/>\n<meta property=\"og:site_name\" content=\"Inti\" \/>\n<meta property=\"og:image\" content=\"https:\/\/i0.wp.com\/inti.hr\/wp-content\/uploads\/2024\/08\/LBC044G01-2.jpg?fit=800%2C1000&ssl=1\" \/>\n\t<meta property=\"og:image:width\" content=\"800\" \/>\n\t<meta property=\"og:image:height\" content=\"1000\" \/>\n\t<meta property=\"og:image:type\" content=\"image\/jpeg\" \/>\n<meta name=\"twitter:card\" content=\"summary_large_image\" \/>\n<script type=\"application\/ld+json\" class=\"yoast-schema-graph\">{\"@context\":\"https:\/\/schema.org\",\"@graph\":[{\"@type\":\"WebPage\",\"@id\":\"https:\/\/inti.hr\/bs\/proizvod\/ormaric-za-cipele-u-stilu-seoske-kuce-35-x-80-x-70-cm\/\",\"url\":\"https:\/\/inti.hr\/bs\/proizvod\/ormaric-za-cipele-u-stilu-seoske-kuce-35-x-80-x-70-cm\/\",\"name\":\"Ormari\u0107 za cipele 35 x 80 x 70 cm - Inti\",\"isPartOf\":{\"@id\":\"https:\/\/inti.hr\/bs\/#website\"},\"primaryImageOfPage\":{\"@id\":\"https:\/\/inti.hr\/bs\/proizvod\/ormaric-za-cipele-u-stilu-seoske-kuce-35-x-80-x-70-cm\/#primaryimage\"},\"image\":{\"@id\":\"https:\/\/inti.hr\/bs\/proizvod\/ormaric-za-cipele-u-stilu-seoske-kuce-35-x-80-x-70-cm\/#primaryimage\"},\"thumbnailUrl\":\"https:\/\/i0.wp.com\/inti.hr\/wp-content\/uploads\/2024\/08\/LBC044G01-2.jpg?fit=800%2C1000&ssl=1\",\"datePublished\":\"2024-08-27T08:28:27+00:00\",\"dateModified\":\"2024-08-27T08:28:27+00:00\",\"description\":\"Uljep\u0161ajte svoj dom ovim modernim ormari\u0107em za cipele. Sa svojim klasi\u010dnim dizajnom i \u0161kriljasto sivom bojom, mo\u017ee se lako integrirati u va\u0161 stil interijera i unosi eleganciju u va\u0161u sobu. S 9 rupa (svaka u razmacima od 3 cm) mo\u017eete podesiti visinu polica iza vrata i smjestiti cipele razli\u010ditih veli\u010dina. Osim toga, udaljenost od poda olak\u0161ava \u010di\u0161\u0107enje. Upotrijebite stalak za cipele u ulaznom prostoru i hodniku za pohranjivanje cipela, u dnevnoj sobi za drangulije ili u radnoj sobi za pohranjivanje knjiga. Ovaj ormari\u0107 za pohranjivanje pravi je svestrani alat. Ovaj ormari\u0107 za cipele ima otvoreni pretinac i ormari\u0107 s ukupno 4 police, pru\u017eaju\u0107i dovoljno prostora za pohranjivanje 9-12 pari cipela i drugih svakodnevnih stvari. Iskoristite svoj prostor maksimalno! Izra\u0111en od \u010dvrstih MDF plo\u010da, ovaj ormari\u0107 za cipele nudi stabilnu strukturu koja mo\u017ee izdr\u017eati do 75 kg i osigurava izdr\u017eljivost. Uklju\u010dena za\u0161tita vrha tako\u0111er nudi dodatnu stabilnost.\u00a0\",\"breadcrumb\":{\"@id\":\"https:\/\/inti.hr\/bs\/proizvod\/ormaric-za-cipele-u-stilu-seoske-kuce-35-x-80-x-70-cm\/#breadcrumb\"},\"inLanguage\":\"bs-BA\",\"potentialAction\":[{\"@type\":\"ReadAction\",\"target\":[\"https:\/\/inti.hr\/bs\/proizvod\/ormaric-za-cipele-u-stilu-seoske-kuce-35-x-80-x-70-cm\/\"]}]},{\"@type\":\"ImageObject\",\"inLanguage\":\"bs-BA\",\"@id\":\"https:\/\/inti.hr\/bs\/proizvod\/ormaric-za-cipele-u-stilu-seoske-kuce-35-x-80-x-70-cm\/#primaryimage\",\"url\":\"https:\/\/i0.wp.com\/inti.hr\/wp-content\/uploads\/2024\/08\/LBC044G01-2.jpg?fit=800%2C1000&ssl=1\",\"contentUrl\":\"https:\/\/i0.wp.com\/inti.hr\/wp-content\/uploads\/2024\/08\/LBC044G01-2.jpg?fit=800%2C1000&ssl=1\",\"width\":800,\"height\":1000,\"caption\":\"ormari\u0107 za cipele u stilu seoske ku\u0107e 35 x 120 x 70 cm \u0161krilja\"},{\"@type\":\"BreadcrumbList\",\"@id\":\"https:\/\/inti.hr\/bs\/proizvod\/ormaric-za-cipele-u-stilu-seoske-kuce-35-x-80-x-70-cm\/#breadcrumb\",\"itemListElement\":[{\"@type\":\"ListItem\",\"position\":1,\"name\":\"Po\u010detna stranica\",\"item\":\"https:\/\/inti.hr\/bs\/\"},{\"@type\":\"ListItem\",\"position\":2,\"name\":\"Trgovina\",\"item\":\"https:\/\/inti.hr\/bs\/trgovina\/\"},{\"@type\":\"ListItem\",\"position\":3,\"name\":\"Ormari\u0107 za cipele 35 x 80 x 70 cm\"}]},{\"@type\":\"WebSite\",\"@id\":\"https:\/\/inti.hr\/bs\/#website\",\"url\":\"https:\/\/inti.hr\/bs\/\",\"name\":\"Inti\",\"description\":\"trgovina\",\"potentialAction\":[{\"@type\":\"SearchAction\",\"target\":{\"@type\":\"EntryPoint\",\"urlTemplate\":\"https:\/\/inti.hr\/bs\/?s={search_term_string}\"},\"query-input\":{\"@type\":\"PropertyValueSpecification\",\"valueRequired\":true,\"valueName\":\"search_term_string\"}}],\"inLanguage\":\"bs-BA\"}]}<\/script>\n<!-- \/ Yoast SEO plugin. -->","yoast_head_json":{"title":"Ormari\u0107 za cipele 35 x 80 x 70 cm - Inti","description":"Uljep\u0161ajte svoj dom ovim modernim ormari\u0107em za cipele. Sa svojim klasi\u010dnim dizajnom i \u0161kriljasto sivom bojom, mo\u017ee se lako integrirati u va\u0161 stil interijera i unosi eleganciju u va\u0161u sobu. S 9 rupa (svaka u razmacima od 3 cm) mo\u017eete podesiti visinu polica iza vrata i smjestiti cipele razli\u010ditih veli\u010dina. Osim toga, udaljenost od poda olak\u0161ava \u010di\u0161\u0107enje. Upotrijebite stalak za cipele u ulaznom prostoru i hodniku za pohranjivanje cipela, u dnevnoj sobi za drangulije ili u radnoj sobi za pohranjivanje knjiga. Ovaj ormari\u0107 za pohranjivanje pravi je svestrani alat. Ovaj ormari\u0107 za cipele ima otvoreni pretinac i ormari\u0107 s ukupno 4 police, pru\u017eaju\u0107i dovoljno prostora za pohranjivanje 9-12 pari cipela i drugih svakodnevnih stvari. Iskoristite svoj prostor maksimalno! Izra\u0111en od \u010dvrstih MDF plo\u010da, ovaj ormari\u0107 za cipele nudi stabilnu strukturu koja mo\u017ee izdr\u017eati do 75 kg i osigurava izdr\u017eljivost. Uklju\u010dena za\u0161tita vrha tako\u0111er nudi dodatnu stabilnost.\u00a0","robots":{"index":"index","follow":"follow","max-snippet":"max-snippet:-1","max-image-preview":"max-image-preview:large","max-video-preview":"max-video-preview:-1"},"canonical":"https:\/\/inti.hr\/bs\/proizvod\/ormaric-za-cipele-u-stilu-seoske-kuce-35-x-80-x-70-cm\/","og_locale":"bs_BA","og_type":"article","og_title":"Ormari\u0107 za cipele 35 x 80 x 70 cm - Inti","og_description":"Uljep\u0161ajte svoj dom ovim modernim ormari\u0107em za cipele. Sa svojim klasi\u010dnim dizajnom i \u0161kriljasto sivom bojom, mo\u017ee se lako integrirati u va\u0161 stil interijera i unosi eleganciju u va\u0161u sobu. S 9 rupa (svaka u razmacima od 3 cm) mo\u017eete podesiti visinu polica iza vrata i smjestiti cipele razli\u010ditih veli\u010dina. Osim toga, udaljenost od poda olak\u0161ava \u010di\u0161\u0107enje. Upotrijebite stalak za cipele u ulaznom prostoru i hodniku za pohranjivanje cipela, u dnevnoj sobi za drangulije ili u radnoj sobi za pohranjivanje knjiga. Ovaj ormari\u0107 za pohranjivanje pravi je svestrani alat. Ovaj ormari\u0107 za cipele ima otvoreni pretinac i ormari\u0107 s ukupno 4 police, pru\u017eaju\u0107i dovoljno prostora za pohranjivanje 9-12 pari cipela i drugih svakodnevnih stvari. Iskoristite svoj prostor maksimalno! Izra\u0111en od \u010dvrstih MDF plo\u010da, ovaj ormari\u0107 za cipele nudi stabilnu strukturu koja mo\u017ee izdr\u017eati do 75 kg i osigurava izdr\u017eljivost. Uklju\u010dena za\u0161tita vrha tako\u0111er nudi dodatnu stabilnost.\u00a0","og_url":"https:\/\/inti.hr\/bs\/proizvod\/ormaric-za-cipele-u-stilu-seoske-kuce-35-x-80-x-70-cm\/","og_site_name":"Inti","og_image":[{"width":800,"height":1000,"url":"https:\/\/i0.wp.com\/inti.hr\/wp-content\/uploads\/2024\/08\/LBC044G01-2.jpg?fit=800%2C1000&ssl=1","type":"image\/jpeg"}],"twitter_card":"summary_large_image","schema":{"@context":"https:\/\/schema.org","@graph":[{"@type":"WebPage","@id":"https:\/\/inti.hr\/bs\/proizvod\/ormaric-za-cipele-u-stilu-seoske-kuce-35-x-80-x-70-cm\/","url":"https:\/\/inti.hr\/bs\/proizvod\/ormaric-za-cipele-u-stilu-seoske-kuce-35-x-80-x-70-cm\/","name":"Ormari\u0107 za cipele 35 x 80 x 70 cm - Inti","isPartOf":{"@id":"https:\/\/inti.hr\/bs\/#website"},"primaryImageOfPage":{"@id":"https:\/\/inti.hr\/bs\/proizvod\/ormaric-za-cipele-u-stilu-seoske-kuce-35-x-80-x-70-cm\/#primaryimage"},"image":{"@id":"https:\/\/inti.hr\/bs\/proizvod\/ormaric-za-cipele-u-stilu-seoske-kuce-35-x-80-x-70-cm\/#primaryimage"},"thumbnailUrl":"https:\/\/i0.wp.com\/inti.hr\/wp-content\/uploads\/2024\/08\/LBC044G01-2.jpg?fit=800%2C1000&ssl=1","datePublished":"2024-08-27T08:28:27+00:00","dateModified":"2024-08-27T08:28:27+00:00","description":"Uljep\u0161ajte svoj dom ovim modernim ormari\u0107em za cipele. Sa svojim klasi\u010dnim dizajnom i \u0161kriljasto sivom bojom, mo\u017ee se lako integrirati u va\u0161 stil interijera i unosi eleganciju u va\u0161u sobu. S 9 rupa (svaka u razmacima od 3 cm) mo\u017eete podesiti visinu polica iza vrata i smjestiti cipele razli\u010ditih veli\u010dina. Osim toga, udaljenost od poda olak\u0161ava \u010di\u0161\u0107enje. Upotrijebite stalak za cipele u ulaznom prostoru i hodniku za pohranjivanje cipela, u dnevnoj sobi za drangulije ili u radnoj sobi za pohranjivanje knjiga. Ovaj ormari\u0107 za pohranjivanje pravi je svestrani alat. Ovaj ormari\u0107 za cipele ima otvoreni pretinac i ormari\u0107 s ukupno 4 police, pru\u017eaju\u0107i dovoljno prostora za pohranjivanje 9-12 pari cipela i drugih svakodnevnih stvari. Iskoristite svoj prostor maksimalno! Izra\u0111en od \u010dvrstih MDF plo\u010da, ovaj ormari\u0107 za cipele nudi stabilnu strukturu koja mo\u017ee izdr\u017eati do 75 kg i osigurava izdr\u017eljivost. Uklju\u010dena za\u0161tita vrha tako\u0111er nudi dodatnu stabilnost.\u00a0","breadcrumb":{"@id":"https:\/\/inti.hr\/bs\/proizvod\/ormaric-za-cipele-u-stilu-seoske-kuce-35-x-80-x-70-cm\/#breadcrumb"},"inLanguage":"bs-BA","potentialAction":[{"@type":"ReadAction","target":["https:\/\/inti.hr\/bs\/proizvod\/ormaric-za-cipele-u-stilu-seoske-kuce-35-x-80-x-70-cm\/"]}]},{"@type":"ImageObject","inLanguage":"bs-BA","@id":"https:\/\/inti.hr\/bs\/proizvod\/ormaric-za-cipele-u-stilu-seoske-kuce-35-x-80-x-70-cm\/#primaryimage","url":"https:\/\/i0.wp.com\/inti.hr\/wp-content\/uploads\/2024\/08\/LBC044G01-2.jpg?fit=800%2C1000&ssl=1","contentUrl":"https:\/\/i0.wp.com\/inti.hr\/wp-content\/uploads\/2024\/08\/LBC044G01-2.jpg?fit=800%2C1000&ssl=1","width":800,"height":1000,"caption":"ormari\u0107 za cipele u stilu seoske ku\u0107e 35 x 120 x 70 cm \u0161krilja"},{"@type":"BreadcrumbList","@id":"https:\/\/inti.hr\/bs\/proizvod\/ormaric-za-cipele-u-stilu-seoske-kuce-35-x-80-x-70-cm\/#breadcrumb","itemListElement":[{"@type":"ListItem","position":1,"name":"Po\u010detna stranica","item":"https:\/\/inti.hr\/bs\/"},{"@type":"ListItem","position":2,"name":"Trgovina","item":"https:\/\/inti.hr\/bs\/trgovina\/"},{"@type":"ListItem","position":3,"name":"Ormari\u0107 za cipele 35 x 80 x 70 cm"}]},{"@type":"WebSite","@id":"https:\/\/inti.hr\/bs\/#website","url":"https:\/\/inti.hr\/bs\/","name":"Inti","description":"trgovina","potentialAction":[{"@type":"SearchAction","target":{"@type":"EntryPoint","urlTemplate":"https:\/\/inti.hr\/bs\/?s={search_term_string}"},"query-input":{"@type":"PropertyValueSpecification","valueRequired":true,"valueName":"search_term_string"}}],"inLanguage":"bs-BA"}]}},"jetpack_sharing_enabled":true,"jetpack-related-posts":[],"_links":{"self":[{"href":"https:\/\/inti.hr\/bs\/wp-json\/wp\/v2\/product\/35463"}],"collection":[{"href":"https:\/\/inti.hr\/bs\/wp-json\/wp\/v2\/product"}],"about":[{"href":"https:\/\/inti.hr\/bs\/wp-json\/wp\/v2\/types\/product"}],"wp:featuredmedia":[{"embeddable":true,"href":"https:\/\/inti.hr\/bs\/wp-json\/wp\/v2\/media\/35464"}],"wp:attachment":[{"href":"https:\/\/inti.hr\/bs\/wp-json\/wp\/v2\/media?parent=35463"}],"wp:term":[{"taxonomy":"product_cat","embeddable":true,"href":"https:\/\/inti.hr\/bs\/wp-json\/wp\/v2\/product_cat?post=35463"},{"taxonomy":"product_tag","embeddable":true,"href":"https:\/\/inti.hr\/bs\/wp-json\/wp\/v2\/product_tag?post=35463"}],"curies":[{"name":"wp","href":"https:\/\/api.w.org\/{rel}","templated":true}]}}