{"id":35495,"date":"2024-08-27T08:08:33","date_gmt":"2024-08-27T07:08:33","guid":{"rendered":"https:\/\/inti.hr\/product\/grebalica-s-velikom-platformom\/"},"modified":"2024-08-27T08:08:33","modified_gmt":"2024-08-27T07:08:33","slug":"grebalica-s-velikom-platformom","status":"publish","type":"product","link":"https:\/\/inti.hr\/bs\/proizvod\/grebalica-s-velikom-platformom\/","title":{"rendered":"Grebalica s velikom platformom"},"content":{"rendered":"<ul>\n<li><b><span>Detalji proizvoda:<\/span><\/b><\/li>\n<li><span>Boja: pastelno roza, krem bijela<\/span><\/li>\n<li><span>Materijal: iveral, pli\u0161, sisal<\/span><\/li>\n<li><span>Veli\u010dina: 48 x 48 x 96 cm (D x \u0160 x V)<\/span><\/li>\n<li><span>Te\u017eina: 11,6 kg<\/span><\/li>\n<li><span>Maksimalna stati\u010dka nosivost: 50 kg<\/span><\/li>\n<\/ul>\n","protected":false},"excerpt":{"rendered":"<p>Sa \u0161irokom platformom (45 x 30 cm), velike ili bucmaste ma\u010dke &#8230; <\/p>\n","protected":false},"featured_media":35496,"template":"","meta":[],"product_cat":[2400],"product_tag":[3030,2528],"yoast_head":"<!-- This site is optimized with the Yoast SEO plugin v23.7 - https:\/\/yoast.com\/wordpress\/plugins\/seo\/ -->\n<title>Grebalica s velikom platformom - Inti<\/title>\n<meta name=\"description\" content=\"Sa \u0161irokom platformom (45 x 30 cm), velike ili bucmaste ma\u010dke mogu se udobno ispru\u017eiti i opustiti. Jo\u0161 bolje: podignuti, dobro podstavljeni rub podi\u017ee udobnost na vi\u0161u razinu. \u0160pilja za ma\u010dke opremljena je s 2 otvora tako da va\u0161a ma\u010dka mo\u017ee lako u\u0107i i iza\u0107i ili se opustiti u mekanoj le\u017ealjci i rastegnuti se. Robusna iverica za izdr\u017eljivost, oja\u010dana osnovna plo\u010da za dodatnu stabilnost i za\u0161tita vrhova za sigurnost - Ovaj stup za grebanje sa stupovima od sisala nudi sigurno igrali\u0161te za do 3 ma\u010dke (maksimalno 7 kg svaka). S daskom za grebanje i rampom u jednom, ova grebalica za ma\u010dke ne samo da omogu\u0107uje va\u0161im ma\u010dkama da se \u010de\u0161u do mile volje, ve\u0107 i ma\u010di\u0107ima i starijim ma\u010dkama olak\u0161ava penjanje. Ako su va\u0161e ma\u010dke malo previ\u0161e zaigrane s pli\u0161anom loptom na ovom namje\u0161taju za ma\u010dke, tu je i druga (ako ne volite zvuk zvona, pli\u0161anu loptu mo\u017eete koristiti i bez zvona).\u00a0\" \/>\n<meta name=\"robots\" content=\"index, follow, max-snippet:-1, max-image-preview:large, max-video-preview:-1\" \/>\n<link rel=\"canonical\" href=\"https:\/\/inti.hr\/bs\/proizvod\/grebalica-s-velikom-platformom\/\" \/>\n<meta property=\"og:locale\" content=\"bs_BA\" \/>\n<meta property=\"og:type\" content=\"article\" \/>\n<meta property=\"og:title\" content=\"Grebalica s velikom platformom - Inti\" \/>\n<meta property=\"og:description\" content=\"Sa \u0161irokom platformom (45 x 30 cm), velike ili bucmaste ma\u010dke mogu se udobno ispru\u017eiti i opustiti. Jo\u0161 bolje: podignuti, dobro podstavljeni rub podi\u017ee udobnost na vi\u0161u razinu. \u0160pilja za ma\u010dke opremljena je s 2 otvora tako da va\u0161a ma\u010dka mo\u017ee lako u\u0107i i iza\u0107i ili se opustiti u mekanoj le\u017ealjci i rastegnuti se. Robusna iverica za izdr\u017eljivost, oja\u010dana osnovna plo\u010da za dodatnu stabilnost i za\u0161tita vrhova za sigurnost - Ovaj stup za grebanje sa stupovima od sisala nudi sigurno igrali\u0161te za do 3 ma\u010dke (maksimalno 7 kg svaka). S daskom za grebanje i rampom u jednom, ova grebalica za ma\u010dke ne samo da omogu\u0107uje va\u0161im ma\u010dkama da se \u010de\u0161u do mile volje, ve\u0107 i ma\u010di\u0107ima i starijim ma\u010dkama olak\u0161ava penjanje. Ako su va\u0161e ma\u010dke malo previ\u0161e zaigrane s pli\u0161anom loptom na ovom namje\u0161taju za ma\u010dke, tu je i druga (ako ne volite zvuk zvona, pli\u0161anu loptu mo\u017eete koristiti i bez zvona).\u00a0\" \/>\n<meta property=\"og:url\" content=\"https:\/\/inti.hr\/bs\/proizvod\/grebalica-s-velikom-platformom\/\" \/>\n<meta property=\"og:site_name\" content=\"Inti\" \/>\n<meta property=\"og:image\" content=\"https:\/\/i0.wp.com\/inti.hr\/wp-content\/uploads\/2024\/08\/PCT051P01-1-1.jpg?fit=1000%2C1000&ssl=1\" \/>\n\t<meta property=\"og:image:width\" content=\"1000\" \/>\n\t<meta property=\"og:image:height\" content=\"1000\" \/>\n\t<meta property=\"og:image:type\" content=\"image\/jpeg\" \/>\n<meta name=\"twitter:card\" content=\"summary_large_image\" \/>\n<script type=\"application\/ld+json\" class=\"yoast-schema-graph\">{\"@context\":\"https:\/\/schema.org\",\"@graph\":[{\"@type\":\"WebPage\",\"@id\":\"https:\/\/inti.hr\/bs\/proizvod\/grebalica-s-velikom-platformom\/\",\"url\":\"https:\/\/inti.hr\/bs\/proizvod\/grebalica-s-velikom-platformom\/\",\"name\":\"Grebalica s velikom platformom - Inti\",\"isPartOf\":{\"@id\":\"https:\/\/inti.hr\/bs\/#website\"},\"primaryImageOfPage\":{\"@id\":\"https:\/\/inti.hr\/bs\/proizvod\/grebalica-s-velikom-platformom\/#primaryimage\"},\"image\":{\"@id\":\"https:\/\/inti.hr\/bs\/proizvod\/grebalica-s-velikom-platformom\/#primaryimage\"},\"thumbnailUrl\":\"https:\/\/i0.wp.com\/inti.hr\/wp-content\/uploads\/2024\/08\/PCT051P01-1-1.jpg?fit=1000%2C1000&ssl=1\",\"datePublished\":\"2024-08-27T07:08:33+00:00\",\"dateModified\":\"2024-08-27T07:08:33+00:00\",\"description\":\"Sa \u0161irokom platformom (45 x 30 cm), velike ili bucmaste ma\u010dke mogu se udobno ispru\u017eiti i opustiti. Jo\u0161 bolje: podignuti, dobro podstavljeni rub podi\u017ee udobnost na vi\u0161u razinu. \u0160pilja za ma\u010dke opremljena je s 2 otvora tako da va\u0161a ma\u010dka mo\u017ee lako u\u0107i i iza\u0107i ili se opustiti u mekanoj le\u017ealjci i rastegnuti se. Robusna iverica za izdr\u017eljivost, oja\u010dana osnovna plo\u010da za dodatnu stabilnost i za\u0161tita vrhova za sigurnost - Ovaj stup za grebanje sa stupovima od sisala nudi sigurno igrali\u0161te za do 3 ma\u010dke (maksimalno 7 kg svaka). S daskom za grebanje i rampom u jednom, ova grebalica za ma\u010dke ne samo da omogu\u0107uje va\u0161im ma\u010dkama da se \u010de\u0161u do mile volje, ve\u0107 i ma\u010di\u0107ima i starijim ma\u010dkama olak\u0161ava penjanje. Ako su va\u0161e ma\u010dke malo previ\u0161e zaigrane s pli\u0161anom loptom na ovom namje\u0161taju za ma\u010dke, tu je i druga (ako ne volite zvuk zvona, pli\u0161anu loptu mo\u017eete koristiti i bez zvona).\u00a0\",\"breadcrumb\":{\"@id\":\"https:\/\/inti.hr\/bs\/proizvod\/grebalica-s-velikom-platformom\/#breadcrumb\"},\"inLanguage\":\"bs-BA\",\"potentialAction\":[{\"@type\":\"ReadAction\",\"target\":[\"https:\/\/inti.hr\/bs\/proizvod\/grebalica-s-velikom-platformom\/\"]}]},{\"@type\":\"ImageObject\",\"inLanguage\":\"bs-BA\",\"@id\":\"https:\/\/inti.hr\/bs\/proizvod\/grebalica-s-velikom-platformom\/#primaryimage\",\"url\":\"https:\/\/i0.wp.com\/inti.hr\/wp-content\/uploads\/2024\/08\/PCT051P01-1-1.jpg?fit=1000%2C1000&ssl=1\",\"contentUrl\":\"https:\/\/i0.wp.com\/inti.hr\/wp-content\/uploads\/2024\/08\/PCT051P01-1-1.jpg?fit=1000%2C1000&ssl=1\",\"width\":1000,\"height\":1000,\"caption\":\"grebalica s velikom platformom pastelno ru\u017ei\u010dasta\"},{\"@type\":\"BreadcrumbList\",\"@id\":\"https:\/\/inti.hr\/bs\/proizvod\/grebalica-s-velikom-platformom\/#breadcrumb\",\"itemListElement\":[{\"@type\":\"ListItem\",\"position\":1,\"name\":\"Po\u010detna stranica\",\"item\":\"https:\/\/inti.hr\/bs\/\"},{\"@type\":\"ListItem\",\"position\":2,\"name\":\"Trgovina\",\"item\":\"https:\/\/inti.hr\/bs\/trgovina\/\"},{\"@type\":\"ListItem\",\"position\":3,\"name\":\"Grebalica s velikom platformom\"}]},{\"@type\":\"WebSite\",\"@id\":\"https:\/\/inti.hr\/bs\/#website\",\"url\":\"https:\/\/inti.hr\/bs\/\",\"name\":\"Inti\",\"description\":\"trgovina\",\"potentialAction\":[{\"@type\":\"SearchAction\",\"target\":{\"@type\":\"EntryPoint\",\"urlTemplate\":\"https:\/\/inti.hr\/bs\/?s={search_term_string}\"},\"query-input\":{\"@type\":\"PropertyValueSpecification\",\"valueRequired\":true,\"valueName\":\"search_term_string\"}}],\"inLanguage\":\"bs-BA\"}]}<\/script>\n<!-- \/ Yoast SEO plugin. -->","yoast_head_json":{"title":"Grebalica s velikom platformom - Inti","description":"Sa \u0161irokom platformom (45 x 30 cm), velike ili bucmaste ma\u010dke mogu se udobno ispru\u017eiti i opustiti. Jo\u0161 bolje: podignuti, dobro podstavljeni rub podi\u017ee udobnost na vi\u0161u razinu. \u0160pilja za ma\u010dke opremljena je s 2 otvora tako da va\u0161a ma\u010dka mo\u017ee lako u\u0107i i iza\u0107i ili se opustiti u mekanoj le\u017ealjci i rastegnuti se. Robusna iverica za izdr\u017eljivost, oja\u010dana osnovna plo\u010da za dodatnu stabilnost i za\u0161tita vrhova za sigurnost - Ovaj stup za grebanje sa stupovima od sisala nudi sigurno igrali\u0161te za do 3 ma\u010dke (maksimalno 7 kg svaka). S daskom za grebanje i rampom u jednom, ova grebalica za ma\u010dke ne samo da omogu\u0107uje va\u0161im ma\u010dkama da se \u010de\u0161u do mile volje, ve\u0107 i ma\u010di\u0107ima i starijim ma\u010dkama olak\u0161ava penjanje. Ako su va\u0161e ma\u010dke malo previ\u0161e zaigrane s pli\u0161anom loptom na ovom namje\u0161taju za ma\u010dke, tu je i druga (ako ne volite zvuk zvona, pli\u0161anu loptu mo\u017eete koristiti i bez zvona).\u00a0","robots":{"index":"index","follow":"follow","max-snippet":"max-snippet:-1","max-image-preview":"max-image-preview:large","max-video-preview":"max-video-preview:-1"},"canonical":"https:\/\/inti.hr\/bs\/proizvod\/grebalica-s-velikom-platformom\/","og_locale":"bs_BA","og_type":"article","og_title":"Grebalica s velikom platformom - Inti","og_description":"Sa \u0161irokom platformom (45 x 30 cm), velike ili bucmaste ma\u010dke mogu se udobno ispru\u017eiti i opustiti. Jo\u0161 bolje: podignuti, dobro podstavljeni rub podi\u017ee udobnost na vi\u0161u razinu. \u0160pilja za ma\u010dke opremljena je s 2 otvora tako da va\u0161a ma\u010dka mo\u017ee lako u\u0107i i iza\u0107i ili se opustiti u mekanoj le\u017ealjci i rastegnuti se. Robusna iverica za izdr\u017eljivost, oja\u010dana osnovna plo\u010da za dodatnu stabilnost i za\u0161tita vrhova za sigurnost - Ovaj stup za grebanje sa stupovima od sisala nudi sigurno igrali\u0161te za do 3 ma\u010dke (maksimalno 7 kg svaka). S daskom za grebanje i rampom u jednom, ova grebalica za ma\u010dke ne samo da omogu\u0107uje va\u0161im ma\u010dkama da se \u010de\u0161u do mile volje, ve\u0107 i ma\u010di\u0107ima i starijim ma\u010dkama olak\u0161ava penjanje. Ako su va\u0161e ma\u010dke malo previ\u0161e zaigrane s pli\u0161anom loptom na ovom namje\u0161taju za ma\u010dke, tu je i druga (ako ne volite zvuk zvona, pli\u0161anu loptu mo\u017eete koristiti i bez zvona).\u00a0","og_url":"https:\/\/inti.hr\/bs\/proizvod\/grebalica-s-velikom-platformom\/","og_site_name":"Inti","og_image":[{"width":1000,"height":1000,"url":"https:\/\/i0.wp.com\/inti.hr\/wp-content\/uploads\/2024\/08\/PCT051P01-1-1.jpg?fit=1000%2C1000&ssl=1","type":"image\/jpeg"}],"twitter_card":"summary_large_image","schema":{"@context":"https:\/\/schema.org","@graph":[{"@type":"WebPage","@id":"https:\/\/inti.hr\/bs\/proizvod\/grebalica-s-velikom-platformom\/","url":"https:\/\/inti.hr\/bs\/proizvod\/grebalica-s-velikom-platformom\/","name":"Grebalica s velikom platformom - Inti","isPartOf":{"@id":"https:\/\/inti.hr\/bs\/#website"},"primaryImageOfPage":{"@id":"https:\/\/inti.hr\/bs\/proizvod\/grebalica-s-velikom-platformom\/#primaryimage"},"image":{"@id":"https:\/\/inti.hr\/bs\/proizvod\/grebalica-s-velikom-platformom\/#primaryimage"},"thumbnailUrl":"https:\/\/i0.wp.com\/inti.hr\/wp-content\/uploads\/2024\/08\/PCT051P01-1-1.jpg?fit=1000%2C1000&ssl=1","datePublished":"2024-08-27T07:08:33+00:00","dateModified":"2024-08-27T07:08:33+00:00","description":"Sa \u0161irokom platformom (45 x 30 cm), velike ili bucmaste ma\u010dke mogu se udobno ispru\u017eiti i opustiti. Jo\u0161 bolje: podignuti, dobro podstavljeni rub podi\u017ee udobnost na vi\u0161u razinu. \u0160pilja za ma\u010dke opremljena je s 2 otvora tako da va\u0161a ma\u010dka mo\u017ee lako u\u0107i i iza\u0107i ili se opustiti u mekanoj le\u017ealjci i rastegnuti se. Robusna iverica za izdr\u017eljivost, oja\u010dana osnovna plo\u010da za dodatnu stabilnost i za\u0161tita vrhova za sigurnost - Ovaj stup za grebanje sa stupovima od sisala nudi sigurno igrali\u0161te za do 3 ma\u010dke (maksimalno 7 kg svaka). S daskom za grebanje i rampom u jednom, ova grebalica za ma\u010dke ne samo da omogu\u0107uje va\u0161im ma\u010dkama da se \u010de\u0161u do mile volje, ve\u0107 i ma\u010di\u0107ima i starijim ma\u010dkama olak\u0161ava penjanje. Ako su va\u0161e ma\u010dke malo previ\u0161e zaigrane s pli\u0161anom loptom na ovom namje\u0161taju za ma\u010dke, tu je i druga (ako ne volite zvuk zvona, pli\u0161anu loptu mo\u017eete koristiti i bez zvona).\u00a0","breadcrumb":{"@id":"https:\/\/inti.hr\/bs\/proizvod\/grebalica-s-velikom-platformom\/#breadcrumb"},"inLanguage":"bs-BA","potentialAction":[{"@type":"ReadAction","target":["https:\/\/inti.hr\/bs\/proizvod\/grebalica-s-velikom-platformom\/"]}]},{"@type":"ImageObject","inLanguage":"bs-BA","@id":"https:\/\/inti.hr\/bs\/proizvod\/grebalica-s-velikom-platformom\/#primaryimage","url":"https:\/\/i0.wp.com\/inti.hr\/wp-content\/uploads\/2024\/08\/PCT051P01-1-1.jpg?fit=1000%2C1000&ssl=1","contentUrl":"https:\/\/i0.wp.com\/inti.hr\/wp-content\/uploads\/2024\/08\/PCT051P01-1-1.jpg?fit=1000%2C1000&ssl=1","width":1000,"height":1000,"caption":"grebalica s velikom platformom pastelno ru\u017ei\u010dasta"},{"@type":"BreadcrumbList","@id":"https:\/\/inti.hr\/bs\/proizvod\/grebalica-s-velikom-platformom\/#breadcrumb","itemListElement":[{"@type":"ListItem","position":1,"name":"Po\u010detna stranica","item":"https:\/\/inti.hr\/bs\/"},{"@type":"ListItem","position":2,"name":"Trgovina","item":"https:\/\/inti.hr\/bs\/trgovina\/"},{"@type":"ListItem","position":3,"name":"Grebalica s velikom platformom"}]},{"@type":"WebSite","@id":"https:\/\/inti.hr\/bs\/#website","url":"https:\/\/inti.hr\/bs\/","name":"Inti","description":"trgovina","potentialAction":[{"@type":"SearchAction","target":{"@type":"EntryPoint","urlTemplate":"https:\/\/inti.hr\/bs\/?s={search_term_string}"},"query-input":{"@type":"PropertyValueSpecification","valueRequired":true,"valueName":"search_term_string"}}],"inLanguage":"bs-BA"}]}},"jetpack_sharing_enabled":true,"jetpack-related-posts":[],"_links":{"self":[{"href":"https:\/\/inti.hr\/bs\/wp-json\/wp\/v2\/product\/35495"}],"collection":[{"href":"https:\/\/inti.hr\/bs\/wp-json\/wp\/v2\/product"}],"about":[{"href":"https:\/\/inti.hr\/bs\/wp-json\/wp\/v2\/types\/product"}],"wp:featuredmedia":[{"embeddable":true,"href":"https:\/\/inti.hr\/bs\/wp-json\/wp\/v2\/media\/35496"}],"wp:attachment":[{"href":"https:\/\/inti.hr\/bs\/wp-json\/wp\/v2\/media?parent=35495"}],"wp:term":[{"taxonomy":"product_cat","embeddable":true,"href":"https:\/\/inti.hr\/bs\/wp-json\/wp\/v2\/product_cat?post=35495"},{"taxonomy":"product_tag","embeddable":true,"href":"https:\/\/inti.hr\/bs\/wp-json\/wp\/v2\/product_tag?post=35495"}],"curies":[{"name":"wp","href":"https:\/\/api.w.org\/{rel}","templated":true}]}}