{"id":35507,"date":"2024-08-26T10:27:40","date_gmt":"2024-08-26T09:27:40","guid":{"rendered":"https:\/\/inti.hr\/product\/djecji-regal-82x35x76cm\/"},"modified":"2024-08-26T10:27:40","modified_gmt":"2024-08-26T09:27:40","slug":"djecji-regal-82x35x76cm","status":"publish","type":"product","link":"https:\/\/inti.hr\/bs\/proizvod\/djecji-regal-82x35x76cm\/","title":{"rendered":"Dje\u010dji regal 82x35x76cm"},"content":{"rendered":"<p>Detalji proizvoda:<\/p>\n<p>Te\u017eina: oko 11,2 kg.<br \/>\nTestirano za: 31 kg.<br \/>\nMaterijal: MDF(E1), drvo.<br \/>\nMjere proizvoda: 82x35x76 cm (vidi sliku).<br \/>\nDimenzije paketa: 87x44x12 cm<br \/>\nS uputama za sastavljanje i vijcima. Jednostavna instalacija.<\/p>\n","protected":false},"excerpt":{"rendered":"<p>Ova polica je izvrstan pratilac za djecu.<br \/>\nKada imate mnogo igra\u010daka ili &#8230; <\/p>\n","protected":false},"featured_media":35508,"template":"","meta":[],"product_cat":[2408],"product_tag":[3006,2410],"yoast_head":"<!-- This site is optimized with the Yoast SEO plugin v23.7 - https:\/\/yoast.com\/wordpress\/plugins\/seo\/ -->\n<title>Dje\u010dji regal 82x35x76cm - Inti<\/title>\n<meta name=\"description\" content=\"Ova polica je izvrstan pratilac za djecu.Kada imate mnogo igra\u010daka ili bezbroj knjiga, nije tako lako uvijek prona\u0107i pravi predmet. Na\u0161a polica za djecu dostupna je va\u0161em djetetu da mo\u017ee pratiti svoje blago.Polica za knjige i igra\u010dke koju smo razvili vrlo je jednostavna za kori\u0161tenje, pa \u0107e va\u0161a djeca postati samostalnija.\" \/>\n<meta name=\"robots\" content=\"index, follow, max-snippet:-1, max-image-preview:large, max-video-preview:-1\" \/>\n<link rel=\"canonical\" href=\"https:\/\/inti.hr\/bs\/proizvod\/djecji-regal-82x35x76cm\/\" \/>\n<meta property=\"og:locale\" content=\"bs_BA\" \/>\n<meta property=\"og:type\" content=\"article\" \/>\n<meta property=\"og:title\" content=\"Dje\u010dji regal 82x35x76cm - Inti\" \/>\n<meta property=\"og:description\" content=\"Ova polica je izvrstan pratilac za djecu.Kada imate mnogo igra\u010daka ili bezbroj knjiga, nije tako lako uvijek prona\u0107i pravi predmet. Na\u0161a polica za djecu dostupna je va\u0161em djetetu da mo\u017ee pratiti svoje blago.Polica za knjige i igra\u010dke koju smo razvili vrlo je jednostavna za kori\u0161tenje, pa \u0107e va\u0161a djeca postati samostalnija.\" \/>\n<meta property=\"og:url\" content=\"https:\/\/inti.hr\/bs\/proizvod\/djecji-regal-82x35x76cm\/\" \/>\n<meta property=\"og:site_name\" content=\"Inti\" \/>\n<meta property=\"og:image\" content=\"https:\/\/i0.wp.com\/inti.hr\/wp-content\/uploads\/2024\/08\/KMB100-W-Y001_670x.webp?fit=670%2C670&ssl=1\" \/>\n\t<meta property=\"og:image:width\" content=\"670\" \/>\n\t<meta property=\"og:image:height\" content=\"670\" \/>\n\t<meta property=\"og:image:type\" content=\"image\/webp\" \/>\n<meta name=\"twitter:card\" content=\"summary_large_image\" \/>\n<script type=\"application\/ld+json\" class=\"yoast-schema-graph\">{\"@context\":\"https:\/\/schema.org\",\"@graph\":[{\"@type\":\"WebPage\",\"@id\":\"https:\/\/inti.hr\/bs\/proizvod\/djecji-regal-82x35x76cm\/\",\"url\":\"https:\/\/inti.hr\/bs\/proizvod\/djecji-regal-82x35x76cm\/\",\"name\":\"Dje\u010dji regal 82x35x76cm - Inti\",\"isPartOf\":{\"@id\":\"https:\/\/inti.hr\/bs\/#website\"},\"primaryImageOfPage\":{\"@id\":\"https:\/\/inti.hr\/bs\/proizvod\/djecji-regal-82x35x76cm\/#primaryimage\"},\"image\":{\"@id\":\"https:\/\/inti.hr\/bs\/proizvod\/djecji-regal-82x35x76cm\/#primaryimage\"},\"thumbnailUrl\":\"https:\/\/i0.wp.com\/inti.hr\/wp-content\/uploads\/2024\/08\/KMB100-W-Y001_670x.webp?fit=670%2C670&ssl=1\",\"datePublished\":\"2024-08-26T09:27:40+00:00\",\"dateModified\":\"2024-08-26T09:27:40+00:00\",\"description\":\"Ova polica je izvrstan pratilac za djecu.Kada imate mnogo igra\u010daka ili bezbroj knjiga, nije tako lako uvijek prona\u0107i pravi predmet. Na\u0161a polica za djecu dostupna je va\u0161em djetetu da mo\u017ee pratiti svoje blago.Polica za knjige i igra\u010dke koju smo razvili vrlo je jednostavna za kori\u0161tenje, pa \u0107e va\u0161a djeca postati samostalnija.\",\"breadcrumb\":{\"@id\":\"https:\/\/inti.hr\/bs\/proizvod\/djecji-regal-82x35x76cm\/#breadcrumb\"},\"inLanguage\":\"bs-BA\",\"potentialAction\":[{\"@type\":\"ReadAction\",\"target\":[\"https:\/\/inti.hr\/bs\/proizvod\/djecji-regal-82x35x76cm\/\"]}]},{\"@type\":\"ImageObject\",\"inLanguage\":\"bs-BA\",\"@id\":\"https:\/\/inti.hr\/bs\/proizvod\/djecji-regal-82x35x76cm\/#primaryimage\",\"url\":\"https:\/\/i0.wp.com\/inti.hr\/wp-content\/uploads\/2024\/08\/KMB100-W-Y001_670x.webp?fit=670%2C670&ssl=1\",\"contentUrl\":\"https:\/\/i0.wp.com\/inti.hr\/wp-content\/uploads\/2024\/08\/KMB100-W-Y001_670x.webp?fit=670%2C670&ssl=1\",\"width\":670,\"height\":670,\"caption\":\"Dje\u010dji regal 82x35x76cm\"},{\"@type\":\"BreadcrumbList\",\"@id\":\"https:\/\/inti.hr\/bs\/proizvod\/djecji-regal-82x35x76cm\/#breadcrumb\",\"itemListElement\":[{\"@type\":\"ListItem\",\"position\":1,\"name\":\"Po\u010detna stranica\",\"item\":\"https:\/\/inti.hr\/bs\/\"},{\"@type\":\"ListItem\",\"position\":2,\"name\":\"Trgovina\",\"item\":\"https:\/\/inti.hr\/bs\/trgovina\/\"},{\"@type\":\"ListItem\",\"position\":3,\"name\":\"Dje\u010dji regal 82x35x76cm\"}]},{\"@type\":\"WebSite\",\"@id\":\"https:\/\/inti.hr\/bs\/#website\",\"url\":\"https:\/\/inti.hr\/bs\/\",\"name\":\"Inti\",\"description\":\"trgovina\",\"potentialAction\":[{\"@type\":\"SearchAction\",\"target\":{\"@type\":\"EntryPoint\",\"urlTemplate\":\"https:\/\/inti.hr\/bs\/?s={search_term_string}\"},\"query-input\":{\"@type\":\"PropertyValueSpecification\",\"valueRequired\":true,\"valueName\":\"search_term_string\"}}],\"inLanguage\":\"bs-BA\"}]}<\/script>\n<!-- \/ Yoast SEO plugin. -->","yoast_head_json":{"title":"Dje\u010dji regal 82x35x76cm - Inti","description":"Ova polica je izvrstan pratilac za djecu.Kada imate mnogo igra\u010daka ili bezbroj knjiga, nije tako lako uvijek prona\u0107i pravi predmet. Na\u0161a polica za djecu dostupna je va\u0161em djetetu da mo\u017ee pratiti svoje blago.Polica za knjige i igra\u010dke koju smo razvili vrlo je jednostavna za kori\u0161tenje, pa \u0107e va\u0161a djeca postati samostalnija.","robots":{"index":"index","follow":"follow","max-snippet":"max-snippet:-1","max-image-preview":"max-image-preview:large","max-video-preview":"max-video-preview:-1"},"canonical":"https:\/\/inti.hr\/bs\/proizvod\/djecji-regal-82x35x76cm\/","og_locale":"bs_BA","og_type":"article","og_title":"Dje\u010dji regal 82x35x76cm - Inti","og_description":"Ova polica je izvrstan pratilac za djecu.Kada imate mnogo igra\u010daka ili bezbroj knjiga, nije tako lako uvijek prona\u0107i pravi predmet. Na\u0161a polica za djecu dostupna je va\u0161em djetetu da mo\u017ee pratiti svoje blago.Polica za knjige i igra\u010dke koju smo razvili vrlo je jednostavna za kori\u0161tenje, pa \u0107e va\u0161a djeca postati samostalnija.","og_url":"https:\/\/inti.hr\/bs\/proizvod\/djecji-regal-82x35x76cm\/","og_site_name":"Inti","og_image":[{"width":670,"height":670,"url":"https:\/\/i0.wp.com\/inti.hr\/wp-content\/uploads\/2024\/08\/KMB100-W-Y001_670x.webp?fit=670%2C670&ssl=1","type":"image\/webp"}],"twitter_card":"summary_large_image","schema":{"@context":"https:\/\/schema.org","@graph":[{"@type":"WebPage","@id":"https:\/\/inti.hr\/bs\/proizvod\/djecji-regal-82x35x76cm\/","url":"https:\/\/inti.hr\/bs\/proizvod\/djecji-regal-82x35x76cm\/","name":"Dje\u010dji regal 82x35x76cm - Inti","isPartOf":{"@id":"https:\/\/inti.hr\/bs\/#website"},"primaryImageOfPage":{"@id":"https:\/\/inti.hr\/bs\/proizvod\/djecji-regal-82x35x76cm\/#primaryimage"},"image":{"@id":"https:\/\/inti.hr\/bs\/proizvod\/djecji-regal-82x35x76cm\/#primaryimage"},"thumbnailUrl":"https:\/\/i0.wp.com\/inti.hr\/wp-content\/uploads\/2024\/08\/KMB100-W-Y001_670x.webp?fit=670%2C670&ssl=1","datePublished":"2024-08-26T09:27:40+00:00","dateModified":"2024-08-26T09:27:40+00:00","description":"Ova polica je izvrstan pratilac za djecu.Kada imate mnogo igra\u010daka ili bezbroj knjiga, nije tako lako uvijek prona\u0107i pravi predmet. Na\u0161a polica za djecu dostupna je va\u0161em djetetu da mo\u017ee pratiti svoje blago.Polica za knjige i igra\u010dke koju smo razvili vrlo je jednostavna za kori\u0161tenje, pa \u0107e va\u0161a djeca postati samostalnija.","breadcrumb":{"@id":"https:\/\/inti.hr\/bs\/proizvod\/djecji-regal-82x35x76cm\/#breadcrumb"},"inLanguage":"bs-BA","potentialAction":[{"@type":"ReadAction","target":["https:\/\/inti.hr\/bs\/proizvod\/djecji-regal-82x35x76cm\/"]}]},{"@type":"ImageObject","inLanguage":"bs-BA","@id":"https:\/\/inti.hr\/bs\/proizvod\/djecji-regal-82x35x76cm\/#primaryimage","url":"https:\/\/i0.wp.com\/inti.hr\/wp-content\/uploads\/2024\/08\/KMB100-W-Y001_670x.webp?fit=670%2C670&ssl=1","contentUrl":"https:\/\/i0.wp.com\/inti.hr\/wp-content\/uploads\/2024\/08\/KMB100-W-Y001_670x.webp?fit=670%2C670&ssl=1","width":670,"height":670,"caption":"Dje\u010dji regal 82x35x76cm"},{"@type":"BreadcrumbList","@id":"https:\/\/inti.hr\/bs\/proizvod\/djecji-regal-82x35x76cm\/#breadcrumb","itemListElement":[{"@type":"ListItem","position":1,"name":"Po\u010detna stranica","item":"https:\/\/inti.hr\/bs\/"},{"@type":"ListItem","position":2,"name":"Trgovina","item":"https:\/\/inti.hr\/bs\/trgovina\/"},{"@type":"ListItem","position":3,"name":"Dje\u010dji regal 82x35x76cm"}]},{"@type":"WebSite","@id":"https:\/\/inti.hr\/bs\/#website","url":"https:\/\/inti.hr\/bs\/","name":"Inti","description":"trgovina","potentialAction":[{"@type":"SearchAction","target":{"@type":"EntryPoint","urlTemplate":"https:\/\/inti.hr\/bs\/?s={search_term_string}"},"query-input":{"@type":"PropertyValueSpecification","valueRequired":true,"valueName":"search_term_string"}}],"inLanguage":"bs-BA"}]}},"jetpack_sharing_enabled":true,"jetpack-related-posts":[],"_links":{"self":[{"href":"https:\/\/inti.hr\/bs\/wp-json\/wp\/v2\/product\/35507"}],"collection":[{"href":"https:\/\/inti.hr\/bs\/wp-json\/wp\/v2\/product"}],"about":[{"href":"https:\/\/inti.hr\/bs\/wp-json\/wp\/v2\/types\/product"}],"wp:featuredmedia":[{"embeddable":true,"href":"https:\/\/inti.hr\/bs\/wp-json\/wp\/v2\/media\/35508"}],"wp:attachment":[{"href":"https:\/\/inti.hr\/bs\/wp-json\/wp\/v2\/media?parent=35507"}],"wp:term":[{"taxonomy":"product_cat","embeddable":true,"href":"https:\/\/inti.hr\/bs\/wp-json\/wp\/v2\/product_cat?post=35507"},{"taxonomy":"product_tag","embeddable":true,"href":"https:\/\/inti.hr\/bs\/wp-json\/wp\/v2\/product_tag?post=35507"}],"curies":[{"name":"wp","href":"https:\/\/api.w.org\/{rel}","templated":true}]}}