{"id":35549,"date":"2025-03-11T11:19:56","date_gmt":"2025-03-11T10:19:56","guid":{"rendered":"https:\/\/inti.hr\/product\/visenamjenska-polica-100-x-33-x-52-cm\/"},"modified":"2025-03-11T11:19:56","modified_gmt":"2025-03-11T10:19:56","slug":"visenamjenska-polica-100-x-33-x-52-cm","status":"publish","type":"product","link":"https:\/\/inti.hr\/bs\/proizvod\/visenamjenska-polica-100-x-33-x-52-cm\/","title":{"rendered":"Vi\u0161enamjenska polica 100 x 33 x 52 cm"},"content":{"rendered":"<p><strong><span>Klju\u010dne karakteristike proizvoda:<\/span><\/strong><\/p>\n<ul>\n<li><span>Te\u017eina: oko 10,4 kg<\/span><\/li>\n<li><span>Testirano za: 50 kg<\/span><\/li>\n<li><span>Materijal: MDF(E1), drvo bukva<\/span><\/li>\n<li><span>Dimenzije proizvoda: 100x33x52 cm (vidi sliku)<\/span><\/li>\n<li><span>Dostava: u 1 paketu<\/span><\/li>\n<li><span>Dimenzije pakiranja: 109&#215;41,5&#215;12 cm.<\/span><\/li>\n<li><span>S uputama za sastavljanje i vijcima. Jednostavna instalacija.<\/span><\/li>\n<\/ul>\n","protected":false},"excerpt":{"rendered":"<p><span>Ovaj proizvod dolazi u pakiranju sa\u0107a koje se mo\u017ee 100% reciklirati, &#8230; <\/p>\n","protected":false},"featured_media":35550,"template":"","meta":[],"product_cat":[2418],"product_tag":[2444,4546],"yoast_head":"<!-- This site is optimized with the Yoast SEO plugin v23.7 - https:\/\/yoast.com\/wordpress\/plugins\/seo\/ -->\n<title>Vi\u0161enamjenska polica 100 x 33 x 52 cm - Inti<\/title>\n<meta name=\"description\" content=\"Ovaj proizvod dolazi u pakiranju sa\u0107a koje se mo\u017ee 100% reciklirati, \u0161to ga \u010dini sigurnim i pouzdanim za kori\u0161tenje. S uputama za sastavljanje i vijcima. Jednostavna instalacija.Elegantan nordijski stil: Unesite profinjeni i elegantni nordijski dizajn u svoju radnu sobu, koji odgovara razli\u010ditim stilovima namje\u0161taja. Siva polica je estetski dopadljiva i otporna na pra\u0161inu.Vi\u0161enamjenska polica: Koristite je kao policu za knjige ili stalak za biljke u radnoj i dnevnoj sobi, u kuhinji za za\u010dine i pribor za kuhanje ili na ulazu za torbe i klju\u010deve.Izdr\u017eljiv: s naslonima na svakoj polici kako bi se sprije\u010dilo prevrtanje i padanje predmeta.Vi\u0161e polica za organiziranje knjiga i izlaganje ukrasnih predmeta. Inovativni dizajn savr\u0161en je za male sobe, spavaonice i kutove stanova te je prikladan za svako okru\u017eenje.\" \/>\n<meta name=\"robots\" content=\"index, follow, max-snippet:-1, max-image-preview:large, max-video-preview:-1\" \/>\n<link rel=\"canonical\" href=\"https:\/\/inti.hr\/bs\/proizvod\/visenamjenska-polica-100-x-33-x-52-cm\/\" \/>\n<meta property=\"og:locale\" content=\"bs_BA\" \/>\n<meta property=\"og:type\" content=\"article\" \/>\n<meta property=\"og:title\" content=\"Vi\u0161enamjenska polica 100 x 33 x 52 cm - Inti\" \/>\n<meta property=\"og:description\" content=\"Ovaj proizvod dolazi u pakiranju sa\u0107a koje se mo\u017ee 100% reciklirati, \u0161to ga \u010dini sigurnim i pouzdanim za kori\u0161tenje. S uputama za sastavljanje i vijcima. Jednostavna instalacija.Elegantan nordijski stil: Unesite profinjeni i elegantni nordijski dizajn u svoju radnu sobu, koji odgovara razli\u010ditim stilovima namje\u0161taja. Siva polica je estetski dopadljiva i otporna na pra\u0161inu.Vi\u0161enamjenska polica: Koristite je kao policu za knjige ili stalak za biljke u radnoj i dnevnoj sobi, u kuhinji za za\u010dine i pribor za kuhanje ili na ulazu za torbe i klju\u010deve.Izdr\u017eljiv: s naslonima na svakoj polici kako bi se sprije\u010dilo prevrtanje i padanje predmeta.Vi\u0161e polica za organiziranje knjiga i izlaganje ukrasnih predmeta. Inovativni dizajn savr\u0161en je za male sobe, spavaonice i kutove stanova te je prikladan za svako okru\u017eenje.\" \/>\n<meta property=\"og:url\" content=\"https:\/\/inti.hr\/bs\/proizvod\/visenamjenska-polica-100-x-33-x-52-cm\/\" \/>\n<meta property=\"og:site_name\" content=\"Inti\" \/>\n<meta property=\"og:image\" content=\"https:\/\/i0.wp.com\/inti.hr\/wp-content\/uploads\/2025\/03\/HSTR01-HG-S001_1800x1800.webp?fit=1600%2C1600&ssl=1\" \/>\n\t<meta property=\"og:image:width\" content=\"1600\" \/>\n\t<meta property=\"og:image:height\" content=\"1600\" \/>\n\t<meta property=\"og:image:type\" content=\"image\/webp\" \/>\n<meta name=\"twitter:card\" content=\"summary_large_image\" \/>\n<script type=\"application\/ld+json\" class=\"yoast-schema-graph\">{\"@context\":\"https:\/\/schema.org\",\"@graph\":[{\"@type\":\"WebPage\",\"@id\":\"https:\/\/inti.hr\/bs\/proizvod\/visenamjenska-polica-100-x-33-x-52-cm\/\",\"url\":\"https:\/\/inti.hr\/bs\/proizvod\/visenamjenska-polica-100-x-33-x-52-cm\/\",\"name\":\"Vi\u0161enamjenska polica 100 x 33 x 52 cm - Inti\",\"isPartOf\":{\"@id\":\"https:\/\/inti.hr\/bs\/#website\"},\"primaryImageOfPage\":{\"@id\":\"https:\/\/inti.hr\/bs\/proizvod\/visenamjenska-polica-100-x-33-x-52-cm\/#primaryimage\"},\"image\":{\"@id\":\"https:\/\/inti.hr\/bs\/proizvod\/visenamjenska-polica-100-x-33-x-52-cm\/#primaryimage\"},\"thumbnailUrl\":\"https:\/\/i0.wp.com\/inti.hr\/wp-content\/uploads\/2025\/03\/HSTR01-HG-S001_1800x1800.webp?fit=1600%2C1600&ssl=1\",\"datePublished\":\"2025-03-11T10:19:56+00:00\",\"dateModified\":\"2025-03-11T10:19:56+00:00\",\"description\":\"Ovaj proizvod dolazi u pakiranju sa\u0107a koje se mo\u017ee 100% reciklirati, \u0161to ga \u010dini sigurnim i pouzdanim za kori\u0161tenje. S uputama za sastavljanje i vijcima. Jednostavna instalacija.Elegantan nordijski stil: Unesite profinjeni i elegantni nordijski dizajn u svoju radnu sobu, koji odgovara razli\u010ditim stilovima namje\u0161taja. Siva polica je estetski dopadljiva i otporna na pra\u0161inu.Vi\u0161enamjenska polica: Koristite je kao policu za knjige ili stalak za biljke u radnoj i dnevnoj sobi, u kuhinji za za\u010dine i pribor za kuhanje ili na ulazu za torbe i klju\u010deve.Izdr\u017eljiv: s naslonima na svakoj polici kako bi se sprije\u010dilo prevrtanje i padanje predmeta.Vi\u0161e polica za organiziranje knjiga i izlaganje ukrasnih predmeta. Inovativni dizajn savr\u0161en je za male sobe, spavaonice i kutove stanova te je prikladan za svako okru\u017eenje.\",\"breadcrumb\":{\"@id\":\"https:\/\/inti.hr\/bs\/proizvod\/visenamjenska-polica-100-x-33-x-52-cm\/#breadcrumb\"},\"inLanguage\":\"bs-BA\",\"potentialAction\":[{\"@type\":\"ReadAction\",\"target\":[\"https:\/\/inti.hr\/bs\/proizvod\/visenamjenska-polica-100-x-33-x-52-cm\/\"]}]},{\"@type\":\"ImageObject\",\"inLanguage\":\"bs-BA\",\"@id\":\"https:\/\/inti.hr\/bs\/proizvod\/visenamjenska-polica-100-x-33-x-52-cm\/#primaryimage\",\"url\":\"https:\/\/i0.wp.com\/inti.hr\/wp-content\/uploads\/2025\/03\/HSTR01-HG-S001_1800x1800.webp?fit=1600%2C1600&ssl=1\",\"contentUrl\":\"https:\/\/i0.wp.com\/inti.hr\/wp-content\/uploads\/2025\/03\/HSTR01-HG-S001_1800x1800.webp?fit=1600%2C1600&ssl=1\",\"width\":1600,\"height\":1600,\"caption\":\"SoBuy vi\u0161enamjenska polica 100 x 33 x 52 cm HSTR01-HG\"},{\"@type\":\"BreadcrumbList\",\"@id\":\"https:\/\/inti.hr\/bs\/proizvod\/visenamjenska-polica-100-x-33-x-52-cm\/#breadcrumb\",\"itemListElement\":[{\"@type\":\"ListItem\",\"position\":1,\"name\":\"Po\u010detna stranica\",\"item\":\"https:\/\/inti.hr\/bs\/\"},{\"@type\":\"ListItem\",\"position\":2,\"name\":\"Trgovina\",\"item\":\"https:\/\/inti.hr\/bs\/trgovina\/\"},{\"@type\":\"ListItem\",\"position\":3,\"name\":\"Vi\u0161enamjenska polica 100 x 33 x 52 cm\"}]},{\"@type\":\"WebSite\",\"@id\":\"https:\/\/inti.hr\/bs\/#website\",\"url\":\"https:\/\/inti.hr\/bs\/\",\"name\":\"Inti\",\"description\":\"trgovina\",\"potentialAction\":[{\"@type\":\"SearchAction\",\"target\":{\"@type\":\"EntryPoint\",\"urlTemplate\":\"https:\/\/inti.hr\/bs\/?s={search_term_string}\"},\"query-input\":{\"@type\":\"PropertyValueSpecification\",\"valueRequired\":true,\"valueName\":\"search_term_string\"}}],\"inLanguage\":\"bs-BA\"}]}<\/script>\n<!-- \/ Yoast SEO plugin. -->","yoast_head_json":{"title":"Vi\u0161enamjenska polica 100 x 33 x 52 cm - Inti","description":"Ovaj proizvod dolazi u pakiranju sa\u0107a koje se mo\u017ee 100% reciklirati, \u0161to ga \u010dini sigurnim i pouzdanim za kori\u0161tenje. S uputama za sastavljanje i vijcima. Jednostavna instalacija.Elegantan nordijski stil: Unesite profinjeni i elegantni nordijski dizajn u svoju radnu sobu, koji odgovara razli\u010ditim stilovima namje\u0161taja. Siva polica je estetski dopadljiva i otporna na pra\u0161inu.Vi\u0161enamjenska polica: Koristite je kao policu za knjige ili stalak za biljke u radnoj i dnevnoj sobi, u kuhinji za za\u010dine i pribor za kuhanje ili na ulazu za torbe i klju\u010deve.Izdr\u017eljiv: s naslonima na svakoj polici kako bi se sprije\u010dilo prevrtanje i padanje predmeta.Vi\u0161e polica za organiziranje knjiga i izlaganje ukrasnih predmeta. Inovativni dizajn savr\u0161en je za male sobe, spavaonice i kutove stanova te je prikladan za svako okru\u017eenje.","robots":{"index":"index","follow":"follow","max-snippet":"max-snippet:-1","max-image-preview":"max-image-preview:large","max-video-preview":"max-video-preview:-1"},"canonical":"https:\/\/inti.hr\/bs\/proizvod\/visenamjenska-polica-100-x-33-x-52-cm\/","og_locale":"bs_BA","og_type":"article","og_title":"Vi\u0161enamjenska polica 100 x 33 x 52 cm - Inti","og_description":"Ovaj proizvod dolazi u pakiranju sa\u0107a koje se mo\u017ee 100% reciklirati, \u0161to ga \u010dini sigurnim i pouzdanim za kori\u0161tenje. S uputama za sastavljanje i vijcima. Jednostavna instalacija.Elegantan nordijski stil: Unesite profinjeni i elegantni nordijski dizajn u svoju radnu sobu, koji odgovara razli\u010ditim stilovima namje\u0161taja. Siva polica je estetski dopadljiva i otporna na pra\u0161inu.Vi\u0161enamjenska polica: Koristite je kao policu za knjige ili stalak za biljke u radnoj i dnevnoj sobi, u kuhinji za za\u010dine i pribor za kuhanje ili na ulazu za torbe i klju\u010deve.Izdr\u017eljiv: s naslonima na svakoj polici kako bi se sprije\u010dilo prevrtanje i padanje predmeta.Vi\u0161e polica za organiziranje knjiga i izlaganje ukrasnih predmeta. Inovativni dizajn savr\u0161en je za male sobe, spavaonice i kutove stanova te je prikladan za svako okru\u017eenje.","og_url":"https:\/\/inti.hr\/bs\/proizvod\/visenamjenska-polica-100-x-33-x-52-cm\/","og_site_name":"Inti","og_image":[{"width":1600,"height":1600,"url":"https:\/\/i0.wp.com\/inti.hr\/wp-content\/uploads\/2025\/03\/HSTR01-HG-S001_1800x1800.webp?fit=1600%2C1600&ssl=1","type":"image\/webp"}],"twitter_card":"summary_large_image","schema":{"@context":"https:\/\/schema.org","@graph":[{"@type":"WebPage","@id":"https:\/\/inti.hr\/bs\/proizvod\/visenamjenska-polica-100-x-33-x-52-cm\/","url":"https:\/\/inti.hr\/bs\/proizvod\/visenamjenska-polica-100-x-33-x-52-cm\/","name":"Vi\u0161enamjenska polica 100 x 33 x 52 cm - Inti","isPartOf":{"@id":"https:\/\/inti.hr\/bs\/#website"},"primaryImageOfPage":{"@id":"https:\/\/inti.hr\/bs\/proizvod\/visenamjenska-polica-100-x-33-x-52-cm\/#primaryimage"},"image":{"@id":"https:\/\/inti.hr\/bs\/proizvod\/visenamjenska-polica-100-x-33-x-52-cm\/#primaryimage"},"thumbnailUrl":"https:\/\/i0.wp.com\/inti.hr\/wp-content\/uploads\/2025\/03\/HSTR01-HG-S001_1800x1800.webp?fit=1600%2C1600&ssl=1","datePublished":"2025-03-11T10:19:56+00:00","dateModified":"2025-03-11T10:19:56+00:00","description":"Ovaj proizvod dolazi u pakiranju sa\u0107a koje se mo\u017ee 100% reciklirati, \u0161to ga \u010dini sigurnim i pouzdanim za kori\u0161tenje. S uputama za sastavljanje i vijcima. Jednostavna instalacija.Elegantan nordijski stil: Unesite profinjeni i elegantni nordijski dizajn u svoju radnu sobu, koji odgovara razli\u010ditim stilovima namje\u0161taja. Siva polica je estetski dopadljiva i otporna na pra\u0161inu.Vi\u0161enamjenska polica: Koristite je kao policu za knjige ili stalak za biljke u radnoj i dnevnoj sobi, u kuhinji za za\u010dine i pribor za kuhanje ili na ulazu za torbe i klju\u010deve.Izdr\u017eljiv: s naslonima na svakoj polici kako bi se sprije\u010dilo prevrtanje i padanje predmeta.Vi\u0161e polica za organiziranje knjiga i izlaganje ukrasnih predmeta. Inovativni dizajn savr\u0161en je za male sobe, spavaonice i kutove stanova te je prikladan za svako okru\u017eenje.","breadcrumb":{"@id":"https:\/\/inti.hr\/bs\/proizvod\/visenamjenska-polica-100-x-33-x-52-cm\/#breadcrumb"},"inLanguage":"bs-BA","potentialAction":[{"@type":"ReadAction","target":["https:\/\/inti.hr\/bs\/proizvod\/visenamjenska-polica-100-x-33-x-52-cm\/"]}]},{"@type":"ImageObject","inLanguage":"bs-BA","@id":"https:\/\/inti.hr\/bs\/proizvod\/visenamjenska-polica-100-x-33-x-52-cm\/#primaryimage","url":"https:\/\/i0.wp.com\/inti.hr\/wp-content\/uploads\/2025\/03\/HSTR01-HG-S001_1800x1800.webp?fit=1600%2C1600&ssl=1","contentUrl":"https:\/\/i0.wp.com\/inti.hr\/wp-content\/uploads\/2025\/03\/HSTR01-HG-S001_1800x1800.webp?fit=1600%2C1600&ssl=1","width":1600,"height":1600,"caption":"SoBuy vi\u0161enamjenska polica 100 x 33 x 52 cm HSTR01-HG"},{"@type":"BreadcrumbList","@id":"https:\/\/inti.hr\/bs\/proizvod\/visenamjenska-polica-100-x-33-x-52-cm\/#breadcrumb","itemListElement":[{"@type":"ListItem","position":1,"name":"Po\u010detna stranica","item":"https:\/\/inti.hr\/bs\/"},{"@type":"ListItem","position":2,"name":"Trgovina","item":"https:\/\/inti.hr\/bs\/trgovina\/"},{"@type":"ListItem","position":3,"name":"Vi\u0161enamjenska polica 100 x 33 x 52 cm"}]},{"@type":"WebSite","@id":"https:\/\/inti.hr\/bs\/#website","url":"https:\/\/inti.hr\/bs\/","name":"Inti","description":"trgovina","potentialAction":[{"@type":"SearchAction","target":{"@type":"EntryPoint","urlTemplate":"https:\/\/inti.hr\/bs\/?s={search_term_string}"},"query-input":{"@type":"PropertyValueSpecification","valueRequired":true,"valueName":"search_term_string"}}],"inLanguage":"bs-BA"}]}},"jetpack_sharing_enabled":true,"jetpack-related-posts":[],"_links":{"self":[{"href":"https:\/\/inti.hr\/bs\/wp-json\/wp\/v2\/product\/35549"}],"collection":[{"href":"https:\/\/inti.hr\/bs\/wp-json\/wp\/v2\/product"}],"about":[{"href":"https:\/\/inti.hr\/bs\/wp-json\/wp\/v2\/types\/product"}],"wp:featuredmedia":[{"embeddable":true,"href":"https:\/\/inti.hr\/bs\/wp-json\/wp\/v2\/media\/35550"}],"wp:attachment":[{"href":"https:\/\/inti.hr\/bs\/wp-json\/wp\/v2\/media?parent=35549"}],"wp:term":[{"taxonomy":"product_cat","embeddable":true,"href":"https:\/\/inti.hr\/bs\/wp-json\/wp\/v2\/product_cat?post=35549"},{"taxonomy":"product_tag","embeddable":true,"href":"https:\/\/inti.hr\/bs\/wp-json\/wp\/v2\/product_tag?post=35549"}],"curies":[{"name":"wp","href":"https:\/\/api.w.org\/{rel}","templated":true}]}}