{"id":35575,"date":"2025-03-06T17:13:44","date_gmt":"2025-03-06T16:13:44","guid":{"rendered":"https:\/\/inti.hr\/product\/ormar-za-predsoblje-s-klupom-za-kapute-100x40x180cm\/"},"modified":"2025-03-06T17:13:44","modified_gmt":"2025-03-06T16:13:44","slug":"ormar-za-predsoblje-s-klupom-za-kapute-100x40x180cm","status":"publish","type":"product","link":"https:\/\/inti.hr\/bs\/proizvod\/ormar-za-predsoblje-s-klupom-za-kapute-100x40x180cm\/","title":{"rendered":"Ormar za predsoblje s klupom za kapute 100x40x180cm"},"content":{"rendered":"<p>Detalji proizvoda:<\/p>\n<p>Te\u017eina: oko 32,8 kg<br \/>\nTestirano za: 163 kg (5 kg\/udica, bench 113 kg)<br \/>\nMaterijal: PB (E1), \u017eeljezo<br \/>\nDimenzije proizvoda: 100x40x180 cm (vidi sliku)<br \/>\nIsporuka: u 2 paketa<br \/>\nDimenzije paketa A: 110,5x48x10,5 cm.<br \/>\nDimenzije paketa B: 111x48x15 cm.<br \/>\nS uputama za monta\u017eu i vijcima, jednostavna monta\u017ea<\/p>\n","protected":false},"excerpt":{"rendered":"<p>Jednostavne linije i suvremenog dizajna, lako se uklapa u razli\u010dite stilove &#8230; <\/p>\n","protected":false},"featured_media":35576,"template":"","meta":[],"product_cat":[2632],"product_tag":[2633,2638],"yoast_head":"<!-- This site is optimized with the Yoast SEO plugin v23.7 - https:\/\/yoast.com\/wordpress\/plugins\/seo\/ -->\n<title>Ormar za predsoblje s klupom za kapute 100x40x180cm - Inti<\/title>\n<meta name=\"description\" content=\"Jednostavne linije i suvremenog dizajna, lako se uklapa u razli\u010dite stilove opremanja.Pogodno za dnevni boravak, ulaz, hodnik i druge prostore, unapre\u0111uje red u domu5 kuka za vje\u0161anje odje\u0107e, torbi, \u0161e\u0161ira i drugih predmeta.Vodoravna \u0161ipka mo\u017ee dr\u017eati vje\u0161alice, \u0161to vam omogu\u0107uje da objesite vi\u0161e odje\u0107e.Iza dvoja vrata mo\u017eete spremiti cipele ili druge predmete za hodnik.Stolica je visoka 46 cm, tako da je vrlo udobna za sjedenje i obuvanje i izuvanje.Jednostavan za \u010di\u0161\u0107enje i odr\u017eavanje.\" \/>\n<meta name=\"robots\" content=\"index, follow, max-snippet:-1, max-image-preview:large, max-video-preview:-1\" \/>\n<link rel=\"canonical\" href=\"https:\/\/inti.hr\/bs\/proizvod\/ormar-za-predsoblje-s-klupom-za-kapute-100x40x180cm\/\" \/>\n<meta property=\"og:locale\" content=\"bs_BA\" \/>\n<meta property=\"og:type\" content=\"article\" \/>\n<meta property=\"og:title\" content=\"Ormar za predsoblje s klupom za kapute 100x40x180cm - Inti\" \/>\n<meta property=\"og:description\" content=\"Jednostavne linije i suvremenog dizajna, lako se uklapa u razli\u010dite stilove opremanja.Pogodno za dnevni boravak, ulaz, hodnik i druge prostore, unapre\u0111uje red u domu5 kuka za vje\u0161anje odje\u0107e, torbi, \u0161e\u0161ira i drugih predmeta.Vodoravna \u0161ipka mo\u017ee dr\u017eati vje\u0161alice, \u0161to vam omogu\u0107uje da objesite vi\u0161e odje\u0107e.Iza dvoja vrata mo\u017eete spremiti cipele ili druge predmete za hodnik.Stolica je visoka 46 cm, tako da je vrlo udobna za sjedenje i obuvanje i izuvanje.Jednostavan za \u010di\u0161\u0107enje i odr\u017eavanje.\" \/>\n<meta property=\"og:url\" content=\"https:\/\/inti.hr\/bs\/proizvod\/ormar-za-predsoblje-s-klupom-za-kapute-100x40x180cm\/\" \/>\n<meta property=\"og:site_name\" content=\"Inti\" \/>\n<meta property=\"og:image\" content=\"https:\/\/i0.wp.com\/inti.hr\/wp-content\/uploads\/2025\/03\/FSR194-N-A-Y001_860x.jpg?fit=860%2C860&ssl=1\" \/>\n\t<meta property=\"og:image:width\" content=\"860\" \/>\n\t<meta property=\"og:image:height\" content=\"860\" \/>\n\t<meta property=\"og:image:type\" content=\"image\/jpeg\" \/>\n<meta name=\"twitter:card\" content=\"summary_large_image\" \/>\n<meta name=\"twitter:label1\" content=\"Est. reading time\" \/>\n\t<meta name=\"twitter:data1\" content=\"1 minuta\" \/>\n<script type=\"application\/ld+json\" class=\"yoast-schema-graph\">{\"@context\":\"https:\/\/schema.org\",\"@graph\":[{\"@type\":\"WebPage\",\"@id\":\"https:\/\/inti.hr\/bs\/proizvod\/ormar-za-predsoblje-s-klupom-za-kapute-100x40x180cm\/\",\"url\":\"https:\/\/inti.hr\/bs\/proizvod\/ormar-za-predsoblje-s-klupom-za-kapute-100x40x180cm\/\",\"name\":\"Ormar za predsoblje s klupom za kapute 100x40x180cm - Inti\",\"isPartOf\":{\"@id\":\"https:\/\/inti.hr\/bs\/#website\"},\"primaryImageOfPage\":{\"@id\":\"https:\/\/inti.hr\/bs\/proizvod\/ormar-za-predsoblje-s-klupom-za-kapute-100x40x180cm\/#primaryimage\"},\"image\":{\"@id\":\"https:\/\/inti.hr\/bs\/proizvod\/ormar-za-predsoblje-s-klupom-za-kapute-100x40x180cm\/#primaryimage\"},\"thumbnailUrl\":\"https:\/\/i0.wp.com\/inti.hr\/wp-content\/uploads\/2025\/03\/FSR194-N-A-Y001_860x.jpg?fit=860%2C860&ssl=1\",\"datePublished\":\"2025-03-06T16:13:44+00:00\",\"dateModified\":\"2025-03-06T16:13:44+00:00\",\"description\":\"Jednostavne linije i suvremenog dizajna, lako se uklapa u razli\u010dite stilove opremanja.Pogodno za dnevni boravak, ulaz, hodnik i druge prostore, unapre\u0111uje red u domu5 kuka za vje\u0161anje odje\u0107e, torbi, \u0161e\u0161ira i drugih predmeta.Vodoravna \u0161ipka mo\u017ee dr\u017eati vje\u0161alice, \u0161to vam omogu\u0107uje da objesite vi\u0161e odje\u0107e.Iza dvoja vrata mo\u017eete spremiti cipele ili druge predmete za hodnik.Stolica je visoka 46 cm, tako da je vrlo udobna za sjedenje i obuvanje i izuvanje.Jednostavan za \u010di\u0161\u0107enje i odr\u017eavanje.\",\"breadcrumb\":{\"@id\":\"https:\/\/inti.hr\/bs\/proizvod\/ormar-za-predsoblje-s-klupom-za-kapute-100x40x180cm\/#breadcrumb\"},\"inLanguage\":\"bs-BA\",\"potentialAction\":[{\"@type\":\"ReadAction\",\"target\":[\"https:\/\/inti.hr\/bs\/proizvod\/ormar-za-predsoblje-s-klupom-za-kapute-100x40x180cm\/\"]}]},{\"@type\":\"ImageObject\",\"inLanguage\":\"bs-BA\",\"@id\":\"https:\/\/inti.hr\/bs\/proizvod\/ormar-za-predsoblje-s-klupom-za-kapute-100x40x180cm\/#primaryimage\",\"url\":\"https:\/\/i0.wp.com\/inti.hr\/wp-content\/uploads\/2025\/03\/FSR194-N-A-Y001_860x.jpg?fit=860%2C860&ssl=1\",\"contentUrl\":\"https:\/\/i0.wp.com\/inti.hr\/wp-content\/uploads\/2025\/03\/FSR194-N-A-Y001_860x.jpg?fit=860%2C860&ssl=1\",\"width\":860,\"height\":860,\"caption\":\"SoBuy Ormar za predsoblje s klupom za kapute 100x40x180cm FSR194-N\"},{\"@type\":\"BreadcrumbList\",\"@id\":\"https:\/\/inti.hr\/bs\/proizvod\/ormar-za-predsoblje-s-klupom-za-kapute-100x40x180cm\/#breadcrumb\",\"itemListElement\":[{\"@type\":\"ListItem\",\"position\":1,\"name\":\"Po\u010detna stranica\",\"item\":\"https:\/\/inti.hr\/bs\/\"},{\"@type\":\"ListItem\",\"position\":2,\"name\":\"Trgovina\",\"item\":\"https:\/\/inti.hr\/bs\/trgovina\/\"},{\"@type\":\"ListItem\",\"position\":3,\"name\":\"Ormar za predsoblje s klupom za kapute 100x40x180cm\"}]},{\"@type\":\"WebSite\",\"@id\":\"https:\/\/inti.hr\/bs\/#website\",\"url\":\"https:\/\/inti.hr\/bs\/\",\"name\":\"Inti\",\"description\":\"trgovina\",\"potentialAction\":[{\"@type\":\"SearchAction\",\"target\":{\"@type\":\"EntryPoint\",\"urlTemplate\":\"https:\/\/inti.hr\/bs\/?s={search_term_string}\"},\"query-input\":{\"@type\":\"PropertyValueSpecification\",\"valueRequired\":true,\"valueName\":\"search_term_string\"}}],\"inLanguage\":\"bs-BA\"}]}<\/script>\n<!-- \/ Yoast SEO plugin. -->","yoast_head_json":{"title":"Ormar za predsoblje s klupom za kapute 100x40x180cm - Inti","description":"Jednostavne linije i suvremenog dizajna, lako se uklapa u razli\u010dite stilove opremanja.Pogodno za dnevni boravak, ulaz, hodnik i druge prostore, unapre\u0111uje red u domu5 kuka za vje\u0161anje odje\u0107e, torbi, \u0161e\u0161ira i drugih predmeta.Vodoravna \u0161ipka mo\u017ee dr\u017eati vje\u0161alice, \u0161to vam omogu\u0107uje da objesite vi\u0161e odje\u0107e.Iza dvoja vrata mo\u017eete spremiti cipele ili druge predmete za hodnik.Stolica je visoka 46 cm, tako da je vrlo udobna za sjedenje i obuvanje i izuvanje.Jednostavan za \u010di\u0161\u0107enje i odr\u017eavanje.","robots":{"index":"index","follow":"follow","max-snippet":"max-snippet:-1","max-image-preview":"max-image-preview:large","max-video-preview":"max-video-preview:-1"},"canonical":"https:\/\/inti.hr\/bs\/proizvod\/ormar-za-predsoblje-s-klupom-za-kapute-100x40x180cm\/","og_locale":"bs_BA","og_type":"article","og_title":"Ormar za predsoblje s klupom za kapute 100x40x180cm - Inti","og_description":"Jednostavne linije i suvremenog dizajna, lako se uklapa u razli\u010dite stilove opremanja.Pogodno za dnevni boravak, ulaz, hodnik i druge prostore, unapre\u0111uje red u domu5 kuka za vje\u0161anje odje\u0107e, torbi, \u0161e\u0161ira i drugih predmeta.Vodoravna \u0161ipka mo\u017ee dr\u017eati vje\u0161alice, \u0161to vam omogu\u0107uje da objesite vi\u0161e odje\u0107e.Iza dvoja vrata mo\u017eete spremiti cipele ili druge predmete za hodnik.Stolica je visoka 46 cm, tako da je vrlo udobna za sjedenje i obuvanje i izuvanje.Jednostavan za \u010di\u0161\u0107enje i odr\u017eavanje.","og_url":"https:\/\/inti.hr\/bs\/proizvod\/ormar-za-predsoblje-s-klupom-za-kapute-100x40x180cm\/","og_site_name":"Inti","og_image":[{"width":860,"height":860,"url":"https:\/\/i0.wp.com\/inti.hr\/wp-content\/uploads\/2025\/03\/FSR194-N-A-Y001_860x.jpg?fit=860%2C860&ssl=1","type":"image\/jpeg"}],"twitter_card":"summary_large_image","twitter_misc":{"Est. reading time":"1 minuta"},"schema":{"@context":"https:\/\/schema.org","@graph":[{"@type":"WebPage","@id":"https:\/\/inti.hr\/bs\/proizvod\/ormar-za-predsoblje-s-klupom-za-kapute-100x40x180cm\/","url":"https:\/\/inti.hr\/bs\/proizvod\/ormar-za-predsoblje-s-klupom-za-kapute-100x40x180cm\/","name":"Ormar za predsoblje s klupom za kapute 100x40x180cm - Inti","isPartOf":{"@id":"https:\/\/inti.hr\/bs\/#website"},"primaryImageOfPage":{"@id":"https:\/\/inti.hr\/bs\/proizvod\/ormar-za-predsoblje-s-klupom-za-kapute-100x40x180cm\/#primaryimage"},"image":{"@id":"https:\/\/inti.hr\/bs\/proizvod\/ormar-za-predsoblje-s-klupom-za-kapute-100x40x180cm\/#primaryimage"},"thumbnailUrl":"https:\/\/i0.wp.com\/inti.hr\/wp-content\/uploads\/2025\/03\/FSR194-N-A-Y001_860x.jpg?fit=860%2C860&ssl=1","datePublished":"2025-03-06T16:13:44+00:00","dateModified":"2025-03-06T16:13:44+00:00","description":"Jednostavne linije i suvremenog dizajna, lako se uklapa u razli\u010dite stilove opremanja.Pogodno za dnevni boravak, ulaz, hodnik i druge prostore, unapre\u0111uje red u domu5 kuka za vje\u0161anje odje\u0107e, torbi, \u0161e\u0161ira i drugih predmeta.Vodoravna \u0161ipka mo\u017ee dr\u017eati vje\u0161alice, \u0161to vam omogu\u0107uje da objesite vi\u0161e odje\u0107e.Iza dvoja vrata mo\u017eete spremiti cipele ili druge predmete za hodnik.Stolica je visoka 46 cm, tako da je vrlo udobna za sjedenje i obuvanje i izuvanje.Jednostavan za \u010di\u0161\u0107enje i odr\u017eavanje.","breadcrumb":{"@id":"https:\/\/inti.hr\/bs\/proizvod\/ormar-za-predsoblje-s-klupom-za-kapute-100x40x180cm\/#breadcrumb"},"inLanguage":"bs-BA","potentialAction":[{"@type":"ReadAction","target":["https:\/\/inti.hr\/bs\/proizvod\/ormar-za-predsoblje-s-klupom-za-kapute-100x40x180cm\/"]}]},{"@type":"ImageObject","inLanguage":"bs-BA","@id":"https:\/\/inti.hr\/bs\/proizvod\/ormar-za-predsoblje-s-klupom-za-kapute-100x40x180cm\/#primaryimage","url":"https:\/\/i0.wp.com\/inti.hr\/wp-content\/uploads\/2025\/03\/FSR194-N-A-Y001_860x.jpg?fit=860%2C860&ssl=1","contentUrl":"https:\/\/i0.wp.com\/inti.hr\/wp-content\/uploads\/2025\/03\/FSR194-N-A-Y001_860x.jpg?fit=860%2C860&ssl=1","width":860,"height":860,"caption":"SoBuy Ormar za predsoblje s klupom za kapute 100x40x180cm FSR194-N"},{"@type":"BreadcrumbList","@id":"https:\/\/inti.hr\/bs\/proizvod\/ormar-za-predsoblje-s-klupom-za-kapute-100x40x180cm\/#breadcrumb","itemListElement":[{"@type":"ListItem","position":1,"name":"Po\u010detna stranica","item":"https:\/\/inti.hr\/bs\/"},{"@type":"ListItem","position":2,"name":"Trgovina","item":"https:\/\/inti.hr\/bs\/trgovina\/"},{"@type":"ListItem","position":3,"name":"Ormar za predsoblje s klupom za kapute 100x40x180cm"}]},{"@type":"WebSite","@id":"https:\/\/inti.hr\/bs\/#website","url":"https:\/\/inti.hr\/bs\/","name":"Inti","description":"trgovina","potentialAction":[{"@type":"SearchAction","target":{"@type":"EntryPoint","urlTemplate":"https:\/\/inti.hr\/bs\/?s={search_term_string}"},"query-input":{"@type":"PropertyValueSpecification","valueRequired":true,"valueName":"search_term_string"}}],"inLanguage":"bs-BA"}]}},"jetpack_sharing_enabled":true,"jetpack-related-posts":[],"_links":{"self":[{"href":"https:\/\/inti.hr\/bs\/wp-json\/wp\/v2\/product\/35575"}],"collection":[{"href":"https:\/\/inti.hr\/bs\/wp-json\/wp\/v2\/product"}],"about":[{"href":"https:\/\/inti.hr\/bs\/wp-json\/wp\/v2\/types\/product"}],"wp:featuredmedia":[{"embeddable":true,"href":"https:\/\/inti.hr\/bs\/wp-json\/wp\/v2\/media\/35576"}],"wp:attachment":[{"href":"https:\/\/inti.hr\/bs\/wp-json\/wp\/v2\/media?parent=35575"}],"wp:term":[{"taxonomy":"product_cat","embeddable":true,"href":"https:\/\/inti.hr\/bs\/wp-json\/wp\/v2\/product_cat?post=35575"},{"taxonomy":"product_tag","embeddable":true,"href":"https:\/\/inti.hr\/bs\/wp-json\/wp\/v2\/product_tag?post=35575"}],"curies":[{"name":"wp","href":"https:\/\/api.w.org\/{rel}","templated":true}]}}