{"id":35603,"date":"2025-03-06T09:59:59","date_gmt":"2025-03-06T08:59:59","guid":{"rendered":"https:\/\/inti.hr\/product\/ormaric-za-umivaonik-60x30x59cm-2\/"},"modified":"2025-03-06T09:59:59","modified_gmt":"2025-03-06T08:59:59","slug":"ormaric-za-umivaonik-60x30x59cm-2","status":"publish","type":"product","link":"https:\/\/inti.hr\/bs\/proizvod\/ormaric-za-umivaonik-60x30x59cm-2\/","title":{"rendered":"Ormari\u0107 za umivaonik 60x30x59cm"},"content":{"rendered":"<p>Pojedinosti o proizvodu:<\/p>\n<p>Te\u017eina: 11,2 kg<br \/>\nTestirano na: 30 kg (10 kg po polici)<br \/>\nMaterijal: MDF(E1), bor.<br \/>\nDimenzije proizvoda: 60x30x59 cm.<br \/>\nDostava: u 1 paketu<br \/>\nDimenzije paketa: 70x39x15 cm<br \/>\nS uputama za sastavljanje i vijcima. Jednostavna instalacija.<\/p>\n","protected":false},"excerpt":{"rendered":"<p>Ovaj proizvod dolazi u pakiranju sa\u0107a koje se mo\u017ee 100% reciklirati, &#8230; <\/p>\n","protected":false},"featured_media":35604,"template":"","meta":[],"product_cat":[2392],"product_tag":[2520,2521],"yoast_head":"<!-- This site is optimized with the Yoast SEO plugin v23.7 - https:\/\/yoast.com\/wordpress\/plugins\/seo\/ -->\n<title>Ormari\u0107 za umivaonik 60x30x59cm - Inti<\/title>\n<meta name=\"description\" content=\"Ovaj proizvod dolazi u pakiranju sa\u0107a koje se mo\u017ee 100% reciklirati, \u0161to ga \u010dini sigurnim i pouzdanim za kori\u0161tenje. S uputama za sastavljanje i vijcima. Jednostavna instalacija.Plava elegancija za va\u0161u kupaonicu: osvijetlite svoj dom sa stilom!Otkrijte jedinstveni stil za svoju kupaonicu. Dok ostatak ku\u0107e karakterizira sklad i jednoli\u010dnost, kupaonica otkriva slobodu individualnosti. Na\u0161a kolekcija kupaonskog namje\u0161taja nudi vam niz bogatih, vi\u0161estrukih boja: od profinjene elegancije do odva\u017ene odva\u017enosti, od smirene vedrine do \u017eivahne vedrine. Odaberite iz niza opcija koje odgovaraju va\u0161em kreativnom duhu. Osvijetlite svoju kupaonicu i dajte svom domu prepoznatljivu osobnost.Namje\u0161taj suvremenog dizajna visoke funkcionalnosti. Obucite svoj dom modernim dodirom.Visokokvalitetni paneli osiguravaju savr\u0161enu stabilnost i dug vijek trajanja. Povr\u0161ina se lako \u010disti, \u0161to olak\u0161ava ku\u0107anske poslove.Linearni dizajn ovog elegantnog komada namje\u0161taja dat \u0107e ovom dijelu va\u0161eg doma gostoljubivu i elegantnu atmosferu.Unutra, ovaj ormar nudi dovoljno prostora za pohranjivanje deterd\u017eenta, proizvoda za \u010di\u0161\u0107enje, pribora i ostalih kupaonskih potrep\u0161tina.Noge od borovine \u010dine ovaj komad namje\u0161taja stabilnijim, a no\u017eice bolje \u0161tite proizvod od vlage.Zahvaljuju\u0107i otvoru za sifon, ormari\u0107 nudi mogu\u0107nost postavljanja ispod umivaonika i na taj na\u010din pokriva ometaju\u0107e komponente.\" \/>\n<meta name=\"robots\" content=\"index, follow, max-snippet:-1, max-image-preview:large, max-video-preview:-1\" \/>\n<link rel=\"canonical\" href=\"https:\/\/inti.hr\/bs\/proizvod\/ormaric-za-umivaonik-60x30x59cm-2\/\" \/>\n<meta property=\"og:locale\" content=\"bs_BA\" \/>\n<meta property=\"og:type\" content=\"article\" \/>\n<meta property=\"og:title\" content=\"Ormari\u0107 za umivaonik 60x30x59cm - Inti\" \/>\n<meta property=\"og:description\" content=\"Ovaj proizvod dolazi u pakiranju sa\u0107a koje se mo\u017ee 100% reciklirati, \u0161to ga \u010dini sigurnim i pouzdanim za kori\u0161tenje. S uputama za sastavljanje i vijcima. Jednostavna instalacija.Plava elegancija za va\u0161u kupaonicu: osvijetlite svoj dom sa stilom!Otkrijte jedinstveni stil za svoju kupaonicu. Dok ostatak ku\u0107e karakterizira sklad i jednoli\u010dnost, kupaonica otkriva slobodu individualnosti. Na\u0161a kolekcija kupaonskog namje\u0161taja nudi vam niz bogatih, vi\u0161estrukih boja: od profinjene elegancije do odva\u017ene odva\u017enosti, od smirene vedrine do \u017eivahne vedrine. Odaberite iz niza opcija koje odgovaraju va\u0161em kreativnom duhu. Osvijetlite svoju kupaonicu i dajte svom domu prepoznatljivu osobnost.Namje\u0161taj suvremenog dizajna visoke funkcionalnosti. Obucite svoj dom modernim dodirom.Visokokvalitetni paneli osiguravaju savr\u0161enu stabilnost i dug vijek trajanja. Povr\u0161ina se lako \u010disti, \u0161to olak\u0161ava ku\u0107anske poslove.Linearni dizajn ovog elegantnog komada namje\u0161taja dat \u0107e ovom dijelu va\u0161eg doma gostoljubivu i elegantnu atmosferu.Unutra, ovaj ormar nudi dovoljno prostora za pohranjivanje deterd\u017eenta, proizvoda za \u010di\u0161\u0107enje, pribora i ostalih kupaonskih potrep\u0161tina.Noge od borovine \u010dine ovaj komad namje\u0161taja stabilnijim, a no\u017eice bolje \u0161tite proizvod od vlage.Zahvaljuju\u0107i otvoru za sifon, ormari\u0107 nudi mogu\u0107nost postavljanja ispod umivaonika i na taj na\u010din pokriva ometaju\u0107e komponente.\" \/>\n<meta property=\"og:url\" content=\"https:\/\/inti.hr\/bs\/proizvod\/ormaric-za-umivaonik-60x30x59cm-2\/\" \/>\n<meta property=\"og:site_name\" content=\"Inti\" \/>\n<meta property=\"og:image\" content=\"https:\/\/i0.wp.com\/inti.hr\/wp-content\/uploads\/2025\/03\/BZR113-DG-S001_1800x1800.webp?fit=1600%2C1600&ssl=1\" \/>\n\t<meta property=\"og:image:width\" content=\"1600\" \/>\n\t<meta property=\"og:image:height\" content=\"1600\" \/>\n\t<meta property=\"og:image:type\" content=\"image\/webp\" \/>\n<meta name=\"twitter:card\" content=\"summary_large_image\" \/>\n<script type=\"application\/ld+json\" class=\"yoast-schema-graph\">{\"@context\":\"https:\/\/schema.org\",\"@graph\":[{\"@type\":\"WebPage\",\"@id\":\"https:\/\/inti.hr\/bs\/proizvod\/ormaric-za-umivaonik-60x30x59cm-2\/\",\"url\":\"https:\/\/inti.hr\/bs\/proizvod\/ormaric-za-umivaonik-60x30x59cm-2\/\",\"name\":\"Ormari\u0107 za umivaonik 60x30x59cm - Inti\",\"isPartOf\":{\"@id\":\"https:\/\/inti.hr\/bs\/#website\"},\"primaryImageOfPage\":{\"@id\":\"https:\/\/inti.hr\/bs\/proizvod\/ormaric-za-umivaonik-60x30x59cm-2\/#primaryimage\"},\"image\":{\"@id\":\"https:\/\/inti.hr\/bs\/proizvod\/ormaric-za-umivaonik-60x30x59cm-2\/#primaryimage\"},\"thumbnailUrl\":\"https:\/\/i0.wp.com\/inti.hr\/wp-content\/uploads\/2025\/03\/BZR113-DG-S001_1800x1800.webp?fit=1600%2C1600&ssl=1\",\"datePublished\":\"2025-03-06T08:59:59+00:00\",\"dateModified\":\"2025-03-06T08:59:59+00:00\",\"description\":\"Ovaj proizvod dolazi u pakiranju sa\u0107a koje se mo\u017ee 100% reciklirati, \u0161to ga \u010dini sigurnim i pouzdanim za kori\u0161tenje. S uputama za sastavljanje i vijcima. Jednostavna instalacija.Plava elegancija za va\u0161u kupaonicu: osvijetlite svoj dom sa stilom!Otkrijte jedinstveni stil za svoju kupaonicu. Dok ostatak ku\u0107e karakterizira sklad i jednoli\u010dnost, kupaonica otkriva slobodu individualnosti. Na\u0161a kolekcija kupaonskog namje\u0161taja nudi vam niz bogatih, vi\u0161estrukih boja: od profinjene elegancije do odva\u017ene odva\u017enosti, od smirene vedrine do \u017eivahne vedrine. Odaberite iz niza opcija koje odgovaraju va\u0161em kreativnom duhu. Osvijetlite svoju kupaonicu i dajte svom domu prepoznatljivu osobnost.Namje\u0161taj suvremenog dizajna visoke funkcionalnosti. Obucite svoj dom modernim dodirom.Visokokvalitetni paneli osiguravaju savr\u0161enu stabilnost i dug vijek trajanja. Povr\u0161ina se lako \u010disti, \u0161to olak\u0161ava ku\u0107anske poslove.Linearni dizajn ovog elegantnog komada namje\u0161taja dat \u0107e ovom dijelu va\u0161eg doma gostoljubivu i elegantnu atmosferu.Unutra, ovaj ormar nudi dovoljno prostora za pohranjivanje deterd\u017eenta, proizvoda za \u010di\u0161\u0107enje, pribora i ostalih kupaonskih potrep\u0161tina.Noge od borovine \u010dine ovaj komad namje\u0161taja stabilnijim, a no\u017eice bolje \u0161tite proizvod od vlage.Zahvaljuju\u0107i otvoru za sifon, ormari\u0107 nudi mogu\u0107nost postavljanja ispod umivaonika i na taj na\u010din pokriva ometaju\u0107e komponente.\",\"breadcrumb\":{\"@id\":\"https:\/\/inti.hr\/bs\/proizvod\/ormaric-za-umivaonik-60x30x59cm-2\/#breadcrumb\"},\"inLanguage\":\"bs-BA\",\"potentialAction\":[{\"@type\":\"ReadAction\",\"target\":[\"https:\/\/inti.hr\/bs\/proizvod\/ormaric-za-umivaonik-60x30x59cm-2\/\"]}]},{\"@type\":\"ImageObject\",\"inLanguage\":\"bs-BA\",\"@id\":\"https:\/\/inti.hr\/bs\/proizvod\/ormaric-za-umivaonik-60x30x59cm-2\/#primaryimage\",\"url\":\"https:\/\/i0.wp.com\/inti.hr\/wp-content\/uploads\/2025\/03\/BZR113-DG-S001_1800x1800.webp?fit=1600%2C1600&ssl=1\",\"contentUrl\":\"https:\/\/i0.wp.com\/inti.hr\/wp-content\/uploads\/2025\/03\/BZR113-DG-S001_1800x1800.webp?fit=1600%2C1600&ssl=1\",\"width\":1600,\"height\":1600,\"caption\":\"SoBuy ormari\u0107 za umivaonik 60x30x59cm BZR113-DG\"},{\"@type\":\"BreadcrumbList\",\"@id\":\"https:\/\/inti.hr\/bs\/proizvod\/ormaric-za-umivaonik-60x30x59cm-2\/#breadcrumb\",\"itemListElement\":[{\"@type\":\"ListItem\",\"position\":1,\"name\":\"Po\u010detna stranica\",\"item\":\"https:\/\/inti.hr\/bs\/\"},{\"@type\":\"ListItem\",\"position\":2,\"name\":\"Trgovina\",\"item\":\"https:\/\/inti.hr\/bs\/trgovina\/\"},{\"@type\":\"ListItem\",\"position\":3,\"name\":\"Ormari\u0107 za umivaonik 60x30x59cm\"}]},{\"@type\":\"WebSite\",\"@id\":\"https:\/\/inti.hr\/bs\/#website\",\"url\":\"https:\/\/inti.hr\/bs\/\",\"name\":\"Inti\",\"description\":\"trgovina\",\"potentialAction\":[{\"@type\":\"SearchAction\",\"target\":{\"@type\":\"EntryPoint\",\"urlTemplate\":\"https:\/\/inti.hr\/bs\/?s={search_term_string}\"},\"query-input\":{\"@type\":\"PropertyValueSpecification\",\"valueRequired\":true,\"valueName\":\"search_term_string\"}}],\"inLanguage\":\"bs-BA\"}]}<\/script>\n<!-- \/ Yoast SEO plugin. -->","yoast_head_json":{"title":"Ormari\u0107 za umivaonik 60x30x59cm - Inti","description":"Ovaj proizvod dolazi u pakiranju sa\u0107a koje se mo\u017ee 100% reciklirati, \u0161to ga \u010dini sigurnim i pouzdanim za kori\u0161tenje. S uputama za sastavljanje i vijcima. Jednostavna instalacija.Plava elegancija za va\u0161u kupaonicu: osvijetlite svoj dom sa stilom!Otkrijte jedinstveni stil za svoju kupaonicu. Dok ostatak ku\u0107e karakterizira sklad i jednoli\u010dnost, kupaonica otkriva slobodu individualnosti. Na\u0161a kolekcija kupaonskog namje\u0161taja nudi vam niz bogatih, vi\u0161estrukih boja: od profinjene elegancije do odva\u017ene odva\u017enosti, od smirene vedrine do \u017eivahne vedrine. Odaberite iz niza opcija koje odgovaraju va\u0161em kreativnom duhu. Osvijetlite svoju kupaonicu i dajte svom domu prepoznatljivu osobnost.Namje\u0161taj suvremenog dizajna visoke funkcionalnosti. Obucite svoj dom modernim dodirom.Visokokvalitetni paneli osiguravaju savr\u0161enu stabilnost i dug vijek trajanja. Povr\u0161ina se lako \u010disti, \u0161to olak\u0161ava ku\u0107anske poslove.Linearni dizajn ovog elegantnog komada namje\u0161taja dat \u0107e ovom dijelu va\u0161eg doma gostoljubivu i elegantnu atmosferu.Unutra, ovaj ormar nudi dovoljno prostora za pohranjivanje deterd\u017eenta, proizvoda za \u010di\u0161\u0107enje, pribora i ostalih kupaonskih potrep\u0161tina.Noge od borovine \u010dine ovaj komad namje\u0161taja stabilnijim, a no\u017eice bolje \u0161tite proizvod od vlage.Zahvaljuju\u0107i otvoru za sifon, ormari\u0107 nudi mogu\u0107nost postavljanja ispod umivaonika i na taj na\u010din pokriva ometaju\u0107e komponente.","robots":{"index":"index","follow":"follow","max-snippet":"max-snippet:-1","max-image-preview":"max-image-preview:large","max-video-preview":"max-video-preview:-1"},"canonical":"https:\/\/inti.hr\/bs\/proizvod\/ormaric-za-umivaonik-60x30x59cm-2\/","og_locale":"bs_BA","og_type":"article","og_title":"Ormari\u0107 za umivaonik 60x30x59cm - Inti","og_description":"Ovaj proizvod dolazi u pakiranju sa\u0107a koje se mo\u017ee 100% reciklirati, \u0161to ga \u010dini sigurnim i pouzdanim za kori\u0161tenje. S uputama za sastavljanje i vijcima. Jednostavna instalacija.Plava elegancija za va\u0161u kupaonicu: osvijetlite svoj dom sa stilom!Otkrijte jedinstveni stil za svoju kupaonicu. Dok ostatak ku\u0107e karakterizira sklad i jednoli\u010dnost, kupaonica otkriva slobodu individualnosti. Na\u0161a kolekcija kupaonskog namje\u0161taja nudi vam niz bogatih, vi\u0161estrukih boja: od profinjene elegancije do odva\u017ene odva\u017enosti, od smirene vedrine do \u017eivahne vedrine. Odaberite iz niza opcija koje odgovaraju va\u0161em kreativnom duhu. Osvijetlite svoju kupaonicu i dajte svom domu prepoznatljivu osobnost.Namje\u0161taj suvremenog dizajna visoke funkcionalnosti. Obucite svoj dom modernim dodirom.Visokokvalitetni paneli osiguravaju savr\u0161enu stabilnost i dug vijek trajanja. Povr\u0161ina se lako \u010disti, \u0161to olak\u0161ava ku\u0107anske poslove.Linearni dizajn ovog elegantnog komada namje\u0161taja dat \u0107e ovom dijelu va\u0161eg doma gostoljubivu i elegantnu atmosferu.Unutra, ovaj ormar nudi dovoljno prostora za pohranjivanje deterd\u017eenta, proizvoda za \u010di\u0161\u0107enje, pribora i ostalih kupaonskih potrep\u0161tina.Noge od borovine \u010dine ovaj komad namje\u0161taja stabilnijim, a no\u017eice bolje \u0161tite proizvod od vlage.Zahvaljuju\u0107i otvoru za sifon, ormari\u0107 nudi mogu\u0107nost postavljanja ispod umivaonika i na taj na\u010din pokriva ometaju\u0107e komponente.","og_url":"https:\/\/inti.hr\/bs\/proizvod\/ormaric-za-umivaonik-60x30x59cm-2\/","og_site_name":"Inti","og_image":[{"width":1600,"height":1600,"url":"https:\/\/i0.wp.com\/inti.hr\/wp-content\/uploads\/2025\/03\/BZR113-DG-S001_1800x1800.webp?fit=1600%2C1600&ssl=1","type":"image\/webp"}],"twitter_card":"summary_large_image","schema":{"@context":"https:\/\/schema.org","@graph":[{"@type":"WebPage","@id":"https:\/\/inti.hr\/bs\/proizvod\/ormaric-za-umivaonik-60x30x59cm-2\/","url":"https:\/\/inti.hr\/bs\/proizvod\/ormaric-za-umivaonik-60x30x59cm-2\/","name":"Ormari\u0107 za umivaonik 60x30x59cm - Inti","isPartOf":{"@id":"https:\/\/inti.hr\/bs\/#website"},"primaryImageOfPage":{"@id":"https:\/\/inti.hr\/bs\/proizvod\/ormaric-za-umivaonik-60x30x59cm-2\/#primaryimage"},"image":{"@id":"https:\/\/inti.hr\/bs\/proizvod\/ormaric-za-umivaonik-60x30x59cm-2\/#primaryimage"},"thumbnailUrl":"https:\/\/i0.wp.com\/inti.hr\/wp-content\/uploads\/2025\/03\/BZR113-DG-S001_1800x1800.webp?fit=1600%2C1600&ssl=1","datePublished":"2025-03-06T08:59:59+00:00","dateModified":"2025-03-06T08:59:59+00:00","description":"Ovaj proizvod dolazi u pakiranju sa\u0107a koje se mo\u017ee 100% reciklirati, \u0161to ga \u010dini sigurnim i pouzdanim za kori\u0161tenje. S uputama za sastavljanje i vijcima. Jednostavna instalacija.Plava elegancija za va\u0161u kupaonicu: osvijetlite svoj dom sa stilom!Otkrijte jedinstveni stil za svoju kupaonicu. Dok ostatak ku\u0107e karakterizira sklad i jednoli\u010dnost, kupaonica otkriva slobodu individualnosti. Na\u0161a kolekcija kupaonskog namje\u0161taja nudi vam niz bogatih, vi\u0161estrukih boja: od profinjene elegancije do odva\u017ene odva\u017enosti, od smirene vedrine do \u017eivahne vedrine. Odaberite iz niza opcija koje odgovaraju va\u0161em kreativnom duhu. Osvijetlite svoju kupaonicu i dajte svom domu prepoznatljivu osobnost.Namje\u0161taj suvremenog dizajna visoke funkcionalnosti. Obucite svoj dom modernim dodirom.Visokokvalitetni paneli osiguravaju savr\u0161enu stabilnost i dug vijek trajanja. Povr\u0161ina se lako \u010disti, \u0161to olak\u0161ava ku\u0107anske poslove.Linearni dizajn ovog elegantnog komada namje\u0161taja dat \u0107e ovom dijelu va\u0161eg doma gostoljubivu i elegantnu atmosferu.Unutra, ovaj ormar nudi dovoljno prostora za pohranjivanje deterd\u017eenta, proizvoda za \u010di\u0161\u0107enje, pribora i ostalih kupaonskih potrep\u0161tina.Noge od borovine \u010dine ovaj komad namje\u0161taja stabilnijim, a no\u017eice bolje \u0161tite proizvod od vlage.Zahvaljuju\u0107i otvoru za sifon, ormari\u0107 nudi mogu\u0107nost postavljanja ispod umivaonika i na taj na\u010din pokriva ometaju\u0107e komponente.","breadcrumb":{"@id":"https:\/\/inti.hr\/bs\/proizvod\/ormaric-za-umivaonik-60x30x59cm-2\/#breadcrumb"},"inLanguage":"bs-BA","potentialAction":[{"@type":"ReadAction","target":["https:\/\/inti.hr\/bs\/proizvod\/ormaric-za-umivaonik-60x30x59cm-2\/"]}]},{"@type":"ImageObject","inLanguage":"bs-BA","@id":"https:\/\/inti.hr\/bs\/proizvod\/ormaric-za-umivaonik-60x30x59cm-2\/#primaryimage","url":"https:\/\/i0.wp.com\/inti.hr\/wp-content\/uploads\/2025\/03\/BZR113-DG-S001_1800x1800.webp?fit=1600%2C1600&ssl=1","contentUrl":"https:\/\/i0.wp.com\/inti.hr\/wp-content\/uploads\/2025\/03\/BZR113-DG-S001_1800x1800.webp?fit=1600%2C1600&ssl=1","width":1600,"height":1600,"caption":"SoBuy ormari\u0107 za umivaonik 60x30x59cm BZR113-DG"},{"@type":"BreadcrumbList","@id":"https:\/\/inti.hr\/bs\/proizvod\/ormaric-za-umivaonik-60x30x59cm-2\/#breadcrumb","itemListElement":[{"@type":"ListItem","position":1,"name":"Po\u010detna stranica","item":"https:\/\/inti.hr\/bs\/"},{"@type":"ListItem","position":2,"name":"Trgovina","item":"https:\/\/inti.hr\/bs\/trgovina\/"},{"@type":"ListItem","position":3,"name":"Ormari\u0107 za umivaonik 60x30x59cm"}]},{"@type":"WebSite","@id":"https:\/\/inti.hr\/bs\/#website","url":"https:\/\/inti.hr\/bs\/","name":"Inti","description":"trgovina","potentialAction":[{"@type":"SearchAction","target":{"@type":"EntryPoint","urlTemplate":"https:\/\/inti.hr\/bs\/?s={search_term_string}"},"query-input":{"@type":"PropertyValueSpecification","valueRequired":true,"valueName":"search_term_string"}}],"inLanguage":"bs-BA"}]}},"jetpack_sharing_enabled":true,"jetpack-related-posts":[],"_links":{"self":[{"href":"https:\/\/inti.hr\/bs\/wp-json\/wp\/v2\/product\/35603"}],"collection":[{"href":"https:\/\/inti.hr\/bs\/wp-json\/wp\/v2\/product"}],"about":[{"href":"https:\/\/inti.hr\/bs\/wp-json\/wp\/v2\/types\/product"}],"wp:featuredmedia":[{"embeddable":true,"href":"https:\/\/inti.hr\/bs\/wp-json\/wp\/v2\/media\/35604"}],"wp:attachment":[{"href":"https:\/\/inti.hr\/bs\/wp-json\/wp\/v2\/media?parent=35603"}],"wp:term":[{"taxonomy":"product_cat","embeddable":true,"href":"https:\/\/inti.hr\/bs\/wp-json\/wp\/v2\/product_cat?post=35603"},{"taxonomy":"product_tag","embeddable":true,"href":"https:\/\/inti.hr\/bs\/wp-json\/wp\/v2\/product_tag?post=35603"}],"curies":[{"name":"wp","href":"https:\/\/api.w.org\/{rel}","templated":true}]}}