{"id":35619,"date":"2025-03-04T17:55:00","date_gmt":"2025-03-04T16:55:00","guid":{"rendered":"https:\/\/inti.hr\/product\/stol-za-kavu-24x60x60cm-2\/"},"modified":"2025-03-04T17:55:00","modified_gmt":"2025-03-04T16:55:00","slug":"stol-za-kavu-24x60x60cm-2","status":"publish","type":"product","link":"https:\/\/inti.hr\/bs\/proizvod\/stol-za-kavu-24x60x60cm-2\/","title":{"rendered":"Stol za kavu 24x60x60cm"},"content":{"rendered":"<p>Detalji proizvoda:<\/p>\n<p>Te\u017eina: oko 19,3 kg<br \/>\nTestirano za: 30 kg<br \/>\nMaterijal: MDF (E1), borovina<br \/>\nDimenzije proizvoda: 24x60x60 cm<br \/>\nDostava: u 1 paketu<br \/>\nDimenzije pakiranja: 70x60x13,5 cm<br \/>\nS uputama za monta\u017eu i vijcima, jednostavna monta\u017ea<\/p>\n","protected":false},"excerpt":{"rendered":"<p>Ovaj proizvod dolazi u pakiranju sa\u0107a koje se mo\u017ee 100% reciklirati, &#8230; <\/p>\n","protected":false},"featured_media":35620,"template":"","meta":[],"product_cat":[2418],"product_tag":[2444,4562],"yoast_head":"<!-- This site is optimized with the Yoast SEO plugin v23.7 - https:\/\/yoast.com\/wordpress\/plugins\/seo\/ -->\n<title>Stol za kavu 24x60x60cm - Inti<\/title>\n<meta name=\"description\" content=\"Ovaj proizvod dolazi u pakiranju sa\u0107a koje se mo\u017ee 100% reciklirati, \u0161to ga \u010dini sigurnim i pouzdanim za kori\u0161tenje. S uputama za sastavljanje i vijcima. Jednostavna instalacija.Volite li se opustiti na sofi i \u010ditati \u010dasopis? Onda je kau\u010d za odlaganje \u010dasopisa pravi izbor za vas.Ormari\u0107 je mali, ali nudi mnogo prostora za pohranu. Opremljen ladicom i okomitim pretincem, u ovaj komad namje\u0161taja stane gotovo sve \u0161to vam je potrebno dok sjedite na sofi.Visina ovog komada namje\u0161taja je pode\u0161ena na na\u010din da vam omogu\u0107uje da vr\u0161cima prstiju dohvatite predmete koji su unutra.Dovoljan prostor za pohranu3 prostrane ladice za bolje organiziranje malih predmeta, dokumenata i uredskog pribora.1 otvoreni pretinac za dr\u017eanje knjiga, \u010dasopisa ili elektroni\u010dkih ure\u0111aja nadohvat ruke.1 skriveni pretinac na stra\u017enjoj strani, savr\u0161en za diskretno spremanje kabela ili drugog pribora.Vertikalni poklopac pretinca koji se mo\u017ee podi\u0107i i zaklju\u010dati, omogu\u0107uje jednostavan i siguran pristup.\" \/>\n<meta name=\"robots\" content=\"index, follow, max-snippet:-1, max-image-preview:large, max-video-preview:-1\" \/>\n<link rel=\"canonical\" href=\"https:\/\/inti.hr\/bs\/proizvod\/stol-za-kavu-24x60x60cm-2\/\" \/>\n<meta property=\"og:locale\" content=\"bs_BA\" \/>\n<meta property=\"og:type\" content=\"article\" \/>\n<meta property=\"og:title\" content=\"Stol za kavu 24x60x60cm - Inti\" \/>\n<meta property=\"og:description\" content=\"Ovaj proizvod dolazi u pakiranju sa\u0107a koje se mo\u017ee 100% reciklirati, \u0161to ga \u010dini sigurnim i pouzdanim za kori\u0161tenje. S uputama za sastavljanje i vijcima. Jednostavna instalacija.Volite li se opustiti na sofi i \u010ditati \u010dasopis? Onda je kau\u010d za odlaganje \u010dasopisa pravi izbor za vas.Ormari\u0107 je mali, ali nudi mnogo prostora za pohranu. Opremljen ladicom i okomitim pretincem, u ovaj komad namje\u0161taja stane gotovo sve \u0161to vam je potrebno dok sjedite na sofi.Visina ovog komada namje\u0161taja je pode\u0161ena na na\u010din da vam omogu\u0107uje da vr\u0161cima prstiju dohvatite predmete koji su unutra.Dovoljan prostor za pohranu3 prostrane ladice za bolje organiziranje malih predmeta, dokumenata i uredskog pribora.1 otvoreni pretinac za dr\u017eanje knjiga, \u010dasopisa ili elektroni\u010dkih ure\u0111aja nadohvat ruke.1 skriveni pretinac na stra\u017enjoj strani, savr\u0161en za diskretno spremanje kabela ili drugog pribora.Vertikalni poklopac pretinca koji se mo\u017ee podi\u0107i i zaklju\u010dati, omogu\u0107uje jednostavan i siguran pristup.\" \/>\n<meta property=\"og:url\" content=\"https:\/\/inti.hr\/bs\/proizvod\/stol-za-kavu-24x60x60cm-2\/\" \/>\n<meta property=\"og:site_name\" content=\"Inti\" \/>\n<meta property=\"og:image\" content=\"https:\/\/i0.wp.com\/inti.hr\/wp-content\/uploads\/2025\/03\/FBT161-WN-S003_1800x1800.webp?fit=1600%2C1600&ssl=1\" \/>\n\t<meta property=\"og:image:width\" content=\"1600\" \/>\n\t<meta property=\"og:image:height\" content=\"1600\" \/>\n\t<meta property=\"og:image:type\" content=\"image\/webp\" \/>\n<meta name=\"twitter:card\" content=\"summary_large_image\" \/>\n<script type=\"application\/ld+json\" class=\"yoast-schema-graph\">{\"@context\":\"https:\/\/schema.org\",\"@graph\":[{\"@type\":\"WebPage\",\"@id\":\"https:\/\/inti.hr\/bs\/proizvod\/stol-za-kavu-24x60x60cm-2\/\",\"url\":\"https:\/\/inti.hr\/bs\/proizvod\/stol-za-kavu-24x60x60cm-2\/\",\"name\":\"Stol za kavu 24x60x60cm - Inti\",\"isPartOf\":{\"@id\":\"https:\/\/inti.hr\/bs\/#website\"},\"primaryImageOfPage\":{\"@id\":\"https:\/\/inti.hr\/bs\/proizvod\/stol-za-kavu-24x60x60cm-2\/#primaryimage\"},\"image\":{\"@id\":\"https:\/\/inti.hr\/bs\/proizvod\/stol-za-kavu-24x60x60cm-2\/#primaryimage\"},\"thumbnailUrl\":\"https:\/\/i0.wp.com\/inti.hr\/wp-content\/uploads\/2025\/03\/FBT161-WN-S003_1800x1800.webp?fit=1600%2C1600&ssl=1\",\"datePublished\":\"2025-03-04T16:55:00+00:00\",\"dateModified\":\"2025-03-04T16:55:00+00:00\",\"description\":\"Ovaj proizvod dolazi u pakiranju sa\u0107a koje se mo\u017ee 100% reciklirati, \u0161to ga \u010dini sigurnim i pouzdanim za kori\u0161tenje. S uputama za sastavljanje i vijcima. Jednostavna instalacija.Volite li se opustiti na sofi i \u010ditati \u010dasopis? Onda je kau\u010d za odlaganje \u010dasopisa pravi izbor za vas.Ormari\u0107 je mali, ali nudi mnogo prostora za pohranu. Opremljen ladicom i okomitim pretincem, u ovaj komad namje\u0161taja stane gotovo sve \u0161to vam je potrebno dok sjedite na sofi.Visina ovog komada namje\u0161taja je pode\u0161ena na na\u010din da vam omogu\u0107uje da vr\u0161cima prstiju dohvatite predmete koji su unutra.Dovoljan prostor za pohranu3 prostrane ladice za bolje organiziranje malih predmeta, dokumenata i uredskog pribora.1 otvoreni pretinac za dr\u017eanje knjiga, \u010dasopisa ili elektroni\u010dkih ure\u0111aja nadohvat ruke.1 skriveni pretinac na stra\u017enjoj strani, savr\u0161en za diskretno spremanje kabela ili drugog pribora.Vertikalni poklopac pretinca koji se mo\u017ee podi\u0107i i zaklju\u010dati, omogu\u0107uje jednostavan i siguran pristup.\",\"breadcrumb\":{\"@id\":\"https:\/\/inti.hr\/bs\/proizvod\/stol-za-kavu-24x60x60cm-2\/#breadcrumb\"},\"inLanguage\":\"bs-BA\",\"potentialAction\":[{\"@type\":\"ReadAction\",\"target\":[\"https:\/\/inti.hr\/bs\/proizvod\/stol-za-kavu-24x60x60cm-2\/\"]}]},{\"@type\":\"ImageObject\",\"inLanguage\":\"bs-BA\",\"@id\":\"https:\/\/inti.hr\/bs\/proizvod\/stol-za-kavu-24x60x60cm-2\/#primaryimage\",\"url\":\"https:\/\/i0.wp.com\/inti.hr\/wp-content\/uploads\/2025\/03\/FBT161-WN-S003_1800x1800.webp?fit=1600%2C1600&ssl=1\",\"contentUrl\":\"https:\/\/i0.wp.com\/inti.hr\/wp-content\/uploads\/2025\/03\/FBT161-WN-S003_1800x1800.webp?fit=1600%2C1600&ssl=1\",\"width\":1600,\"height\":1600,\"caption\":\"SoBuy Stol za kavu 24x60x60cm FBT161-WN\"},{\"@type\":\"BreadcrumbList\",\"@id\":\"https:\/\/inti.hr\/bs\/proizvod\/stol-za-kavu-24x60x60cm-2\/#breadcrumb\",\"itemListElement\":[{\"@type\":\"ListItem\",\"position\":1,\"name\":\"Po\u010detna stranica\",\"item\":\"https:\/\/inti.hr\/bs\/\"},{\"@type\":\"ListItem\",\"position\":2,\"name\":\"Trgovina\",\"item\":\"https:\/\/inti.hr\/bs\/trgovina\/\"},{\"@type\":\"ListItem\",\"position\":3,\"name\":\"Stol za kavu 24x60x60cm\"}]},{\"@type\":\"WebSite\",\"@id\":\"https:\/\/inti.hr\/bs\/#website\",\"url\":\"https:\/\/inti.hr\/bs\/\",\"name\":\"Inti\",\"description\":\"trgovina\",\"potentialAction\":[{\"@type\":\"SearchAction\",\"target\":{\"@type\":\"EntryPoint\",\"urlTemplate\":\"https:\/\/inti.hr\/bs\/?s={search_term_string}\"},\"query-input\":{\"@type\":\"PropertyValueSpecification\",\"valueRequired\":true,\"valueName\":\"search_term_string\"}}],\"inLanguage\":\"bs-BA\"}]}<\/script>\n<!-- \/ Yoast SEO plugin. -->","yoast_head_json":{"title":"Stol za kavu 24x60x60cm - Inti","description":"Ovaj proizvod dolazi u pakiranju sa\u0107a koje se mo\u017ee 100% reciklirati, \u0161to ga \u010dini sigurnim i pouzdanim za kori\u0161tenje. S uputama za sastavljanje i vijcima. Jednostavna instalacija.Volite li se opustiti na sofi i \u010ditati \u010dasopis? Onda je kau\u010d za odlaganje \u010dasopisa pravi izbor za vas.Ormari\u0107 je mali, ali nudi mnogo prostora za pohranu. Opremljen ladicom i okomitim pretincem, u ovaj komad namje\u0161taja stane gotovo sve \u0161to vam je potrebno dok sjedite na sofi.Visina ovog komada namje\u0161taja je pode\u0161ena na na\u010din da vam omogu\u0107uje da vr\u0161cima prstiju dohvatite predmete koji su unutra.Dovoljan prostor za pohranu3 prostrane ladice za bolje organiziranje malih predmeta, dokumenata i uredskog pribora.1 otvoreni pretinac za dr\u017eanje knjiga, \u010dasopisa ili elektroni\u010dkih ure\u0111aja nadohvat ruke.1 skriveni pretinac na stra\u017enjoj strani, savr\u0161en za diskretno spremanje kabela ili drugog pribora.Vertikalni poklopac pretinca koji se mo\u017ee podi\u0107i i zaklju\u010dati, omogu\u0107uje jednostavan i siguran pristup.","robots":{"index":"index","follow":"follow","max-snippet":"max-snippet:-1","max-image-preview":"max-image-preview:large","max-video-preview":"max-video-preview:-1"},"canonical":"https:\/\/inti.hr\/bs\/proizvod\/stol-za-kavu-24x60x60cm-2\/","og_locale":"bs_BA","og_type":"article","og_title":"Stol za kavu 24x60x60cm - Inti","og_description":"Ovaj proizvod dolazi u pakiranju sa\u0107a koje se mo\u017ee 100% reciklirati, \u0161to ga \u010dini sigurnim i pouzdanim za kori\u0161tenje. S uputama za sastavljanje i vijcima. Jednostavna instalacija.Volite li se opustiti na sofi i \u010ditati \u010dasopis? Onda je kau\u010d za odlaganje \u010dasopisa pravi izbor za vas.Ormari\u0107 je mali, ali nudi mnogo prostora za pohranu. Opremljen ladicom i okomitim pretincem, u ovaj komad namje\u0161taja stane gotovo sve \u0161to vam je potrebno dok sjedite na sofi.Visina ovog komada namje\u0161taja je pode\u0161ena na na\u010din da vam omogu\u0107uje da vr\u0161cima prstiju dohvatite predmete koji su unutra.Dovoljan prostor za pohranu3 prostrane ladice za bolje organiziranje malih predmeta, dokumenata i uredskog pribora.1 otvoreni pretinac za dr\u017eanje knjiga, \u010dasopisa ili elektroni\u010dkih ure\u0111aja nadohvat ruke.1 skriveni pretinac na stra\u017enjoj strani, savr\u0161en za diskretno spremanje kabela ili drugog pribora.Vertikalni poklopac pretinca koji se mo\u017ee podi\u0107i i zaklju\u010dati, omogu\u0107uje jednostavan i siguran pristup.","og_url":"https:\/\/inti.hr\/bs\/proizvod\/stol-za-kavu-24x60x60cm-2\/","og_site_name":"Inti","og_image":[{"width":1600,"height":1600,"url":"https:\/\/i0.wp.com\/inti.hr\/wp-content\/uploads\/2025\/03\/FBT161-WN-S003_1800x1800.webp?fit=1600%2C1600&ssl=1","type":"image\/webp"}],"twitter_card":"summary_large_image","schema":{"@context":"https:\/\/schema.org","@graph":[{"@type":"WebPage","@id":"https:\/\/inti.hr\/bs\/proizvod\/stol-za-kavu-24x60x60cm-2\/","url":"https:\/\/inti.hr\/bs\/proizvod\/stol-za-kavu-24x60x60cm-2\/","name":"Stol za kavu 24x60x60cm - Inti","isPartOf":{"@id":"https:\/\/inti.hr\/bs\/#website"},"primaryImageOfPage":{"@id":"https:\/\/inti.hr\/bs\/proizvod\/stol-za-kavu-24x60x60cm-2\/#primaryimage"},"image":{"@id":"https:\/\/inti.hr\/bs\/proizvod\/stol-za-kavu-24x60x60cm-2\/#primaryimage"},"thumbnailUrl":"https:\/\/i0.wp.com\/inti.hr\/wp-content\/uploads\/2025\/03\/FBT161-WN-S003_1800x1800.webp?fit=1600%2C1600&ssl=1","datePublished":"2025-03-04T16:55:00+00:00","dateModified":"2025-03-04T16:55:00+00:00","description":"Ovaj proizvod dolazi u pakiranju sa\u0107a koje se mo\u017ee 100% reciklirati, \u0161to ga \u010dini sigurnim i pouzdanim za kori\u0161tenje. S uputama za sastavljanje i vijcima. Jednostavna instalacija.Volite li se opustiti na sofi i \u010ditati \u010dasopis? Onda je kau\u010d za odlaganje \u010dasopisa pravi izbor za vas.Ormari\u0107 je mali, ali nudi mnogo prostora za pohranu. Opremljen ladicom i okomitim pretincem, u ovaj komad namje\u0161taja stane gotovo sve \u0161to vam je potrebno dok sjedite na sofi.Visina ovog komada namje\u0161taja je pode\u0161ena na na\u010din da vam omogu\u0107uje da vr\u0161cima prstiju dohvatite predmete koji su unutra.Dovoljan prostor za pohranu3 prostrane ladice za bolje organiziranje malih predmeta, dokumenata i uredskog pribora.1 otvoreni pretinac za dr\u017eanje knjiga, \u010dasopisa ili elektroni\u010dkih ure\u0111aja nadohvat ruke.1 skriveni pretinac na stra\u017enjoj strani, savr\u0161en za diskretno spremanje kabela ili drugog pribora.Vertikalni poklopac pretinca koji se mo\u017ee podi\u0107i i zaklju\u010dati, omogu\u0107uje jednostavan i siguran pristup.","breadcrumb":{"@id":"https:\/\/inti.hr\/bs\/proizvod\/stol-za-kavu-24x60x60cm-2\/#breadcrumb"},"inLanguage":"bs-BA","potentialAction":[{"@type":"ReadAction","target":["https:\/\/inti.hr\/bs\/proizvod\/stol-za-kavu-24x60x60cm-2\/"]}]},{"@type":"ImageObject","inLanguage":"bs-BA","@id":"https:\/\/inti.hr\/bs\/proizvod\/stol-za-kavu-24x60x60cm-2\/#primaryimage","url":"https:\/\/i0.wp.com\/inti.hr\/wp-content\/uploads\/2025\/03\/FBT161-WN-S003_1800x1800.webp?fit=1600%2C1600&ssl=1","contentUrl":"https:\/\/i0.wp.com\/inti.hr\/wp-content\/uploads\/2025\/03\/FBT161-WN-S003_1800x1800.webp?fit=1600%2C1600&ssl=1","width":1600,"height":1600,"caption":"SoBuy Stol za kavu 24x60x60cm FBT161-WN"},{"@type":"BreadcrumbList","@id":"https:\/\/inti.hr\/bs\/proizvod\/stol-za-kavu-24x60x60cm-2\/#breadcrumb","itemListElement":[{"@type":"ListItem","position":1,"name":"Po\u010detna stranica","item":"https:\/\/inti.hr\/bs\/"},{"@type":"ListItem","position":2,"name":"Trgovina","item":"https:\/\/inti.hr\/bs\/trgovina\/"},{"@type":"ListItem","position":3,"name":"Stol za kavu 24x60x60cm"}]},{"@type":"WebSite","@id":"https:\/\/inti.hr\/bs\/#website","url":"https:\/\/inti.hr\/bs\/","name":"Inti","description":"trgovina","potentialAction":[{"@type":"SearchAction","target":{"@type":"EntryPoint","urlTemplate":"https:\/\/inti.hr\/bs\/?s={search_term_string}"},"query-input":{"@type":"PropertyValueSpecification","valueRequired":true,"valueName":"search_term_string"}}],"inLanguage":"bs-BA"}]}},"jetpack_sharing_enabled":true,"jetpack-related-posts":[],"_links":{"self":[{"href":"https:\/\/inti.hr\/bs\/wp-json\/wp\/v2\/product\/35619"}],"collection":[{"href":"https:\/\/inti.hr\/bs\/wp-json\/wp\/v2\/product"}],"about":[{"href":"https:\/\/inti.hr\/bs\/wp-json\/wp\/v2\/types\/product"}],"wp:featuredmedia":[{"embeddable":true,"href":"https:\/\/inti.hr\/bs\/wp-json\/wp\/v2\/media\/35620"}],"wp:attachment":[{"href":"https:\/\/inti.hr\/bs\/wp-json\/wp\/v2\/media?parent=35619"}],"wp:term":[{"taxonomy":"product_cat","embeddable":true,"href":"https:\/\/inti.hr\/bs\/wp-json\/wp\/v2\/product_cat?post=35619"},{"taxonomy":"product_tag","embeddable":true,"href":"https:\/\/inti.hr\/bs\/wp-json\/wp\/v2\/product_tag?post=35619"}],"curies":[{"name":"wp","href":"https:\/\/api.w.org\/{rel}","templated":true}]}}