{"id":35631,"date":"2025-03-04T14:41:07","date_gmt":"2025-03-04T13:41:07","guid":{"rendered":"https:\/\/inti.hr\/product\/djecja-polica-za-knjige-87x37x78cm\/"},"modified":"2025-03-04T14:41:07","modified_gmt":"2025-03-04T13:41:07","slug":"djecja-polica-za-knjige-87x37x78cm","status":"publish","type":"product","link":"https:\/\/inti.hr\/bs\/proizvod\/djecja-polica-za-knjige-87x37x78cm\/","title":{"rendered":"Dje\u010dja polica za knjige 87x37x78cm"},"content":{"rendered":"<p>Detalji proizvoda:<\/p>\n<p>Te\u017eina: oko 13,8 kg<br \/>\nTestirano za: 35 kg<br \/>\nMaterijal: MDF, PB, borovina<br \/>\nDimenzije proizvoda: 87x37x78 cm (vidi sliku)<br \/>\nDostava: u 1 paketu<br \/>\nDimenzije paketa: 97x43x12 cm<br \/>\nUz visinu od 78 cm, knjige se mogu lako sortirati i ukloniti.<\/p>\n","protected":false},"excerpt":{"rendered":"<p><span>Tra\u017eite li prikladno mjesto za svoje stado pli\u0161anih \u017eivotinja, \u017eelite li &#8230; <\/p>\n","protected":false},"featured_media":35632,"template":"","meta":[],"product_cat":[2408],"product_tag":[2410,4564],"yoast_head":"<!-- This site is optimized with the Yoast SEO plugin v23.7 - https:\/\/yoast.com\/wordpress\/plugins\/seo\/ -->\n<title>Dje\u010dja polica za knjige 87x37x78cm - Inti<\/title>\n<meta name=\"description\" content=\"Tra\u017eite li prikladno mjesto za svoje stado pli\u0161anih \u017eivotinja, \u017eelite li uvesti poseban odjeljak za Lego kockice ili \u017eelite svom djetetu omogu\u0107iti neovisan pristup omiljenim slikovnicama, ovu policu za knjige vrijedi razmotriti zbog svoje svestranosti.Dje\u010dja polica za knjige savr\u0161ena je za izlaganje omiljenih mekanih igra\u010daka, knjiga ili Lego konstrukcionih setova.Uz visinu od 78 cm, knjige se mogu lako sortirati i izvaditi, tako da nije potrebna pomo\u0107 odraslih.\" \/>\n<meta name=\"robots\" content=\"index, follow, max-snippet:-1, max-image-preview:large, max-video-preview:-1\" \/>\n<link rel=\"canonical\" href=\"https:\/\/inti.hr\/bs\/proizvod\/djecja-polica-za-knjige-87x37x78cm\/\" \/>\n<meta property=\"og:locale\" content=\"bs_BA\" \/>\n<meta property=\"og:type\" content=\"article\" \/>\n<meta property=\"og:title\" content=\"Dje\u010dja polica za knjige 87x37x78cm - Inti\" \/>\n<meta property=\"og:description\" content=\"Tra\u017eite li prikladno mjesto za svoje stado pli\u0161anih \u017eivotinja, \u017eelite li uvesti poseban odjeljak za Lego kockice ili \u017eelite svom djetetu omogu\u0107iti neovisan pristup omiljenim slikovnicama, ovu policu za knjige vrijedi razmotriti zbog svoje svestranosti.Dje\u010dja polica za knjige savr\u0161ena je za izlaganje omiljenih mekanih igra\u010daka, knjiga ili Lego konstrukcionih setova.Uz visinu od 78 cm, knjige se mogu lako sortirati i izvaditi, tako da nije potrebna pomo\u0107 odraslih.\" \/>\n<meta property=\"og:url\" content=\"https:\/\/inti.hr\/bs\/proizvod\/djecja-polica-za-knjige-87x37x78cm\/\" \/>\n<meta property=\"og:site_name\" content=\"Inti\" \/>\n<meta property=\"og:image\" content=\"https:\/\/i0.wp.com\/inti.hr\/wp-content\/uploads\/2025\/03\/KMB111-N-Y001_860x.webp?fit=860%2C860&ssl=1\" \/>\n\t<meta property=\"og:image:width\" content=\"860\" \/>\n\t<meta property=\"og:image:height\" content=\"860\" \/>\n\t<meta property=\"og:image:type\" content=\"image\/webp\" \/>\n<meta name=\"twitter:card\" content=\"summary_large_image\" \/>\n<script type=\"application\/ld+json\" class=\"yoast-schema-graph\">{\"@context\":\"https:\/\/schema.org\",\"@graph\":[{\"@type\":\"WebPage\",\"@id\":\"https:\/\/inti.hr\/bs\/proizvod\/djecja-polica-za-knjige-87x37x78cm\/\",\"url\":\"https:\/\/inti.hr\/bs\/proizvod\/djecja-polica-za-knjige-87x37x78cm\/\",\"name\":\"Dje\u010dja polica za knjige 87x37x78cm - Inti\",\"isPartOf\":{\"@id\":\"https:\/\/inti.hr\/bs\/#website\"},\"primaryImageOfPage\":{\"@id\":\"https:\/\/inti.hr\/bs\/proizvod\/djecja-polica-za-knjige-87x37x78cm\/#primaryimage\"},\"image\":{\"@id\":\"https:\/\/inti.hr\/bs\/proizvod\/djecja-polica-za-knjige-87x37x78cm\/#primaryimage\"},\"thumbnailUrl\":\"https:\/\/i0.wp.com\/inti.hr\/wp-content\/uploads\/2025\/03\/KMB111-N-Y001_860x.webp?fit=860%2C860&ssl=1\",\"datePublished\":\"2025-03-04T13:41:07+00:00\",\"dateModified\":\"2025-03-04T13:41:07+00:00\",\"description\":\"Tra\u017eite li prikladno mjesto za svoje stado pli\u0161anih \u017eivotinja, \u017eelite li uvesti poseban odjeljak za Lego kockice ili \u017eelite svom djetetu omogu\u0107iti neovisan pristup omiljenim slikovnicama, ovu policu za knjige vrijedi razmotriti zbog svoje svestranosti.Dje\u010dja polica za knjige savr\u0161ena je za izlaganje omiljenih mekanih igra\u010daka, knjiga ili Lego konstrukcionih setova.Uz visinu od 78 cm, knjige se mogu lako sortirati i izvaditi, tako da nije potrebna pomo\u0107 odraslih.\",\"breadcrumb\":{\"@id\":\"https:\/\/inti.hr\/bs\/proizvod\/djecja-polica-za-knjige-87x37x78cm\/#breadcrumb\"},\"inLanguage\":\"bs-BA\",\"potentialAction\":[{\"@type\":\"ReadAction\",\"target\":[\"https:\/\/inti.hr\/bs\/proizvod\/djecja-polica-za-knjige-87x37x78cm\/\"]}]},{\"@type\":\"ImageObject\",\"inLanguage\":\"bs-BA\",\"@id\":\"https:\/\/inti.hr\/bs\/proizvod\/djecja-polica-za-knjige-87x37x78cm\/#primaryimage\",\"url\":\"https:\/\/i0.wp.com\/inti.hr\/wp-content\/uploads\/2025\/03\/KMB111-N-Y001_860x.webp?fit=860%2C860&ssl=1\",\"contentUrl\":\"https:\/\/i0.wp.com\/inti.hr\/wp-content\/uploads\/2025\/03\/KMB111-N-Y001_860x.webp?fit=860%2C860&ssl=1\",\"width\":860,\"height\":860,\"caption\":\"SoBuy Dje\u010dja polica za knjige 87x37x78cm KMB111-N\"},{\"@type\":\"BreadcrumbList\",\"@id\":\"https:\/\/inti.hr\/bs\/proizvod\/djecja-polica-za-knjige-87x37x78cm\/#breadcrumb\",\"itemListElement\":[{\"@type\":\"ListItem\",\"position\":1,\"name\":\"Po\u010detna stranica\",\"item\":\"https:\/\/inti.hr\/bs\/\"},{\"@type\":\"ListItem\",\"position\":2,\"name\":\"Trgovina\",\"item\":\"https:\/\/inti.hr\/bs\/trgovina\/\"},{\"@type\":\"ListItem\",\"position\":3,\"name\":\"Dje\u010dja polica za knjige 87x37x78cm\"}]},{\"@type\":\"WebSite\",\"@id\":\"https:\/\/inti.hr\/bs\/#website\",\"url\":\"https:\/\/inti.hr\/bs\/\",\"name\":\"Inti\",\"description\":\"trgovina\",\"potentialAction\":[{\"@type\":\"SearchAction\",\"target\":{\"@type\":\"EntryPoint\",\"urlTemplate\":\"https:\/\/inti.hr\/bs\/?s={search_term_string}\"},\"query-input\":{\"@type\":\"PropertyValueSpecification\",\"valueRequired\":true,\"valueName\":\"search_term_string\"}}],\"inLanguage\":\"bs-BA\"}]}<\/script>\n<!-- \/ Yoast SEO plugin. -->","yoast_head_json":{"title":"Dje\u010dja polica za knjige 87x37x78cm - Inti","description":"Tra\u017eite li prikladno mjesto za svoje stado pli\u0161anih \u017eivotinja, \u017eelite li uvesti poseban odjeljak za Lego kockice ili \u017eelite svom djetetu omogu\u0107iti neovisan pristup omiljenim slikovnicama, ovu policu za knjige vrijedi razmotriti zbog svoje svestranosti.Dje\u010dja polica za knjige savr\u0161ena je za izlaganje omiljenih mekanih igra\u010daka, knjiga ili Lego konstrukcionih setova.Uz visinu od 78 cm, knjige se mogu lako sortirati i izvaditi, tako da nije potrebna pomo\u0107 odraslih.","robots":{"index":"index","follow":"follow","max-snippet":"max-snippet:-1","max-image-preview":"max-image-preview:large","max-video-preview":"max-video-preview:-1"},"canonical":"https:\/\/inti.hr\/bs\/proizvod\/djecja-polica-za-knjige-87x37x78cm\/","og_locale":"bs_BA","og_type":"article","og_title":"Dje\u010dja polica za knjige 87x37x78cm - Inti","og_description":"Tra\u017eite li prikladno mjesto za svoje stado pli\u0161anih \u017eivotinja, \u017eelite li uvesti poseban odjeljak za Lego kockice ili \u017eelite svom djetetu omogu\u0107iti neovisan pristup omiljenim slikovnicama, ovu policu za knjige vrijedi razmotriti zbog svoje svestranosti.Dje\u010dja polica za knjige savr\u0161ena je za izlaganje omiljenih mekanih igra\u010daka, knjiga ili Lego konstrukcionih setova.Uz visinu od 78 cm, knjige se mogu lako sortirati i izvaditi, tako da nije potrebna pomo\u0107 odraslih.","og_url":"https:\/\/inti.hr\/bs\/proizvod\/djecja-polica-za-knjige-87x37x78cm\/","og_site_name":"Inti","og_image":[{"width":860,"height":860,"url":"https:\/\/i0.wp.com\/inti.hr\/wp-content\/uploads\/2025\/03\/KMB111-N-Y001_860x.webp?fit=860%2C860&ssl=1","type":"image\/webp"}],"twitter_card":"summary_large_image","schema":{"@context":"https:\/\/schema.org","@graph":[{"@type":"WebPage","@id":"https:\/\/inti.hr\/bs\/proizvod\/djecja-polica-za-knjige-87x37x78cm\/","url":"https:\/\/inti.hr\/bs\/proizvod\/djecja-polica-za-knjige-87x37x78cm\/","name":"Dje\u010dja polica za knjige 87x37x78cm - Inti","isPartOf":{"@id":"https:\/\/inti.hr\/bs\/#website"},"primaryImageOfPage":{"@id":"https:\/\/inti.hr\/bs\/proizvod\/djecja-polica-za-knjige-87x37x78cm\/#primaryimage"},"image":{"@id":"https:\/\/inti.hr\/bs\/proizvod\/djecja-polica-za-knjige-87x37x78cm\/#primaryimage"},"thumbnailUrl":"https:\/\/i0.wp.com\/inti.hr\/wp-content\/uploads\/2025\/03\/KMB111-N-Y001_860x.webp?fit=860%2C860&ssl=1","datePublished":"2025-03-04T13:41:07+00:00","dateModified":"2025-03-04T13:41:07+00:00","description":"Tra\u017eite li prikladno mjesto za svoje stado pli\u0161anih \u017eivotinja, \u017eelite li uvesti poseban odjeljak za Lego kockice ili \u017eelite svom djetetu omogu\u0107iti neovisan pristup omiljenim slikovnicama, ovu policu za knjige vrijedi razmotriti zbog svoje svestranosti.Dje\u010dja polica za knjige savr\u0161ena je za izlaganje omiljenih mekanih igra\u010daka, knjiga ili Lego konstrukcionih setova.Uz visinu od 78 cm, knjige se mogu lako sortirati i izvaditi, tako da nije potrebna pomo\u0107 odraslih.","breadcrumb":{"@id":"https:\/\/inti.hr\/bs\/proizvod\/djecja-polica-za-knjige-87x37x78cm\/#breadcrumb"},"inLanguage":"bs-BA","potentialAction":[{"@type":"ReadAction","target":["https:\/\/inti.hr\/bs\/proizvod\/djecja-polica-za-knjige-87x37x78cm\/"]}]},{"@type":"ImageObject","inLanguage":"bs-BA","@id":"https:\/\/inti.hr\/bs\/proizvod\/djecja-polica-za-knjige-87x37x78cm\/#primaryimage","url":"https:\/\/i0.wp.com\/inti.hr\/wp-content\/uploads\/2025\/03\/KMB111-N-Y001_860x.webp?fit=860%2C860&ssl=1","contentUrl":"https:\/\/i0.wp.com\/inti.hr\/wp-content\/uploads\/2025\/03\/KMB111-N-Y001_860x.webp?fit=860%2C860&ssl=1","width":860,"height":860,"caption":"SoBuy Dje\u010dja polica za knjige 87x37x78cm KMB111-N"},{"@type":"BreadcrumbList","@id":"https:\/\/inti.hr\/bs\/proizvod\/djecja-polica-za-knjige-87x37x78cm\/#breadcrumb","itemListElement":[{"@type":"ListItem","position":1,"name":"Po\u010detna stranica","item":"https:\/\/inti.hr\/bs\/"},{"@type":"ListItem","position":2,"name":"Trgovina","item":"https:\/\/inti.hr\/bs\/trgovina\/"},{"@type":"ListItem","position":3,"name":"Dje\u010dja polica za knjige 87x37x78cm"}]},{"@type":"WebSite","@id":"https:\/\/inti.hr\/bs\/#website","url":"https:\/\/inti.hr\/bs\/","name":"Inti","description":"trgovina","potentialAction":[{"@type":"SearchAction","target":{"@type":"EntryPoint","urlTemplate":"https:\/\/inti.hr\/bs\/?s={search_term_string}"},"query-input":{"@type":"PropertyValueSpecification","valueRequired":true,"valueName":"search_term_string"}}],"inLanguage":"bs-BA"}]}},"jetpack_sharing_enabled":true,"jetpack-related-posts":[],"_links":{"self":[{"href":"https:\/\/inti.hr\/bs\/wp-json\/wp\/v2\/product\/35631"}],"collection":[{"href":"https:\/\/inti.hr\/bs\/wp-json\/wp\/v2\/product"}],"about":[{"href":"https:\/\/inti.hr\/bs\/wp-json\/wp\/v2\/types\/product"}],"wp:featuredmedia":[{"embeddable":true,"href":"https:\/\/inti.hr\/bs\/wp-json\/wp\/v2\/media\/35632"}],"wp:attachment":[{"href":"https:\/\/inti.hr\/bs\/wp-json\/wp\/v2\/media?parent=35631"}],"wp:term":[{"taxonomy":"product_cat","embeddable":true,"href":"https:\/\/inti.hr\/bs\/wp-json\/wp\/v2\/product_cat?post=35631"},{"taxonomy":"product_tag","embeddable":true,"href":"https:\/\/inti.hr\/bs\/wp-json\/wp\/v2\/product_tag?post=35631"}],"curies":[{"name":"wp","href":"https:\/\/api.w.org\/{rel}","templated":true}]}}