{"id":35643,"date":"2025-01-06T19:47:12","date_gmt":"2025-01-06T18:47:12","guid":{"rendered":"https:\/\/inti.hr\/product\/polica-za-knjige-s-3-ladice-razlicitih-velicina\/"},"modified":"2025-01-06T19:47:12","modified_gmt":"2025-01-06T18:47:12","slug":"polica-za-knjige-s-3-ladice-razlicitih-velicina","status":"publish","type":"product","link":"https:\/\/inti.hr\/bs\/proizvod\/polica-za-knjige-s-3-ladice-razlicitih-velicina\/","title":{"rendered":"Polica za knjige s 3 ladice razli\u010ditih veli\u010dina"},"content":{"rendered":"<ul>\n<li><b><span>Detalji proizvoda:<\/span><\/b><\/li>\n<li><span>Boja: snje\u017eno bijela<\/span><\/li>\n<li><span>Materijal: iverica<\/span><\/li>\n<li><span>Veli\u010dina: 30 x 57,1 x 180 cm (D x \u0160 x V)<\/span><\/li>\n<li><span>Te\u017eina: 30,6 kg<\/span><\/li>\n<li><span>Maksimalna stati\u010dka nosivost po odjeljku: 10 kg<\/span><\/li>\n<li><span>Maksimalna stati\u010dka nosivost po ladici: 5 kg<\/span><\/li>\n<li><span>Maksimalna stati\u010dka nosivost: 50 kg<\/span><\/li>\n<\/ul>\n","protected":false},"excerpt":{"rendered":"<p>Ova polica za knjige ima 3 ladice razli\u010dite veli\u010dine, a gornji &#8230; <\/p>\n","protected":false},"featured_media":35644,"template":"","meta":[],"product_cat":[2418],"product_tag":[2444,4568],"yoast_head":"<!-- This site is optimized with the Yoast SEO plugin v23.7 - https:\/\/yoast.com\/wordpress\/plugins\/seo\/ -->\n<title>Polica za knjige s 3 ladice razli\u010ditih veli\u010dina - Inti<\/title>\n<meta name=\"description\" content=\"Ova polica za knjige ima 3 ladice razli\u010dite veli\u010dine, a gornji pretinci opremljeni su s 2 police podesive visine i uklonjive, savr\u0161ene za spremanje raznih predmeta. Izra\u0111en od iverala debljine 1,5 cm, svaki odjeljak mo\u017ee primiti do 10 kg. S uklju\u010denom za\u0161titom od naginjanja, mo\u017eete pri\u010dvrstiti stoje\u0107u policu na zid za ve\u0107u stabilnost i sigurnost. Zahvaljuju\u0107i jasnim uputama i ozna\u010denim dijelovima, ova se polica mo\u017ee sastaviti u tren oka kako biste u\u0161tedjeli vrijeme i trud. Ovaj ormari\u0107 visok 180 cm mo\u017ee se koristiti i kao izlog, kuhinjski ormari\u0107, kupaonski ormari\u0107 ili polica u dnevnoj sobi. Elegantna bijela boja pristaje svakoj prostoriji i va\u0161em domu daje moderan \u0161tih. S dimenzijama od 30 x 57,1 x 180 cm, polica za odlaganje zahtijeva samo 0,17 m\u00b2 prostora i optimalno iskori\u0161tava prostor. Vi\u0161eslojne razine pru\u017eaju dovoljno prostora za va\u0161e predmete bez zauzimanja puno prostora.\u00a0\" \/>\n<meta name=\"robots\" content=\"index, follow, max-snippet:-1, max-image-preview:large, max-video-preview:-1\" \/>\n<link rel=\"canonical\" href=\"https:\/\/inti.hr\/bs\/proizvod\/polica-za-knjige-s-3-ladice-razlicitih-velicina\/\" \/>\n<meta property=\"og:locale\" content=\"bs_BA\" \/>\n<meta property=\"og:type\" content=\"article\" \/>\n<meta property=\"og:title\" content=\"Polica za knjige s 3 ladice razli\u010ditih veli\u010dina - Inti\" \/>\n<meta property=\"og:description\" content=\"Ova polica za knjige ima 3 ladice razli\u010dite veli\u010dine, a gornji pretinci opremljeni su s 2 police podesive visine i uklonjive, savr\u0161ene za spremanje raznih predmeta. Izra\u0111en od iverala debljine 1,5 cm, svaki odjeljak mo\u017ee primiti do 10 kg. S uklju\u010denom za\u0161titom od naginjanja, mo\u017eete pri\u010dvrstiti stoje\u0107u policu na zid za ve\u0107u stabilnost i sigurnost. Zahvaljuju\u0107i jasnim uputama i ozna\u010denim dijelovima, ova se polica mo\u017ee sastaviti u tren oka kako biste u\u0161tedjeli vrijeme i trud. Ovaj ormari\u0107 visok 180 cm mo\u017ee se koristiti i kao izlog, kuhinjski ormari\u0107, kupaonski ormari\u0107 ili polica u dnevnoj sobi. Elegantna bijela boja pristaje svakoj prostoriji i va\u0161em domu daje moderan \u0161tih. S dimenzijama od 30 x 57,1 x 180 cm, polica za odlaganje zahtijeva samo 0,17 m\u00b2 prostora i optimalno iskori\u0161tava prostor. Vi\u0161eslojne razine pru\u017eaju dovoljno prostora za va\u0161e predmete bez zauzimanja puno prostora.\u00a0\" \/>\n<meta property=\"og:url\" content=\"https:\/\/inti.hr\/bs\/proizvod\/polica-za-knjige-s-3-ladice-razlicitih-velicina\/\" \/>\n<meta property=\"og:site_name\" content=\"Inti\" \/>\n<meta property=\"og:image\" content=\"https:\/\/i0.wp.com\/inti.hr\/wp-content\/uploads\/2025\/01\/LBC188W01-1.jpg?fit=1000%2C1000&ssl=1\" \/>\n\t<meta property=\"og:image:width\" content=\"1000\" \/>\n\t<meta property=\"og:image:height\" content=\"1000\" \/>\n\t<meta property=\"og:image:type\" content=\"image\/jpeg\" \/>\n<meta name=\"twitter:card\" content=\"summary_large_image\" \/>\n<script type=\"application\/ld+json\" class=\"yoast-schema-graph\">{\"@context\":\"https:\/\/schema.org\",\"@graph\":[{\"@type\":\"WebPage\",\"@id\":\"https:\/\/inti.hr\/bs\/proizvod\/polica-za-knjige-s-3-ladice-razlicitih-velicina\/\",\"url\":\"https:\/\/inti.hr\/bs\/proizvod\/polica-za-knjige-s-3-ladice-razlicitih-velicina\/\",\"name\":\"Polica za knjige s 3 ladice razli\u010ditih veli\u010dina - Inti\",\"isPartOf\":{\"@id\":\"https:\/\/inti.hr\/bs\/#website\"},\"primaryImageOfPage\":{\"@id\":\"https:\/\/inti.hr\/bs\/proizvod\/polica-za-knjige-s-3-ladice-razlicitih-velicina\/#primaryimage\"},\"image\":{\"@id\":\"https:\/\/inti.hr\/bs\/proizvod\/polica-za-knjige-s-3-ladice-razlicitih-velicina\/#primaryimage\"},\"thumbnailUrl\":\"https:\/\/i0.wp.com\/inti.hr\/wp-content\/uploads\/2025\/01\/LBC188W01-1.jpg?fit=1000%2C1000&ssl=1\",\"datePublished\":\"2025-01-06T18:47:12+00:00\",\"dateModified\":\"2025-01-06T18:47:12+00:00\",\"description\":\"Ova polica za knjige ima 3 ladice razli\u010dite veli\u010dine, a gornji pretinci opremljeni su s 2 police podesive visine i uklonjive, savr\u0161ene za spremanje raznih predmeta. Izra\u0111en od iverala debljine 1,5 cm, svaki odjeljak mo\u017ee primiti do 10 kg. S uklju\u010denom za\u0161titom od naginjanja, mo\u017eete pri\u010dvrstiti stoje\u0107u policu na zid za ve\u0107u stabilnost i sigurnost. Zahvaljuju\u0107i jasnim uputama i ozna\u010denim dijelovima, ova se polica mo\u017ee sastaviti u tren oka kako biste u\u0161tedjeli vrijeme i trud. Ovaj ormari\u0107 visok 180 cm mo\u017ee se koristiti i kao izlog, kuhinjski ormari\u0107, kupaonski ormari\u0107 ili polica u dnevnoj sobi. Elegantna bijela boja pristaje svakoj prostoriji i va\u0161em domu daje moderan \u0161tih. S dimenzijama od 30 x 57,1 x 180 cm, polica za odlaganje zahtijeva samo 0,17 m\u00b2 prostora i optimalno iskori\u0161tava prostor. Vi\u0161eslojne razine pru\u017eaju dovoljno prostora za va\u0161e predmete bez zauzimanja puno prostora.\u00a0\",\"breadcrumb\":{\"@id\":\"https:\/\/inti.hr\/bs\/proizvod\/polica-za-knjige-s-3-ladice-razlicitih-velicina\/#breadcrumb\"},\"inLanguage\":\"bs-BA\",\"potentialAction\":[{\"@type\":\"ReadAction\",\"target\":[\"https:\/\/inti.hr\/bs\/proizvod\/polica-za-knjige-s-3-ladice-razlicitih-velicina\/\"]}]},{\"@type\":\"ImageObject\",\"inLanguage\":\"bs-BA\",\"@id\":\"https:\/\/inti.hr\/bs\/proizvod\/polica-za-knjige-s-3-ladice-razlicitih-velicina\/#primaryimage\",\"url\":\"https:\/\/i0.wp.com\/inti.hr\/wp-content\/uploads\/2025\/01\/LBC188W01-1.jpg?fit=1000%2C1000&ssl=1\",\"contentUrl\":\"https:\/\/i0.wp.com\/inti.hr\/wp-content\/uploads\/2025\/01\/LBC188W01-1.jpg?fit=1000%2C1000&ssl=1\",\"width\":1000,\"height\":1000,\"caption\":\"VASAGLE polica za knjige s 3 ladice razli\u010ditih veli\u010dina snje\u017eno bijel\"},{\"@type\":\"BreadcrumbList\",\"@id\":\"https:\/\/inti.hr\/bs\/proizvod\/polica-za-knjige-s-3-ladice-razlicitih-velicina\/#breadcrumb\",\"itemListElement\":[{\"@type\":\"ListItem\",\"position\":1,\"name\":\"Po\u010detna stranica\",\"item\":\"https:\/\/inti.hr\/bs\/\"},{\"@type\":\"ListItem\",\"position\":2,\"name\":\"Trgovina\",\"item\":\"https:\/\/inti.hr\/bs\/trgovina\/\"},{\"@type\":\"ListItem\",\"position\":3,\"name\":\"Polica za knjige s 3 ladice razli\u010ditih veli\u010dina\"}]},{\"@type\":\"WebSite\",\"@id\":\"https:\/\/inti.hr\/bs\/#website\",\"url\":\"https:\/\/inti.hr\/bs\/\",\"name\":\"Inti\",\"description\":\"trgovina\",\"potentialAction\":[{\"@type\":\"SearchAction\",\"target\":{\"@type\":\"EntryPoint\",\"urlTemplate\":\"https:\/\/inti.hr\/bs\/?s={search_term_string}\"},\"query-input\":{\"@type\":\"PropertyValueSpecification\",\"valueRequired\":true,\"valueName\":\"search_term_string\"}}],\"inLanguage\":\"bs-BA\"}]}<\/script>\n<!-- \/ Yoast SEO plugin. -->","yoast_head_json":{"title":"Polica za knjige s 3 ladice razli\u010ditih veli\u010dina - Inti","description":"Ova polica za knjige ima 3 ladice razli\u010dite veli\u010dine, a gornji pretinci opremljeni su s 2 police podesive visine i uklonjive, savr\u0161ene za spremanje raznih predmeta. Izra\u0111en od iverala debljine 1,5 cm, svaki odjeljak mo\u017ee primiti do 10 kg. S uklju\u010denom za\u0161titom od naginjanja, mo\u017eete pri\u010dvrstiti stoje\u0107u policu na zid za ve\u0107u stabilnost i sigurnost. Zahvaljuju\u0107i jasnim uputama i ozna\u010denim dijelovima, ova se polica mo\u017ee sastaviti u tren oka kako biste u\u0161tedjeli vrijeme i trud. Ovaj ormari\u0107 visok 180 cm mo\u017ee se koristiti i kao izlog, kuhinjski ormari\u0107, kupaonski ormari\u0107 ili polica u dnevnoj sobi. Elegantna bijela boja pristaje svakoj prostoriji i va\u0161em domu daje moderan \u0161tih. S dimenzijama od 30 x 57,1 x 180 cm, polica za odlaganje zahtijeva samo 0,17 m\u00b2 prostora i optimalno iskori\u0161tava prostor. Vi\u0161eslojne razine pru\u017eaju dovoljno prostora za va\u0161e predmete bez zauzimanja puno prostora.\u00a0","robots":{"index":"index","follow":"follow","max-snippet":"max-snippet:-1","max-image-preview":"max-image-preview:large","max-video-preview":"max-video-preview:-1"},"canonical":"https:\/\/inti.hr\/bs\/proizvod\/polica-za-knjige-s-3-ladice-razlicitih-velicina\/","og_locale":"bs_BA","og_type":"article","og_title":"Polica za knjige s 3 ladice razli\u010ditih veli\u010dina - Inti","og_description":"Ova polica za knjige ima 3 ladice razli\u010dite veli\u010dine, a gornji pretinci opremljeni su s 2 police podesive visine i uklonjive, savr\u0161ene za spremanje raznih predmeta. Izra\u0111en od iverala debljine 1,5 cm, svaki odjeljak mo\u017ee primiti do 10 kg. S uklju\u010denom za\u0161titom od naginjanja, mo\u017eete pri\u010dvrstiti stoje\u0107u policu na zid za ve\u0107u stabilnost i sigurnost. Zahvaljuju\u0107i jasnim uputama i ozna\u010denim dijelovima, ova se polica mo\u017ee sastaviti u tren oka kako biste u\u0161tedjeli vrijeme i trud. Ovaj ormari\u0107 visok 180 cm mo\u017ee se koristiti i kao izlog, kuhinjski ormari\u0107, kupaonski ormari\u0107 ili polica u dnevnoj sobi. Elegantna bijela boja pristaje svakoj prostoriji i va\u0161em domu daje moderan \u0161tih. S dimenzijama od 30 x 57,1 x 180 cm, polica za odlaganje zahtijeva samo 0,17 m\u00b2 prostora i optimalno iskori\u0161tava prostor. Vi\u0161eslojne razine pru\u017eaju dovoljno prostora za va\u0161e predmete bez zauzimanja puno prostora.\u00a0","og_url":"https:\/\/inti.hr\/bs\/proizvod\/polica-za-knjige-s-3-ladice-razlicitih-velicina\/","og_site_name":"Inti","og_image":[{"width":1000,"height":1000,"url":"https:\/\/i0.wp.com\/inti.hr\/wp-content\/uploads\/2025\/01\/LBC188W01-1.jpg?fit=1000%2C1000&ssl=1","type":"image\/jpeg"}],"twitter_card":"summary_large_image","schema":{"@context":"https:\/\/schema.org","@graph":[{"@type":"WebPage","@id":"https:\/\/inti.hr\/bs\/proizvod\/polica-za-knjige-s-3-ladice-razlicitih-velicina\/","url":"https:\/\/inti.hr\/bs\/proizvod\/polica-za-knjige-s-3-ladice-razlicitih-velicina\/","name":"Polica za knjige s 3 ladice razli\u010ditih veli\u010dina - Inti","isPartOf":{"@id":"https:\/\/inti.hr\/bs\/#website"},"primaryImageOfPage":{"@id":"https:\/\/inti.hr\/bs\/proizvod\/polica-za-knjige-s-3-ladice-razlicitih-velicina\/#primaryimage"},"image":{"@id":"https:\/\/inti.hr\/bs\/proizvod\/polica-za-knjige-s-3-ladice-razlicitih-velicina\/#primaryimage"},"thumbnailUrl":"https:\/\/i0.wp.com\/inti.hr\/wp-content\/uploads\/2025\/01\/LBC188W01-1.jpg?fit=1000%2C1000&ssl=1","datePublished":"2025-01-06T18:47:12+00:00","dateModified":"2025-01-06T18:47:12+00:00","description":"Ova polica za knjige ima 3 ladice razli\u010dite veli\u010dine, a gornji pretinci opremljeni su s 2 police podesive visine i uklonjive, savr\u0161ene za spremanje raznih predmeta. Izra\u0111en od iverala debljine 1,5 cm, svaki odjeljak mo\u017ee primiti do 10 kg. S uklju\u010denom za\u0161titom od naginjanja, mo\u017eete pri\u010dvrstiti stoje\u0107u policu na zid za ve\u0107u stabilnost i sigurnost. Zahvaljuju\u0107i jasnim uputama i ozna\u010denim dijelovima, ova se polica mo\u017ee sastaviti u tren oka kako biste u\u0161tedjeli vrijeme i trud. Ovaj ormari\u0107 visok 180 cm mo\u017ee se koristiti i kao izlog, kuhinjski ormari\u0107, kupaonski ormari\u0107 ili polica u dnevnoj sobi. Elegantna bijela boja pristaje svakoj prostoriji i va\u0161em domu daje moderan \u0161tih. S dimenzijama od 30 x 57,1 x 180 cm, polica za odlaganje zahtijeva samo 0,17 m\u00b2 prostora i optimalno iskori\u0161tava prostor. Vi\u0161eslojne razine pru\u017eaju dovoljno prostora za va\u0161e predmete bez zauzimanja puno prostora.\u00a0","breadcrumb":{"@id":"https:\/\/inti.hr\/bs\/proizvod\/polica-za-knjige-s-3-ladice-razlicitih-velicina\/#breadcrumb"},"inLanguage":"bs-BA","potentialAction":[{"@type":"ReadAction","target":["https:\/\/inti.hr\/bs\/proizvod\/polica-za-knjige-s-3-ladice-razlicitih-velicina\/"]}]},{"@type":"ImageObject","inLanguage":"bs-BA","@id":"https:\/\/inti.hr\/bs\/proizvod\/polica-za-knjige-s-3-ladice-razlicitih-velicina\/#primaryimage","url":"https:\/\/i0.wp.com\/inti.hr\/wp-content\/uploads\/2025\/01\/LBC188W01-1.jpg?fit=1000%2C1000&ssl=1","contentUrl":"https:\/\/i0.wp.com\/inti.hr\/wp-content\/uploads\/2025\/01\/LBC188W01-1.jpg?fit=1000%2C1000&ssl=1","width":1000,"height":1000,"caption":"VASAGLE polica za knjige s 3 ladice razli\u010ditih veli\u010dina snje\u017eno bijel"},{"@type":"BreadcrumbList","@id":"https:\/\/inti.hr\/bs\/proizvod\/polica-za-knjige-s-3-ladice-razlicitih-velicina\/#breadcrumb","itemListElement":[{"@type":"ListItem","position":1,"name":"Po\u010detna stranica","item":"https:\/\/inti.hr\/bs\/"},{"@type":"ListItem","position":2,"name":"Trgovina","item":"https:\/\/inti.hr\/bs\/trgovina\/"},{"@type":"ListItem","position":3,"name":"Polica za knjige s 3 ladice razli\u010ditih veli\u010dina"}]},{"@type":"WebSite","@id":"https:\/\/inti.hr\/bs\/#website","url":"https:\/\/inti.hr\/bs\/","name":"Inti","description":"trgovina","potentialAction":[{"@type":"SearchAction","target":{"@type":"EntryPoint","urlTemplate":"https:\/\/inti.hr\/bs\/?s={search_term_string}"},"query-input":{"@type":"PropertyValueSpecification","valueRequired":true,"valueName":"search_term_string"}}],"inLanguage":"bs-BA"}]}},"jetpack_sharing_enabled":true,"jetpack-related-posts":[],"_links":{"self":[{"href":"https:\/\/inti.hr\/bs\/wp-json\/wp\/v2\/product\/35643"}],"collection":[{"href":"https:\/\/inti.hr\/bs\/wp-json\/wp\/v2\/product"}],"about":[{"href":"https:\/\/inti.hr\/bs\/wp-json\/wp\/v2\/types\/product"}],"wp:featuredmedia":[{"embeddable":true,"href":"https:\/\/inti.hr\/bs\/wp-json\/wp\/v2\/media\/35644"}],"wp:attachment":[{"href":"https:\/\/inti.hr\/bs\/wp-json\/wp\/v2\/media?parent=35643"}],"wp:term":[{"taxonomy":"product_cat","embeddable":true,"href":"https:\/\/inti.hr\/bs\/wp-json\/wp\/v2\/product_cat?post=35643"},{"taxonomy":"product_tag","embeddable":true,"href":"https:\/\/inti.hr\/bs\/wp-json\/wp\/v2\/product_tag?post=35643"}],"curies":[{"name":"wp","href":"https:\/\/api.w.org\/{rel}","templated":true}]}}