{"id":35651,"date":"2025-01-03T15:10:28","date_gmt":"2025-01-03T14:10:28","guid":{"rendered":"https:\/\/inti.hr\/product\/komoda-s-vratima-u-izgledu-ratana-hrast-bez\/"},"modified":"2025-01-03T15:10:28","modified_gmt":"2025-01-03T14:10:28","slug":"komoda-s-vratima-u-izgledu-ratana-hrast-bez","status":"publish","type":"product","link":"https:\/\/inti.hr\/bs\/proizvod\/komoda-s-vratima-u-izgledu-ratana-hrast-bez\/","title":{"rendered":"Komoda s vratima u izgledu ratana, hrast be\u017e"},"content":{"rendered":"<p>Detalji proizvoda:<br \/>\nBoja: hrast be\u017e<br \/>\nMaterijal: Noge od punog drva, MDF (plo\u010da od vlakana srednje gusto\u0107e), iverica, PVC plastika (polivinil klorid)<br \/>\nVeli\u010dina: 40 x 70 x 90 cm (D x \u0160 x V)<br \/>\nTe\u017eina: 23,8 kg<br \/>\nMaksimalna stati\u010dka nosivost pokrovne plo\u010de: 54,4 kg<br \/>\nMaksimalna stati\u010dka nosivost svake ladice: 10 kg<br \/>\nMaksimalna stati\u010dka nosivost podesive police: 31,8 kg<\/p>\n","protected":false},"excerpt":{"rendered":"<p>Ovaj ormari\u0107 dolazi u prirodnoj boji, noge od punog drva, pleterstvo &#8230; <\/p>\n","protected":false},"featured_media":35652,"template":"","meta":[],"product_cat":[2418],"product_tag":[2444,3062],"yoast_head":"<!-- This site is optimized with the Yoast SEO plugin v23.7 - https:\/\/yoast.com\/wordpress\/plugins\/seo\/ -->\n<title>Komoda s vratima u izgledu ratana, hrast be\u017e - Inti<\/title>\n<meta name=\"description\" content=\"Ovaj ormari\u0107 dolazi u prirodnoj boji, noge od punog drva, pleterstvo - poma\u017ee vam stvoriti svoju oazu mira i opustiti duh i tijelo. Bilo kao kafi\u0107 u dnevnom boravku, kao kuhinjski ormari\u0107 u blagovaonici, kao ormari\u0107 u hodniku ili kao ormari\u0107 za odlaganje stvari u spava\u0107oj sobi - ovaj komad namje\u0161taja bez napora unosi stil i red u svako okru\u017eenje. 15 cm visoke noge komode \u010dine usisavanje ispod bez napora. Sastavljanje je jednostavno zahvaljuju\u0107i jasnim uputama i ozna\u010denim dijelovima, a dodatnu sigurnost pru\u017ea uklju\u010dena za\u0161tita vrha. S ovom komodom mo\u017eete stvoriti organiziran dom. Poklopac vas poziva da izlo\u017eite svoje ukrase, 2 ladice nude lak pristup, ve\u0107e predmete mo\u017eete spremiti iza vrata ormari\u0107a. Iza vrata nalazi se podesiva polica na koju se mogu smjestiti posude razli\u010ditih veli\u010dina. 2 rupe za kabele osiguravaju u\u010dinkovito upravljanje kabelima i uredan izgled.\" \/>\n<meta name=\"robots\" content=\"index, follow, max-snippet:-1, max-image-preview:large, max-video-preview:-1\" \/>\n<link rel=\"canonical\" href=\"https:\/\/inti.hr\/bs\/proizvod\/komoda-s-vratima-u-izgledu-ratana-hrast-bez\/\" \/>\n<meta property=\"og:locale\" content=\"bs_BA\" \/>\n<meta property=\"og:type\" content=\"article\" \/>\n<meta property=\"og:title\" content=\"Komoda s vratima u izgledu ratana, hrast be\u017e - Inti\" \/>\n<meta property=\"og:description\" content=\"Ovaj ormari\u0107 dolazi u prirodnoj boji, noge od punog drva, pleterstvo - poma\u017ee vam stvoriti svoju oazu mira i opustiti duh i tijelo. Bilo kao kafi\u0107 u dnevnom boravku, kao kuhinjski ormari\u0107 u blagovaonici, kao ormari\u0107 u hodniku ili kao ormari\u0107 za odlaganje stvari u spava\u0107oj sobi - ovaj komad namje\u0161taja bez napora unosi stil i red u svako okru\u017eenje. 15 cm visoke noge komode \u010dine usisavanje ispod bez napora. Sastavljanje je jednostavno zahvaljuju\u0107i jasnim uputama i ozna\u010denim dijelovima, a dodatnu sigurnost pru\u017ea uklju\u010dena za\u0161tita vrha. S ovom komodom mo\u017eete stvoriti organiziran dom. Poklopac vas poziva da izlo\u017eite svoje ukrase, 2 ladice nude lak pristup, ve\u0107e predmete mo\u017eete spremiti iza vrata ormari\u0107a. Iza vrata nalazi se podesiva polica na koju se mogu smjestiti posude razli\u010ditih veli\u010dina. 2 rupe za kabele osiguravaju u\u010dinkovito upravljanje kabelima i uredan izgled.\" \/>\n<meta property=\"og:url\" content=\"https:\/\/inti.hr\/bs\/proizvod\/komoda-s-vratima-u-izgledu-ratana-hrast-bez\/\" \/>\n<meta property=\"og:site_name\" content=\"Inti\" \/>\n<meta property=\"og:image\" content=\"https:\/\/i0.wp.com\/inti.hr\/wp-content\/uploads\/2025\/01\/BBK343Y01-1.jpg?fit=1000%2C1000&ssl=1\" \/>\n\t<meta property=\"og:image:width\" content=\"1000\" \/>\n\t<meta property=\"og:image:height\" content=\"1000\" \/>\n\t<meta property=\"og:image:type\" content=\"image\/jpeg\" \/>\n<meta name=\"twitter:card\" content=\"summary_large_image\" \/>\n<script type=\"application\/ld+json\" class=\"yoast-schema-graph\">{\"@context\":\"https:\/\/schema.org\",\"@graph\":[{\"@type\":\"WebPage\",\"@id\":\"https:\/\/inti.hr\/bs\/proizvod\/komoda-s-vratima-u-izgledu-ratana-hrast-bez\/\",\"url\":\"https:\/\/inti.hr\/bs\/proizvod\/komoda-s-vratima-u-izgledu-ratana-hrast-bez\/\",\"name\":\"Komoda s vratima u izgledu ratana, hrast be\u017e - Inti\",\"isPartOf\":{\"@id\":\"https:\/\/inti.hr\/bs\/#website\"},\"primaryImageOfPage\":{\"@id\":\"https:\/\/inti.hr\/bs\/proizvod\/komoda-s-vratima-u-izgledu-ratana-hrast-bez\/#primaryimage\"},\"image\":{\"@id\":\"https:\/\/inti.hr\/bs\/proizvod\/komoda-s-vratima-u-izgledu-ratana-hrast-bez\/#primaryimage\"},\"thumbnailUrl\":\"https:\/\/i0.wp.com\/inti.hr\/wp-content\/uploads\/2025\/01\/BBK343Y01-1.jpg?fit=1000%2C1000&ssl=1\",\"datePublished\":\"2025-01-03T14:10:28+00:00\",\"dateModified\":\"2025-01-03T14:10:28+00:00\",\"description\":\"Ovaj ormari\u0107 dolazi u prirodnoj boji, noge od punog drva, pleterstvo - poma\u017ee vam stvoriti svoju oazu mira i opustiti duh i tijelo. Bilo kao kafi\u0107 u dnevnom boravku, kao kuhinjski ormari\u0107 u blagovaonici, kao ormari\u0107 u hodniku ili kao ormari\u0107 za odlaganje stvari u spava\u0107oj sobi - ovaj komad namje\u0161taja bez napora unosi stil i red u svako okru\u017eenje. 15 cm visoke noge komode \u010dine usisavanje ispod bez napora. Sastavljanje je jednostavno zahvaljuju\u0107i jasnim uputama i ozna\u010denim dijelovima, a dodatnu sigurnost pru\u017ea uklju\u010dena za\u0161tita vrha. S ovom komodom mo\u017eete stvoriti organiziran dom. Poklopac vas poziva da izlo\u017eite svoje ukrase, 2 ladice nude lak pristup, ve\u0107e predmete mo\u017eete spremiti iza vrata ormari\u0107a. Iza vrata nalazi se podesiva polica na koju se mogu smjestiti posude razli\u010ditih veli\u010dina. 2 rupe za kabele osiguravaju u\u010dinkovito upravljanje kabelima i uredan izgled.\",\"breadcrumb\":{\"@id\":\"https:\/\/inti.hr\/bs\/proizvod\/komoda-s-vratima-u-izgledu-ratana-hrast-bez\/#breadcrumb\"},\"inLanguage\":\"bs-BA\",\"potentialAction\":[{\"@type\":\"ReadAction\",\"target\":[\"https:\/\/inti.hr\/bs\/proizvod\/komoda-s-vratima-u-izgledu-ratana-hrast-bez\/\"]}]},{\"@type\":\"ImageObject\",\"inLanguage\":\"bs-BA\",\"@id\":\"https:\/\/inti.hr\/bs\/proizvod\/komoda-s-vratima-u-izgledu-ratana-hrast-bez\/#primaryimage\",\"url\":\"https:\/\/i0.wp.com\/inti.hr\/wp-content\/uploads\/2025\/01\/BBK343Y01-1.jpg?fit=1000%2C1000&ssl=1\",\"contentUrl\":\"https:\/\/i0.wp.com\/inti.hr\/wp-content\/uploads\/2025\/01\/BBK343Y01-1.jpg?fit=1000%2C1000&ssl=1\",\"width\":1000,\"height\":1000,\"caption\":\"SONGMICS BOHOVEN kolekcija Komoda s vratima u izgledu ratana, hrast be\u017e\"},{\"@type\":\"BreadcrumbList\",\"@id\":\"https:\/\/inti.hr\/bs\/proizvod\/komoda-s-vratima-u-izgledu-ratana-hrast-bez\/#breadcrumb\",\"itemListElement\":[{\"@type\":\"ListItem\",\"position\":1,\"name\":\"Po\u010detna stranica\",\"item\":\"https:\/\/inti.hr\/bs\/\"},{\"@type\":\"ListItem\",\"position\":2,\"name\":\"Trgovina\",\"item\":\"https:\/\/inti.hr\/bs\/trgovina\/\"},{\"@type\":\"ListItem\",\"position\":3,\"name\":\"Komoda s vratima u izgledu ratana, hrast be\u017e\"}]},{\"@type\":\"WebSite\",\"@id\":\"https:\/\/inti.hr\/bs\/#website\",\"url\":\"https:\/\/inti.hr\/bs\/\",\"name\":\"Inti\",\"description\":\"trgovina\",\"potentialAction\":[{\"@type\":\"SearchAction\",\"target\":{\"@type\":\"EntryPoint\",\"urlTemplate\":\"https:\/\/inti.hr\/bs\/?s={search_term_string}\"},\"query-input\":{\"@type\":\"PropertyValueSpecification\",\"valueRequired\":true,\"valueName\":\"search_term_string\"}}],\"inLanguage\":\"bs-BA\"}]}<\/script>\n<!-- \/ Yoast SEO plugin. -->","yoast_head_json":{"title":"Komoda s vratima u izgledu ratana, hrast be\u017e - Inti","description":"Ovaj ormari\u0107 dolazi u prirodnoj boji, noge od punog drva, pleterstvo - poma\u017ee vam stvoriti svoju oazu mira i opustiti duh i tijelo. Bilo kao kafi\u0107 u dnevnom boravku, kao kuhinjski ormari\u0107 u blagovaonici, kao ormari\u0107 u hodniku ili kao ormari\u0107 za odlaganje stvari u spava\u0107oj sobi - ovaj komad namje\u0161taja bez napora unosi stil i red u svako okru\u017eenje. 15 cm visoke noge komode \u010dine usisavanje ispod bez napora. Sastavljanje je jednostavno zahvaljuju\u0107i jasnim uputama i ozna\u010denim dijelovima, a dodatnu sigurnost pru\u017ea uklju\u010dena za\u0161tita vrha. S ovom komodom mo\u017eete stvoriti organiziran dom. Poklopac vas poziva da izlo\u017eite svoje ukrase, 2 ladice nude lak pristup, ve\u0107e predmete mo\u017eete spremiti iza vrata ormari\u0107a. Iza vrata nalazi se podesiva polica na koju se mogu smjestiti posude razli\u010ditih veli\u010dina. 2 rupe za kabele osiguravaju u\u010dinkovito upravljanje kabelima i uredan izgled.","robots":{"index":"index","follow":"follow","max-snippet":"max-snippet:-1","max-image-preview":"max-image-preview:large","max-video-preview":"max-video-preview:-1"},"canonical":"https:\/\/inti.hr\/bs\/proizvod\/komoda-s-vratima-u-izgledu-ratana-hrast-bez\/","og_locale":"bs_BA","og_type":"article","og_title":"Komoda s vratima u izgledu ratana, hrast be\u017e - Inti","og_description":"Ovaj ormari\u0107 dolazi u prirodnoj boji, noge od punog drva, pleterstvo - poma\u017ee vam stvoriti svoju oazu mira i opustiti duh i tijelo. Bilo kao kafi\u0107 u dnevnom boravku, kao kuhinjski ormari\u0107 u blagovaonici, kao ormari\u0107 u hodniku ili kao ormari\u0107 za odlaganje stvari u spava\u0107oj sobi - ovaj komad namje\u0161taja bez napora unosi stil i red u svako okru\u017eenje. 15 cm visoke noge komode \u010dine usisavanje ispod bez napora. Sastavljanje je jednostavno zahvaljuju\u0107i jasnim uputama i ozna\u010denim dijelovima, a dodatnu sigurnost pru\u017ea uklju\u010dena za\u0161tita vrha. S ovom komodom mo\u017eete stvoriti organiziran dom. Poklopac vas poziva da izlo\u017eite svoje ukrase, 2 ladice nude lak pristup, ve\u0107e predmete mo\u017eete spremiti iza vrata ormari\u0107a. Iza vrata nalazi se podesiva polica na koju se mogu smjestiti posude razli\u010ditih veli\u010dina. 2 rupe za kabele osiguravaju u\u010dinkovito upravljanje kabelima i uredan izgled.","og_url":"https:\/\/inti.hr\/bs\/proizvod\/komoda-s-vratima-u-izgledu-ratana-hrast-bez\/","og_site_name":"Inti","og_image":[{"width":1000,"height":1000,"url":"https:\/\/i0.wp.com\/inti.hr\/wp-content\/uploads\/2025\/01\/BBK343Y01-1.jpg?fit=1000%2C1000&ssl=1","type":"image\/jpeg"}],"twitter_card":"summary_large_image","schema":{"@context":"https:\/\/schema.org","@graph":[{"@type":"WebPage","@id":"https:\/\/inti.hr\/bs\/proizvod\/komoda-s-vratima-u-izgledu-ratana-hrast-bez\/","url":"https:\/\/inti.hr\/bs\/proizvod\/komoda-s-vratima-u-izgledu-ratana-hrast-bez\/","name":"Komoda s vratima u izgledu ratana, hrast be\u017e - Inti","isPartOf":{"@id":"https:\/\/inti.hr\/bs\/#website"},"primaryImageOfPage":{"@id":"https:\/\/inti.hr\/bs\/proizvod\/komoda-s-vratima-u-izgledu-ratana-hrast-bez\/#primaryimage"},"image":{"@id":"https:\/\/inti.hr\/bs\/proizvod\/komoda-s-vratima-u-izgledu-ratana-hrast-bez\/#primaryimage"},"thumbnailUrl":"https:\/\/i0.wp.com\/inti.hr\/wp-content\/uploads\/2025\/01\/BBK343Y01-1.jpg?fit=1000%2C1000&ssl=1","datePublished":"2025-01-03T14:10:28+00:00","dateModified":"2025-01-03T14:10:28+00:00","description":"Ovaj ormari\u0107 dolazi u prirodnoj boji, noge od punog drva, pleterstvo - poma\u017ee vam stvoriti svoju oazu mira i opustiti duh i tijelo. Bilo kao kafi\u0107 u dnevnom boravku, kao kuhinjski ormari\u0107 u blagovaonici, kao ormari\u0107 u hodniku ili kao ormari\u0107 za odlaganje stvari u spava\u0107oj sobi - ovaj komad namje\u0161taja bez napora unosi stil i red u svako okru\u017eenje. 15 cm visoke noge komode \u010dine usisavanje ispod bez napora. Sastavljanje je jednostavno zahvaljuju\u0107i jasnim uputama i ozna\u010denim dijelovima, a dodatnu sigurnost pru\u017ea uklju\u010dena za\u0161tita vrha. S ovom komodom mo\u017eete stvoriti organiziran dom. Poklopac vas poziva da izlo\u017eite svoje ukrase, 2 ladice nude lak pristup, ve\u0107e predmete mo\u017eete spremiti iza vrata ormari\u0107a. Iza vrata nalazi se podesiva polica na koju se mogu smjestiti posude razli\u010ditih veli\u010dina. 2 rupe za kabele osiguravaju u\u010dinkovito upravljanje kabelima i uredan izgled.","breadcrumb":{"@id":"https:\/\/inti.hr\/bs\/proizvod\/komoda-s-vratima-u-izgledu-ratana-hrast-bez\/#breadcrumb"},"inLanguage":"bs-BA","potentialAction":[{"@type":"ReadAction","target":["https:\/\/inti.hr\/bs\/proizvod\/komoda-s-vratima-u-izgledu-ratana-hrast-bez\/"]}]},{"@type":"ImageObject","inLanguage":"bs-BA","@id":"https:\/\/inti.hr\/bs\/proizvod\/komoda-s-vratima-u-izgledu-ratana-hrast-bez\/#primaryimage","url":"https:\/\/i0.wp.com\/inti.hr\/wp-content\/uploads\/2025\/01\/BBK343Y01-1.jpg?fit=1000%2C1000&ssl=1","contentUrl":"https:\/\/i0.wp.com\/inti.hr\/wp-content\/uploads\/2025\/01\/BBK343Y01-1.jpg?fit=1000%2C1000&ssl=1","width":1000,"height":1000,"caption":"SONGMICS BOHOVEN kolekcija Komoda s vratima u izgledu ratana, hrast be\u017e"},{"@type":"BreadcrumbList","@id":"https:\/\/inti.hr\/bs\/proizvod\/komoda-s-vratima-u-izgledu-ratana-hrast-bez\/#breadcrumb","itemListElement":[{"@type":"ListItem","position":1,"name":"Po\u010detna stranica","item":"https:\/\/inti.hr\/bs\/"},{"@type":"ListItem","position":2,"name":"Trgovina","item":"https:\/\/inti.hr\/bs\/trgovina\/"},{"@type":"ListItem","position":3,"name":"Komoda s vratima u izgledu ratana, hrast be\u017e"}]},{"@type":"WebSite","@id":"https:\/\/inti.hr\/bs\/#website","url":"https:\/\/inti.hr\/bs\/","name":"Inti","description":"trgovina","potentialAction":[{"@type":"SearchAction","target":{"@type":"EntryPoint","urlTemplate":"https:\/\/inti.hr\/bs\/?s={search_term_string}"},"query-input":{"@type":"PropertyValueSpecification","valueRequired":true,"valueName":"search_term_string"}}],"inLanguage":"bs-BA"}]}},"jetpack_sharing_enabled":true,"jetpack-related-posts":[],"_links":{"self":[{"href":"https:\/\/inti.hr\/bs\/wp-json\/wp\/v2\/product\/35651"}],"collection":[{"href":"https:\/\/inti.hr\/bs\/wp-json\/wp\/v2\/product"}],"about":[{"href":"https:\/\/inti.hr\/bs\/wp-json\/wp\/v2\/types\/product"}],"wp:featuredmedia":[{"embeddable":true,"href":"https:\/\/inti.hr\/bs\/wp-json\/wp\/v2\/media\/35652"}],"wp:attachment":[{"href":"https:\/\/inti.hr\/bs\/wp-json\/wp\/v2\/media?parent=35651"}],"wp:term":[{"taxonomy":"product_cat","embeddable":true,"href":"https:\/\/inti.hr\/bs\/wp-json\/wp\/v2\/product_cat?post=35651"},{"taxonomy":"product_tag","embeddable":true,"href":"https:\/\/inti.hr\/bs\/wp-json\/wp\/v2\/product_tag?post=35651"}],"curies":[{"name":"wp","href":"https:\/\/api.w.org\/{rel}","templated":true}]}}