{"id":35655,"date":"2025-01-03T15:06:25","date_gmt":"2025-01-03T14:06:25","guid":{"rendered":"https:\/\/inti.hr\/product\/kupaonski-ormaric-s-3-vrata-165-x-90-x-75-cm-oblak-bijeli\/"},"modified":"2025-01-03T15:06:25","modified_gmt":"2025-01-03T14:06:25","slug":"kupaonski-ormaric-s-3-vrata-165-x-90-x-75-cm-oblak-bijeli","status":"publish","type":"product","link":"https:\/\/inti.hr\/bs\/proizvod\/kupaonski-ormaric-s-3-vrata-165-x-90-x-75-cm-oblak-bijeli\/","title":{"rendered":"Kupaonski ormari\u0107 s 3 vrata 16,5 x 90 x 75 cm oblak bijeli"},"content":{"rendered":"<p>Detalji proizvoda:<br \/>\nBoja: oblak bijela<br \/>\nMaterijal: iverica, MDF (vlaknasta plo\u010da srednje gusto\u0107e), metal, stakleno ogledalo<br \/>\nVeli\u010dina: 16,5 x 90 x 75 cm (D x \u0160 x V)<br \/>\nTe\u017eina: 21 kg<br \/>\nMaksimalna stati\u010dka nosivost: 45 kg<\/p>\n","protected":false},"excerpt":{"rendered":"<p>Zahvaljuju\u0107i prakti\u010dne 2 AC uti\u010dnice i 2 USB priklju\u010dka unutar ormari\u0107a, &#8230; <\/p>\n","protected":false},"featured_media":35656,"template":"","meta":[],"product_cat":[2392],"product_tag":[2520,2394],"yoast_head":"<!-- This site is optimized with the Yoast SEO plugin v23.7 - https:\/\/yoast.com\/wordpress\/plugins\/seo\/ -->\n<title>Kupaonski ormari\u0107 s 3 vrata 16,5 x 90 x 75 cm oblak bijeli - Inti<\/title>\n<meta name=\"description\" content=\"Zahvaljuju\u0107i prakti\u010dne 2 AC uti\u010dnice i 2 USB priklju\u010dka unutar ormari\u0107a, su\u0161ilo za kosu, figaro, elektri\u010dna \u010detkica za zube i brija\u010d mogu se puniti ili spojiti. Gornji dio ormari\u0107a s ogledalom opremljen je svjetlosnom trakom koja vam olak\u0161ava da se vidite u ogledalu, tako da mo\u017eete jednostavno zavr\u0161iti svoju dnevnu rutinu njege ko\u017ee i \u0161minkanja. Otvoreni pretinac na dnu prikladan je za spremanje dnevnih potrep\u0161tina tako da im mo\u017eete pristupiti u bilo kojem trenutku. Ovo donosi vi\u0161e fleksibilnosti u va\u0161 \u017eivot. Jedna strana je opremljena malom vise\u0107om ko\u0161aricom, koja je prikladna za va\u0161e male predmete, a s druge strane je dr\u017ea\u010d za su\u0161ilo za kosu, \u0161to olak\u0161ava kori\u0161tenje su\u0161ila za kosu. Sakrijte svoje tajne iza zrcalnih vrata, koja ne samo da \u0161tite va\u0161u osobnu privatnost, ve\u0107 i dodaju jednostavnu ljepotu va\u0161oj kupaonici.\u00a0\" \/>\n<meta name=\"robots\" content=\"index, follow, max-snippet:-1, max-image-preview:large, max-video-preview:-1\" \/>\n<link rel=\"canonical\" href=\"https:\/\/inti.hr\/bs\/proizvod\/kupaonski-ormaric-s-3-vrata-165-x-90-x-75-cm-oblak-bijeli\/\" \/>\n<meta property=\"og:locale\" content=\"bs_BA\" \/>\n<meta property=\"og:type\" content=\"article\" \/>\n<meta property=\"og:title\" content=\"Kupaonski ormari\u0107 s 3 vrata 16,5 x 90 x 75 cm oblak bijeli - Inti\" \/>\n<meta property=\"og:description\" content=\"Zahvaljuju\u0107i prakti\u010dne 2 AC uti\u010dnice i 2 USB priklju\u010dka unutar ormari\u0107a, su\u0161ilo za kosu, figaro, elektri\u010dna \u010detkica za zube i brija\u010d mogu se puniti ili spojiti. Gornji dio ormari\u0107a s ogledalom opremljen je svjetlosnom trakom koja vam olak\u0161ava da se vidite u ogledalu, tako da mo\u017eete jednostavno zavr\u0161iti svoju dnevnu rutinu njege ko\u017ee i \u0161minkanja. Otvoreni pretinac na dnu prikladan je za spremanje dnevnih potrep\u0161tina tako da im mo\u017eete pristupiti u bilo kojem trenutku. Ovo donosi vi\u0161e fleksibilnosti u va\u0161 \u017eivot. Jedna strana je opremljena malom vise\u0107om ko\u0161aricom, koja je prikladna za va\u0161e male predmete, a s druge strane je dr\u017ea\u010d za su\u0161ilo za kosu, \u0161to olak\u0161ava kori\u0161tenje su\u0161ila za kosu. Sakrijte svoje tajne iza zrcalnih vrata, koja ne samo da \u0161tite va\u0161u osobnu privatnost, ve\u0107 i dodaju jednostavnu ljepotu va\u0161oj kupaonici.\u00a0\" \/>\n<meta property=\"og:url\" content=\"https:\/\/inti.hr\/bs\/proizvod\/kupaonski-ormaric-s-3-vrata-165-x-90-x-75-cm-oblak-bijeli\/\" \/>\n<meta property=\"og:site_name\" content=\"Inti\" \/>\n<meta property=\"og:image\" content=\"https:\/\/i0.wp.com\/inti.hr\/wp-content\/uploads\/2025\/01\/BBK136W01-1.jpg?fit=1000%2C1000&ssl=1\" \/>\n\t<meta property=\"og:image:width\" content=\"1000\" \/>\n\t<meta property=\"og:image:height\" content=\"1000\" \/>\n\t<meta property=\"og:image:type\" content=\"image\/jpeg\" \/>\n<meta name=\"twitter:card\" content=\"summary_large_image\" \/>\n<script type=\"application\/ld+json\" class=\"yoast-schema-graph\">{\"@context\":\"https:\/\/schema.org\",\"@graph\":[{\"@type\":\"WebPage\",\"@id\":\"https:\/\/inti.hr\/bs\/proizvod\/kupaonski-ormaric-s-3-vrata-165-x-90-x-75-cm-oblak-bijeli\/\",\"url\":\"https:\/\/inti.hr\/bs\/proizvod\/kupaonski-ormaric-s-3-vrata-165-x-90-x-75-cm-oblak-bijeli\/\",\"name\":\"Kupaonski ormari\u0107 s 3 vrata 16,5 x 90 x 75 cm oblak bijeli - Inti\",\"isPartOf\":{\"@id\":\"https:\/\/inti.hr\/bs\/#website\"},\"primaryImageOfPage\":{\"@id\":\"https:\/\/inti.hr\/bs\/proizvod\/kupaonski-ormaric-s-3-vrata-165-x-90-x-75-cm-oblak-bijeli\/#primaryimage\"},\"image\":{\"@id\":\"https:\/\/inti.hr\/bs\/proizvod\/kupaonski-ormaric-s-3-vrata-165-x-90-x-75-cm-oblak-bijeli\/#primaryimage\"},\"thumbnailUrl\":\"https:\/\/i0.wp.com\/inti.hr\/wp-content\/uploads\/2025\/01\/BBK136W01-1.jpg?fit=1000%2C1000&ssl=1\",\"datePublished\":\"2025-01-03T14:06:25+00:00\",\"dateModified\":\"2025-01-03T14:06:25+00:00\",\"description\":\"Zahvaljuju\u0107i prakti\u010dne 2 AC uti\u010dnice i 2 USB priklju\u010dka unutar ormari\u0107a, su\u0161ilo za kosu, figaro, elektri\u010dna \u010detkica za zube i brija\u010d mogu se puniti ili spojiti. Gornji dio ormari\u0107a s ogledalom opremljen je svjetlosnom trakom koja vam olak\u0161ava da se vidite u ogledalu, tako da mo\u017eete jednostavno zavr\u0161iti svoju dnevnu rutinu njege ko\u017ee i \u0161minkanja. Otvoreni pretinac na dnu prikladan je za spremanje dnevnih potrep\u0161tina tako da im mo\u017eete pristupiti u bilo kojem trenutku. Ovo donosi vi\u0161e fleksibilnosti u va\u0161 \u017eivot. Jedna strana je opremljena malom vise\u0107om ko\u0161aricom, koja je prikladna za va\u0161e male predmete, a s druge strane je dr\u017ea\u010d za su\u0161ilo za kosu, \u0161to olak\u0161ava kori\u0161tenje su\u0161ila za kosu. Sakrijte svoje tajne iza zrcalnih vrata, koja ne samo da \u0161tite va\u0161u osobnu privatnost, ve\u0107 i dodaju jednostavnu ljepotu va\u0161oj kupaonici.\u00a0\",\"breadcrumb\":{\"@id\":\"https:\/\/inti.hr\/bs\/proizvod\/kupaonski-ormaric-s-3-vrata-165-x-90-x-75-cm-oblak-bijeli\/#breadcrumb\"},\"inLanguage\":\"bs-BA\",\"potentialAction\":[{\"@type\":\"ReadAction\",\"target\":[\"https:\/\/inti.hr\/bs\/proizvod\/kupaonski-ormaric-s-3-vrata-165-x-90-x-75-cm-oblak-bijeli\/\"]}]},{\"@type\":\"ImageObject\",\"inLanguage\":\"bs-BA\",\"@id\":\"https:\/\/inti.hr\/bs\/proizvod\/kupaonski-ormaric-s-3-vrata-165-x-90-x-75-cm-oblak-bijeli\/#primaryimage\",\"url\":\"https:\/\/i0.wp.com\/inti.hr\/wp-content\/uploads\/2025\/01\/BBK136W01-1.jpg?fit=1000%2C1000&ssl=1\",\"contentUrl\":\"https:\/\/i0.wp.com\/inti.hr\/wp-content\/uploads\/2025\/01\/BBK136W01-1.jpg?fit=1000%2C1000&ssl=1\",\"width\":1000,\"height\":1000},{\"@type\":\"BreadcrumbList\",\"@id\":\"https:\/\/inti.hr\/bs\/proizvod\/kupaonski-ormaric-s-3-vrata-165-x-90-x-75-cm-oblak-bijeli\/#breadcrumb\",\"itemListElement\":[{\"@type\":\"ListItem\",\"position\":1,\"name\":\"Po\u010detna stranica\",\"item\":\"https:\/\/inti.hr\/bs\/\"},{\"@type\":\"ListItem\",\"position\":2,\"name\":\"Trgovina\",\"item\":\"https:\/\/inti.hr\/bs\/trgovina\/\"},{\"@type\":\"ListItem\",\"position\":3,\"name\":\"Kupaonski ormari\u0107 s 3 vrata 16,5 x 90 x 75 cm oblak bijeli\"}]},{\"@type\":\"WebSite\",\"@id\":\"https:\/\/inti.hr\/bs\/#website\",\"url\":\"https:\/\/inti.hr\/bs\/\",\"name\":\"Inti\",\"description\":\"trgovina\",\"potentialAction\":[{\"@type\":\"SearchAction\",\"target\":{\"@type\":\"EntryPoint\",\"urlTemplate\":\"https:\/\/inti.hr\/bs\/?s={search_term_string}\"},\"query-input\":{\"@type\":\"PropertyValueSpecification\",\"valueRequired\":true,\"valueName\":\"search_term_string\"}}],\"inLanguage\":\"bs-BA\"}]}<\/script>\n<!-- \/ Yoast SEO plugin. -->","yoast_head_json":{"title":"Kupaonski ormari\u0107 s 3 vrata 16,5 x 90 x 75 cm oblak bijeli - Inti","description":"Zahvaljuju\u0107i prakti\u010dne 2 AC uti\u010dnice i 2 USB priklju\u010dka unutar ormari\u0107a, su\u0161ilo za kosu, figaro, elektri\u010dna \u010detkica za zube i brija\u010d mogu se puniti ili spojiti. Gornji dio ormari\u0107a s ogledalom opremljen je svjetlosnom trakom koja vam olak\u0161ava da se vidite u ogledalu, tako da mo\u017eete jednostavno zavr\u0161iti svoju dnevnu rutinu njege ko\u017ee i \u0161minkanja. Otvoreni pretinac na dnu prikladan je za spremanje dnevnih potrep\u0161tina tako da im mo\u017eete pristupiti u bilo kojem trenutku. Ovo donosi vi\u0161e fleksibilnosti u va\u0161 \u017eivot. Jedna strana je opremljena malom vise\u0107om ko\u0161aricom, koja je prikladna za va\u0161e male predmete, a s druge strane je dr\u017ea\u010d za su\u0161ilo za kosu, \u0161to olak\u0161ava kori\u0161tenje su\u0161ila za kosu. Sakrijte svoje tajne iza zrcalnih vrata, koja ne samo da \u0161tite va\u0161u osobnu privatnost, ve\u0107 i dodaju jednostavnu ljepotu va\u0161oj kupaonici.\u00a0","robots":{"index":"index","follow":"follow","max-snippet":"max-snippet:-1","max-image-preview":"max-image-preview:large","max-video-preview":"max-video-preview:-1"},"canonical":"https:\/\/inti.hr\/bs\/proizvod\/kupaonski-ormaric-s-3-vrata-165-x-90-x-75-cm-oblak-bijeli\/","og_locale":"bs_BA","og_type":"article","og_title":"Kupaonski ormari\u0107 s 3 vrata 16,5 x 90 x 75 cm oblak bijeli - Inti","og_description":"Zahvaljuju\u0107i prakti\u010dne 2 AC uti\u010dnice i 2 USB priklju\u010dka unutar ormari\u0107a, su\u0161ilo za kosu, figaro, elektri\u010dna \u010detkica za zube i brija\u010d mogu se puniti ili spojiti. Gornji dio ormari\u0107a s ogledalom opremljen je svjetlosnom trakom koja vam olak\u0161ava da se vidite u ogledalu, tako da mo\u017eete jednostavno zavr\u0161iti svoju dnevnu rutinu njege ko\u017ee i \u0161minkanja. Otvoreni pretinac na dnu prikladan je za spremanje dnevnih potrep\u0161tina tako da im mo\u017eete pristupiti u bilo kojem trenutku. Ovo donosi vi\u0161e fleksibilnosti u va\u0161 \u017eivot. Jedna strana je opremljena malom vise\u0107om ko\u0161aricom, koja je prikladna za va\u0161e male predmete, a s druge strane je dr\u017ea\u010d za su\u0161ilo za kosu, \u0161to olak\u0161ava kori\u0161tenje su\u0161ila za kosu. Sakrijte svoje tajne iza zrcalnih vrata, koja ne samo da \u0161tite va\u0161u osobnu privatnost, ve\u0107 i dodaju jednostavnu ljepotu va\u0161oj kupaonici.\u00a0","og_url":"https:\/\/inti.hr\/bs\/proizvod\/kupaonski-ormaric-s-3-vrata-165-x-90-x-75-cm-oblak-bijeli\/","og_site_name":"Inti","og_image":[{"width":1000,"height":1000,"url":"https:\/\/i0.wp.com\/inti.hr\/wp-content\/uploads\/2025\/01\/BBK136W01-1.jpg?fit=1000%2C1000&ssl=1","type":"image\/jpeg"}],"twitter_card":"summary_large_image","schema":{"@context":"https:\/\/schema.org","@graph":[{"@type":"WebPage","@id":"https:\/\/inti.hr\/bs\/proizvod\/kupaonski-ormaric-s-3-vrata-165-x-90-x-75-cm-oblak-bijeli\/","url":"https:\/\/inti.hr\/bs\/proizvod\/kupaonski-ormaric-s-3-vrata-165-x-90-x-75-cm-oblak-bijeli\/","name":"Kupaonski ormari\u0107 s 3 vrata 16,5 x 90 x 75 cm oblak bijeli - Inti","isPartOf":{"@id":"https:\/\/inti.hr\/bs\/#website"},"primaryImageOfPage":{"@id":"https:\/\/inti.hr\/bs\/proizvod\/kupaonski-ormaric-s-3-vrata-165-x-90-x-75-cm-oblak-bijeli\/#primaryimage"},"image":{"@id":"https:\/\/inti.hr\/bs\/proizvod\/kupaonski-ormaric-s-3-vrata-165-x-90-x-75-cm-oblak-bijeli\/#primaryimage"},"thumbnailUrl":"https:\/\/i0.wp.com\/inti.hr\/wp-content\/uploads\/2025\/01\/BBK136W01-1.jpg?fit=1000%2C1000&ssl=1","datePublished":"2025-01-03T14:06:25+00:00","dateModified":"2025-01-03T14:06:25+00:00","description":"Zahvaljuju\u0107i prakti\u010dne 2 AC uti\u010dnice i 2 USB priklju\u010dka unutar ormari\u0107a, su\u0161ilo za kosu, figaro, elektri\u010dna \u010detkica za zube i brija\u010d mogu se puniti ili spojiti. Gornji dio ormari\u0107a s ogledalom opremljen je svjetlosnom trakom koja vam olak\u0161ava da se vidite u ogledalu, tako da mo\u017eete jednostavno zavr\u0161iti svoju dnevnu rutinu njege ko\u017ee i \u0161minkanja. Otvoreni pretinac na dnu prikladan je za spremanje dnevnih potrep\u0161tina tako da im mo\u017eete pristupiti u bilo kojem trenutku. Ovo donosi vi\u0161e fleksibilnosti u va\u0161 \u017eivot. Jedna strana je opremljena malom vise\u0107om ko\u0161aricom, koja je prikladna za va\u0161e male predmete, a s druge strane je dr\u017ea\u010d za su\u0161ilo za kosu, \u0161to olak\u0161ava kori\u0161tenje su\u0161ila za kosu. Sakrijte svoje tajne iza zrcalnih vrata, koja ne samo da \u0161tite va\u0161u osobnu privatnost, ve\u0107 i dodaju jednostavnu ljepotu va\u0161oj kupaonici.\u00a0","breadcrumb":{"@id":"https:\/\/inti.hr\/bs\/proizvod\/kupaonski-ormaric-s-3-vrata-165-x-90-x-75-cm-oblak-bijeli\/#breadcrumb"},"inLanguage":"bs-BA","potentialAction":[{"@type":"ReadAction","target":["https:\/\/inti.hr\/bs\/proizvod\/kupaonski-ormaric-s-3-vrata-165-x-90-x-75-cm-oblak-bijeli\/"]}]},{"@type":"ImageObject","inLanguage":"bs-BA","@id":"https:\/\/inti.hr\/bs\/proizvod\/kupaonski-ormaric-s-3-vrata-165-x-90-x-75-cm-oblak-bijeli\/#primaryimage","url":"https:\/\/i0.wp.com\/inti.hr\/wp-content\/uploads\/2025\/01\/BBK136W01-1.jpg?fit=1000%2C1000&ssl=1","contentUrl":"https:\/\/i0.wp.com\/inti.hr\/wp-content\/uploads\/2025\/01\/BBK136W01-1.jpg?fit=1000%2C1000&ssl=1","width":1000,"height":1000},{"@type":"BreadcrumbList","@id":"https:\/\/inti.hr\/bs\/proizvod\/kupaonski-ormaric-s-3-vrata-165-x-90-x-75-cm-oblak-bijeli\/#breadcrumb","itemListElement":[{"@type":"ListItem","position":1,"name":"Po\u010detna stranica","item":"https:\/\/inti.hr\/bs\/"},{"@type":"ListItem","position":2,"name":"Trgovina","item":"https:\/\/inti.hr\/bs\/trgovina\/"},{"@type":"ListItem","position":3,"name":"Kupaonski ormari\u0107 s 3 vrata 16,5 x 90 x 75 cm oblak bijeli"}]},{"@type":"WebSite","@id":"https:\/\/inti.hr\/bs\/#website","url":"https:\/\/inti.hr\/bs\/","name":"Inti","description":"trgovina","potentialAction":[{"@type":"SearchAction","target":{"@type":"EntryPoint","urlTemplate":"https:\/\/inti.hr\/bs\/?s={search_term_string}"},"query-input":{"@type":"PropertyValueSpecification","valueRequired":true,"valueName":"search_term_string"}}],"inLanguage":"bs-BA"}]}},"jetpack_sharing_enabled":true,"jetpack-related-posts":[],"_links":{"self":[{"href":"https:\/\/inti.hr\/bs\/wp-json\/wp\/v2\/product\/35655"}],"collection":[{"href":"https:\/\/inti.hr\/bs\/wp-json\/wp\/v2\/product"}],"about":[{"href":"https:\/\/inti.hr\/bs\/wp-json\/wp\/v2\/types\/product"}],"wp:featuredmedia":[{"embeddable":true,"href":"https:\/\/inti.hr\/bs\/wp-json\/wp\/v2\/media\/35656"}],"wp:attachment":[{"href":"https:\/\/inti.hr\/bs\/wp-json\/wp\/v2\/media?parent=35655"}],"wp:term":[{"taxonomy":"product_cat","embeddable":true,"href":"https:\/\/inti.hr\/bs\/wp-json\/wp\/v2\/product_cat?post=35655"},{"taxonomy":"product_tag","embeddable":true,"href":"https:\/\/inti.hr\/bs\/wp-json\/wp\/v2\/product_tag?post=35655"}],"curies":[{"name":"wp","href":"https:\/\/api.w.org\/{rel}","templated":true}]}}