{"id":35659,"date":"2025-01-03T15:00:19","date_gmt":"2025-01-03T14:00:19","guid":{"rendered":"https:\/\/inti.hr\/product\/barske-stolice-podesive-visine-s-naslonom-za-leda-i-noge\/"},"modified":"2025-01-03T15:00:19","modified_gmt":"2025-01-03T14:00:19","slug":"barske-stolice-podesive-visine-s-naslonom-za-leda-i-noge","status":"publish","type":"product","link":"https:\/\/inti.hr\/bs\/proizvod\/barske-stolice-podesive-visine-s-naslonom-za-leda-i-noge\/","title":{"rendered":"Barske stolice podesive visine s naslonom za le\u0111a i noge"},"content":{"rendered":"<p>Detalji proizvoda:<br \/>\nBoja: \u0161kriljasto siva<br \/>\nMaterijal: \u0161perplo\u010da, kromirani \u010delik, flanel, podstava od pjene<br \/>\nVeli\u010dina: 43 x 48,5 x (93,5-114) cm (D x \u0160 x V)<br \/>\nVisina sjedala: 63-84 cm<br \/>\nVeli\u010dina sjedala: 38 x 43 cm (D x \u0160)<br \/>\nVisina naslona: 32 cm<br \/>\nVeli\u010dina baze: 45 cm d<br \/>\nUkupna te\u017eina: 17 kg<br \/>\nMaksimalna stati\u010dka nosivost po stolici: 120 kg<\/p>\n<p>U setu dolaze 2 komada.<\/p>\n","protected":false},"excerpt":{"rendered":"<p>Elegantan dizajn mo\u017ee se lako integrirati u razli\u010dite stilove interijera i &#8230; <\/p>\n","protected":false},"featured_media":35660,"template":"","meta":[],"product_cat":[2570],"product_tag":[2626,2571],"yoast_head":"<!-- This site is optimized with the Yoast SEO plugin v23.7 - https:\/\/yoast.com\/wordpress\/plugins\/seo\/ -->\n<title>Barske stolice podesive visine s naslonom za le\u0111a i noge - Inti<\/title>\n<meta name=\"description\" content=\"Elegantan dizajn mo\u017ee se lako integrirati u razli\u010dite stilove interijera i stvara opu\u0161tenu atmosferu - savr\u0161eno za bar, kuhinjski otok, dnevni boravak, balkon itd. S visokokvalitetnim plinskim tla\u010dnim cilindrom, okvirom od kromiranog \u010delika i robusnom bazom (45 cm), svaka barska stolica mo\u017ee izdr\u017eati do 120 kg. \u010cak i ako sjedalo okrenete za 360\u00b0, ovaj stolac nudi visoku stabilnost i sigurnost. Povr\u0161ina od flanela je mekana i pru\u017ea visoku udobnost; Mat crna potporna \u0161ipka, oslonac za noge i baza mogu se lako \u010distiti vla\u017enom krpom. To zna\u010di da kuhinjski stolac uvijek ostaje \u010dist. Barska stolica opremljena je mekim dvostrukim jastukom i osloncem za noge \u0161irine 32 cm. Osim toga, ergonomski naslon za le\u0111a pru\u017ea izvrsnu potporu i rastere\u0107uje va\u0161e tijelo. Ovaj kuhinjski stolac je podesiv po visini izme\u0111u 63 i 84 cm i mo\u017ee se rotirati za 360\u00b0 tako da mo\u017eete zauzeti najudobniji mogu\u0107i polo\u017eaj sjedenja i u\u017eivati \u200b\u200bu visokoj razini udobnosti sjedenja.\" \/>\n<meta name=\"robots\" content=\"index, follow, max-snippet:-1, max-image-preview:large, max-video-preview:-1\" \/>\n<link rel=\"canonical\" href=\"https:\/\/inti.hr\/bs\/proizvod\/barske-stolice-podesive-visine-s-naslonom-za-leda-i-noge\/\" \/>\n<meta property=\"og:locale\" content=\"bs_BA\" \/>\n<meta property=\"og:type\" content=\"article\" \/>\n<meta property=\"og:title\" content=\"Barske stolice podesive visine s naslonom za le\u0111a i noge - Inti\" \/>\n<meta property=\"og:description\" content=\"Elegantan dizajn mo\u017ee se lako integrirati u razli\u010dite stilove interijera i stvara opu\u0161tenu atmosferu - savr\u0161eno za bar, kuhinjski otok, dnevni boravak, balkon itd. S visokokvalitetnim plinskim tla\u010dnim cilindrom, okvirom od kromiranog \u010delika i robusnom bazom (45 cm), svaka barska stolica mo\u017ee izdr\u017eati do 120 kg. \u010cak i ako sjedalo okrenete za 360\u00b0, ovaj stolac nudi visoku stabilnost i sigurnost. Povr\u0161ina od flanela je mekana i pru\u017ea visoku udobnost; Mat crna potporna \u0161ipka, oslonac za noge i baza mogu se lako \u010distiti vla\u017enom krpom. To zna\u010di da kuhinjski stolac uvijek ostaje \u010dist. Barska stolica opremljena je mekim dvostrukim jastukom i osloncem za noge \u0161irine 32 cm. Osim toga, ergonomski naslon za le\u0111a pru\u017ea izvrsnu potporu i rastere\u0107uje va\u0161e tijelo. Ovaj kuhinjski stolac je podesiv po visini izme\u0111u 63 i 84 cm i mo\u017ee se rotirati za 360\u00b0 tako da mo\u017eete zauzeti najudobniji mogu\u0107i polo\u017eaj sjedenja i u\u017eivati \u200b\u200bu visokoj razini udobnosti sjedenja.\" \/>\n<meta property=\"og:url\" content=\"https:\/\/inti.hr\/bs\/proizvod\/barske-stolice-podesive-visine-s-naslonom-za-leda-i-noge\/\" \/>\n<meta property=\"og:site_name\" content=\"Inti\" \/>\n<meta property=\"og:image\" content=\"https:\/\/i0.wp.com\/inti.hr\/wp-content\/uploads\/2025\/01\/LJB195W02-2.jpg?fit=800%2C1000&ssl=1\" \/>\n\t<meta property=\"og:image:width\" content=\"800\" \/>\n\t<meta property=\"og:image:height\" content=\"1000\" \/>\n\t<meta property=\"og:image:type\" content=\"image\/jpeg\" \/>\n<meta name=\"twitter:card\" content=\"summary_large_image\" \/>\n<script type=\"application\/ld+json\" class=\"yoast-schema-graph\">{\"@context\":\"https:\/\/schema.org\",\"@graph\":[{\"@type\":\"WebPage\",\"@id\":\"https:\/\/inti.hr\/bs\/proizvod\/barske-stolice-podesive-visine-s-naslonom-za-leda-i-noge\/\",\"url\":\"https:\/\/inti.hr\/bs\/proizvod\/barske-stolice-podesive-visine-s-naslonom-za-leda-i-noge\/\",\"name\":\"Barske stolice podesive visine s naslonom za le\u0111a i noge - Inti\",\"isPartOf\":{\"@id\":\"https:\/\/inti.hr\/bs\/#website\"},\"primaryImageOfPage\":{\"@id\":\"https:\/\/inti.hr\/bs\/proizvod\/barske-stolice-podesive-visine-s-naslonom-za-leda-i-noge\/#primaryimage\"},\"image\":{\"@id\":\"https:\/\/inti.hr\/bs\/proizvod\/barske-stolice-podesive-visine-s-naslonom-za-leda-i-noge\/#primaryimage\"},\"thumbnailUrl\":\"https:\/\/i0.wp.com\/inti.hr\/wp-content\/uploads\/2025\/01\/LJB195W02-2.jpg?fit=800%2C1000&ssl=1\",\"datePublished\":\"2025-01-03T14:00:19+00:00\",\"dateModified\":\"2025-01-03T14:00:19+00:00\",\"description\":\"Elegantan dizajn mo\u017ee se lako integrirati u razli\u010dite stilove interijera i stvara opu\u0161tenu atmosferu - savr\u0161eno za bar, kuhinjski otok, dnevni boravak, balkon itd. S visokokvalitetnim plinskim tla\u010dnim cilindrom, okvirom od kromiranog \u010delika i robusnom bazom (45 cm), svaka barska stolica mo\u017ee izdr\u017eati do 120 kg. \u010cak i ako sjedalo okrenete za 360\u00b0, ovaj stolac nudi visoku stabilnost i sigurnost. Povr\u0161ina od flanela je mekana i pru\u017ea visoku udobnost; Mat crna potporna \u0161ipka, oslonac za noge i baza mogu se lako \u010distiti vla\u017enom krpom. To zna\u010di da kuhinjski stolac uvijek ostaje \u010dist. Barska stolica opremljena je mekim dvostrukim jastukom i osloncem za noge \u0161irine 32 cm. Osim toga, ergonomski naslon za le\u0111a pru\u017ea izvrsnu potporu i rastere\u0107uje va\u0161e tijelo. Ovaj kuhinjski stolac je podesiv po visini izme\u0111u 63 i 84 cm i mo\u017ee se rotirati za 360\u00b0 tako da mo\u017eete zauzeti najudobniji mogu\u0107i polo\u017eaj sjedenja i u\u017eivati \u200b\u200bu visokoj razini udobnosti sjedenja.\",\"breadcrumb\":{\"@id\":\"https:\/\/inti.hr\/bs\/proizvod\/barske-stolice-podesive-visine-s-naslonom-za-leda-i-noge\/#breadcrumb\"},\"inLanguage\":\"bs-BA\",\"potentialAction\":[{\"@type\":\"ReadAction\",\"target\":[\"https:\/\/inti.hr\/bs\/proizvod\/barske-stolice-podesive-visine-s-naslonom-za-leda-i-noge\/\"]}]},{\"@type\":\"ImageObject\",\"inLanguage\":\"bs-BA\",\"@id\":\"https:\/\/inti.hr\/bs\/proizvod\/barske-stolice-podesive-visine-s-naslonom-za-leda-i-noge\/#primaryimage\",\"url\":\"https:\/\/i0.wp.com\/inti.hr\/wp-content\/uploads\/2025\/01\/LJB195W02-2.jpg?fit=800%2C1000&ssl=1\",\"contentUrl\":\"https:\/\/i0.wp.com\/inti.hr\/wp-content\/uploads\/2025\/01\/LJB195W02-2.jpg?fit=800%2C1000&ssl=1\",\"width\":800,\"height\":1000,\"caption\":\"VASAGLE barske stolice podesive visine s naslonom za le\u0111a i noge krem \u200b\u200bbijele boje\"},{\"@type\":\"BreadcrumbList\",\"@id\":\"https:\/\/inti.hr\/bs\/proizvod\/barske-stolice-podesive-visine-s-naslonom-za-leda-i-noge\/#breadcrumb\",\"itemListElement\":[{\"@type\":\"ListItem\",\"position\":1,\"name\":\"Po\u010detna stranica\",\"item\":\"https:\/\/inti.hr\/bs\/\"},{\"@type\":\"ListItem\",\"position\":2,\"name\":\"Trgovina\",\"item\":\"https:\/\/inti.hr\/bs\/trgovina\/\"},{\"@type\":\"ListItem\",\"position\":3,\"name\":\"Barske stolice podesive visine s naslonom za le\u0111a i noge\"}]},{\"@type\":\"WebSite\",\"@id\":\"https:\/\/inti.hr\/bs\/#website\",\"url\":\"https:\/\/inti.hr\/bs\/\",\"name\":\"Inti\",\"description\":\"trgovina\",\"potentialAction\":[{\"@type\":\"SearchAction\",\"target\":{\"@type\":\"EntryPoint\",\"urlTemplate\":\"https:\/\/inti.hr\/bs\/?s={search_term_string}\"},\"query-input\":{\"@type\":\"PropertyValueSpecification\",\"valueRequired\":true,\"valueName\":\"search_term_string\"}}],\"inLanguage\":\"bs-BA\"}]}<\/script>\n<!-- \/ Yoast SEO plugin. -->","yoast_head_json":{"title":"Barske stolice podesive visine s naslonom za le\u0111a i noge - Inti","description":"Elegantan dizajn mo\u017ee se lako integrirati u razli\u010dite stilove interijera i stvara opu\u0161tenu atmosferu - savr\u0161eno za bar, kuhinjski otok, dnevni boravak, balkon itd. S visokokvalitetnim plinskim tla\u010dnim cilindrom, okvirom od kromiranog \u010delika i robusnom bazom (45 cm), svaka barska stolica mo\u017ee izdr\u017eati do 120 kg. \u010cak i ako sjedalo okrenete za 360\u00b0, ovaj stolac nudi visoku stabilnost i sigurnost. Povr\u0161ina od flanela je mekana i pru\u017ea visoku udobnost; Mat crna potporna \u0161ipka, oslonac za noge i baza mogu se lako \u010distiti vla\u017enom krpom. To zna\u010di da kuhinjski stolac uvijek ostaje \u010dist. Barska stolica opremljena je mekim dvostrukim jastukom i osloncem za noge \u0161irine 32 cm. Osim toga, ergonomski naslon za le\u0111a pru\u017ea izvrsnu potporu i rastere\u0107uje va\u0161e tijelo. Ovaj kuhinjski stolac je podesiv po visini izme\u0111u 63 i 84 cm i mo\u017ee se rotirati za 360\u00b0 tako da mo\u017eete zauzeti najudobniji mogu\u0107i polo\u017eaj sjedenja i u\u017eivati \u200b\u200bu visokoj razini udobnosti sjedenja.","robots":{"index":"index","follow":"follow","max-snippet":"max-snippet:-1","max-image-preview":"max-image-preview:large","max-video-preview":"max-video-preview:-1"},"canonical":"https:\/\/inti.hr\/bs\/proizvod\/barske-stolice-podesive-visine-s-naslonom-za-leda-i-noge\/","og_locale":"bs_BA","og_type":"article","og_title":"Barske stolice podesive visine s naslonom za le\u0111a i noge - Inti","og_description":"Elegantan dizajn mo\u017ee se lako integrirati u razli\u010dite stilove interijera i stvara opu\u0161tenu atmosferu - savr\u0161eno za bar, kuhinjski otok, dnevni boravak, balkon itd. S visokokvalitetnim plinskim tla\u010dnim cilindrom, okvirom od kromiranog \u010delika i robusnom bazom (45 cm), svaka barska stolica mo\u017ee izdr\u017eati do 120 kg. \u010cak i ako sjedalo okrenete za 360\u00b0, ovaj stolac nudi visoku stabilnost i sigurnost. Povr\u0161ina od flanela je mekana i pru\u017ea visoku udobnost; Mat crna potporna \u0161ipka, oslonac za noge i baza mogu se lako \u010distiti vla\u017enom krpom. To zna\u010di da kuhinjski stolac uvijek ostaje \u010dist. Barska stolica opremljena je mekim dvostrukim jastukom i osloncem za noge \u0161irine 32 cm. Osim toga, ergonomski naslon za le\u0111a pru\u017ea izvrsnu potporu i rastere\u0107uje va\u0161e tijelo. Ovaj kuhinjski stolac je podesiv po visini izme\u0111u 63 i 84 cm i mo\u017ee se rotirati za 360\u00b0 tako da mo\u017eete zauzeti najudobniji mogu\u0107i polo\u017eaj sjedenja i u\u017eivati \u200b\u200bu visokoj razini udobnosti sjedenja.","og_url":"https:\/\/inti.hr\/bs\/proizvod\/barske-stolice-podesive-visine-s-naslonom-za-leda-i-noge\/","og_site_name":"Inti","og_image":[{"width":800,"height":1000,"url":"https:\/\/i0.wp.com\/inti.hr\/wp-content\/uploads\/2025\/01\/LJB195W02-2.jpg?fit=800%2C1000&ssl=1","type":"image\/jpeg"}],"twitter_card":"summary_large_image","schema":{"@context":"https:\/\/schema.org","@graph":[{"@type":"WebPage","@id":"https:\/\/inti.hr\/bs\/proizvod\/barske-stolice-podesive-visine-s-naslonom-za-leda-i-noge\/","url":"https:\/\/inti.hr\/bs\/proizvod\/barske-stolice-podesive-visine-s-naslonom-za-leda-i-noge\/","name":"Barske stolice podesive visine s naslonom za le\u0111a i noge - Inti","isPartOf":{"@id":"https:\/\/inti.hr\/bs\/#website"},"primaryImageOfPage":{"@id":"https:\/\/inti.hr\/bs\/proizvod\/barske-stolice-podesive-visine-s-naslonom-za-leda-i-noge\/#primaryimage"},"image":{"@id":"https:\/\/inti.hr\/bs\/proizvod\/barske-stolice-podesive-visine-s-naslonom-za-leda-i-noge\/#primaryimage"},"thumbnailUrl":"https:\/\/i0.wp.com\/inti.hr\/wp-content\/uploads\/2025\/01\/LJB195W02-2.jpg?fit=800%2C1000&ssl=1","datePublished":"2025-01-03T14:00:19+00:00","dateModified":"2025-01-03T14:00:19+00:00","description":"Elegantan dizajn mo\u017ee se lako integrirati u razli\u010dite stilove interijera i stvara opu\u0161tenu atmosferu - savr\u0161eno za bar, kuhinjski otok, dnevni boravak, balkon itd. S visokokvalitetnim plinskim tla\u010dnim cilindrom, okvirom od kromiranog \u010delika i robusnom bazom (45 cm), svaka barska stolica mo\u017ee izdr\u017eati do 120 kg. \u010cak i ako sjedalo okrenete za 360\u00b0, ovaj stolac nudi visoku stabilnost i sigurnost. Povr\u0161ina od flanela je mekana i pru\u017ea visoku udobnost; Mat crna potporna \u0161ipka, oslonac za noge i baza mogu se lako \u010distiti vla\u017enom krpom. To zna\u010di da kuhinjski stolac uvijek ostaje \u010dist. Barska stolica opremljena je mekim dvostrukim jastukom i osloncem za noge \u0161irine 32 cm. Osim toga, ergonomski naslon za le\u0111a pru\u017ea izvrsnu potporu i rastere\u0107uje va\u0161e tijelo. Ovaj kuhinjski stolac je podesiv po visini izme\u0111u 63 i 84 cm i mo\u017ee se rotirati za 360\u00b0 tako da mo\u017eete zauzeti najudobniji mogu\u0107i polo\u017eaj sjedenja i u\u017eivati \u200b\u200bu visokoj razini udobnosti sjedenja.","breadcrumb":{"@id":"https:\/\/inti.hr\/bs\/proizvod\/barske-stolice-podesive-visine-s-naslonom-za-leda-i-noge\/#breadcrumb"},"inLanguage":"bs-BA","potentialAction":[{"@type":"ReadAction","target":["https:\/\/inti.hr\/bs\/proizvod\/barske-stolice-podesive-visine-s-naslonom-za-leda-i-noge\/"]}]},{"@type":"ImageObject","inLanguage":"bs-BA","@id":"https:\/\/inti.hr\/bs\/proizvod\/barske-stolice-podesive-visine-s-naslonom-za-leda-i-noge\/#primaryimage","url":"https:\/\/i0.wp.com\/inti.hr\/wp-content\/uploads\/2025\/01\/LJB195W02-2.jpg?fit=800%2C1000&ssl=1","contentUrl":"https:\/\/i0.wp.com\/inti.hr\/wp-content\/uploads\/2025\/01\/LJB195W02-2.jpg?fit=800%2C1000&ssl=1","width":800,"height":1000,"caption":"VASAGLE barske stolice podesive visine s naslonom za le\u0111a i noge krem \u200b\u200bbijele boje"},{"@type":"BreadcrumbList","@id":"https:\/\/inti.hr\/bs\/proizvod\/barske-stolice-podesive-visine-s-naslonom-za-leda-i-noge\/#breadcrumb","itemListElement":[{"@type":"ListItem","position":1,"name":"Po\u010detna stranica","item":"https:\/\/inti.hr\/bs\/"},{"@type":"ListItem","position":2,"name":"Trgovina","item":"https:\/\/inti.hr\/bs\/trgovina\/"},{"@type":"ListItem","position":3,"name":"Barske stolice podesive visine s naslonom za le\u0111a i noge"}]},{"@type":"WebSite","@id":"https:\/\/inti.hr\/bs\/#website","url":"https:\/\/inti.hr\/bs\/","name":"Inti","description":"trgovina","potentialAction":[{"@type":"SearchAction","target":{"@type":"EntryPoint","urlTemplate":"https:\/\/inti.hr\/bs\/?s={search_term_string}"},"query-input":{"@type":"PropertyValueSpecification","valueRequired":true,"valueName":"search_term_string"}}],"inLanguage":"bs-BA"}]}},"jetpack_sharing_enabled":true,"jetpack-related-posts":[],"_links":{"self":[{"href":"https:\/\/inti.hr\/bs\/wp-json\/wp\/v2\/product\/35659"}],"collection":[{"href":"https:\/\/inti.hr\/bs\/wp-json\/wp\/v2\/product"}],"about":[{"href":"https:\/\/inti.hr\/bs\/wp-json\/wp\/v2\/types\/product"}],"wp:featuredmedia":[{"embeddable":true,"href":"https:\/\/inti.hr\/bs\/wp-json\/wp\/v2\/media\/35660"}],"wp:attachment":[{"href":"https:\/\/inti.hr\/bs\/wp-json\/wp\/v2\/media?parent=35659"}],"wp:term":[{"taxonomy":"product_cat","embeddable":true,"href":"https:\/\/inti.hr\/bs\/wp-json\/wp\/v2\/product_cat?post=35659"},{"taxonomy":"product_tag","embeddable":true,"href":"https:\/\/inti.hr\/bs\/wp-json\/wp\/v2\/product_tag?post=35659"}],"curies":[{"name":"wp","href":"https:\/\/api.w.org\/{rel}","templated":true}]}}