{"id":35683,"date":"2025-01-02T11:55:07","date_gmt":"2025-01-02T10:55:07","guid":{"rendered":"https:\/\/inti.hr\/product\/bijela-jedinica-za-pohranu-30x30x170cm\/"},"modified":"2025-01-02T11:55:07","modified_gmt":"2025-01-02T10:55:07","slug":"bijela-jedinica-za-pohranu-30x30x170cm","status":"publish","type":"product","link":"https:\/\/inti.hr\/bs\/proizvod\/bijela-jedinica-za-pohranu-30x30x170cm\/","title":{"rendered":"Bijela jedinica za pohranu 30x30x170cm"},"content":{"rendered":"<p>Pojedinosti o proizvodu:<\/p>\n<p>Te\u017eina: oko 22,6 kg.<br \/>\nTestirano za: 29 kg.<br \/>\nMaterijal: PB(E1), Metal.<br \/>\nDimenzije paketa: 95x37x20 cm.<br \/>\nDimenzije paketa: 95x37x20 cm.<br \/>\nS uputama za sastavljanje i vijcima.<br \/>\nJednostavna instalacija.<\/p>\n","protected":false},"excerpt":{"rendered":"<p><span>Proizvod ima metalnu bazu, \u010dime se posti\u017ee ve\u0107a stabilnost i bolja &#8230; <\/p>\n","protected":false},"featured_media":35684,"template":"","meta":[],"product_cat":[2392],"product_tag":[4574,2520],"yoast_head":"<!-- This site is optimized with the Yoast SEO plugin v23.7 - https:\/\/yoast.com\/wordpress\/plugins\/seo\/ -->\n<title>Bijela jedinica za pohranu 30x30x170cm - Inti<\/title>\n<meta name=\"description\" content=\"Proizvod ima metalnu bazu, \u010dime se posti\u017ee ve\u0107a stabilnost i bolja otpornost na vodu. Tu je i mala ladica u sredini u koju mo\u017eete pohraniti stvari poput maramica za lice koje su uvijek potrebne i ne mogu se smo\u010diti!Ovaj proizvod dolazi u pakiranju sa\u0107a koje se mo\u017ee 100% reciklirati, \u0161to ga \u010dini sigurnim i pouzdanim za kori\u0161tenje. Ovaj visoki ormari\u0107 idealno je rje\u0161enje za male kupaonice: njegov kompaktni dizajn osigurava malu povr\u0161inu bez odustajanja od velikog i svestranog prostora za pohranu, savr\u0161en \u010dak i za ve\u0107e predmete.\" \/>\n<meta name=\"robots\" content=\"index, follow, max-snippet:-1, max-image-preview:large, max-video-preview:-1\" \/>\n<link rel=\"canonical\" href=\"https:\/\/inti.hr\/bs\/proizvod\/bijela-jedinica-za-pohranu-30x30x170cm\/\" \/>\n<meta property=\"og:locale\" content=\"bs_BA\" \/>\n<meta property=\"og:type\" content=\"article\" \/>\n<meta property=\"og:title\" content=\"Bijela jedinica za pohranu 30x30x170cm - Inti\" \/>\n<meta property=\"og:description\" content=\"Proizvod ima metalnu bazu, \u010dime se posti\u017ee ve\u0107a stabilnost i bolja otpornost na vodu. Tu je i mala ladica u sredini u koju mo\u017eete pohraniti stvari poput maramica za lice koje su uvijek potrebne i ne mogu se smo\u010diti!Ovaj proizvod dolazi u pakiranju sa\u0107a koje se mo\u017ee 100% reciklirati, \u0161to ga \u010dini sigurnim i pouzdanim za kori\u0161tenje. Ovaj visoki ormari\u0107 idealno je rje\u0161enje za male kupaonice: njegov kompaktni dizajn osigurava malu povr\u0161inu bez odustajanja od velikog i svestranog prostora za pohranu, savr\u0161en \u010dak i za ve\u0107e predmete.\" \/>\n<meta property=\"og:url\" content=\"https:\/\/inti.hr\/bs\/proizvod\/bijela-jedinica-za-pohranu-30x30x170cm\/\" \/>\n<meta property=\"og:site_name\" content=\"Inti\" \/>\n<meta property=\"og:image\" content=\"https:\/\/i0.wp.com\/inti.hr\/wp-content\/uploads\/2025\/01\/BZR181-W-Y003_860x.webp?fit=860%2C860&ssl=1\" \/>\n\t<meta property=\"og:image:width\" content=\"860\" \/>\n\t<meta property=\"og:image:height\" content=\"860\" \/>\n\t<meta property=\"og:image:type\" content=\"image\/webp\" \/>\n<meta name=\"twitter:card\" content=\"summary_large_image\" \/>\n<meta name=\"twitter:label1\" content=\"Est. reading time\" \/>\n\t<meta name=\"twitter:data1\" content=\"1 minuta\" \/>\n<script type=\"application\/ld+json\" class=\"yoast-schema-graph\">{\"@context\":\"https:\/\/schema.org\",\"@graph\":[{\"@type\":\"WebPage\",\"@id\":\"https:\/\/inti.hr\/bs\/proizvod\/bijela-jedinica-za-pohranu-30x30x170cm\/\",\"url\":\"https:\/\/inti.hr\/bs\/proizvod\/bijela-jedinica-za-pohranu-30x30x170cm\/\",\"name\":\"Bijela jedinica za pohranu 30x30x170cm - Inti\",\"isPartOf\":{\"@id\":\"https:\/\/inti.hr\/bs\/#website\"},\"primaryImageOfPage\":{\"@id\":\"https:\/\/inti.hr\/bs\/proizvod\/bijela-jedinica-za-pohranu-30x30x170cm\/#primaryimage\"},\"image\":{\"@id\":\"https:\/\/inti.hr\/bs\/proizvod\/bijela-jedinica-za-pohranu-30x30x170cm\/#primaryimage\"},\"thumbnailUrl\":\"https:\/\/i0.wp.com\/inti.hr\/wp-content\/uploads\/2025\/01\/BZR181-W-Y003_860x.webp?fit=860%2C860&ssl=1\",\"datePublished\":\"2025-01-02T10:55:07+00:00\",\"dateModified\":\"2025-01-02T10:55:07+00:00\",\"description\":\"Proizvod ima metalnu bazu, \u010dime se posti\u017ee ve\u0107a stabilnost i bolja otpornost na vodu. Tu je i mala ladica u sredini u koju mo\u017eete pohraniti stvari poput maramica za lice koje su uvijek potrebne i ne mogu se smo\u010diti!Ovaj proizvod dolazi u pakiranju sa\u0107a koje se mo\u017ee 100% reciklirati, \u0161to ga \u010dini sigurnim i pouzdanim za kori\u0161tenje. Ovaj visoki ormari\u0107 idealno je rje\u0161enje za male kupaonice: njegov kompaktni dizajn osigurava malu povr\u0161inu bez odustajanja od velikog i svestranog prostora za pohranu, savr\u0161en \u010dak i za ve\u0107e predmete.\",\"breadcrumb\":{\"@id\":\"https:\/\/inti.hr\/bs\/proizvod\/bijela-jedinica-za-pohranu-30x30x170cm\/#breadcrumb\"},\"inLanguage\":\"bs-BA\",\"potentialAction\":[{\"@type\":\"ReadAction\",\"target\":[\"https:\/\/inti.hr\/bs\/proizvod\/bijela-jedinica-za-pohranu-30x30x170cm\/\"]}]},{\"@type\":\"ImageObject\",\"inLanguage\":\"bs-BA\",\"@id\":\"https:\/\/inti.hr\/bs\/proizvod\/bijela-jedinica-za-pohranu-30x30x170cm\/#primaryimage\",\"url\":\"https:\/\/i0.wp.com\/inti.hr\/wp-content\/uploads\/2025\/01\/BZR181-W-Y003_860x.webp?fit=860%2C860&ssl=1\",\"contentUrl\":\"https:\/\/i0.wp.com\/inti.hr\/wp-content\/uploads\/2025\/01\/BZR181-W-Y003_860x.webp?fit=860%2C860&ssl=1\",\"width\":860,\"height\":860,\"caption\":\"SoBuy Bijela jedinica za pohranu 30x30x170cm BZR181-W\"},{\"@type\":\"BreadcrumbList\",\"@id\":\"https:\/\/inti.hr\/bs\/proizvod\/bijela-jedinica-za-pohranu-30x30x170cm\/#breadcrumb\",\"itemListElement\":[{\"@type\":\"ListItem\",\"position\":1,\"name\":\"Po\u010detna stranica\",\"item\":\"https:\/\/inti.hr\/bs\/\"},{\"@type\":\"ListItem\",\"position\":2,\"name\":\"Trgovina\",\"item\":\"https:\/\/inti.hr\/bs\/trgovina\/\"},{\"@type\":\"ListItem\",\"position\":3,\"name\":\"Bijela jedinica za pohranu 30x30x170cm\"}]},{\"@type\":\"WebSite\",\"@id\":\"https:\/\/inti.hr\/bs\/#website\",\"url\":\"https:\/\/inti.hr\/bs\/\",\"name\":\"Inti\",\"description\":\"trgovina\",\"potentialAction\":[{\"@type\":\"SearchAction\",\"target\":{\"@type\":\"EntryPoint\",\"urlTemplate\":\"https:\/\/inti.hr\/bs\/?s={search_term_string}\"},\"query-input\":{\"@type\":\"PropertyValueSpecification\",\"valueRequired\":true,\"valueName\":\"search_term_string\"}}],\"inLanguage\":\"bs-BA\"}]}<\/script>\n<!-- \/ Yoast SEO plugin. -->","yoast_head_json":{"title":"Bijela jedinica za pohranu 30x30x170cm - Inti","description":"Proizvod ima metalnu bazu, \u010dime se posti\u017ee ve\u0107a stabilnost i bolja otpornost na vodu. Tu je i mala ladica u sredini u koju mo\u017eete pohraniti stvari poput maramica za lice koje su uvijek potrebne i ne mogu se smo\u010diti!Ovaj proizvod dolazi u pakiranju sa\u0107a koje se mo\u017ee 100% reciklirati, \u0161to ga \u010dini sigurnim i pouzdanim za kori\u0161tenje. Ovaj visoki ormari\u0107 idealno je rje\u0161enje za male kupaonice: njegov kompaktni dizajn osigurava malu povr\u0161inu bez odustajanja od velikog i svestranog prostora za pohranu, savr\u0161en \u010dak i za ve\u0107e predmete.","robots":{"index":"index","follow":"follow","max-snippet":"max-snippet:-1","max-image-preview":"max-image-preview:large","max-video-preview":"max-video-preview:-1"},"canonical":"https:\/\/inti.hr\/bs\/proizvod\/bijela-jedinica-za-pohranu-30x30x170cm\/","og_locale":"bs_BA","og_type":"article","og_title":"Bijela jedinica za pohranu 30x30x170cm - Inti","og_description":"Proizvod ima metalnu bazu, \u010dime se posti\u017ee ve\u0107a stabilnost i bolja otpornost na vodu. Tu je i mala ladica u sredini u koju mo\u017eete pohraniti stvari poput maramica za lice koje su uvijek potrebne i ne mogu se smo\u010diti!Ovaj proizvod dolazi u pakiranju sa\u0107a koje se mo\u017ee 100% reciklirati, \u0161to ga \u010dini sigurnim i pouzdanim za kori\u0161tenje. Ovaj visoki ormari\u0107 idealno je rje\u0161enje za male kupaonice: njegov kompaktni dizajn osigurava malu povr\u0161inu bez odustajanja od velikog i svestranog prostora za pohranu, savr\u0161en \u010dak i za ve\u0107e predmete.","og_url":"https:\/\/inti.hr\/bs\/proizvod\/bijela-jedinica-za-pohranu-30x30x170cm\/","og_site_name":"Inti","og_image":[{"width":860,"height":860,"url":"https:\/\/i0.wp.com\/inti.hr\/wp-content\/uploads\/2025\/01\/BZR181-W-Y003_860x.webp?fit=860%2C860&ssl=1","type":"image\/webp"}],"twitter_card":"summary_large_image","twitter_misc":{"Est. reading time":"1 minuta"},"schema":{"@context":"https:\/\/schema.org","@graph":[{"@type":"WebPage","@id":"https:\/\/inti.hr\/bs\/proizvod\/bijela-jedinica-za-pohranu-30x30x170cm\/","url":"https:\/\/inti.hr\/bs\/proizvod\/bijela-jedinica-za-pohranu-30x30x170cm\/","name":"Bijela jedinica za pohranu 30x30x170cm - Inti","isPartOf":{"@id":"https:\/\/inti.hr\/bs\/#website"},"primaryImageOfPage":{"@id":"https:\/\/inti.hr\/bs\/proizvod\/bijela-jedinica-za-pohranu-30x30x170cm\/#primaryimage"},"image":{"@id":"https:\/\/inti.hr\/bs\/proizvod\/bijela-jedinica-za-pohranu-30x30x170cm\/#primaryimage"},"thumbnailUrl":"https:\/\/i0.wp.com\/inti.hr\/wp-content\/uploads\/2025\/01\/BZR181-W-Y003_860x.webp?fit=860%2C860&ssl=1","datePublished":"2025-01-02T10:55:07+00:00","dateModified":"2025-01-02T10:55:07+00:00","description":"Proizvod ima metalnu bazu, \u010dime se posti\u017ee ve\u0107a stabilnost i bolja otpornost na vodu. Tu je i mala ladica u sredini u koju mo\u017eete pohraniti stvari poput maramica za lice koje su uvijek potrebne i ne mogu se smo\u010diti!Ovaj proizvod dolazi u pakiranju sa\u0107a koje se mo\u017ee 100% reciklirati, \u0161to ga \u010dini sigurnim i pouzdanim za kori\u0161tenje. Ovaj visoki ormari\u0107 idealno je rje\u0161enje za male kupaonice: njegov kompaktni dizajn osigurava malu povr\u0161inu bez odustajanja od velikog i svestranog prostora za pohranu, savr\u0161en \u010dak i za ve\u0107e predmete.","breadcrumb":{"@id":"https:\/\/inti.hr\/bs\/proizvod\/bijela-jedinica-za-pohranu-30x30x170cm\/#breadcrumb"},"inLanguage":"bs-BA","potentialAction":[{"@type":"ReadAction","target":["https:\/\/inti.hr\/bs\/proizvod\/bijela-jedinica-za-pohranu-30x30x170cm\/"]}]},{"@type":"ImageObject","inLanguage":"bs-BA","@id":"https:\/\/inti.hr\/bs\/proizvod\/bijela-jedinica-za-pohranu-30x30x170cm\/#primaryimage","url":"https:\/\/i0.wp.com\/inti.hr\/wp-content\/uploads\/2025\/01\/BZR181-W-Y003_860x.webp?fit=860%2C860&ssl=1","contentUrl":"https:\/\/i0.wp.com\/inti.hr\/wp-content\/uploads\/2025\/01\/BZR181-W-Y003_860x.webp?fit=860%2C860&ssl=1","width":860,"height":860,"caption":"SoBuy Bijela jedinica za pohranu 30x30x170cm BZR181-W"},{"@type":"BreadcrumbList","@id":"https:\/\/inti.hr\/bs\/proizvod\/bijela-jedinica-za-pohranu-30x30x170cm\/#breadcrumb","itemListElement":[{"@type":"ListItem","position":1,"name":"Po\u010detna stranica","item":"https:\/\/inti.hr\/bs\/"},{"@type":"ListItem","position":2,"name":"Trgovina","item":"https:\/\/inti.hr\/bs\/trgovina\/"},{"@type":"ListItem","position":3,"name":"Bijela jedinica za pohranu 30x30x170cm"}]},{"@type":"WebSite","@id":"https:\/\/inti.hr\/bs\/#website","url":"https:\/\/inti.hr\/bs\/","name":"Inti","description":"trgovina","potentialAction":[{"@type":"SearchAction","target":{"@type":"EntryPoint","urlTemplate":"https:\/\/inti.hr\/bs\/?s={search_term_string}"},"query-input":{"@type":"PropertyValueSpecification","valueRequired":true,"valueName":"search_term_string"}}],"inLanguage":"bs-BA"}]}},"jetpack_sharing_enabled":true,"jetpack-related-posts":[],"_links":{"self":[{"href":"https:\/\/inti.hr\/bs\/wp-json\/wp\/v2\/product\/35683"}],"collection":[{"href":"https:\/\/inti.hr\/bs\/wp-json\/wp\/v2\/product"}],"about":[{"href":"https:\/\/inti.hr\/bs\/wp-json\/wp\/v2\/types\/product"}],"wp:featuredmedia":[{"embeddable":true,"href":"https:\/\/inti.hr\/bs\/wp-json\/wp\/v2\/media\/35684"}],"wp:attachment":[{"href":"https:\/\/inti.hr\/bs\/wp-json\/wp\/v2\/media?parent=35683"}],"wp:term":[{"taxonomy":"product_cat","embeddable":true,"href":"https:\/\/inti.hr\/bs\/wp-json\/wp\/v2\/product_cat?post=35683"},{"taxonomy":"product_tag","embeddable":true,"href":"https:\/\/inti.hr\/bs\/wp-json\/wp\/v2\/product_tag?post=35683"}],"curies":[{"name":"wp","href":"https:\/\/api.w.org\/{rel}","templated":true}]}}