{"id":35691,"date":"2025-01-02T11:22:38","date_gmt":"2025-01-02T10:22:38","guid":{"rendered":"https:\/\/inti.hr\/product\/ormaric-za-umivaonik-60x30x59cm\/"},"modified":"2025-01-02T11:22:38","modified_gmt":"2025-01-02T10:22:38","slug":"ormaric-za-umivaonik-60x30x59cm","status":"publish","type":"product","link":"https:\/\/inti.hr\/bs\/proizvod\/ormaric-za-umivaonik-60x30x59cm\/","title":{"rendered":"Ormari\u0107 za umivaonik 60x30x59cm"},"content":{"rendered":"<p>Pojedinosti o proizvodu:<\/p>\n<p>Te\u017eina: oko 12,4 kg.<br \/>\nTestirano za: 20 kg.<br \/>\nMaterijal: PB(E1).<br \/>\nMjere proizvoda: 60x30x59 cm (vidi sliku).<br \/>\nDimenzije paketa: 68x36x17 cm.<br \/>\nS uputama za sastavljanje i vijcima.<br \/>\nJednostavna instalacija.<\/p>\n","protected":false},"excerpt":{"rendered":"<p>Veli\u010dina izreza za sifon: 15&#215;20 cm, prije kupnje izmjerite veli\u010dinu sifona &#8230; <\/p>\n","protected":false},"featured_media":35692,"template":"","meta":[],"product_cat":[2392],"product_tag":[3768,2520],"yoast_head":"<!-- This site is optimized with the Yoast SEO plugin v23.7 - https:\/\/yoast.com\/wordpress\/plugins\/seo\/ -->\n<title>Ormari\u0107 za umivaonik 60x30x59cm - Inti<\/title>\n<meta name=\"description\" content=\"Veli\u010dina izreza za sifon: 15x20 cm, prije kupnje izmjerite veli\u010dinu sifona i raspolo\u017eivi prostor ispod sudopera kako biste utvrdili odgovara li va\u0161 ormari\u0107.Polica iza vrata mo\u017ee se podesiti na tri visine kako bi se lako smjestili predmeti razli\u010ditih visina.Klasi\u010dna bijela boja i zlatne metalne ru\u010dke daju namje\u0161taju moderan i elegantan izgled\" \/>\n<meta name=\"robots\" content=\"index, follow, max-snippet:-1, max-image-preview:large, max-video-preview:-1\" \/>\n<link rel=\"canonical\" href=\"https:\/\/inti.hr\/bs\/proizvod\/ormaric-za-umivaonik-60x30x59cm\/\" \/>\n<meta property=\"og:locale\" content=\"bs_BA\" \/>\n<meta property=\"og:type\" content=\"article\" \/>\n<meta property=\"og:title\" content=\"Ormari\u0107 za umivaonik 60x30x59cm - Inti\" \/>\n<meta property=\"og:description\" content=\"Veli\u010dina izreza za sifon: 15x20 cm, prije kupnje izmjerite veli\u010dinu sifona i raspolo\u017eivi prostor ispod sudopera kako biste utvrdili odgovara li va\u0161 ormari\u0107.Polica iza vrata mo\u017ee se podesiti na tri visine kako bi se lako smjestili predmeti razli\u010ditih visina.Klasi\u010dna bijela boja i zlatne metalne ru\u010dke daju namje\u0161taju moderan i elegantan izgled\" \/>\n<meta property=\"og:url\" content=\"https:\/\/inti.hr\/bs\/proizvod\/ormaric-za-umivaonik-60x30x59cm\/\" \/>\n<meta property=\"og:site_name\" content=\"Inti\" \/>\n<meta property=\"og:image\" content=\"https:\/\/i0.wp.com\/inti.hr\/wp-content\/uploads\/2025\/01\/BZR179-W-Y002_860x.webp?fit=860%2C860&ssl=1\" \/>\n\t<meta property=\"og:image:width\" content=\"860\" \/>\n\t<meta property=\"og:image:height\" content=\"860\" \/>\n\t<meta property=\"og:image:type\" content=\"image\/webp\" \/>\n<meta name=\"twitter:card\" content=\"summary_large_image\" \/>\n<script type=\"application\/ld+json\" class=\"yoast-schema-graph\">{\"@context\":\"https:\/\/schema.org\",\"@graph\":[{\"@type\":\"WebPage\",\"@id\":\"https:\/\/inti.hr\/bs\/proizvod\/ormaric-za-umivaonik-60x30x59cm\/\",\"url\":\"https:\/\/inti.hr\/bs\/proizvod\/ormaric-za-umivaonik-60x30x59cm\/\",\"name\":\"Ormari\u0107 za umivaonik 60x30x59cm - Inti\",\"isPartOf\":{\"@id\":\"https:\/\/inti.hr\/bs\/#website\"},\"primaryImageOfPage\":{\"@id\":\"https:\/\/inti.hr\/bs\/proizvod\/ormaric-za-umivaonik-60x30x59cm\/#primaryimage\"},\"image\":{\"@id\":\"https:\/\/inti.hr\/bs\/proizvod\/ormaric-za-umivaonik-60x30x59cm\/#primaryimage\"},\"thumbnailUrl\":\"https:\/\/i0.wp.com\/inti.hr\/wp-content\/uploads\/2025\/01\/BZR179-W-Y002_860x.webp?fit=860%2C860&ssl=1\",\"datePublished\":\"2025-01-02T10:22:38+00:00\",\"dateModified\":\"2025-01-02T10:22:38+00:00\",\"description\":\"Veli\u010dina izreza za sifon: 15x20 cm, prije kupnje izmjerite veli\u010dinu sifona i raspolo\u017eivi prostor ispod sudopera kako biste utvrdili odgovara li va\u0161 ormari\u0107.Polica iza vrata mo\u017ee se podesiti na tri visine kako bi se lako smjestili predmeti razli\u010ditih visina.Klasi\u010dna bijela boja i zlatne metalne ru\u010dke daju namje\u0161taju moderan i elegantan izgled\",\"breadcrumb\":{\"@id\":\"https:\/\/inti.hr\/bs\/proizvod\/ormaric-za-umivaonik-60x30x59cm\/#breadcrumb\"},\"inLanguage\":\"bs-BA\",\"potentialAction\":[{\"@type\":\"ReadAction\",\"target\":[\"https:\/\/inti.hr\/bs\/proizvod\/ormaric-za-umivaonik-60x30x59cm\/\"]}]},{\"@type\":\"ImageObject\",\"inLanguage\":\"bs-BA\",\"@id\":\"https:\/\/inti.hr\/bs\/proizvod\/ormaric-za-umivaonik-60x30x59cm\/#primaryimage\",\"url\":\"https:\/\/i0.wp.com\/inti.hr\/wp-content\/uploads\/2025\/01\/BZR179-W-Y002_860x.webp?fit=860%2C860&ssl=1\",\"contentUrl\":\"https:\/\/i0.wp.com\/inti.hr\/wp-content\/uploads\/2025\/01\/BZR179-W-Y002_860x.webp?fit=860%2C860&ssl=1\",\"width\":860,\"height\":860,\"caption\":\"SoBuy ormari\u0107 za umivaonik 60x30x59cm BZR179-W\"},{\"@type\":\"BreadcrumbList\",\"@id\":\"https:\/\/inti.hr\/bs\/proizvod\/ormaric-za-umivaonik-60x30x59cm\/#breadcrumb\",\"itemListElement\":[{\"@type\":\"ListItem\",\"position\":1,\"name\":\"Po\u010detna stranica\",\"item\":\"https:\/\/inti.hr\/bs\/\"},{\"@type\":\"ListItem\",\"position\":2,\"name\":\"Trgovina\",\"item\":\"https:\/\/inti.hr\/bs\/trgovina\/\"},{\"@type\":\"ListItem\",\"position\":3,\"name\":\"Ormari\u0107 za umivaonik 60x30x59cm\"}]},{\"@type\":\"WebSite\",\"@id\":\"https:\/\/inti.hr\/bs\/#website\",\"url\":\"https:\/\/inti.hr\/bs\/\",\"name\":\"Inti\",\"description\":\"trgovina\",\"potentialAction\":[{\"@type\":\"SearchAction\",\"target\":{\"@type\":\"EntryPoint\",\"urlTemplate\":\"https:\/\/inti.hr\/bs\/?s={search_term_string}\"},\"query-input\":{\"@type\":\"PropertyValueSpecification\",\"valueRequired\":true,\"valueName\":\"search_term_string\"}}],\"inLanguage\":\"bs-BA\"}]}<\/script>\n<!-- \/ Yoast SEO plugin. -->","yoast_head_json":{"title":"Ormari\u0107 za umivaonik 60x30x59cm - Inti","description":"Veli\u010dina izreza za sifon: 15x20 cm, prije kupnje izmjerite veli\u010dinu sifona i raspolo\u017eivi prostor ispod sudopera kako biste utvrdili odgovara li va\u0161 ormari\u0107.Polica iza vrata mo\u017ee se podesiti na tri visine kako bi se lako smjestili predmeti razli\u010ditih visina.Klasi\u010dna bijela boja i zlatne metalne ru\u010dke daju namje\u0161taju moderan i elegantan izgled","robots":{"index":"index","follow":"follow","max-snippet":"max-snippet:-1","max-image-preview":"max-image-preview:large","max-video-preview":"max-video-preview:-1"},"canonical":"https:\/\/inti.hr\/bs\/proizvod\/ormaric-za-umivaonik-60x30x59cm\/","og_locale":"bs_BA","og_type":"article","og_title":"Ormari\u0107 za umivaonik 60x30x59cm - Inti","og_description":"Veli\u010dina izreza za sifon: 15x20 cm, prije kupnje izmjerite veli\u010dinu sifona i raspolo\u017eivi prostor ispod sudopera kako biste utvrdili odgovara li va\u0161 ormari\u0107.Polica iza vrata mo\u017ee se podesiti na tri visine kako bi se lako smjestili predmeti razli\u010ditih visina.Klasi\u010dna bijela boja i zlatne metalne ru\u010dke daju namje\u0161taju moderan i elegantan izgled","og_url":"https:\/\/inti.hr\/bs\/proizvod\/ormaric-za-umivaonik-60x30x59cm\/","og_site_name":"Inti","og_image":[{"width":860,"height":860,"url":"https:\/\/i0.wp.com\/inti.hr\/wp-content\/uploads\/2025\/01\/BZR179-W-Y002_860x.webp?fit=860%2C860&ssl=1","type":"image\/webp"}],"twitter_card":"summary_large_image","schema":{"@context":"https:\/\/schema.org","@graph":[{"@type":"WebPage","@id":"https:\/\/inti.hr\/bs\/proizvod\/ormaric-za-umivaonik-60x30x59cm\/","url":"https:\/\/inti.hr\/bs\/proizvod\/ormaric-za-umivaonik-60x30x59cm\/","name":"Ormari\u0107 za umivaonik 60x30x59cm - Inti","isPartOf":{"@id":"https:\/\/inti.hr\/bs\/#website"},"primaryImageOfPage":{"@id":"https:\/\/inti.hr\/bs\/proizvod\/ormaric-za-umivaonik-60x30x59cm\/#primaryimage"},"image":{"@id":"https:\/\/inti.hr\/bs\/proizvod\/ormaric-za-umivaonik-60x30x59cm\/#primaryimage"},"thumbnailUrl":"https:\/\/i0.wp.com\/inti.hr\/wp-content\/uploads\/2025\/01\/BZR179-W-Y002_860x.webp?fit=860%2C860&ssl=1","datePublished":"2025-01-02T10:22:38+00:00","dateModified":"2025-01-02T10:22:38+00:00","description":"Veli\u010dina izreza za sifon: 15x20 cm, prije kupnje izmjerite veli\u010dinu sifona i raspolo\u017eivi prostor ispod sudopera kako biste utvrdili odgovara li va\u0161 ormari\u0107.Polica iza vrata mo\u017ee se podesiti na tri visine kako bi se lako smjestili predmeti razli\u010ditih visina.Klasi\u010dna bijela boja i zlatne metalne ru\u010dke daju namje\u0161taju moderan i elegantan izgled","breadcrumb":{"@id":"https:\/\/inti.hr\/bs\/proizvod\/ormaric-za-umivaonik-60x30x59cm\/#breadcrumb"},"inLanguage":"bs-BA","potentialAction":[{"@type":"ReadAction","target":["https:\/\/inti.hr\/bs\/proizvod\/ormaric-za-umivaonik-60x30x59cm\/"]}]},{"@type":"ImageObject","inLanguage":"bs-BA","@id":"https:\/\/inti.hr\/bs\/proizvod\/ormaric-za-umivaonik-60x30x59cm\/#primaryimage","url":"https:\/\/i0.wp.com\/inti.hr\/wp-content\/uploads\/2025\/01\/BZR179-W-Y002_860x.webp?fit=860%2C860&ssl=1","contentUrl":"https:\/\/i0.wp.com\/inti.hr\/wp-content\/uploads\/2025\/01\/BZR179-W-Y002_860x.webp?fit=860%2C860&ssl=1","width":860,"height":860,"caption":"SoBuy ormari\u0107 za umivaonik 60x30x59cm BZR179-W"},{"@type":"BreadcrumbList","@id":"https:\/\/inti.hr\/bs\/proizvod\/ormaric-za-umivaonik-60x30x59cm\/#breadcrumb","itemListElement":[{"@type":"ListItem","position":1,"name":"Po\u010detna stranica","item":"https:\/\/inti.hr\/bs\/"},{"@type":"ListItem","position":2,"name":"Trgovina","item":"https:\/\/inti.hr\/bs\/trgovina\/"},{"@type":"ListItem","position":3,"name":"Ormari\u0107 za umivaonik 60x30x59cm"}]},{"@type":"WebSite","@id":"https:\/\/inti.hr\/bs\/#website","url":"https:\/\/inti.hr\/bs\/","name":"Inti","description":"trgovina","potentialAction":[{"@type":"SearchAction","target":{"@type":"EntryPoint","urlTemplate":"https:\/\/inti.hr\/bs\/?s={search_term_string}"},"query-input":{"@type":"PropertyValueSpecification","valueRequired":true,"valueName":"search_term_string"}}],"inLanguage":"bs-BA"}]}},"jetpack_sharing_enabled":true,"jetpack-related-posts":[],"_links":{"self":[{"href":"https:\/\/inti.hr\/bs\/wp-json\/wp\/v2\/product\/35691"}],"collection":[{"href":"https:\/\/inti.hr\/bs\/wp-json\/wp\/v2\/product"}],"about":[{"href":"https:\/\/inti.hr\/bs\/wp-json\/wp\/v2\/types\/product"}],"wp:featuredmedia":[{"embeddable":true,"href":"https:\/\/inti.hr\/bs\/wp-json\/wp\/v2\/media\/35692"}],"wp:attachment":[{"href":"https:\/\/inti.hr\/bs\/wp-json\/wp\/v2\/media?parent=35691"}],"wp:term":[{"taxonomy":"product_cat","embeddable":true,"href":"https:\/\/inti.hr\/bs\/wp-json\/wp\/v2\/product_cat?post=35691"},{"taxonomy":"product_tag","embeddable":true,"href":"https:\/\/inti.hr\/bs\/wp-json\/wp\/v2\/product_tag?post=35691"}],"curies":[{"name":"wp","href":"https:\/\/api.w.org\/{rel}","templated":true}]}}