{"id":35763,"date":"2024-12-11T09:15:42","date_gmt":"2024-12-11T08:15:42","guid":{"rendered":"https:\/\/inti.hr\/product\/ormaric-za-pijesak-s-vratima-na-otvaranje-za-velike-macke\/"},"modified":"2024-12-11T09:15:42","modified_gmt":"2024-12-11T08:15:42","slug":"ormaric-za-pijesak-s-vratima-na-otvaranje-za-velike-macke","status":"publish","type":"product","link":"https:\/\/inti.hr\/bs\/proizvod\/ormaric-za-pijesak-s-vratima-na-otvaranje-za-velike-macke\/","title":{"rendered":"Ormari\u0107 za pijesak s vratima na otvaranje za velike ma\u010dke"},"content":{"rendered":"<ul>\n<li><b><span>Detalji proizvoda:<\/span><\/b><\/li>\n<li><span>Boja: snje\u017eno bijela<\/span><\/li>\n<li><span>Materijal: iverica<\/span><\/li>\n<li><span>Ukupna veli\u010dina: 80 x 50 x 50 cm (D x \u0160 x V)<\/span><\/li>\n<li><span>Veli\u010dina glavnog odjeljka: 56 x 47 x 47 cm (D x \u0160 x V)<\/span><\/li>\n<li><span>Te\u017eina: 17,1 kg<\/span><\/li>\n<li><span>Maksimalna stati\u010dka nosivost: 60 kg<\/span><\/li>\n<\/ul>\n","protected":false},"excerpt":{"rendered":"<p>Glavni pretinac 56 x 47 x 47 cm nudi dovoljno prostora &#8230; <\/p>\n","protected":false},"featured_media":35764,"template":"","meta":[],"product_cat":[2400],"product_tag":[2644,4596],"yoast_head":"<!-- This site is optimized with the Yoast SEO plugin v23.7 - https:\/\/yoast.com\/wordpress\/plugins\/seo\/ -->\n<title>Ormari\u0107 za pijesak s vratima na otvaranje za velike ma\u010dke - Inti<\/title>\n<meta name=\"description\" content=\"Glavni pretinac 56 x 47 x 47 cm nudi dovoljno prostora za ve\u0107inu ma\u010djih pijeska, a \u010dak se i velike ma\u010dke kao \u0161to su Maine Coon ma\u010dke mogu slobodno okretati. Zahvaljuju\u0107i velikom prolazu, put kroz kutiju s pijeskom ne\u0107e biti lako blokiran. Izra\u0111en od vrhunske drvene iverice, konstrukcija ormari\u0107a s pijeskom za ma\u010dke je stabilna (ukupna nosivost do 60 kg) i izdr\u017eljiva, tako da ovaj ormari\u0107 za ma\u010dke mo\u017ee pratiti vas i va\u0161u ma\u010dku dugi niz godina. Jasne linije, kombinacija zatvorenog i otvorenog prostora - ovu ku\u0107icu za ma\u010dke odlikuje moderan izgled, u kombinaciji s funkcionalno\u0161\u0107u, te odgovara razli\u010ditim \u017eivotnim stilovima. Ormari\u0107 s pijeskom nudi va\u0161oj ma\u010dki privatno mjesto gdje se va\u0161a ma\u010dka osje\u0107a sigurno da obavi nu\u017edu. Tako\u0111er skriva mirise i omogu\u0107uje manje ispadanja ma\u010djeg pijeska - rje\u0161enje za sve!\" \/>\n<meta name=\"robots\" content=\"index, follow, max-snippet:-1, max-image-preview:large, max-video-preview:-1\" \/>\n<link rel=\"canonical\" href=\"https:\/\/inti.hr\/bs\/proizvod\/ormaric-za-pijesak-s-vratima-na-otvaranje-za-velike-macke\/\" \/>\n<meta property=\"og:locale\" content=\"bs_BA\" \/>\n<meta property=\"og:type\" content=\"article\" \/>\n<meta property=\"og:title\" content=\"Ormari\u0107 za pijesak s vratima na otvaranje za velike ma\u010dke - Inti\" \/>\n<meta property=\"og:description\" content=\"Glavni pretinac 56 x 47 x 47 cm nudi dovoljno prostora za ve\u0107inu ma\u010djih pijeska, a \u010dak se i velike ma\u010dke kao \u0161to su Maine Coon ma\u010dke mogu slobodno okretati. Zahvaljuju\u0107i velikom prolazu, put kroz kutiju s pijeskom ne\u0107e biti lako blokiran. Izra\u0111en od vrhunske drvene iverice, konstrukcija ormari\u0107a s pijeskom za ma\u010dke je stabilna (ukupna nosivost do 60 kg) i izdr\u017eljiva, tako da ovaj ormari\u0107 za ma\u010dke mo\u017ee pratiti vas i va\u0161u ma\u010dku dugi niz godina. Jasne linije, kombinacija zatvorenog i otvorenog prostora - ovu ku\u0107icu za ma\u010dke odlikuje moderan izgled, u kombinaciji s funkcionalno\u0161\u0107u, te odgovara razli\u010ditim \u017eivotnim stilovima. Ormari\u0107 s pijeskom nudi va\u0161oj ma\u010dki privatno mjesto gdje se va\u0161a ma\u010dka osje\u0107a sigurno da obavi nu\u017edu. Tako\u0111er skriva mirise i omogu\u0107uje manje ispadanja ma\u010djeg pijeska - rje\u0161enje za sve!\" \/>\n<meta property=\"og:url\" content=\"https:\/\/inti.hr\/bs\/proizvod\/ormaric-za-pijesak-s-vratima-na-otvaranje-za-velike-macke\/\" \/>\n<meta property=\"og:site_name\" content=\"Inti\" \/>\n<meta property=\"og:image\" content=\"https:\/\/i0.wp.com\/inti.hr\/wp-content\/uploads\/2024\/12\/PCL013W01-1.jpg?fit=1000%2C1000&ssl=1\" \/>\n\t<meta property=\"og:image:width\" content=\"1000\" \/>\n\t<meta property=\"og:image:height\" content=\"1000\" \/>\n\t<meta property=\"og:image:type\" content=\"image\/jpeg\" \/>\n<meta name=\"twitter:card\" content=\"summary_large_image\" \/>\n<script type=\"application\/ld+json\" class=\"yoast-schema-graph\">{\"@context\":\"https:\/\/schema.org\",\"@graph\":[{\"@type\":\"WebPage\",\"@id\":\"https:\/\/inti.hr\/bs\/proizvod\/ormaric-za-pijesak-s-vratima-na-otvaranje-za-velike-macke\/\",\"url\":\"https:\/\/inti.hr\/bs\/proizvod\/ormaric-za-pijesak-s-vratima-na-otvaranje-za-velike-macke\/\",\"name\":\"Ormari\u0107 za pijesak s vratima na otvaranje za velike ma\u010dke - Inti\",\"isPartOf\":{\"@id\":\"https:\/\/inti.hr\/bs\/#website\"},\"primaryImageOfPage\":{\"@id\":\"https:\/\/inti.hr\/bs\/proizvod\/ormaric-za-pijesak-s-vratima-na-otvaranje-za-velike-macke\/#primaryimage\"},\"image\":{\"@id\":\"https:\/\/inti.hr\/bs\/proizvod\/ormaric-za-pijesak-s-vratima-na-otvaranje-za-velike-macke\/#primaryimage\"},\"thumbnailUrl\":\"https:\/\/i0.wp.com\/inti.hr\/wp-content\/uploads\/2024\/12\/PCL013W01-1.jpg?fit=1000%2C1000&ssl=1\",\"datePublished\":\"2024-12-11T08:15:42+00:00\",\"dateModified\":\"2024-12-11T08:15:42+00:00\",\"description\":\"Glavni pretinac 56 x 47 x 47 cm nudi dovoljno prostora za ve\u0107inu ma\u010djih pijeska, a \u010dak se i velike ma\u010dke kao \u0161to su Maine Coon ma\u010dke mogu slobodno okretati. Zahvaljuju\u0107i velikom prolazu, put kroz kutiju s pijeskom ne\u0107e biti lako blokiran. Izra\u0111en od vrhunske drvene iverice, konstrukcija ormari\u0107a s pijeskom za ma\u010dke je stabilna (ukupna nosivost do 60 kg) i izdr\u017eljiva, tako da ovaj ormari\u0107 za ma\u010dke mo\u017ee pratiti vas i va\u0161u ma\u010dku dugi niz godina. Jasne linije, kombinacija zatvorenog i otvorenog prostora - ovu ku\u0107icu za ma\u010dke odlikuje moderan izgled, u kombinaciji s funkcionalno\u0161\u0107u, te odgovara razli\u010ditim \u017eivotnim stilovima. Ormari\u0107 s pijeskom nudi va\u0161oj ma\u010dki privatno mjesto gdje se va\u0161a ma\u010dka osje\u0107a sigurno da obavi nu\u017edu. Tako\u0111er skriva mirise i omogu\u0107uje manje ispadanja ma\u010djeg pijeska - rje\u0161enje za sve!\",\"breadcrumb\":{\"@id\":\"https:\/\/inti.hr\/bs\/proizvod\/ormaric-za-pijesak-s-vratima-na-otvaranje-za-velike-macke\/#breadcrumb\"},\"inLanguage\":\"bs-BA\",\"potentialAction\":[{\"@type\":\"ReadAction\",\"target\":[\"https:\/\/inti.hr\/bs\/proizvod\/ormaric-za-pijesak-s-vratima-na-otvaranje-za-velike-macke\/\"]}]},{\"@type\":\"ImageObject\",\"inLanguage\":\"bs-BA\",\"@id\":\"https:\/\/inti.hr\/bs\/proizvod\/ormaric-za-pijesak-s-vratima-na-otvaranje-za-velike-macke\/#primaryimage\",\"url\":\"https:\/\/i0.wp.com\/inti.hr\/wp-content\/uploads\/2024\/12\/PCL013W01-1.jpg?fit=1000%2C1000&ssl=1\",\"contentUrl\":\"https:\/\/i0.wp.com\/inti.hr\/wp-content\/uploads\/2024\/12\/PCL013W01-1.jpg?fit=1000%2C1000&ssl=1\",\"width\":1000,\"height\":1000,\"caption\":\"Feandrea ormari\u0107 za pijesak s vratima na otvaranje za velike ma\u010dke\"},{\"@type\":\"BreadcrumbList\",\"@id\":\"https:\/\/inti.hr\/bs\/proizvod\/ormaric-za-pijesak-s-vratima-na-otvaranje-za-velike-macke\/#breadcrumb\",\"itemListElement\":[{\"@type\":\"ListItem\",\"position\":1,\"name\":\"Po\u010detna stranica\",\"item\":\"https:\/\/inti.hr\/bs\/\"},{\"@type\":\"ListItem\",\"position\":2,\"name\":\"Trgovina\",\"item\":\"https:\/\/inti.hr\/bs\/trgovina\/\"},{\"@type\":\"ListItem\",\"position\":3,\"name\":\"Ormari\u0107 za pijesak s vratima na otvaranje za velike ma\u010dke\"}]},{\"@type\":\"WebSite\",\"@id\":\"https:\/\/inti.hr\/bs\/#website\",\"url\":\"https:\/\/inti.hr\/bs\/\",\"name\":\"Inti\",\"description\":\"trgovina\",\"potentialAction\":[{\"@type\":\"SearchAction\",\"target\":{\"@type\":\"EntryPoint\",\"urlTemplate\":\"https:\/\/inti.hr\/bs\/?s={search_term_string}\"},\"query-input\":{\"@type\":\"PropertyValueSpecification\",\"valueRequired\":true,\"valueName\":\"search_term_string\"}}],\"inLanguage\":\"bs-BA\"}]}<\/script>\n<!-- \/ Yoast SEO plugin. -->","yoast_head_json":{"title":"Ormari\u0107 za pijesak s vratima na otvaranje za velike ma\u010dke - Inti","description":"Glavni pretinac 56 x 47 x 47 cm nudi dovoljno prostora za ve\u0107inu ma\u010djih pijeska, a \u010dak se i velike ma\u010dke kao \u0161to su Maine Coon ma\u010dke mogu slobodno okretati. Zahvaljuju\u0107i velikom prolazu, put kroz kutiju s pijeskom ne\u0107e biti lako blokiran. Izra\u0111en od vrhunske drvene iverice, konstrukcija ormari\u0107a s pijeskom za ma\u010dke je stabilna (ukupna nosivost do 60 kg) i izdr\u017eljiva, tako da ovaj ormari\u0107 za ma\u010dke mo\u017ee pratiti vas i va\u0161u ma\u010dku dugi niz godina. Jasne linije, kombinacija zatvorenog i otvorenog prostora - ovu ku\u0107icu za ma\u010dke odlikuje moderan izgled, u kombinaciji s funkcionalno\u0161\u0107u, te odgovara razli\u010ditim \u017eivotnim stilovima. Ormari\u0107 s pijeskom nudi va\u0161oj ma\u010dki privatno mjesto gdje se va\u0161a ma\u010dka osje\u0107a sigurno da obavi nu\u017edu. Tako\u0111er skriva mirise i omogu\u0107uje manje ispadanja ma\u010djeg pijeska - rje\u0161enje za sve!","robots":{"index":"index","follow":"follow","max-snippet":"max-snippet:-1","max-image-preview":"max-image-preview:large","max-video-preview":"max-video-preview:-1"},"canonical":"https:\/\/inti.hr\/bs\/proizvod\/ormaric-za-pijesak-s-vratima-na-otvaranje-za-velike-macke\/","og_locale":"bs_BA","og_type":"article","og_title":"Ormari\u0107 za pijesak s vratima na otvaranje za velike ma\u010dke - Inti","og_description":"Glavni pretinac 56 x 47 x 47 cm nudi dovoljno prostora za ve\u0107inu ma\u010djih pijeska, a \u010dak se i velike ma\u010dke kao \u0161to su Maine Coon ma\u010dke mogu slobodno okretati. Zahvaljuju\u0107i velikom prolazu, put kroz kutiju s pijeskom ne\u0107e biti lako blokiran. Izra\u0111en od vrhunske drvene iverice, konstrukcija ormari\u0107a s pijeskom za ma\u010dke je stabilna (ukupna nosivost do 60 kg) i izdr\u017eljiva, tako da ovaj ormari\u0107 za ma\u010dke mo\u017ee pratiti vas i va\u0161u ma\u010dku dugi niz godina. Jasne linije, kombinacija zatvorenog i otvorenog prostora - ovu ku\u0107icu za ma\u010dke odlikuje moderan izgled, u kombinaciji s funkcionalno\u0161\u0107u, te odgovara razli\u010ditim \u017eivotnim stilovima. Ormari\u0107 s pijeskom nudi va\u0161oj ma\u010dki privatno mjesto gdje se va\u0161a ma\u010dka osje\u0107a sigurno da obavi nu\u017edu. Tako\u0111er skriva mirise i omogu\u0107uje manje ispadanja ma\u010djeg pijeska - rje\u0161enje za sve!","og_url":"https:\/\/inti.hr\/bs\/proizvod\/ormaric-za-pijesak-s-vratima-na-otvaranje-za-velike-macke\/","og_site_name":"Inti","og_image":[{"width":1000,"height":1000,"url":"https:\/\/i0.wp.com\/inti.hr\/wp-content\/uploads\/2024\/12\/PCL013W01-1.jpg?fit=1000%2C1000&ssl=1","type":"image\/jpeg"}],"twitter_card":"summary_large_image","schema":{"@context":"https:\/\/schema.org","@graph":[{"@type":"WebPage","@id":"https:\/\/inti.hr\/bs\/proizvod\/ormaric-za-pijesak-s-vratima-na-otvaranje-za-velike-macke\/","url":"https:\/\/inti.hr\/bs\/proizvod\/ormaric-za-pijesak-s-vratima-na-otvaranje-za-velike-macke\/","name":"Ormari\u0107 za pijesak s vratima na otvaranje za velike ma\u010dke - Inti","isPartOf":{"@id":"https:\/\/inti.hr\/bs\/#website"},"primaryImageOfPage":{"@id":"https:\/\/inti.hr\/bs\/proizvod\/ormaric-za-pijesak-s-vratima-na-otvaranje-za-velike-macke\/#primaryimage"},"image":{"@id":"https:\/\/inti.hr\/bs\/proizvod\/ormaric-za-pijesak-s-vratima-na-otvaranje-za-velike-macke\/#primaryimage"},"thumbnailUrl":"https:\/\/i0.wp.com\/inti.hr\/wp-content\/uploads\/2024\/12\/PCL013W01-1.jpg?fit=1000%2C1000&ssl=1","datePublished":"2024-12-11T08:15:42+00:00","dateModified":"2024-12-11T08:15:42+00:00","description":"Glavni pretinac 56 x 47 x 47 cm nudi dovoljno prostora za ve\u0107inu ma\u010djih pijeska, a \u010dak se i velike ma\u010dke kao \u0161to su Maine Coon ma\u010dke mogu slobodno okretati. Zahvaljuju\u0107i velikom prolazu, put kroz kutiju s pijeskom ne\u0107e biti lako blokiran. Izra\u0111en od vrhunske drvene iverice, konstrukcija ormari\u0107a s pijeskom za ma\u010dke je stabilna (ukupna nosivost do 60 kg) i izdr\u017eljiva, tako da ovaj ormari\u0107 za ma\u010dke mo\u017ee pratiti vas i va\u0161u ma\u010dku dugi niz godina. Jasne linije, kombinacija zatvorenog i otvorenog prostora - ovu ku\u0107icu za ma\u010dke odlikuje moderan izgled, u kombinaciji s funkcionalno\u0161\u0107u, te odgovara razli\u010ditim \u017eivotnim stilovima. Ormari\u0107 s pijeskom nudi va\u0161oj ma\u010dki privatno mjesto gdje se va\u0161a ma\u010dka osje\u0107a sigurno da obavi nu\u017edu. Tako\u0111er skriva mirise i omogu\u0107uje manje ispadanja ma\u010djeg pijeska - rje\u0161enje za sve!","breadcrumb":{"@id":"https:\/\/inti.hr\/bs\/proizvod\/ormaric-za-pijesak-s-vratima-na-otvaranje-za-velike-macke\/#breadcrumb"},"inLanguage":"bs-BA","potentialAction":[{"@type":"ReadAction","target":["https:\/\/inti.hr\/bs\/proizvod\/ormaric-za-pijesak-s-vratima-na-otvaranje-za-velike-macke\/"]}]},{"@type":"ImageObject","inLanguage":"bs-BA","@id":"https:\/\/inti.hr\/bs\/proizvod\/ormaric-za-pijesak-s-vratima-na-otvaranje-za-velike-macke\/#primaryimage","url":"https:\/\/i0.wp.com\/inti.hr\/wp-content\/uploads\/2024\/12\/PCL013W01-1.jpg?fit=1000%2C1000&ssl=1","contentUrl":"https:\/\/i0.wp.com\/inti.hr\/wp-content\/uploads\/2024\/12\/PCL013W01-1.jpg?fit=1000%2C1000&ssl=1","width":1000,"height":1000,"caption":"Feandrea ormari\u0107 za pijesak s vratima na otvaranje za velike ma\u010dke"},{"@type":"BreadcrumbList","@id":"https:\/\/inti.hr\/bs\/proizvod\/ormaric-za-pijesak-s-vratima-na-otvaranje-za-velike-macke\/#breadcrumb","itemListElement":[{"@type":"ListItem","position":1,"name":"Po\u010detna stranica","item":"https:\/\/inti.hr\/bs\/"},{"@type":"ListItem","position":2,"name":"Trgovina","item":"https:\/\/inti.hr\/bs\/trgovina\/"},{"@type":"ListItem","position":3,"name":"Ormari\u0107 za pijesak s vratima na otvaranje za velike ma\u010dke"}]},{"@type":"WebSite","@id":"https:\/\/inti.hr\/bs\/#website","url":"https:\/\/inti.hr\/bs\/","name":"Inti","description":"trgovina","potentialAction":[{"@type":"SearchAction","target":{"@type":"EntryPoint","urlTemplate":"https:\/\/inti.hr\/bs\/?s={search_term_string}"},"query-input":{"@type":"PropertyValueSpecification","valueRequired":true,"valueName":"search_term_string"}}],"inLanguage":"bs-BA"}]}},"jetpack_sharing_enabled":true,"jetpack-related-posts":[],"_links":{"self":[{"href":"https:\/\/inti.hr\/bs\/wp-json\/wp\/v2\/product\/35763"}],"collection":[{"href":"https:\/\/inti.hr\/bs\/wp-json\/wp\/v2\/product"}],"about":[{"href":"https:\/\/inti.hr\/bs\/wp-json\/wp\/v2\/types\/product"}],"wp:featuredmedia":[{"embeddable":true,"href":"https:\/\/inti.hr\/bs\/wp-json\/wp\/v2\/media\/35764"}],"wp:attachment":[{"href":"https:\/\/inti.hr\/bs\/wp-json\/wp\/v2\/media?parent=35763"}],"wp:term":[{"taxonomy":"product_cat","embeddable":true,"href":"https:\/\/inti.hr\/bs\/wp-json\/wp\/v2\/product_cat?post=35763"},{"taxonomy":"product_tag","embeddable":true,"href":"https:\/\/inti.hr\/bs\/wp-json\/wp\/v2\/product_tag?post=35763"}],"curies":[{"name":"wp","href":"https:\/\/api.w.org\/{rel}","templated":true}]}}