{"id":35767,"date":"2024-12-09T16:04:20","date_gmt":"2024-12-09T15:04:20","guid":{"rendered":"https:\/\/inti.hr\/product\/komoda-sa-preklopnom-plocom-115x71x92cm\/"},"modified":"2024-12-09T16:04:20","modified_gmt":"2024-12-09T15:04:20","slug":"komoda-sa-preklopnom-plocom-115x71x92cm","status":"publish","type":"product","link":"https:\/\/inti.hr\/bs\/proizvod\/komoda-sa-preklopnom-plocom-115x71x92cm\/","title":{"rendered":"Komoda sa preklopnom plo\u010dom 115x71x92cm"},"content":{"rendered":"<p>Pojedinosti o proizvodu:<br \/>\nMaterijal: MDF, akrilna boja<br \/>\nDimenzije proizvoda: L115*D(46\/71)*H92 cm (vidi sliku).<br \/>\nTe\u017eina: 44 kg. Nosivost do 75 kg.<br \/>\nOvaj proizvod se sastoji od 2 paketa: Paket A: 120,00*53,00*26,00 cm, 24 kg, Paket B: 99,00*49,00*27,00 cm, 28 kg<br \/>\nS uputama za monta\u017eu i vijcima, jednostavna monta\u017ea<br \/>\nOvaj proizvod je razvijen i ispitan za ku\u0107nu upotrebu.<\/p>\n","protected":false},"excerpt":{"rendered":"<p>Sa svojim velikim unutarnjim prostorom nudi kapacitet za odlaganje tanjura, stolnjaka &#8230; <\/p>\n","protected":false},"featured_media":35768,"template":"","meta":[],"product_cat":[2536],"product_tag":[2537,3744],"yoast_head":"<!-- This site is optimized with the Yoast SEO plugin v23.7 - https:\/\/yoast.com\/wordpress\/plugins\/seo\/ -->\n<title>Komoda sa preklopnom plo\u010dom 115x71x92cm - Inti<\/title>\n<meta name=\"description\" content=\"Sa svojim velikim unutarnjim prostorom nudi kapacitet za odlaganje tanjura, stolnjaka i svih ostalih kuhinjskih potrep\u0161tina.Produljiva radna plo\u010da od otpornog drveta Hevea.Dva ormari\u0107a nude dovoljno prostora za kuhinjske dodatke.Dvije ladice s teleskopskim i tihim vodilicama.Zatvoreni gornji dio ima 46 cm, ali mo\u017ee postati pult ako se produ\u017ei do 71 cm. Sa skrivenim okretnim kota\u010dima koji vam omogu\u0107uju jednostavno pomicanje kolica.Prakti\u010dni dr\u017ea\u010d ru\u010dnika koji se nalazi na vrhu kolica slu\u017ei i kao ru\u010dka koja vam poma\u017ee pri guranju kolica.\" \/>\n<meta name=\"robots\" content=\"index, follow, max-snippet:-1, max-image-preview:large, max-video-preview:-1\" \/>\n<link rel=\"canonical\" href=\"https:\/\/inti.hr\/bs\/proizvod\/komoda-sa-preklopnom-plocom-115x71x92cm\/\" \/>\n<meta property=\"og:locale\" content=\"bs_BA\" \/>\n<meta property=\"og:type\" content=\"article\" \/>\n<meta property=\"og:title\" content=\"Komoda sa preklopnom plo\u010dom 115x71x92cm - Inti\" \/>\n<meta property=\"og:description\" content=\"Sa svojim velikim unutarnjim prostorom nudi kapacitet za odlaganje tanjura, stolnjaka i svih ostalih kuhinjskih potrep\u0161tina.Produljiva radna plo\u010da od otpornog drveta Hevea.Dva ormari\u0107a nude dovoljno prostora za kuhinjske dodatke.Dvije ladice s teleskopskim i tihim vodilicama.Zatvoreni gornji dio ima 46 cm, ali mo\u017ee postati pult ako se produ\u017ei do 71 cm. Sa skrivenim okretnim kota\u010dima koji vam omogu\u0107uju jednostavno pomicanje kolica.Prakti\u010dni dr\u017ea\u010d ru\u010dnika koji se nalazi na vrhu kolica slu\u017ei i kao ru\u010dka koja vam poma\u017ee pri guranju kolica.\" \/>\n<meta property=\"og:url\" content=\"https:\/\/inti.hr\/bs\/proizvod\/komoda-sa-preklopnom-plocom-115x71x92cm\/\" \/>\n<meta property=\"og:site_name\" content=\"Inti\" \/>\n<meta property=\"og:image\" content=\"https:\/\/i0.wp.com\/inti.hr\/wp-content\/uploads\/2024\/12\/FKW71-HG-S007_1800x1800.webp?fit=1600%2C1600&ssl=1\" \/>\n\t<meta property=\"og:image:width\" content=\"1600\" \/>\n\t<meta property=\"og:image:height\" content=\"1600\" \/>\n\t<meta property=\"og:image:type\" content=\"image\/webp\" \/>\n<meta name=\"twitter:card\" content=\"summary_large_image\" \/>\n<script type=\"application\/ld+json\" class=\"yoast-schema-graph\">{\"@context\":\"https:\/\/schema.org\",\"@graph\":[{\"@type\":\"WebPage\",\"@id\":\"https:\/\/inti.hr\/bs\/proizvod\/komoda-sa-preklopnom-plocom-115x71x92cm\/\",\"url\":\"https:\/\/inti.hr\/bs\/proizvod\/komoda-sa-preklopnom-plocom-115x71x92cm\/\",\"name\":\"Komoda sa preklopnom plo\u010dom 115x71x92cm - Inti\",\"isPartOf\":{\"@id\":\"https:\/\/inti.hr\/bs\/#website\"},\"primaryImageOfPage\":{\"@id\":\"https:\/\/inti.hr\/bs\/proizvod\/komoda-sa-preklopnom-plocom-115x71x92cm\/#primaryimage\"},\"image\":{\"@id\":\"https:\/\/inti.hr\/bs\/proizvod\/komoda-sa-preklopnom-plocom-115x71x92cm\/#primaryimage\"},\"thumbnailUrl\":\"https:\/\/i0.wp.com\/inti.hr\/wp-content\/uploads\/2024\/12\/FKW71-HG-S007_1800x1800.webp?fit=1600%2C1600&ssl=1\",\"datePublished\":\"2024-12-09T15:04:20+00:00\",\"dateModified\":\"2024-12-09T15:04:20+00:00\",\"description\":\"Sa svojim velikim unutarnjim prostorom nudi kapacitet za odlaganje tanjura, stolnjaka i svih ostalih kuhinjskih potrep\u0161tina.Produljiva radna plo\u010da od otpornog drveta Hevea.Dva ormari\u0107a nude dovoljno prostora za kuhinjske dodatke.Dvije ladice s teleskopskim i tihim vodilicama.Zatvoreni gornji dio ima 46 cm, ali mo\u017ee postati pult ako se produ\u017ei do 71 cm. Sa skrivenim okretnim kota\u010dima koji vam omogu\u0107uju jednostavno pomicanje kolica.Prakti\u010dni dr\u017ea\u010d ru\u010dnika koji se nalazi na vrhu kolica slu\u017ei i kao ru\u010dka koja vam poma\u017ee pri guranju kolica.\",\"breadcrumb\":{\"@id\":\"https:\/\/inti.hr\/bs\/proizvod\/komoda-sa-preklopnom-plocom-115x71x92cm\/#breadcrumb\"},\"inLanguage\":\"bs-BA\",\"potentialAction\":[{\"@type\":\"ReadAction\",\"target\":[\"https:\/\/inti.hr\/bs\/proizvod\/komoda-sa-preklopnom-plocom-115x71x92cm\/\"]}]},{\"@type\":\"ImageObject\",\"inLanguage\":\"bs-BA\",\"@id\":\"https:\/\/inti.hr\/bs\/proizvod\/komoda-sa-preklopnom-plocom-115x71x92cm\/#primaryimage\",\"url\":\"https:\/\/i0.wp.com\/inti.hr\/wp-content\/uploads\/2024\/12\/FKW71-HG-S007_1800x1800.webp?fit=1600%2C1600&ssl=1\",\"contentUrl\":\"https:\/\/i0.wp.com\/inti.hr\/wp-content\/uploads\/2024\/12\/FKW71-HG-S007_1800x1800.webp?fit=1600%2C1600&ssl=1\",\"width\":1600,\"height\":1600,\"caption\":\"SoBuy Komoda sa preklopnom plo\u010dom 115x71x92cm FKW71-HG\"},{\"@type\":\"BreadcrumbList\",\"@id\":\"https:\/\/inti.hr\/bs\/proizvod\/komoda-sa-preklopnom-plocom-115x71x92cm\/#breadcrumb\",\"itemListElement\":[{\"@type\":\"ListItem\",\"position\":1,\"name\":\"Po\u010detna stranica\",\"item\":\"https:\/\/inti.hr\/bs\/\"},{\"@type\":\"ListItem\",\"position\":2,\"name\":\"Trgovina\",\"item\":\"https:\/\/inti.hr\/bs\/trgovina\/\"},{\"@type\":\"ListItem\",\"position\":3,\"name\":\"Komoda sa preklopnom plo\u010dom 115x71x92cm\"}]},{\"@type\":\"WebSite\",\"@id\":\"https:\/\/inti.hr\/bs\/#website\",\"url\":\"https:\/\/inti.hr\/bs\/\",\"name\":\"Inti\",\"description\":\"trgovina\",\"potentialAction\":[{\"@type\":\"SearchAction\",\"target\":{\"@type\":\"EntryPoint\",\"urlTemplate\":\"https:\/\/inti.hr\/bs\/?s={search_term_string}\"},\"query-input\":{\"@type\":\"PropertyValueSpecification\",\"valueRequired\":true,\"valueName\":\"search_term_string\"}}],\"inLanguage\":\"bs-BA\"}]}<\/script>\n<!-- \/ Yoast SEO plugin. -->","yoast_head_json":{"title":"Komoda sa preklopnom plo\u010dom 115x71x92cm - Inti","description":"Sa svojim velikim unutarnjim prostorom nudi kapacitet za odlaganje tanjura, stolnjaka i svih ostalih kuhinjskih potrep\u0161tina.Produljiva radna plo\u010da od otpornog drveta Hevea.Dva ormari\u0107a nude dovoljno prostora za kuhinjske dodatke.Dvije ladice s teleskopskim i tihim vodilicama.Zatvoreni gornji dio ima 46 cm, ali mo\u017ee postati pult ako se produ\u017ei do 71 cm. Sa skrivenim okretnim kota\u010dima koji vam omogu\u0107uju jednostavno pomicanje kolica.Prakti\u010dni dr\u017ea\u010d ru\u010dnika koji se nalazi na vrhu kolica slu\u017ei i kao ru\u010dka koja vam poma\u017ee pri guranju kolica.","robots":{"index":"index","follow":"follow","max-snippet":"max-snippet:-1","max-image-preview":"max-image-preview:large","max-video-preview":"max-video-preview:-1"},"canonical":"https:\/\/inti.hr\/bs\/proizvod\/komoda-sa-preklopnom-plocom-115x71x92cm\/","og_locale":"bs_BA","og_type":"article","og_title":"Komoda sa preklopnom plo\u010dom 115x71x92cm - Inti","og_description":"Sa svojim velikim unutarnjim prostorom nudi kapacitet za odlaganje tanjura, stolnjaka i svih ostalih kuhinjskih potrep\u0161tina.Produljiva radna plo\u010da od otpornog drveta Hevea.Dva ormari\u0107a nude dovoljno prostora za kuhinjske dodatke.Dvije ladice s teleskopskim i tihim vodilicama.Zatvoreni gornji dio ima 46 cm, ali mo\u017ee postati pult ako se produ\u017ei do 71 cm. Sa skrivenim okretnim kota\u010dima koji vam omogu\u0107uju jednostavno pomicanje kolica.Prakti\u010dni dr\u017ea\u010d ru\u010dnika koji se nalazi na vrhu kolica slu\u017ei i kao ru\u010dka koja vam poma\u017ee pri guranju kolica.","og_url":"https:\/\/inti.hr\/bs\/proizvod\/komoda-sa-preklopnom-plocom-115x71x92cm\/","og_site_name":"Inti","og_image":[{"width":1600,"height":1600,"url":"https:\/\/i0.wp.com\/inti.hr\/wp-content\/uploads\/2024\/12\/FKW71-HG-S007_1800x1800.webp?fit=1600%2C1600&ssl=1","type":"image\/webp"}],"twitter_card":"summary_large_image","schema":{"@context":"https:\/\/schema.org","@graph":[{"@type":"WebPage","@id":"https:\/\/inti.hr\/bs\/proizvod\/komoda-sa-preklopnom-plocom-115x71x92cm\/","url":"https:\/\/inti.hr\/bs\/proizvod\/komoda-sa-preklopnom-plocom-115x71x92cm\/","name":"Komoda sa preklopnom plo\u010dom 115x71x92cm - Inti","isPartOf":{"@id":"https:\/\/inti.hr\/bs\/#website"},"primaryImageOfPage":{"@id":"https:\/\/inti.hr\/bs\/proizvod\/komoda-sa-preklopnom-plocom-115x71x92cm\/#primaryimage"},"image":{"@id":"https:\/\/inti.hr\/bs\/proizvod\/komoda-sa-preklopnom-plocom-115x71x92cm\/#primaryimage"},"thumbnailUrl":"https:\/\/i0.wp.com\/inti.hr\/wp-content\/uploads\/2024\/12\/FKW71-HG-S007_1800x1800.webp?fit=1600%2C1600&ssl=1","datePublished":"2024-12-09T15:04:20+00:00","dateModified":"2024-12-09T15:04:20+00:00","description":"Sa svojim velikim unutarnjim prostorom nudi kapacitet za odlaganje tanjura, stolnjaka i svih ostalih kuhinjskih potrep\u0161tina.Produljiva radna plo\u010da od otpornog drveta Hevea.Dva ormari\u0107a nude dovoljno prostora za kuhinjske dodatke.Dvije ladice s teleskopskim i tihim vodilicama.Zatvoreni gornji dio ima 46 cm, ali mo\u017ee postati pult ako se produ\u017ei do 71 cm. Sa skrivenim okretnim kota\u010dima koji vam omogu\u0107uju jednostavno pomicanje kolica.Prakti\u010dni dr\u017ea\u010d ru\u010dnika koji se nalazi na vrhu kolica slu\u017ei i kao ru\u010dka koja vam poma\u017ee pri guranju kolica.","breadcrumb":{"@id":"https:\/\/inti.hr\/bs\/proizvod\/komoda-sa-preklopnom-plocom-115x71x92cm\/#breadcrumb"},"inLanguage":"bs-BA","potentialAction":[{"@type":"ReadAction","target":["https:\/\/inti.hr\/bs\/proizvod\/komoda-sa-preklopnom-plocom-115x71x92cm\/"]}]},{"@type":"ImageObject","inLanguage":"bs-BA","@id":"https:\/\/inti.hr\/bs\/proizvod\/komoda-sa-preklopnom-plocom-115x71x92cm\/#primaryimage","url":"https:\/\/i0.wp.com\/inti.hr\/wp-content\/uploads\/2024\/12\/FKW71-HG-S007_1800x1800.webp?fit=1600%2C1600&ssl=1","contentUrl":"https:\/\/i0.wp.com\/inti.hr\/wp-content\/uploads\/2024\/12\/FKW71-HG-S007_1800x1800.webp?fit=1600%2C1600&ssl=1","width":1600,"height":1600,"caption":"SoBuy Komoda sa preklopnom plo\u010dom 115x71x92cm FKW71-HG"},{"@type":"BreadcrumbList","@id":"https:\/\/inti.hr\/bs\/proizvod\/komoda-sa-preklopnom-plocom-115x71x92cm\/#breadcrumb","itemListElement":[{"@type":"ListItem","position":1,"name":"Po\u010detna stranica","item":"https:\/\/inti.hr\/bs\/"},{"@type":"ListItem","position":2,"name":"Trgovina","item":"https:\/\/inti.hr\/bs\/trgovina\/"},{"@type":"ListItem","position":3,"name":"Komoda sa preklopnom plo\u010dom 115x71x92cm"}]},{"@type":"WebSite","@id":"https:\/\/inti.hr\/bs\/#website","url":"https:\/\/inti.hr\/bs\/","name":"Inti","description":"trgovina","potentialAction":[{"@type":"SearchAction","target":{"@type":"EntryPoint","urlTemplate":"https:\/\/inti.hr\/bs\/?s={search_term_string}"},"query-input":{"@type":"PropertyValueSpecification","valueRequired":true,"valueName":"search_term_string"}}],"inLanguage":"bs-BA"}]}},"jetpack_sharing_enabled":true,"jetpack-related-posts":[],"_links":{"self":[{"href":"https:\/\/inti.hr\/bs\/wp-json\/wp\/v2\/product\/35767"}],"collection":[{"href":"https:\/\/inti.hr\/bs\/wp-json\/wp\/v2\/product"}],"about":[{"href":"https:\/\/inti.hr\/bs\/wp-json\/wp\/v2\/types\/product"}],"wp:featuredmedia":[{"embeddable":true,"href":"https:\/\/inti.hr\/bs\/wp-json\/wp\/v2\/media\/35768"}],"wp:attachment":[{"href":"https:\/\/inti.hr\/bs\/wp-json\/wp\/v2\/media?parent=35767"}],"wp:term":[{"taxonomy":"product_cat","embeddable":true,"href":"https:\/\/inti.hr\/bs\/wp-json\/wp\/v2\/product_cat?post=35767"},{"taxonomy":"product_tag","embeddable":true,"href":"https:\/\/inti.hr\/bs\/wp-json\/wp\/v2\/product_tag?post=35767"}],"curies":[{"name":"wp","href":"https:\/\/api.w.org\/{rel}","templated":true}]}}