{"id":35775,"date":"2024-10-15T14:36:36","date_gmt":"2024-10-15T13:36:36","guid":{"rendered":"https:\/\/inti.hr\/product\/stajaca-svjetiljka-22-831-24\/"},"modified":"2024-10-15T14:36:36","modified_gmt":"2024-10-15T13:36:36","slug":"stajaca-svjetiljka-22-831-24","status":"publish","type":"product","link":"https:\/\/inti.hr\/bs\/proizvod\/stajaca-svjetiljka-22-831-24\/","title":{"rendered":"Staja\u0107a svjetiljka 22-831\/24"},"content":{"rendered":"<p>Tehni\u010dki podaci:<br \/>\nBroj izvora 1<br \/>\nDodatno Materijal: Metal+PVC<br \/>\nGrlo E27<br \/>\nIP stupanj za\u0161tite IP 65<br \/>\n\u0160irina 120mm<br \/>\nVisina 800mm<\/p>\n","protected":false},"excerpt":{"rendered":"<p>Ova staja\u0107a vanjska svjetiljka ima moderan dizajn. Zaobljenog je oblika s &#8230; <\/p>\n","protected":false},"featured_media":35776,"template":"","meta":[],"product_cat":[3148],"product_tag":[2616,3180],"yoast_head":"<!-- This site is optimized with the Yoast SEO plugin v23.7 - https:\/\/yoast.com\/wordpress\/plugins\/seo\/ -->\n<title>Staja\u0107a svjetiljka 22-831\/24 - Inti<\/title>\n<meta name=\"description\" content=\"Ova staja\u0107a vanjska svjetiljka ima moderan dizajn. Zaobljenog je oblika s elegantnim izgledom. Donji dio je mat tamnosive boje, dok je gornji dio zavr\u0161en bijelim PVC sjenilom, namijenjenim ravnomjernoj distribuciji svjetla. Ovakva lampa mo\u017ee biti zanimljiv izbor za suvremena vanjska osvjetljenja koja kombiniraju funkcionalnost s minimalisti\u010dkom estetikom. Idealna staja\u0107a lampa za osvjetljavanje ulaza ili terase. Stvara blago svjetlo i \u010dini prostor sigurnijim.\" \/>\n<meta name=\"robots\" content=\"index, follow, max-snippet:-1, max-image-preview:large, max-video-preview:-1\" \/>\n<link rel=\"canonical\" href=\"https:\/\/inti.hr\/bs\/proizvod\/stajaca-svjetiljka-22-831-24\/\" \/>\n<meta property=\"og:locale\" content=\"bs_BA\" \/>\n<meta property=\"og:type\" content=\"article\" \/>\n<meta property=\"og:title\" content=\"Staja\u0107a svjetiljka 22-831\/24 - Inti\" \/>\n<meta property=\"og:description\" content=\"Ova staja\u0107a vanjska svjetiljka ima moderan dizajn. Zaobljenog je oblika s elegantnim izgledom. Donji dio je mat tamnosive boje, dok je gornji dio zavr\u0161en bijelim PVC sjenilom, namijenjenim ravnomjernoj distribuciji svjetla. Ovakva lampa mo\u017ee biti zanimljiv izbor za suvremena vanjska osvjetljenja koja kombiniraju funkcionalnost s minimalisti\u010dkom estetikom. Idealna staja\u0107a lampa za osvjetljavanje ulaza ili terase. Stvara blago svjetlo i \u010dini prostor sigurnijim.\" \/>\n<meta property=\"og:url\" content=\"https:\/\/inti.hr\/bs\/proizvod\/stajaca-svjetiljka-22-831-24\/\" \/>\n<meta property=\"og:site_name\" content=\"Inti\" \/>\n<meta property=\"og:image\" content=\"https:\/\/i0.wp.com\/inti.hr\/wp-content\/uploads\/2024\/10\/22831.webp?fit=1000%2C1000&ssl=1\" \/>\n\t<meta property=\"og:image:width\" content=\"1000\" \/>\n\t<meta property=\"og:image:height\" content=\"1000\" \/>\n\t<meta property=\"og:image:type\" content=\"image\/webp\" \/>\n<meta name=\"twitter:card\" content=\"summary_large_image\" \/>\n<meta name=\"twitter:label1\" content=\"Est. reading time\" \/>\n\t<meta name=\"twitter:data1\" content=\"1 minuta\" \/>\n<script type=\"application\/ld+json\" class=\"yoast-schema-graph\">{\"@context\":\"https:\/\/schema.org\",\"@graph\":[{\"@type\":\"WebPage\",\"@id\":\"https:\/\/inti.hr\/bs\/proizvod\/stajaca-svjetiljka-22-831-24\/\",\"url\":\"https:\/\/inti.hr\/bs\/proizvod\/stajaca-svjetiljka-22-831-24\/\",\"name\":\"Staja\u0107a svjetiljka 22-831\/24 - Inti\",\"isPartOf\":{\"@id\":\"https:\/\/inti.hr\/bs\/#website\"},\"primaryImageOfPage\":{\"@id\":\"https:\/\/inti.hr\/bs\/proizvod\/stajaca-svjetiljka-22-831-24\/#primaryimage\"},\"image\":{\"@id\":\"https:\/\/inti.hr\/bs\/proizvod\/stajaca-svjetiljka-22-831-24\/#primaryimage\"},\"thumbnailUrl\":\"https:\/\/i0.wp.com\/inti.hr\/wp-content\/uploads\/2024\/10\/22831.webp?fit=1000%2C1000&ssl=1\",\"datePublished\":\"2024-10-15T13:36:36+00:00\",\"dateModified\":\"2024-10-15T13:36:36+00:00\",\"description\":\"Ova staja\u0107a vanjska svjetiljka ima moderan dizajn. Zaobljenog je oblika s elegantnim izgledom. Donji dio je mat tamnosive boje, dok je gornji dio zavr\u0161en bijelim PVC sjenilom, namijenjenim ravnomjernoj distribuciji svjetla. Ovakva lampa mo\u017ee biti zanimljiv izbor za suvremena vanjska osvjetljenja koja kombiniraju funkcionalnost s minimalisti\u010dkom estetikom. Idealna staja\u0107a lampa za osvjetljavanje ulaza ili terase. Stvara blago svjetlo i \u010dini prostor sigurnijim.\",\"breadcrumb\":{\"@id\":\"https:\/\/inti.hr\/bs\/proizvod\/stajaca-svjetiljka-22-831-24\/#breadcrumb\"},\"inLanguage\":\"bs-BA\",\"potentialAction\":[{\"@type\":\"ReadAction\",\"target\":[\"https:\/\/inti.hr\/bs\/proizvod\/stajaca-svjetiljka-22-831-24\/\"]}]},{\"@type\":\"ImageObject\",\"inLanguage\":\"bs-BA\",\"@id\":\"https:\/\/inti.hr\/bs\/proizvod\/stajaca-svjetiljka-22-831-24\/#primaryimage\",\"url\":\"https:\/\/i0.wp.com\/inti.hr\/wp-content\/uploads\/2024\/10\/22831.webp?fit=1000%2C1000&ssl=1\",\"contentUrl\":\"https:\/\/i0.wp.com\/inti.hr\/wp-content\/uploads\/2024\/10\/22831.webp?fit=1000%2C1000&ssl=1\",\"width\":1000,\"height\":1000,\"caption\":\"22831 STAJA\u0106A SVJETILJKA VANJSKA ANTRACIT SIENA 1xE27\"},{\"@type\":\"BreadcrumbList\",\"@id\":\"https:\/\/inti.hr\/bs\/proizvod\/stajaca-svjetiljka-22-831-24\/#breadcrumb\",\"itemListElement\":[{\"@type\":\"ListItem\",\"position\":1,\"name\":\"Po\u010detna stranica\",\"item\":\"https:\/\/inti.hr\/bs\/\"},{\"@type\":\"ListItem\",\"position\":2,\"name\":\"Trgovina\",\"item\":\"https:\/\/inti.hr\/bs\/trgovina\/\"},{\"@type\":\"ListItem\",\"position\":3,\"name\":\"Staja\u0107a svjetiljka 22-831\/24\"}]},{\"@type\":\"WebSite\",\"@id\":\"https:\/\/inti.hr\/bs\/#website\",\"url\":\"https:\/\/inti.hr\/bs\/\",\"name\":\"Inti\",\"description\":\"trgovina\",\"potentialAction\":[{\"@type\":\"SearchAction\",\"target\":{\"@type\":\"EntryPoint\",\"urlTemplate\":\"https:\/\/inti.hr\/bs\/?s={search_term_string}\"},\"query-input\":{\"@type\":\"PropertyValueSpecification\",\"valueRequired\":true,\"valueName\":\"search_term_string\"}}],\"inLanguage\":\"bs-BA\"}]}<\/script>\n<!-- \/ Yoast SEO plugin. -->","yoast_head_json":{"title":"Staja\u0107a svjetiljka 22-831\/24 - Inti","description":"Ova staja\u0107a vanjska svjetiljka ima moderan dizajn. Zaobljenog je oblika s elegantnim izgledom. Donji dio je mat tamnosive boje, dok je gornji dio zavr\u0161en bijelim PVC sjenilom, namijenjenim ravnomjernoj distribuciji svjetla. Ovakva lampa mo\u017ee biti zanimljiv izbor za suvremena vanjska osvjetljenja koja kombiniraju funkcionalnost s minimalisti\u010dkom estetikom. Idealna staja\u0107a lampa za osvjetljavanje ulaza ili terase. Stvara blago svjetlo i \u010dini prostor sigurnijim.","robots":{"index":"index","follow":"follow","max-snippet":"max-snippet:-1","max-image-preview":"max-image-preview:large","max-video-preview":"max-video-preview:-1"},"canonical":"https:\/\/inti.hr\/bs\/proizvod\/stajaca-svjetiljka-22-831-24\/","og_locale":"bs_BA","og_type":"article","og_title":"Staja\u0107a svjetiljka 22-831\/24 - Inti","og_description":"Ova staja\u0107a vanjska svjetiljka ima moderan dizajn. Zaobljenog je oblika s elegantnim izgledom. Donji dio je mat tamnosive boje, dok je gornji dio zavr\u0161en bijelim PVC sjenilom, namijenjenim ravnomjernoj distribuciji svjetla. Ovakva lampa mo\u017ee biti zanimljiv izbor za suvremena vanjska osvjetljenja koja kombiniraju funkcionalnost s minimalisti\u010dkom estetikom. Idealna staja\u0107a lampa za osvjetljavanje ulaza ili terase. Stvara blago svjetlo i \u010dini prostor sigurnijim.","og_url":"https:\/\/inti.hr\/bs\/proizvod\/stajaca-svjetiljka-22-831-24\/","og_site_name":"Inti","og_image":[{"width":1000,"height":1000,"url":"https:\/\/i0.wp.com\/inti.hr\/wp-content\/uploads\/2024\/10\/22831.webp?fit=1000%2C1000&ssl=1","type":"image\/webp"}],"twitter_card":"summary_large_image","twitter_misc":{"Est. reading time":"1 minuta"},"schema":{"@context":"https:\/\/schema.org","@graph":[{"@type":"WebPage","@id":"https:\/\/inti.hr\/bs\/proizvod\/stajaca-svjetiljka-22-831-24\/","url":"https:\/\/inti.hr\/bs\/proizvod\/stajaca-svjetiljka-22-831-24\/","name":"Staja\u0107a svjetiljka 22-831\/24 - Inti","isPartOf":{"@id":"https:\/\/inti.hr\/bs\/#website"},"primaryImageOfPage":{"@id":"https:\/\/inti.hr\/bs\/proizvod\/stajaca-svjetiljka-22-831-24\/#primaryimage"},"image":{"@id":"https:\/\/inti.hr\/bs\/proizvod\/stajaca-svjetiljka-22-831-24\/#primaryimage"},"thumbnailUrl":"https:\/\/i0.wp.com\/inti.hr\/wp-content\/uploads\/2024\/10\/22831.webp?fit=1000%2C1000&ssl=1","datePublished":"2024-10-15T13:36:36+00:00","dateModified":"2024-10-15T13:36:36+00:00","description":"Ova staja\u0107a vanjska svjetiljka ima moderan dizajn. Zaobljenog je oblika s elegantnim izgledom. Donji dio je mat tamnosive boje, dok je gornji dio zavr\u0161en bijelim PVC sjenilom, namijenjenim ravnomjernoj distribuciji svjetla. Ovakva lampa mo\u017ee biti zanimljiv izbor za suvremena vanjska osvjetljenja koja kombiniraju funkcionalnost s minimalisti\u010dkom estetikom. Idealna staja\u0107a lampa za osvjetljavanje ulaza ili terase. Stvara blago svjetlo i \u010dini prostor sigurnijim.","breadcrumb":{"@id":"https:\/\/inti.hr\/bs\/proizvod\/stajaca-svjetiljka-22-831-24\/#breadcrumb"},"inLanguage":"bs-BA","potentialAction":[{"@type":"ReadAction","target":["https:\/\/inti.hr\/bs\/proizvod\/stajaca-svjetiljka-22-831-24\/"]}]},{"@type":"ImageObject","inLanguage":"bs-BA","@id":"https:\/\/inti.hr\/bs\/proizvod\/stajaca-svjetiljka-22-831-24\/#primaryimage","url":"https:\/\/i0.wp.com\/inti.hr\/wp-content\/uploads\/2024\/10\/22831.webp?fit=1000%2C1000&ssl=1","contentUrl":"https:\/\/i0.wp.com\/inti.hr\/wp-content\/uploads\/2024\/10\/22831.webp?fit=1000%2C1000&ssl=1","width":1000,"height":1000,"caption":"22831 STAJA\u0106A SVJETILJKA VANJSKA ANTRACIT SIENA 1xE27"},{"@type":"BreadcrumbList","@id":"https:\/\/inti.hr\/bs\/proizvod\/stajaca-svjetiljka-22-831-24\/#breadcrumb","itemListElement":[{"@type":"ListItem","position":1,"name":"Po\u010detna stranica","item":"https:\/\/inti.hr\/bs\/"},{"@type":"ListItem","position":2,"name":"Trgovina","item":"https:\/\/inti.hr\/bs\/trgovina\/"},{"@type":"ListItem","position":3,"name":"Staja\u0107a svjetiljka 22-831\/24"}]},{"@type":"WebSite","@id":"https:\/\/inti.hr\/bs\/#website","url":"https:\/\/inti.hr\/bs\/","name":"Inti","description":"trgovina","potentialAction":[{"@type":"SearchAction","target":{"@type":"EntryPoint","urlTemplate":"https:\/\/inti.hr\/bs\/?s={search_term_string}"},"query-input":{"@type":"PropertyValueSpecification","valueRequired":true,"valueName":"search_term_string"}}],"inLanguage":"bs-BA"}]}},"jetpack_sharing_enabled":true,"jetpack-related-posts":[],"_links":{"self":[{"href":"https:\/\/inti.hr\/bs\/wp-json\/wp\/v2\/product\/35775"}],"collection":[{"href":"https:\/\/inti.hr\/bs\/wp-json\/wp\/v2\/product"}],"about":[{"href":"https:\/\/inti.hr\/bs\/wp-json\/wp\/v2\/types\/product"}],"wp:featuredmedia":[{"embeddable":true,"href":"https:\/\/inti.hr\/bs\/wp-json\/wp\/v2\/media\/35776"}],"wp:attachment":[{"href":"https:\/\/inti.hr\/bs\/wp-json\/wp\/v2\/media?parent=35775"}],"wp:term":[{"taxonomy":"product_cat","embeddable":true,"href":"https:\/\/inti.hr\/bs\/wp-json\/wp\/v2\/product_cat?post=35775"},{"taxonomy":"product_tag","embeddable":true,"href":"https:\/\/inti.hr\/bs\/wp-json\/wp\/v2\/product_tag?post=35775"}],"curies":[{"name":"wp","href":"https:\/\/api.w.org\/{rel}","templated":true}]}}