{"id":35791,"date":"2024-10-15T14:20:59","date_gmt":"2024-10-15T13:20:59","guid":{"rendered":"https:\/\/inti.hr\/product\/zidna-svjetiljka-led-4w-22-982-24\/"},"modified":"2024-10-15T14:20:59","modified_gmt":"2024-10-15T13:20:59","slug":"zidna-svjetiljka-led-4w-22-982-24","status":"publish","type":"product","link":"https:\/\/inti.hr\/bs\/proizvod\/zidna-svjetiljka-led-4w-22-982-24\/","title":{"rendered":"Zidna svjetiljka led 4W 22-982\/24"},"content":{"rendered":"<p>Tehni\u010dki podaci:<br \/>\nBroj izvora LED 4W<br \/>\nDodatno LED 2x2W, 3000K, 340 Lm, IP44<br \/>\nFunkcije Solarna svjetiljka<br \/>\nGrlo Integrirani LED<br \/>\nIP stupanj za\u0161tite IP 44<br \/>\n\u0160irina 140mm<br \/>\nVisina 170mm<\/p>\n","protected":false},"excerpt":{"rendered":"<p>Solarne svjetiljke su popularne zbog svoje ekolo\u0161ke prihvatljivosti, jednostavnosti postavljanja i &#8230; <\/p>\n","protected":false},"featured_media":35792,"template":"","meta":[],"product_cat":[3148],"product_tag":[2616,4600,3180],"yoast_head":"<!-- This site is optimized with the Yoast SEO plugin v23.7 - https:\/\/yoast.com\/wordpress\/plugins\/seo\/ -->\n<title>Zidna svjetiljka led 4W 22-982\/24 - Inti<\/title>\n<meta name=\"description\" content=\"Solarne svjetiljke su popularne zbog svoje ekolo\u0161ke prihvatljivosti, jednostavnosti postavljanja i smanjenje potro\u0161nje energije.\u010cesto se koriste u vrtovima, na stazama ili kao vanjska rasvjeta.\" \/>\n<meta name=\"robots\" content=\"index, follow, max-snippet:-1, max-image-preview:large, max-video-preview:-1\" \/>\n<link rel=\"canonical\" href=\"https:\/\/inti.hr\/bs\/proizvod\/zidna-svjetiljka-led-4w-22-982-24\/\" \/>\n<meta property=\"og:locale\" content=\"bs_BA\" \/>\n<meta property=\"og:type\" content=\"article\" \/>\n<meta property=\"og:title\" content=\"Zidna svjetiljka led 4W 22-982\/24 - Inti\" \/>\n<meta property=\"og:description\" content=\"Solarne svjetiljke su popularne zbog svoje ekolo\u0161ke prihvatljivosti, jednostavnosti postavljanja i smanjenje potro\u0161nje energije.\u010cesto se koriste u vrtovima, na stazama ili kao vanjska rasvjeta.\" \/>\n<meta property=\"og:url\" content=\"https:\/\/inti.hr\/bs\/proizvod\/zidna-svjetiljka-led-4w-22-982-24\/\" \/>\n<meta property=\"og:site_name\" content=\"Inti\" \/>\n<meta property=\"og:image\" content=\"https:\/\/i0.wp.com\/inti.hr\/wp-content\/uploads\/2024\/10\/2298220240620T14_20_57Z.webp?fit=1000%2C1000&ssl=1\" \/>\n\t<meta property=\"og:image:width\" content=\"1000\" \/>\n\t<meta property=\"og:image:height\" content=\"1000\" \/>\n\t<meta property=\"og:image:type\" content=\"image\/webp\" \/>\n<meta name=\"twitter:card\" content=\"summary_large_image\" \/>\n<script type=\"application\/ld+json\" class=\"yoast-schema-graph\">{\"@context\":\"https:\/\/schema.org\",\"@graph\":[{\"@type\":\"WebPage\",\"@id\":\"https:\/\/inti.hr\/bs\/proizvod\/zidna-svjetiljka-led-4w-22-982-24\/\",\"url\":\"https:\/\/inti.hr\/bs\/proizvod\/zidna-svjetiljka-led-4w-22-982-24\/\",\"name\":\"Zidna svjetiljka led 4W 22-982\/24 - Inti\",\"isPartOf\":{\"@id\":\"https:\/\/inti.hr\/bs\/#website\"},\"primaryImageOfPage\":{\"@id\":\"https:\/\/inti.hr\/bs\/proizvod\/zidna-svjetiljka-led-4w-22-982-24\/#primaryimage\"},\"image\":{\"@id\":\"https:\/\/inti.hr\/bs\/proizvod\/zidna-svjetiljka-led-4w-22-982-24\/#primaryimage\"},\"thumbnailUrl\":\"https:\/\/i0.wp.com\/inti.hr\/wp-content\/uploads\/2024\/10\/2298220240620T14_20_57Z.webp?fit=1000%2C1000&ssl=1\",\"datePublished\":\"2024-10-15T13:20:59+00:00\",\"dateModified\":\"2024-10-15T13:20:59+00:00\",\"description\":\"Solarne svjetiljke su popularne zbog svoje ekolo\u0161ke prihvatljivosti, jednostavnosti postavljanja i smanjenje potro\u0161nje energije.\u010cesto se koriste u vrtovima, na stazama ili kao vanjska rasvjeta.\",\"breadcrumb\":{\"@id\":\"https:\/\/inti.hr\/bs\/proizvod\/zidna-svjetiljka-led-4w-22-982-24\/#breadcrumb\"},\"inLanguage\":\"bs-BA\",\"potentialAction\":[{\"@type\":\"ReadAction\",\"target\":[\"https:\/\/inti.hr\/bs\/proizvod\/zidna-svjetiljka-led-4w-22-982-24\/\"]}]},{\"@type\":\"ImageObject\",\"inLanguage\":\"bs-BA\",\"@id\":\"https:\/\/inti.hr\/bs\/proizvod\/zidna-svjetiljka-led-4w-22-982-24\/#primaryimage\",\"url\":\"https:\/\/i0.wp.com\/inti.hr\/wp-content\/uploads\/2024\/10\/2298220240620T14_20_57Z.webp?fit=1000%2C1000&ssl=1\",\"contentUrl\":\"https:\/\/i0.wp.com\/inti.hr\/wp-content\/uploads\/2024\/10\/2298220240620T14_20_57Z.webp?fit=1000%2C1000&ssl=1\",\"width\":1000,\"height\":1000,\"caption\":\"22982 ZIDNA SVJETILJKA LED 4W SOLARNA VANJSKA 3000K IP44 CRNA\"},{\"@type\":\"BreadcrumbList\",\"@id\":\"https:\/\/inti.hr\/bs\/proizvod\/zidna-svjetiljka-led-4w-22-982-24\/#breadcrumb\",\"itemListElement\":[{\"@type\":\"ListItem\",\"position\":1,\"name\":\"Po\u010detna stranica\",\"item\":\"https:\/\/inti.hr\/bs\/\"},{\"@type\":\"ListItem\",\"position\":2,\"name\":\"Trgovina\",\"item\":\"https:\/\/inti.hr\/bs\/trgovina\/\"},{\"@type\":\"ListItem\",\"position\":3,\"name\":\"Zidna svjetiljka led 4W 22-982\/24\"}]},{\"@type\":\"WebSite\",\"@id\":\"https:\/\/inti.hr\/bs\/#website\",\"url\":\"https:\/\/inti.hr\/bs\/\",\"name\":\"Inti\",\"description\":\"trgovina\",\"potentialAction\":[{\"@type\":\"SearchAction\",\"target\":{\"@type\":\"EntryPoint\",\"urlTemplate\":\"https:\/\/inti.hr\/bs\/?s={search_term_string}\"},\"query-input\":{\"@type\":\"PropertyValueSpecification\",\"valueRequired\":true,\"valueName\":\"search_term_string\"}}],\"inLanguage\":\"bs-BA\"}]}<\/script>\n<!-- \/ Yoast SEO plugin. -->","yoast_head_json":{"title":"Zidna svjetiljka led 4W 22-982\/24 - Inti","description":"Solarne svjetiljke su popularne zbog svoje ekolo\u0161ke prihvatljivosti, jednostavnosti postavljanja i smanjenje potro\u0161nje energije.\u010cesto se koriste u vrtovima, na stazama ili kao vanjska rasvjeta.","robots":{"index":"index","follow":"follow","max-snippet":"max-snippet:-1","max-image-preview":"max-image-preview:large","max-video-preview":"max-video-preview:-1"},"canonical":"https:\/\/inti.hr\/bs\/proizvod\/zidna-svjetiljka-led-4w-22-982-24\/","og_locale":"bs_BA","og_type":"article","og_title":"Zidna svjetiljka led 4W 22-982\/24 - Inti","og_description":"Solarne svjetiljke su popularne zbog svoje ekolo\u0161ke prihvatljivosti, jednostavnosti postavljanja i smanjenje potro\u0161nje energije.\u010cesto se koriste u vrtovima, na stazama ili kao vanjska rasvjeta.","og_url":"https:\/\/inti.hr\/bs\/proizvod\/zidna-svjetiljka-led-4w-22-982-24\/","og_site_name":"Inti","og_image":[{"width":1000,"height":1000,"url":"https:\/\/i0.wp.com\/inti.hr\/wp-content\/uploads\/2024\/10\/2298220240620T14_20_57Z.webp?fit=1000%2C1000&ssl=1","type":"image\/webp"}],"twitter_card":"summary_large_image","schema":{"@context":"https:\/\/schema.org","@graph":[{"@type":"WebPage","@id":"https:\/\/inti.hr\/bs\/proizvod\/zidna-svjetiljka-led-4w-22-982-24\/","url":"https:\/\/inti.hr\/bs\/proizvod\/zidna-svjetiljka-led-4w-22-982-24\/","name":"Zidna svjetiljka led 4W 22-982\/24 - Inti","isPartOf":{"@id":"https:\/\/inti.hr\/bs\/#website"},"primaryImageOfPage":{"@id":"https:\/\/inti.hr\/bs\/proizvod\/zidna-svjetiljka-led-4w-22-982-24\/#primaryimage"},"image":{"@id":"https:\/\/inti.hr\/bs\/proizvod\/zidna-svjetiljka-led-4w-22-982-24\/#primaryimage"},"thumbnailUrl":"https:\/\/i0.wp.com\/inti.hr\/wp-content\/uploads\/2024\/10\/2298220240620T14_20_57Z.webp?fit=1000%2C1000&ssl=1","datePublished":"2024-10-15T13:20:59+00:00","dateModified":"2024-10-15T13:20:59+00:00","description":"Solarne svjetiljke su popularne zbog svoje ekolo\u0161ke prihvatljivosti, jednostavnosti postavljanja i smanjenje potro\u0161nje energije.\u010cesto se koriste u vrtovima, na stazama ili kao vanjska rasvjeta.","breadcrumb":{"@id":"https:\/\/inti.hr\/bs\/proizvod\/zidna-svjetiljka-led-4w-22-982-24\/#breadcrumb"},"inLanguage":"bs-BA","potentialAction":[{"@type":"ReadAction","target":["https:\/\/inti.hr\/bs\/proizvod\/zidna-svjetiljka-led-4w-22-982-24\/"]}]},{"@type":"ImageObject","inLanguage":"bs-BA","@id":"https:\/\/inti.hr\/bs\/proizvod\/zidna-svjetiljka-led-4w-22-982-24\/#primaryimage","url":"https:\/\/i0.wp.com\/inti.hr\/wp-content\/uploads\/2024\/10\/2298220240620T14_20_57Z.webp?fit=1000%2C1000&ssl=1","contentUrl":"https:\/\/i0.wp.com\/inti.hr\/wp-content\/uploads\/2024\/10\/2298220240620T14_20_57Z.webp?fit=1000%2C1000&ssl=1","width":1000,"height":1000,"caption":"22982 ZIDNA SVJETILJKA LED 4W SOLARNA VANJSKA 3000K IP44 CRNA"},{"@type":"BreadcrumbList","@id":"https:\/\/inti.hr\/bs\/proizvod\/zidna-svjetiljka-led-4w-22-982-24\/#breadcrumb","itemListElement":[{"@type":"ListItem","position":1,"name":"Po\u010detna stranica","item":"https:\/\/inti.hr\/bs\/"},{"@type":"ListItem","position":2,"name":"Trgovina","item":"https:\/\/inti.hr\/bs\/trgovina\/"},{"@type":"ListItem","position":3,"name":"Zidna svjetiljka led 4W 22-982\/24"}]},{"@type":"WebSite","@id":"https:\/\/inti.hr\/bs\/#website","url":"https:\/\/inti.hr\/bs\/","name":"Inti","description":"trgovina","potentialAction":[{"@type":"SearchAction","target":{"@type":"EntryPoint","urlTemplate":"https:\/\/inti.hr\/bs\/?s={search_term_string}"},"query-input":{"@type":"PropertyValueSpecification","valueRequired":true,"valueName":"search_term_string"}}],"inLanguage":"bs-BA"}]}},"jetpack_sharing_enabled":true,"jetpack-related-posts":[],"_links":{"self":[{"href":"https:\/\/inti.hr\/bs\/wp-json\/wp\/v2\/product\/35791"}],"collection":[{"href":"https:\/\/inti.hr\/bs\/wp-json\/wp\/v2\/product"}],"about":[{"href":"https:\/\/inti.hr\/bs\/wp-json\/wp\/v2\/types\/product"}],"wp:featuredmedia":[{"embeddable":true,"href":"https:\/\/inti.hr\/bs\/wp-json\/wp\/v2\/media\/35792"}],"wp:attachment":[{"href":"https:\/\/inti.hr\/bs\/wp-json\/wp\/v2\/media?parent=35791"}],"wp:term":[{"taxonomy":"product_cat","embeddable":true,"href":"https:\/\/inti.hr\/bs\/wp-json\/wp\/v2\/product_cat?post=35791"},{"taxonomy":"product_tag","embeddable":true,"href":"https:\/\/inti.hr\/bs\/wp-json\/wp\/v2\/product_tag?post=35791"}],"curies":[{"name":"wp","href":"https:\/\/api.w.org\/{rel}","templated":true}]}}